{"id":986,"date":"2020-12-24T09:29:50","date_gmt":"2020-12-24T08:29:50","guid":{"rendered":"http:\/\/ospoljcane.si\/nova\/?page_id=986"},"modified":"2021-02-15T08:51:47","modified_gmt":"2021-02-15T07:51:47","slug":"koristne-povezave","status":"publish","type":"page","link":"https:\/\/ospoljcane.si\/nova\/koristne-povezave\/","title":{"rendered":"Koristne povezave"},"content":{"rendered":"\t\t<div data-elementor-type=\"wp-page\" data-elementor-id=\"986\" class=\"elementor elementor-986\" data-elementor-post-type=\"page\">\n\t\t\t\t\t\t<section class=\"elementor-section elementor-top-section elementor-element elementor-element-ce939d8 elementor-section-boxed elementor-section-height-default elementor-section-height-default\" data-id=\"ce939d8\" data-element_type=\"section\" data-e-type=\"section\">\n\t\t\t\t\t\t<div class=\"elementor-container elementor-column-gap-default\">\n\t\t\t\t\t<div class=\"elementor-column elementor-col-50 elementor-top-column elementor-element elementor-element-a8d3585\" data-id=\"a8d3585\" data-element_type=\"column\" data-e-type=\"column\">\n\t\t\t<div class=\"elementor-widget-wrap elementor-element-populated\">\n\t\t\t\t\t\t<div class=\"elementor-element elementor-element-335670b elementor-position-top elementor-widget elementor-widget-image-box\" data-id=\"335670b\" data-element_type=\"widget\" data-e-type=\"widget\" data-widget_type=\"image-box.default\">\n\t\t\t\t<div class=\"elementor-widget-container\">\n\t\t\t\t\t<div class=\"elementor-image-box-wrapper\"><figure class=\"elementor-image-box-img\"><a href=\"http:\/\/www.arnes.si\/\" tabindex=\"-1\"><img fetchpriority=\"high\" decoding=\"async\" width=\"443\" height=\"465\" src=\"https:\/\/ospoljcane.si\/nova\/wp-content\/uploads\/2020\/12\/logotip-arnes-tisk.png\" class=\"attachment-full size-full wp-image-1469\" alt=\"\" srcset=\"https:\/\/ospoljcane.si\/nova\/wp-content\/uploads\/2020\/12\/logotip-arnes-tisk.png 443w, https:\/\/ospoljcane.si\/nova\/wp-content\/uploads\/2020\/12\/logotip-arnes-tisk-286x300.png 286w\" sizes=\"(max-width: 443px) 100vw, 443px\" \/><\/a><\/figure><\/div>\t\t\t\t<\/div>\n\t\t\t\t<\/div>\n\t\t\t\t\t<\/div>\n\t\t<\/div>\n\t\t\t\t<div class=\"elementor-column elementor-col-50 elementor-top-column elementor-element elementor-element-a6ed12a\" data-id=\"a6ed12a\" data-element_type=\"column\" data-e-type=\"column\">\n\t\t\t<div class=\"elementor-widget-wrap elementor-element-populated\">\n\t\t\t\t\t\t<div class=\"elementor-element elementor-element-42a1ab3 elementor-position-top elementor-widget elementor-widget-image-box\" data-id=\"42a1ab3\" data-element_type=\"widget\" data-e-type=\"widget\" data-widget_type=\"image-box.default\">\n\t\t\t\t<div class=\"elementor-widget-container\">\n\t\t\t\t\t<div class=\"elementor-image-box-wrapper\"><figure class=\"elementor-image-box-img\"><a href=\"https:\/\/www.office.com\/\" tabindex=\"-1\"><img decoding=\"async\" width=\"1200\" height=\"1200\" src=\"https:\/\/ospoljcane.si\/nova\/wp-content\/uploads\/2020\/12\/office-365_grande.png\" class=\"attachment-full size-full wp-image-1446\" alt=\"\" srcset=\"https:\/\/ospoljcane.si\/nova\/wp-content\/uploads\/2020\/12\/office-365_grande.png 1200w, https:\/\/ospoljcane.si\/nova\/wp-content\/uploads\/2020\/12\/office-365_grande-300x300.png 300w, https:\/\/ospoljcane.si\/nova\/wp-content\/uploads\/2020\/12\/office-365_grande-1024x1024.png 1024w, https:\/\/ospoljcane.si\/nova\/wp-content\/uploads\/2020\/12\/office-365_grande-150x150.png 150w, https:\/\/ospoljcane.si\/nova\/wp-content\/uploads\/2020\/12\/office-365_grande-768x768.png 768w\" sizes=\"(max-width: 1200px) 100vw, 1200px\" \/><\/a><\/figure><\/div>\t\t\t\t<\/div>\n\t\t\t\t<\/div>\n\t\t\t\t\t<\/div>\n\t\t<\/div>\n\t\t\t\t\t<\/div>\n\t\t<\/section>\n\t\t\t\t<section class=\"elementor-section elementor-top-section elementor-element elementor-element-cb1a799 elementor-section-boxed elementor-section-height-default elementor-section-height-default\" data-id=\"cb1a799\" data-element_type=\"section\" data-e-type=\"section\">\n\t\t\t\t\t\t<div class=\"elementor-container elementor-column-gap-default\">\n\t\t\t\t\t<div class=\"elementor-column elementor-col-50 elementor-top-column elementor-element elementor-element-16e6ddf\" data-id=\"16e6ddf\" data-element_type=\"column\" data-e-type=\"column\">\n\t\t\t<div class=\"elementor-widget-wrap elementor-element-populated\">\n\t\t\t\t\t\t<div class=\"elementor-element elementor-element-1e9e9b3 elementor-position-top elementor-widget elementor-widget-image-box\" data-id=\"1e9e9b3\" data-element_type=\"widget\" data-e-type=\"widget\" data-widget_type=\"image-box.default\">\n\t\t\t\t<div class=\"elementor-widget-container\">\n\t\t\t\t\t<div class=\"elementor-image-box-wrapper\"><figure class=\"elementor-image-box-img\"><img decoding=\"async\" width=\"521\" height=\"342\" src=\"https:\/\/ospoljcane.si\/nova\/wp-content\/uploads\/2021\/01\/Varni-na-internetu.png\" class=\"attachment-full size-full wp-image-1799\" alt=\"\" srcset=\"https:\/\/ospoljcane.si\/nova\/wp-content\/uploads\/2021\/01\/Varni-na-internetu.png 521w, https:\/\/ospoljcane.si\/nova\/wp-content\/uploads\/2021\/01\/Varni-na-internetu-300x197.png 300w\" sizes=\"(max-width: 521px) 100vw, 521px\" \/><\/figure><\/div>\t\t\t\t<\/div>\n\t\t\t\t<\/div>\n\t\t\t\t\t<\/div>\n\t\t<\/div>\n\t\t\t\t<div class=\"elementor-column elementor-col-50 elementor-top-column elementor-element elementor-element-3cb6a47\" data-id=\"3cb6a47\" data-element_type=\"column\" data-e-type=\"column\">\n\t\t\t<div class=\"elementor-widget-wrap elementor-element-populated\">\n\t\t\t\t\t\t<div class=\"elementor-element elementor-element-97bb8d7 elementor-position-top elementor-widget elementor-widget-image-box\" data-id=\"97bb8d7\" data-element_type=\"widget\" data-e-type=\"widget\" data-widget_type=\"image-box.default\">\n\t\t\t\t<div class=\"elementor-widget-container\">\n\t\t\t\t\t<div class=\"elementor-image-box-wrapper\"><figure class=\"elementor-image-box-img\"><img loading=\"lazy\" decoding=\"async\" width=\"480\" height=\"300\" src=\"https:\/\/ospoljcane.si\/nova\/wp-content\/uploads\/2020\/12\/sic-safe_0.png\" class=\"attachment-full size-full wp-image-1464\" alt=\"\" srcset=\"https:\/\/ospoljcane.si\/nova\/wp-content\/uploads\/2020\/12\/sic-safe_0.png 480w, https:\/\/ospoljcane.si\/nova\/wp-content\/uploads\/2020\/12\/sic-safe_0-300x188.png 300w\" sizes=\"(max-width: 480px) 100vw, 480px\" \/><\/figure><\/div>\t\t\t\t<\/div>\n\t\t\t\t<\/div>\n\t\t\t\t\t<\/div>\n\t\t<\/div>\n\t\t\t\t\t<\/div>\n\t\t<\/section>\n\t\t\t\t<section class=\"elementor-section elementor-top-section elementor-element elementor-element-da4d969 elementor-section-boxed elementor-section-height-default elementor-section-height-default\" data-id=\"da4d969\" data-element_type=\"section\" data-e-type=\"section\">\n\t\t\t\t\t\t<div class=\"elementor-container elementor-column-gap-default\">\n\t\t\t\t\t<div class=\"elementor-column elementor-col-50 elementor-top-column elementor-element elementor-element-fa7cd09\" data-id=\"fa7cd09\" data-element_type=\"column\" data-e-type=\"column\">\n\t\t\t<div class=\"elementor-widget-wrap elementor-element-populated\">\n\t\t\t\t\t\t<div class=\"elementor-element elementor-element-9cc6c05 elementor-position-top elementor-widget elementor-widget-image-box\" data-id=\"9cc6c05\" data-element_type=\"widget\" data-e-type=\"widget\" data-widget_type=\"image-box.default\">\n\t\t\t\t<div class=\"elementor-widget-container\">\n\t\t\t\t\t<div class=\"elementor-image-box-wrapper\"><figure class=\"elementor-image-box-img\"><a href=\"https:\/\/vozniski-izpit.com\/\" tabindex=\"-1\"><img loading=\"lazy\" decoding=\"async\" width=\"300\" height=\"49\" src=\"https:\/\/ospoljcane.si\/nova\/wp-content\/uploads\/2020\/12\/vozniski-izpit-logo1.png\" class=\"attachment-full size-full wp-image-1497\" alt=\"\" \/><\/a><\/figure><\/div>\t\t\t\t<\/div>\n\t\t\t\t<\/div>\n\t\t\t\t\t<\/div>\n\t\t<\/div>\n\t\t\t\t<div class=\"elementor-column elementor-col-50 elementor-top-column elementor-element elementor-element-ccb90b0\" data-id=\"ccb90b0\" data-element_type=\"column\" data-e-type=\"column\">\n\t\t\t<div class=\"elementor-widget-wrap elementor-element-populated\">\n\t\t\t\t\t\t<div class=\"elementor-element elementor-element-f79a3b9 elementor-position-top elementor-widget elementor-widget-image-box\" data-id=\"f79a3b9\" data-element_type=\"widget\" data-e-type=\"widget\" data-widget_type=\"image-box.default\">\n\t\t\t\t<div class=\"elementor-widget-container\">\n\t\t\t\t\t<div class=\"elementor-image-box-wrapper\"><figure class=\"elementor-image-box-img\"><a href=\"https:\/\/www.cobiss.si\/\" tabindex=\"-1\"><img loading=\"lazy\" decoding=\"async\" width=\"368\" height=\"137\" src=\"https:\/\/ospoljcane.si\/nova\/wp-content\/uploads\/2020\/12\/cobbis.png\" class=\"attachment-full size-full wp-image-1490\" alt=\"\" srcset=\"https:\/\/ospoljcane.si\/nova\/wp-content\/uploads\/2020\/12\/cobbis.png 368w, https:\/\/ospoljcane.si\/nova\/wp-content\/uploads\/2020\/12\/cobbis-300x112.png 300w\" sizes=\"(max-width: 368px) 100vw, 368px\" \/><\/a><\/figure><\/div>\t\t\t\t<\/div>\n\t\t\t\t<\/div>\n\t\t\t\t\t<\/div>\n\t\t<\/div>\n\t\t\t\t\t<\/div>\n\t\t<\/section>\n\t\t\t\t<section class=\"elementor-section elementor-top-section elementor-element elementor-element-e52f530 elementor-section-boxed elementor-section-height-default elementor-section-height-default\" data-id=\"e52f530\" data-element_type=\"section\" data-e-type=\"section\">\n\t\t\t\t\t\t<div class=\"elementor-container elementor-column-gap-default\">\n\t\t\t\t\t<div class=\"elementor-column elementor-col-50 elementor-top-column elementor-element elementor-element-b10c18d\" data-id=\"b10c18d\" data-element_type=\"column\" data-e-type=\"column\">\n\t\t\t<div class=\"elementor-widget-wrap elementor-element-populated\">\n\t\t\t\t\t\t<div class=\"elementor-element elementor-element-444e314 elementor-position-top elementor-widget elementor-widget-image-box\" data-id=\"444e314\" data-element_type=\"widget\" data-e-type=\"widget\" data-widget_type=\"image-box.default\">\n\t\t\t\t<div class=\"elementor-widget-container\">\n\t\t\t\t\t<div class=\"elementor-image-box-wrapper\"><figure class=\"elementor-image-box-img\"><a href=\"https:\/\/www.ric.si\/\" tabindex=\"-1\"><img loading=\"lazy\" decoding=\"async\" width=\"219\" height=\"142\" src=\"https:\/\/ospoljcane.si\/nova\/wp-content\/uploads\/2020\/12\/RIC_znaki_barvni2.jpg\" class=\"attachment-full size-full wp-image-1485\" alt=\"\" \/><\/a><\/figure><\/div>\t\t\t\t<\/div>\n\t\t\t\t<\/div>\n\t\t\t\t\t<\/div>\n\t\t<\/div>\n\t\t\t\t<div class=\"elementor-column elementor-col-50 elementor-top-column elementor-element elementor-element-6341aeb\" data-id=\"6341aeb\" data-element_type=\"column\" data-e-type=\"column\">\n\t\t\t<div class=\"elementor-widget-wrap elementor-element-populated\">\n\t\t\t\t\t\t<div class=\"elementor-element elementor-element-6304238 elementor-position-top elementor-widget elementor-widget-image-box\" data-id=\"6304238\" data-element_type=\"widget\" data-e-type=\"widget\" data-widget_type=\"image-box.default\">\n\t\t\t\t<div class=\"elementor-widget-container\">\n\t\t\t\t\t<div class=\"elementor-image-box-wrapper\"><figure class=\"elementor-image-box-img\"><a href=\"https:\/\/www.etwinning.net\/sl\/pub\/index.htm\" tabindex=\"-1\"><img loading=\"lazy\" decoding=\"async\" width=\"410\" height=\"123\" src=\"https:\/\/ospoljcane.si\/nova\/wp-content\/uploads\/2020\/12\/index.png\" class=\"attachment-full size-full wp-image-1444\" alt=\"\" srcset=\"https:\/\/ospoljcane.si\/nova\/wp-content\/uploads\/2020\/12\/index.png 410w, https:\/\/ospoljcane.si\/nova\/wp-content\/uploads\/2020\/12\/index-300x90.png 300w\" sizes=\"(max-width: 410px) 100vw, 410px\" \/><\/a><\/figure><\/div>\t\t\t\t<\/div>\n\t\t\t\t<\/div>\n\t\t\t\t\t<\/div>\n\t\t<\/div>\n\t\t\t\t\t<\/div>\n\t\t<\/section>\n\t\t\t\t<section class=\"elementor-section elementor-top-section elementor-element elementor-element-428056a elementor-section-boxed elementor-section-height-default elementor-section-height-default\" data-id=\"428056a\" data-element_type=\"section\" data-e-type=\"section\">\n\t\t\t\t\t\t<div class=\"elementor-container elementor-column-gap-default\">\n\t\t\t\t\t<div class=\"elementor-column elementor-col-50 elementor-top-column elementor-element elementor-element-9355323\" data-id=\"9355323\" data-element_type=\"column\" data-e-type=\"column\">\n\t\t\t<div class=\"elementor-widget-wrap elementor-element-populated\">\n\t\t\t\t\t\t<div class=\"elementor-element elementor-element-1aac5dc elementor-widget elementor-widget-image\" data-id=\"1aac5dc\" data-element_type=\"widget\" data-e-type=\"widget\" data-widget_type=\"image.default\">\n\t\t\t\t<div class=\"elementor-widget-container\">\n\t\t\t\t\t\t\t\t\t\t\t\t\t\t\t\t<a href=\"https:\/\/www.zrss.si\/\">\n\t\t\t\t\t\t\t<img loading=\"lazy\" decoding=\"async\" width=\"300\" height=\"48\" src=\"https:\/\/ospoljcane.si\/nova\/wp-content\/uploads\/2021\/02\/Zavod-za-solstvo-300x48.jpg\" class=\"attachment-medium size-medium wp-image-3614\" alt=\"\" srcset=\"https:\/\/ospoljcane.si\/nova\/wp-content\/uploads\/2021\/02\/Zavod-za-solstvo-300x48.jpg 300w, https:\/\/ospoljcane.si\/nova\/wp-content\/uploads\/2021\/02\/Zavod-za-solstvo-768x122.jpg 768w, https:\/\/ospoljcane.si\/nova\/wp-content\/uploads\/2021\/02\/Zavod-za-solstvo.jpg 807w\" sizes=\"(max-width: 300px) 100vw, 300px\" \/>\t\t\t\t\t\t\t\t<\/a>\n\t\t\t\t\t\t\t\t\t\t\t\t\t\t\t<\/div>\n\t\t\t\t<\/div>\n\t\t\t\t\t<\/div>\n\t\t<\/div>\n\t\t\t\t<div class=\"elementor-column elementor-col-50 elementor-top-column elementor-element elementor-element-e267233\" data-id=\"e267233\" data-element_type=\"column\" data-e-type=\"column\">\n\t\t\t<div class=\"elementor-widget-wrap elementor-element-populated\">\n\t\t\t\t\t\t<div class=\"elementor-element elementor-element-d9de564 elementor-widget elementor-widget-image\" data-id=\"d9de564\" data-element_type=\"widget\" data-e-type=\"widget\" data-widget_type=\"image.default\">\n\t\t\t\t<div class=\"elementor-widget-container\">\n\t\t\t\t\t\t\t\t\t\t\t\t\t\t\t\t<a href=\"https:\/\/www.gov.si\/drzavni-organi\/ministrstva\/ministrstvo-za-izobrazevanje-znanost-in-sport\/\">\n\t\t\t\t\t\t\t<img loading=\"lazy\" decoding=\"async\" width=\"300\" height=\"60\" src=\"https:\/\/ospoljcane.si\/nova\/wp-content\/uploads\/2020\/12\/MIZS_splet-300x60.jpg\" class=\"attachment-medium size-medium wp-image-1456\" alt=\"\" srcset=\"https:\/\/ospoljcane.si\/nova\/wp-content\/uploads\/2020\/12\/MIZS_splet-300x60.jpg 300w, https:\/\/ospoljcane.si\/nova\/wp-content\/uploads\/2020\/12\/MIZS_splet-768x152.jpg 768w, https:\/\/ospoljcane.si\/nova\/wp-content\/uploads\/2020\/12\/MIZS_splet.jpg 831w\" sizes=\"(max-width: 300px) 100vw, 300px\" \/>\t\t\t\t\t\t\t\t<\/a>\n\t\t\t\t\t\t\t\t\t\t\t\t\t\t\t<\/div>\n\t\t\t\t<\/div>\n\t\t\t\t\t<\/div>\n\t\t<\/div>\n\t\t\t\t\t<\/div>\n\t\t<\/section>\n\t\t\t\t<section class=\"elementor-section elementor-top-section elementor-element elementor-element-389e31e elementor-section-boxed elementor-section-height-default elementor-section-height-default\" data-id=\"389e31e\" data-element_type=\"section\" data-e-type=\"section\">\n\t\t\t\t\t\t<div class=\"elementor-container elementor-column-gap-default\">\n\t\t\t\t\t<div class=\"elementor-column elementor-col-50 elementor-top-column elementor-element elementor-element-aeee43f\" data-id=\"aeee43f\" data-element_type=\"column\" data-e-type=\"column\">\n\t\t\t<div class=\"elementor-widget-wrap elementor-element-populated\">\n\t\t\t\t\t\t<div class=\"elementor-element elementor-element-b2385b8 elementor-widget elementor-widget-image\" data-id=\"b2385b8\" data-element_type=\"widget\" data-e-type=\"widget\" data-widget_type=\"image.default\">\n\t\t\t\t<div class=\"elementor-widget-container\">\n\t\t\t\t\t\t\t\t\t\t\t\t\t\t\t\t<a href=\"https:\/\/sio.si\/\">\n\t\t\t\t\t\t\t<img loading=\"lazy\" decoding=\"async\" width=\"300\" height=\"60\" src=\"https:\/\/ospoljcane.si\/nova\/wp-content\/uploads\/2020\/12\/sio-logo-300x60.png\" class=\"attachment-medium size-medium wp-image-1473\" alt=\"\" srcset=\"https:\/\/ospoljcane.si\/nova\/wp-content\/uploads\/2020\/12\/sio-logo-300x60.png 300w, https:\/\/ospoljcane.si\/nova\/wp-content\/uploads\/2020\/12\/sio-logo.png 600w\" sizes=\"(max-width: 300px) 100vw, 300px\" \/>\t\t\t\t\t\t\t\t<\/a>\n\t\t\t\t\t\t\t\t\t\t\t\t\t\t\t<\/div>\n\t\t\t\t<\/div>\n\t\t\t\t\t<\/div>\n\t\t<\/div>\n\t\t\t\t<div class=\"elementor-column elementor-col-50 elementor-top-column elementor-element elementor-element-62fab67\" data-id=\"62fab67\" data-element_type=\"column\" data-e-type=\"column\">\n\t\t\t<div class=\"elementor-widget-wrap elementor-element-populated\">\n\t\t\t\t\t\t<div class=\"elementor-element elementor-element-ae17b1c elementor-widget elementor-widget-image\" data-id=\"ae17b1c\" data-element_type=\"widget\" data-e-type=\"widget\" data-widget_type=\"image.default\">\n\t\t\t\t<div class=\"elementor-widget-container\">\n\t\t\t\t\t\t\t\t\t\t\t\t\t\t\t\t<a href=\"https:\/\/poljcane.si\/\">\n\t\t\t\t\t\t\t<img loading=\"lazy\" decoding=\"async\" width=\"247\" height=\"118\" src=\"https:\/\/ospoljcane.si\/nova\/wp-content\/uploads\/2021\/02\/Poljcane_2.jpg\" class=\"attachment-medium size-medium wp-image-3623\" alt=\"\" \/>\t\t\t\t\t\t\t\t<\/a>\n\t\t\t\t\t\t\t\t\t\t\t\t\t\t\t<\/div>\n\t\t\t\t<\/div>\n\t\t\t\t\t<\/div>\n\t\t<\/div>\n\t\t\t\t\t<\/div>\n\t\t<\/section>\n\t\t\t\t<\/div>\n\t\t","protected":false},"excerpt":{"rendered":"","protected":false},"author":1,"featured_media":0,"parent":0,"menu_order":0,"comment_status":"closed","ping_status":"closed","template":"","meta":{"footnotes":""},"class_list":["post-986","page","type-page","status-publish","hentry","image-hover-transition-effect","latest_post"],"yoast_head":"<!-- This site is optimized with the Yoast SEO plugin v27.4 - https:\/\/yoast.com\/product\/yoast-seo-wordpress\/ -->\n<title>Koristne povezave - Osnovna \u0161ola Kajetana Kovi\u010da Polj\u010dane<\/title>\n<meta name=\"robots\" content=\"index, follow, max-snippet:-1, max-image-preview:large, max-video-preview:-1\" \/>\n<link rel=\"canonical\" href=\"https:\/\/ospoljcane.si\/nova\/koristne-povezave\/\" \/>\n<meta property=\"og:locale\" content=\"sl_SI\" \/>\n<meta property=\"og:type\" content=\"article\" \/>\n<meta property=\"og:title\" content=\"Koristne povezave - Osnovna \u0161ola Kajetana Kovi\u010da Polj\u010dane\" \/>\n<meta property=\"og:url\" content=\"https:\/\/ospoljcane.si\/nova\/koristne-povezave\/\" \/>\n<meta property=\"og:site_name\" content=\"Osnovna \u0161ola Kajetana Kovi\u010da Polj\u010dane\" \/>\n<meta property=\"article:modified_time\" content=\"2021-02-15T07:51:47+00:00\" \/>\n<meta property=\"og:image\" content=\"http:\/\/ospoljcane.si\/nova\/wp-content\/uploads\/2020\/12\/logotip-arnes-tisk.png\" \/>\n<meta name=\"twitter:card\" content=\"summary_large_image\" \/>\n<script type=\"application\/ld+json\" class=\"yoast-schema-graph\">{\"@context\":\"https:\\\/\\\/schema.org\",\"@graph\":[{\"@type\":\"WebPage\",\"@id\":\"https:\\\/\\\/ospoljcane.si\\\/nova\\\/koristne-povezave\\\/\",\"url\":\"https:\\\/\\\/ospoljcane.si\\\/nova\\\/koristne-povezave\\\/\",\"name\":\"Koristne povezave - Osnovna \u0161ola Kajetana Kovi\u010da Polj\u010dane\",\"isPartOf\":{\"@id\":\"https:\\\/\\\/ospoljcane.si\\\/nova\\\/#website\"},\"primaryImageOfPage\":{\"@id\":\"https:\\\/\\\/ospoljcane.si\\\/nova\\\/koristne-povezave\\\/#primaryimage\"},\"image\":{\"@id\":\"https:\\\/\\\/ospoljcane.si\\\/nova\\\/koristne-povezave\\\/#primaryimage\"},\"thumbnailUrl\":\"http:\\\/\\\/ospoljcane.si\\\/nova\\\/wp-content\\\/uploads\\\/2020\\\/12\\\/logotip-arnes-tisk.png\",\"datePublished\":\"2020-12-24T08:29:50+00:00\",\"dateModified\":\"2021-02-15T07:51:47+00:00\",\"breadcrumb\":{\"@id\":\"https:\\\/\\\/ospoljcane.si\\\/nova\\\/koristne-povezave\\\/#breadcrumb\"},\"inLanguage\":\"sl-SI\",\"potentialAction\":[{\"@type\":\"ReadAction\",\"target\":[\"https:\\\/\\\/ospoljcane.si\\\/nova\\\/koristne-povezave\\\/\"]}]},{\"@type\":\"ImageObject\",\"inLanguage\":\"sl-SI\",\"@id\":\"https:\\\/\\\/ospoljcane.si\\\/nova\\\/koristne-povezave\\\/#primaryimage\",\"url\":\"https:\\\/\\\/ospoljcane.si\\\/nova\\\/wp-content\\\/uploads\\\/2020\\\/12\\\/logotip-arnes-tisk.png\",\"contentUrl\":\"https:\\\/\\\/ospoljcane.si\\\/nova\\\/wp-content\\\/uploads\\\/2020\\\/12\\\/logotip-arnes-tisk.png\",\"width\":443,\"height\":465},{\"@type\":\"BreadcrumbList\",\"@id\":\"https:\\\/\\\/ospoljcane.si\\\/nova\\\/koristne-povezave\\\/#breadcrumb\",\"itemListElement\":[{\"@type\":\"ListItem\",\"position\":1,\"name\":\"Domov\",\"item\":\"https:\\\/\\\/ospoljcane.si\\\/nova\\\/\"},{\"@type\":\"ListItem\",\"position\":2,\"name\":\"Koristne povezave\"}]},{\"@type\":\"WebSite\",\"@id\":\"https:\\\/\\\/ospoljcane.si\\\/nova\\\/#website\",\"url\":\"https:\\\/\\\/ospoljcane.si\\\/nova\\\/\",\"name\":\"Osnovna \u0161ola Kajetana Kovi\u010da Polj\u010dane\",\"description\":\"\",\"publisher\":{\"@id\":\"https:\\\/\\\/ospoljcane.si\\\/nova\\\/#organization\"},\"potentialAction\":[{\"@type\":\"SearchAction\",\"target\":{\"@type\":\"EntryPoint\",\"urlTemplate\":\"https:\\\/\\\/ospoljcane.si\\\/nova\\\/?s={search_term_string}\"},\"query-input\":{\"@type\":\"PropertyValueSpecification\",\"valueRequired\":true,\"valueName\":\"search_term_string\"}}],\"inLanguage\":\"sl-SI\"},{\"@type\":\"Organization\",\"@id\":\"https:\\\/\\\/ospoljcane.si\\\/nova\\\/#organization\",\"name\":\"Osnovna \u0161ola Kajetana Kovi\u010da Polj\u010dane\",\"url\":\"https:\\\/\\\/ospoljcane.si\\\/nova\\\/\",\"logo\":{\"@type\":\"ImageObject\",\"inLanguage\":\"sl-SI\",\"@id\":\"https:\\\/\\\/ospoljcane.si\\\/nova\\\/#\\\/schema\\\/logo\\\/image\\\/\",\"url\":\"https:\\\/\\\/ospoljcane.si\\\/nova\\\/wp-content\\\/uploads\\\/2020\\\/12\\\/cropped-cropped-Logotip-sole-2016_3G-1-1.png\",\"contentUrl\":\"https:\\\/\\\/ospoljcane.si\\\/nova\\\/wp-content\\\/uploads\\\/2020\\\/12\\\/cropped-cropped-Logotip-sole-2016_3G-1-1.png\",\"width\":512,\"height\":512,\"caption\":\"Osnovna \u0161ola Kajetana Kovi\u010da Polj\u010dane\"},\"image\":{\"@id\":\"https:\\\/\\\/ospoljcane.si\\\/nova\\\/#\\\/schema\\\/logo\\\/image\\\/\"}}]}<\/script>\n<!-- \/ Yoast SEO plugin. -->","yoast_head_json":{"title":"Koristne povezave - Osnovna \u0161ola Kajetana Kovi\u010da Polj\u010dane","robots":{"index":"index","follow":"follow","max-snippet":"max-snippet:-1","max-image-preview":"max-image-preview:large","max-video-preview":"max-video-preview:-1"},"canonical":"https:\/\/ospoljcane.si\/nova\/koristne-povezave\/","og_locale":"sl_SI","og_type":"article","og_title":"Koristne povezave - Osnovna \u0161ola Kajetana Kovi\u010da Polj\u010dane","og_url":"https:\/\/ospoljcane.si\/nova\/koristne-povezave\/","og_site_name":"Osnovna \u0161ola Kajetana Kovi\u010da Polj\u010dane","article_modified_time":"2021-02-15T07:51:47+00:00","og_image":[{"url":"http:\/\/ospoljcane.si\/nova\/wp-content\/uploads\/2020\/12\/logotip-arnes-tisk.png","type":"","width":"","height":""}],"twitter_card":"summary_large_image","schema":{"@context":"https:\/\/schema.org","@graph":[{"@type":"WebPage","@id":"https:\/\/ospoljcane.si\/nova\/koristne-povezave\/","url":"https:\/\/ospoljcane.si\/nova\/koristne-povezave\/","name":"Koristne povezave - Osnovna \u0161ola Kajetana Kovi\u010da Polj\u010dane","isPartOf":{"@id":"https:\/\/ospoljcane.si\/nova\/#website"},"primaryImageOfPage":{"@id":"https:\/\/ospoljcane.si\/nova\/koristne-povezave\/#primaryimage"},"image":{"@id":"https:\/\/ospoljcane.si\/nova\/koristne-povezave\/#primaryimage"},"thumbnailUrl":"http:\/\/ospoljcane.si\/nova\/wp-content\/uploads\/2020\/12\/logotip-arnes-tisk.png","datePublished":"2020-12-24T08:29:50+00:00","dateModified":"2021-02-15T07:51:47+00:00","breadcrumb":{"@id":"https:\/\/ospoljcane.si\/nova\/koristne-povezave\/#breadcrumb"},"inLanguage":"sl-SI","potentialAction":[{"@type":"ReadAction","target":["https:\/\/ospoljcane.si\/nova\/koristne-povezave\/"]}]},{"@type":"ImageObject","inLanguage":"sl-SI","@id":"https:\/\/ospoljcane.si\/nova\/koristne-povezave\/#primaryimage","url":"https:\/\/ospoljcane.si\/nova\/wp-content\/uploads\/2020\/12\/logotip-arnes-tisk.png","contentUrl":"https:\/\/ospoljcane.si\/nova\/wp-content\/uploads\/2020\/12\/logotip-arnes-tisk.png","width":443,"height":465},{"@type":"BreadcrumbList","@id":"https:\/\/ospoljcane.si\/nova\/koristne-povezave\/#breadcrumb","itemListElement":[{"@type":"ListItem","position":1,"name":"Domov","item":"https:\/\/ospoljcane.si\/nova\/"},{"@type":"ListItem","position":2,"name":"Koristne povezave"}]},{"@type":"WebSite","@id":"https:\/\/ospoljcane.si\/nova\/#website","url":"https:\/\/ospoljcane.si\/nova\/","name":"Osnovna \u0161ola Kajetana Kovi\u010da Polj\u010dane","description":"","publisher":{"@id":"https:\/\/ospoljcane.si\/nova\/#organization"},"potentialAction":[{"@type":"SearchAction","target":{"@type":"EntryPoint","urlTemplate":"https:\/\/ospoljcane.si\/nova\/?s={search_term_string}"},"query-input":{"@type":"PropertyValueSpecification","valueRequired":true,"valueName":"search_term_string"}}],"inLanguage":"sl-SI"},{"@type":"Organization","@id":"https:\/\/ospoljcane.si\/nova\/#organization","name":"Osnovna \u0161ola Kajetana Kovi\u010da Polj\u010dane","url":"https:\/\/ospoljcane.si\/nova\/","logo":{"@type":"ImageObject","inLanguage":"sl-SI","@id":"https:\/\/ospoljcane.si\/nova\/#\/schema\/logo\/image\/","url":"https:\/\/ospoljcane.si\/nova\/wp-content\/uploads\/2020\/12\/cropped-cropped-Logotip-sole-2016_3G-1-1.png","contentUrl":"https:\/\/ospoljcane.si\/nova\/wp-content\/uploads\/2020\/12\/cropped-cropped-Logotip-sole-2016_3G-1-1.png","width":512,"height":512,"caption":"Osnovna \u0161ola Kajetana Kovi\u010da Polj\u010dane"},"image":{"@id":"https:\/\/ospoljcane.si\/nova\/#\/schema\/logo\/image\/"}}]}},"_links":{"self":[{"href":"https:\/\/ospoljcane.si\/nova\/wp-json\/wp\/v2\/pages\/986","targetHints":{"allow":["GET"]}}],"collection":[{"href":"https:\/\/ospoljcane.si\/nova\/wp-json\/wp\/v2\/pages"}],"about":[{"href":"https:\/\/ospoljcane.si\/nova\/wp-json\/wp\/v2\/types\/page"}],"author":[{"embeddable":true,"href":"https:\/\/ospoljcane.si\/nova\/wp-json\/wp\/v2\/users\/1"}],"replies":[{"embeddable":true,"href":"https:\/\/ospoljcane.si\/nova\/wp-json\/wp\/v2\/comments?post=986"}],"version-history":[{"count":146,"href":"https:\/\/ospoljcane.si\/nova\/wp-json\/wp\/v2\/pages\/986\/revisions"}],"predecessor-version":[{"id":3639,"href":"https:\/\/ospoljcane.si\/nova\/wp-json\/wp\/v2\/pages\/986\/revisions\/3639"}],"wp:attachment":[{"href":"https:\/\/ospoljcane.si\/nova\/wp-json\/wp\/v2\/media?parent=986"}],"curies":[{"name":"wp","href":"https:\/\/api.w.org\/{rel}","templated":true}]}}