{"id":9723,"date":"2022-06-10T07:35:52","date_gmt":"2022-06-10T05:35:52","guid":{"rendered":"http:\/\/ospoljcane.si\/nova\/?page_id=9723"},"modified":"2022-06-10T16:53:19","modified_gmt":"2022-06-10T14:53:19","slug":"globe","status":"publish","type":"page","link":"https:\/\/ospoljcane.si\/nova\/globe\/","title":{"rendered":"Globe"},"content":{"rendered":"\t\t<div data-elementor-type=\"wp-page\" data-elementor-id=\"9723\" class=\"elementor elementor-9723\" data-elementor-post-type=\"page\">\n\t\t\t\t\t\t<section class=\"elementor-section elementor-top-section elementor-element elementor-element-32facfe elementor-section-boxed elementor-section-height-default elementor-section-height-default\" data-id=\"32facfe\" data-element_type=\"section\" data-e-type=\"section\">\n\t\t\t\t\t\t<div class=\"elementor-container elementor-column-gap-default\">\n\t\t\t\t\t<div class=\"elementor-column elementor-col-50 elementor-top-column elementor-element elementor-element-885f31e\" data-id=\"885f31e\" data-element_type=\"column\" data-e-type=\"column\">\n\t\t\t<div class=\"elementor-widget-wrap elementor-element-populated\">\n\t\t\t\t\t\t<div class=\"elementor-element elementor-element-e6373ef elementor-widget elementor-widget-text-editor\" data-id=\"e6373ef\" data-element_type=\"widget\" data-e-type=\"widget\" data-widget_type=\"text-editor.default\">\n\t\t\t\t<div class=\"elementor-widget-container\">\n\t\t\t\t\t\t\t\t\t<h2>Izziv vodnih teles<\/h2><p>\u0160tirinajstega marca sem se u\u010diteljica Ur\u0161ka Kri\u017ean udele\u017eila webinarja o vodnih telesih. Tam je bil predstavljen izziv vodnih teles.<\/p><p>Ker je na\u0161a \u0161ola \u017ee pozorneje spremljala kvaliteto okoli\u0161kih voda, je bilo sodelovanje v tem izzivu lahka odlo\u010ditev.<\/p><p>\u017de takoj v prvem mesecu so u\u010denci sedmih razredov pod mentorstvom u\u010diteljic Tatjane Zgubi\u010d in Polone Kobale, v sodelovanjem z In\u0161titutom SeMe (dr. Petra Vrhovnik in Kim Mezga) opravili kemijske analize okoli\u0161kega potoka in reke. Rezultati raziskave so bili objavljeni tudi v lokalnem \u010dasopisu in na \u0161olski spletni strani.<\/p><p>Drugo\u0161olci so se sprehodili ob potoku ob \u0161oli in ga fotografirali.<\/p><p>Ob dnevu voda so v \u0161olski avli u\u010diteljici Polona Kobale in Tatjana Zgubi\u010d ter ostali u\u010ditelji pripravili razstavo, ki je opozarjala na pomen vode za \u017eivljenja vsega \u017eivega na planetu.<\/p>\t\t\t\t\t\t\t\t<\/div>\n\t\t\t\t<\/div>\n\t\t\t\t\t<\/div>\n\t\t<\/div>\n\t\t\t\t<div class=\"elementor-column elementor-col-50 elementor-top-column elementor-element elementor-element-3e8d630\" data-id=\"3e8d630\" data-element_type=\"column\" data-e-type=\"column\">\n\t\t\t<div class=\"elementor-widget-wrap elementor-element-populated\">\n\t\t\t\t\t\t<div class=\"elementor-element elementor-element-4d0ce48 elementor-widget elementor-widget-image\" data-id=\"4d0ce48\" data-element_type=\"widget\" data-e-type=\"widget\" data-widget_type=\"image.default\">\n\t\t\t\t<div class=\"elementor-widget-container\">\n\t\t\t\t\t\t\t\t\t\t\t\t\t\t\t<img fetchpriority=\"high\" decoding=\"async\" width=\"333\" height=\"232\" src=\"https:\/\/ospoljcane.si\/nova\/wp-content\/uploads\/2022\/06\/Slika10.png\" class=\"attachment-large size-large wp-image-9753\" alt=\"\" srcset=\"https:\/\/ospoljcane.si\/nova\/wp-content\/uploads\/2022\/06\/Slika10.png 333w, https:\/\/ospoljcane.si\/nova\/wp-content\/uploads\/2022\/06\/Slika10-300x209.png 300w\" sizes=\"(max-width: 333px) 100vw, 333px\" \/>\t\t\t\t\t\t\t\t\t\t\t\t\t\t\t<\/div>\n\t\t\t\t<\/div>\n\t\t\t\t<div class=\"elementor-element elementor-element-35d3a10 elementor-widget elementor-widget-image\" data-id=\"35d3a10\" data-element_type=\"widget\" data-e-type=\"widget\" data-widget_type=\"image.default\">\n\t\t\t\t<div class=\"elementor-widget-container\">\n\t\t\t\t\t\t\t\t\t\t\t\t\t\t\t<img decoding=\"async\" width=\"262\" height=\"309\" src=\"https:\/\/ospoljcane.si\/nova\/wp-content\/uploads\/2022\/06\/Slika9.png\" class=\"attachment-large size-large wp-image-9752\" alt=\"\" srcset=\"https:\/\/ospoljcane.si\/nova\/wp-content\/uploads\/2022\/06\/Slika9.png 262w, https:\/\/ospoljcane.si\/nova\/wp-content\/uploads\/2022\/06\/Slika9-254x300.png 254w\" sizes=\"(max-width: 262px) 100vw, 262px\" \/>\t\t\t\t\t\t\t\t\t\t\t\t\t\t\t<\/div>\n\t\t\t\t<\/div>\n\t\t\t\t\t<\/div>\n\t\t<\/div>\n\t\t\t\t\t<\/div>\n\t\t<\/section>\n\t\t\t\t<section class=\"elementor-section elementor-top-section elementor-element elementor-element-927a9fe elementor-section-boxed elementor-section-height-default elementor-section-height-default\" data-id=\"927a9fe\" data-element_type=\"section\" data-e-type=\"section\">\n\t\t\t\t\t\t<div class=\"elementor-container elementor-column-gap-default\">\n\t\t\t\t\t<div class=\"elementor-column elementor-col-100 elementor-top-column elementor-element elementor-element-9a6afe3\" data-id=\"9a6afe3\" data-element_type=\"column\" data-e-type=\"column\">\n\t\t\t<div class=\"elementor-widget-wrap elementor-element-populated\">\n\t\t\t\t\t\t<div class=\"elementor-element elementor-element-8693771 elementor-widget elementor-widget-text-editor\" data-id=\"8693771\" data-element_type=\"widget\" data-e-type=\"widget\" data-widget_type=\"text-editor.default\">\n\t\t\t\t<div class=\"elementor-widget-container\">\n\t\t\t\t\t\t\t\t\t<h2>Dan Zemlje z Globe<\/h2><p>Na \u0161oli smo Dan Zemlje obele\u017eili 22. 4. 2022 z razstavo izdelkov u\u010dencev v \u0161olski avli ter s kraj\u0161o obele\u017eitvijo po \u0161olskem ozvo\u010denju.<\/p><p>\u017de prej, 25. marca, smo se pridru\u017eili svetovni akciji Earth day Air Temperature Data Challenge. U\u010denci 3. a razreda so skupaj z u\u010diteljico Ulo Ulaga ob son\u010dnem poldnevu na dvori\u0161\u010du za \u0161olo izmerili temperaturo zraka. Podatke smo vnesli v aplikacijo programa GLOBE.<\/p>\t\t\t\t\t\t\t\t<\/div>\n\t\t\t\t<\/div>\n\t\t\t\t\t<\/div>\n\t\t<\/div>\n\t\t\t\t\t<\/div>\n\t\t<\/section>\n\t\t\t\t<section class=\"elementor-section elementor-top-section elementor-element elementor-element-ca9ae7a elementor-section-boxed elementor-section-height-default elementor-section-height-default\" data-id=\"ca9ae7a\" data-element_type=\"section\" data-e-type=\"section\">\n\t\t\t\t\t\t<div class=\"elementor-container elementor-column-gap-default\">\n\t\t\t\t\t<div class=\"elementor-column elementor-col-50 elementor-top-column elementor-element elementor-element-9e6979a\" data-id=\"9e6979a\" data-element_type=\"column\" data-e-type=\"column\">\n\t\t\t<div class=\"elementor-widget-wrap elementor-element-populated\">\n\t\t\t\t\t\t<div class=\"elementor-element elementor-element-f1a5911 elementor-widget elementor-widget-image\" data-id=\"f1a5911\" data-element_type=\"widget\" data-e-type=\"widget\" data-widget_type=\"image.default\">\n\t\t\t\t<div class=\"elementor-widget-container\">\n\t\t\t\t\t\t\t\t\t\t\t\t\t\t\t<img decoding=\"async\" width=\"262\" height=\"331\" src=\"https:\/\/ospoljcane.si\/nova\/wp-content\/uploads\/2022\/06\/Slika13.png\" class=\"attachment-large size-large wp-image-9756\" alt=\"\" srcset=\"https:\/\/ospoljcane.si\/nova\/wp-content\/uploads\/2022\/06\/Slika13.png 262w, https:\/\/ospoljcane.si\/nova\/wp-content\/uploads\/2022\/06\/Slika13-237x300.png 237w\" sizes=\"(max-width: 262px) 100vw, 262px\" \/>\t\t\t\t\t\t\t\t\t\t\t\t\t\t\t<\/div>\n\t\t\t\t<\/div>\n\t\t\t\t\t<\/div>\n\t\t<\/div>\n\t\t\t\t<div class=\"elementor-column elementor-col-50 elementor-top-column elementor-element elementor-element-d072210\" data-id=\"d072210\" data-element_type=\"column\" data-e-type=\"column\">\n\t\t\t<div class=\"elementor-widget-wrap elementor-element-populated\">\n\t\t\t\t\t\t<div class=\"elementor-element elementor-element-269904d elementor-widget elementor-widget-image\" data-id=\"269904d\" data-element_type=\"widget\" data-e-type=\"widget\" data-widget_type=\"image.default\">\n\t\t\t\t<div class=\"elementor-widget-container\">\n\t\t\t\t\t\t\t\t\t\t\t\t\t\t\t<img loading=\"lazy\" decoding=\"async\" width=\"262\" height=\"333\" src=\"https:\/\/ospoljcane.si\/nova\/wp-content\/uploads\/2022\/06\/Slika11.png\" class=\"attachment-large size-large wp-image-9755\" alt=\"\" srcset=\"https:\/\/ospoljcane.si\/nova\/wp-content\/uploads\/2022\/06\/Slika11.png 262w, https:\/\/ospoljcane.si\/nova\/wp-content\/uploads\/2022\/06\/Slika11-236x300.png 236w\" sizes=\"(max-width: 262px) 100vw, 262px\" \/>\t\t\t\t\t\t\t\t\t\t\t\t\t\t\t<\/div>\n\t\t\t\t<\/div>\n\t\t\t\t\t<\/div>\n\t\t<\/div>\n\t\t\t\t\t<\/div>\n\t\t<\/section>\n\t\t\t\t<section class=\"elementor-section elementor-top-section elementor-element elementor-element-82ec614 elementor-section-boxed elementor-section-height-default elementor-section-height-default\" data-id=\"82ec614\" data-element_type=\"section\" data-e-type=\"section\">\n\t\t\t\t\t\t<div class=\"elementor-container elementor-column-gap-default\">\n\t\t\t\t\t<div class=\"elementor-column elementor-col-100 elementor-top-column elementor-element elementor-element-a179c77\" data-id=\"a179c77\" data-element_type=\"column\" data-e-type=\"column\">\n\t\t\t<div class=\"elementor-widget-wrap elementor-element-populated\">\n\t\t\t\t\t\t<div class=\"elementor-element elementor-element-de17cbf elementor-widget elementor-widget-text-editor\" data-id=\"de17cbf\" data-element_type=\"widget\" data-e-type=\"widget\" data-widget_type=\"text-editor.default\">\n\t\t\t\t<div class=\"elementor-widget-container\">\n\t\t\t\t\t\t\t\t\t<p>Od 28. marca naprej smo u\u010dencem predstavili podatke, zbrane po razli\u010dnih krajih povsod po planetu Zemlja. Mlaj\u0161im u\u010dencem se je zdelo nenavadno, da so ob enakem \u010dasu lahko temperature na Zemlji tako razli\u010dne. Starej\u0161i u\u010denci so ta podatek sprejeli kot potrditev svojega dojemanja na\u0161ega planeta.<\/p>\t\t\t\t\t\t\t\t<\/div>\n\t\t\t\t<\/div>\n\t\t\t\t\t<\/div>\n\t\t<\/div>\n\t\t\t\t\t<\/div>\n\t\t<\/section>\n\t\t\t\t<section class=\"elementor-section elementor-top-section elementor-element elementor-element-cdcd41a elementor-section-boxed elementor-section-height-default elementor-section-height-default\" data-id=\"cdcd41a\" data-element_type=\"section\" data-e-type=\"section\">\n\t\t\t\t\t\t<div class=\"elementor-container elementor-column-gap-default\">\n\t\t\t\t\t<div class=\"elementor-column elementor-col-100 elementor-top-column elementor-element elementor-element-d7da44e\" data-id=\"d7da44e\" data-element_type=\"column\" data-e-type=\"column\">\n\t\t\t<div class=\"elementor-widget-wrap elementor-element-populated\">\n\t\t\t\t\t\t<div class=\"elementor-element elementor-element-30c3405 elementor-widget elementor-widget-text-editor\" data-id=\"30c3405\" data-element_type=\"widget\" data-e-type=\"widget\" data-widget_type=\"text-editor.default\">\n\t\t\t\t<div class=\"elementor-widget-container\">\n\t\t\t\t\t\t\t\t\t<h2>Temperatura zemlje<\/h2><p>U\u010ditelj Goran Saboli\u010d je skupaj z u\u010denci na \u0161olskem dvori\u0161\u010du, umaknjen od vodnih teles in uhojenih poti, zbiral podatke o temperaturi zemlje na globini 5 in 10 centimetrov.<\/p><p>Mesec marec je bil za te meritve resni\u010dno najbolj primeren, saj je bilo u\u010dencem zelo zanimivo spremljati povezavo med segrevanjem ozra\u010dja zaradi spremembe letnega \u010dasa in hitrej\u0161o odzivnostjo zgornjih in po\u010dasnej\u0161im segrevanjem globlje plasti zemlje.<\/p>\t\t\t\t\t\t\t\t<\/div>\n\t\t\t\t<\/div>\n\t\t\t\t\t<\/div>\n\t\t<\/div>\n\t\t\t\t\t<\/div>\n\t\t<\/section>\n\t\t\t\t<section class=\"elementor-section elementor-top-section elementor-element elementor-element-bbd4a6b elementor-section-boxed elementor-section-height-default elementor-section-height-default\" data-id=\"bbd4a6b\" data-element_type=\"section\" data-e-type=\"section\">\n\t\t\t\t\t\t<div class=\"elementor-container elementor-column-gap-default\">\n\t\t\t\t\t<div class=\"elementor-column elementor-col-100 elementor-top-column elementor-element elementor-element-b7efbc7\" data-id=\"b7efbc7\" data-element_type=\"column\" data-e-type=\"column\">\n\t\t\t<div class=\"elementor-widget-wrap elementor-element-populated\">\n\t\t\t\t\t\t<section class=\"elementor-section elementor-inner-section elementor-element elementor-element-684ccba elementor-section-boxed elementor-section-height-default elementor-section-height-default\" data-id=\"684ccba\" data-element_type=\"section\" data-e-type=\"section\">\n\t\t\t\t\t\t<div class=\"elementor-container elementor-column-gap-default\">\n\t\t\t\t\t<div class=\"elementor-column elementor-col-50 elementor-inner-column elementor-element elementor-element-1a8ed56\" data-id=\"1a8ed56\" data-element_type=\"column\" data-e-type=\"column\">\n\t\t\t<div class=\"elementor-widget-wrap elementor-element-populated\">\n\t\t\t\t\t\t<div class=\"elementor-element elementor-element-ee26b8d elementor-widget elementor-widget-text-editor\" data-id=\"ee26b8d\" data-element_type=\"widget\" data-e-type=\"widget\" data-widget_type=\"text-editor.default\">\n\t\t\t\t<div class=\"elementor-widget-container\">\n\t\t\t\t\t\t\t\t\t<h2>Izziv z oblaki\u00a0<\/h2><p>V za\u010detku meseca februarja smo na\u0161o pozornost usmerili k oblakom. Pod okriljem agencije NASA in programa GLOBEA je namre\u010d potekal Izziv z oblaki (NASA GLOBE Cloud Challenge 2022: Clouds in a Changing Climate).\u00a0<\/p><p>V tem \u010dasu smo opravili ve\u010d kot deset meritev in v aplikacijo GLOBE vnesli podatke o dogajanju nad nami.<\/p><p>Z u\u010denci smo si pogledali tudi podatke Nasinih satelitov, ki so nastali ob podobnem \u010dasu kot na\u0161i vzorci.<\/p>\t\t\t\t\t\t\t\t<\/div>\n\t\t\t\t<\/div>\n\t\t\t\t\t<\/div>\n\t\t<\/div>\n\t\t\t\t<div class=\"elementor-column elementor-col-50 elementor-inner-column elementor-element elementor-element-18d39ad\" data-id=\"18d39ad\" data-element_type=\"column\" data-e-type=\"column\">\n\t\t\t<div class=\"elementor-widget-wrap elementor-element-populated\">\n\t\t\t\t\t\t<div class=\"elementor-element elementor-element-293234e elementor-widget elementor-widget-image\" data-id=\"293234e\" data-element_type=\"widget\" data-e-type=\"widget\" data-widget_type=\"image.default\">\n\t\t\t\t<div class=\"elementor-widget-container\">\n\t\t\t\t\t\t\t\t\t\t\t\t\t\t\t<img loading=\"lazy\" decoding=\"async\" width=\"605\" height=\"278\" src=\"https:\/\/ospoljcane.si\/nova\/wp-content\/uploads\/2022\/06\/Slika14.png\" class=\"attachment-large size-large wp-image-9757\" alt=\"\" srcset=\"https:\/\/ospoljcane.si\/nova\/wp-content\/uploads\/2022\/06\/Slika14.png 605w, https:\/\/ospoljcane.si\/nova\/wp-content\/uploads\/2022\/06\/Slika14-300x138.png 300w\" sizes=\"(max-width: 605px) 100vw, 605px\" \/>\t\t\t\t\t\t\t\t\t\t\t\t\t\t\t<\/div>\n\t\t\t\t<\/div>\n\t\t\t\t\t<\/div>\n\t\t<\/div>\n\t\t\t\t\t<\/div>\n\t\t<\/section>\n\t\t\t\t\t<\/div>\n\t\t<\/div>\n\t\t\t\t\t<\/div>\n\t\t<\/section>\n\t\t\t\t<section class=\"elementor-section elementor-top-section elementor-element elementor-element-30c2840 elementor-section-boxed elementor-section-height-default elementor-section-height-default\" data-id=\"30c2840\" data-element_type=\"section\" data-e-type=\"section\">\n\t\t\t\t\t\t<div class=\"elementor-container elementor-column-gap-default\">\n\t\t\t\t\t<div class=\"elementor-column elementor-col-100 elementor-top-column elementor-element elementor-element-9c0ef48\" data-id=\"9c0ef48\" data-element_type=\"column\" data-e-type=\"column\">\n\t\t\t<div class=\"elementor-widget-wrap elementor-element-populated\">\n\t\t\t\t\t\t<div class=\"elementor-element elementor-element-fd2ed0a elementor-widget elementor-widget-text-editor\" data-id=\"fd2ed0a\" data-element_type=\"widget\" data-e-type=\"widget\" data-widget_type=\"text-editor.default\">\n\t\t\t\t<div class=\"elementor-widget-container\">\n\t\t\t\t\t\t\t\t\t<h2>Prvi vzorci<\/h2><p>V mesecu novembru 2021 smo za\u010deli z opazovanjem atmosfere. Redno smo ob pol treh opazovali oblake in bele\u017eili podatke v aplikacijo. Najve\u010dkrat je opazovanja izvajal u\u010denec Nejc Kre\u017ee.<\/p><p>Ko smo pri tem postali suvereni, smo se lotili \u0161e pedosfere. Z digitalnim termometrom so u\u010denci pod mentorstvom Gorana Saboli\u010da ob \u010detrtkih ob 10.10, merili temperaturo zemlje na globinah 5 in 10 centimetrov.<\/p><h2>Promocija na \u0161oli<\/h2><p>Ker smo k projektu EKO\u0160OLA in projektu GLOBE pristopili po pri\u010detku \u0161olskega leta, ko so LDN-ji \u017ee bili narejeni in ure interesnih dejavnosti \u017ee razdeljene, smo GLOBE projekt predstavili v okviru izbirnega predmeta astronomija. GLOBE smo predstavljali tudi v tretjih razredih, pri pouku naravoslovja in v oddelkih podalj\u0161anega bivanja.<\/p>\t\t\t\t\t\t\t\t<\/div>\n\t\t\t\t<\/div>\n\t\t\t\t\t<\/div>\n\t\t<\/div>\n\t\t\t\t\t<\/div>\n\t\t<\/section>\n\t\t\t\t<\/div>\n\t\t","protected":false},"excerpt":{"rendered":"<p>Izziv vodnih teles \u0160tirinajstega marca sem se u\u010diteljica Ur\u0161ka Kri\u017ean udele\u017eila webinarja o vodnih telesih. Tam je bil predstavljen izziv vodnih teles. Ker je na\u0161a &hellip; <\/p>\n","protected":false},"author":1,"featured_media":0,"parent":0,"menu_order":0,"comment_status":"closed","ping_status":"closed","template":"","meta":{"footnotes":""},"class_list":["post-9723","page","type-page","status-publish","hentry","image-hover-transition-effect","latest_post"],"yoast_head":"<!-- This site is optimized with the Yoast SEO plugin v27.4 - https:\/\/yoast.com\/product\/yoast-seo-wordpress\/ -->\n<title>Globe - Osnovna \u0161ola Kajetana Kovi\u010da Polj\u010dane<\/title>\n<meta name=\"robots\" content=\"index, follow, max-snippet:-1, max-image-preview:large, max-video-preview:-1\" \/>\n<link rel=\"canonical\" href=\"https:\/\/ospoljcane.si\/nova\/globe\/\" \/>\n<meta property=\"og:locale\" content=\"sl_SI\" \/>\n<meta property=\"og:type\" content=\"article\" \/>\n<meta property=\"og:title\" content=\"Globe - Osnovna \u0161ola Kajetana Kovi\u010da Polj\u010dane\" \/>\n<meta property=\"og:description\" content=\"Izziv vodnih teles \u0160tirinajstega marca sem se u\u010diteljica Ur\u0161ka Kri\u017ean udele\u017eila webinarja o vodnih telesih. Tam je bil predstavljen izziv vodnih teles. Ker je na\u0161a &hellip;\" \/>\n<meta property=\"og:url\" content=\"https:\/\/ospoljcane.si\/nova\/globe\/\" \/>\n<meta property=\"og:site_name\" content=\"Osnovna \u0161ola Kajetana Kovi\u010da Polj\u010dane\" \/>\n<meta property=\"article:modified_time\" content=\"2022-06-10T14:53:19+00:00\" \/>\n<meta property=\"og:image\" content=\"http:\/\/ospoljcane.si\/nova\/wp-content\/uploads\/2022\/06\/Slika10.png\" \/>\n<meta name=\"twitter:card\" content=\"summary_large_image\" \/>\n<meta name=\"twitter:label1\" content=\"Est. reading time\" \/>\n\t<meta name=\"twitter:data1\" content=\"4 minute\" \/>\n<script type=\"application\/ld+json\" class=\"yoast-schema-graph\">{\"@context\":\"https:\\\/\\\/schema.org\",\"@graph\":[{\"@type\":\"WebPage\",\"@id\":\"https:\\\/\\\/ospoljcane.si\\\/nova\\\/globe\\\/\",\"url\":\"https:\\\/\\\/ospoljcane.si\\\/nova\\\/globe\\\/\",\"name\":\"Globe - Osnovna \u0161ola Kajetana Kovi\u010da Polj\u010dane\",\"isPartOf\":{\"@id\":\"https:\\\/\\\/ospoljcane.si\\\/nova\\\/#website\"},\"primaryImageOfPage\":{\"@id\":\"https:\\\/\\\/ospoljcane.si\\\/nova\\\/globe\\\/#primaryimage\"},\"image\":{\"@id\":\"https:\\\/\\\/ospoljcane.si\\\/nova\\\/globe\\\/#primaryimage\"},\"thumbnailUrl\":\"http:\\\/\\\/ospoljcane.si\\\/nova\\\/wp-content\\\/uploads\\\/2022\\\/06\\\/Slika10.png\",\"datePublished\":\"2022-06-10T05:35:52+00:00\",\"dateModified\":\"2022-06-10T14:53:19+00:00\",\"breadcrumb\":{\"@id\":\"https:\\\/\\\/ospoljcane.si\\\/nova\\\/globe\\\/#breadcrumb\"},\"inLanguage\":\"sl-SI\",\"potentialAction\":[{\"@type\":\"ReadAction\",\"target\":[\"https:\\\/\\\/ospoljcane.si\\\/nova\\\/globe\\\/\"]}]},{\"@type\":\"ImageObject\",\"inLanguage\":\"sl-SI\",\"@id\":\"https:\\\/\\\/ospoljcane.si\\\/nova\\\/globe\\\/#primaryimage\",\"url\":\"https:\\\/\\\/ospoljcane.si\\\/nova\\\/wp-content\\\/uploads\\\/2022\\\/06\\\/Slika10.png\",\"contentUrl\":\"https:\\\/\\\/ospoljcane.si\\\/nova\\\/wp-content\\\/uploads\\\/2022\\\/06\\\/Slika10.png\",\"width\":333,\"height\":232},{\"@type\":\"BreadcrumbList\",\"@id\":\"https:\\\/\\\/ospoljcane.si\\\/nova\\\/globe\\\/#breadcrumb\",\"itemListElement\":[{\"@type\":\"ListItem\",\"position\":1,\"name\":\"Domov\",\"item\":\"https:\\\/\\\/ospoljcane.si\\\/nova\\\/\"},{\"@type\":\"ListItem\",\"position\":2,\"name\":\"Globe\"}]},{\"@type\":\"WebSite\",\"@id\":\"https:\\\/\\\/ospoljcane.si\\\/nova\\\/#website\",\"url\":\"https:\\\/\\\/ospoljcane.si\\\/nova\\\/\",\"name\":\"Osnovna \u0161ola Kajetana Kovi\u010da Polj\u010dane\",\"description\":\"\",\"publisher\":{\"@id\":\"https:\\\/\\\/ospoljcane.si\\\/nova\\\/#organization\"},\"potentialAction\":[{\"@type\":\"SearchAction\",\"target\":{\"@type\":\"EntryPoint\",\"urlTemplate\":\"https:\\\/\\\/ospoljcane.si\\\/nova\\\/?s={search_term_string}\"},\"query-input\":{\"@type\":\"PropertyValueSpecification\",\"valueRequired\":true,\"valueName\":\"search_term_string\"}}],\"inLanguage\":\"sl-SI\"},{\"@type\":\"Organization\",\"@id\":\"https:\\\/\\\/ospoljcane.si\\\/nova\\\/#organization\",\"name\":\"Osnovna \u0161ola Kajetana Kovi\u010da Polj\u010dane\",\"url\":\"https:\\\/\\\/ospoljcane.si\\\/nova\\\/\",\"logo\":{\"@type\":\"ImageObject\",\"inLanguage\":\"sl-SI\",\"@id\":\"https:\\\/\\\/ospoljcane.si\\\/nova\\\/#\\\/schema\\\/logo\\\/image\\\/\",\"url\":\"https:\\\/\\\/ospoljcane.si\\\/nova\\\/wp-content\\\/uploads\\\/2020\\\/12\\\/cropped-cropped-Logotip-sole-2016_3G-1-1.png\",\"contentUrl\":\"https:\\\/\\\/ospoljcane.si\\\/nova\\\/wp-content\\\/uploads\\\/2020\\\/12\\\/cropped-cropped-Logotip-sole-2016_3G-1-1.png\",\"width\":512,\"height\":512,\"caption\":\"Osnovna \u0161ola Kajetana Kovi\u010da Polj\u010dane\"},\"image\":{\"@id\":\"https:\\\/\\\/ospoljcane.si\\\/nova\\\/#\\\/schema\\\/logo\\\/image\\\/\"}}]}<\/script>\n<!-- \/ Yoast SEO plugin. -->","yoast_head_json":{"title":"Globe - Osnovna \u0161ola Kajetana Kovi\u010da Polj\u010dane","robots":{"index":"index","follow":"follow","max-snippet":"max-snippet:-1","max-image-preview":"max-image-preview:large","max-video-preview":"max-video-preview:-1"},"canonical":"https:\/\/ospoljcane.si\/nova\/globe\/","og_locale":"sl_SI","og_type":"article","og_title":"Globe - Osnovna \u0161ola Kajetana Kovi\u010da Polj\u010dane","og_description":"Izziv vodnih teles \u0160tirinajstega marca sem se u\u010diteljica Ur\u0161ka Kri\u017ean udele\u017eila webinarja o vodnih telesih. Tam je bil predstavljen izziv vodnih teles. Ker je na\u0161a &hellip;","og_url":"https:\/\/ospoljcane.si\/nova\/globe\/","og_site_name":"Osnovna \u0161ola Kajetana Kovi\u010da Polj\u010dane","article_modified_time":"2022-06-10T14:53:19+00:00","og_image":[{"url":"http:\/\/ospoljcane.si\/nova\/wp-content\/uploads\/2022\/06\/Slika10.png","type":"","width":"","height":""}],"twitter_card":"summary_large_image","twitter_misc":{"Est. reading time":"4 minute"},"schema":{"@context":"https:\/\/schema.org","@graph":[{"@type":"WebPage","@id":"https:\/\/ospoljcane.si\/nova\/globe\/","url":"https:\/\/ospoljcane.si\/nova\/globe\/","name":"Globe - Osnovna \u0161ola Kajetana Kovi\u010da Polj\u010dane","isPartOf":{"@id":"https:\/\/ospoljcane.si\/nova\/#website"},"primaryImageOfPage":{"@id":"https:\/\/ospoljcane.si\/nova\/globe\/#primaryimage"},"image":{"@id":"https:\/\/ospoljcane.si\/nova\/globe\/#primaryimage"},"thumbnailUrl":"http:\/\/ospoljcane.si\/nova\/wp-content\/uploads\/2022\/06\/Slika10.png","datePublished":"2022-06-10T05:35:52+00:00","dateModified":"2022-06-10T14:53:19+00:00","breadcrumb":{"@id":"https:\/\/ospoljcane.si\/nova\/globe\/#breadcrumb"},"inLanguage":"sl-SI","potentialAction":[{"@type":"ReadAction","target":["https:\/\/ospoljcane.si\/nova\/globe\/"]}]},{"@type":"ImageObject","inLanguage":"sl-SI","@id":"https:\/\/ospoljcane.si\/nova\/globe\/#primaryimage","url":"https:\/\/ospoljcane.si\/nova\/wp-content\/uploads\/2022\/06\/Slika10.png","contentUrl":"https:\/\/ospoljcane.si\/nova\/wp-content\/uploads\/2022\/06\/Slika10.png","width":333,"height":232},{"@type":"BreadcrumbList","@id":"https:\/\/ospoljcane.si\/nova\/globe\/#breadcrumb","itemListElement":[{"@type":"ListItem","position":1,"name":"Domov","item":"https:\/\/ospoljcane.si\/nova\/"},{"@type":"ListItem","position":2,"name":"Globe"}]},{"@type":"WebSite","@id":"https:\/\/ospoljcane.si\/nova\/#website","url":"https:\/\/ospoljcane.si\/nova\/","name":"Osnovna \u0161ola Kajetana Kovi\u010da Polj\u010dane","description":"","publisher":{"@id":"https:\/\/ospoljcane.si\/nova\/#organization"},"potentialAction":[{"@type":"SearchAction","target":{"@type":"EntryPoint","urlTemplate":"https:\/\/ospoljcane.si\/nova\/?s={search_term_string}"},"query-input":{"@type":"PropertyValueSpecification","valueRequired":true,"valueName":"search_term_string"}}],"inLanguage":"sl-SI"},{"@type":"Organization","@id":"https:\/\/ospoljcane.si\/nova\/#organization","name":"Osnovna \u0161ola Kajetana Kovi\u010da Polj\u010dane","url":"https:\/\/ospoljcane.si\/nova\/","logo":{"@type":"ImageObject","inLanguage":"sl-SI","@id":"https:\/\/ospoljcane.si\/nova\/#\/schema\/logo\/image\/","url":"https:\/\/ospoljcane.si\/nova\/wp-content\/uploads\/2020\/12\/cropped-cropped-Logotip-sole-2016_3G-1-1.png","contentUrl":"https:\/\/ospoljcane.si\/nova\/wp-content\/uploads\/2020\/12\/cropped-cropped-Logotip-sole-2016_3G-1-1.png","width":512,"height":512,"caption":"Osnovna \u0161ola Kajetana Kovi\u010da Polj\u010dane"},"image":{"@id":"https:\/\/ospoljcane.si\/nova\/#\/schema\/logo\/image\/"}}]}},"_links":{"self":[{"href":"https:\/\/ospoljcane.si\/nova\/wp-json\/wp\/v2\/pages\/9723","targetHints":{"allow":["GET"]}}],"collection":[{"href":"https:\/\/ospoljcane.si\/nova\/wp-json\/wp\/v2\/pages"}],"about":[{"href":"https:\/\/ospoljcane.si\/nova\/wp-json\/wp\/v2\/types\/page"}],"author":[{"embeddable":true,"href":"https:\/\/ospoljcane.si\/nova\/wp-json\/wp\/v2\/users\/1"}],"replies":[{"embeddable":true,"href":"https:\/\/ospoljcane.si\/nova\/wp-json\/wp\/v2\/comments?post=9723"}],"version-history":[{"count":15,"href":"https:\/\/ospoljcane.si\/nova\/wp-json\/wp\/v2\/pages\/9723\/revisions"}],"predecessor-version":[{"id":9820,"href":"https:\/\/ospoljcane.si\/nova\/wp-json\/wp\/v2\/pages\/9723\/revisions\/9820"}],"wp:attachment":[{"href":"https:\/\/ospoljcane.si\/nova\/wp-json\/wp\/v2\/media?parent=9723"}],"curies":[{"name":"wp","href":"https:\/\/api.w.org\/{rel}","templated":true}]}}