{"id":7382,"date":"2021-11-04T20:50:57","date_gmt":"2021-11-04T19:50:57","guid":{"rendered":"http:\/\/ospoljcane.si\/nova\/?page_id=7382"},"modified":"2021-11-04T21:00:15","modified_gmt":"2021-11-04T20:00:15","slug":"podmladek-pgd-poljcane","status":"publish","type":"page","link":"https:\/\/ospoljcane.si\/nova\/podmladek-pgd-poljcane\/","title":{"rendered":"Podmladek PGD Polj\u010dane"},"content":{"rendered":"<p>Spo\u0161tovani star\u0161i in otroci!<\/p>\n<p>Vabimo Vas, da se nam pridru\u017eite v gasilske vrste. Prilagamo <a href=\"https:\/\/ospoljcane.si\/nova\/wp-content\/uploads\/2021\/11\/Pridruzi-se-nam-PGD-Poljcane.pdf\" target=\"_blank\" rel=\"noopener\">zlo\u017eenko<\/a> z <a href=\"https:\/\/ospoljcane.si\/nova\/wp-content\/uploads\/2021\/11\/Vpisnica-podmladek.pdf\" target=\"_blank\" rel=\"noopener\">vpisnico<\/a> kjer najdete vse potrebne informacije glede vpisa in na\u0161ih aktivnosti.<\/p>\n<p>Ker je bila v lanskem letu epidemija, aktivnosti nismo izvajali in smo vaje, tekmovanja ter letovanje odpovedali. Na\u0161i bo\u017ei\u010dkovi pomaga\u010di so vsem mladim gasilcem dostavili bo\u017ei\u010dno darilo z upanjem, da z vajami \u010dimprej pri\u010dnemo.<\/p>\n<p>Ker ste mladi za gasilce zelo pomembni smo se odlo\u010dili, da za\u010dnemo z vpisom in rednim izvajanjem vaj v skladu z vsemi trenutno veljavnimi ukrepi in priporo\u010dili NIJZ.<\/p>\n<p>Vaje bodo potekale po vpisu po dogovoru glede na va\u0161e ostale aktivnosti enkrat tedensko.<\/p>\n<p>Prilagamo vam posnetek, ki smo ga v lanskem letu pripravili ob mesecu po\u017earne varnosti. Prikazuje delovanje mladih in operativnih gasilcev Gasilske zveze Slovenska Bistrica: <a href=\"https:\/\/www.youtube.com\/watch?v=KXf2UjJVSwY\">https:\/\/www.youtube.com\/watch?v=KXf2UjJVSwY<\/a><\/p>\n<p>V upanju, da se nam pridru\u017eite vas lepo pozdravljamo!<\/p>\n<p style=\"text-align: right;\">Mentorji PGD Polj\u010dane<\/p>\n","protected":false},"excerpt":{"rendered":"<p>Spo\u0161tovani star\u0161i in otroci! Vabimo Vas, da se nam pridru\u017eite v gasilske vrste. Prilagamo zlo\u017eenko z vpisnico kjer najdete vse potrebne informacije glede vpisa in &hellip; <\/p>\n","protected":false},"author":3,"featured_media":0,"parent":0,"menu_order":0,"comment_status":"closed","ping_status":"closed","template":"","meta":{"footnotes":""},"class_list":["post-7382","page","type-page","status-publish","hentry","image-hover-transition-effect","latest_post"],"yoast_head":"<!-- This site is optimized with the Yoast SEO plugin v27.4 - https:\/\/yoast.com\/product\/yoast-seo-wordpress\/ -->\n<title>Podmladek PGD Polj\u010dane - Osnovna \u0161ola Kajetana Kovi\u010da Polj\u010dane<\/title>\n<meta name=\"robots\" content=\"index, follow, max-snippet:-1, max-image-preview:large, max-video-preview:-1\" \/>\n<link rel=\"canonical\" href=\"https:\/\/ospoljcane.si\/nova\/podmladek-pgd-poljcane\/\" \/>\n<meta property=\"og:locale\" content=\"sl_SI\" \/>\n<meta property=\"og:type\" content=\"article\" \/>\n<meta property=\"og:title\" content=\"Podmladek PGD Polj\u010dane - Osnovna \u0161ola Kajetana Kovi\u010da Polj\u010dane\" \/>\n<meta property=\"og:description\" content=\"Spo\u0161tovani star\u0161i in otroci! Vabimo Vas, da se nam pridru\u017eite v gasilske vrste. Prilagamo zlo\u017eenko z vpisnico kjer najdete vse potrebne informacije glede vpisa in &hellip;\" \/>\n<meta property=\"og:url\" content=\"https:\/\/ospoljcane.si\/nova\/podmladek-pgd-poljcane\/\" \/>\n<meta property=\"og:site_name\" content=\"Osnovna \u0161ola Kajetana Kovi\u010da Polj\u010dane\" \/>\n<meta property=\"article:modified_time\" content=\"2021-11-04T20:00:15+00:00\" \/>\n<meta name=\"twitter:card\" content=\"summary_large_image\" \/>\n<meta name=\"twitter:label1\" content=\"Est. reading time\" \/>\n\t<meta name=\"twitter:data1\" content=\"1 minuta\" \/>\n<script type=\"application\/ld+json\" class=\"yoast-schema-graph\">{\"@context\":\"https:\\\/\\\/schema.org\",\"@graph\":[{\"@type\":\"WebPage\",\"@id\":\"https:\\\/\\\/ospoljcane.si\\\/nova\\\/podmladek-pgd-poljcane\\\/\",\"url\":\"https:\\\/\\\/ospoljcane.si\\\/nova\\\/podmladek-pgd-poljcane\\\/\",\"name\":\"Podmladek PGD Polj\u010dane - Osnovna \u0161ola Kajetana Kovi\u010da Polj\u010dane\",\"isPartOf\":{\"@id\":\"https:\\\/\\\/ospoljcane.si\\\/nova\\\/#website\"},\"datePublished\":\"2021-11-04T19:50:57+00:00\",\"dateModified\":\"2021-11-04T20:00:15+00:00\",\"breadcrumb\":{\"@id\":\"https:\\\/\\\/ospoljcane.si\\\/nova\\\/podmladek-pgd-poljcane\\\/#breadcrumb\"},\"inLanguage\":\"sl-SI\",\"potentialAction\":[{\"@type\":\"ReadAction\",\"target\":[\"https:\\\/\\\/ospoljcane.si\\\/nova\\\/podmladek-pgd-poljcane\\\/\"]}]},{\"@type\":\"BreadcrumbList\",\"@id\":\"https:\\\/\\\/ospoljcane.si\\\/nova\\\/podmladek-pgd-poljcane\\\/#breadcrumb\",\"itemListElement\":[{\"@type\":\"ListItem\",\"position\":1,\"name\":\"Domov\",\"item\":\"https:\\\/\\\/ospoljcane.si\\\/nova\\\/\"},{\"@type\":\"ListItem\",\"position\":2,\"name\":\"Podmladek PGD Polj\u010dane\"}]},{\"@type\":\"WebSite\",\"@id\":\"https:\\\/\\\/ospoljcane.si\\\/nova\\\/#website\",\"url\":\"https:\\\/\\\/ospoljcane.si\\\/nova\\\/\",\"name\":\"Osnovna \u0161ola Kajetana Kovi\u010da Polj\u010dane\",\"description\":\"\",\"publisher\":{\"@id\":\"https:\\\/\\\/ospoljcane.si\\\/nova\\\/#organization\"},\"potentialAction\":[{\"@type\":\"SearchAction\",\"target\":{\"@type\":\"EntryPoint\",\"urlTemplate\":\"https:\\\/\\\/ospoljcane.si\\\/nova\\\/?s={search_term_string}\"},\"query-input\":{\"@type\":\"PropertyValueSpecification\",\"valueRequired\":true,\"valueName\":\"search_term_string\"}}],\"inLanguage\":\"sl-SI\"},{\"@type\":\"Organization\",\"@id\":\"https:\\\/\\\/ospoljcane.si\\\/nova\\\/#organization\",\"name\":\"Osnovna \u0161ola Kajetana Kovi\u010da Polj\u010dane\",\"url\":\"https:\\\/\\\/ospoljcane.si\\\/nova\\\/\",\"logo\":{\"@type\":\"ImageObject\",\"inLanguage\":\"sl-SI\",\"@id\":\"https:\\\/\\\/ospoljcane.si\\\/nova\\\/#\\\/schema\\\/logo\\\/image\\\/\",\"url\":\"https:\\\/\\\/ospoljcane.si\\\/nova\\\/wp-content\\\/uploads\\\/2020\\\/12\\\/cropped-cropped-Logotip-sole-2016_3G-1-1.png\",\"contentUrl\":\"https:\\\/\\\/ospoljcane.si\\\/nova\\\/wp-content\\\/uploads\\\/2020\\\/12\\\/cropped-cropped-Logotip-sole-2016_3G-1-1.png\",\"width\":512,\"height\":512,\"caption\":\"Osnovna \u0161ola Kajetana Kovi\u010da Polj\u010dane\"},\"image\":{\"@id\":\"https:\\\/\\\/ospoljcane.si\\\/nova\\\/#\\\/schema\\\/logo\\\/image\\\/\"}}]}<\/script>\n<!-- \/ Yoast SEO plugin. -->","yoast_head_json":{"title":"Podmladek PGD Polj\u010dane - Osnovna \u0161ola Kajetana Kovi\u010da Polj\u010dane","robots":{"index":"index","follow":"follow","max-snippet":"max-snippet:-1","max-image-preview":"max-image-preview:large","max-video-preview":"max-video-preview:-1"},"canonical":"https:\/\/ospoljcane.si\/nova\/podmladek-pgd-poljcane\/","og_locale":"sl_SI","og_type":"article","og_title":"Podmladek PGD Polj\u010dane - Osnovna \u0161ola Kajetana Kovi\u010da Polj\u010dane","og_description":"Spo\u0161tovani star\u0161i in otroci! Vabimo Vas, da se nam pridru\u017eite v gasilske vrste. Prilagamo zlo\u017eenko z vpisnico kjer najdete vse potrebne informacije glede vpisa in &hellip;","og_url":"https:\/\/ospoljcane.si\/nova\/podmladek-pgd-poljcane\/","og_site_name":"Osnovna \u0161ola Kajetana Kovi\u010da Polj\u010dane","article_modified_time":"2021-11-04T20:00:15+00:00","twitter_card":"summary_large_image","twitter_misc":{"Est. reading time":"1 minuta"},"schema":{"@context":"https:\/\/schema.org","@graph":[{"@type":"WebPage","@id":"https:\/\/ospoljcane.si\/nova\/podmladek-pgd-poljcane\/","url":"https:\/\/ospoljcane.si\/nova\/podmladek-pgd-poljcane\/","name":"Podmladek PGD Polj\u010dane - Osnovna \u0161ola Kajetana Kovi\u010da Polj\u010dane","isPartOf":{"@id":"https:\/\/ospoljcane.si\/nova\/#website"},"datePublished":"2021-11-04T19:50:57+00:00","dateModified":"2021-11-04T20:00:15+00:00","breadcrumb":{"@id":"https:\/\/ospoljcane.si\/nova\/podmladek-pgd-poljcane\/#breadcrumb"},"inLanguage":"sl-SI","potentialAction":[{"@type":"ReadAction","target":["https:\/\/ospoljcane.si\/nova\/podmladek-pgd-poljcane\/"]}]},{"@type":"BreadcrumbList","@id":"https:\/\/ospoljcane.si\/nova\/podmladek-pgd-poljcane\/#breadcrumb","itemListElement":[{"@type":"ListItem","position":1,"name":"Domov","item":"https:\/\/ospoljcane.si\/nova\/"},{"@type":"ListItem","position":2,"name":"Podmladek PGD Polj\u010dane"}]},{"@type":"WebSite","@id":"https:\/\/ospoljcane.si\/nova\/#website","url":"https:\/\/ospoljcane.si\/nova\/","name":"Osnovna \u0161ola Kajetana Kovi\u010da Polj\u010dane","description":"","publisher":{"@id":"https:\/\/ospoljcane.si\/nova\/#organization"},"potentialAction":[{"@type":"SearchAction","target":{"@type":"EntryPoint","urlTemplate":"https:\/\/ospoljcane.si\/nova\/?s={search_term_string}"},"query-input":{"@type":"PropertyValueSpecification","valueRequired":true,"valueName":"search_term_string"}}],"inLanguage":"sl-SI"},{"@type":"Organization","@id":"https:\/\/ospoljcane.si\/nova\/#organization","name":"Osnovna \u0161ola Kajetana Kovi\u010da Polj\u010dane","url":"https:\/\/ospoljcane.si\/nova\/","logo":{"@type":"ImageObject","inLanguage":"sl-SI","@id":"https:\/\/ospoljcane.si\/nova\/#\/schema\/logo\/image\/","url":"https:\/\/ospoljcane.si\/nova\/wp-content\/uploads\/2020\/12\/cropped-cropped-Logotip-sole-2016_3G-1-1.png","contentUrl":"https:\/\/ospoljcane.si\/nova\/wp-content\/uploads\/2020\/12\/cropped-cropped-Logotip-sole-2016_3G-1-1.png","width":512,"height":512,"caption":"Osnovna \u0161ola Kajetana Kovi\u010da Polj\u010dane"},"image":{"@id":"https:\/\/ospoljcane.si\/nova\/#\/schema\/logo\/image\/"}}]}},"_links":{"self":[{"href":"https:\/\/ospoljcane.si\/nova\/wp-json\/wp\/v2\/pages\/7382","targetHints":{"allow":["GET"]}}],"collection":[{"href":"https:\/\/ospoljcane.si\/nova\/wp-json\/wp\/v2\/pages"}],"about":[{"href":"https:\/\/ospoljcane.si\/nova\/wp-json\/wp\/v2\/types\/page"}],"author":[{"embeddable":true,"href":"https:\/\/ospoljcane.si\/nova\/wp-json\/wp\/v2\/users\/3"}],"replies":[{"embeddable":true,"href":"https:\/\/ospoljcane.si\/nova\/wp-json\/wp\/v2\/comments?post=7382"}],"version-history":[{"count":6,"href":"https:\/\/ospoljcane.si\/nova\/wp-json\/wp\/v2\/pages\/7382\/revisions"}],"predecessor-version":[{"id":7393,"href":"https:\/\/ospoljcane.si\/nova\/wp-json\/wp\/v2\/pages\/7382\/revisions\/7393"}],"wp:attachment":[{"href":"https:\/\/ospoljcane.si\/nova\/wp-json\/wp\/v2\/media?parent=7382"}],"curies":[{"name":"wp","href":"https:\/\/api.w.org\/{rel}","templated":true}]}}