{"id":7357,"date":"2021-11-04T19:56:32","date_gmt":"2021-11-04T18:56:32","guid":{"rendered":"http:\/\/ospoljcane.si\/nova\/?page_id=7357"},"modified":"2026-02-11T08:41:13","modified_gmt":"2026-02-11T07:41:13","slug":"pisni-preizkusi-znanja-solsko-leto-2021-2022","status":"publish","type":"page","link":"https:\/\/ospoljcane.si\/nova\/pisni-preizkusi-znanja-solsko-leto-2021-2022\/","title":{"rendered":"Pisni preizkusi znanja \u0161olsko leto 2025\/2026"},"content":{"rendered":"\t\t<div data-elementor-type=\"wp-page\" data-elementor-id=\"7357\" class=\"elementor elementor-7357\" data-elementor-post-type=\"page\">\n\t\t\t\t\t\t<section class=\"elementor-section elementor-top-section elementor-element elementor-element-587e9b4 elementor-section-boxed elementor-section-height-default elementor-section-height-default\" data-id=\"587e9b4\" data-element_type=\"section\" data-e-type=\"section\">\n\t\t\t\t\t\t<div class=\"elementor-container elementor-column-gap-default\">\n\t\t\t\t\t<div class=\"elementor-column elementor-col-100 elementor-top-column elementor-element elementor-element-2a47db0\" data-id=\"2a47db0\" data-element_type=\"column\" data-e-type=\"column\">\n\t\t\t<div class=\"elementor-widget-wrap elementor-element-populated\">\n\t\t\t\t\t\t<div class=\"elementor-element elementor-element-961de86 elementor-widget elementor-widget-image\" data-id=\"961de86\" data-element_type=\"widget\" data-e-type=\"widget\" data-widget_type=\"image.default\">\n\t\t\t\t<div class=\"elementor-widget-container\">\n\t\t\t\t\t\t\t\t\t\t\t\t\t\t\t<img fetchpriority=\"high\" decoding=\"async\" width=\"1010\" height=\"752\" src=\"https:\/\/ospoljcane.si\/nova\/wp-content\/uploads\/2026\/02\/PISNI-PREIZKUSI.png\" class=\"attachment-large size-large wp-image-24086\" alt=\"\" srcset=\"https:\/\/ospoljcane.si\/nova\/wp-content\/uploads\/2026\/02\/PISNI-PREIZKUSI.png 1010w, https:\/\/ospoljcane.si\/nova\/wp-content\/uploads\/2026\/02\/PISNI-PREIZKUSI-300x223.png 300w, https:\/\/ospoljcane.si\/nova\/wp-content\/uploads\/2026\/02\/PISNI-PREIZKUSI-768x572.png 768w, https:\/\/ospoljcane.si\/nova\/wp-content\/uploads\/2026\/02\/PISNI-PREIZKUSI-81x60.png 81w\" sizes=\"(max-width: 1010px) 100vw, 1010px\" \/>\t\t\t\t\t\t\t\t\t\t\t\t\t\t\t<\/div>\n\t\t\t\t<\/div>\n\t\t\t\t\t<\/div>\n\t\t<\/div>\n\t\t\t\t\t<\/div>\n\t\t<\/section>\n\t\t\t\t<section class=\"elementor-section elementor-top-section elementor-element elementor-element-2b6312e elementor-section-boxed elementor-section-height-default elementor-section-height-default\" data-id=\"2b6312e\" data-element_type=\"section\" data-e-type=\"section\">\n\t\t\t\t\t\t<div class=\"elementor-container elementor-column-gap-default\">\n\t\t\t\t\t<div class=\"elementor-column elementor-col-100 elementor-top-column elementor-element elementor-element-d93f592\" data-id=\"d93f592\" data-element_type=\"column\" data-e-type=\"column\">\n\t\t\t<div class=\"elementor-widget-wrap elementor-element-populated\">\n\t\t\t\t\t\t<div class=\"elementor-element elementor-element-2024f78 elementor-widget elementor-widget-text-editor\" data-id=\"2024f78\" data-element_type=\"widget\" data-e-type=\"widget\" data-widget_type=\"text-editor.default\">\n\t\t\t\t<div class=\"elementor-widget-container\">\n\t\t\t\t\t\t\t\t\t<p>Datoteko si lahko prenesete <a href=\"https:\/\/ospoljcane.si\/nova\/wp-content\/uploads\/2026\/02\/PISNI-PREIZKUSI.png\"><strong>tukaj.<\/strong><\/a><\/p>\t\t\t\t\t\t\t\t<\/div>\n\t\t\t\t<\/div>\n\t\t\t\t\t<\/div>\n\t\t<\/div>\n\t\t\t\t\t<\/div>\n\t\t<\/section>\n\t\t\t\t<\/div>\n\t\t","protected":false},"excerpt":{"rendered":"<p>Datoteko si lahko prenesete tukaj.<\/p>\n","protected":false},"author":1,"featured_media":0,"parent":0,"menu_order":0,"comment_status":"closed","ping_status":"closed","template":"","meta":{"footnotes":""},"class_list":["post-7357","page","type-page","status-publish","hentry","image-hover-transition-effect","latest_post"],"yoast_head":"<!-- This site is optimized with the Yoast SEO plugin v27.4 - https:\/\/yoast.com\/product\/yoast-seo-wordpress\/ -->\n<title>Pisni preizkusi znanja \u0161olsko leto 2025\/2026 - Osnovna \u0161ola Kajetana Kovi\u010da Polj\u010dane<\/title>\n<meta name=\"robots\" content=\"index, follow, max-snippet:-1, max-image-preview:large, max-video-preview:-1\" \/>\n<link rel=\"canonical\" href=\"https:\/\/ospoljcane.si\/nova\/pisni-preizkusi-znanja-solsko-leto-2021-2022\/\" \/>\n<meta property=\"og:locale\" content=\"sl_SI\" \/>\n<meta property=\"og:type\" content=\"article\" \/>\n<meta property=\"og:title\" content=\"Pisni preizkusi znanja \u0161olsko leto 2025\/2026 - Osnovna \u0161ola Kajetana Kovi\u010da Polj\u010dane\" \/>\n<meta property=\"og:description\" content=\"Datoteko si lahko prenesete tukaj.\" \/>\n<meta property=\"og:url\" content=\"https:\/\/ospoljcane.si\/nova\/pisni-preizkusi-znanja-solsko-leto-2021-2022\/\" \/>\n<meta property=\"og:site_name\" content=\"Osnovna \u0161ola Kajetana Kovi\u010da Polj\u010dane\" \/>\n<meta property=\"article:modified_time\" content=\"2026-02-11T07:41:13+00:00\" \/>\n<meta property=\"og:image\" content=\"https:\/\/ospoljcane.si\/nova\/wp-content\/uploads\/2026\/02\/PISNI-PREIZKUSI.png\" \/>\n<meta name=\"twitter:card\" content=\"summary_large_image\" \/>\n<meta name=\"twitter:label1\" content=\"Est. reading time\" \/>\n\t<meta name=\"twitter:data1\" content=\"1 minuta\" \/>\n<script type=\"application\/ld+json\" class=\"yoast-schema-graph\">{\"@context\":\"https:\\\/\\\/schema.org\",\"@graph\":[{\"@type\":\"WebPage\",\"@id\":\"https:\\\/\\\/ospoljcane.si\\\/nova\\\/pisni-preizkusi-znanja-solsko-leto-2021-2022\\\/\",\"url\":\"https:\\\/\\\/ospoljcane.si\\\/nova\\\/pisni-preizkusi-znanja-solsko-leto-2021-2022\\\/\",\"name\":\"Pisni preizkusi znanja \u0161olsko leto 2025\\\/2026 - Osnovna \u0161ola Kajetana Kovi\u010da Polj\u010dane\",\"isPartOf\":{\"@id\":\"https:\\\/\\\/ospoljcane.si\\\/nova\\\/#website\"},\"primaryImageOfPage\":{\"@id\":\"https:\\\/\\\/ospoljcane.si\\\/nova\\\/pisni-preizkusi-znanja-solsko-leto-2021-2022\\\/#primaryimage\"},\"image\":{\"@id\":\"https:\\\/\\\/ospoljcane.si\\\/nova\\\/pisni-preizkusi-znanja-solsko-leto-2021-2022\\\/#primaryimage\"},\"thumbnailUrl\":\"https:\\\/\\\/ospoljcane.si\\\/nova\\\/wp-content\\\/uploads\\\/2026\\\/02\\\/PISNI-PREIZKUSI.png\",\"datePublished\":\"2021-11-04T18:56:32+00:00\",\"dateModified\":\"2026-02-11T07:41:13+00:00\",\"breadcrumb\":{\"@id\":\"https:\\\/\\\/ospoljcane.si\\\/nova\\\/pisni-preizkusi-znanja-solsko-leto-2021-2022\\\/#breadcrumb\"},\"inLanguage\":\"sl-SI\",\"potentialAction\":[{\"@type\":\"ReadAction\",\"target\":[\"https:\\\/\\\/ospoljcane.si\\\/nova\\\/pisni-preizkusi-znanja-solsko-leto-2021-2022\\\/\"]}]},{\"@type\":\"ImageObject\",\"inLanguage\":\"sl-SI\",\"@id\":\"https:\\\/\\\/ospoljcane.si\\\/nova\\\/pisni-preizkusi-znanja-solsko-leto-2021-2022\\\/#primaryimage\",\"url\":\"https:\\\/\\\/ospoljcane.si\\\/nova\\\/wp-content\\\/uploads\\\/2026\\\/02\\\/PISNI-PREIZKUSI.png\",\"contentUrl\":\"https:\\\/\\\/ospoljcane.si\\\/nova\\\/wp-content\\\/uploads\\\/2026\\\/02\\\/PISNI-PREIZKUSI.png\",\"width\":1010,\"height\":752},{\"@type\":\"BreadcrumbList\",\"@id\":\"https:\\\/\\\/ospoljcane.si\\\/nova\\\/pisni-preizkusi-znanja-solsko-leto-2021-2022\\\/#breadcrumb\",\"itemListElement\":[{\"@type\":\"ListItem\",\"position\":1,\"name\":\"Domov\",\"item\":\"https:\\\/\\\/ospoljcane.si\\\/nova\\\/\"},{\"@type\":\"ListItem\",\"position\":2,\"name\":\"Pisni preizkusi znanja \u0161olsko leto 2025\\\/2026\"}]},{\"@type\":\"WebSite\",\"@id\":\"https:\\\/\\\/ospoljcane.si\\\/nova\\\/#website\",\"url\":\"https:\\\/\\\/ospoljcane.si\\\/nova\\\/\",\"name\":\"Osnovna \u0161ola Kajetana Kovi\u010da Polj\u010dane\",\"description\":\"\",\"publisher\":{\"@id\":\"https:\\\/\\\/ospoljcane.si\\\/nova\\\/#organization\"},\"potentialAction\":[{\"@type\":\"SearchAction\",\"target\":{\"@type\":\"EntryPoint\",\"urlTemplate\":\"https:\\\/\\\/ospoljcane.si\\\/nova\\\/?s={search_term_string}\"},\"query-input\":{\"@type\":\"PropertyValueSpecification\",\"valueRequired\":true,\"valueName\":\"search_term_string\"}}],\"inLanguage\":\"sl-SI\"},{\"@type\":\"Organization\",\"@id\":\"https:\\\/\\\/ospoljcane.si\\\/nova\\\/#organization\",\"name\":\"Osnovna \u0161ola Kajetana Kovi\u010da Polj\u010dane\",\"url\":\"https:\\\/\\\/ospoljcane.si\\\/nova\\\/\",\"logo\":{\"@type\":\"ImageObject\",\"inLanguage\":\"sl-SI\",\"@id\":\"https:\\\/\\\/ospoljcane.si\\\/nova\\\/#\\\/schema\\\/logo\\\/image\\\/\",\"url\":\"https:\\\/\\\/ospoljcane.si\\\/nova\\\/wp-content\\\/uploads\\\/2020\\\/12\\\/cropped-cropped-Logotip-sole-2016_3G-1-1.png\",\"contentUrl\":\"https:\\\/\\\/ospoljcane.si\\\/nova\\\/wp-content\\\/uploads\\\/2020\\\/12\\\/cropped-cropped-Logotip-sole-2016_3G-1-1.png\",\"width\":512,\"height\":512,\"caption\":\"Osnovna \u0161ola Kajetana Kovi\u010da Polj\u010dane\"},\"image\":{\"@id\":\"https:\\\/\\\/ospoljcane.si\\\/nova\\\/#\\\/schema\\\/logo\\\/image\\\/\"}}]}<\/script>\n<!-- \/ Yoast SEO plugin. -->","yoast_head_json":{"title":"Pisni preizkusi znanja \u0161olsko leto 2025\/2026 - Osnovna \u0161ola Kajetana Kovi\u010da Polj\u010dane","robots":{"index":"index","follow":"follow","max-snippet":"max-snippet:-1","max-image-preview":"max-image-preview:large","max-video-preview":"max-video-preview:-1"},"canonical":"https:\/\/ospoljcane.si\/nova\/pisni-preizkusi-znanja-solsko-leto-2021-2022\/","og_locale":"sl_SI","og_type":"article","og_title":"Pisni preizkusi znanja \u0161olsko leto 2025\/2026 - Osnovna \u0161ola Kajetana Kovi\u010da Polj\u010dane","og_description":"Datoteko si lahko prenesete tukaj.","og_url":"https:\/\/ospoljcane.si\/nova\/pisni-preizkusi-znanja-solsko-leto-2021-2022\/","og_site_name":"Osnovna \u0161ola Kajetana Kovi\u010da Polj\u010dane","article_modified_time":"2026-02-11T07:41:13+00:00","og_image":[{"url":"https:\/\/ospoljcane.si\/nova\/wp-content\/uploads\/2026\/02\/PISNI-PREIZKUSI.png","type":"","width":"","height":""}],"twitter_card":"summary_large_image","twitter_misc":{"Est. reading time":"1 minuta"},"schema":{"@context":"https:\/\/schema.org","@graph":[{"@type":"WebPage","@id":"https:\/\/ospoljcane.si\/nova\/pisni-preizkusi-znanja-solsko-leto-2021-2022\/","url":"https:\/\/ospoljcane.si\/nova\/pisni-preizkusi-znanja-solsko-leto-2021-2022\/","name":"Pisni preizkusi znanja \u0161olsko leto 2025\/2026 - Osnovna \u0161ola Kajetana Kovi\u010da Polj\u010dane","isPartOf":{"@id":"https:\/\/ospoljcane.si\/nova\/#website"},"primaryImageOfPage":{"@id":"https:\/\/ospoljcane.si\/nova\/pisni-preizkusi-znanja-solsko-leto-2021-2022\/#primaryimage"},"image":{"@id":"https:\/\/ospoljcane.si\/nova\/pisni-preizkusi-znanja-solsko-leto-2021-2022\/#primaryimage"},"thumbnailUrl":"https:\/\/ospoljcane.si\/nova\/wp-content\/uploads\/2026\/02\/PISNI-PREIZKUSI.png","datePublished":"2021-11-04T18:56:32+00:00","dateModified":"2026-02-11T07:41:13+00:00","breadcrumb":{"@id":"https:\/\/ospoljcane.si\/nova\/pisni-preizkusi-znanja-solsko-leto-2021-2022\/#breadcrumb"},"inLanguage":"sl-SI","potentialAction":[{"@type":"ReadAction","target":["https:\/\/ospoljcane.si\/nova\/pisni-preizkusi-znanja-solsko-leto-2021-2022\/"]}]},{"@type":"ImageObject","inLanguage":"sl-SI","@id":"https:\/\/ospoljcane.si\/nova\/pisni-preizkusi-znanja-solsko-leto-2021-2022\/#primaryimage","url":"https:\/\/ospoljcane.si\/nova\/wp-content\/uploads\/2026\/02\/PISNI-PREIZKUSI.png","contentUrl":"https:\/\/ospoljcane.si\/nova\/wp-content\/uploads\/2026\/02\/PISNI-PREIZKUSI.png","width":1010,"height":752},{"@type":"BreadcrumbList","@id":"https:\/\/ospoljcane.si\/nova\/pisni-preizkusi-znanja-solsko-leto-2021-2022\/#breadcrumb","itemListElement":[{"@type":"ListItem","position":1,"name":"Domov","item":"https:\/\/ospoljcane.si\/nova\/"},{"@type":"ListItem","position":2,"name":"Pisni preizkusi znanja \u0161olsko leto 2025\/2026"}]},{"@type":"WebSite","@id":"https:\/\/ospoljcane.si\/nova\/#website","url":"https:\/\/ospoljcane.si\/nova\/","name":"Osnovna \u0161ola Kajetana Kovi\u010da Polj\u010dane","description":"","publisher":{"@id":"https:\/\/ospoljcane.si\/nova\/#organization"},"potentialAction":[{"@type":"SearchAction","target":{"@type":"EntryPoint","urlTemplate":"https:\/\/ospoljcane.si\/nova\/?s={search_term_string}"},"query-input":{"@type":"PropertyValueSpecification","valueRequired":true,"valueName":"search_term_string"}}],"inLanguage":"sl-SI"},{"@type":"Organization","@id":"https:\/\/ospoljcane.si\/nova\/#organization","name":"Osnovna \u0161ola Kajetana Kovi\u010da Polj\u010dane","url":"https:\/\/ospoljcane.si\/nova\/","logo":{"@type":"ImageObject","inLanguage":"sl-SI","@id":"https:\/\/ospoljcane.si\/nova\/#\/schema\/logo\/image\/","url":"https:\/\/ospoljcane.si\/nova\/wp-content\/uploads\/2020\/12\/cropped-cropped-Logotip-sole-2016_3G-1-1.png","contentUrl":"https:\/\/ospoljcane.si\/nova\/wp-content\/uploads\/2020\/12\/cropped-cropped-Logotip-sole-2016_3G-1-1.png","width":512,"height":512,"caption":"Osnovna \u0161ola Kajetana Kovi\u010da Polj\u010dane"},"image":{"@id":"https:\/\/ospoljcane.si\/nova\/#\/schema\/logo\/image\/"}}]}},"_links":{"self":[{"href":"https:\/\/ospoljcane.si\/nova\/wp-json\/wp\/v2\/pages\/7357","targetHints":{"allow":["GET"]}}],"collection":[{"href":"https:\/\/ospoljcane.si\/nova\/wp-json\/wp\/v2\/pages"}],"about":[{"href":"https:\/\/ospoljcane.si\/nova\/wp-json\/wp\/v2\/types\/page"}],"author":[{"embeddable":true,"href":"https:\/\/ospoljcane.si\/nova\/wp-json\/wp\/v2\/users\/1"}],"replies":[{"embeddable":true,"href":"https:\/\/ospoljcane.si\/nova\/wp-json\/wp\/v2\/comments?post=7357"}],"version-history":[{"count":38,"href":"https:\/\/ospoljcane.si\/nova\/wp-json\/wp\/v2\/pages\/7357\/revisions"}],"predecessor-version":[{"id":24091,"href":"https:\/\/ospoljcane.si\/nova\/wp-json\/wp\/v2\/pages\/7357\/revisions\/24091"}],"wp:attachment":[{"href":"https:\/\/ospoljcane.si\/nova\/wp-json\/wp\/v2\/media?parent=7357"}],"curies":[{"name":"wp","href":"https:\/\/api.w.org\/{rel}","templated":true}]}}