{"id":7243,"date":"2021-11-02T10:18:50","date_gmt":"2021-11-02T09:18:50","guid":{"rendered":"http:\/\/ospoljcane.si\/nova\/?page_id=7243"},"modified":"2021-11-02T10:24:42","modified_gmt":"2021-11-02T09:24:42","slug":"spodbujamo-gibanje-naj-sportna-sola","status":"publish","type":"page","link":"https:\/\/ospoljcane.si\/nova\/spodbujamo-gibanje-naj-sportna-sola\/","title":{"rendered":"Spodbujamo gibanje NAJ \u0160PORTNA \u0160OLA"},"content":{"rendered":"\t\t<div data-elementor-type=\"wp-page\" data-elementor-id=\"7243\" class=\"elementor elementor-7243\" data-elementor-post-type=\"page\">\n\t\t\t\t\t\t<section class=\"elementor-section elementor-top-section elementor-element elementor-element-814ac3d elementor-section-boxed elementor-section-height-default elementor-section-height-default\" data-id=\"814ac3d\" data-element_type=\"section\" data-e-type=\"section\">\n\t\t\t\t\t\t<div class=\"elementor-container elementor-column-gap-default\">\n\t\t\t\t\t<div class=\"elementor-column elementor-col-50 elementor-top-column elementor-element elementor-element-f704ab1\" data-id=\"f704ab1\" data-element_type=\"column\" data-e-type=\"column\">\n\t\t\t<div class=\"elementor-widget-wrap elementor-element-populated\">\n\t\t\t\t\t\t<div class=\"elementor-element elementor-element-1cd63ae elementor-widget elementor-widget-image\" data-id=\"1cd63ae\" data-element_type=\"widget\" data-e-type=\"widget\" data-widget_type=\"image.default\">\n\t\t\t\t<div class=\"elementor-widget-container\">\n\t\t\t\t\t\t\t\t\t\t\t\t\t\t\t<img fetchpriority=\"high\" decoding=\"async\" width=\"294\" height=\"565\" src=\"https:\/\/ospoljcane.si\/nova\/wp-content\/uploads\/2021\/10\/Sportna-sola.png\" class=\"attachment-large size-large wp-image-7087\" alt=\"\" srcset=\"https:\/\/ospoljcane.si\/nova\/wp-content\/uploads\/2021\/10\/Sportna-sola.png 294w, https:\/\/ospoljcane.si\/nova\/wp-content\/uploads\/2021\/10\/Sportna-sola-156x300.png 156w\" sizes=\"(max-width: 294px) 100vw, 294px\" \/>\t\t\t\t\t\t\t\t\t\t\t\t\t\t\t<\/div>\n\t\t\t\t<\/div>\n\t\t\t\t<div class=\"elementor-element elementor-element-dcc89f8 elementor-widget elementor-widget-image\" data-id=\"dcc89f8\" data-element_type=\"widget\" data-e-type=\"widget\" data-widget_type=\"image.default\">\n\t\t\t\t<div class=\"elementor-widget-container\">\n\t\t\t\t\t\t\t\t\t\t\t\t<figure class=\"wp-caption\">\n\t\t\t\t\t\t\t\t\t\t\t<a href=\"https:\/\/ospoljcane.si\/nova\/wp-content\/uploads\/2021\/11\/Zahvala-atletske-zveze-scaled.jpeg\" data-elementor-open-lightbox=\"yes\" data-e-action-hash=\"#elementor-action%3Aaction%3Dlightbox%26settings%3DeyJpZCI6NzI0NCwidXJsIjoiaHR0cHM6XC9cL29zcG9samNhbmUuc2lcL25vdmFcL3dwLWNvbnRlbnRcL3VwbG9hZHNcLzIwMjFcLzExXC9aYWh2YWxhLWF0bGV0c2tlLXp2ZXplLXNjYWxlZC5qcGVnIn0%3D\">\n\t\t\t\t\t\t\t<img decoding=\"async\" width=\"699\" height=\"1024\" src=\"https:\/\/ospoljcane.si\/nova\/wp-content\/uploads\/2021\/11\/Zahvala-atletske-zveze-699x1024.jpeg\" class=\"attachment-large size-large wp-image-7244\" alt=\"\" srcset=\"https:\/\/ospoljcane.si\/nova\/wp-content\/uploads\/2021\/11\/Zahvala-atletske-zveze-699x1024.jpeg 699w, https:\/\/ospoljcane.si\/nova\/wp-content\/uploads\/2021\/11\/Zahvala-atletske-zveze-205x300.jpeg 205w, https:\/\/ospoljcane.si\/nova\/wp-content\/uploads\/2021\/11\/Zahvala-atletske-zveze-768x1125.jpeg 768w, https:\/\/ospoljcane.si\/nova\/wp-content\/uploads\/2021\/11\/Zahvala-atletske-zveze-1049x1536.jpeg 1049w, https:\/\/ospoljcane.si\/nova\/wp-content\/uploads\/2021\/11\/Zahvala-atletske-zveze-1398x2048.jpeg 1398w, https:\/\/ospoljcane.si\/nova\/wp-content\/uploads\/2021\/11\/Zahvala-atletske-zveze-scaled.jpeg 1748w\" sizes=\"(max-width: 699px) 100vw, 699px\" \/>\t\t\t\t\t\t\t\t<\/a>\n\t\t\t\t\t\t\t\t\t\t\t<figcaption class=\"widget-image-caption wp-caption-text\">Zahvala Atletske zveze Slovenije.<\/figcaption>\n\t\t\t\t\t\t\t\t\t\t<\/figure>\n\t\t\t\t\t\t\t\t\t<\/div>\n\t\t\t\t<\/div>\n\t\t\t\t\t<\/div>\n\t\t<\/div>\n\t\t\t\t<div class=\"elementor-column elementor-col-50 elementor-top-column elementor-element elementor-element-987849d\" data-id=\"987849d\" data-element_type=\"column\" data-e-type=\"column\">\n\t\t\t<div class=\"elementor-widget-wrap elementor-element-populated\">\n\t\t\t\t\t\t<div class=\"elementor-element elementor-element-d41c45a elementor-widget elementor-widget-text-editor\" data-id=\"d41c45a\" data-element_type=\"widget\" data-e-type=\"widget\" data-widget_type=\"text-editor.default\">\n\t\t\t\t<div class=\"elementor-widget-container\">\n\t\t\t\t\t\t\t\t\t<p>V \u0161oli se zavedamo, kako pomemben je gibalni razvoj na\u0161ih u\u010dencev. In tudi tega, da sodoben na\u010din \u017eivljenje ponuja mladim zelo privla\u010dne in zabavne vsebine, \u010de so le pripravljeni ure in ure sedeti za ra\u010dunalnikom.<\/p><p>Zato jim v \u0161oli vedno znova ponujamo razli\u010dne gibalne dejavnosti, tako v okviru pouka kot v okviru izbirnih predmetov s podro\u010dja \u0161porta, interesnih dejavnosti, nadstandardnega programa. Tudi med vsebine drugih dni dejavnosti vklju\u010dujemo gibanje, hojo, tek &#8230; Vemo namre\u010d, da je gibalni razvoj podlaga za usklajen in uravnote\u017een razvoj zmo\u017enosti, \u010dustvovanja in socialnih kompetenc.<\/p><p>\u017de leta sodelujemo na razpisu nate\u010daja Naj \u0161portna \u0161ola, ki ga izvaja Zavod za \u0161port Planica v okviru MIZ\u0160. Vseskozi se uvr\u0161\u010damo na prva tri mesta v dr\u017eavi. Sredstva, ki jih dobimo za nagrado vedno porabimo za nabavo \u0161portnih pripomo\u010dkov (\u017eoge, kolebnice \u2026).<\/p><p>V leto\u0161njem letu nam je Zavod za \u0161port Planica zapisal: \u00bbVeseli smo, da va\u0161a \u0161ola sodeluje na na\u0161ih razpisanih nate\u010dajih za Naj \u0161portno \u0161olo, kar je odraz va\u0161ega izjemnega dela na podro\u010dju \u0161porta mladih. Delo, ki ga opravljate ima posebno vrednost \u2026\u00ab.<\/p><p>K zapisanemu smo prejeli tudi pravico do uporabe zastave in logotipa NAJ \u0160PORTNA \u0160OLA.<\/p><p>Oboje nas zavezuje k nadaljevanju zastavljenega dela, saj \u017eelimo mlade \u010dim bolj navdu\u0161iti za gibanje, \u0161port, zdrav na\u010din \u017eivljenja, predvsem pa jim pribli\u017eati alternativo pasivnemu \u017eivljenju v virtualnem svetu.<\/p><p>Zahvaljujem se vsem u\u010diteljem, ki spodbujajo mlade h gibanju, prosto\u010dasnim \u0161portnim dejavnostim, \u0161portnim treningom in tekmovanjem, \u0161e posebej pa obema \u0161portnima pedagogoma Voglar Miranu in Leskovar Ranku. Prav tako pa \u00a0star\u0161em za podporo in dober vzgled otrokom.<\/p><p>\u00a0<\/p><p>\u00a0<\/p><p>\u00a0<\/p>\t\t\t\t\t\t\t\t<\/div>\n\t\t\t\t<\/div>\n\t\t\t\t\t<\/div>\n\t\t<\/div>\n\t\t\t\t\t<\/div>\n\t\t<\/section>\n\t\t\t\t<section class=\"elementor-section elementor-top-section elementor-element elementor-element-015a4f7 elementor-section-boxed elementor-section-height-default elementor-section-height-default\" data-id=\"015a4f7\" data-element_type=\"section\" data-e-type=\"section\">\n\t\t\t\t\t\t<div class=\"elementor-container elementor-column-gap-default\">\n\t\t\t\t\t<div class=\"elementor-column elementor-col-100 elementor-top-column elementor-element elementor-element-61925d0\" data-id=\"61925d0\" data-element_type=\"column\" data-e-type=\"column\">\n\t\t\t<div class=\"elementor-widget-wrap elementor-element-populated\">\n\t\t\t\t\t\t<div class=\"elementor-element elementor-element-4a323c5 elementor-widget elementor-widget-text-editor\" data-id=\"4a323c5\" data-element_type=\"widget\" data-e-type=\"widget\" data-widget_type=\"text-editor.default\">\n\t\t\t\t<div class=\"elementor-widget-container\">\n\t\t\t\t\t\t\t\t\t<p style=\"text-align: right;\">mag. Francka Mravlje, ravnateljica<\/p><p style=\"text-align: right;\">Polj\u010dane, oktober 2021<\/p>\t\t\t\t\t\t\t\t<\/div>\n\t\t\t\t<\/div>\n\t\t\t\t\t<\/div>\n\t\t<\/div>\n\t\t\t\t\t<\/div>\n\t\t<\/section>\n\t\t\t\t<\/div>\n\t\t","protected":false},"excerpt":{"rendered":"<p>Zahvala Atletske zveze Slovenije. V \u0161oli se zavedamo, kako pomemben je gibalni razvoj na\u0161ih u\u010dencev. In tudi tega, da sodoben na\u010din \u017eivljenje ponuja mladim zelo &hellip; <\/p>\n","protected":false},"author":1,"featured_media":0,"parent":0,"menu_order":0,"comment_status":"closed","ping_status":"closed","template":"","meta":{"footnotes":""},"class_list":["post-7243","page","type-page","status-publish","hentry","image-hover-transition-effect","latest_post"],"yoast_head":"<!-- This site is optimized with the Yoast SEO plugin v27.4 - https:\/\/yoast.com\/product\/yoast-seo-wordpress\/ -->\n<title>Spodbujamo gibanje NAJ \u0160PORTNA \u0160OLA - Osnovna \u0161ola Kajetana Kovi\u010da Polj\u010dane<\/title>\n<meta name=\"robots\" content=\"index, follow, max-snippet:-1, max-image-preview:large, max-video-preview:-1\" \/>\n<link rel=\"canonical\" href=\"https:\/\/ospoljcane.si\/nova\/spodbujamo-gibanje-naj-sportna-sola\/\" \/>\n<meta property=\"og:locale\" content=\"sl_SI\" \/>\n<meta property=\"og:type\" content=\"article\" \/>\n<meta property=\"og:title\" content=\"Spodbujamo gibanje NAJ \u0160PORTNA \u0160OLA - Osnovna \u0161ola Kajetana Kovi\u010da Polj\u010dane\" \/>\n<meta property=\"og:description\" content=\"Zahvala Atletske zveze Slovenije. V \u0161oli se zavedamo, kako pomemben je gibalni razvoj na\u0161ih u\u010dencev. In tudi tega, da sodoben na\u010din \u017eivljenje ponuja mladim zelo &hellip;\" \/>\n<meta property=\"og:url\" content=\"https:\/\/ospoljcane.si\/nova\/spodbujamo-gibanje-naj-sportna-sola\/\" \/>\n<meta property=\"og:site_name\" content=\"Osnovna \u0161ola Kajetana Kovi\u010da Polj\u010dane\" \/>\n<meta property=\"article:modified_time\" content=\"2021-11-02T09:24:42+00:00\" \/>\n<meta property=\"og:image\" content=\"http:\/\/ospoljcane.si\/nova\/wp-content\/uploads\/2021\/10\/Sportna-sola.png\" \/>\n<meta name=\"twitter:card\" content=\"summary_large_image\" \/>\n<meta name=\"twitter:label1\" content=\"Est. reading time\" \/>\n\t<meta name=\"twitter:data1\" content=\"2 minuti\" \/>\n<script type=\"application\/ld+json\" class=\"yoast-schema-graph\">{\"@context\":\"https:\\\/\\\/schema.org\",\"@graph\":[{\"@type\":\"WebPage\",\"@id\":\"https:\\\/\\\/ospoljcane.si\\\/nova\\\/spodbujamo-gibanje-naj-sportna-sola\\\/\",\"url\":\"https:\\\/\\\/ospoljcane.si\\\/nova\\\/spodbujamo-gibanje-naj-sportna-sola\\\/\",\"name\":\"Spodbujamo gibanje NAJ \u0160PORTNA \u0160OLA - Osnovna \u0161ola Kajetana Kovi\u010da Polj\u010dane\",\"isPartOf\":{\"@id\":\"https:\\\/\\\/ospoljcane.si\\\/nova\\\/#website\"},\"primaryImageOfPage\":{\"@id\":\"https:\\\/\\\/ospoljcane.si\\\/nova\\\/spodbujamo-gibanje-naj-sportna-sola\\\/#primaryimage\"},\"image\":{\"@id\":\"https:\\\/\\\/ospoljcane.si\\\/nova\\\/spodbujamo-gibanje-naj-sportna-sola\\\/#primaryimage\"},\"thumbnailUrl\":\"http:\\\/\\\/ospoljcane.si\\\/nova\\\/wp-content\\\/uploads\\\/2021\\\/10\\\/Sportna-sola.png\",\"datePublished\":\"2021-11-02T09:18:50+00:00\",\"dateModified\":\"2021-11-02T09:24:42+00:00\",\"breadcrumb\":{\"@id\":\"https:\\\/\\\/ospoljcane.si\\\/nova\\\/spodbujamo-gibanje-naj-sportna-sola\\\/#breadcrumb\"},\"inLanguage\":\"sl-SI\",\"potentialAction\":[{\"@type\":\"ReadAction\",\"target\":[\"https:\\\/\\\/ospoljcane.si\\\/nova\\\/spodbujamo-gibanje-naj-sportna-sola\\\/\"]}]},{\"@type\":\"ImageObject\",\"inLanguage\":\"sl-SI\",\"@id\":\"https:\\\/\\\/ospoljcane.si\\\/nova\\\/spodbujamo-gibanje-naj-sportna-sola\\\/#primaryimage\",\"url\":\"https:\\\/\\\/ospoljcane.si\\\/nova\\\/wp-content\\\/uploads\\\/2021\\\/10\\\/Sportna-sola.png\",\"contentUrl\":\"https:\\\/\\\/ospoljcane.si\\\/nova\\\/wp-content\\\/uploads\\\/2021\\\/10\\\/Sportna-sola.png\",\"width\":294,\"height\":565},{\"@type\":\"BreadcrumbList\",\"@id\":\"https:\\\/\\\/ospoljcane.si\\\/nova\\\/spodbujamo-gibanje-naj-sportna-sola\\\/#breadcrumb\",\"itemListElement\":[{\"@type\":\"ListItem\",\"position\":1,\"name\":\"Domov\",\"item\":\"https:\\\/\\\/ospoljcane.si\\\/nova\\\/\"},{\"@type\":\"ListItem\",\"position\":2,\"name\":\"Spodbujamo gibanje NAJ \u0160PORTNA \u0160OLA\"}]},{\"@type\":\"WebSite\",\"@id\":\"https:\\\/\\\/ospoljcane.si\\\/nova\\\/#website\",\"url\":\"https:\\\/\\\/ospoljcane.si\\\/nova\\\/\",\"name\":\"Osnovna \u0161ola Kajetana Kovi\u010da Polj\u010dane\",\"description\":\"\",\"publisher\":{\"@id\":\"https:\\\/\\\/ospoljcane.si\\\/nova\\\/#organization\"},\"potentialAction\":[{\"@type\":\"SearchAction\",\"target\":{\"@type\":\"EntryPoint\",\"urlTemplate\":\"https:\\\/\\\/ospoljcane.si\\\/nova\\\/?s={search_term_string}\"},\"query-input\":{\"@type\":\"PropertyValueSpecification\",\"valueRequired\":true,\"valueName\":\"search_term_string\"}}],\"inLanguage\":\"sl-SI\"},{\"@type\":\"Organization\",\"@id\":\"https:\\\/\\\/ospoljcane.si\\\/nova\\\/#organization\",\"name\":\"Osnovna \u0161ola Kajetana Kovi\u010da Polj\u010dane\",\"url\":\"https:\\\/\\\/ospoljcane.si\\\/nova\\\/\",\"logo\":{\"@type\":\"ImageObject\",\"inLanguage\":\"sl-SI\",\"@id\":\"https:\\\/\\\/ospoljcane.si\\\/nova\\\/#\\\/schema\\\/logo\\\/image\\\/\",\"url\":\"https:\\\/\\\/ospoljcane.si\\\/nova\\\/wp-content\\\/uploads\\\/2020\\\/12\\\/cropped-cropped-Logotip-sole-2016_3G-1-1.png\",\"contentUrl\":\"https:\\\/\\\/ospoljcane.si\\\/nova\\\/wp-content\\\/uploads\\\/2020\\\/12\\\/cropped-cropped-Logotip-sole-2016_3G-1-1.png\",\"width\":512,\"height\":512,\"caption\":\"Osnovna \u0161ola Kajetana Kovi\u010da Polj\u010dane\"},\"image\":{\"@id\":\"https:\\\/\\\/ospoljcane.si\\\/nova\\\/#\\\/schema\\\/logo\\\/image\\\/\"}}]}<\/script>\n<!-- \/ Yoast SEO plugin. -->","yoast_head_json":{"title":"Spodbujamo gibanje NAJ \u0160PORTNA \u0160OLA - Osnovna \u0161ola Kajetana Kovi\u010da Polj\u010dane","robots":{"index":"index","follow":"follow","max-snippet":"max-snippet:-1","max-image-preview":"max-image-preview:large","max-video-preview":"max-video-preview:-1"},"canonical":"https:\/\/ospoljcane.si\/nova\/spodbujamo-gibanje-naj-sportna-sola\/","og_locale":"sl_SI","og_type":"article","og_title":"Spodbujamo gibanje NAJ \u0160PORTNA \u0160OLA - Osnovna \u0161ola Kajetana Kovi\u010da Polj\u010dane","og_description":"Zahvala Atletske zveze Slovenije. V \u0161oli se zavedamo, kako pomemben je gibalni razvoj na\u0161ih u\u010dencev. In tudi tega, da sodoben na\u010din \u017eivljenje ponuja mladim zelo &hellip;","og_url":"https:\/\/ospoljcane.si\/nova\/spodbujamo-gibanje-naj-sportna-sola\/","og_site_name":"Osnovna \u0161ola Kajetana Kovi\u010da Polj\u010dane","article_modified_time":"2021-11-02T09:24:42+00:00","og_image":[{"url":"http:\/\/ospoljcane.si\/nova\/wp-content\/uploads\/2021\/10\/Sportna-sola.png","type":"","width":"","height":""}],"twitter_card":"summary_large_image","twitter_misc":{"Est. reading time":"2 minuti"},"schema":{"@context":"https:\/\/schema.org","@graph":[{"@type":"WebPage","@id":"https:\/\/ospoljcane.si\/nova\/spodbujamo-gibanje-naj-sportna-sola\/","url":"https:\/\/ospoljcane.si\/nova\/spodbujamo-gibanje-naj-sportna-sola\/","name":"Spodbujamo gibanje NAJ \u0160PORTNA \u0160OLA - Osnovna \u0161ola Kajetana Kovi\u010da Polj\u010dane","isPartOf":{"@id":"https:\/\/ospoljcane.si\/nova\/#website"},"primaryImageOfPage":{"@id":"https:\/\/ospoljcane.si\/nova\/spodbujamo-gibanje-naj-sportna-sola\/#primaryimage"},"image":{"@id":"https:\/\/ospoljcane.si\/nova\/spodbujamo-gibanje-naj-sportna-sola\/#primaryimage"},"thumbnailUrl":"http:\/\/ospoljcane.si\/nova\/wp-content\/uploads\/2021\/10\/Sportna-sola.png","datePublished":"2021-11-02T09:18:50+00:00","dateModified":"2021-11-02T09:24:42+00:00","breadcrumb":{"@id":"https:\/\/ospoljcane.si\/nova\/spodbujamo-gibanje-naj-sportna-sola\/#breadcrumb"},"inLanguage":"sl-SI","potentialAction":[{"@type":"ReadAction","target":["https:\/\/ospoljcane.si\/nova\/spodbujamo-gibanje-naj-sportna-sola\/"]}]},{"@type":"ImageObject","inLanguage":"sl-SI","@id":"https:\/\/ospoljcane.si\/nova\/spodbujamo-gibanje-naj-sportna-sola\/#primaryimage","url":"https:\/\/ospoljcane.si\/nova\/wp-content\/uploads\/2021\/10\/Sportna-sola.png","contentUrl":"https:\/\/ospoljcane.si\/nova\/wp-content\/uploads\/2021\/10\/Sportna-sola.png","width":294,"height":565},{"@type":"BreadcrumbList","@id":"https:\/\/ospoljcane.si\/nova\/spodbujamo-gibanje-naj-sportna-sola\/#breadcrumb","itemListElement":[{"@type":"ListItem","position":1,"name":"Domov","item":"https:\/\/ospoljcane.si\/nova\/"},{"@type":"ListItem","position":2,"name":"Spodbujamo gibanje NAJ \u0160PORTNA \u0160OLA"}]},{"@type":"WebSite","@id":"https:\/\/ospoljcane.si\/nova\/#website","url":"https:\/\/ospoljcane.si\/nova\/","name":"Osnovna \u0161ola Kajetana Kovi\u010da Polj\u010dane","description":"","publisher":{"@id":"https:\/\/ospoljcane.si\/nova\/#organization"},"potentialAction":[{"@type":"SearchAction","target":{"@type":"EntryPoint","urlTemplate":"https:\/\/ospoljcane.si\/nova\/?s={search_term_string}"},"query-input":{"@type":"PropertyValueSpecification","valueRequired":true,"valueName":"search_term_string"}}],"inLanguage":"sl-SI"},{"@type":"Organization","@id":"https:\/\/ospoljcane.si\/nova\/#organization","name":"Osnovna \u0161ola Kajetana Kovi\u010da Polj\u010dane","url":"https:\/\/ospoljcane.si\/nova\/","logo":{"@type":"ImageObject","inLanguage":"sl-SI","@id":"https:\/\/ospoljcane.si\/nova\/#\/schema\/logo\/image\/","url":"https:\/\/ospoljcane.si\/nova\/wp-content\/uploads\/2020\/12\/cropped-cropped-Logotip-sole-2016_3G-1-1.png","contentUrl":"https:\/\/ospoljcane.si\/nova\/wp-content\/uploads\/2020\/12\/cropped-cropped-Logotip-sole-2016_3G-1-1.png","width":512,"height":512,"caption":"Osnovna \u0161ola Kajetana Kovi\u010da Polj\u010dane"},"image":{"@id":"https:\/\/ospoljcane.si\/nova\/#\/schema\/logo\/image\/"}}]}},"_links":{"self":[{"href":"https:\/\/ospoljcane.si\/nova\/wp-json\/wp\/v2\/pages\/7243","targetHints":{"allow":["GET"]}}],"collection":[{"href":"https:\/\/ospoljcane.si\/nova\/wp-json\/wp\/v2\/pages"}],"about":[{"href":"https:\/\/ospoljcane.si\/nova\/wp-json\/wp\/v2\/types\/page"}],"author":[{"embeddable":true,"href":"https:\/\/ospoljcane.si\/nova\/wp-json\/wp\/v2\/users\/1"}],"replies":[{"embeddable":true,"href":"https:\/\/ospoljcane.si\/nova\/wp-json\/wp\/v2\/comments?post=7243"}],"version-history":[{"count":3,"href":"https:\/\/ospoljcane.si\/nova\/wp-json\/wp\/v2\/pages\/7243\/revisions"}],"predecessor-version":[{"id":7247,"href":"https:\/\/ospoljcane.si\/nova\/wp-json\/wp\/v2\/pages\/7243\/revisions\/7247"}],"wp:attachment":[{"href":"https:\/\/ospoljcane.si\/nova\/wp-json\/wp\/v2\/media?parent=7243"}],"curies":[{"name":"wp","href":"https:\/\/api.w.org\/{rel}","templated":true}]}}