{"id":4914,"date":"2021-04-07T07:22:58","date_gmt":"2021-04-07T05:22:58","guid":{"rendered":"http:\/\/ospoljcane.si\/nova\/?page_id=4914"},"modified":"2022-05-19T18:22:15","modified_gmt":"2022-05-19T16:22:15","slug":"e-gradiva","status":"publish","type":"page","link":"https:\/\/ospoljcane.si\/nova\/e-gradiva\/","title":{"rendered":"Elektronska gradiva"},"content":{"rendered":"<ol>\n<li><strong>ENCIKLOPEDIJA\u00a0 MATEMATIKE:<\/strong><\/li>\n<\/ol>\n<p><a href=\"http:\/\/sl.wikipedia.org\/wiki\/Matematika\">http:\/\/sl.wikipedia.org\/wiki\/Matematika<\/a>\u00a0&#8211; prosta enciklopedija<\/p>\n<p>&nbsp;<\/p>\n<ol start=\"2\">\n<li><strong>GEOMETRIJSKA TELESA:<\/strong><\/li>\n<\/ol>\n<p><a href=\"http:\/\/www2.arnes.si\/~osljtrb1s\/\">http:\/\/www2.arnes.si\/~osljtrb1s\/<\/a>\u00a0 &#8211; oglata in okrogla geometrijska telesa: nastanek, opis, povr\u0161ina, prostornina, naloge \u2026<\/p>\n<p><a href=\"http:\/\/www.educa.fmf.uni-lj.si\/izodel\/sola\/2000\/dira\/petra\/lastnosti.htm\">http:\/\/www.educa.fmf.uni-lj.si\/izodel\/sola\/2000\/dira\/petra\/lastnosti.htm<\/a><strong>\u00a0&#8211;\u00a0<\/strong>kocka, kvader: opis, povr\u0161ina, prostornina, preseki, naloge<\/p>\n<p>&nbsp;<\/p>\n<ol start=\"3\">\n<li><strong>PRA\u0160TEVILA:\u00a0<\/strong><\/li>\n<\/ol>\n<p><a href=\"http:\/\/www.educa.fmf.uni-lj.si\/izodel\/sola\/2000\/dira\/Jana\/prastevila.html\">http:\/\/www.educa.fmf.uni-lj.si\/izodel\/sola\/2000\/dira\/Jana\/prastevila.html<\/a>\u00a0 &#8211;\u00a0pra\u0161tevila, sestavljena \u0161tevila, deljivost, Eratostenovo re\u0161eto, preveri svoje znanje<\/p>\n<p><a href=\"http:\/\/www.faust.fr.bw.schule.de\/mhb\/eratosiv.htm\">http:\/\/www.faust.fr.bw.schule.de\/mhb\/eratosiv.htm<\/a>\u00a0 &#8211; Eratostenovo re\u0161eto<\/p>\n<p><a href=\"http:\/\/sl.wikipedia.org\/wiki\/Tabela_prafaktorjev_%C5%A1tevil\">http:\/\/sl.wikipedia.org\/wiki\/Tabela_prafaktorjev_%C5%A1tevil<\/a><strong>\u00a0\u2013\u00a0<\/strong>tabela prafaktorjev od 1 do 1002<\/p>\n<p><a href=\"http:\/\/www.aaamath.com\/fra.html\">http:\/\/www.aaamath.com\/fra.html<\/a>\u00a0&#8211; pra\u0161tevila, sestavljena \u0161tevila &#8211; naloge<\/p>\n<p>&nbsp;<\/p>\n<ol start=\"4\">\n<li><strong>LINEARNA FUNKCIJA:\u00a0\u00a0\u00a0\u00a0\u00a0\u00a0\u00a0\u00a0\u00a0<\/strong><\/li>\n<\/ol>\n<p><a href=\"http:\/\/www2.arnes.si\/~osngso3s\/ma_linearfun2.htm\">http:\/\/www2.arnes.si\/~osngso3s\/ma_linearfun2.htm<\/a>\u00a0&#8211; naloge o funkcijah<\/p>\n<p><a href=\"http:\/\/www.padowan.dk\/graph\/\">http:\/\/www.padowan.dk\/graph\/<\/a>\u00a0&#8211; odprtokodni program, ki nam omogo\u010da risanje funkcij \u2026<\/p>\n<p>&nbsp;<\/p>\n<ol start=\"5\">\n<li><strong>TRIKOTNIK, VE\u010cKOTNIKI \u2026:<\/strong><\/li>\n<\/ol>\n<p><a href=\"http:\/\/www.zum.de\/ma\/fendt\/md\/md.htm\">http:\/\/www.zum.de\/ma\/fendt\/md\/md.htm<\/a>\u00a0&#8211;\u00a0apleti<\/p>\n<p><a href=\"http:\/\/www.educa.fmf.uni-lj.si\/izodel\/sola\/2002\/di\/Penca\/dva\/index.htm\">http:\/\/www.educa.fmf.uni-lj.si\/izodel\/sola\/2002\/di\/Penca\/dva\/index.htm<\/a>\u00a0&#8211; vse o ve\u010dkotnikih<\/p>\n<p><a href=\"http:\/\/www2.arnes.si\/~sspagrah\/lg.htm\">http:\/\/www2.arnes.si\/~sspagrah\/lg.htm<\/a>\u00a0&#8211;\u00a0raziskovanje trikotnika<\/p>\n<p><a href=\"http:\/\/www.educa.fmf.uni-lj.si\/izodel\/sola\/2000\/di\/Novak\/izobrazevalno\/trikotnik.htm\">http:\/\/www.educa.fmf.uni-lj.si\/izodel\/sola\/2000\/di\/Novak\/izobrazevalno\/trikotnik.htm<\/a>\u00a0&#8211;<strong>\u00a0<\/strong>vaje v ra\u010dunanju plo\u0161\u010dine trikotnika<\/p>\n<p><a href=\"http:\/\/www.educa.fmf.uni-lj.si\/izodel\/sola\/2002\/dira\/ipavec\/\">http:\/\/www.educa.fmf.uni-lj.si\/izodel\/sola\/2002\/dira\/ipavec\/<\/a><strong>\u00a0&#8211;\u00a0<\/strong>vse o \u0161tirikotnikih<\/p>\n<p><a href=\"http:\/\/www2.arnes.si\/~osngso3s\/virtualna\/matematika\/paralel_anim.htm\">http:\/\/www2.arnes.si\/%7Eosngso3s\/virtualna\/matematika\/paralel_anim.htm<\/a><strong>\u00a0&#8211;\u00a0<\/strong>animacija plo\u0161\u010dine paralelograma<\/p>\n<p><a href=\"http:\/\/www2.arnes.si\/~vzagar\/trik\/\">http:\/\/www2.arnes.si\/~vzagar\/trik\/<\/a>\u00a0&#8211; opis in lastnosti trikotnika, skladnostni izreki, zna\u010dilne daljice in to\u010dke, na\u010drtovanje trikotnikov<\/p>\n<p><a href=\"http:\/\/www.educa.fmf.uni-lj.si\/izodel\/sola\/2000\/dira\/andreja\/index.htm\">http:\/\/www.educa.fmf.uni-lj.si\/izodel\/sola\/2000\/dira\/andreja\/index.htm<\/a>\u00a0&#8211; o \u0161tirikotnikih: opis, lastnosti, obsegi in plo\u0161\u010dine, naloge<\/p>\n<p><a href=\"http:\/\/www2.arnes.si\/~osngso3s\/veckotnik.htm\">http:\/\/www2.arnes.si\/~osngso3s\/veckotnik.htm<\/a>\u00a0\u00a0in\u00a0<a href=\"http:\/\/www2.arnes.si\/~osngso3s\/veckotnik1.htm\">http:\/\/www2.arnes.si\/~osngso3s\/veckotnik1.htm<\/a>\u00a0&#8211; preverjanje znanja o ve\u010dkotnikih<\/p>\n<p>&nbsp;<\/p>\n<p><strong>\u00a0 \u00a0 \u00a06 . OSNOVNI GEOMETRIJSKI POJMI:<\/strong><\/p>\n<p><a href=\"http:\/\/www2.arnes.si\/%7Emstane\/index_okvirji.html\">http:\/\/www2.arnes.si\/%7Emstane\/index_okvirji.html<\/a><strong>\u00a0<\/strong>&#8211; definicije in izreki o geom. pojmih<\/p>\n<p><a href=\"http:\/\/www.mathopenref.com\/tocs\/constructionstoc.html\">http:\/\/www.mathopenref.com\/tocs\/constructionstoc.html<\/a>\u00a0&#8211; konstrukcijski postopki pravokotnic, ve\u010dkotnikov &#8230;<\/p>\n<p>&nbsp;<\/p>\n<ol start=\"7\">\n<li>\u00ad<strong>PITAGOROV IZREK:<\/strong><\/li>\n<\/ol>\n<p><a href=\"http:\/\/www.educa.fmf.uni-lj.si\/izodel\/sola\/2002\/dira\/praprotnik\/uvod.html\">http:\/\/www.educa.fmf.uni-lj.si\/izodel\/sola\/2002\/dira\/praprotnik\/uvod.html<\/a>\u00a0&#8211;\u00a0def. Pit. izreka, uporaba v trikotnikih in \u0161tirikotnikih, naloge<\/p>\n<p><a href=\"http:\/\/vlado.fmf.uni-lj.si\/vlado\/mm\/ura\/pythanim.gif\">http:\/\/vlado.fmf.uni-lj.si\/vlado\/mm\/ura\/pythanim.gif<\/a><\/p>\n<p><a href=\"http:\/\/www2.arnes.si\/~osljtrzin2\/pi\/index.htm\">http:\/\/www2.arnes.si\/~osljtrzin2\/pi\/index.htm<\/a>\u00a0&#8211; definicija, uporaba, naloge<\/p>\n<p><a href=\"http:\/\/www.educa.fmf.uni-lj.si\/izodel\/sola\/2000\/di\/GolobJ\/pitagora\/index.html\">http:\/\/www.educa.fmf.uni-lj.si\/izodel\/sola\/2000\/di\/GolobJ\/pitagora\/index.html<\/a>\u00a0&#8211; uporaba Pit. izreka s primeri<\/p>\n<p><a href=\"http:\/\/www.educa.fmf.uni-lj.si\/izodel\/ponudba\/1997\/ivanusa\/pitagora\/pitagora.html#dokaz\">http:\/\/www.educa.fmf.uni-lj.si\/izodel\/ponudba\/1997\/ivanusa\/pitagora\/pitagora.html#dokaz<\/a>\u00a0\u2013 Pitagorov izrek in izrek o skladnosti, razlaga in primeri nalog<\/p>\n<p><a href=\"http:\/\/www2.arnes.si\/~mtanko\/pi1.htm\">http:\/\/www2.arnes.si\/~mtanko\/pi1.htm<\/a>\u00a0&#8211; naloge za utrditev pridobljenega\u00a0znanja<\/p>\n<p>&nbsp;<\/p>\n<ol start=\"8\">\n<li><strong>RACIONALNA \u0160TEVILA:<\/strong><\/li>\n<\/ol>\n<p><a href=\"http:\/\/www.educa.fmf.uni-lj.si\/izodel\/sola\/2000\/dira\/izidor\/htm_page\/menju.htm\">http:\/\/www.educa.fmf.uni-lj.si\/izodel\/sola\/2000\/dira\/izidor\/htm_page\/menju.htm<\/a>\u00a0&#8211;\u00a0se\u0161tevanje in od\u0161tevanje rac. \u0161tevil, ena\u010dbe \u2013 teorija in naloge<\/p>\n<p><a href=\"http:\/\/www2.arnes.si\/~osngso3s\/racion_stc.htm\">http:\/\/www2.arnes.si\/~osngso3s\/racion_stc.htm<\/a>\u00a0&#8211;\u00a0naloge<\/p>\n<p><a href=\"http:\/\/www2.arnes.si\/~osngso3s\/virt_ma.htm\">http:\/\/www2.arnes.si\/~osngso3s\/virt_ma.htm<\/a><strong>\u00a0\u00a0&#8211;\u00a0<\/strong>ra\u010dunanje\u00a0 z rac. \u0161tevili &#8211; naloge<\/p>\n<p><a href=\"http:\/\/wims.unice.fr\/wims\/en_home.html\">http:\/\/wims.unice.fr\/wims\/en_home.html<\/a><\/p>\n<p><strong>\u00a0\u00a0<\/strong><\/p>\n<ol start=\"9\">\n<li><strong> NARAVNA \u0160TEVILA, VE\u010cKRATNIKI IN DELITELJI:<\/strong><\/li>\n<\/ol>\n<p><a href=\"http:\/\/www.educa.fmf.uni-lj.si\/izodel\/sola\/2000\/dira\/Jana\/index1.html\">http:\/\/www.educa.fmf.uni-lj.si\/izodel\/sola\/2000\/dira\/Jana\/index1.html<\/a>\u00a0&#8211; ve\u010dkratniki in delitelji, pra\u0161tevila in sestavljena \u0161tevila, naloge<\/p>\n<p><a href=\"http:\/\/www.educa.fmf.uni-lj.si\/izodel\/sola\/2000\/dira\/Marta\/racop.html\">http:\/\/www.educa.fmf.uni-lj.si\/izodel\/sola\/2000\/dira\/Marta\/racop.html<\/a>\u00a0&#8211; vse \u0161tiri ra\u010dunske operacije, lastnosti, vrstni red operacij v izrazu, naloge<\/p>\n<p><a href=\"http:\/\/www.educa.fmf.uni-lj.si\/izodel\/sola\/2002\/dira\/neza\/5matko.html\">http:\/\/www.educa.fmf.uni-lj.si\/izodel\/sola\/2002\/dira\/neza\/5matko.html<\/a><strong>\u2013\u00a0<\/strong>naloge z ra\u010dunskimi operacijami med ve\u010djimi \u0161tevili<\/p>\n<p><a href=\"http:\/\/www.aaamath.com\/fra.html\">http:\/\/www.aaamath.com\/fra.html<\/a>\u00a0&#8211; naloge o deljivosti \u0161tevil<\/p>\n<p>&nbsp;<\/p>\n<p><strong>10 .\u00a0\u00a0KROG:<\/strong><\/p>\n<p><a href=\"http:\/\/www.educa.fmf.uni-lj.si\/izodel\/sola\/2002\/dira\/nina\/uvod.html\">http:\/\/www.educa.fmf.uni-lj.si\/izodel\/sola\/2002\/dira\/nina\/uvod.html<\/a>\u00a0&#8211; opredelitev pojmov v krogu\u2026obseg in plo\u0161\u010dina kroga, kro\u017eni lok, kro\u017eni izsek, kro\u017eni kolobar, naloge<\/p>\n<p>&nbsp;<\/p>\n<ol start=\"11\">\n<li><strong>ENA\u010cBE:<\/strong><\/li>\n<\/ol>\n<p><a href=\"http:\/\/nlvm.usu.edu\/en\/nav\/frames_asid_201_g_4_t_2.html?open=instructions\">http:\/\/nlvm.usu.edu\/en\/nav\/frames_asid_201_g_4_t_2.html?open=instructions<\/a>\u00a0 &#8211; grafi\u010dni prikaz re\u0161evanja ena\u010db<\/p>\n<p><a href=\"http:\/\/www.educa.fmf.uni-lj.si\/izodel\/sola\/2002\/dira\/zamernik\/Linerana_enacba_z_eno_neznanko-Uvod.htm\">http:\/\/www.educa.fmf.uni-lj.si\/izodel\/sola\/2002\/dira\/zamernik\/Linerana_enacba_z_eno_neznanko-Uvod.htm<\/a>\u00a0&#8211;\u00a0o linearnih ena\u010dbah, razlaga, naloge &#8230;<\/p>\n<p>&nbsp;<\/p>\n<ol start=\"12\">\n<li><strong>ULOMKI:<\/strong><\/li>\n<\/ol>\n<p><a href=\"http:\/\/www.educa.fmf.uni-lj.si\/mathshw\/alansfrac\/alansfrac.htm\">http:\/\/www.educa.fmf.uni-lj.si\/mathshw\/alansfrac\/alansfrac.htm<\/a>\u00a0&#8211; program omogo\u010da u\u010denje in vajo ulomkov, ki so prikazani tudi grafi\u010dno. Ulomke lahko se\u0161tevamo, od\u0161tevamo, mno\u017eimo in delimo<\/p>\n<p><a href=\"http:\/\/www.educa.fmf.uni-lj.si\/mathshw\/Programi\/mwfd160.exe\">http:\/\/www.educa.fmf.uni-lj.si\/mathshw\/Programi\/mwfd160.exe<\/a>\u00a0&#8211; program<\/p>\n<p><a href=\"http:\/\/www2.arnes.si\/~osngso3s\/ulomki_os.htm\">http:\/\/www2.arnes.si\/~osngso3s\/ulomki_os.htm<\/a>\u00a0&#8211; naloge iz osnovnih pojmov ulomkov<\/p>\n<p><a href=\"http:\/\/www2.arnes.si\/~osngso3s\/ulomki_os1c.htm\">http:\/\/www2.arnes.si\/~osngso3s\/ulomki_os1c.htm<\/a>\u00a0&#8211; naloge iz enakosti ulomkov, primerjanje \u2026<\/p>\n<p><a href=\"http:\/\/www.visualfractions.com\/\">http:\/\/www.visualfractions.com<\/a>\u00a0\u2013 ponazarjanje ulomkov, ra\u010dunanje z ulomki (grafi\u010dni prikazi), pretvorniki enot<\/p>\n<p><a href=\"http:\/\/www.aaamath.com\/fra.html\">http:\/\/www.aaamath.com\/fra.html<\/a>\u00a0&#8211; ra\u010dunanje z ulomki, kraj\u0161anje ulomkov, zapis ulomka s celim delom in ulomkom, ki je &#8230;, deljivost \u0161tevil, zapis ulomka z dec. \u0161t. \u2013 zbirke naloge<\/p>\n<p><a href=\"http:\/\/www.educa.fmf.uni-lj.si\/izodel\/sola\/2002\/dira\/jelenc\/uvod.htm\">http:\/\/www.educa.fmf.uni-lj.si\/izodel\/sola\/2002\/dira\/jelenc\/uvod.htm<\/a>\u00a0&#8211; razlage kraj\u0161anja ulomkov, ra\u010dunanje z ulomki, naloge<\/p>\n<p><a href=\"http:\/\/www.educa.fmf.uni-lj.si\/mathshw\/ulomki.htm\">http:\/\/www.educa.fmf.uni-lj.si\/mathshw\/ulomki.htm<\/a>\u00a0&#8211; na tej strani najdete preizkusne programe za matematiko, kjer se uporabljajo tudi ulomki.<\/p>\n<p><a href=\"http:\/\/www.supra.si\/priloge\/Nadica_Potocnik_1.doc\">http:\/\/www.supra.si\/priloge\/Nadica_Potocnik_1.doc<\/a>\u00a0&#8211; preizkus znanja &#8220;ra\u010dunske operacije z ulomki, decimalna \u0161tevila,\u00a0 geometrijske oblike in transformacije<\/p>\n<p>&nbsp;<\/p>\n<ol start=\"13\">\n<li><strong>ODSTOTKI:<\/strong><\/li>\n<\/ol>\n<p><a href=\"http:\/\/www2.arnes.si\/~osngso3s\/virt_ma_9_procrac.htm\">http:\/\/www2.arnes.si\/~osngso3s\/virt_ma_9_procrac.htm<\/a>\u00a0&#8211; interaktivne nalogah za utrjevanje zapisovanje ulomkov in\u00a0 decimalnih \u0161tevil z odstotki, grafi\u010dno ponazarjanje odstotkov, ra\u010dunanje dela celote, \u010de pozna\u0161 celoto in dele\u017e izra\u017een v % , od\u010ditavanje dele\u017ea v odstotkih iz diagrama ter re\u0161evanje besedilnih nalog v katerih bo\u0161 iskal del, \u010de pozna\u0161 celoto in procentno mero<\/p>\n<p>&nbsp;<\/p>\n<ol start=\"14\">\n<li><strong> ZRCALJENJE:<\/strong><\/li>\n<\/ol>\n<p><a href=\"http:\/\/www.educa.fmf.uni-lj.si\/izodel\/sola\/2000\/dira\/tina\/1_stran.html\">http:\/\/www.educa.fmf.uni-lj.si\/izodel\/sola\/2000\/dira\/tina\/1_stran.html<\/a>\u00a0&#8211; virtualni u\u010dbenik je namenjen u\u010dencem za samostojno u\u010denje zrcaljenja \u010dez premico in se sklada z u\u010dnim na\u010drtom. Na koncu poglavja so naloge za preverjanje znanja in pa re\u0161itve.<\/p>\n<p><a href=\"http:\/\/www.educa.fmf.uni-lj.si\/izodel\/sola\/2000\/dira\/jelka\/zrcaljenjecezpremico.html\"><em>http:\/\/www.educa.fmf.uni-lj.si\/izodel\/sola\/2000\/dira\/jelka\/zrcaljenjecezpremico.html<\/em><\/a><em>\u00a0<\/em>&#8211; razlaga zrcaljenja \u010dez to\u010dko in premico, vrte\u017e in naloge<\/p>\n<p>&nbsp;<\/p>\n<ol start=\"15\">\n<li><strong>RAZNO:<\/strong><\/li>\n<\/ol>\n<p><a href=\"http:\/\/www.aaamath.com\/\">http:\/\/www.aaamath.com\/<\/a>\u00a0&#8211;<strong>\u00a0<\/strong>naloge mnogih mat. vsebin<\/p>\n<p><a href=\"http:\/\/www.educa.fmf.uni-lj.si\/mathshw\/kazalo.htm\">http:\/\/www.educa.fmf.uni-lj.si\/mathshw\/kazalo.htm<\/a>\u00a0&#8211; preizkusni programi za matematiko<\/p>\n<p><a href=\"http:\/\/www2.arnes.si\/~skunci1\/\">http:\/\/www2.arnes.si\/~skunci1\/<\/a>\u00a0&#8211; razli\u010dne naloge za motivacijo u\u010dencev od 1. do 5. razreda<\/p>\n<p><a href=\"http:\/\/www.nctm.org\">http:\/\/www.nctm.org<\/a>\u00a0&#8211; ZDA- DMFA<\/p>\n<p><a href=\"http:\/\/www.emis.de\/\">http:\/\/www.emis.de\/<\/a>\u00a0 &#8211; Evropska DMFA<\/p>\n<p><a href=\"http:\/\/sl.wikipedia.org\/wiki\/Zlati_rez\">http:\/\/sl.wikipedia.org\/wiki\/Zlati_rez<\/a>\u00a0 &#8211; zlati rez<\/p>\n<p><a href=\"http:\/\/www.si.lefo.net\/\">http:\/\/www.si.lefo.net\/<\/a>\u00a0&#8211; hitro ra\u010dunanje na pamet<\/p>\n<p><a href=\"http:\/\/www.educa.fmf.uni-lj.si\/ro\/pub\/2002\/ura\/valentina\/\">http:\/\/www.educa.fmf.uni-lj.si\/ro\/pub\/2002\/ura\/valentina\/<\/a>\u00a0&#8211; zgodovina matematike<\/p>\n<p><a href=\"http:\/\/www2.arnes.si\/~obosce\/uvod1.htm\">http:\/\/www2.arnes.si\/%7Eobosce\/uvod1.htm<\/a>\u00a0&#8211; naloge za u\u010dence 3. razreda<\/p>\n<p><a href=\"http:\/\/earth.google.com\">http:\/\/earth.google.com<\/a>\u00a0\u2013 brezpla\u010dna razli\u010dica programa, ki nam omogo\u010da merjenja na povr\u0161ini zemlje s pomo\u010djo satelitov<\/p>\n<p><a href=\"http:\/\/www.uciteljska.net\/\">http:\/\/www.uciteljska.net\/<\/a>\u00a0&#8211; portal za u\u010ditelje: menjalnica gradiv, mnenj in idej<\/p>\n<p><a href=\"http:\/\/www.e-um.si\/index.php\">http:\/\/www.e-um.si\/index.php<\/a>\u00a0-interaktivno u\u010denje matematike za u\u010dence od 1. do 9. razreda<\/p>\n<p><a href=\"http:\/\/www.iucbeniki.si\/\">http:\/\/www.iucbeniki.si\/<\/a>\u00a0 &#8211; i-u\u010dbeniki<\/p>\n<p><a href=\"https:\/\/www.irokus.si\/\">https:\/\/www.irokus.si\/<\/a> &#8211; elektronska gradiva Rokus<\/p>\n<p><a href=\"https:\/\/astra.si\/\">https:\/\/astra.si\/<\/a> &#8211; samostojno in\u00a0brezpla\u010dno\u00a0u\u010denje s pomo\u010djo interneta<\/p>\n<p><a href=\"https:\/\/razlagamo.si\/gradiva\/\">https:\/\/razlagamo.si\/gradiva\/<\/a> &#8211; veliko posnetkov od matematike, fizike in ostalih predmetov<\/p>\n<p><a href=\"https:\/\/www.geogebra.org\/t\/geometry\">https:\/\/www.geogebra.org\/t\/geometry<\/a> \u00a0&#8211; razli\u010dna gradiva iz matematike s pomo\u010djo geogebre<\/p>\n<p><a href=\"https:\/\/www.izzirokus.si\/\">https:\/\/www.izzirokus.si\/<\/a> &#8211; digitalna gradiva<\/p>\n<p><a href=\"https:\/\/www.geogebra.org\/download?lang=sl\">https:\/\/www.geogebra.org\/download?lang=sl<\/a> \u2013 prenos aplikacije Geogebre<\/p>\n","protected":false},"excerpt":{"rendered":"<p>ENCIKLOPEDIJA\u00a0 MATEMATIKE: http:\/\/sl.wikipedia.org\/wiki\/Matematika\u00a0&#8211; prosta enciklopedija &nbsp; GEOMETRIJSKA TELESA: http:\/\/www2.arnes.si\/~osljtrb1s\/\u00a0 &#8211; oglata in okrogla geometrijska telesa: nastanek, opis, povr\u0161ina, prostornina, naloge \u2026 http:\/\/www.educa.fmf.uni-lj.si\/izodel\/sola\/2000\/dira\/petra\/lastnosti.htm\u00a0&#8211;\u00a0kocka, kvader: opis, povr\u0161ina, &hellip; <\/p>\n","protected":false},"author":1,"featured_media":0,"parent":0,"menu_order":0,"comment_status":"closed","ping_status":"closed","template":"","meta":{"footnotes":""},"class_list":["post-4914","page","type-page","status-publish","hentry","image-hover-transition-effect","latest_post"],"yoast_head":"<!-- This site is optimized with the Yoast SEO plugin v27.3 - https:\/\/yoast.com\/product\/yoast-seo-wordpress\/ -->\n<title>Elektronska gradiva - Osnovna \u0161ola Kajetana Kovi\u010da Polj\u010dane<\/title>\n<meta name=\"description\" content=\"Elektronska gradiva, ki vam bodo koristila pri u\u010denju.\" \/>\n<meta name=\"robots\" content=\"index, follow, max-snippet:-1, max-image-preview:large, max-video-preview:-1\" \/>\n<link rel=\"canonical\" href=\"https:\/\/ospoljcane.si\/nova\/e-gradiva\/\" \/>\n<meta property=\"og:locale\" content=\"sl_SI\" \/>\n<meta property=\"og:type\" content=\"article\" \/>\n<meta property=\"og:title\" content=\"Elektronska gradiva - Osnovna \u0161ola Kajetana Kovi\u010da Polj\u010dane\" \/>\n<meta property=\"og:description\" content=\"Elektronska gradiva, ki vam bodo koristila pri u\u010denju.\" \/>\n<meta property=\"og:url\" content=\"https:\/\/ospoljcane.si\/nova\/e-gradiva\/\" \/>\n<meta property=\"og:site_name\" content=\"Osnovna \u0161ola Kajetana Kovi\u010da Polj\u010dane\" \/>\n<meta property=\"article:modified_time\" content=\"2022-05-19T16:22:15+00:00\" \/>\n<meta name=\"twitter:card\" content=\"summary_large_image\" \/>\n<meta name=\"twitter:label1\" content=\"Est. reading time\" \/>\n\t<meta name=\"twitter:data1\" content=\"3 minute\" \/>\n<script type=\"application\/ld+json\" class=\"yoast-schema-graph\">{\"@context\":\"https:\\\/\\\/schema.org\",\"@graph\":[{\"@type\":\"WebPage\",\"@id\":\"https:\\\/\\\/ospoljcane.si\\\/nova\\\/e-gradiva\\\/\",\"url\":\"https:\\\/\\\/ospoljcane.si\\\/nova\\\/e-gradiva\\\/\",\"name\":\"Elektronska gradiva - Osnovna \u0161ola Kajetana Kovi\u010da Polj\u010dane\",\"isPartOf\":{\"@id\":\"https:\\\/\\\/ospoljcane.si\\\/nova\\\/#website\"},\"datePublished\":\"2021-04-07T05:22:58+00:00\",\"dateModified\":\"2022-05-19T16:22:15+00:00\",\"description\":\"Elektronska gradiva, ki vam bodo koristila pri u\u010denju.\",\"breadcrumb\":{\"@id\":\"https:\\\/\\\/ospoljcane.si\\\/nova\\\/e-gradiva\\\/#breadcrumb\"},\"inLanguage\":\"sl-SI\",\"potentialAction\":[{\"@type\":\"ReadAction\",\"target\":[\"https:\\\/\\\/ospoljcane.si\\\/nova\\\/e-gradiva\\\/\"]}]},{\"@type\":\"BreadcrumbList\",\"@id\":\"https:\\\/\\\/ospoljcane.si\\\/nova\\\/e-gradiva\\\/#breadcrumb\",\"itemListElement\":[{\"@type\":\"ListItem\",\"position\":1,\"name\":\"Domov\",\"item\":\"https:\\\/\\\/ospoljcane.si\\\/nova\\\/\"},{\"@type\":\"ListItem\",\"position\":2,\"name\":\"Elektronska gradiva\"}]},{\"@type\":\"WebSite\",\"@id\":\"https:\\\/\\\/ospoljcane.si\\\/nova\\\/#website\",\"url\":\"https:\\\/\\\/ospoljcane.si\\\/nova\\\/\",\"name\":\"Osnovna \u0161ola Kajetana Kovi\u010da Polj\u010dane\",\"description\":\"\",\"publisher\":{\"@id\":\"https:\\\/\\\/ospoljcane.si\\\/nova\\\/#organization\"},\"potentialAction\":[{\"@type\":\"SearchAction\",\"target\":{\"@type\":\"EntryPoint\",\"urlTemplate\":\"https:\\\/\\\/ospoljcane.si\\\/nova\\\/?s={search_term_string}\"},\"query-input\":{\"@type\":\"PropertyValueSpecification\",\"valueRequired\":true,\"valueName\":\"search_term_string\"}}],\"inLanguage\":\"sl-SI\"},{\"@type\":\"Organization\",\"@id\":\"https:\\\/\\\/ospoljcane.si\\\/nova\\\/#organization\",\"name\":\"Osnovna \u0161ola Kajetana Kovi\u010da Polj\u010dane\",\"url\":\"https:\\\/\\\/ospoljcane.si\\\/nova\\\/\",\"logo\":{\"@type\":\"ImageObject\",\"inLanguage\":\"sl-SI\",\"@id\":\"https:\\\/\\\/ospoljcane.si\\\/nova\\\/#\\\/schema\\\/logo\\\/image\\\/\",\"url\":\"https:\\\/\\\/ospoljcane.si\\\/nova\\\/wp-content\\\/uploads\\\/2020\\\/12\\\/cropped-cropped-Logotip-sole-2016_3G-1-1.png\",\"contentUrl\":\"https:\\\/\\\/ospoljcane.si\\\/nova\\\/wp-content\\\/uploads\\\/2020\\\/12\\\/cropped-cropped-Logotip-sole-2016_3G-1-1.png\",\"width\":512,\"height\":512,\"caption\":\"Osnovna \u0161ola Kajetana Kovi\u010da Polj\u010dane\"},\"image\":{\"@id\":\"https:\\\/\\\/ospoljcane.si\\\/nova\\\/#\\\/schema\\\/logo\\\/image\\\/\"}}]}<\/script>\n<!-- \/ Yoast SEO plugin. -->","yoast_head_json":{"title":"Elektronska gradiva - Osnovna \u0161ola Kajetana Kovi\u010da Polj\u010dane","description":"Elektronska gradiva, ki vam bodo koristila pri u\u010denju.","robots":{"index":"index","follow":"follow","max-snippet":"max-snippet:-1","max-image-preview":"max-image-preview:large","max-video-preview":"max-video-preview:-1"},"canonical":"https:\/\/ospoljcane.si\/nova\/e-gradiva\/","og_locale":"sl_SI","og_type":"article","og_title":"Elektronska gradiva - Osnovna \u0161ola Kajetana Kovi\u010da Polj\u010dane","og_description":"Elektronska gradiva, ki vam bodo koristila pri u\u010denju.","og_url":"https:\/\/ospoljcane.si\/nova\/e-gradiva\/","og_site_name":"Osnovna \u0161ola Kajetana Kovi\u010da Polj\u010dane","article_modified_time":"2022-05-19T16:22:15+00:00","twitter_card":"summary_large_image","twitter_misc":{"Est. reading time":"3 minute"},"schema":{"@context":"https:\/\/schema.org","@graph":[{"@type":"WebPage","@id":"https:\/\/ospoljcane.si\/nova\/e-gradiva\/","url":"https:\/\/ospoljcane.si\/nova\/e-gradiva\/","name":"Elektronska gradiva - Osnovna \u0161ola Kajetana Kovi\u010da Polj\u010dane","isPartOf":{"@id":"https:\/\/ospoljcane.si\/nova\/#website"},"datePublished":"2021-04-07T05:22:58+00:00","dateModified":"2022-05-19T16:22:15+00:00","description":"Elektronska gradiva, ki vam bodo koristila pri u\u010denju.","breadcrumb":{"@id":"https:\/\/ospoljcane.si\/nova\/e-gradiva\/#breadcrumb"},"inLanguage":"sl-SI","potentialAction":[{"@type":"ReadAction","target":["https:\/\/ospoljcane.si\/nova\/e-gradiva\/"]}]},{"@type":"BreadcrumbList","@id":"https:\/\/ospoljcane.si\/nova\/e-gradiva\/#breadcrumb","itemListElement":[{"@type":"ListItem","position":1,"name":"Domov","item":"https:\/\/ospoljcane.si\/nova\/"},{"@type":"ListItem","position":2,"name":"Elektronska gradiva"}]},{"@type":"WebSite","@id":"https:\/\/ospoljcane.si\/nova\/#website","url":"https:\/\/ospoljcane.si\/nova\/","name":"Osnovna \u0161ola Kajetana Kovi\u010da Polj\u010dane","description":"","publisher":{"@id":"https:\/\/ospoljcane.si\/nova\/#organization"},"potentialAction":[{"@type":"SearchAction","target":{"@type":"EntryPoint","urlTemplate":"https:\/\/ospoljcane.si\/nova\/?s={search_term_string}"},"query-input":{"@type":"PropertyValueSpecification","valueRequired":true,"valueName":"search_term_string"}}],"inLanguage":"sl-SI"},{"@type":"Organization","@id":"https:\/\/ospoljcane.si\/nova\/#organization","name":"Osnovna \u0161ola Kajetana Kovi\u010da Polj\u010dane","url":"https:\/\/ospoljcane.si\/nova\/","logo":{"@type":"ImageObject","inLanguage":"sl-SI","@id":"https:\/\/ospoljcane.si\/nova\/#\/schema\/logo\/image\/","url":"https:\/\/ospoljcane.si\/nova\/wp-content\/uploads\/2020\/12\/cropped-cropped-Logotip-sole-2016_3G-1-1.png","contentUrl":"https:\/\/ospoljcane.si\/nova\/wp-content\/uploads\/2020\/12\/cropped-cropped-Logotip-sole-2016_3G-1-1.png","width":512,"height":512,"caption":"Osnovna \u0161ola Kajetana Kovi\u010da Polj\u010dane"},"image":{"@id":"https:\/\/ospoljcane.si\/nova\/#\/schema\/logo\/image\/"}}]}},"_links":{"self":[{"href":"https:\/\/ospoljcane.si\/nova\/wp-json\/wp\/v2\/pages\/4914","targetHints":{"allow":["GET"]}}],"collection":[{"href":"https:\/\/ospoljcane.si\/nova\/wp-json\/wp\/v2\/pages"}],"about":[{"href":"https:\/\/ospoljcane.si\/nova\/wp-json\/wp\/v2\/types\/page"}],"author":[{"embeddable":true,"href":"https:\/\/ospoljcane.si\/nova\/wp-json\/wp\/v2\/users\/1"}],"replies":[{"embeddable":true,"href":"https:\/\/ospoljcane.si\/nova\/wp-json\/wp\/v2\/comments?post=4914"}],"version-history":[{"count":6,"href":"https:\/\/ospoljcane.si\/nova\/wp-json\/wp\/v2\/pages\/4914\/revisions"}],"predecessor-version":[{"id":4930,"href":"https:\/\/ospoljcane.si\/nova\/wp-json\/wp\/v2\/pages\/4914\/revisions\/4930"}],"wp:attachment":[{"href":"https:\/\/ospoljcane.si\/nova\/wp-json\/wp\/v2\/media?parent=4914"}],"curies":[{"name":"wp","href":"https:\/\/api.w.org\/{rel}","templated":true}]}}