{"id":4733,"date":"2021-03-17T10:32:53","date_gmt":"2021-03-17T09:32:53","guid":{"rendered":"http:\/\/ospoljcane.si\/nova\/?page_id=4733"},"modified":"2026-03-23T11:37:25","modified_gmt":"2026-03-23T10:37:25","slug":"izbirni-postopek-izbirnih-predmetov","status":"publish","type":"page","link":"https:\/\/ospoljcane.si\/nova\/izbirni-postopek-izbirnih-predmetov\/","title":{"rendered":"Postopek izbire izbirnih predmetov 2026\/2027"},"content":{"rendered":"\t\t<div data-elementor-type=\"wp-page\" data-elementor-id=\"4733\" class=\"elementor elementor-4733\" data-elementor-post-type=\"page\">\n\t\t\t\t\t\t<section class=\"elementor-section elementor-top-section elementor-element elementor-element-8cd925e elementor-section-boxed elementor-section-height-default elementor-section-height-default\" data-id=\"8cd925e\" data-element_type=\"section\" data-e-type=\"section\">\n\t\t\t\t\t\t<div class=\"elementor-container elementor-column-gap-default\">\n\t\t\t\t\t<div class=\"elementor-column elementor-col-100 elementor-top-column elementor-element elementor-element-42cfddb1\" data-id=\"42cfddb1\" data-element_type=\"column\" data-e-type=\"column\">\n\t\t\t<div class=\"elementor-widget-wrap elementor-element-populated\">\n\t\t\t\t\t\t<div class=\"elementor-element elementor-element-66c7ada8 elementor-widget elementor-widget-text-editor\" data-id=\"66c7ada8\" data-element_type=\"widget\" data-e-type=\"widget\" data-widget_type=\"text-editor.default\">\n\t\t\t\t<div class=\"elementor-widget-container\">\n\t\t\t\t\t\t\t\t\t<p>Postopek izbire OBVEZNIH<strong>\u00a0<\/strong><strong>izbirnih predmetov<\/strong>\u00a0\u00a0 7., 8., in 9. razred za \u0161olsko leto 2025\/2026.<\/p><ol><li>Objava<strong>\u00a0<\/strong><a href=\"https:\/\/ospoljcane.si\/nova\/wp-content\/uploads\/2026\/03\/Predstavitev-vseh-izbirnih-predmetov_25-26-1.pdf\"><strong>seznama vseh izbirnih predmetov<\/strong><\/a>,\u00a0ki se lahko izberejo v III. triadi v osnovnih \u0161olah v Sloveniji \u2013 marec<\/li><li>Kratka<a href=\"https:\/\/ospoljcane.si\/nova\/wp-content\/uploads\/2026\/03\/Predstavitev-vseh-izbirnih-predmetov_25-26-1.pdf\">\u00a0<\/a><strong>predstavitev izbirnih predmetov\u00a0<\/strong>\u2013 marec<\/li><li>Izbira izbirnih predmetov\u00a0v\u00a0<a href=\"https:\/\/ospoljcane.si\/nova\/wp-content\/uploads\/2026\/03\/IZBIRNI-PREDMETI-2026_27-1-1.pdf\"><strong>eAsistentu za star\u0161e, kratka navodila in seznam predmetov po razredih<\/strong><\/a><a href=\"https:\/\/ospoljcane.si\/nova\/wp-content\/uploads\/2026\/03\/IZBIRNI-PREDMETI-2026_27-1.pdf\"><strong>,<\/strong><\/a><strong>\u00a0<\/strong><a href=\"https:\/\/ospoljcane.si\/nova\/wp-content\/uploads\/2026\/03\/PRILOGA-1-vloga-starsev-za-oprostitev-IP-1.pdf\"><strong>PRILOGA 1<\/strong><\/a><strong>\u00a0<\/strong>marec<\/li><li>Izbirne predmete lahko izbirate\u00a0<strong>od 30. 3. 2026 do 6. 4. 2026.\u00a0<\/strong>Ko bo postopek za prijavo odprt, boste obve\u0161\u010deni preko eAsistenta.<\/li><li>Izbira po dogovoru z vodjem postopka izbire izbirnih predmetov (mo\u017enost zamenjave izbranega predmeta) \u2013 april<\/li><li>Obvestilo u\u010dencem o izbranih predmetih \u2013 april<\/li><\/ol><p>Postopek izbire\u00a0<strong>NEOBVEZNIH izbirnih predmetov<\/strong>\u00a0<strong>(NIP)<\/strong>\u00a0za \u0161olsko leto 2026\/2027.<\/p><ol><li>Predstavitev NIP u\u010dencem\u00a0 3., 4., 5. in 6. razreda\u00a0(<a href=\"https:\/\/ospoljcane.si\/nova\/wp-content\/uploads\/2021\/04\/Predstavitev-NIP-Nemscina.pdf\">nem\u0161\u010dina<\/a>,\u00a0<a href=\"https:\/\/ospoljcane.si\/nova\/wp-content\/uploads\/2021\/04\/Predstavitev-NIP-Sport.pdf\">\u0161port<\/a>,\u00a0<a href=\"https:\/\/ospoljcane.si\/nova\/wp-content\/uploads\/2021\/04\/Predstavitev-NIP-Tehnika.pdf\">tehnika<\/a>,\u00a0<a href=\"https:\/\/ospoljcane.si\/nova\/wp-content\/uploads\/2021\/04\/Predstavitev-NIP-Racunalnistvo.pdf\">ra\u010dunalni\u0161tvo<\/a>)\u00a0\u2013 maj<\/li><li>Predstavitev NIP star\u0161em\u00a0 3. razredov na roditeljskem sestanku\u00a0\u2013\u00a0<strong>12. 5. 2026<\/strong><\/li><li>Izbira NIP v eAsistentu 13.-20.5.2026,\u00a0<a href=\"https:\/\/ospoljcane.si\/nova\/wp-content\/uploads\/2026\/03\/Navodila-za-starse.pdf\">NAVODILA ZA STAR\u0160E\u00a0<\/a>,\u00a0<a href=\"https:\/\/www.gov.si\/teme\/programi-in-ucni-nacrti-v-osnovni-soli\/\">predstavitev predmetov na portalu GOV.SI v poglavju Programi in u\u010dni na\u010drti v osnovni \u0161oli<\/a>\u00a0\u2013 maj<\/li><li>Obvestilo u\u010dencem o izbranih NIP \u2013 maj<\/li><\/ol><p>III. triada<\/p><ol><li>Objava neobveznih izbirnih predmetov (nem\u0161\u010dina, \u0161pan\u0161\u010dina), ki se lahko izberejo v III. triadi na \u0161oli \u2013 13.5.2026<\/li><li>Izbira neobveznih izbirnih predmetov v eAsistentu za star\u0161e\u00a0\u00a0\u2013 13.-20.5.2026<\/li><li>Obvestilo u\u010dencem o izbranih predmetih \u2013 maj<\/li><\/ol>\t\t\t\t\t\t\t\t<\/div>\n\t\t\t\t<\/div>\n\t\t\t\t\t<\/div>\n\t\t<\/div>\n\t\t\t\t\t<\/div>\n\t\t<\/section>\n\t\t\t\t<\/div>\n\t\t","protected":false},"excerpt":{"rendered":"<p>Postopek izbire OBVEZNIH\u00a0izbirnih predmetov\u00a0\u00a0 7., 8., in 9. razred za \u0161olsko leto 2025\/2026. Objava\u00a0seznama vseh izbirnih predmetov,\u00a0ki se lahko izberejo v III. triadi v osnovnih &hellip; <\/p>\n","protected":false},"author":1,"featured_media":0,"parent":0,"menu_order":0,"comment_status":"closed","ping_status":"closed","template":"","meta":{"footnotes":""},"class_list":["post-4733","page","type-page","status-publish","hentry","image-hover-transition-effect","latest_post"],"yoast_head":"<!-- This site is optimized with the Yoast SEO plugin v27.4 - https:\/\/yoast.com\/product\/yoast-seo-wordpress\/ -->\n<title>Postopek izbire izbirnih predmetov 2026\/2027 - Osnovna \u0161ola Kajetana Kovi\u010da Polj\u010dane<\/title>\n<meta name=\"robots\" content=\"index, follow, max-snippet:-1, max-image-preview:large, max-video-preview:-1\" \/>\n<link rel=\"canonical\" href=\"https:\/\/ospoljcane.si\/nova\/izbirni-postopek-izbirnih-predmetov\/\" \/>\n<meta property=\"og:locale\" content=\"sl_SI\" \/>\n<meta property=\"og:type\" content=\"article\" \/>\n<meta property=\"og:title\" content=\"Postopek izbire izbirnih predmetov 2026\/2027 - Osnovna \u0161ola Kajetana Kovi\u010da Polj\u010dane\" \/>\n<meta property=\"og:description\" content=\"Postopek izbire OBVEZNIH\u00a0izbirnih predmetov\u00a0\u00a0 7., 8., in 9. razred za \u0161olsko leto 2025\/2026. Objava\u00a0seznama vseh izbirnih predmetov,\u00a0ki se lahko izberejo v III. triadi v osnovnih &hellip;\" \/>\n<meta property=\"og:url\" content=\"https:\/\/ospoljcane.si\/nova\/izbirni-postopek-izbirnih-predmetov\/\" \/>\n<meta property=\"og:site_name\" content=\"Osnovna \u0161ola Kajetana Kovi\u010da Polj\u010dane\" \/>\n<meta property=\"article:modified_time\" content=\"2026-03-23T10:37:25+00:00\" \/>\n<meta name=\"twitter:card\" content=\"summary_large_image\" \/>\n<meta name=\"twitter:label1\" content=\"Est. reading time\" \/>\n\t<meta name=\"twitter:data1\" content=\"2 minuti\" \/>\n<script type=\"application\/ld+json\" class=\"yoast-schema-graph\">{\"@context\":\"https:\\\/\\\/schema.org\",\"@graph\":[{\"@type\":\"WebPage\",\"@id\":\"https:\\\/\\\/ospoljcane.si\\\/nova\\\/izbirni-postopek-izbirnih-predmetov\\\/\",\"url\":\"https:\\\/\\\/ospoljcane.si\\\/nova\\\/izbirni-postopek-izbirnih-predmetov\\\/\",\"name\":\"Postopek izbire izbirnih predmetov 2026\\\/2027 - Osnovna \u0161ola Kajetana Kovi\u010da Polj\u010dane\",\"isPartOf\":{\"@id\":\"https:\\\/\\\/ospoljcane.si\\\/nova\\\/#website\"},\"datePublished\":\"2021-03-17T09:32:53+00:00\",\"dateModified\":\"2026-03-23T10:37:25+00:00\",\"breadcrumb\":{\"@id\":\"https:\\\/\\\/ospoljcane.si\\\/nova\\\/izbirni-postopek-izbirnih-predmetov\\\/#breadcrumb\"},\"inLanguage\":\"sl-SI\",\"potentialAction\":[{\"@type\":\"ReadAction\",\"target\":[\"https:\\\/\\\/ospoljcane.si\\\/nova\\\/izbirni-postopek-izbirnih-predmetov\\\/\"]}]},{\"@type\":\"BreadcrumbList\",\"@id\":\"https:\\\/\\\/ospoljcane.si\\\/nova\\\/izbirni-postopek-izbirnih-predmetov\\\/#breadcrumb\",\"itemListElement\":[{\"@type\":\"ListItem\",\"position\":1,\"name\":\"Domov\",\"item\":\"https:\\\/\\\/ospoljcane.si\\\/nova\\\/\"},{\"@type\":\"ListItem\",\"position\":2,\"name\":\"Postopek izbire izbirnih predmetov 2026\\\/2027\"}]},{\"@type\":\"WebSite\",\"@id\":\"https:\\\/\\\/ospoljcane.si\\\/nova\\\/#website\",\"url\":\"https:\\\/\\\/ospoljcane.si\\\/nova\\\/\",\"name\":\"Osnovna \u0161ola Kajetana Kovi\u010da Polj\u010dane\",\"description\":\"\",\"publisher\":{\"@id\":\"https:\\\/\\\/ospoljcane.si\\\/nova\\\/#organization\"},\"potentialAction\":[{\"@type\":\"SearchAction\",\"target\":{\"@type\":\"EntryPoint\",\"urlTemplate\":\"https:\\\/\\\/ospoljcane.si\\\/nova\\\/?s={search_term_string}\"},\"query-input\":{\"@type\":\"PropertyValueSpecification\",\"valueRequired\":true,\"valueName\":\"search_term_string\"}}],\"inLanguage\":\"sl-SI\"},{\"@type\":\"Organization\",\"@id\":\"https:\\\/\\\/ospoljcane.si\\\/nova\\\/#organization\",\"name\":\"Osnovna \u0161ola Kajetana Kovi\u010da Polj\u010dane\",\"url\":\"https:\\\/\\\/ospoljcane.si\\\/nova\\\/\",\"logo\":{\"@type\":\"ImageObject\",\"inLanguage\":\"sl-SI\",\"@id\":\"https:\\\/\\\/ospoljcane.si\\\/nova\\\/#\\\/schema\\\/logo\\\/image\\\/\",\"url\":\"https:\\\/\\\/ospoljcane.si\\\/nova\\\/wp-content\\\/uploads\\\/2020\\\/12\\\/cropped-cropped-Logotip-sole-2016_3G-1-1.png\",\"contentUrl\":\"https:\\\/\\\/ospoljcane.si\\\/nova\\\/wp-content\\\/uploads\\\/2020\\\/12\\\/cropped-cropped-Logotip-sole-2016_3G-1-1.png\",\"width\":512,\"height\":512,\"caption\":\"Osnovna \u0161ola Kajetana Kovi\u010da Polj\u010dane\"},\"image\":{\"@id\":\"https:\\\/\\\/ospoljcane.si\\\/nova\\\/#\\\/schema\\\/logo\\\/image\\\/\"}}]}<\/script>\n<!-- \/ Yoast SEO plugin. -->","yoast_head_json":{"title":"Postopek izbire izbirnih predmetov 2026\/2027 - Osnovna \u0161ola Kajetana Kovi\u010da Polj\u010dane","robots":{"index":"index","follow":"follow","max-snippet":"max-snippet:-1","max-image-preview":"max-image-preview:large","max-video-preview":"max-video-preview:-1"},"canonical":"https:\/\/ospoljcane.si\/nova\/izbirni-postopek-izbirnih-predmetov\/","og_locale":"sl_SI","og_type":"article","og_title":"Postopek izbire izbirnih predmetov 2026\/2027 - Osnovna \u0161ola Kajetana Kovi\u010da Polj\u010dane","og_description":"Postopek izbire OBVEZNIH\u00a0izbirnih predmetov\u00a0\u00a0 7., 8., in 9. razred za \u0161olsko leto 2025\/2026. Objava\u00a0seznama vseh izbirnih predmetov,\u00a0ki se lahko izberejo v III. triadi v osnovnih &hellip;","og_url":"https:\/\/ospoljcane.si\/nova\/izbirni-postopek-izbirnih-predmetov\/","og_site_name":"Osnovna \u0161ola Kajetana Kovi\u010da Polj\u010dane","article_modified_time":"2026-03-23T10:37:25+00:00","twitter_card":"summary_large_image","twitter_misc":{"Est. reading time":"2 minuti"},"schema":{"@context":"https:\/\/schema.org","@graph":[{"@type":"WebPage","@id":"https:\/\/ospoljcane.si\/nova\/izbirni-postopek-izbirnih-predmetov\/","url":"https:\/\/ospoljcane.si\/nova\/izbirni-postopek-izbirnih-predmetov\/","name":"Postopek izbire izbirnih predmetov 2026\/2027 - Osnovna \u0161ola Kajetana Kovi\u010da Polj\u010dane","isPartOf":{"@id":"https:\/\/ospoljcane.si\/nova\/#website"},"datePublished":"2021-03-17T09:32:53+00:00","dateModified":"2026-03-23T10:37:25+00:00","breadcrumb":{"@id":"https:\/\/ospoljcane.si\/nova\/izbirni-postopek-izbirnih-predmetov\/#breadcrumb"},"inLanguage":"sl-SI","potentialAction":[{"@type":"ReadAction","target":["https:\/\/ospoljcane.si\/nova\/izbirni-postopek-izbirnih-predmetov\/"]}]},{"@type":"BreadcrumbList","@id":"https:\/\/ospoljcane.si\/nova\/izbirni-postopek-izbirnih-predmetov\/#breadcrumb","itemListElement":[{"@type":"ListItem","position":1,"name":"Domov","item":"https:\/\/ospoljcane.si\/nova\/"},{"@type":"ListItem","position":2,"name":"Postopek izbire izbirnih predmetov 2026\/2027"}]},{"@type":"WebSite","@id":"https:\/\/ospoljcane.si\/nova\/#website","url":"https:\/\/ospoljcane.si\/nova\/","name":"Osnovna \u0161ola Kajetana Kovi\u010da Polj\u010dane","description":"","publisher":{"@id":"https:\/\/ospoljcane.si\/nova\/#organization"},"potentialAction":[{"@type":"SearchAction","target":{"@type":"EntryPoint","urlTemplate":"https:\/\/ospoljcane.si\/nova\/?s={search_term_string}"},"query-input":{"@type":"PropertyValueSpecification","valueRequired":true,"valueName":"search_term_string"}}],"inLanguage":"sl-SI"},{"@type":"Organization","@id":"https:\/\/ospoljcane.si\/nova\/#organization","name":"Osnovna \u0161ola Kajetana Kovi\u010da Polj\u010dane","url":"https:\/\/ospoljcane.si\/nova\/","logo":{"@type":"ImageObject","inLanguage":"sl-SI","@id":"https:\/\/ospoljcane.si\/nova\/#\/schema\/logo\/image\/","url":"https:\/\/ospoljcane.si\/nova\/wp-content\/uploads\/2020\/12\/cropped-cropped-Logotip-sole-2016_3G-1-1.png","contentUrl":"https:\/\/ospoljcane.si\/nova\/wp-content\/uploads\/2020\/12\/cropped-cropped-Logotip-sole-2016_3G-1-1.png","width":512,"height":512,"caption":"Osnovna \u0161ola Kajetana Kovi\u010da Polj\u010dane"},"image":{"@id":"https:\/\/ospoljcane.si\/nova\/#\/schema\/logo\/image\/"}}]}},"_links":{"self":[{"href":"https:\/\/ospoljcane.si\/nova\/wp-json\/wp\/v2\/pages\/4733","targetHints":{"allow":["GET"]}}],"collection":[{"href":"https:\/\/ospoljcane.si\/nova\/wp-json\/wp\/v2\/pages"}],"about":[{"href":"https:\/\/ospoljcane.si\/nova\/wp-json\/wp\/v2\/types\/page"}],"author":[{"embeddable":true,"href":"https:\/\/ospoljcane.si\/nova\/wp-json\/wp\/v2\/users\/1"}],"replies":[{"embeddable":true,"href":"https:\/\/ospoljcane.si\/nova\/wp-json\/wp\/v2\/comments?post=4733"}],"version-history":[{"count":177,"href":"https:\/\/ospoljcane.si\/nova\/wp-json\/wp\/v2\/pages\/4733\/revisions"}],"predecessor-version":[{"id":24637,"href":"https:\/\/ospoljcane.si\/nova\/wp-json\/wp\/v2\/pages\/4733\/revisions\/24637"}],"wp:attachment":[{"href":"https:\/\/ospoljcane.si\/nova\/wp-json\/wp\/v2\/media?parent=4733"}],"curies":[{"name":"wp","href":"https:\/\/api.w.org\/{rel}","templated":true}]}}