{"id":3783,"date":"2021-02-17T07:49:39","date_gmt":"2021-02-17T06:49:39","guid":{"rendered":"http:\/\/ospoljcane.si\/nova\/?page_id=3783"},"modified":"2024-06-11T12:13:19","modified_gmt":"2024-06-11T10:13:19","slug":"predstavitev-knjig","status":"publish","type":"page","link":"https:\/\/ospoljcane.si\/nova\/predstavitev-knjig\/","title":{"rendered":"Predstavitev knjig"},"content":{"rendered":"\t\t<div data-elementor-type=\"wp-page\" data-elementor-id=\"3783\" class=\"elementor elementor-3783\" data-elementor-post-type=\"page\">\n\t\t\t\t\t\t<section class=\"elementor-section elementor-top-section elementor-element elementor-element-027317d elementor-section-boxed elementor-section-height-default elementor-section-height-default\" data-id=\"027317d\" data-element_type=\"section\" data-e-type=\"section\">\n\t\t\t\t\t\t<div class=\"elementor-container elementor-column-gap-default\">\n\t\t\t\t\t<div class=\"elementor-column elementor-col-100 elementor-top-column elementor-element elementor-element-e10f806\" data-id=\"e10f806\" data-element_type=\"column\" data-e-type=\"column\">\n\t\t\t<div class=\"elementor-widget-wrap elementor-element-populated\">\n\t\t\t\t\t\t<div class=\"elementor-element elementor-element-f129bda elementor-widget elementor-widget-text-editor\" data-id=\"f129bda\" data-element_type=\"widget\" data-e-type=\"widget\" data-widget_type=\"text-editor.default\">\n\t\t\t\t<div class=\"elementor-widget-container\">\n\t\t\t\t\t\t\t\t\t<p>Spo\u0161tovani!<\/p><p>\u00a0<\/p><p>\u0160olsko \u0161portno dru\u0161tvo Bogdana Krajnca Polj\u010dane praznuje svojo 50 obletnico. V ta namen smo izdali dve knjigi.\u00a0<\/p><p>Prva je <em>\u00bb50 let \u0160olskega \u0161portnega dru\u0161tva Bogdana Krajnca Polj\u010dane\u00ab<\/em> s podnaslovom <em>\u00bbZgodovina \u0161portna na osnovni \u0161oli Polj\u010dane\u00ab<\/em>. Ta knjiga opisuje kratko zgodovino \u0161porta v Polj\u010danah, u\u010ditelje \u0161porta in ravnatelje ter zgodovino \u0161olskega \u0161portnega dru\u0161tva od nastanka leta 1970 do danes. Glavni del knjige\u00a0 zajema glavne \u0161portne dogodke v dru\u0161tvu in na Osnovni \u0161oli Polj\u010dane, tekmovanja, \u0161portne dogodke, predstavljanje dru\u0161tva in prispevke v \u010dasopisih. Pri tem moram povedati, da sta \u0160olsko \u0161portno dru\u0161tvo in Osnovna \u0161ola Kajetana Kovi\u010da Polj\u010dane tesno povezana, ker na\u0161e dru\u0161tvo, \u010deprav smo posebej organizirani, deluje na osnovni \u0161oli.<\/p><p>Druga knjiga nosi naslov\u00a0<em>\u00bb\u0160portniki in \u0161portni delavci \u0160olskega \u0161portnega dru\u0161tva Bogdan Krajnc\u00ab<\/em>. Ta knjiga opisuje \u0161portnike in \u0161portne delavce, ki so obiskovali na\u0161o \u0161olo in bili \u010dlani \u0161olskega \u0161portnega dru\u0161tva. V knjigi so opisani nekateri najbolj znani \u0161portniki, ki so osvojili tudi naziv evropskih in svetovnih prvakov, med njimi Tim Gajser, Marijan Krempl, Mitja \u0160auperl, brata Majhen, Primo\u017e Riegler, Jure Krempl,\u00a0<span style=\"font-size: 1rem;\">Mitja\u00a0<\/span><span style=\"font-size: 1rem;\">Habjan, Sara Hutinski in \u0161e mnogo odli\u010dnih \u0161poprtnikov.\u00a0<\/span><\/p><p>Ve\u010d si lahko preberete <a href=\"https:\/\/ospoljcane.si\/nova\/wp-content\/uploads\/2021\/02\/Predstavitev-in-narocilo-knjig.pdf\" target=\"_blank\" rel=\"noopener\">tu<\/a>.<\/p>\t\t\t\t\t\t\t\t<\/div>\n\t\t\t\t<\/div>\n\t\t\t\t\t<\/div>\n\t\t<\/div>\n\t\t\t\t\t<\/div>\n\t\t<\/section>\n\t\t\t\t<\/div>\n\t\t","protected":false},"excerpt":{"rendered":"<p>Spo\u0161tovani! \u00a0 \u0160olsko \u0161portno dru\u0161tvo Bogdana Krajnca Polj\u010dane praznuje svojo 50 obletnico. V ta namen smo izdali dve knjigi.\u00a0 Prva je \u00bb50 let \u0160olskega \u0161portnega &hellip; <\/p>\n","protected":false},"author":1,"featured_media":0,"parent":0,"menu_order":0,"comment_status":"closed","ping_status":"closed","template":"","meta":{"footnotes":""},"class_list":["post-3783","page","type-page","status-publish","hentry","image-hover-transition-effect","latest_post"],"yoast_head":"<!-- This site is optimized with the Yoast SEO plugin v27.4 - https:\/\/yoast.com\/product\/yoast-seo-wordpress\/ -->\n<title>Predstavitev knjig - Osnovna \u0161ola Kajetana Kovi\u010da Polj\u010dane<\/title>\n<meta name=\"robots\" content=\"index, follow, max-snippet:-1, max-image-preview:large, max-video-preview:-1\" \/>\n<link rel=\"canonical\" href=\"https:\/\/ospoljcane.si\/nova\/predstavitev-knjig\/\" \/>\n<meta property=\"og:locale\" content=\"sl_SI\" \/>\n<meta property=\"og:type\" content=\"article\" \/>\n<meta property=\"og:title\" content=\"Predstavitev knjig - Osnovna \u0161ola Kajetana Kovi\u010da Polj\u010dane\" \/>\n<meta property=\"og:description\" content=\"Spo\u0161tovani! \u00a0 \u0160olsko \u0161portno dru\u0161tvo Bogdana Krajnca Polj\u010dane praznuje svojo 50 obletnico. V ta namen smo izdali dve knjigi.\u00a0 Prva je \u00bb50 let \u0160olskega \u0161portnega &hellip;\" \/>\n<meta property=\"og:url\" content=\"https:\/\/ospoljcane.si\/nova\/predstavitev-knjig\/\" \/>\n<meta property=\"og:site_name\" content=\"Osnovna \u0161ola Kajetana Kovi\u010da Polj\u010dane\" \/>\n<meta property=\"article:modified_time\" content=\"2024-06-11T10:13:19+00:00\" \/>\n<meta name=\"twitter:card\" content=\"summary_large_image\" \/>\n<meta name=\"twitter:label1\" content=\"Est. reading time\" \/>\n\t<meta name=\"twitter:data1\" content=\"2 minuti\" \/>\n<script type=\"application\/ld+json\" class=\"yoast-schema-graph\">{\"@context\":\"https:\\\/\\\/schema.org\",\"@graph\":[{\"@type\":\"WebPage\",\"@id\":\"https:\\\/\\\/ospoljcane.si\\\/nova\\\/predstavitev-knjig\\\/\",\"url\":\"https:\\\/\\\/ospoljcane.si\\\/nova\\\/predstavitev-knjig\\\/\",\"name\":\"Predstavitev knjig - Osnovna \u0161ola Kajetana Kovi\u010da Polj\u010dane\",\"isPartOf\":{\"@id\":\"https:\\\/\\\/ospoljcane.si\\\/nova\\\/#website\"},\"datePublished\":\"2021-02-17T06:49:39+00:00\",\"dateModified\":\"2024-06-11T10:13:19+00:00\",\"breadcrumb\":{\"@id\":\"https:\\\/\\\/ospoljcane.si\\\/nova\\\/predstavitev-knjig\\\/#breadcrumb\"},\"inLanguage\":\"sl-SI\",\"potentialAction\":[{\"@type\":\"ReadAction\",\"target\":[\"https:\\\/\\\/ospoljcane.si\\\/nova\\\/predstavitev-knjig\\\/\"]}]},{\"@type\":\"BreadcrumbList\",\"@id\":\"https:\\\/\\\/ospoljcane.si\\\/nova\\\/predstavitev-knjig\\\/#breadcrumb\",\"itemListElement\":[{\"@type\":\"ListItem\",\"position\":1,\"name\":\"Domov\",\"item\":\"https:\\\/\\\/ospoljcane.si\\\/nova\\\/\"},{\"@type\":\"ListItem\",\"position\":2,\"name\":\"Predstavitev knjig\"}]},{\"@type\":\"WebSite\",\"@id\":\"https:\\\/\\\/ospoljcane.si\\\/nova\\\/#website\",\"url\":\"https:\\\/\\\/ospoljcane.si\\\/nova\\\/\",\"name\":\"Osnovna \u0161ola Kajetana Kovi\u010da Polj\u010dane\",\"description\":\"\",\"publisher\":{\"@id\":\"https:\\\/\\\/ospoljcane.si\\\/nova\\\/#organization\"},\"potentialAction\":[{\"@type\":\"SearchAction\",\"target\":{\"@type\":\"EntryPoint\",\"urlTemplate\":\"https:\\\/\\\/ospoljcane.si\\\/nova\\\/?s={search_term_string}\"},\"query-input\":{\"@type\":\"PropertyValueSpecification\",\"valueRequired\":true,\"valueName\":\"search_term_string\"}}],\"inLanguage\":\"sl-SI\"},{\"@type\":\"Organization\",\"@id\":\"https:\\\/\\\/ospoljcane.si\\\/nova\\\/#organization\",\"name\":\"Osnovna \u0161ola Kajetana Kovi\u010da Polj\u010dane\",\"url\":\"https:\\\/\\\/ospoljcane.si\\\/nova\\\/\",\"logo\":{\"@type\":\"ImageObject\",\"inLanguage\":\"sl-SI\",\"@id\":\"https:\\\/\\\/ospoljcane.si\\\/nova\\\/#\\\/schema\\\/logo\\\/image\\\/\",\"url\":\"https:\\\/\\\/ospoljcane.si\\\/nova\\\/wp-content\\\/uploads\\\/2020\\\/12\\\/cropped-cropped-Logotip-sole-2016_3G-1-1.png\",\"contentUrl\":\"https:\\\/\\\/ospoljcane.si\\\/nova\\\/wp-content\\\/uploads\\\/2020\\\/12\\\/cropped-cropped-Logotip-sole-2016_3G-1-1.png\",\"width\":512,\"height\":512,\"caption\":\"Osnovna \u0161ola Kajetana Kovi\u010da Polj\u010dane\"},\"image\":{\"@id\":\"https:\\\/\\\/ospoljcane.si\\\/nova\\\/#\\\/schema\\\/logo\\\/image\\\/\"}}]}<\/script>\n<!-- \/ Yoast SEO plugin. -->","yoast_head_json":{"title":"Predstavitev knjig - Osnovna \u0161ola Kajetana Kovi\u010da Polj\u010dane","robots":{"index":"index","follow":"follow","max-snippet":"max-snippet:-1","max-image-preview":"max-image-preview:large","max-video-preview":"max-video-preview:-1"},"canonical":"https:\/\/ospoljcane.si\/nova\/predstavitev-knjig\/","og_locale":"sl_SI","og_type":"article","og_title":"Predstavitev knjig - Osnovna \u0161ola Kajetana Kovi\u010da Polj\u010dane","og_description":"Spo\u0161tovani! \u00a0 \u0160olsko \u0161portno dru\u0161tvo Bogdana Krajnca Polj\u010dane praznuje svojo 50 obletnico. V ta namen smo izdali dve knjigi.\u00a0 Prva je \u00bb50 let \u0160olskega \u0161portnega &hellip;","og_url":"https:\/\/ospoljcane.si\/nova\/predstavitev-knjig\/","og_site_name":"Osnovna \u0161ola Kajetana Kovi\u010da Polj\u010dane","article_modified_time":"2024-06-11T10:13:19+00:00","twitter_card":"summary_large_image","twitter_misc":{"Est. reading time":"2 minuti"},"schema":{"@context":"https:\/\/schema.org","@graph":[{"@type":"WebPage","@id":"https:\/\/ospoljcane.si\/nova\/predstavitev-knjig\/","url":"https:\/\/ospoljcane.si\/nova\/predstavitev-knjig\/","name":"Predstavitev knjig - Osnovna \u0161ola Kajetana Kovi\u010da Polj\u010dane","isPartOf":{"@id":"https:\/\/ospoljcane.si\/nova\/#website"},"datePublished":"2021-02-17T06:49:39+00:00","dateModified":"2024-06-11T10:13:19+00:00","breadcrumb":{"@id":"https:\/\/ospoljcane.si\/nova\/predstavitev-knjig\/#breadcrumb"},"inLanguage":"sl-SI","potentialAction":[{"@type":"ReadAction","target":["https:\/\/ospoljcane.si\/nova\/predstavitev-knjig\/"]}]},{"@type":"BreadcrumbList","@id":"https:\/\/ospoljcane.si\/nova\/predstavitev-knjig\/#breadcrumb","itemListElement":[{"@type":"ListItem","position":1,"name":"Domov","item":"https:\/\/ospoljcane.si\/nova\/"},{"@type":"ListItem","position":2,"name":"Predstavitev knjig"}]},{"@type":"WebSite","@id":"https:\/\/ospoljcane.si\/nova\/#website","url":"https:\/\/ospoljcane.si\/nova\/","name":"Osnovna \u0161ola Kajetana Kovi\u010da Polj\u010dane","description":"","publisher":{"@id":"https:\/\/ospoljcane.si\/nova\/#organization"},"potentialAction":[{"@type":"SearchAction","target":{"@type":"EntryPoint","urlTemplate":"https:\/\/ospoljcane.si\/nova\/?s={search_term_string}"},"query-input":{"@type":"PropertyValueSpecification","valueRequired":true,"valueName":"search_term_string"}}],"inLanguage":"sl-SI"},{"@type":"Organization","@id":"https:\/\/ospoljcane.si\/nova\/#organization","name":"Osnovna \u0161ola Kajetana Kovi\u010da Polj\u010dane","url":"https:\/\/ospoljcane.si\/nova\/","logo":{"@type":"ImageObject","inLanguage":"sl-SI","@id":"https:\/\/ospoljcane.si\/nova\/#\/schema\/logo\/image\/","url":"https:\/\/ospoljcane.si\/nova\/wp-content\/uploads\/2020\/12\/cropped-cropped-Logotip-sole-2016_3G-1-1.png","contentUrl":"https:\/\/ospoljcane.si\/nova\/wp-content\/uploads\/2020\/12\/cropped-cropped-Logotip-sole-2016_3G-1-1.png","width":512,"height":512,"caption":"Osnovna \u0161ola Kajetana Kovi\u010da Polj\u010dane"},"image":{"@id":"https:\/\/ospoljcane.si\/nova\/#\/schema\/logo\/image\/"}}]}},"_links":{"self":[{"href":"https:\/\/ospoljcane.si\/nova\/wp-json\/wp\/v2\/pages\/3783","targetHints":{"allow":["GET"]}}],"collection":[{"href":"https:\/\/ospoljcane.si\/nova\/wp-json\/wp\/v2\/pages"}],"about":[{"href":"https:\/\/ospoljcane.si\/nova\/wp-json\/wp\/v2\/types\/page"}],"author":[{"embeddable":true,"href":"https:\/\/ospoljcane.si\/nova\/wp-json\/wp\/v2\/users\/1"}],"replies":[{"embeddable":true,"href":"https:\/\/ospoljcane.si\/nova\/wp-json\/wp\/v2\/comments?post=3783"}],"version-history":[{"count":27,"href":"https:\/\/ospoljcane.si\/nova\/wp-json\/wp\/v2\/pages\/3783\/revisions"}],"predecessor-version":[{"id":18909,"href":"https:\/\/ospoljcane.si\/nova\/wp-json\/wp\/v2\/pages\/3783\/revisions\/18909"}],"wp:attachment":[{"href":"https:\/\/ospoljcane.si\/nova\/wp-json\/wp\/v2\/media?parent=3783"}],"curies":[{"name":"wp","href":"https:\/\/api.w.org\/{rel}","templated":true}]}}