{"id":3558,"date":"2021-02-15T07:46:56","date_gmt":"2021-02-15T06:46:56","guid":{"rendered":"http:\/\/ospoljcane.si\/nova\/?page_id=3558"},"modified":"2025-09-12T11:38:27","modified_gmt":"2025-09-12T09:38:27","slug":"sport-na-soli","status":"publish","type":"page","link":"https:\/\/ospoljcane.si\/nova\/sport-na-soli\/","title":{"rendered":"\u0160portna \u0161ola"},"content":{"rendered":"\t\t<div data-elementor-type=\"wp-page\" data-elementor-id=\"3558\" class=\"elementor elementor-3558\" data-elementor-post-type=\"page\">\n\t\t\t\t\t\t<section class=\"elementor-section elementor-top-section elementor-element elementor-element-c2aaa22 elementor-section-boxed elementor-section-height-default elementor-section-height-default\" data-id=\"c2aaa22\" data-element_type=\"section\" data-e-type=\"section\">\n\t\t\t\t\t\t<div class=\"elementor-container elementor-column-gap-default\">\n\t\t\t\t\t<div class=\"elementor-column elementor-col-100 elementor-top-column elementor-element elementor-element-1f95212\" data-id=\"1f95212\" data-element_type=\"column\" data-e-type=\"column\">\n\t\t\t<div class=\"elementor-widget-wrap elementor-element-populated\">\n\t\t\t\t\t\t<div class=\"elementor-element elementor-element-94ac73d elementor-nav-menu--dropdown-tablet elementor-nav-menu__text-align-aside elementor-nav-menu--toggle elementor-nav-menu--burger elementor-widget elementor-widget-nav-menu\" data-id=\"94ac73d\" data-element_type=\"widget\" data-e-type=\"widget\" data-settings=\"{&quot;layout&quot;:&quot;horizontal&quot;,&quot;submenu_icon&quot;:{&quot;value&quot;:&quot;&lt;i class=\\&quot;fas fa-caret-down\\&quot; aria-hidden=\\&quot;true\\&quot;&gt;&lt;\\\/i&gt;&quot;,&quot;library&quot;:&quot;fa-solid&quot;},&quot;toggle&quot;:&quot;burger&quot;}\" data-widget_type=\"nav-menu.default\">\n\t\t\t\t<div class=\"elementor-widget-container\">\n\t\t\t\t\t\t\t\t<nav aria-label=\"Menu\" class=\"elementor-nav-menu--main elementor-nav-menu__container elementor-nav-menu--layout-horizontal e--pointer-underline e--animation-fade\">\n\t\t\t\t<ul id=\"menu-1-94ac73d\" class=\"elementor-nav-menu accessibility_menu\"><li class=\"menu-item menu-item-type-post_type menu-item-object-page menu-item-has-children menu-item-3571\"><a href=\"https:\/\/ospoljcane.si\/nova\/sport-na-soli\/\" class=\"elementor-item\">\u0160portna \u0161ola<\/a>\n<ul class=\"sub-menu elementor-nav-menu--dropdown\">\n\t<li class=\"menu-item menu-item-type-custom menu-item-object-custom menu-item-5947\"><a target=\"_blank\" href=\"https:\/\/ospoljcane.si\/nova\/wp-content\/uploads\/2025\/09\/Pravilnik-za-tekmovanje-sportnik-sole.pdf\" class=\"elementor-sub-item\">Pravilnik tekmovanja<\/a><\/li>\n\t<li class=\"menu-item menu-item-type-custom menu-item-object-custom menu-item-5993\"><a target=\"_blank\" href=\"https:\/\/ospoljcane.si\/nova\/wp-content\/uploads\/2025\/10\/Sportniki-razredov.pdf\" class=\"elementor-sub-item\">\u0160portniki razredov<\/a><\/li>\n\t<li class=\"menu-item menu-item-type-custom menu-item-object-custom menu-item-9656\"><a target=\"_blank\" href=\"https:\/\/ospoljcane.si\/nova\/wp-content\/uploads\/2025\/10\/Sportniki-sole-2025.pdf\" class=\"elementor-sub-item\">\u0160portniki \u0161ole<\/a><\/li>\n\t<li class=\"menu-item menu-item-type-custom menu-item-object-custom menu-item-4547\"><a target=\"_blank\" href=\"https:\/\/ospoljcane.si\/nova\/wp-content\/uploads\/2025\/10\/SOLSKI-REKORDI.pdf\" class=\"elementor-sub-item\">Rekordi<\/a><\/li>\n<\/ul>\n<\/li>\n<li class=\"menu-item menu-item-type-custom menu-item-object-custom menu-item-has-children menu-item-3774\"><a href=\"#\" class=\"elementor-item elementor-item-anchor\">Dogodki in objave<\/a>\n<ul class=\"sub-menu elementor-nav-menu--dropdown\">\n\t<li class=\"menu-item menu-item-type-post_type menu-item-object-page menu-item-7248\"><a href=\"https:\/\/ospoljcane.si\/nova\/spodbujamo-gibanje-naj-sportna-sola\/\" class=\"elementor-sub-item\">Naj \u0161portna \u0161ola<\/a><\/li>\n\t<li class=\"menu-item menu-item-type-post_type menu-item-object-page menu-item-3790\"><a href=\"https:\/\/ospoljcane.si\/nova\/predstavitev-knjig\/\" class=\"elementor-sub-item\">Predstavitev knjig<\/a><\/li>\n<\/ul>\n<\/li>\n<li class=\"menu-item menu-item-type-custom menu-item-object-custom menu-item-has-children menu-item-3572\"><a href=\"#\" class=\"elementor-item elementor-item-anchor\">Glasila<\/a>\n<ul class=\"sub-menu elementor-nav-menu--dropdown\">\n\t<li class=\"menu-item menu-item-type-custom menu-item-object-custom menu-item-22890\"><a href=\"https:\/\/ospoljcane.si\/nova\/wp-content\/uploads\/2025\/10\/Glasilo-22-2025.pdf\" class=\"elementor-sub-item\">Glasilo 2025<\/a><\/li>\n\t<li class=\"menu-item menu-item-type-custom menu-item-object-custom menu-item-18940\"><a href=\"https:\/\/ospoljcane.si\/nova\/wp-content\/uploads\/2024\/06\/Glasilo-21-2024.pdf\" class=\"elementor-sub-item\">Glasilo 2024<\/a><\/li>\n\t<li class=\"menu-item menu-item-type-custom menu-item-object-custom menu-item-15388\"><a href=\"https:\/\/ospoljcane.si\/nova\/wp-content\/uploads\/2023\/07\/Glasilo-20-2023.pdf\" class=\"elementor-sub-item\">Glasilo 2023<\/a><\/li>\n\t<li class=\"menu-item menu-item-type-custom menu-item-object-custom menu-item-9653\"><a target=\"_blank\" href=\"https:\/\/ospoljcane.si\/nova\/wp-content\/uploads\/2023\/07\/Glasilo-19-2022.pdf\" class=\"elementor-sub-item\">Glasilo 2022<\/a><\/li>\n\t<li class=\"menu-item menu-item-type-custom menu-item-object-custom menu-item-6226\"><a target=\"_blank\" href=\"https:\/\/ospoljcane.si\/nova\/wp-content\/uploads\/2023\/07\/Glasilo-18-2021.pdf\" class=\"elementor-sub-item\">Glasilo 2021<\/a><\/li>\n\t<li class=\"menu-item menu-item-type-custom menu-item-object-custom menu-item-3573\"><a href=\"https:\/\/ospoljcane.si\/nova\/wp-content\/uploads\/2021\/01\/Glasilo-17-2020.pdf\" class=\"elementor-sub-item\">Glasilo 2020<\/a><\/li>\n\t<li class=\"menu-item menu-item-type-custom menu-item-object-custom menu-item-3574\"><a href=\"https:\/\/ospoljcane.si\/nova\/wp-content\/uploads\/2021\/01\/Glasilo-16-2019.pdf\" class=\"elementor-sub-item\">Glasilo 2019<\/a><\/li>\n\t<li class=\"menu-item menu-item-type-custom menu-item-object-custom menu-item-3575\"><a href=\"https:\/\/ospoljcane.si\/nova\/wp-content\/uploads\/2021\/01\/Glasilo-15-2018.pdf\" class=\"elementor-sub-item\">Glasilo 2018<\/a><\/li>\n<\/ul>\n<\/li>\n<\/ul>\t\t\t<\/nav>\n\t\t\t\t\t<div class=\"elementor-menu-toggle\" role=\"button\" tabindex=\"0\" aria-label=\"Menu Toggle\" aria-expanded=\"false\">\n\t\t\t<i aria-hidden=\"true\" role=\"presentation\" class=\"elementor-menu-toggle__icon--open eicon-menu-bar\"><\/i><i aria-hidden=\"true\" role=\"presentation\" class=\"elementor-menu-toggle__icon--close eicon-close\"><\/i>\t\t<\/div>\n\t\t\t\t\t<nav class=\"elementor-nav-menu--dropdown elementor-nav-menu__container\" aria-hidden=\"true\">\n\t\t\t\t<ul id=\"menu-2-94ac73d\" class=\"elementor-nav-menu accessibility_menu\"><li class=\"menu-item menu-item-type-post_type menu-item-object-page menu-item-has-children menu-item-3571\"><a href=\"https:\/\/ospoljcane.si\/nova\/sport-na-soli\/\" class=\"elementor-item\" tabindex=\"-1\">\u0160portna \u0161ola<\/a>\n<ul class=\"sub-menu elementor-nav-menu--dropdown\">\n\t<li class=\"menu-item menu-item-type-custom menu-item-object-custom menu-item-5947\"><a target=\"_blank\" href=\"https:\/\/ospoljcane.si\/nova\/wp-content\/uploads\/2025\/09\/Pravilnik-za-tekmovanje-sportnik-sole.pdf\" class=\"elementor-sub-item\" tabindex=\"-1\">Pravilnik tekmovanja<\/a><\/li>\n\t<li class=\"menu-item menu-item-type-custom menu-item-object-custom menu-item-5993\"><a target=\"_blank\" href=\"https:\/\/ospoljcane.si\/nova\/wp-content\/uploads\/2025\/10\/Sportniki-razredov.pdf\" class=\"elementor-sub-item\" tabindex=\"-1\">\u0160portniki razredov<\/a><\/li>\n\t<li class=\"menu-item menu-item-type-custom menu-item-object-custom menu-item-9656\"><a target=\"_blank\" href=\"https:\/\/ospoljcane.si\/nova\/wp-content\/uploads\/2025\/10\/Sportniki-sole-2025.pdf\" class=\"elementor-sub-item\" tabindex=\"-1\">\u0160portniki \u0161ole<\/a><\/li>\n\t<li class=\"menu-item menu-item-type-custom menu-item-object-custom menu-item-4547\"><a target=\"_blank\" href=\"https:\/\/ospoljcane.si\/nova\/wp-content\/uploads\/2025\/10\/SOLSKI-REKORDI.pdf\" class=\"elementor-sub-item\" tabindex=\"-1\">Rekordi<\/a><\/li>\n<\/ul>\n<\/li>\n<li class=\"menu-item menu-item-type-custom menu-item-object-custom menu-item-has-children menu-item-3774\"><a href=\"#\" class=\"elementor-item elementor-item-anchor\" tabindex=\"-1\">Dogodki in objave<\/a>\n<ul class=\"sub-menu elementor-nav-menu--dropdown\">\n\t<li class=\"menu-item menu-item-type-post_type menu-item-object-page menu-item-7248\"><a href=\"https:\/\/ospoljcane.si\/nova\/spodbujamo-gibanje-naj-sportna-sola\/\" class=\"elementor-sub-item\" tabindex=\"-1\">Naj \u0161portna \u0161ola<\/a><\/li>\n\t<li class=\"menu-item menu-item-type-post_type menu-item-object-page menu-item-3790\"><a href=\"https:\/\/ospoljcane.si\/nova\/predstavitev-knjig\/\" class=\"elementor-sub-item\" tabindex=\"-1\">Predstavitev knjig<\/a><\/li>\n<\/ul>\n<\/li>\n<li class=\"menu-item menu-item-type-custom menu-item-object-custom menu-item-has-children menu-item-3572\"><a href=\"#\" class=\"elementor-item elementor-item-anchor\" tabindex=\"-1\">Glasila<\/a>\n<ul class=\"sub-menu elementor-nav-menu--dropdown\">\n\t<li class=\"menu-item menu-item-type-custom menu-item-object-custom menu-item-22890\"><a href=\"https:\/\/ospoljcane.si\/nova\/wp-content\/uploads\/2025\/10\/Glasilo-22-2025.pdf\" class=\"elementor-sub-item\" tabindex=\"-1\">Glasilo 2025<\/a><\/li>\n\t<li class=\"menu-item menu-item-type-custom menu-item-object-custom menu-item-18940\"><a href=\"https:\/\/ospoljcane.si\/nova\/wp-content\/uploads\/2024\/06\/Glasilo-21-2024.pdf\" class=\"elementor-sub-item\" tabindex=\"-1\">Glasilo 2024<\/a><\/li>\n\t<li class=\"menu-item menu-item-type-custom menu-item-object-custom menu-item-15388\"><a href=\"https:\/\/ospoljcane.si\/nova\/wp-content\/uploads\/2023\/07\/Glasilo-20-2023.pdf\" class=\"elementor-sub-item\" tabindex=\"-1\">Glasilo 2023<\/a><\/li>\n\t<li class=\"menu-item menu-item-type-custom menu-item-object-custom menu-item-9653\"><a target=\"_blank\" href=\"https:\/\/ospoljcane.si\/nova\/wp-content\/uploads\/2023\/07\/Glasilo-19-2022.pdf\" class=\"elementor-sub-item\" tabindex=\"-1\">Glasilo 2022<\/a><\/li>\n\t<li class=\"menu-item menu-item-type-custom menu-item-object-custom menu-item-6226\"><a target=\"_blank\" href=\"https:\/\/ospoljcane.si\/nova\/wp-content\/uploads\/2023\/07\/Glasilo-18-2021.pdf\" class=\"elementor-sub-item\" tabindex=\"-1\">Glasilo 2021<\/a><\/li>\n\t<li class=\"menu-item menu-item-type-custom menu-item-object-custom menu-item-3573\"><a href=\"https:\/\/ospoljcane.si\/nova\/wp-content\/uploads\/2021\/01\/Glasilo-17-2020.pdf\" class=\"elementor-sub-item\" tabindex=\"-1\">Glasilo 2020<\/a><\/li>\n\t<li class=\"menu-item menu-item-type-custom menu-item-object-custom menu-item-3574\"><a href=\"https:\/\/ospoljcane.si\/nova\/wp-content\/uploads\/2021\/01\/Glasilo-16-2019.pdf\" class=\"elementor-sub-item\" tabindex=\"-1\">Glasilo 2019<\/a><\/li>\n\t<li class=\"menu-item menu-item-type-custom menu-item-object-custom menu-item-3575\"><a href=\"https:\/\/ospoljcane.si\/nova\/wp-content\/uploads\/2021\/01\/Glasilo-15-2018.pdf\" class=\"elementor-sub-item\" tabindex=\"-1\">Glasilo 2018<\/a><\/li>\n<\/ul>\n<\/li>\n<\/ul>\t\t\t<\/nav>\n\t\t\t\t\t\t<\/div>\n\t\t\t\t<\/div>\n\t\t\t\t<div class=\"elementor-element elementor-element-3be9257 elementor-widget elementor-widget-text-editor\" data-id=\"3be9257\" data-element_type=\"widget\" data-e-type=\"widget\" data-widget_type=\"text-editor.default\">\n\t\t\t\t<div class=\"elementor-widget-container\">\n\t\t\t\t\t\t\t\t\t<p>U\u010denci osnovne \u0161ole Kajetana Kovi\u010da Polj\u010dane se \u017ee vrsto let udele\u017eujejo mnogih \u0161portnih tekmovanj v Sloveniji. S pomo\u010djo u\u010diteljev \u0161porta na razli\u010dnih \u0161portnih podro\u010djih dosegajo \u0161tevilne odli\u010dne rezultate.<\/p><p>Na podstraneh si lahko ogledate, kdo vse je postal \u0161portnik \u0161ole in \u0161portnik razreda. Ogledate pa si lahko tudi pravilnik \u0161portnih tekmovanj in \u0161olske rekorde.<\/p>\t\t\t\t\t\t\t\t<\/div>\n\t\t\t\t<\/div>\n\t\t\t\t\t<\/div>\n\t\t<\/div>\n\t\t\t\t\t<\/div>\n\t\t<\/section>\n\t\t\t\t<\/div>\n\t\t","protected":false},"excerpt":{"rendered":"<p>U\u010denci osnovne \u0161ole Kajetana Kovi\u010da Polj\u010dane se \u017ee vrsto let udele\u017eujejo mnogih \u0161portnih tekmovanj v Sloveniji. S pomo\u010djo u\u010diteljev \u0161porta na razli\u010dnih \u0161portnih podro\u010djih dosegajo &hellip; <\/p>\n","protected":false},"author":1,"featured_media":0,"parent":0,"menu_order":0,"comment_status":"closed","ping_status":"closed","template":"","meta":{"footnotes":""},"class_list":["post-3558","page","type-page","status-publish","hentry","image-hover-transition-effect","latest_post"],"yoast_head":"<!-- This site is optimized with the Yoast SEO plugin v27.4 - https:\/\/yoast.com\/product\/yoast-seo-wordpress\/ -->\n<title>\u0160portna \u0161ola - Osnovna \u0161ola Kajetana Kovi\u010da Polj\u010dane<\/title>\n<meta name=\"robots\" content=\"index, follow, max-snippet:-1, max-image-preview:large, max-video-preview:-1\" \/>\n<link rel=\"canonical\" href=\"https:\/\/ospoljcane.si\/nova\/sport-na-soli\/\" \/>\n<meta property=\"og:locale\" content=\"sl_SI\" \/>\n<meta property=\"og:type\" content=\"article\" \/>\n<meta property=\"og:title\" content=\"\u0160portna \u0161ola - Osnovna \u0161ola Kajetana Kovi\u010da Polj\u010dane\" \/>\n<meta property=\"og:description\" content=\"U\u010denci osnovne \u0161ole Kajetana Kovi\u010da Polj\u010dane se \u017ee vrsto let udele\u017eujejo mnogih \u0161portnih tekmovanj v Sloveniji. S pomo\u010djo u\u010diteljev \u0161porta na razli\u010dnih \u0161portnih podro\u010djih dosegajo &hellip;\" \/>\n<meta property=\"og:url\" content=\"https:\/\/ospoljcane.si\/nova\/sport-na-soli\/\" \/>\n<meta property=\"og:site_name\" content=\"Osnovna \u0161ola Kajetana Kovi\u010da Polj\u010dane\" \/>\n<meta property=\"article:modified_time\" content=\"2025-09-12T09:38:27+00:00\" \/>\n<meta name=\"twitter:card\" content=\"summary_large_image\" \/>\n<meta name=\"twitter:label1\" content=\"Est. reading time\" \/>\n\t<meta name=\"twitter:data1\" content=\"1 minuta\" \/>\n<script type=\"application\/ld+json\" class=\"yoast-schema-graph\">{\"@context\":\"https:\\\/\\\/schema.org\",\"@graph\":[{\"@type\":\"WebPage\",\"@id\":\"https:\\\/\\\/ospoljcane.si\\\/nova\\\/sport-na-soli\\\/\",\"url\":\"https:\\\/\\\/ospoljcane.si\\\/nova\\\/sport-na-soli\\\/\",\"name\":\"\u0160portna \u0161ola - Osnovna \u0161ola Kajetana Kovi\u010da Polj\u010dane\",\"isPartOf\":{\"@id\":\"https:\\\/\\\/ospoljcane.si\\\/nova\\\/#website\"},\"datePublished\":\"2021-02-15T06:46:56+00:00\",\"dateModified\":\"2025-09-12T09:38:27+00:00\",\"breadcrumb\":{\"@id\":\"https:\\\/\\\/ospoljcane.si\\\/nova\\\/sport-na-soli\\\/#breadcrumb\"},\"inLanguage\":\"sl-SI\",\"potentialAction\":[{\"@type\":\"ReadAction\",\"target\":[\"https:\\\/\\\/ospoljcane.si\\\/nova\\\/sport-na-soli\\\/\"]}]},{\"@type\":\"BreadcrumbList\",\"@id\":\"https:\\\/\\\/ospoljcane.si\\\/nova\\\/sport-na-soli\\\/#breadcrumb\",\"itemListElement\":[{\"@type\":\"ListItem\",\"position\":1,\"name\":\"Domov\",\"item\":\"https:\\\/\\\/ospoljcane.si\\\/nova\\\/\"},{\"@type\":\"ListItem\",\"position\":2,\"name\":\"\u0160portna \u0161ola\"}]},{\"@type\":\"WebSite\",\"@id\":\"https:\\\/\\\/ospoljcane.si\\\/nova\\\/#website\",\"url\":\"https:\\\/\\\/ospoljcane.si\\\/nova\\\/\",\"name\":\"Osnovna \u0161ola Kajetana Kovi\u010da Polj\u010dane\",\"description\":\"\",\"publisher\":{\"@id\":\"https:\\\/\\\/ospoljcane.si\\\/nova\\\/#organization\"},\"potentialAction\":[{\"@type\":\"SearchAction\",\"target\":{\"@type\":\"EntryPoint\",\"urlTemplate\":\"https:\\\/\\\/ospoljcane.si\\\/nova\\\/?s={search_term_string}\"},\"query-input\":{\"@type\":\"PropertyValueSpecification\",\"valueRequired\":true,\"valueName\":\"search_term_string\"}}],\"inLanguage\":\"sl-SI\"},{\"@type\":\"Organization\",\"@id\":\"https:\\\/\\\/ospoljcane.si\\\/nova\\\/#organization\",\"name\":\"Osnovna \u0161ola Kajetana Kovi\u010da Polj\u010dane\",\"url\":\"https:\\\/\\\/ospoljcane.si\\\/nova\\\/\",\"logo\":{\"@type\":\"ImageObject\",\"inLanguage\":\"sl-SI\",\"@id\":\"https:\\\/\\\/ospoljcane.si\\\/nova\\\/#\\\/schema\\\/logo\\\/image\\\/\",\"url\":\"https:\\\/\\\/ospoljcane.si\\\/nova\\\/wp-content\\\/uploads\\\/2020\\\/12\\\/cropped-cropped-Logotip-sole-2016_3G-1-1.png\",\"contentUrl\":\"https:\\\/\\\/ospoljcane.si\\\/nova\\\/wp-content\\\/uploads\\\/2020\\\/12\\\/cropped-cropped-Logotip-sole-2016_3G-1-1.png\",\"width\":512,\"height\":512,\"caption\":\"Osnovna \u0161ola Kajetana Kovi\u010da Polj\u010dane\"},\"image\":{\"@id\":\"https:\\\/\\\/ospoljcane.si\\\/nova\\\/#\\\/schema\\\/logo\\\/image\\\/\"}}]}<\/script>\n<!-- \/ Yoast SEO plugin. -->","yoast_head_json":{"title":"\u0160portna \u0161ola - Osnovna \u0161ola Kajetana Kovi\u010da Polj\u010dane","robots":{"index":"index","follow":"follow","max-snippet":"max-snippet:-1","max-image-preview":"max-image-preview:large","max-video-preview":"max-video-preview:-1"},"canonical":"https:\/\/ospoljcane.si\/nova\/sport-na-soli\/","og_locale":"sl_SI","og_type":"article","og_title":"\u0160portna \u0161ola - Osnovna \u0161ola Kajetana Kovi\u010da Polj\u010dane","og_description":"U\u010denci osnovne \u0161ole Kajetana Kovi\u010da Polj\u010dane se \u017ee vrsto let udele\u017eujejo mnogih \u0161portnih tekmovanj v Sloveniji. S pomo\u010djo u\u010diteljev \u0161porta na razli\u010dnih \u0161portnih podro\u010djih dosegajo &hellip;","og_url":"https:\/\/ospoljcane.si\/nova\/sport-na-soli\/","og_site_name":"Osnovna \u0161ola Kajetana Kovi\u010da Polj\u010dane","article_modified_time":"2025-09-12T09:38:27+00:00","twitter_card":"summary_large_image","twitter_misc":{"Est. reading time":"1 minuta"},"schema":{"@context":"https:\/\/schema.org","@graph":[{"@type":"WebPage","@id":"https:\/\/ospoljcane.si\/nova\/sport-na-soli\/","url":"https:\/\/ospoljcane.si\/nova\/sport-na-soli\/","name":"\u0160portna \u0161ola - Osnovna \u0161ola Kajetana Kovi\u010da Polj\u010dane","isPartOf":{"@id":"https:\/\/ospoljcane.si\/nova\/#website"},"datePublished":"2021-02-15T06:46:56+00:00","dateModified":"2025-09-12T09:38:27+00:00","breadcrumb":{"@id":"https:\/\/ospoljcane.si\/nova\/sport-na-soli\/#breadcrumb"},"inLanguage":"sl-SI","potentialAction":[{"@type":"ReadAction","target":["https:\/\/ospoljcane.si\/nova\/sport-na-soli\/"]}]},{"@type":"BreadcrumbList","@id":"https:\/\/ospoljcane.si\/nova\/sport-na-soli\/#breadcrumb","itemListElement":[{"@type":"ListItem","position":1,"name":"Domov","item":"https:\/\/ospoljcane.si\/nova\/"},{"@type":"ListItem","position":2,"name":"\u0160portna \u0161ola"}]},{"@type":"WebSite","@id":"https:\/\/ospoljcane.si\/nova\/#website","url":"https:\/\/ospoljcane.si\/nova\/","name":"Osnovna \u0161ola Kajetana Kovi\u010da Polj\u010dane","description":"","publisher":{"@id":"https:\/\/ospoljcane.si\/nova\/#organization"},"potentialAction":[{"@type":"SearchAction","target":{"@type":"EntryPoint","urlTemplate":"https:\/\/ospoljcane.si\/nova\/?s={search_term_string}"},"query-input":{"@type":"PropertyValueSpecification","valueRequired":true,"valueName":"search_term_string"}}],"inLanguage":"sl-SI"},{"@type":"Organization","@id":"https:\/\/ospoljcane.si\/nova\/#organization","name":"Osnovna \u0161ola Kajetana Kovi\u010da Polj\u010dane","url":"https:\/\/ospoljcane.si\/nova\/","logo":{"@type":"ImageObject","inLanguage":"sl-SI","@id":"https:\/\/ospoljcane.si\/nova\/#\/schema\/logo\/image\/","url":"https:\/\/ospoljcane.si\/nova\/wp-content\/uploads\/2020\/12\/cropped-cropped-Logotip-sole-2016_3G-1-1.png","contentUrl":"https:\/\/ospoljcane.si\/nova\/wp-content\/uploads\/2020\/12\/cropped-cropped-Logotip-sole-2016_3G-1-1.png","width":512,"height":512,"caption":"Osnovna \u0161ola Kajetana Kovi\u010da Polj\u010dane"},"image":{"@id":"https:\/\/ospoljcane.si\/nova\/#\/schema\/logo\/image\/"}}]}},"_links":{"self":[{"href":"https:\/\/ospoljcane.si\/nova\/wp-json\/wp\/v2\/pages\/3558","targetHints":{"allow":["GET"]}}],"collection":[{"href":"https:\/\/ospoljcane.si\/nova\/wp-json\/wp\/v2\/pages"}],"about":[{"href":"https:\/\/ospoljcane.si\/nova\/wp-json\/wp\/v2\/types\/page"}],"author":[{"embeddable":true,"href":"https:\/\/ospoljcane.si\/nova\/wp-json\/wp\/v2\/users\/1"}],"replies":[{"embeddable":true,"href":"https:\/\/ospoljcane.si\/nova\/wp-json\/wp\/v2\/comments?post=3558"}],"version-history":[{"count":78,"href":"https:\/\/ospoljcane.si\/nova\/wp-json\/wp\/v2\/pages\/3558\/revisions"}],"predecessor-version":[{"id":22433,"href":"https:\/\/ospoljcane.si\/nova\/wp-json\/wp\/v2\/pages\/3558\/revisions\/22433"}],"wp:attachment":[{"href":"https:\/\/ospoljcane.si\/nova\/wp-json\/wp\/v2\/media?parent=3558"}],"curies":[{"name":"wp","href":"https:\/\/api.w.org\/{rel}","templated":true}]}}