{"id":3461,"date":"2021-02-12T09:05:45","date_gmt":"2021-02-12T08:05:45","guid":{"rendered":"http:\/\/ospoljcane.si\/nova\/?page_id=3461"},"modified":"2021-02-12T09:05:45","modified_gmt":"2021-02-12T08:05:45","slug":"bogdan-krajnc","status":"publish","type":"page","link":"https:\/\/ospoljcane.si\/nova\/bogdan-krajnc\/","title":{"rendered":"Bogdan Krajnc"},"content":{"rendered":"<p>Leta 1977 se je dru\u0161tvo poimenovalo po doma\u010dinu Bogdanu Krajncu. Bil je sin u\u010diteljev. Rodil se je 30. 3. 1920 v Tinjah pri Velikovcu na Koro\u0161kem, kamor sta bila star\u0161a poslala kot slovenska u\u010ditelja. Po plebiscitu se je dru\u017eina morala umakniti nazaj v Slovenijo. Pri\u0161la je v Polj\u010dane, kjer je o\u010de prevzel upraviteljstvo \u0161ole in je Bogdan pre\u017eivel svoja mlada leta.<\/p>\n<p>Po kon\u010dani osnovni \u0161oli se je vpisal na gimnazijo v Mariboru, ki jo je leta 1940 uspe\u0161no kon\u010dal. Po maturi je od\u0161el na slu\u017eenje voja\u0161kega roka, med katerim ga je zatekla vojna. Po razpadu jugoslovanske vojske aprila 1941 se je vrnil v Polj\u010dane k star\u0161em. Okupator je zavedno Krajn\u010devo dru\u017eino, tudi Bogdana, \u017ee junija leta 1941 izgnal v Srbijo. Zato\u010di\u0161\u010de so na\u0161li v vasi Ribare.<\/p>\n<figure id=\"attachment_3462\" aria-describedby=\"caption-attachment-3462\" style=\"width: 394px\" class=\"wp-caption aligncenter\"><a href=\"https:\/\/ospoljcane.si\/nova\/wp-content\/uploads\/2021\/02\/Bogdan-Krajnc.jpg\"><img fetchpriority=\"high\" decoding=\"async\" class=\"wp-image-3462 size-full\" src=\"https:\/\/ospoljcane.si\/nova\/wp-content\/uploads\/2021\/02\/Bogdan-Krajnc.jpg\" alt=\"\" width=\"394\" height=\"539\" srcset=\"https:\/\/ospoljcane.si\/nova\/wp-content\/uploads\/2021\/02\/Bogdan-Krajnc.jpg 394w, https:\/\/ospoljcane.si\/nova\/wp-content\/uploads\/2021\/02\/Bogdan-Krajnc-219x300.jpg 219w\" sizes=\"(max-width: 394px) 100vw, 394px\" \/><\/a><figcaption id=\"caption-attachment-3462\" class=\"wp-caption-text\">Bogdan Krajnc<\/figcaption><\/figure>\n<p>Tam je dru\u017eina aktivno sodelovala v NOB, zaradi \u010desar so Nemci aretirali in nato v tabori\u0161\u010du ubili Bogdanovega starej\u0161ega brata Bogomila. Bogdan se je leta 1944 vklju\u010dil v slovensko partizansko \u010deto, ustanovljeno v Srbiji. Z njo se je boril na sremski fronti, kjer je bil ranjen. Zdravili so ga v bolni\u0161nici v Zagrebu.<\/p>\n<p><em>Ve\u010d o Bogdanu Krajncu si lahko preberete<a href=\"https:\/\/ospoljcane.si\/nova\/wp-content\/uploads\/2021\/02\/2.-Bogdan-Krajnc.pdf\" target=\"_blank\" rel=\"noopener noreferrer\"><strong> tukaj.<\/strong><\/a><\/em><\/p>\n<p>&nbsp;<\/p>\n","protected":false},"excerpt":{"rendered":"<p>Leta 1977 se je dru\u0161tvo poimenovalo po doma\u010dinu Bogdanu Krajncu. Bil je sin u\u010diteljev. Rodil se je 30. 3. 1920 v Tinjah pri Velikovcu na &hellip; <\/p>\n","protected":false},"author":1,"featured_media":0,"parent":0,"menu_order":0,"comment_status":"closed","ping_status":"closed","template":"","meta":{"footnotes":""},"class_list":["post-3461","page","type-page","status-publish","hentry","image-hover-transition-effect","latest_post"],"yoast_head":"<!-- This site is optimized with the Yoast SEO plugin v27.4 - https:\/\/yoast.com\/product\/yoast-seo-wordpress\/ -->\n<title>Bogdan Krajnc - Osnovna \u0161ola Kajetana Kovi\u010da Polj\u010dane<\/title>\n<meta name=\"robots\" content=\"index, follow, max-snippet:-1, max-image-preview:large, max-video-preview:-1\" \/>\n<link rel=\"canonical\" href=\"https:\/\/ospoljcane.si\/nova\/bogdan-krajnc\/\" \/>\n<meta property=\"og:locale\" content=\"sl_SI\" \/>\n<meta property=\"og:type\" content=\"article\" \/>\n<meta property=\"og:title\" content=\"Bogdan Krajnc - Osnovna \u0161ola Kajetana Kovi\u010da Polj\u010dane\" \/>\n<meta property=\"og:description\" content=\"Leta 1977 se je dru\u0161tvo poimenovalo po doma\u010dinu Bogdanu Krajncu. Bil je sin u\u010diteljev. Rodil se je 30. 3. 1920 v Tinjah pri Velikovcu na &hellip;\" \/>\n<meta property=\"og:url\" content=\"https:\/\/ospoljcane.si\/nova\/bogdan-krajnc\/\" \/>\n<meta property=\"og:site_name\" content=\"Osnovna \u0161ola Kajetana Kovi\u010da Polj\u010dane\" \/>\n<meta property=\"og:image\" content=\"http:\/\/ospoljcane.si\/nova\/wp-content\/uploads\/2021\/02\/Bogdan-Krajnc.jpg\" \/>\n<meta name=\"twitter:card\" content=\"summary_large_image\" \/>\n<meta name=\"twitter:label1\" content=\"Est. reading time\" \/>\n\t<meta name=\"twitter:data1\" content=\"1 minuta\" \/>\n<script type=\"application\/ld+json\" class=\"yoast-schema-graph\">{\"@context\":\"https:\\\/\\\/schema.org\",\"@graph\":[{\"@type\":\"WebPage\",\"@id\":\"https:\\\/\\\/ospoljcane.si\\\/nova\\\/bogdan-krajnc\\\/\",\"url\":\"https:\\\/\\\/ospoljcane.si\\\/nova\\\/bogdan-krajnc\\\/\",\"name\":\"Bogdan Krajnc - Osnovna \u0161ola Kajetana Kovi\u010da Polj\u010dane\",\"isPartOf\":{\"@id\":\"https:\\\/\\\/ospoljcane.si\\\/nova\\\/#website\"},\"primaryImageOfPage\":{\"@id\":\"https:\\\/\\\/ospoljcane.si\\\/nova\\\/bogdan-krajnc\\\/#primaryimage\"},\"image\":{\"@id\":\"https:\\\/\\\/ospoljcane.si\\\/nova\\\/bogdan-krajnc\\\/#primaryimage\"},\"thumbnailUrl\":\"http:\\\/\\\/ospoljcane.si\\\/nova\\\/wp-content\\\/uploads\\\/2021\\\/02\\\/Bogdan-Krajnc.jpg\",\"datePublished\":\"2021-02-12T08:05:45+00:00\",\"breadcrumb\":{\"@id\":\"https:\\\/\\\/ospoljcane.si\\\/nova\\\/bogdan-krajnc\\\/#breadcrumb\"},\"inLanguage\":\"sl-SI\",\"potentialAction\":[{\"@type\":\"ReadAction\",\"target\":[\"https:\\\/\\\/ospoljcane.si\\\/nova\\\/bogdan-krajnc\\\/\"]}]},{\"@type\":\"ImageObject\",\"inLanguage\":\"sl-SI\",\"@id\":\"https:\\\/\\\/ospoljcane.si\\\/nova\\\/bogdan-krajnc\\\/#primaryimage\",\"url\":\"http:\\\/\\\/ospoljcane.si\\\/nova\\\/wp-content\\\/uploads\\\/2021\\\/02\\\/Bogdan-Krajnc.jpg\",\"contentUrl\":\"http:\\\/\\\/ospoljcane.si\\\/nova\\\/wp-content\\\/uploads\\\/2021\\\/02\\\/Bogdan-Krajnc.jpg\"},{\"@type\":\"BreadcrumbList\",\"@id\":\"https:\\\/\\\/ospoljcane.si\\\/nova\\\/bogdan-krajnc\\\/#breadcrumb\",\"itemListElement\":[{\"@type\":\"ListItem\",\"position\":1,\"name\":\"Domov\",\"item\":\"https:\\\/\\\/ospoljcane.si\\\/nova\\\/\"},{\"@type\":\"ListItem\",\"position\":2,\"name\":\"Bogdan Krajnc\"}]},{\"@type\":\"WebSite\",\"@id\":\"https:\\\/\\\/ospoljcane.si\\\/nova\\\/#website\",\"url\":\"https:\\\/\\\/ospoljcane.si\\\/nova\\\/\",\"name\":\"Osnovna \u0161ola Kajetana Kovi\u010da Polj\u010dane\",\"description\":\"\",\"publisher\":{\"@id\":\"https:\\\/\\\/ospoljcane.si\\\/nova\\\/#organization\"},\"potentialAction\":[{\"@type\":\"SearchAction\",\"target\":{\"@type\":\"EntryPoint\",\"urlTemplate\":\"https:\\\/\\\/ospoljcane.si\\\/nova\\\/?s={search_term_string}\"},\"query-input\":{\"@type\":\"PropertyValueSpecification\",\"valueRequired\":true,\"valueName\":\"search_term_string\"}}],\"inLanguage\":\"sl-SI\"},{\"@type\":\"Organization\",\"@id\":\"https:\\\/\\\/ospoljcane.si\\\/nova\\\/#organization\",\"name\":\"Osnovna \u0161ola Kajetana Kovi\u010da Polj\u010dane\",\"url\":\"https:\\\/\\\/ospoljcane.si\\\/nova\\\/\",\"logo\":{\"@type\":\"ImageObject\",\"inLanguage\":\"sl-SI\",\"@id\":\"https:\\\/\\\/ospoljcane.si\\\/nova\\\/#\\\/schema\\\/logo\\\/image\\\/\",\"url\":\"https:\\\/\\\/ospoljcane.si\\\/nova\\\/wp-content\\\/uploads\\\/2020\\\/12\\\/cropped-cropped-Logotip-sole-2016_3G-1-1.png\",\"contentUrl\":\"https:\\\/\\\/ospoljcane.si\\\/nova\\\/wp-content\\\/uploads\\\/2020\\\/12\\\/cropped-cropped-Logotip-sole-2016_3G-1-1.png\",\"width\":512,\"height\":512,\"caption\":\"Osnovna \u0161ola Kajetana Kovi\u010da Polj\u010dane\"},\"image\":{\"@id\":\"https:\\\/\\\/ospoljcane.si\\\/nova\\\/#\\\/schema\\\/logo\\\/image\\\/\"}}]}<\/script>\n<!-- \/ Yoast SEO plugin. -->","yoast_head_json":{"title":"Bogdan Krajnc - Osnovna \u0161ola Kajetana Kovi\u010da Polj\u010dane","robots":{"index":"index","follow":"follow","max-snippet":"max-snippet:-1","max-image-preview":"max-image-preview:large","max-video-preview":"max-video-preview:-1"},"canonical":"https:\/\/ospoljcane.si\/nova\/bogdan-krajnc\/","og_locale":"sl_SI","og_type":"article","og_title":"Bogdan Krajnc - Osnovna \u0161ola Kajetana Kovi\u010da Polj\u010dane","og_description":"Leta 1977 se je dru\u0161tvo poimenovalo po doma\u010dinu Bogdanu Krajncu. Bil je sin u\u010diteljev. Rodil se je 30. 3. 1920 v Tinjah pri Velikovcu na &hellip;","og_url":"https:\/\/ospoljcane.si\/nova\/bogdan-krajnc\/","og_site_name":"Osnovna \u0161ola Kajetana Kovi\u010da Polj\u010dane","og_image":[{"url":"http:\/\/ospoljcane.si\/nova\/wp-content\/uploads\/2021\/02\/Bogdan-Krajnc.jpg","type":"","width":"","height":""}],"twitter_card":"summary_large_image","twitter_misc":{"Est. reading time":"1 minuta"},"schema":{"@context":"https:\/\/schema.org","@graph":[{"@type":"WebPage","@id":"https:\/\/ospoljcane.si\/nova\/bogdan-krajnc\/","url":"https:\/\/ospoljcane.si\/nova\/bogdan-krajnc\/","name":"Bogdan Krajnc - Osnovna \u0161ola Kajetana Kovi\u010da Polj\u010dane","isPartOf":{"@id":"https:\/\/ospoljcane.si\/nova\/#website"},"primaryImageOfPage":{"@id":"https:\/\/ospoljcane.si\/nova\/bogdan-krajnc\/#primaryimage"},"image":{"@id":"https:\/\/ospoljcane.si\/nova\/bogdan-krajnc\/#primaryimage"},"thumbnailUrl":"http:\/\/ospoljcane.si\/nova\/wp-content\/uploads\/2021\/02\/Bogdan-Krajnc.jpg","datePublished":"2021-02-12T08:05:45+00:00","breadcrumb":{"@id":"https:\/\/ospoljcane.si\/nova\/bogdan-krajnc\/#breadcrumb"},"inLanguage":"sl-SI","potentialAction":[{"@type":"ReadAction","target":["https:\/\/ospoljcane.si\/nova\/bogdan-krajnc\/"]}]},{"@type":"ImageObject","inLanguage":"sl-SI","@id":"https:\/\/ospoljcane.si\/nova\/bogdan-krajnc\/#primaryimage","url":"http:\/\/ospoljcane.si\/nova\/wp-content\/uploads\/2021\/02\/Bogdan-Krajnc.jpg","contentUrl":"http:\/\/ospoljcane.si\/nova\/wp-content\/uploads\/2021\/02\/Bogdan-Krajnc.jpg"},{"@type":"BreadcrumbList","@id":"https:\/\/ospoljcane.si\/nova\/bogdan-krajnc\/#breadcrumb","itemListElement":[{"@type":"ListItem","position":1,"name":"Domov","item":"https:\/\/ospoljcane.si\/nova\/"},{"@type":"ListItem","position":2,"name":"Bogdan Krajnc"}]},{"@type":"WebSite","@id":"https:\/\/ospoljcane.si\/nova\/#website","url":"https:\/\/ospoljcane.si\/nova\/","name":"Osnovna \u0161ola Kajetana Kovi\u010da Polj\u010dane","description":"","publisher":{"@id":"https:\/\/ospoljcane.si\/nova\/#organization"},"potentialAction":[{"@type":"SearchAction","target":{"@type":"EntryPoint","urlTemplate":"https:\/\/ospoljcane.si\/nova\/?s={search_term_string}"},"query-input":{"@type":"PropertyValueSpecification","valueRequired":true,"valueName":"search_term_string"}}],"inLanguage":"sl-SI"},{"@type":"Organization","@id":"https:\/\/ospoljcane.si\/nova\/#organization","name":"Osnovna \u0161ola Kajetana Kovi\u010da Polj\u010dane","url":"https:\/\/ospoljcane.si\/nova\/","logo":{"@type":"ImageObject","inLanguage":"sl-SI","@id":"https:\/\/ospoljcane.si\/nova\/#\/schema\/logo\/image\/","url":"https:\/\/ospoljcane.si\/nova\/wp-content\/uploads\/2020\/12\/cropped-cropped-Logotip-sole-2016_3G-1-1.png","contentUrl":"https:\/\/ospoljcane.si\/nova\/wp-content\/uploads\/2020\/12\/cropped-cropped-Logotip-sole-2016_3G-1-1.png","width":512,"height":512,"caption":"Osnovna \u0161ola Kajetana Kovi\u010da Polj\u010dane"},"image":{"@id":"https:\/\/ospoljcane.si\/nova\/#\/schema\/logo\/image\/"}}]}},"_links":{"self":[{"href":"https:\/\/ospoljcane.si\/nova\/wp-json\/wp\/v2\/pages\/3461","targetHints":{"allow":["GET"]}}],"collection":[{"href":"https:\/\/ospoljcane.si\/nova\/wp-json\/wp\/v2\/pages"}],"about":[{"href":"https:\/\/ospoljcane.si\/nova\/wp-json\/wp\/v2\/types\/page"}],"author":[{"embeddable":true,"href":"https:\/\/ospoljcane.si\/nova\/wp-json\/wp\/v2\/users\/1"}],"replies":[{"embeddable":true,"href":"https:\/\/ospoljcane.si\/nova\/wp-json\/wp\/v2\/comments?post=3461"}],"version-history":[{"count":1,"href":"https:\/\/ospoljcane.si\/nova\/wp-json\/wp\/v2\/pages\/3461\/revisions"}],"predecessor-version":[{"id":3465,"href":"https:\/\/ospoljcane.si\/nova\/wp-json\/wp\/v2\/pages\/3461\/revisions\/3465"}],"wp:attachment":[{"href":"https:\/\/ospoljcane.si\/nova\/wp-json\/wp\/v2\/media?parent=3461"}],"curies":[{"name":"wp","href":"https:\/\/api.w.org\/{rel}","templated":true}]}}