{"id":3241,"date":"2021-02-10T09:05:09","date_gmt":"2021-02-10T08:05:09","guid":{"rendered":"http:\/\/ospoljcane.si\/nova\/?page_id=3241"},"modified":"2023-09-24T12:28:16","modified_gmt":"2023-09-24T10:28:16","slug":"hisni-red-v-telovadnici","status":"publish","type":"page","link":"https:\/\/ospoljcane.si\/nova\/hisni-red-v-telovadnici\/","title":{"rendered":"Hi\u0161ni red v telovadnici"},"content":{"rendered":"\t\t<div data-elementor-type=\"wp-page\" data-elementor-id=\"3241\" class=\"elementor elementor-3241\" data-elementor-post-type=\"page\">\n\t\t\t\t\t\t<section class=\"elementor-section elementor-top-section elementor-element elementor-element-43a0b62a elementor-section-boxed elementor-section-height-default elementor-section-height-default\" data-id=\"43a0b62a\" data-element_type=\"section\" data-e-type=\"section\">\n\t\t\t\t\t\t<div class=\"elementor-container elementor-column-gap-default\">\n\t\t\t\t\t<div class=\"elementor-column elementor-col-100 elementor-top-column elementor-element elementor-element-49799800\" data-id=\"49799800\" data-element_type=\"column\" data-e-type=\"column\">\n\t\t\t<div class=\"elementor-widget-wrap elementor-element-populated\">\n\t\t\t\t\t\t<div class=\"elementor-element elementor-element-c940176 elementor-nav-menu--dropdown-tablet elementor-nav-menu__text-align-aside elementor-nav-menu--toggle elementor-nav-menu--burger elementor-widget elementor-widget-nav-menu\" data-id=\"c940176\" data-element_type=\"widget\" data-e-type=\"widget\" data-settings=\"{&quot;layout&quot;:&quot;horizontal&quot;,&quot;submenu_icon&quot;:{&quot;value&quot;:&quot;&lt;i class=\\&quot;fas fa-caret-down\\&quot; aria-hidden=\\&quot;true\\&quot;&gt;&lt;\\\/i&gt;&quot;,&quot;library&quot;:&quot;fa-solid&quot;},&quot;toggle&quot;:&quot;burger&quot;}\" data-widget_type=\"nav-menu.default\">\n\t\t\t\t<div class=\"elementor-widget-container\">\n\t\t\t\t\t\t\t\t<nav aria-label=\"Menu\" class=\"elementor-nav-menu--main elementor-nav-menu__container elementor-nav-menu--layout-horizontal e--pointer-underline e--animation-fade\">\n\t\t\t\t<ul id=\"menu-1-c940176\" class=\"elementor-nav-menu accessibility_menu\"><li class=\"menu-item menu-item-type-post_type menu-item-object-page menu-item-3244\"><a href=\"https:\/\/ospoljcane.si\/nova\/telovadnica\/\" class=\"elementor-item\">Telovadnica<\/a><\/li>\n<li class=\"menu-item menu-item-type-post_type menu-item-object-page menu-item-3243\"><a href=\"https:\/\/ospoljcane.si\/nova\/hisni-red-v-telovadnici\/\" class=\"elementor-item\">Hi\u0161ni red v telovadnici<\/a><\/li>\n<li class=\"menu-item menu-item-type-post_type menu-item-object-page menu-item-3664\"><a href=\"https:\/\/ospoljcane.si\/nova\/urnik-telovadnice\/\" class=\"elementor-item\">Urnik telovadnice<\/a><\/li>\n<li class=\"menu-item menu-item-type-post_type menu-item-object-page menu-item-3754\"><a href=\"https:\/\/ospoljcane.si\/nova\/navodila\/\" class=\"elementor-item\">Navodila<\/a><\/li>\n<\/ul>\t\t\t<\/nav>\n\t\t\t\t\t<div class=\"elementor-menu-toggle\" role=\"button\" tabindex=\"0\" aria-label=\"Menu Toggle\" aria-expanded=\"false\">\n\t\t\t<i aria-hidden=\"true\" role=\"presentation\" class=\"elementor-menu-toggle__icon--open eicon-menu-bar\"><\/i><i aria-hidden=\"true\" role=\"presentation\" class=\"elementor-menu-toggle__icon--close eicon-close\"><\/i>\t\t<\/div>\n\t\t\t\t\t<nav class=\"elementor-nav-menu--dropdown elementor-nav-menu__container\" aria-hidden=\"true\">\n\t\t\t\t<ul id=\"menu-2-c940176\" class=\"elementor-nav-menu accessibility_menu\"><li class=\"menu-item menu-item-type-post_type menu-item-object-page menu-item-3244\"><a href=\"https:\/\/ospoljcane.si\/nova\/telovadnica\/\" class=\"elementor-item\" tabindex=\"-1\">Telovadnica<\/a><\/li>\n<li class=\"menu-item menu-item-type-post_type menu-item-object-page menu-item-3243\"><a href=\"https:\/\/ospoljcane.si\/nova\/hisni-red-v-telovadnici\/\" class=\"elementor-item\" tabindex=\"-1\">Hi\u0161ni red v telovadnici<\/a><\/li>\n<li class=\"menu-item menu-item-type-post_type menu-item-object-page menu-item-3664\"><a href=\"https:\/\/ospoljcane.si\/nova\/urnik-telovadnice\/\" class=\"elementor-item\" tabindex=\"-1\">Urnik telovadnice<\/a><\/li>\n<li class=\"menu-item menu-item-type-post_type menu-item-object-page menu-item-3754\"><a href=\"https:\/\/ospoljcane.si\/nova\/navodila\/\" class=\"elementor-item\" tabindex=\"-1\">Navodila<\/a><\/li>\n<\/ul>\t\t\t<\/nav>\n\t\t\t\t\t\t<\/div>\n\t\t\t\t<\/div>\n\t\t\t\t<div class=\"elementor-element elementor-element-49a2b336 elementor-widget elementor-widget-text-editor\" data-id=\"49a2b336\" data-element_type=\"widget\" data-e-type=\"widget\" data-widget_type=\"text-editor.default\">\n\t\t\t\t<div class=\"elementor-widget-container\">\n\t\t\t\t\t\t\t\t\t<ol><li><ol><li>Za <strong>upo\u0161tevanje pravil hi\u0161nega reda<\/strong> v prostorih telovadnice je odgovoren vodja skupine oziroma njegov namestnik.<\/li><li>Skupina ob podpisu pogodbe <strong>predlo\u017ei seznam oseb<\/strong>, ki so vklju\u010dene v skupino oz. bodo uporabljale telovadnico v okviru skupine (posebej ozna\u010di vodjo skupine in namestnika). Seznam prisotnosti vodijo za vsako vadbo.<\/li><li>Skupina uporablja prostore telovadnice <strong>v skladu z dogovorjenim urnikom<\/strong>.<\/li><li>Skupina <strong>ne more uporabljati prostorov telovadnice<\/strong> izven termina, navedenega v urniku, razen izjemoma po predhodnem dogovoru s pomo\u010dnico ravnateljice.<\/li><li><strong>Klju\u010d telovadnice<\/strong> lahko uporablja le vodja oz. \u010dlan skupine, ki je podpisal zadol\u017enico. Klju\u010dev ni dovoljeno prena\u0161ati ali posojati drugim osebam oz. skupinam.<\/li><li>V primeru odsotnosti \u010dlana skupine, ki razpolaga s klju\u010dem telovadnice, je potrebno <strong>o prenosu klju\u010da na drugega \u010dlana<\/strong> predhodno obvestiti pomo\u010dnico ravnateljice.<\/li><li>Vstop v telovadnico je izklju\u010dno <strong>iz sprednje strani<\/strong>, glavni vhod v telovadnico, razen za \u0161olske skupine je mo\u017een vstop skozi \u0161olo do 16.30.<\/li><li>V garderobi se \u010dlani skupine <strong>preobujejo v \u010disto \u0161portno obutev<\/strong>, s katero je mogo\u010de stopiti v \u010disti del hodnika oz. v vadbeni del telovadnice.<\/li><li>V \u010dasu izvajana rekreacije, so v garderobah in v dvorani <strong>prisotni izklju\u010dno \u010dlani skupine,<\/strong> navedeni v seznamu.<\/li><li>\u010ce skupina <strong>uporablja svoje \u017eoge druge rekvizite<\/strong> mora skrbeti za njihovo funkcionalno brezhibnost, \u010disto\u010do.<\/li><li>Vodja skupine skrbi za <strong>pravo\u010dasen zaklju\u010dek vadbe<\/strong> in <strong>pospravljenost <\/strong>telovadnice, skrbi tudi za racionalno porabo elektri\u010dne energije in vode.<\/li><li>Vodja skupine poskrbi, da <strong>skupina telovadnico zapusti v \u010dasu 30 minut<\/strong> po zaklju\u010dku vadbe.<\/li><li>Vodja in\/ali \u010dlani skupine <strong>so dol\u017eni takoj obvestiti<\/strong> hi\u0161nika ali pomo\u010dnico ravnateljice <strong>o morebitnih po\u0161kodbah <\/strong>na objektu, \u0161portnih orodjih in o drugih opa\u017eenih napakah.<\/li><li>Za <strong>namerne po\u0161kodbe<\/strong> povzro\u010ditelj materialno \u2013 finan\u010dno odgovarja.<\/li><li>V prostorih telovadnice in na obmo\u010dju \u0161ole <strong>ni dovoljeno kaditi<\/strong>.<\/li><li>V prostore telovadnice <strong>ni dovoljeno vna\u0161anje hrane, sladkih, gaziranih, energijskih napitkov in pija\u010d in alkohola<\/strong>.<\/li><li>Vodja skupine oz. zadol\u017eeni \u010dlan skupine poravnava finan\u010dne obveznosti skupine po na\u010dinu, ki je zapisan v pogodbi.<\/li><\/ol><p>\u00a0<\/p><p><strong><u>Posledice neupo\u0161tevanja pravil Hi\u0161nega reda v telovadnici<\/u><\/strong><\/p><p>Hi\u0161ni red velja od 1. 9. 2023 in zavezuje vse uporabnike v skladu z 12. \u010dlenom pogodbe. V primeru, da skupina kljub ustnemu ali pisnemu opozorilu najemodajalca \u0161e naprej kr\u0161i pravila Hi\u0161nega reda, se Najemna pogodba za telovadnico prekine.<\/p><\/li><\/ol><p><strong style=\"color: var( --e-global-color-text ); font-family: var( --e-global-typography-text-font-family ), Sans-serif; font-size: 1rem;\"><b>Vodja skupine s podpisom potrjuje seznanjenost \u010dlanov skupine s pravili Hi\u0161nega reda v telovadnici pri Osnovni \u0161oli Kajetana Kovi\u010da Polj\u010dane.<\/b><\/strong><\/p>\t\t\t\t\t\t\t\t<\/div>\n\t\t\t\t<\/div>\n\t\t\t\t\t<\/div>\n\t\t<\/div>\n\t\t\t\t\t<\/div>\n\t\t<\/section>\n\t\t\t\t<\/div>\n\t\t","protected":false},"excerpt":{"rendered":"<p>Za upo\u0161tevanje pravil hi\u0161nega reda v prostorih telovadnice je odgovoren vodja skupine oziroma njegov namestnik. Skupina ob podpisu pogodbe predlo\u017ei seznam oseb, ki so vklju\u010dene &hellip; <\/p>\n","protected":false},"author":1,"featured_media":0,"parent":0,"menu_order":0,"comment_status":"closed","ping_status":"closed","template":"","meta":{"footnotes":""},"class_list":["post-3241","page","type-page","status-publish","hentry","image-hover-transition-effect","latest_post"],"yoast_head":"<!-- This site is optimized with the Yoast SEO plugin v27.4 - https:\/\/yoast.com\/product\/yoast-seo-wordpress\/ -->\n<title>Hi\u0161ni red v telovadnici - Osnovna \u0161ola Kajetana Kovi\u010da Polj\u010dane<\/title>\n<meta name=\"robots\" content=\"index, follow, max-snippet:-1, max-image-preview:large, max-video-preview:-1\" \/>\n<link rel=\"canonical\" href=\"https:\/\/ospoljcane.si\/nova\/hisni-red-v-telovadnici\/\" \/>\n<meta property=\"og:locale\" content=\"sl_SI\" \/>\n<meta property=\"og:type\" content=\"article\" \/>\n<meta property=\"og:title\" content=\"Hi\u0161ni red v telovadnici - Osnovna \u0161ola Kajetana Kovi\u010da Polj\u010dane\" \/>\n<meta property=\"og:description\" content=\"Za upo\u0161tevanje pravil hi\u0161nega reda v prostorih telovadnice je odgovoren vodja skupine oziroma njegov namestnik. Skupina ob podpisu pogodbe predlo\u017ei seznam oseb, ki so vklju\u010dene &hellip;\" \/>\n<meta property=\"og:url\" content=\"https:\/\/ospoljcane.si\/nova\/hisni-red-v-telovadnici\/\" \/>\n<meta property=\"og:site_name\" content=\"Osnovna \u0161ola Kajetana Kovi\u010da Polj\u010dane\" \/>\n<meta property=\"article:modified_time\" content=\"2023-09-24T10:28:16+00:00\" \/>\n<meta name=\"twitter:card\" content=\"summary_large_image\" \/>\n<meta name=\"twitter:label1\" content=\"Est. reading time\" \/>\n\t<meta name=\"twitter:data1\" content=\"3 minute\" \/>\n<script type=\"application\/ld+json\" class=\"yoast-schema-graph\">{\"@context\":\"https:\\\/\\\/schema.org\",\"@graph\":[{\"@type\":\"WebPage\",\"@id\":\"https:\\\/\\\/ospoljcane.si\\\/nova\\\/hisni-red-v-telovadnici\\\/\",\"url\":\"https:\\\/\\\/ospoljcane.si\\\/nova\\\/hisni-red-v-telovadnici\\\/\",\"name\":\"Hi\u0161ni red v telovadnici - Osnovna \u0161ola Kajetana Kovi\u010da Polj\u010dane\",\"isPartOf\":{\"@id\":\"https:\\\/\\\/ospoljcane.si\\\/nova\\\/#website\"},\"datePublished\":\"2021-02-10T08:05:09+00:00\",\"dateModified\":\"2023-09-24T10:28:16+00:00\",\"breadcrumb\":{\"@id\":\"https:\\\/\\\/ospoljcane.si\\\/nova\\\/hisni-red-v-telovadnici\\\/#breadcrumb\"},\"inLanguage\":\"sl-SI\",\"potentialAction\":[{\"@type\":\"ReadAction\",\"target\":[\"https:\\\/\\\/ospoljcane.si\\\/nova\\\/hisni-red-v-telovadnici\\\/\"]}]},{\"@type\":\"BreadcrumbList\",\"@id\":\"https:\\\/\\\/ospoljcane.si\\\/nova\\\/hisni-red-v-telovadnici\\\/#breadcrumb\",\"itemListElement\":[{\"@type\":\"ListItem\",\"position\":1,\"name\":\"Domov\",\"item\":\"https:\\\/\\\/ospoljcane.si\\\/nova\\\/\"},{\"@type\":\"ListItem\",\"position\":2,\"name\":\"Hi\u0161ni red v telovadnici\"}]},{\"@type\":\"WebSite\",\"@id\":\"https:\\\/\\\/ospoljcane.si\\\/nova\\\/#website\",\"url\":\"https:\\\/\\\/ospoljcane.si\\\/nova\\\/\",\"name\":\"Osnovna \u0161ola Kajetana Kovi\u010da Polj\u010dane\",\"description\":\"\",\"publisher\":{\"@id\":\"https:\\\/\\\/ospoljcane.si\\\/nova\\\/#organization\"},\"potentialAction\":[{\"@type\":\"SearchAction\",\"target\":{\"@type\":\"EntryPoint\",\"urlTemplate\":\"https:\\\/\\\/ospoljcane.si\\\/nova\\\/?s={search_term_string}\"},\"query-input\":{\"@type\":\"PropertyValueSpecification\",\"valueRequired\":true,\"valueName\":\"search_term_string\"}}],\"inLanguage\":\"sl-SI\"},{\"@type\":\"Organization\",\"@id\":\"https:\\\/\\\/ospoljcane.si\\\/nova\\\/#organization\",\"name\":\"Osnovna \u0161ola Kajetana Kovi\u010da Polj\u010dane\",\"url\":\"https:\\\/\\\/ospoljcane.si\\\/nova\\\/\",\"logo\":{\"@type\":\"ImageObject\",\"inLanguage\":\"sl-SI\",\"@id\":\"https:\\\/\\\/ospoljcane.si\\\/nova\\\/#\\\/schema\\\/logo\\\/image\\\/\",\"url\":\"https:\\\/\\\/ospoljcane.si\\\/nova\\\/wp-content\\\/uploads\\\/2020\\\/12\\\/cropped-cropped-Logotip-sole-2016_3G-1-1.png\",\"contentUrl\":\"https:\\\/\\\/ospoljcane.si\\\/nova\\\/wp-content\\\/uploads\\\/2020\\\/12\\\/cropped-cropped-Logotip-sole-2016_3G-1-1.png\",\"width\":512,\"height\":512,\"caption\":\"Osnovna \u0161ola Kajetana Kovi\u010da Polj\u010dane\"},\"image\":{\"@id\":\"https:\\\/\\\/ospoljcane.si\\\/nova\\\/#\\\/schema\\\/logo\\\/image\\\/\"}}]}<\/script>\n<!-- \/ Yoast SEO plugin. -->","yoast_head_json":{"title":"Hi\u0161ni red v telovadnici - Osnovna \u0161ola Kajetana Kovi\u010da Polj\u010dane","robots":{"index":"index","follow":"follow","max-snippet":"max-snippet:-1","max-image-preview":"max-image-preview:large","max-video-preview":"max-video-preview:-1"},"canonical":"https:\/\/ospoljcane.si\/nova\/hisni-red-v-telovadnici\/","og_locale":"sl_SI","og_type":"article","og_title":"Hi\u0161ni red v telovadnici - Osnovna \u0161ola Kajetana Kovi\u010da Polj\u010dane","og_description":"Za upo\u0161tevanje pravil hi\u0161nega reda v prostorih telovadnice je odgovoren vodja skupine oziroma njegov namestnik. Skupina ob podpisu pogodbe predlo\u017ei seznam oseb, ki so vklju\u010dene &hellip;","og_url":"https:\/\/ospoljcane.si\/nova\/hisni-red-v-telovadnici\/","og_site_name":"Osnovna \u0161ola Kajetana Kovi\u010da Polj\u010dane","article_modified_time":"2023-09-24T10:28:16+00:00","twitter_card":"summary_large_image","twitter_misc":{"Est. reading time":"3 minute"},"schema":{"@context":"https:\/\/schema.org","@graph":[{"@type":"WebPage","@id":"https:\/\/ospoljcane.si\/nova\/hisni-red-v-telovadnici\/","url":"https:\/\/ospoljcane.si\/nova\/hisni-red-v-telovadnici\/","name":"Hi\u0161ni red v telovadnici - Osnovna \u0161ola Kajetana Kovi\u010da Polj\u010dane","isPartOf":{"@id":"https:\/\/ospoljcane.si\/nova\/#website"},"datePublished":"2021-02-10T08:05:09+00:00","dateModified":"2023-09-24T10:28:16+00:00","breadcrumb":{"@id":"https:\/\/ospoljcane.si\/nova\/hisni-red-v-telovadnici\/#breadcrumb"},"inLanguage":"sl-SI","potentialAction":[{"@type":"ReadAction","target":["https:\/\/ospoljcane.si\/nova\/hisni-red-v-telovadnici\/"]}]},{"@type":"BreadcrumbList","@id":"https:\/\/ospoljcane.si\/nova\/hisni-red-v-telovadnici\/#breadcrumb","itemListElement":[{"@type":"ListItem","position":1,"name":"Domov","item":"https:\/\/ospoljcane.si\/nova\/"},{"@type":"ListItem","position":2,"name":"Hi\u0161ni red v telovadnici"}]},{"@type":"WebSite","@id":"https:\/\/ospoljcane.si\/nova\/#website","url":"https:\/\/ospoljcane.si\/nova\/","name":"Osnovna \u0161ola Kajetana Kovi\u010da Polj\u010dane","description":"","publisher":{"@id":"https:\/\/ospoljcane.si\/nova\/#organization"},"potentialAction":[{"@type":"SearchAction","target":{"@type":"EntryPoint","urlTemplate":"https:\/\/ospoljcane.si\/nova\/?s={search_term_string}"},"query-input":{"@type":"PropertyValueSpecification","valueRequired":true,"valueName":"search_term_string"}}],"inLanguage":"sl-SI"},{"@type":"Organization","@id":"https:\/\/ospoljcane.si\/nova\/#organization","name":"Osnovna \u0161ola Kajetana Kovi\u010da Polj\u010dane","url":"https:\/\/ospoljcane.si\/nova\/","logo":{"@type":"ImageObject","inLanguage":"sl-SI","@id":"https:\/\/ospoljcane.si\/nova\/#\/schema\/logo\/image\/","url":"https:\/\/ospoljcane.si\/nova\/wp-content\/uploads\/2020\/12\/cropped-cropped-Logotip-sole-2016_3G-1-1.png","contentUrl":"https:\/\/ospoljcane.si\/nova\/wp-content\/uploads\/2020\/12\/cropped-cropped-Logotip-sole-2016_3G-1-1.png","width":512,"height":512,"caption":"Osnovna \u0161ola Kajetana Kovi\u010da Polj\u010dane"},"image":{"@id":"https:\/\/ospoljcane.si\/nova\/#\/schema\/logo\/image\/"}}]}},"_links":{"self":[{"href":"https:\/\/ospoljcane.si\/nova\/wp-json\/wp\/v2\/pages\/3241","targetHints":{"allow":["GET"]}}],"collection":[{"href":"https:\/\/ospoljcane.si\/nova\/wp-json\/wp\/v2\/pages"}],"about":[{"href":"https:\/\/ospoljcane.si\/nova\/wp-json\/wp\/v2\/types\/page"}],"author":[{"embeddable":true,"href":"https:\/\/ospoljcane.si\/nova\/wp-json\/wp\/v2\/users\/1"}],"replies":[{"embeddable":true,"href":"https:\/\/ospoljcane.si\/nova\/wp-json\/wp\/v2\/comments?post=3241"}],"version-history":[{"count":23,"href":"https:\/\/ospoljcane.si\/nova\/wp-json\/wp\/v2\/pages\/3241\/revisions"}],"predecessor-version":[{"id":15865,"href":"https:\/\/ospoljcane.si\/nova\/wp-json\/wp\/v2\/pages\/3241\/revisions\/15865"}],"wp:attachment":[{"href":"https:\/\/ospoljcane.si\/nova\/wp-json\/wp\/v2\/media?parent=3241"}],"curies":[{"name":"wp","href":"https:\/\/api.w.org\/{rel}","templated":true}]}}