{"id":3222,"date":"2021-02-10T08:06:22","date_gmt":"2021-02-10T07:06:22","guid":{"rendered":"http:\/\/ospoljcane.si\/nova\/?page_id=3222"},"modified":"2024-04-01T20:01:58","modified_gmt":"2024-04-01T18:01:58","slug":"zgodovina","status":"publish","type":"page","link":"https:\/\/ospoljcane.si\/nova\/zgodovina\/","title":{"rendered":"Zgodovina"},"content":{"rendered":"\t\t<div data-elementor-type=\"wp-page\" data-elementor-id=\"3222\" class=\"elementor elementor-3222\" data-elementor-post-type=\"page\">\n\t\t\t\t\t\t<section class=\"elementor-section elementor-top-section elementor-element elementor-element-212ac1f2 elementor-section-boxed elementor-section-height-default elementor-section-height-default\" data-id=\"212ac1f2\" data-element_type=\"section\" data-e-type=\"section\">\n\t\t\t\t\t\t<div class=\"elementor-container elementor-column-gap-default\">\n\t\t\t\t\t<div class=\"elementor-column elementor-col-100 elementor-top-column elementor-element elementor-element-604bda3\" data-id=\"604bda3\" data-element_type=\"column\" data-e-type=\"column\">\n\t\t\t<div class=\"elementor-widget-wrap elementor-element-populated\">\n\t\t\t\t\t\t<div class=\"elementor-element elementor-element-6fc0ee88 elementor-widget elementor-widget-text-editor\" data-id=\"6fc0ee88\" data-element_type=\"widget\" data-e-type=\"widget\" data-widget_type=\"text-editor.default\">\n\t\t\t\t<div class=\"elementor-widget-container\">\n\t\t\t\t\t\t\t\t\t<p>Zavod za prou\u010devanje \u0161olstva Republike Slovenije je 6. 2. 1959 organiziral posvet o vpra\u0161anjih \u0161olske \u0161portne organizacije. Leta 1970 je koordinacijski odbor za \u0161olska \u0161portna tekmovanja prerasel v Republi\u0161ki center \u0161olskih \u0161portnih dru\u0161tev.<\/p><p>V \u0161olskem letu 1970\/71 je iz tedanjega Republi\u0161kega centra \u0161olskih \u0161portnih dru\u0161tev in izobra\u017eevalne skupnosti Ob\u010dine Slovenska Bistrica pri\u0161la pobuda za ustanovitev \u0161olskega \u0161portnega dru\u0161tva na \u0161oli. Tej ponudbi sta se odzvala tedanji ravnatelj Alojz Mesari\u010d in u\u010diteljica telesne vzgoje Hilda Vi\u017eintin in na Osnovni \u0161oli Polj\u010dane ustanovila \u0161olsko \u0161portno dru\u0161tvo. Ustanovitev \u0161olskega \u0161portnega dru\u0161tva ni pomenila za\u010detka \u0161portne dejavnosti v Polj\u010danah. Gonilna sila \u0161olskega \u0161portnega dru\u0161tva je bila do leta 1999, seveda ob podpori ravnateljev, sprva Alojza Mesari\u010da, kasneje Borisa Plo\u0161injaka in nato Stanislava Kova\u010di\u010da, Hilda Vi\u017eintin. Pri mentorstvu sta ji pomagala Branko Fuchs in Miran Voglar. Leta 1999 je vodenje dru\u0161tva prevzel Miran Voglar, katerega zasluga je, da je dru\u0161tvo \u0161e naprej znano in uveljavljeno tudi v dr\u017eavnem merilu. Ob odhodu Hilde Vi\u017eintin v pokoj je nadgrajeval delo v dru\u0161tvu Dejan Kalan, ob odhodu Branka Fuchsa pa Ranko Leskovar. Dana\u0161nja ravnateljica mag. Francka Mravlje pa dopolnjuje ekipo in nudi dru\u0161tvu zelo veliko podporo. Dru\u0161tvo in \u0161ola vzajemno sodelujeta in dosegata v dr\u017eavnem merilu odli\u010dne rezultate.<\/p><figure id=\"attachment_3457\" aria-describedby=\"caption-attachment-3457\" style=\"width: 800px\" class=\"wp-caption alignright\"><a href=\"https:\/\/ospoljcane.si\/nova\/wp-content\/uploads\/2021\/02\/Srecanje-1971.jpg\"><img fetchpriority=\"high\" decoding=\"async\" class=\"wp-image-3457 size-large\" src=\"https:\/\/ospoljcane.si\/nova\/wp-content\/uploads\/2021\/02\/Srecanje-1971-1024x471.jpg\" alt=\"\" width=\"800\" height=\"368\" srcset=\"https:\/\/ospoljcane.si\/nova\/wp-content\/uploads\/2021\/02\/Srecanje-1971-1024x471.jpg 1024w, https:\/\/ospoljcane.si\/nova\/wp-content\/uploads\/2021\/02\/Srecanje-1971-300x138.jpg 300w, https:\/\/ospoljcane.si\/nova\/wp-content\/uploads\/2021\/02\/Srecanje-1971-768x354.jpg 768w, https:\/\/ospoljcane.si\/nova\/wp-content\/uploads\/2021\/02\/Srecanje-1971.jpg 1123w\" sizes=\"(max-width: 800px) 100vw, 800px\" \/><\/a><figcaption id=\"caption-attachment-3457\" class=\"wp-caption-text\">Sre\u010danje \u0161olskih \u0161portnih dru\u0161tev ob\u010dine Slovenska Bistrica in ustanovitev ob\u010dinskega centra \u0161olskih \u0161portnih dru\u0161tev leta 1971 na Bo\u010du.<\/figcaption><\/figure><p><em>Ve\u010d o zgodovini \u0161portnega dru\u0161tva si lahko preberete <a href=\"https:\/\/ospoljcane.si\/nova\/wp-content\/uploads\/2024\/04\/1.-Zgodovina-drustva-posodobljeno-2024.pdf\"><strong>tukaj.<\/strong><\/a><\/em><\/p>\t\t\t\t\t\t\t\t<\/div>\n\t\t\t\t<\/div>\n\t\t\t\t\t<\/div>\n\t\t<\/div>\n\t\t\t\t\t<\/div>\n\t\t<\/section>\n\t\t\t\t<\/div>\n\t\t","protected":false},"excerpt":{"rendered":"<p>Zavod za prou\u010devanje \u0161olstva Republike Slovenije je 6. 2. 1959 organiziral posvet o vpra\u0161anjih \u0161olske \u0161portne organizacije. Leta 1970 je koordinacijski odbor za \u0161olska \u0161portna &hellip; <\/p>\n","protected":false},"author":1,"featured_media":0,"parent":0,"menu_order":0,"comment_status":"closed","ping_status":"closed","template":"","meta":{"footnotes":""},"class_list":["post-3222","page","type-page","status-publish","hentry","image-hover-transition-effect","latest_post"],"yoast_head":"<!-- This site is optimized with the Yoast SEO plugin v27.4 - https:\/\/yoast.com\/product\/yoast-seo-wordpress\/ -->\n<title>Zgodovina - Osnovna \u0161ola Kajetana Kovi\u010da Polj\u010dane<\/title>\n<meta name=\"robots\" content=\"index, follow, max-snippet:-1, max-image-preview:large, max-video-preview:-1\" \/>\n<link rel=\"canonical\" href=\"https:\/\/ospoljcane.si\/nova\/zgodovina\/\" \/>\n<meta property=\"og:locale\" content=\"sl_SI\" \/>\n<meta property=\"og:type\" content=\"article\" \/>\n<meta property=\"og:title\" content=\"Zgodovina - Osnovna \u0161ola Kajetana Kovi\u010da Polj\u010dane\" \/>\n<meta property=\"og:description\" content=\"Zavod za prou\u010devanje \u0161olstva Republike Slovenije je 6. 2. 1959 organiziral posvet o vpra\u0161anjih \u0161olske \u0161portne organizacije. Leta 1970 je koordinacijski odbor za \u0161olska \u0161portna &hellip;\" \/>\n<meta property=\"og:url\" content=\"https:\/\/ospoljcane.si\/nova\/zgodovina\/\" \/>\n<meta property=\"og:site_name\" content=\"Osnovna \u0161ola Kajetana Kovi\u010da Polj\u010dane\" \/>\n<meta property=\"article:modified_time\" content=\"2024-04-01T18:01:58+00:00\" \/>\n<meta property=\"og:image\" content=\"http:\/\/ospoljcane.si\/nova\/wp-content\/uploads\/2021\/02\/Srecanje-1971-1024x471.jpg\" \/>\n<meta name=\"twitter:card\" content=\"summary_large_image\" \/>\n<meta name=\"twitter:label1\" content=\"Est. reading time\" \/>\n\t<meta name=\"twitter:data1\" content=\"2 minuti\" \/>\n<script type=\"application\/ld+json\" class=\"yoast-schema-graph\">{\"@context\":\"https:\\\/\\\/schema.org\",\"@graph\":[{\"@type\":\"WebPage\",\"@id\":\"https:\\\/\\\/ospoljcane.si\\\/nova\\\/zgodovina\\\/\",\"url\":\"https:\\\/\\\/ospoljcane.si\\\/nova\\\/zgodovina\\\/\",\"name\":\"Zgodovina - Osnovna \u0161ola Kajetana Kovi\u010da Polj\u010dane\",\"isPartOf\":{\"@id\":\"https:\\\/\\\/ospoljcane.si\\\/nova\\\/#website\"},\"primaryImageOfPage\":{\"@id\":\"https:\\\/\\\/ospoljcane.si\\\/nova\\\/zgodovina\\\/#primaryimage\"},\"image\":{\"@id\":\"https:\\\/\\\/ospoljcane.si\\\/nova\\\/zgodovina\\\/#primaryimage\"},\"thumbnailUrl\":\"http:\\\/\\\/ospoljcane.si\\\/nova\\\/wp-content\\\/uploads\\\/2021\\\/02\\\/Srecanje-1971-1024x471.jpg\",\"datePublished\":\"2021-02-10T07:06:22+00:00\",\"dateModified\":\"2024-04-01T18:01:58+00:00\",\"breadcrumb\":{\"@id\":\"https:\\\/\\\/ospoljcane.si\\\/nova\\\/zgodovina\\\/#breadcrumb\"},\"inLanguage\":\"sl-SI\",\"potentialAction\":[{\"@type\":\"ReadAction\",\"target\":[\"https:\\\/\\\/ospoljcane.si\\\/nova\\\/zgodovina\\\/\"]}]},{\"@type\":\"ImageObject\",\"inLanguage\":\"sl-SI\",\"@id\":\"https:\\\/\\\/ospoljcane.si\\\/nova\\\/zgodovina\\\/#primaryimage\",\"url\":\"http:\\\/\\\/ospoljcane.si\\\/nova\\\/wp-content\\\/uploads\\\/2021\\\/02\\\/Srecanje-1971-1024x471.jpg\",\"contentUrl\":\"http:\\\/\\\/ospoljcane.si\\\/nova\\\/wp-content\\\/uploads\\\/2021\\\/02\\\/Srecanje-1971-1024x471.jpg\"},{\"@type\":\"BreadcrumbList\",\"@id\":\"https:\\\/\\\/ospoljcane.si\\\/nova\\\/zgodovina\\\/#breadcrumb\",\"itemListElement\":[{\"@type\":\"ListItem\",\"position\":1,\"name\":\"Domov\",\"item\":\"https:\\\/\\\/ospoljcane.si\\\/nova\\\/\"},{\"@type\":\"ListItem\",\"position\":2,\"name\":\"Zgodovina\"}]},{\"@type\":\"WebSite\",\"@id\":\"https:\\\/\\\/ospoljcane.si\\\/nova\\\/#website\",\"url\":\"https:\\\/\\\/ospoljcane.si\\\/nova\\\/\",\"name\":\"Osnovna \u0161ola Kajetana Kovi\u010da Polj\u010dane\",\"description\":\"\",\"publisher\":{\"@id\":\"https:\\\/\\\/ospoljcane.si\\\/nova\\\/#organization\"},\"potentialAction\":[{\"@type\":\"SearchAction\",\"target\":{\"@type\":\"EntryPoint\",\"urlTemplate\":\"https:\\\/\\\/ospoljcane.si\\\/nova\\\/?s={search_term_string}\"},\"query-input\":{\"@type\":\"PropertyValueSpecification\",\"valueRequired\":true,\"valueName\":\"search_term_string\"}}],\"inLanguage\":\"sl-SI\"},{\"@type\":\"Organization\",\"@id\":\"https:\\\/\\\/ospoljcane.si\\\/nova\\\/#organization\",\"name\":\"Osnovna \u0161ola Kajetana Kovi\u010da Polj\u010dane\",\"url\":\"https:\\\/\\\/ospoljcane.si\\\/nova\\\/\",\"logo\":{\"@type\":\"ImageObject\",\"inLanguage\":\"sl-SI\",\"@id\":\"https:\\\/\\\/ospoljcane.si\\\/nova\\\/#\\\/schema\\\/logo\\\/image\\\/\",\"url\":\"https:\\\/\\\/ospoljcane.si\\\/nova\\\/wp-content\\\/uploads\\\/2020\\\/12\\\/cropped-cropped-Logotip-sole-2016_3G-1-1.png\",\"contentUrl\":\"https:\\\/\\\/ospoljcane.si\\\/nova\\\/wp-content\\\/uploads\\\/2020\\\/12\\\/cropped-cropped-Logotip-sole-2016_3G-1-1.png\",\"width\":512,\"height\":512,\"caption\":\"Osnovna \u0161ola Kajetana Kovi\u010da Polj\u010dane\"},\"image\":{\"@id\":\"https:\\\/\\\/ospoljcane.si\\\/nova\\\/#\\\/schema\\\/logo\\\/image\\\/\"}}]}<\/script>\n<!-- \/ Yoast SEO plugin. -->","yoast_head_json":{"title":"Zgodovina - Osnovna \u0161ola Kajetana Kovi\u010da Polj\u010dane","robots":{"index":"index","follow":"follow","max-snippet":"max-snippet:-1","max-image-preview":"max-image-preview:large","max-video-preview":"max-video-preview:-1"},"canonical":"https:\/\/ospoljcane.si\/nova\/zgodovina\/","og_locale":"sl_SI","og_type":"article","og_title":"Zgodovina - Osnovna \u0161ola Kajetana Kovi\u010da Polj\u010dane","og_description":"Zavod za prou\u010devanje \u0161olstva Republike Slovenije je 6. 2. 1959 organiziral posvet o vpra\u0161anjih \u0161olske \u0161portne organizacije. Leta 1970 je koordinacijski odbor za \u0161olska \u0161portna &hellip;","og_url":"https:\/\/ospoljcane.si\/nova\/zgodovina\/","og_site_name":"Osnovna \u0161ola Kajetana Kovi\u010da Polj\u010dane","article_modified_time":"2024-04-01T18:01:58+00:00","og_image":[{"url":"http:\/\/ospoljcane.si\/nova\/wp-content\/uploads\/2021\/02\/Srecanje-1971-1024x471.jpg","type":"","width":"","height":""}],"twitter_card":"summary_large_image","twitter_misc":{"Est. reading time":"2 minuti"},"schema":{"@context":"https:\/\/schema.org","@graph":[{"@type":"WebPage","@id":"https:\/\/ospoljcane.si\/nova\/zgodovina\/","url":"https:\/\/ospoljcane.si\/nova\/zgodovina\/","name":"Zgodovina - Osnovna \u0161ola Kajetana Kovi\u010da Polj\u010dane","isPartOf":{"@id":"https:\/\/ospoljcane.si\/nova\/#website"},"primaryImageOfPage":{"@id":"https:\/\/ospoljcane.si\/nova\/zgodovina\/#primaryimage"},"image":{"@id":"https:\/\/ospoljcane.si\/nova\/zgodovina\/#primaryimage"},"thumbnailUrl":"http:\/\/ospoljcane.si\/nova\/wp-content\/uploads\/2021\/02\/Srecanje-1971-1024x471.jpg","datePublished":"2021-02-10T07:06:22+00:00","dateModified":"2024-04-01T18:01:58+00:00","breadcrumb":{"@id":"https:\/\/ospoljcane.si\/nova\/zgodovina\/#breadcrumb"},"inLanguage":"sl-SI","potentialAction":[{"@type":"ReadAction","target":["https:\/\/ospoljcane.si\/nova\/zgodovina\/"]}]},{"@type":"ImageObject","inLanguage":"sl-SI","@id":"https:\/\/ospoljcane.si\/nova\/zgodovina\/#primaryimage","url":"http:\/\/ospoljcane.si\/nova\/wp-content\/uploads\/2021\/02\/Srecanje-1971-1024x471.jpg","contentUrl":"http:\/\/ospoljcane.si\/nova\/wp-content\/uploads\/2021\/02\/Srecanje-1971-1024x471.jpg"},{"@type":"BreadcrumbList","@id":"https:\/\/ospoljcane.si\/nova\/zgodovina\/#breadcrumb","itemListElement":[{"@type":"ListItem","position":1,"name":"Domov","item":"https:\/\/ospoljcane.si\/nova\/"},{"@type":"ListItem","position":2,"name":"Zgodovina"}]},{"@type":"WebSite","@id":"https:\/\/ospoljcane.si\/nova\/#website","url":"https:\/\/ospoljcane.si\/nova\/","name":"Osnovna \u0161ola Kajetana Kovi\u010da Polj\u010dane","description":"","publisher":{"@id":"https:\/\/ospoljcane.si\/nova\/#organization"},"potentialAction":[{"@type":"SearchAction","target":{"@type":"EntryPoint","urlTemplate":"https:\/\/ospoljcane.si\/nova\/?s={search_term_string}"},"query-input":{"@type":"PropertyValueSpecification","valueRequired":true,"valueName":"search_term_string"}}],"inLanguage":"sl-SI"},{"@type":"Organization","@id":"https:\/\/ospoljcane.si\/nova\/#organization","name":"Osnovna \u0161ola Kajetana Kovi\u010da Polj\u010dane","url":"https:\/\/ospoljcane.si\/nova\/","logo":{"@type":"ImageObject","inLanguage":"sl-SI","@id":"https:\/\/ospoljcane.si\/nova\/#\/schema\/logo\/image\/","url":"https:\/\/ospoljcane.si\/nova\/wp-content\/uploads\/2020\/12\/cropped-cropped-Logotip-sole-2016_3G-1-1.png","contentUrl":"https:\/\/ospoljcane.si\/nova\/wp-content\/uploads\/2020\/12\/cropped-cropped-Logotip-sole-2016_3G-1-1.png","width":512,"height":512,"caption":"Osnovna \u0161ola Kajetana Kovi\u010da Polj\u010dane"},"image":{"@id":"https:\/\/ospoljcane.si\/nova\/#\/schema\/logo\/image\/"}}]}},"_links":{"self":[{"href":"https:\/\/ospoljcane.si\/nova\/wp-json\/wp\/v2\/pages\/3222","targetHints":{"allow":["GET"]}}],"collection":[{"href":"https:\/\/ospoljcane.si\/nova\/wp-json\/wp\/v2\/pages"}],"about":[{"href":"https:\/\/ospoljcane.si\/nova\/wp-json\/wp\/v2\/types\/page"}],"author":[{"embeddable":true,"href":"https:\/\/ospoljcane.si\/nova\/wp-json\/wp\/v2\/users\/1"}],"replies":[{"embeddable":true,"href":"https:\/\/ospoljcane.si\/nova\/wp-json\/wp\/v2\/comments?post=3222"}],"version-history":[{"count":18,"href":"https:\/\/ospoljcane.si\/nova\/wp-json\/wp\/v2\/pages\/3222\/revisions"}],"predecessor-version":[{"id":18032,"href":"https:\/\/ospoljcane.si\/nova\/wp-json\/wp\/v2\/pages\/3222\/revisions\/18032"}],"wp:attachment":[{"href":"https:\/\/ospoljcane.si\/nova\/wp-json\/wp\/v2\/media?parent=3222"}],"curies":[{"name":"wp","href":"https:\/\/api.w.org\/{rel}","templated":true}]}}