{"id":318,"date":"2020-12-15T09:08:47","date_gmt":"2020-12-15T09:08:47","guid":{"rendered":"http:\/\/ospoljcane.si\/nova\/?page_id=318"},"modified":"2025-09-30T11:04:17","modified_gmt":"2025-09-30T09:04:17","slug":"dejavnosti-v-podaljsanem-bivanju","status":"publish","type":"page","link":"https:\/\/ospoljcane.si\/nova\/dejavnosti-v-podaljsanem-bivanju\/","title":{"rendered":"Dejavnosti v podalj\u0161anem bivanju"},"content":{"rendered":"\t\t<div data-elementor-type=\"wp-page\" data-elementor-id=\"318\" class=\"elementor elementor-318\" data-elementor-post-type=\"page\">\n\t\t\t\t\t\t<section class=\"elementor-section elementor-top-section elementor-element elementor-element-4f64db77 elementor-section-boxed elementor-section-height-default elementor-section-height-default\" data-id=\"4f64db77\" data-element_type=\"section\" data-e-type=\"section\">\n\t\t\t\t\t\t<div class=\"elementor-container elementor-column-gap-default\">\n\t\t\t\t\t<div class=\"elementor-column elementor-col-100 elementor-top-column elementor-element elementor-element-9baa359\" data-id=\"9baa359\" data-element_type=\"column\" data-e-type=\"column\">\n\t\t\t<div class=\"elementor-widget-wrap elementor-element-populated\">\n\t\t\t\t\t\t<div class=\"elementor-element elementor-element-22e33cd2 elementor-widget elementor-widget-text-editor\" data-id=\"22e33cd2\" data-element_type=\"widget\" data-e-type=\"widget\" data-widget_type=\"text-editor.default\">\n\t\t\t\t<div class=\"elementor-widget-container\">\n\t\t\t\t\t\t\t\t\t<div class=\"ospoljcane-post-inner ospoljcane-article\"><div class=\"ospoljcane-postcontent\"><div class=\"ospoljcane-article\"><p>V okviru raz\u0161irjenega programa \u0161ola organizira in izvaja podalj\u0161ano bivanje po dolo\u010denem konceptu, vsebovati mora naslednje dejavnosti: sprostitveno dejavnost, ustvarjalno pre\u017eivljanje \u010dasa, samostojno u\u010denje, prehrano.<\/p><p><img fetchpriority=\"high\" decoding=\"async\" class=\"size-full wp-image-1412 aligncenter\" src=\"https:\/\/ospoljcane.si\/nova\/wp-content\/uploads\/2020\/12\/info.png\" alt=\"\" width=\"553\" height=\"283\" srcset=\"https:\/\/ospoljcane.si\/nova\/wp-content\/uploads\/2020\/12\/info.png 553w, https:\/\/ospoljcane.si\/nova\/wp-content\/uploads\/2020\/12\/info-300x154.png 300w\" sizes=\"(max-width: 553px) 100vw, 553px\" \/><\/p><p><strong>SPROSTITVENA DEJAVNOST<\/strong><\/p><p>Sprostitvena dejavnost je namenjena po\u010ditku, sprostitvi in obnavljanju psihofizi\u010dnih mo\u010di u\u010dencev. V tem \u010dasu si u\u010denci naberejo novih mo\u010di za delo in zadovoljijo svoje potrebe po po\u010ditku, gibanju, igri in socialnih stikih.\u00a0<\/p><p style=\"text-align: left;\">Aktivnosti niso ciljno usmerjene, u\u010denci izberejo aktivnosti glede na svoje interese in glede na okolje v katerem se nahajajo (zunanje igri\u0161\u010de, razred, telovadnica, ra\u010dunalni\u0161ka u\u010dilnica). Izbirajo med razli\u010dnimi igrami (dru\u017eabne, \u0161portne, razvedrilne, socialne, rajalne), likovno ustvarjajo, poslu\u0161ajo glasbo, ogledajo si risanko ali film, obi\u0161\u010dejo knji\u017enico, berejo, se pogovarjajo, grejo na sprehod\u2026<\/p><p style=\"text-align: left;\"><strong>USTVARJALNO PRE\u017dIVLJANJE \u010cASA<\/strong><\/p><p style=\"text-align: left;\">\u00a0Ta dejavnost u\u010dencem omogo\u010da ukvarjanje z razli\u010dnimi vsebinami. To so usmerjene aktivnosti, ki imajo dolo\u010den cilj, ob \u010demer upo\u0161tevamo interese, potrebe in sposobnosti u\u010dencev na vseh temeljnih podro\u010djih razvoja osebnosti: spoznavnem, gibalnem, socialnem, \u010dustvenem, estetskem, moralno-eti\u010dnem.<\/p><p>\u00a0<\/p><p style=\"text-align: left;\">U\u010denci pod strokovnim vodstvom sodelujejo pri aktivnostih iz razli\u010dnih podro\u010dij. To so likovne, glasbene, plesne in \u0161portne dejavnosti, socialne igre, priprave na nastope na prireditvah idr.<\/p><\/div><\/div><\/div><div class=\"ospoljcane-post-inner ospoljcane-article\"><div class=\"ospoljcane-postcontent\"><div class=\"ospoljcane-article\"><p style=\"text-align: left;\"><strong>\u00a0SAMOSTOJNO U\u010cENJE<\/strong><\/p><p style=\"text-align: left;\">V okviru samostojnega u\u010denja poteka usmerjanje in navajanje u\u010dencev na samostojno opravljanje u\u010dnih obveznosti. U\u010denci znanje, ki so ga pridobili pri pouku dodatno utrdijo, poglobijo, raz\u0161irijo in uporabijo v novih situacijah.<\/p><p style=\"text-align: left;\">Skrbimo za redno in kakovostno opravljanje doma\u010dih nalog ter za utrjevanje snovi z zabavnimi delovnimi listi ali s pogovorom.\u00a0<\/p><p style=\"text-align: left;\"><strong>P<\/strong><strong>REHRANA<\/strong><\/p><p style=\"text-align: left;\">Kosilo je dejavnost, v okviru katere poteka priprava na kosilo, s poudarkom na kulturi prehranjevanja in kosilo, v jedilnici \u0161ole.<img decoding=\"async\" class=\"wp-image-1416 size-medium alignright\" src=\"https:\/\/ospoljcane.si\/nova\/wp-content\/uploads\/2020\/12\/Prehrana-180x300.jpg\" alt=\"\" width=\"180\" height=\"300\" \/><\/p><p style=\"text-align: left;\">V jedilnici se kulturno vedemo, imamo pozitiven odnos do hrane, pravilno uporabljamo pribor, pospravimo za seboj in poznamo pomen higienskih navad.<\/p><p style=\"text-align: left;\">\u00a0<\/p><\/div><\/div><\/div>\t\t\t\t\t\t\t\t<\/div>\n\t\t\t\t<\/div>\n\t\t\t\t\t<\/div>\n\t\t<\/div>\n\t\t\t\t\t<\/div>\n\t\t<\/section>\n\t\t\t\t<\/div>\n\t\t","protected":false},"excerpt":{"rendered":"<p>V okviru raz\u0161irjenega programa \u0161ola organizira in izvaja podalj\u0161ano bivanje po dolo\u010denem konceptu, vsebovati mora naslednje dejavnosti: sprostitveno dejavnost, ustvarjalno pre\u017eivljanje \u010dasa, samostojno u\u010denje, prehrano. &hellip; <\/p>\n","protected":false},"author":1,"featured_media":0,"parent":0,"menu_order":0,"comment_status":"closed","ping_status":"closed","template":"","meta":{"footnotes":""},"class_list":["post-318","page","type-page","status-publish","hentry","image-hover-transition-effect","latest_post"],"yoast_head":"<!-- This site is optimized with the Yoast SEO plugin v27.5 - https:\/\/yoast.com\/product\/yoast-seo-wordpress\/ -->\n<title>Dejavnosti v podalj\u0161anem bivanju - Osnovna \u0161ola Kajetana Kovi\u010da Polj\u010dane<\/title>\n<meta name=\"robots\" content=\"index, follow, max-snippet:-1, max-image-preview:large, max-video-preview:-1\" \/>\n<link rel=\"canonical\" href=\"https:\/\/ospoljcane.si\/nova\/dejavnosti-v-podaljsanem-bivanju\/\" \/>\n<meta property=\"og:locale\" content=\"sl_SI\" \/>\n<meta property=\"og:type\" content=\"article\" \/>\n<meta property=\"og:title\" content=\"Dejavnosti v podalj\u0161anem bivanju - Osnovna \u0161ola Kajetana Kovi\u010da Polj\u010dane\" \/>\n<meta property=\"og:description\" content=\"V okviru raz\u0161irjenega programa \u0161ola organizira in izvaja podalj\u0161ano bivanje po dolo\u010denem konceptu, vsebovati mora naslednje dejavnosti: sprostitveno dejavnost, ustvarjalno pre\u017eivljanje \u010dasa, samostojno u\u010denje, prehrano. &hellip;\" \/>\n<meta property=\"og:url\" content=\"https:\/\/ospoljcane.si\/nova\/dejavnosti-v-podaljsanem-bivanju\/\" \/>\n<meta property=\"og:site_name\" content=\"Osnovna \u0161ola Kajetana Kovi\u010da Polj\u010dane\" \/>\n<meta property=\"article:modified_time\" content=\"2025-09-30T09:04:17+00:00\" \/>\n<meta property=\"og:image\" content=\"http:\/\/ospoljcane.si\/nova\/wp-content\/uploads\/2020\/12\/info.png\" \/>\n<meta name=\"twitter:card\" content=\"summary_large_image\" \/>\n<meta name=\"twitter:label1\" content=\"Est. reading time\" \/>\n\t<meta name=\"twitter:data1\" content=\"2 minuti\" \/>\n<script type=\"application\/ld+json\" class=\"yoast-schema-graph\">{\"@context\":\"https:\\\/\\\/schema.org\",\"@graph\":[{\"@type\":\"WebPage\",\"@id\":\"https:\\\/\\\/ospoljcane.si\\\/nova\\\/dejavnosti-v-podaljsanem-bivanju\\\/\",\"url\":\"https:\\\/\\\/ospoljcane.si\\\/nova\\\/dejavnosti-v-podaljsanem-bivanju\\\/\",\"name\":\"Dejavnosti v podalj\u0161anem bivanju - Osnovna \u0161ola Kajetana Kovi\u010da Polj\u010dane\",\"isPartOf\":{\"@id\":\"https:\\\/\\\/ospoljcane.si\\\/nova\\\/#website\"},\"primaryImageOfPage\":{\"@id\":\"https:\\\/\\\/ospoljcane.si\\\/nova\\\/dejavnosti-v-podaljsanem-bivanju\\\/#primaryimage\"},\"image\":{\"@id\":\"https:\\\/\\\/ospoljcane.si\\\/nova\\\/dejavnosti-v-podaljsanem-bivanju\\\/#primaryimage\"},\"thumbnailUrl\":\"http:\\\/\\\/ospoljcane.si\\\/nova\\\/wp-content\\\/uploads\\\/2020\\\/12\\\/info.png\",\"datePublished\":\"2020-12-15T09:08:47+00:00\",\"dateModified\":\"2025-09-30T09:04:17+00:00\",\"breadcrumb\":{\"@id\":\"https:\\\/\\\/ospoljcane.si\\\/nova\\\/dejavnosti-v-podaljsanem-bivanju\\\/#breadcrumb\"},\"inLanguage\":\"sl-SI\",\"potentialAction\":[{\"@type\":\"ReadAction\",\"target\":[\"https:\\\/\\\/ospoljcane.si\\\/nova\\\/dejavnosti-v-podaljsanem-bivanju\\\/\"]}]},{\"@type\":\"ImageObject\",\"inLanguage\":\"sl-SI\",\"@id\":\"https:\\\/\\\/ospoljcane.si\\\/nova\\\/dejavnosti-v-podaljsanem-bivanju\\\/#primaryimage\",\"url\":\"http:\\\/\\\/ospoljcane.si\\\/nova\\\/wp-content\\\/uploads\\\/2020\\\/12\\\/info.png\",\"contentUrl\":\"http:\\\/\\\/ospoljcane.si\\\/nova\\\/wp-content\\\/uploads\\\/2020\\\/12\\\/info.png\"},{\"@type\":\"BreadcrumbList\",\"@id\":\"https:\\\/\\\/ospoljcane.si\\\/nova\\\/dejavnosti-v-podaljsanem-bivanju\\\/#breadcrumb\",\"itemListElement\":[{\"@type\":\"ListItem\",\"position\":1,\"name\":\"Domov\",\"item\":\"https:\\\/\\\/ospoljcane.si\\\/nova\\\/\"},{\"@type\":\"ListItem\",\"position\":2,\"name\":\"Dejavnosti v podalj\u0161anem bivanju\"}]},{\"@type\":\"WebSite\",\"@id\":\"https:\\\/\\\/ospoljcane.si\\\/nova\\\/#website\",\"url\":\"https:\\\/\\\/ospoljcane.si\\\/nova\\\/\",\"name\":\"Osnovna \u0161ola Kajetana Kovi\u010da Polj\u010dane\",\"description\":\"\",\"publisher\":{\"@id\":\"https:\\\/\\\/ospoljcane.si\\\/nova\\\/#organization\"},\"potentialAction\":[{\"@type\":\"SearchAction\",\"target\":{\"@type\":\"EntryPoint\",\"urlTemplate\":\"https:\\\/\\\/ospoljcane.si\\\/nova\\\/?s={search_term_string}\"},\"query-input\":{\"@type\":\"PropertyValueSpecification\",\"valueRequired\":true,\"valueName\":\"search_term_string\"}}],\"inLanguage\":\"sl-SI\"},{\"@type\":\"Organization\",\"@id\":\"https:\\\/\\\/ospoljcane.si\\\/nova\\\/#organization\",\"name\":\"Osnovna \u0161ola Kajetana Kovi\u010da Polj\u010dane\",\"url\":\"https:\\\/\\\/ospoljcane.si\\\/nova\\\/\",\"logo\":{\"@type\":\"ImageObject\",\"inLanguage\":\"sl-SI\",\"@id\":\"https:\\\/\\\/ospoljcane.si\\\/nova\\\/#\\\/schema\\\/logo\\\/image\\\/\",\"url\":\"https:\\\/\\\/ospoljcane.si\\\/nova\\\/wp-content\\\/uploads\\\/2020\\\/12\\\/cropped-cropped-Logotip-sole-2016_3G-1-1.png\",\"contentUrl\":\"https:\\\/\\\/ospoljcane.si\\\/nova\\\/wp-content\\\/uploads\\\/2020\\\/12\\\/cropped-cropped-Logotip-sole-2016_3G-1-1.png\",\"width\":512,\"height\":512,\"caption\":\"Osnovna \u0161ola Kajetana Kovi\u010da Polj\u010dane\"},\"image\":{\"@id\":\"https:\\\/\\\/ospoljcane.si\\\/nova\\\/#\\\/schema\\\/logo\\\/image\\\/\"}}]}<\/script>\n<!-- \/ Yoast SEO plugin. -->","yoast_head_json":{"title":"Dejavnosti v podalj\u0161anem bivanju - Osnovna \u0161ola Kajetana Kovi\u010da Polj\u010dane","robots":{"index":"index","follow":"follow","max-snippet":"max-snippet:-1","max-image-preview":"max-image-preview:large","max-video-preview":"max-video-preview:-1"},"canonical":"https:\/\/ospoljcane.si\/nova\/dejavnosti-v-podaljsanem-bivanju\/","og_locale":"sl_SI","og_type":"article","og_title":"Dejavnosti v podalj\u0161anem bivanju - Osnovna \u0161ola Kajetana Kovi\u010da Polj\u010dane","og_description":"V okviru raz\u0161irjenega programa \u0161ola organizira in izvaja podalj\u0161ano bivanje po dolo\u010denem konceptu, vsebovati mora naslednje dejavnosti: sprostitveno dejavnost, ustvarjalno pre\u017eivljanje \u010dasa, samostojno u\u010denje, prehrano. &hellip;","og_url":"https:\/\/ospoljcane.si\/nova\/dejavnosti-v-podaljsanem-bivanju\/","og_site_name":"Osnovna \u0161ola Kajetana Kovi\u010da Polj\u010dane","article_modified_time":"2025-09-30T09:04:17+00:00","og_image":[{"url":"http:\/\/ospoljcane.si\/nova\/wp-content\/uploads\/2020\/12\/info.png","type":"","width":"","height":""}],"twitter_card":"summary_large_image","twitter_misc":{"Est. reading time":"2 minuti"},"schema":{"@context":"https:\/\/schema.org","@graph":[{"@type":"WebPage","@id":"https:\/\/ospoljcane.si\/nova\/dejavnosti-v-podaljsanem-bivanju\/","url":"https:\/\/ospoljcane.si\/nova\/dejavnosti-v-podaljsanem-bivanju\/","name":"Dejavnosti v podalj\u0161anem bivanju - Osnovna \u0161ola Kajetana Kovi\u010da Polj\u010dane","isPartOf":{"@id":"https:\/\/ospoljcane.si\/nova\/#website"},"primaryImageOfPage":{"@id":"https:\/\/ospoljcane.si\/nova\/dejavnosti-v-podaljsanem-bivanju\/#primaryimage"},"image":{"@id":"https:\/\/ospoljcane.si\/nova\/dejavnosti-v-podaljsanem-bivanju\/#primaryimage"},"thumbnailUrl":"http:\/\/ospoljcane.si\/nova\/wp-content\/uploads\/2020\/12\/info.png","datePublished":"2020-12-15T09:08:47+00:00","dateModified":"2025-09-30T09:04:17+00:00","breadcrumb":{"@id":"https:\/\/ospoljcane.si\/nova\/dejavnosti-v-podaljsanem-bivanju\/#breadcrumb"},"inLanguage":"sl-SI","potentialAction":[{"@type":"ReadAction","target":["https:\/\/ospoljcane.si\/nova\/dejavnosti-v-podaljsanem-bivanju\/"]}]},{"@type":"ImageObject","inLanguage":"sl-SI","@id":"https:\/\/ospoljcane.si\/nova\/dejavnosti-v-podaljsanem-bivanju\/#primaryimage","url":"http:\/\/ospoljcane.si\/nova\/wp-content\/uploads\/2020\/12\/info.png","contentUrl":"http:\/\/ospoljcane.si\/nova\/wp-content\/uploads\/2020\/12\/info.png"},{"@type":"BreadcrumbList","@id":"https:\/\/ospoljcane.si\/nova\/dejavnosti-v-podaljsanem-bivanju\/#breadcrumb","itemListElement":[{"@type":"ListItem","position":1,"name":"Domov","item":"https:\/\/ospoljcane.si\/nova\/"},{"@type":"ListItem","position":2,"name":"Dejavnosti v podalj\u0161anem bivanju"}]},{"@type":"WebSite","@id":"https:\/\/ospoljcane.si\/nova\/#website","url":"https:\/\/ospoljcane.si\/nova\/","name":"Osnovna \u0161ola Kajetana Kovi\u010da Polj\u010dane","description":"","publisher":{"@id":"https:\/\/ospoljcane.si\/nova\/#organization"},"potentialAction":[{"@type":"SearchAction","target":{"@type":"EntryPoint","urlTemplate":"https:\/\/ospoljcane.si\/nova\/?s={search_term_string}"},"query-input":{"@type":"PropertyValueSpecification","valueRequired":true,"valueName":"search_term_string"}}],"inLanguage":"sl-SI"},{"@type":"Organization","@id":"https:\/\/ospoljcane.si\/nova\/#organization","name":"Osnovna \u0161ola Kajetana Kovi\u010da Polj\u010dane","url":"https:\/\/ospoljcane.si\/nova\/","logo":{"@type":"ImageObject","inLanguage":"sl-SI","@id":"https:\/\/ospoljcane.si\/nova\/#\/schema\/logo\/image\/","url":"https:\/\/ospoljcane.si\/nova\/wp-content\/uploads\/2020\/12\/cropped-cropped-Logotip-sole-2016_3G-1-1.png","contentUrl":"https:\/\/ospoljcane.si\/nova\/wp-content\/uploads\/2020\/12\/cropped-cropped-Logotip-sole-2016_3G-1-1.png","width":512,"height":512,"caption":"Osnovna \u0161ola Kajetana Kovi\u010da Polj\u010dane"},"image":{"@id":"https:\/\/ospoljcane.si\/nova\/#\/schema\/logo\/image\/"}}]}},"_links":{"self":[{"href":"https:\/\/ospoljcane.si\/nova\/wp-json\/wp\/v2\/pages\/318","targetHints":{"allow":["GET"]}}],"collection":[{"href":"https:\/\/ospoljcane.si\/nova\/wp-json\/wp\/v2\/pages"}],"about":[{"href":"https:\/\/ospoljcane.si\/nova\/wp-json\/wp\/v2\/types\/page"}],"author":[{"embeddable":true,"href":"https:\/\/ospoljcane.si\/nova\/wp-json\/wp\/v2\/users\/1"}],"replies":[{"embeddable":true,"href":"https:\/\/ospoljcane.si\/nova\/wp-json\/wp\/v2\/comments?post=318"}],"version-history":[{"count":8,"href":"https:\/\/ospoljcane.si\/nova\/wp-json\/wp\/v2\/pages\/318\/revisions"}],"predecessor-version":[{"id":22731,"href":"https:\/\/ospoljcane.si\/nova\/wp-json\/wp\/v2\/pages\/318\/revisions\/22731"}],"wp:attachment":[{"href":"https:\/\/ospoljcane.si\/nova\/wp-json\/wp\/v2\/media?parent=318"}],"curies":[{"name":"wp","href":"https:\/\/api.w.org\/{rel}","templated":true}]}}