{"id":3014,"date":"2021-02-04T10:34:18","date_gmt":"2021-02-04T09:34:18","guid":{"rendered":"http:\/\/ospoljcane.si\/nova\/?page_id=3014"},"modified":"2022-05-19T18:24:16","modified_gmt":"2022-05-19T16:24:16","slug":"galerija-2","status":"publish","type":"page","link":"https:\/\/ospoljcane.si\/nova\/galerija-2\/","title":{"rendered":"Galerija"},"content":{"rendered":"\t\t<div data-elementor-type=\"wp-page\" data-elementor-id=\"3014\" class=\"elementor elementor-3014\" data-elementor-post-type=\"page\">\n\t\t\t\t\t\t<section class=\"elementor-section elementor-top-section elementor-element elementor-element-1c4b450 elementor-section-boxed elementor-section-height-default elementor-section-height-default\" data-id=\"1c4b450\" data-element_type=\"section\" data-e-type=\"section\">\n\t\t\t\t\t\t<div class=\"elementor-container elementor-column-gap-default\">\n\t\t\t\t\t<div class=\"elementor-column elementor-col-100 elementor-top-column elementor-element elementor-element-8ef2a5a\" data-id=\"8ef2a5a\" data-element_type=\"column\" data-e-type=\"column\">\n\t\t\t<div class=\"elementor-widget-wrap elementor-element-populated\">\n\t\t\t\t\t\t<div class=\"elementor-element elementor-element-f4c0ce1 elementor-posts--align-center elementor-grid-3 elementor-grid-tablet-2 elementor-grid-mobile-1 elementor-posts--thumbnail-top elementor-card-shadow-yes elementor-posts__hover-gradient elementor-widget elementor-widget-posts\" data-id=\"f4c0ce1\" data-element_type=\"widget\" data-e-type=\"widget\" data-settings=\"{&quot;pagination_type&quot;:&quot;numbers_and_prev_next&quot;,&quot;cards_row_gap&quot;:{&quot;unit&quot;:&quot;px&quot;,&quot;size&quot;:21,&quot;sizes&quot;:[]},&quot;cards_columns&quot;:&quot;3&quot;,&quot;cards_columns_tablet&quot;:&quot;2&quot;,&quot;cards_columns_mobile&quot;:&quot;1&quot;,&quot;cards_row_gap_tablet&quot;:{&quot;unit&quot;:&quot;px&quot;,&quot;size&quot;:&quot;&quot;,&quot;sizes&quot;:[]},&quot;cards_row_gap_mobile&quot;:{&quot;unit&quot;:&quot;px&quot;,&quot;size&quot;:&quot;&quot;,&quot;sizes&quot;:[]}}\" data-widget_type=\"posts.cards\">\n\t\t\t\t<div class=\"elementor-widget-container\">\n\t\t\t\t\t\t\t<div class=\"elementor-posts-container elementor-posts elementor-posts--skin-cards elementor-grid\" role=\"list\">\n\t\t\t\t<article class=\"elementor-post elementor-grid-item post-20373 post type-post status-publish format-standard has-post-thumbnail hentry category-dogodki-2024-2025 category-galerija image-hover-transition-effect latest_post\" role=\"listitem\">\n\t\t\t<div class=\"elementor-post__card\">\n\t\t\t\t<a class=\"elementor-post__thumbnail__link\" href=\"https:\/\/ospoljcane.si\/nova\/2024\/11\/17\/tradicionalni-slovenski-zajtrk-2\/\" tabindex=\"-1\" ><div class=\"elementor-post__thumbnail\"><img decoding=\"async\" width=\"300\" height=\"166\" src=\"https:\/\/ospoljcane.si\/nova\/wp-content\/uploads\/2024\/11\/Naslovna-Tradicionalni-slovenski-zajtrk-dogajanje-1024x567-1-300x166.jpg\" class=\"attachment-medium size-medium wp-image-20390\" alt=\"\" srcset=\"https:\/\/ospoljcane.si\/nova\/wp-content\/uploads\/2024\/11\/Naslovna-Tradicionalni-slovenski-zajtrk-dogajanje-1024x567-1-300x166.jpg 300w, https:\/\/ospoljcane.si\/nova\/wp-content\/uploads\/2024\/11\/Naslovna-Tradicionalni-slovenski-zajtrk-dogajanje-1024x567-1-768x425.jpg 768w, https:\/\/ospoljcane.si\/nova\/wp-content\/uploads\/2024\/11\/Naslovna-Tradicionalni-slovenski-zajtrk-dogajanje-1024x567-1.jpg 1024w\" sizes=\"(max-width: 300px) 100vw, 300px\" \/><\/div><\/a>\n\t\t\t\t<div class=\"elementor-post__text\">\n\t\t\t\t<h3 class=\"elementor-post__title\">\n\t\t\t<a href=\"https:\/\/ospoljcane.si\/nova\/2024\/11\/17\/tradicionalni-slovenski-zajtrk-2\/\" >\n\t\t\t\tTradicionalni slovenski zajtrk\t\t\t<\/a>\n\t\t<\/h3>\n\t\t\t\t<div class=\"elementor-post__excerpt\">\n\t\t\t\t\t<\/div>\n\t\t\n\t\t<a class=\"elementor-post__read-more\" href=\"https:\/\/ospoljcane.si\/nova\/2024\/11\/17\/tradicionalni-slovenski-zajtrk-2\/\" aria-label=\"Read more about Tradicionalni slovenski zajtrk\" tabindex=\"-1\" >\n\t\t\tOgled fotografij\t\t<\/a>\n\n\t\t\t\t<\/div>\n\t\t\t\t\t<\/div>\n\t\t<\/article>\n\t\t\t\t<article class=\"elementor-post elementor-grid-item post-20034 post type-post status-publish format-standard has-post-thumbnail hentry category-dogodki-2024-2025 category-galerija image-hover-transition-effect latest_post\" role=\"listitem\">\n\t\t\t<div class=\"elementor-post__card\">\n\t\t\t\t<a class=\"elementor-post__thumbnail__link\" href=\"https:\/\/ospoljcane.si\/nova\/2024\/10\/23\/kovicev-dan-v-sliki\/\" tabindex=\"-1\" ><div class=\"elementor-post__thumbnail\"><img fetchpriority=\"high\" decoding=\"async\" width=\"300\" height=\"294\" src=\"https:\/\/ospoljcane.si\/nova\/wp-content\/uploads\/2024\/10\/Messenger_creation_85B75F1E-5128-40BF-BF51-86CDD6BC43C9-300x294.jpeg\" class=\"attachment-medium size-medium wp-image-19918\" alt=\"\" srcset=\"https:\/\/ospoljcane.si\/nova\/wp-content\/uploads\/2024\/10\/Messenger_creation_85B75F1E-5128-40BF-BF51-86CDD6BC43C9-300x294.jpeg 300w, https:\/\/ospoljcane.si\/nova\/wp-content\/uploads\/2024\/10\/Messenger_creation_85B75F1E-5128-40BF-BF51-86CDD6BC43C9-1024x1003.jpeg 1024w, https:\/\/ospoljcane.si\/nova\/wp-content\/uploads\/2024\/10\/Messenger_creation_85B75F1E-5128-40BF-BF51-86CDD6BC43C9-768x752.jpeg 768w, https:\/\/ospoljcane.si\/nova\/wp-content\/uploads\/2024\/10\/Messenger_creation_85B75F1E-5128-40BF-BF51-86CDD6BC43C9-1536x1504.jpeg 1536w, https:\/\/ospoljcane.si\/nova\/wp-content\/uploads\/2024\/10\/Messenger_creation_85B75F1E-5128-40BF-BF51-86CDD6BC43C9.jpeg 2048w\" sizes=\"(max-width: 300px) 100vw, 300px\" \/><\/div><\/a>\n\t\t\t\t<div class=\"elementor-post__text\">\n\t\t\t\t<h3 class=\"elementor-post__title\">\n\t\t\t<a href=\"https:\/\/ospoljcane.si\/nova\/2024\/10\/23\/kovicev-dan-v-sliki\/\" >\n\t\t\t\tKovi\u010dev dan v sliki\t\t\t<\/a>\n\t\t<\/h3>\n\t\t\t\t<div class=\"elementor-post__excerpt\">\n\t\t\t<p>Delavnice Pravlji\u010darna Renata Brglez \u0160olska prireditev Nagrajenke literarnega nate\u010daja Fotografski nate\u010daj: Lepote vasi v ob\u010dini Polj\u010dane<\/p>\n\t\t<\/div>\n\t\t\n\t\t<a class=\"elementor-post__read-more\" href=\"https:\/\/ospoljcane.si\/nova\/2024\/10\/23\/kovicev-dan-v-sliki\/\" aria-label=\"Read more about Kovi\u010dev dan v sliki\" tabindex=\"-1\" >\n\t\t\tOgled fotografij\t\t<\/a>\n\n\t\t\t\t<\/div>\n\t\t\t\t\t<\/div>\n\t\t<\/article>\n\t\t\t\t<article class=\"elementor-post elementor-grid-item post-19790 post type-post status-publish format-standard has-post-thumbnail hentry category-dogodki-2024-2025 category-galerija image-hover-transition-effect latest_post\" role=\"listitem\">\n\t\t\t<div class=\"elementor-post__card\">\n\t\t\t\t<a class=\"elementor-post__thumbnail__link\" href=\"https:\/\/ospoljcane.si\/nova\/2024\/10\/09\/gremo-pes-v-solo-4\/\" tabindex=\"-1\" ><div class=\"elementor-post__thumbnail\"><img decoding=\"async\" width=\"300\" height=\"169\" src=\"https:\/\/ospoljcane.si\/nova\/wp-content\/uploads\/2024\/10\/20241007_074119-1600x1200-1-300x169.jpg\" class=\"attachment-medium size-medium wp-image-19796\" alt=\"\" srcset=\"https:\/\/ospoljcane.si\/nova\/wp-content\/uploads\/2024\/10\/20241007_074119-1600x1200-1-300x169.jpg 300w, https:\/\/ospoljcane.si\/nova\/wp-content\/uploads\/2024\/10\/20241007_074119-1600x1200-1-1024x576.jpg 1024w, https:\/\/ospoljcane.si\/nova\/wp-content\/uploads\/2024\/10\/20241007_074119-1600x1200-1-768x432.jpg 768w, https:\/\/ospoljcane.si\/nova\/wp-content\/uploads\/2024\/10\/20241007_074119-1600x1200-1-1536x864.jpg 1536w, https:\/\/ospoljcane.si\/nova\/wp-content\/uploads\/2024\/10\/20241007_074119-1600x1200-1.jpg 1600w\" sizes=\"(max-width: 300px) 100vw, 300px\" \/><\/div><\/a>\n\t\t\t\t<div class=\"elementor-post__text\">\n\t\t\t\t<h3 class=\"elementor-post__title\">\n\t\t\t<a href=\"https:\/\/ospoljcane.si\/nova\/2024\/10\/09\/gremo-pes-v-solo-4\/\" >\n\t\t\t\tGremo pe\u0161 v \u0161olo\t\t\t<\/a>\n\t\t<\/h3>\n\t\t\t\t<div class=\"elementor-post__excerpt\">\n\t\t\t\t\t<\/div>\n\t\t\n\t\t<a class=\"elementor-post__read-more\" href=\"https:\/\/ospoljcane.si\/nova\/2024\/10\/09\/gremo-pes-v-solo-4\/\" aria-label=\"Read more about Gremo pe\u0161 v \u0161olo\" tabindex=\"-1\" >\n\t\t\tOgled fotografij\t\t<\/a>\n\n\t\t\t\t<\/div>\n\t\t\t\t\t<\/div>\n\t\t<\/article>\n\t\t\t\t<article class=\"elementor-post elementor-grid-item post-19676 post type-post status-publish format-standard has-post-thumbnail hentry category-galerija image-hover-transition-effect latest_post\" role=\"listitem\">\n\t\t\t<div class=\"elementor-post__card\">\n\t\t\t\t<a class=\"elementor-post__thumbnail__link\" href=\"https:\/\/ospoljcane.si\/nova\/2024\/09\/29\/15-poljcanski-tek-v-slikah\/\" tabindex=\"-1\" ><div class=\"elementor-post__thumbnail\"><img loading=\"lazy\" decoding=\"async\" width=\"300\" height=\"200\" src=\"https:\/\/ospoljcane.si\/nova\/wp-content\/uploads\/2024\/09\/Druzinski-tek-nizja-stopnja-300x200.jpg\" class=\"attachment-medium size-medium wp-image-19683\" alt=\"\" srcset=\"https:\/\/ospoljcane.si\/nova\/wp-content\/uploads\/2024\/09\/Druzinski-tek-nizja-stopnja-300x200.jpg 300w, https:\/\/ospoljcane.si\/nova\/wp-content\/uploads\/2024\/09\/Druzinski-tek-nizja-stopnja-1024x683.jpg 1024w, https:\/\/ospoljcane.si\/nova\/wp-content\/uploads\/2024\/09\/Druzinski-tek-nizja-stopnja-768x512.jpg 768w, https:\/\/ospoljcane.si\/nova\/wp-content\/uploads\/2024\/09\/Druzinski-tek-nizja-stopnja.jpg 1151w\" sizes=\"(max-width: 300px) 100vw, 300px\" \/><\/div><\/a>\n\t\t\t\t<div class=\"elementor-post__text\">\n\t\t\t\t<h3 class=\"elementor-post__title\">\n\t\t\t<a href=\"https:\/\/ospoljcane.si\/nova\/2024\/09\/29\/15-poljcanski-tek-v-slikah\/\" >\n\t\t\t\t15. polj\u010danski tek v slikah\t\t\t<\/a>\n\t\t<\/h3>\n\t\t\t\t<div class=\"elementor-post__excerpt\">\n\t\t\t\t\t<\/div>\n\t\t\n\t\t<a class=\"elementor-post__read-more\" href=\"https:\/\/ospoljcane.si\/nova\/2024\/09\/29\/15-poljcanski-tek-v-slikah\/\" aria-label=\"Read more about 15. polj\u010danski tek v slikah\" tabindex=\"-1\" >\n\t\t\tOgled fotografij\t\t<\/a>\n\n\t\t\t\t<\/div>\n\t\t\t\t\t<\/div>\n\t\t<\/article>\n\t\t\t\t<article class=\"elementor-post elementor-grid-item post-19512 post type-post status-publish format-standard has-post-thumbnail hentry category-galerija image-hover-transition-effect latest_post\" role=\"listitem\">\n\t\t\t<div class=\"elementor-post__card\">\n\t\t\t\t<a class=\"elementor-post__thumbnail__link\" href=\"https:\/\/ospoljcane.si\/nova\/2024\/09\/25\/1-sportni-dan-kros\/\" tabindex=\"-1\" ><div class=\"elementor-post__thumbnail\"><img loading=\"lazy\" decoding=\"async\" width=\"300\" height=\"225\" src=\"https:\/\/ospoljcane.si\/nova\/wp-content\/uploads\/2024\/09\/IMG_20240923_122951-1280x768-1-300x225.jpg\" class=\"attachment-medium size-medium wp-image-19535\" alt=\"\" srcset=\"https:\/\/ospoljcane.si\/nova\/wp-content\/uploads\/2024\/09\/IMG_20240923_122951-1280x768-1-300x225.jpg 300w, https:\/\/ospoljcane.si\/nova\/wp-content\/uploads\/2024\/09\/IMG_20240923_122951-1280x768-1-768x576.jpg 768w, https:\/\/ospoljcane.si\/nova\/wp-content\/uploads\/2024\/09\/IMG_20240923_122951-1280x768-1.jpg 1024w\" sizes=\"(max-width: 300px) 100vw, 300px\" \/><\/div><\/a>\n\t\t\t\t<div class=\"elementor-post__text\">\n\t\t\t\t<h3 class=\"elementor-post__title\">\n\t\t\t<a href=\"https:\/\/ospoljcane.si\/nova\/2024\/09\/25\/1-sportni-dan-kros\/\" >\n\t\t\t\t1. \u0161portni dan: Kros\t\t\t<\/a>\n\t\t<\/h3>\n\t\t\t\t<div class=\"elementor-post__excerpt\">\n\t\t\t\t\t<\/div>\n\t\t\n\t\t<a class=\"elementor-post__read-more\" href=\"https:\/\/ospoljcane.si\/nova\/2024\/09\/25\/1-sportni-dan-kros\/\" aria-label=\"Read more about 1. \u0161portni dan: Kros\" tabindex=\"-1\" >\n\t\t\tOgled fotografij\t\t<\/a>\n\n\t\t\t\t<\/div>\n\t\t\t\t\t<\/div>\n\t\t<\/article>\n\t\t\t\t<article class=\"elementor-post elementor-grid-item post-19251 post type-post status-publish format-standard has-post-thumbnail hentry category-galerija image-hover-transition-effect latest_post\" role=\"listitem\">\n\t\t\t<div class=\"elementor-post__card\">\n\t\t\t\t<a class=\"elementor-post__thumbnail__link\" href=\"https:\/\/ospoljcane.si\/nova\/2024\/09\/03\/sprejem-prvosolcev\/\" tabindex=\"-1\" ><div class=\"elementor-post__thumbnail\"><img loading=\"lazy\" decoding=\"async\" width=\"300\" height=\"200\" src=\"https:\/\/ospoljcane.si\/nova\/wp-content\/uploads\/2024\/09\/OSP_2318-300x200.jpg\" class=\"attachment-medium size-medium wp-image-19282\" alt=\"\" srcset=\"https:\/\/ospoljcane.si\/nova\/wp-content\/uploads\/2024\/09\/OSP_2318-300x200.jpg 300w, https:\/\/ospoljcane.si\/nova\/wp-content\/uploads\/2024\/09\/OSP_2318-1024x683.jpg 1024w, https:\/\/ospoljcane.si\/nova\/wp-content\/uploads\/2024\/09\/OSP_2318-768x512.jpg 768w, https:\/\/ospoljcane.si\/nova\/wp-content\/uploads\/2024\/09\/OSP_2318-1536x1025.jpg 1536w, https:\/\/ospoljcane.si\/nova\/wp-content\/uploads\/2024\/09\/OSP_2318-2048x1367.jpg 2048w\" sizes=\"(max-width: 300px) 100vw, 300px\" \/><\/div><\/a>\n\t\t\t\t<div class=\"elementor-post__text\">\n\t\t\t\t<h3 class=\"elementor-post__title\">\n\t\t\t<a href=\"https:\/\/ospoljcane.si\/nova\/2024\/09\/03\/sprejem-prvosolcev\/\" >\n\t\t\t\tSprejem prvo\u0161olcev\t\t\t<\/a>\n\t\t<\/h3>\n\t\t\t\t<div class=\"elementor-post__excerpt\">\n\t\t\t\t\t<\/div>\n\t\t\n\t\t<a class=\"elementor-post__read-more\" href=\"https:\/\/ospoljcane.si\/nova\/2024\/09\/03\/sprejem-prvosolcev\/\" aria-label=\"Read more about Sprejem prvo\u0161olcev\" tabindex=\"-1\" >\n\t\t\tOgled fotografij\t\t<\/a>\n\n\t\t\t\t<\/div>\n\t\t\t\t\t<\/div>\n\t\t<\/article>\n\t\t\t\t<\/div>\n\t\t\n\t\t\t\t<div class=\"e-load-more-anchor\" data-page=\"1\" data-max-page=\"20\" data-next-page=\"https:\/\/ospoljcane.si\/nova\/wp-json\/wp\/v2\/pages\/3014\/page\/2\/\"><\/div>\n\t\t\t\t<nav class=\"elementor-pagination\" aria-label=\"Pagination\">\n\t\t\t<span class=\"page-numbers prev\">&laquo; Nazaj<\/span>\n<span aria-current=\"page\" class=\"page-numbers current\"><span class=\"elementor-screen-only\">Page<\/span>1<\/span>\n<a class=\"page-numbers\" href=\"https:\/\/ospoljcane.si\/nova\/wp-json\/wp\/v2\/pages\/3014\/page\/2\/\"><span class=\"elementor-screen-only\">Page<\/span>2<\/a>\n<a class=\"page-numbers\" href=\"https:\/\/ospoljcane.si\/nova\/wp-json\/wp\/v2\/pages\/3014\/page\/3\/\"><span class=\"elementor-screen-only\">Page<\/span>3<\/a>\n<a class=\"page-numbers\" href=\"https:\/\/ospoljcane.si\/nova\/wp-json\/wp\/v2\/pages\/3014\/page\/4\/\"><span class=\"elementor-screen-only\">Page<\/span>4<\/a>\n<a class=\"page-numbers\" href=\"https:\/\/ospoljcane.si\/nova\/wp-json\/wp\/v2\/pages\/3014\/page\/5\/\"><span class=\"elementor-screen-only\">Page<\/span>5<\/a>\n<a class=\"page-numbers next\" href=\"https:\/\/ospoljcane.si\/nova\/wp-json\/wp\/v2\/pages\/3014\/page\/2\/\">Naprej&raquo;<\/a>\t\t<\/nav>\n\t\t\t\t\t\t<\/div>\n\t\t\t\t<\/div>\n\t\t\t\t\t<\/div>\n\t\t<\/div>\n\t\t\t\t\t<\/div>\n\t\t<\/section>\n\t\t\t\t<\/div>\n\t\t","protected":false},"excerpt":{"rendered":"","protected":false},"author":1,"featured_media":0,"parent":0,"menu_order":0,"comment_status":"closed","ping_status":"closed","template":"","meta":{"footnotes":""},"class_list":["post-3014","page","type-page","status-publish","hentry","image-hover-transition-effect","latest_post"],"yoast_head":"<!-- This site is optimized with the Yoast SEO plugin v27.4 - https:\/\/yoast.com\/product\/yoast-seo-wordpress\/ -->\n<title>Galerija - Osnovna \u0161ola Kajetana Kovi\u010da Polj\u010dane<\/title>\n<meta name=\"description\" content=\"Dogodki in utrinki dogajanja na osnovni \u0161oli Kajetana Kovi\u010da Polj\u010dane.\" \/>\n<meta name=\"robots\" content=\"index, follow, max-snippet:-1, max-image-preview:large, max-video-preview:-1\" \/>\n<link rel=\"canonical\" href=\"https:\/\/ospoljcane.si\/nova\/galerija-2\/\" \/>\n<meta property=\"og:locale\" content=\"sl_SI\" \/>\n<meta property=\"og:type\" content=\"article\" \/>\n<meta property=\"og:title\" content=\"Galerija - Osnovna \u0161ola Kajetana Kovi\u010da Polj\u010dane\" \/>\n<meta property=\"og:description\" content=\"Dogodki in utrinki dogajanja na osnovni \u0161oli Kajetana Kovi\u010da Polj\u010dane.\" \/>\n<meta property=\"og:url\" content=\"https:\/\/ospoljcane.si\/nova\/galerija-2\/\" \/>\n<meta property=\"og:site_name\" content=\"Osnovna \u0161ola Kajetana Kovi\u010da Polj\u010dane\" \/>\n<meta property=\"article:modified_time\" content=\"2022-05-19T16:24:16+00:00\" \/>\n<meta name=\"twitter:card\" content=\"summary_large_image\" \/>\n<meta name=\"twitter:label1\" content=\"Est. reading time\" \/>\n\t<meta name=\"twitter:data1\" content=\"2 minuti\" \/>\n<script type=\"application\/ld+json\" class=\"yoast-schema-graph\">{\"@context\":\"https:\\\/\\\/schema.org\",\"@graph\":[{\"@type\":\"WebPage\",\"@id\":\"https:\\\/\\\/ospoljcane.si\\\/nova\\\/galerija-2\\\/\",\"url\":\"https:\\\/\\\/ospoljcane.si\\\/nova\\\/galerija-2\\\/\",\"name\":\"Galerija - Osnovna \u0161ola Kajetana Kovi\u010da Polj\u010dane\",\"isPartOf\":{\"@id\":\"https:\\\/\\\/ospoljcane.si\\\/nova\\\/#website\"},\"datePublished\":\"2021-02-04T09:34:18+00:00\",\"dateModified\":\"2022-05-19T16:24:16+00:00\",\"description\":\"Dogodki in utrinki dogajanja na osnovni \u0161oli Kajetana Kovi\u010da Polj\u010dane.\",\"breadcrumb\":{\"@id\":\"https:\\\/\\\/ospoljcane.si\\\/nova\\\/galerija-2\\\/#breadcrumb\"},\"inLanguage\":\"sl-SI\",\"potentialAction\":[{\"@type\":\"ReadAction\",\"target\":[\"https:\\\/\\\/ospoljcane.si\\\/nova\\\/galerija-2\\\/\"]}]},{\"@type\":\"BreadcrumbList\",\"@id\":\"https:\\\/\\\/ospoljcane.si\\\/nova\\\/galerija-2\\\/#breadcrumb\",\"itemListElement\":[{\"@type\":\"ListItem\",\"position\":1,\"name\":\"Domov\",\"item\":\"https:\\\/\\\/ospoljcane.si\\\/nova\\\/\"},{\"@type\":\"ListItem\",\"position\":2,\"name\":\"Galerija\"}]},{\"@type\":\"WebSite\",\"@id\":\"https:\\\/\\\/ospoljcane.si\\\/nova\\\/#website\",\"url\":\"https:\\\/\\\/ospoljcane.si\\\/nova\\\/\",\"name\":\"Osnovna \u0161ola Kajetana Kovi\u010da Polj\u010dane\",\"description\":\"\",\"publisher\":{\"@id\":\"https:\\\/\\\/ospoljcane.si\\\/nova\\\/#organization\"},\"potentialAction\":[{\"@type\":\"SearchAction\",\"target\":{\"@type\":\"EntryPoint\",\"urlTemplate\":\"https:\\\/\\\/ospoljcane.si\\\/nova\\\/?s={search_term_string}\"},\"query-input\":{\"@type\":\"PropertyValueSpecification\",\"valueRequired\":true,\"valueName\":\"search_term_string\"}}],\"inLanguage\":\"sl-SI\"},{\"@type\":\"Organization\",\"@id\":\"https:\\\/\\\/ospoljcane.si\\\/nova\\\/#organization\",\"name\":\"Osnovna \u0161ola Kajetana Kovi\u010da Polj\u010dane\",\"url\":\"https:\\\/\\\/ospoljcane.si\\\/nova\\\/\",\"logo\":{\"@type\":\"ImageObject\",\"inLanguage\":\"sl-SI\",\"@id\":\"https:\\\/\\\/ospoljcane.si\\\/nova\\\/#\\\/schema\\\/logo\\\/image\\\/\",\"url\":\"https:\\\/\\\/ospoljcane.si\\\/nova\\\/wp-content\\\/uploads\\\/2020\\\/12\\\/cropped-cropped-Logotip-sole-2016_3G-1-1.png\",\"contentUrl\":\"https:\\\/\\\/ospoljcane.si\\\/nova\\\/wp-content\\\/uploads\\\/2020\\\/12\\\/cropped-cropped-Logotip-sole-2016_3G-1-1.png\",\"width\":512,\"height\":512,\"caption\":\"Osnovna \u0161ola Kajetana Kovi\u010da Polj\u010dane\"},\"image\":{\"@id\":\"https:\\\/\\\/ospoljcane.si\\\/nova\\\/#\\\/schema\\\/logo\\\/image\\\/\"}}]}<\/script>\n<!-- \/ Yoast SEO plugin. -->","yoast_head_json":{"title":"Galerija - Osnovna \u0161ola Kajetana Kovi\u010da Polj\u010dane","description":"Dogodki in utrinki dogajanja na osnovni \u0161oli Kajetana Kovi\u010da Polj\u010dane.","robots":{"index":"index","follow":"follow","max-snippet":"max-snippet:-1","max-image-preview":"max-image-preview:large","max-video-preview":"max-video-preview:-1"},"canonical":"https:\/\/ospoljcane.si\/nova\/galerija-2\/","og_locale":"sl_SI","og_type":"article","og_title":"Galerija - Osnovna \u0161ola Kajetana Kovi\u010da Polj\u010dane","og_description":"Dogodki in utrinki dogajanja na osnovni \u0161oli Kajetana Kovi\u010da Polj\u010dane.","og_url":"https:\/\/ospoljcane.si\/nova\/galerija-2\/","og_site_name":"Osnovna \u0161ola Kajetana Kovi\u010da Polj\u010dane","article_modified_time":"2022-05-19T16:24:16+00:00","twitter_card":"summary_large_image","twitter_misc":{"Est. reading time":"2 minuti"},"schema":{"@context":"https:\/\/schema.org","@graph":[{"@type":"WebPage","@id":"https:\/\/ospoljcane.si\/nova\/galerija-2\/","url":"https:\/\/ospoljcane.si\/nova\/galerija-2\/","name":"Galerija - Osnovna \u0161ola Kajetana Kovi\u010da Polj\u010dane","isPartOf":{"@id":"https:\/\/ospoljcane.si\/nova\/#website"},"datePublished":"2021-02-04T09:34:18+00:00","dateModified":"2022-05-19T16:24:16+00:00","description":"Dogodki in utrinki dogajanja na osnovni \u0161oli Kajetana Kovi\u010da Polj\u010dane.","breadcrumb":{"@id":"https:\/\/ospoljcane.si\/nova\/galerija-2\/#breadcrumb"},"inLanguage":"sl-SI","potentialAction":[{"@type":"ReadAction","target":["https:\/\/ospoljcane.si\/nova\/galerija-2\/"]}]},{"@type":"BreadcrumbList","@id":"https:\/\/ospoljcane.si\/nova\/galerija-2\/#breadcrumb","itemListElement":[{"@type":"ListItem","position":1,"name":"Domov","item":"https:\/\/ospoljcane.si\/nova\/"},{"@type":"ListItem","position":2,"name":"Galerija"}]},{"@type":"WebSite","@id":"https:\/\/ospoljcane.si\/nova\/#website","url":"https:\/\/ospoljcane.si\/nova\/","name":"Osnovna \u0161ola Kajetana Kovi\u010da Polj\u010dane","description":"","publisher":{"@id":"https:\/\/ospoljcane.si\/nova\/#organization"},"potentialAction":[{"@type":"SearchAction","target":{"@type":"EntryPoint","urlTemplate":"https:\/\/ospoljcane.si\/nova\/?s={search_term_string}"},"query-input":{"@type":"PropertyValueSpecification","valueRequired":true,"valueName":"search_term_string"}}],"inLanguage":"sl-SI"},{"@type":"Organization","@id":"https:\/\/ospoljcane.si\/nova\/#organization","name":"Osnovna \u0161ola Kajetana Kovi\u010da Polj\u010dane","url":"https:\/\/ospoljcane.si\/nova\/","logo":{"@type":"ImageObject","inLanguage":"sl-SI","@id":"https:\/\/ospoljcane.si\/nova\/#\/schema\/logo\/image\/","url":"https:\/\/ospoljcane.si\/nova\/wp-content\/uploads\/2020\/12\/cropped-cropped-Logotip-sole-2016_3G-1-1.png","contentUrl":"https:\/\/ospoljcane.si\/nova\/wp-content\/uploads\/2020\/12\/cropped-cropped-Logotip-sole-2016_3G-1-1.png","width":512,"height":512,"caption":"Osnovna \u0161ola Kajetana Kovi\u010da Polj\u010dane"},"image":{"@id":"https:\/\/ospoljcane.si\/nova\/#\/schema\/logo\/image\/"}}]}},"_links":{"self":[{"href":"https:\/\/ospoljcane.si\/nova\/wp-json\/wp\/v2\/pages\/3014","targetHints":{"allow":["GET"]}}],"collection":[{"href":"https:\/\/ospoljcane.si\/nova\/wp-json\/wp\/v2\/pages"}],"about":[{"href":"https:\/\/ospoljcane.si\/nova\/wp-json\/wp\/v2\/types\/page"}],"author":[{"embeddable":true,"href":"https:\/\/ospoljcane.si\/nova\/wp-json\/wp\/v2\/users\/1"}],"replies":[{"embeddable":true,"href":"https:\/\/ospoljcane.si\/nova\/wp-json\/wp\/v2\/comments?post=3014"}],"version-history":[{"count":27,"href":"https:\/\/ospoljcane.si\/nova\/wp-json\/wp\/v2\/pages\/3014\/revisions"}],"predecessor-version":[{"id":6538,"href":"https:\/\/ospoljcane.si\/nova\/wp-json\/wp\/v2\/pages\/3014\/revisions\/6538"}],"wp:attachment":[{"href":"https:\/\/ospoljcane.si\/nova\/wp-json\/wp\/v2\/media?parent=3014"}],"curies":[{"name":"wp","href":"https:\/\/api.w.org\/{rel}","templated":true}]}}