{"id":294,"date":"2020-12-15T08:19:33","date_gmt":"2020-12-15T08:19:33","guid":{"rendered":"http:\/\/ospoljcane.si\/nova\/?page_id=294"},"modified":"2021-02-12T07:41:38","modified_gmt":"2021-02-12T06:41:38","slug":"solska-himna","status":"publish","type":"page","link":"https:\/\/ospoljcane.si\/nova\/o-soli\/solska-himna\/","title":{"rendered":"\u0160olska himna"},"content":{"rendered":"<h1 style=\"text-align: center;\"><strong>DOSANJAJMO SANJE<\/strong><\/h1>\n<p>&nbsp;<\/p>\n<p style=\"text-align: center;\"><strong>V dolini pod Bo\u010dem rastemo mi,<\/strong><\/p>\n<p style=\"text-align: center;\"><strong>iz majhnih v velike ponosne ljudi.<\/strong><\/p>\n<p style=\"text-align: center;\"><strong>Igrivost krasi otro\u0161ki na\u0161 svet,<\/strong><\/p>\n<p style=\"text-align: center;\"><strong>nosimo iskre nasmeha v o\u010deh.<\/strong><\/p>\n<p>&nbsp;<\/p>\n<p style=\"text-align: center;\"><strong>Spo\u0161tujmo to \u0161olo in njene klopi,<\/strong><\/p>\n<p style=\"text-align: center;\"><strong>Polj\u010dane, naravo in njene ljudi.<\/strong><\/p>\n<p style=\"text-align: center;\"><strong>Delajmo, trudimo vsi se za znanje,<\/strong><\/p>\n<p style=\"text-align: center;\"><strong>da enkrat dosanjamo vsak svoje sanje.<\/strong><\/p>\n<p>&nbsp;<\/p>\n<p style=\"text-align: center;\"><strong>Sonce prijateljstva sije ves \u010das,<\/strong><\/p>\n<p style=\"text-align: center;\"><strong>objema svobode ob\u010dutek v nas.<\/strong><\/p>\n<p style=\"text-align: center;\"><strong>U\u010ditelji z nami gradijo modrost,<\/strong><\/p>\n<p style=\"text-align: center;\"><strong>znanje do sre\u010de na\u0161e je most.<\/strong><\/p>\n<p>&nbsp;<\/p>\n<p style=\"text-align: center;\"><strong>Spo\u0161tujmo to \u0161olo in njene klopi,<\/strong><\/p>\n<p style=\"text-align: center;\"><strong>Polj\u010dane, naravo in vse nas ljudi.<\/strong><\/p>\n<p style=\"text-align: center;\"><strong>Delajmo, trudimo vsi se za znanje,<\/strong><\/p>\n<p style=\"text-align: center;\"><strong>da enkrat dosanjamo vsak svoje sanje.<\/strong><\/p>\n<p>&nbsp;<\/p>\n<p style=\"text-align: center;\"><strong><em>Avtorici besedila \u0161olske himne: \u0160pela \u0160urbek, 9. b, in mama Simona \u0160urbek<\/em><\/strong><\/p>\n<p><strong>Zvo\u010dni posnetek himne<\/strong><\/p>\n<!--[if lt IE 9]><script>document.createElement('audio');<\/script><![endif]-->\n\t<div class=\"wp-playlist wp-audio-playlist wp-playlist-light\">\n\t\t\t<div class=\"wp-playlist-current-item\"><\/div>\n\t\t<audio controls=\"controls\" preload=\"none\" width=\"998\"\n\t\t\t><\/audio>\n\t<div class=\"wp-playlist-next\"><\/div>\n\t<div class=\"wp-playlist-prev\"><\/div>\n\t<noscript>\n\t<ol>\n\t\t<li><a href='https:\/\/ospoljcane.si\/nova\/wp-content\/uploads\/2020\/12\/dosanjamo_sanje.wav'>\u0160olska himna Dosanjamo sanje<\/a><\/li>\t<\/ol>\n\t<\/noscript>\n\t<script type=\"application\/json\" class=\"wp-playlist-script\">{\"type\":\"audio\",\"tracklist\":true,\"tracknumbers\":true,\"images\":true,\"artists\":true,\"tracks\":[{\"src\":\"https:\\\/\\\/ospoljcane.si\\\/nova\\\/wp-content\\\/uploads\\\/2020\\\/12\\\/dosanjamo_sanje.wav\",\"type\":\"audio\\\/wav\",\"title\":\"\\u0160olska himna Dosanjamo sanje\",\"caption\":\"\",\"description\":\"\\\"dosanjamo_sanje\\\".\",\"meta\":{\"length_formatted\":\"2:14\"},\"image\":{\"src\":\"https:\\\/\\\/ospoljcane.si\\\/nova\\\/wp-includes\\\/images\\\/media\\\/audio.svg\",\"width\":48,\"height\":64},\"thumb\":{\"src\":\"https:\\\/\\\/ospoljcane.si\\\/nova\\\/wp-includes\\\/images\\\/media\\\/audio.svg\",\"width\":48,\"height\":64}}]}<\/script>\n<\/div>\n\t\n<p><strong>Vokalna razli\u010dica<\/strong><\/p>\n<!--[if lt IE 9]><script>document.createElement('audio');<\/script><![endif]-->\n<audio class=\"wp-audio-shortcode\" id=\"audio-294-1\" preload=\"none\" style=\"width: 100%;\" controls=\"controls\"><source type=\"audio\/wav\" src=\"https:\/\/ospoljcane.si\/nova\/wp-content\/uploads\/2021\/02\/6.-SOLSKA-HIMNA-1-vokal-OPZ.wav?_=1\" \/><a href=\"https:\/\/ospoljcane.si\/nova\/wp-content\/uploads\/2021\/02\/6.-SOLSKA-HIMNA-1-vokal-OPZ.wav\">https:\/\/ospoljcane.si\/nova\/wp-content\/uploads\/2021\/02\/6.-SOLSKA-HIMNA-1-vokal-OPZ.wav<\/a><\/audio>\n<p><em><strong><a href=\"https:\/\/ospoljcane.si\/nova\/wp-content\/uploads\/2020\/12\/Notni-zapis-himne.pdf\">Notni zapis himne<\/a><\/strong><\/em><\/p>\n<p>&nbsp;<\/p>\n<p>&nbsp;<\/p>\n","protected":false},"excerpt":{"rendered":"<p>DOSANJAJMO SANJE &nbsp; V dolini pod Bo\u010dem rastemo mi, iz majhnih v velike ponosne ljudi. Igrivost krasi otro\u0161ki na\u0161 svet, nosimo iskre nasmeha v o\u010deh. &hellip; <\/p>\n","protected":false},"author":1,"featured_media":0,"parent":154,"menu_order":0,"comment_status":"closed","ping_status":"closed","template":"","meta":{"footnotes":""},"class_list":["post-294","page","type-page","status-publish","hentry","image-hover-transition-effect","latest_post"],"yoast_head":"<!-- This site is optimized with the Yoast SEO plugin v27.3 - https:\/\/yoast.com\/product\/yoast-seo-wordpress\/ -->\n<title>\u0160olska himna - Osnovna \u0161ola Kajetana Kovi\u010da Polj\u010dane<\/title>\n<meta name=\"robots\" content=\"index, follow, max-snippet:-1, max-image-preview:large, max-video-preview:-1\" \/>\n<link rel=\"canonical\" href=\"https:\/\/ospoljcane.si\/nova\/o-soli\/solska-himna\/\" \/>\n<meta property=\"og:locale\" content=\"sl_SI\" \/>\n<meta property=\"og:type\" content=\"article\" \/>\n<meta property=\"og:title\" content=\"\u0160olska himna - Osnovna \u0161ola Kajetana Kovi\u010da Polj\u010dane\" \/>\n<meta property=\"og:description\" content=\"DOSANJAJMO SANJE &nbsp; V dolini pod Bo\u010dem rastemo mi, iz majhnih v velike ponosne ljudi. Igrivost krasi otro\u0161ki na\u0161 svet, nosimo iskre nasmeha v o\u010deh. &hellip;\" \/>\n<meta property=\"og:url\" content=\"https:\/\/ospoljcane.si\/nova\/o-soli\/solska-himna\/\" \/>\n<meta property=\"og:site_name\" content=\"Osnovna \u0161ola Kajetana Kovi\u010da Polj\u010dane\" \/>\n<meta property=\"article:modified_time\" content=\"2021-02-12T06:41:38+00:00\" \/>\n<meta name=\"twitter:card\" content=\"summary_large_image\" \/>\n<meta name=\"twitter:label1\" content=\"Est. reading time\" \/>\n\t<meta name=\"twitter:data1\" content=\"1 minuta\" \/>\n<script type=\"application\/ld+json\" class=\"yoast-schema-graph\">{\"@context\":\"https:\\\/\\\/schema.org\",\"@graph\":[{\"@type\":\"WebPage\",\"@id\":\"https:\\\/\\\/ospoljcane.si\\\/nova\\\/o-soli\\\/solska-himna\\\/\",\"url\":\"https:\\\/\\\/ospoljcane.si\\\/nova\\\/o-soli\\\/solska-himna\\\/\",\"name\":\"\u0160olska himna - Osnovna \u0161ola Kajetana Kovi\u010da Polj\u010dane\",\"isPartOf\":{\"@id\":\"https:\\\/\\\/ospoljcane.si\\\/nova\\\/#website\"},\"datePublished\":\"2020-12-15T08:19:33+00:00\",\"dateModified\":\"2021-02-12T06:41:38+00:00\",\"breadcrumb\":{\"@id\":\"https:\\\/\\\/ospoljcane.si\\\/nova\\\/o-soli\\\/solska-himna\\\/#breadcrumb\"},\"inLanguage\":\"sl-SI\",\"potentialAction\":[{\"@type\":\"ReadAction\",\"target\":[\"https:\\\/\\\/ospoljcane.si\\\/nova\\\/o-soli\\\/solska-himna\\\/\"]}]},{\"@type\":\"BreadcrumbList\",\"@id\":\"https:\\\/\\\/ospoljcane.si\\\/nova\\\/o-soli\\\/solska-himna\\\/#breadcrumb\",\"itemListElement\":[{\"@type\":\"ListItem\",\"position\":1,\"name\":\"Domov\",\"item\":\"https:\\\/\\\/ospoljcane.si\\\/nova\\\/\"},{\"@type\":\"ListItem\",\"position\":2,\"name\":\"O \u0161oli\",\"item\":\"https:\\\/\\\/ospoljcane.si\\\/nova\\\/o-soli\\\/\"},{\"@type\":\"ListItem\",\"position\":3,\"name\":\"\u0160olska himna\"}]},{\"@type\":\"WebSite\",\"@id\":\"https:\\\/\\\/ospoljcane.si\\\/nova\\\/#website\",\"url\":\"https:\\\/\\\/ospoljcane.si\\\/nova\\\/\",\"name\":\"Osnovna \u0161ola Kajetana Kovi\u010da Polj\u010dane\",\"description\":\"\",\"publisher\":{\"@id\":\"https:\\\/\\\/ospoljcane.si\\\/nova\\\/#organization\"},\"potentialAction\":[{\"@type\":\"SearchAction\",\"target\":{\"@type\":\"EntryPoint\",\"urlTemplate\":\"https:\\\/\\\/ospoljcane.si\\\/nova\\\/?s={search_term_string}\"},\"query-input\":{\"@type\":\"PropertyValueSpecification\",\"valueRequired\":true,\"valueName\":\"search_term_string\"}}],\"inLanguage\":\"sl-SI\"},{\"@type\":\"Organization\",\"@id\":\"https:\\\/\\\/ospoljcane.si\\\/nova\\\/#organization\",\"name\":\"Osnovna \u0161ola Kajetana Kovi\u010da Polj\u010dane\",\"url\":\"https:\\\/\\\/ospoljcane.si\\\/nova\\\/\",\"logo\":{\"@type\":\"ImageObject\",\"inLanguage\":\"sl-SI\",\"@id\":\"https:\\\/\\\/ospoljcane.si\\\/nova\\\/#\\\/schema\\\/logo\\\/image\\\/\",\"url\":\"https:\\\/\\\/ospoljcane.si\\\/nova\\\/wp-content\\\/uploads\\\/2020\\\/12\\\/cropped-cropped-Logotip-sole-2016_3G-1-1.png\",\"contentUrl\":\"https:\\\/\\\/ospoljcane.si\\\/nova\\\/wp-content\\\/uploads\\\/2020\\\/12\\\/cropped-cropped-Logotip-sole-2016_3G-1-1.png\",\"width\":512,\"height\":512,\"caption\":\"Osnovna \u0161ola Kajetana Kovi\u010da Polj\u010dane\"},\"image\":{\"@id\":\"https:\\\/\\\/ospoljcane.si\\\/nova\\\/#\\\/schema\\\/logo\\\/image\\\/\"}}]}<\/script>\n<!-- \/ Yoast SEO plugin. -->","yoast_head_json":{"title":"\u0160olska himna - Osnovna \u0161ola Kajetana Kovi\u010da Polj\u010dane","robots":{"index":"index","follow":"follow","max-snippet":"max-snippet:-1","max-image-preview":"max-image-preview:large","max-video-preview":"max-video-preview:-1"},"canonical":"https:\/\/ospoljcane.si\/nova\/o-soli\/solska-himna\/","og_locale":"sl_SI","og_type":"article","og_title":"\u0160olska himna - Osnovna \u0161ola Kajetana Kovi\u010da Polj\u010dane","og_description":"DOSANJAJMO SANJE &nbsp; V dolini pod Bo\u010dem rastemo mi, iz majhnih v velike ponosne ljudi. Igrivost krasi otro\u0161ki na\u0161 svet, nosimo iskre nasmeha v o\u010deh. &hellip;","og_url":"https:\/\/ospoljcane.si\/nova\/o-soli\/solska-himna\/","og_site_name":"Osnovna \u0161ola Kajetana Kovi\u010da Polj\u010dane","article_modified_time":"2021-02-12T06:41:38+00:00","twitter_card":"summary_large_image","twitter_misc":{"Est. reading time":"1 minuta"},"schema":{"@context":"https:\/\/schema.org","@graph":[{"@type":"WebPage","@id":"https:\/\/ospoljcane.si\/nova\/o-soli\/solska-himna\/","url":"https:\/\/ospoljcane.si\/nova\/o-soli\/solska-himna\/","name":"\u0160olska himna - Osnovna \u0161ola Kajetana Kovi\u010da Polj\u010dane","isPartOf":{"@id":"https:\/\/ospoljcane.si\/nova\/#website"},"datePublished":"2020-12-15T08:19:33+00:00","dateModified":"2021-02-12T06:41:38+00:00","breadcrumb":{"@id":"https:\/\/ospoljcane.si\/nova\/o-soli\/solska-himna\/#breadcrumb"},"inLanguage":"sl-SI","potentialAction":[{"@type":"ReadAction","target":["https:\/\/ospoljcane.si\/nova\/o-soli\/solska-himna\/"]}]},{"@type":"BreadcrumbList","@id":"https:\/\/ospoljcane.si\/nova\/o-soli\/solska-himna\/#breadcrumb","itemListElement":[{"@type":"ListItem","position":1,"name":"Domov","item":"https:\/\/ospoljcane.si\/nova\/"},{"@type":"ListItem","position":2,"name":"O \u0161oli","item":"https:\/\/ospoljcane.si\/nova\/o-soli\/"},{"@type":"ListItem","position":3,"name":"\u0160olska himna"}]},{"@type":"WebSite","@id":"https:\/\/ospoljcane.si\/nova\/#website","url":"https:\/\/ospoljcane.si\/nova\/","name":"Osnovna \u0161ola Kajetana Kovi\u010da Polj\u010dane","description":"","publisher":{"@id":"https:\/\/ospoljcane.si\/nova\/#organization"},"potentialAction":[{"@type":"SearchAction","target":{"@type":"EntryPoint","urlTemplate":"https:\/\/ospoljcane.si\/nova\/?s={search_term_string}"},"query-input":{"@type":"PropertyValueSpecification","valueRequired":true,"valueName":"search_term_string"}}],"inLanguage":"sl-SI"},{"@type":"Organization","@id":"https:\/\/ospoljcane.si\/nova\/#organization","name":"Osnovna \u0161ola Kajetana Kovi\u010da Polj\u010dane","url":"https:\/\/ospoljcane.si\/nova\/","logo":{"@type":"ImageObject","inLanguage":"sl-SI","@id":"https:\/\/ospoljcane.si\/nova\/#\/schema\/logo\/image\/","url":"https:\/\/ospoljcane.si\/nova\/wp-content\/uploads\/2020\/12\/cropped-cropped-Logotip-sole-2016_3G-1-1.png","contentUrl":"https:\/\/ospoljcane.si\/nova\/wp-content\/uploads\/2020\/12\/cropped-cropped-Logotip-sole-2016_3G-1-1.png","width":512,"height":512,"caption":"Osnovna \u0161ola Kajetana Kovi\u010da Polj\u010dane"},"image":{"@id":"https:\/\/ospoljcane.si\/nova\/#\/schema\/logo\/image\/"}}]}},"_links":{"self":[{"href":"https:\/\/ospoljcane.si\/nova\/wp-json\/wp\/v2\/pages\/294","targetHints":{"allow":["GET"]}}],"collection":[{"href":"https:\/\/ospoljcane.si\/nova\/wp-json\/wp\/v2\/pages"}],"about":[{"href":"https:\/\/ospoljcane.si\/nova\/wp-json\/wp\/v2\/types\/page"}],"author":[{"embeddable":true,"href":"https:\/\/ospoljcane.si\/nova\/wp-json\/wp\/v2\/users\/1"}],"replies":[{"embeddable":true,"href":"https:\/\/ospoljcane.si\/nova\/wp-json\/wp\/v2\/comments?post=294"}],"version-history":[{"count":15,"href":"https:\/\/ospoljcane.si\/nova\/wp-json\/wp\/v2\/pages\/294\/revisions"}],"predecessor-version":[{"id":3451,"href":"https:\/\/ospoljcane.si\/nova\/wp-json\/wp\/v2\/pages\/294\/revisions\/3451"}],"up":[{"embeddable":true,"href":"https:\/\/ospoljcane.si\/nova\/wp-json\/wp\/v2\/pages\/154"}],"wp:attachment":[{"href":"https:\/\/ospoljcane.si\/nova\/wp-json\/wp\/v2\/media?parent=294"}],"curies":[{"name":"wp","href":"https:\/\/api.w.org\/{rel}","templated":true}]}}