{"id":2866,"date":"2021-02-03T14:58:55","date_gmt":"2021-02-03T13:58:55","guid":{"rendered":"http:\/\/ospoljcane.si\/nova\/?page_id=2866"},"modified":"2025-10-22T09:00:21","modified_gmt":"2025-10-22T07:00:21","slug":"ucitelji-strokovni-delavci","status":"publish","type":"page","link":"https:\/\/ospoljcane.si\/nova\/ucenci\/ucitelji-strokovni-delavci\/","title":{"rendered":"U\u010ditelji\/strokovni delavci"},"content":{"rendered":"\t\t<div data-elementor-type=\"wp-page\" data-elementor-id=\"2866\" class=\"elementor elementor-2866\" data-elementor-post-type=\"page\">\n\t\t\t\t\t\t<section class=\"elementor-section elementor-top-section elementor-element elementor-element-4ee480cb elementor-section-boxed elementor-section-height-default elementor-section-height-default\" data-id=\"4ee480cb\" data-element_type=\"section\" data-e-type=\"section\">\n\t\t\t\t\t\t<div class=\"elementor-container elementor-column-gap-default\">\n\t\t\t\t\t<div class=\"elementor-column elementor-col-100 elementor-top-column elementor-element elementor-element-321a7d3d\" data-id=\"321a7d3d\" data-element_type=\"column\" data-e-type=\"column\">\n\t\t\t<div class=\"elementor-widget-wrap elementor-element-populated\">\n\t\t\t\t\t\t<div class=\"elementor-element elementor-element-fc14816 elementor-widget elementor-widget-text-editor\" data-id=\"fc14816\" data-element_type=\"widget\" data-e-type=\"widget\" data-widget_type=\"text-editor.default\">\n\t\t\t\t<div class=\"elementor-widget-container\">\n\t\t\t\t\t\t\t\t\t<table width=\"607\"><tbody><tr><td width=\"134\"><p><strong>U\u010ditelj\/strokovni delavec<\/strong><\/p><\/td><td width=\"236\"><p><strong>\u00a0<\/strong><\/p><p><strong>Elektronski naslov<\/strong><\/p><\/td><td width=\"180\"><p><strong>U\u010di predmete<\/strong><strong>\/podro\u010dje\/<\/strong><\/p><p><strong>delovno mesto<\/strong><\/p><\/td><td width=\"57\"><p><strong>Razrednik\/<\/strong><\/p><p><em>sorazrednik<\/em><\/p><\/td><\/tr><tr><td width=\"134\"><p>Born\u0161ek Polona<\/p><\/td><td width=\"236\"><p><u><a href=\"mailto:polona.bornsek@ospoljcane.si\"><br \/>polona.bornsek@ospoljcane.si<\/a><\/u><\/p><\/td><td width=\"180\"><p>Knji\u017eni\u010darka; PB6 4. r.; DSP;<\/p><\/td><td width=\"57\"><p><strong>\u00a0<\/strong><\/p><\/td><\/tr><tr><td width=\"134\"><p>C. Plo\u0161injak Jelka<\/p><\/td><td width=\"236\"><p><a href=\"mailto:jelka.plosinjak@ospoljcane.si\"><br \/>jelka.plosinjak@ospoljcane.si<\/a><\/p><\/td><td width=\"180\"><p>Razredni pouk; DSP;<\/p><\/td><td width=\"57\"><p style=\"text-align: center;\"><strong>5. b<\/strong><\/p><\/td><\/tr><tr><td width=\"134\"><p>Drofenik Lorber Erna<\/p><\/td><td width=\"236\"><p><u><a href=\"mailto:erna.lorber@ospoljcane.si\"><br \/>erna.lorber@ospoljcane.si<\/a><\/u><\/p><\/td><td width=\"180\"><p>KEM 8. a, b; 9. a, b; BIO 8. a, b; 9. a, b; NAR 7. a, b; SPH 8. a, b; NPR 9. a, b;<\/p><\/td><td width=\"57\"><p style=\"text-align: center;\"><strong>9. b<\/strong><\/p><p><strong>\u00a0<\/strong><\/p><\/td><\/tr><tr><td width=\"134\"><p>Dragi\u0107 Rok<\/p><\/td><td width=\"236\"><p><u><a href=\"mailto:nada.druskovic@ospoljcane.si\"><br \/>rok.dragic@ospoljcane.si<\/a><\/u><\/p><\/td><td width=\"180\"><p>LUM 6. a, b; 7. a, b; 8. a, b; 9. a, b; LS1; LS2; LS3;<\/p><\/td><td width=\"57\"><p>\u00a0<\/p><\/td><\/tr><tr><td width=\"134\"><p>\u00a0Hojnik Lora<\/p><\/td><td width=\"236\"><p>lora.hojnik@ospoljcane.si<\/p><\/td><td width=\"180\"><p>SLJ 8. a, b; 9. a, b; SLJ-us 6. a, b; 7. a, b; TJA 7. a; 8. a, b; 9. a, b; TJA-us 6. a, b; 7. a, b; DOD 6., 7. r.; DSP;<\/p><\/td><td width=\"57\"><p style=\"text-align: center;\"><strong>7. a<\/strong><\/p><\/td><\/tr><tr><td width=\"134\"><p>Jelnikar Kristina<\/p><\/td><td width=\"236\"><p><u><a href=\"mailto:kristina.jelnikar@ospoljcane.si\"><br \/>kristina.jelnikar@ospoljcane.si<\/a><\/u><\/p><\/td><td width=\"180\"><p>TJA 1. a, b; 3. b; NRA 4., 5. r.; OID;<\/p><\/td><td width=\"57\"><p style=\"text-align: center;\"><em>6. b<\/em><\/p><\/td><\/tr><tr><td width=\"134\"><p>Juhart Tanja<\/p><\/td><td width=\"236\"><p><u><a href=\"mailto:tanja.juhart@ospoljcane.si\"><br \/>tanja.juhart@ospoljcane.si<\/a><\/u><\/p><\/td><td width=\"180\"><p>MAT 6. b;\u00a0 7. a; 8. a, b; 9. a, b; UBE 7. r.;\u00a0 MME 8. r.; ROM 9. r.; NRA 6. r.; ROID; DNU;<\/p><\/td><td width=\"57\"><p style=\"text-align: center;\"><em>9.a<\/em><\/p><\/td><\/tr><tr><td width=\"134\"><p>Konec Nu\u0161ka<\/p><\/td><td width=\"236\"><p><u><a href=\"mailto:marina.korazija@ospoljcane.si\"><br \/>nuska.konec@ospoljcane.si<\/a><\/u><\/p><\/td><td width=\"180\"><p>MAT 6. a; 7. b; 8. a, b; 9. a, b; DNU; DOP\/DOD 6.\u00ad-9. r.;<\/p><\/td><td width=\"57\"><p style=\"text-align: center;\"><strong>6. a<\/strong><\/p><\/td><\/tr><tr><td width=\"134\"><p>Kotnik Renata<\/p><\/td><td width=\"236\"><p><u><a href=\"mailto:nada.druskovic@ospoljcane.si\"><br \/>renata.kotnik@ospoljcane.si<\/a><\/u><\/p><\/td><td width=\"180\"><p>TJA 6. a, b; 8. a, b; 9. a, b; TJA-s 6. a, b; 7. a, b;<\/p><p>GEO 9. a, b; DKE 8. a, b; DNU; DOP\/DOD 6.-9.r.; DSP;<\/p><\/td><td width=\"57\"><p style=\"text-align: center;\"><strong>9. a<\/strong><\/p><\/td><\/tr><tr><td width=\"134\"><p>Kra\u010dun Suzana<\/p><\/td><td width=\"236\"><p><u><a href=\"mailto:suzana.kracun@ospoljcane.si\"><br \/>suzana.kracun@ospoljcane.si<\/a><\/u><\/p><\/td><td width=\"180\"><p>NI1 7. a, b; NI2,3\u00a0 8. a, b;\u00a0 9. a, b; ID tit\/lum, LUM delitve, ISP; PB6, 4. r.; DSP;<\/p><\/td><td width=\"57\"><p style=\"text-align: center;\"><em>8. a<\/em><\/p><\/td><\/tr><tr><td width=\"134\"><p>mag. Krajnc Danijela<\/p><\/td><td width=\"236\"><p><u><a href=\"mailto:danijela.krajnc@ospoljcane.si\"><br \/>danijela.krajnc@ospoljcane.si<\/a><\/u><\/p><\/td><td width=\"180\"><p>GUM 6. a, b; 7. a, b; 8. a, b; 9. a, b; OPZ; MPZ; Solisti;<\/p><\/td><td width=\"57\"><p style=\"text-align: center;\"><em>6. b<\/em><\/p><\/td><\/tr><tr><td width=\"134\"><p>Krajnc Darja<\/p><\/td><td width=\"236\"><p><a href=\"mailto:darja.krajnc@ospoljcane.si\"><br \/>darja.krajnc@ospoljcane.si<\/a><\/p><\/td><td width=\"180\"><p>SLJ 7. a; 8. a, b; 9. a, b; SLJ-us 6. a, b, 7. a, b; DKE 7. a, b; DOD 8., 9. r.; DNU 8., 9. r.; PB6 4. r.; DSP;<\/p><\/td><td width=\"57\"><p style=\"text-align: center;\"><em>7. b<\/em><\/p><\/td><\/tr><tr><td width=\"134\"><p>Kralj Sabina<\/p><\/td><td width=\"236\"><p><u><a href=\"mailto:sabina.kralj@ospoljcane.si\"><br \/>sabina.kralj@ospoljcane.si<\/a><\/u><\/p><\/td><td width=\"180\"><p>TIT 6. a, b; 8. a, b; OGL 7. r.; OGK 9. r.; NTE 4., 5. r.; Pomo\u010dnica ravnateljice;<\/p><\/td><td width=\"57\"><p><strong>\u00a0<\/strong><\/p><\/td><\/tr><tr><td width=\"134\"><p>Leskovar Irena<\/p><\/td><td width=\"236\"><p>irena.mohorko@ospoljcane.si<\/p><\/td><td width=\"180\"><p>PB4 3. a, b, ISP; DSP;<\/p><\/td><td width=\"57\"><p><em>\u00a0<\/em><\/p><\/td><\/tr><tr><td width=\"134\"><p>Leskovar Ranko<\/p><\/td><td width=\"236\"><p>\u00a0<\/p><p>\u00a0<\/p><p>ranko.leskovar@ospoljcane.si<\/p><\/td><td width=\"180\"><p>\u0160PO 5. a; 6. a, b; 7. a, b; 8. a, b; 9. a, b; \u0160ZZ 8. r.; I\u0160P 9.r.; N\u0160P 4., 5 r.; Plavalni te\u010daj 3. r.;<\/p><\/td><td width=\"57\"><p style=\"text-align: center;\"><strong>8. b<\/strong><\/p><\/td><\/tr><tr><td width=\"134\"><p>Le\u0161nik Manja<\/p><\/td><td width=\"236\"><p><a href=\"mailto:%0bmanja.lesnik@ospoljcane.si\"><br \/>manja.lesnik@ospoljcane.si<\/a><\/p><p>\u00a0<\/p><\/td><td width=\"180\"><p>PB4 2. b, 5. b; PB6 4. r.; GOSP 6. a, b; TJA 2. a, b;\u00a0 3. a; JV; Laborant;<\/p><\/td><td width=\"57\"><p><strong>\u00a0<\/strong><\/p><\/td><\/tr><tr><td width=\"134\"><p>Motaln Mojca<\/p><\/td><td width=\"236\"><p><a href=\"mailto:irena.mohorko@ospoljcane.si\"><br \/>mojca.motaln@ospoljcane.si<\/a><\/p><\/td><td width=\"180\"><p>GOSP 6. a, b; DSP; \u0160olsko svetovalno delo; Kolesarski izpit 5. r.;<\/p><\/td><td width=\"57\"><p style=\"text-align: center;\"><em>7. a<\/em><\/p><\/td><\/tr><tr><td width=\"134\"><p>mag. Mravlje Francka<\/p><\/td><td width=\"236\"><p><u><a href=\"mailto:francka.mravlje@ospoljcane.si\"><br \/>francka.mravlje@ospoljcane.si<\/a><\/u><\/p><\/td><td width=\"180\"><p>Ravnateljica;<\/p><\/td><td width=\"57\"><p><strong><em>\u00a0<\/em><\/strong><\/p><\/td><\/tr><tr><td width=\"134\"><p>Oder Barbara<\/p><\/td><td width=\"236\"><p><u><a href=\"mailto:barbara.oder@ospoljcane.si\"><br \/>barbara.oder@ospoljcane.si<\/a><\/u><\/p><\/td><td width=\"180\"><p>Razredni pouk;<\/p><\/td><td width=\"57\"><p style=\"text-align: center;\"><strong>2. a<\/strong><\/p><\/td><\/tr><tr><td width=\"134\"><p>Pegan Milena<\/p><\/td><td width=\"236\"><p><u><a href=\"mailto:milena.pegan@ospoljcane.si\"><br \/>milena.pegan@ospoljcane.si<\/a><\/u><\/p><\/td><td width=\"180\"><p>Razredni pouk; DSP;<\/p><\/td><td width=\"57\"><p style=\"text-align: center;\"><strong>1. a<\/strong><\/p><\/td><\/tr><tr><td width=\"134\"><p>Podjaver\u0161ek Zdenka<\/p><\/td><td width=\"236\"><p><u><a href=\"mailto:zdenka.podjaversek@ospoljcane.si\"><br \/>zdenka.podjaversek@ospoljcane.si<\/a><\/u><\/p><\/td><td width=\"180\"><p>Razredni pouk; DSP;<\/p><\/td><td width=\"57\"><p style=\"text-align: center;\"><strong>5. a<\/strong><\/p><\/td><\/tr><tr><td width=\"134\"><p>Primo\u017ei\u010d Sara Vanesa<\/p><\/td><td width=\"236\"><p><a href=\"mailto:saravanesa.primozic@ospoljcane.si\"><br \/>saravanesa.primozic@ospoljcane.si<\/a><\/p><p>\u00a0<\/p><\/td><td width=\"180\"><p>PB3 2. a; 5. a; Laborant; DSP;<\/p><\/td><td width=\"57\"><p><strong>\u00a0<\/strong><\/p><\/td><\/tr><tr><td width=\"134\"><p>Robnik Tina<\/p><\/td><td width=\"236\"><p><a href=\"mailto:tina.robnik@ospoljcane.si\"><br \/>tina.robnik@ospoljcane.si<\/a><\/p><p>\u00a0<\/p><\/td><td width=\"180\"><p>Razredni pouk;<\/p><\/td><td width=\"57\"><p style=\"text-align: center;\"><strong>1. b<\/strong><\/p><\/td><\/tr><tr><td width=\"134\"><p>Saboli\u010d Goran<\/p><\/td><td width=\"236\"><p><u><a href=\"mailto:goran.sabolic@ospoljcane.si\"><br \/>goran.sabolic@ospoljcane.si<\/a><\/u><\/p><p>\u00a0<\/p><\/td><td width=\"180\"><p>TIT 6. a, b; 7. a, b;\u00a0 8. a, b; FIZ 8. a, b; 9. a, b; NAR 6. a, b; ZVE 9. r.; NTE 5., 6. r.; DNU; Laborant;<\/p><\/td><td width=\"57\"><p style=\"text-align: center;\"><em>9. b<\/em><\/p><\/td><\/tr><tr><td width=\"134\"><p>Savski Tadeja<\/p><\/td><td width=\"236\"><p><a href=\"mailto:tadeja.savski@ospoljcane.si\"><br \/>tadeja.savski@ospoljcane.si<\/a><\/p><p>\u00a0<\/p><\/td><td width=\"180\"><p>SLJ 6. a, b; 7. b; 8. a, b; 9. a, b; SLJ-us 6. a, b, 7. a, b;<\/p><\/td><td width=\"57\"><p style=\"text-align: center;\"><strong>6. b<\/strong><\/p><\/td><\/tr><tr><td width=\"134\"><p>Sekirnik Nina<\/p><\/td><td width=\"236\"><p><u><a href=\"mailto:nina.sekirnik@ospoljcane.si\"><br \/>nina.sekirnik@ospoljcane.si<\/a><\/u><\/p><p>\u00a0<\/p><\/td><td width=\"180\"><p>\u0160olsko svetovalno delo;<\/p><\/td><td width=\"57\"><p><em>\u00a0<\/em><\/p><\/td><\/tr><tr><td width=\"134\"><p>Simoni\u010d Tina<\/p><\/td><td width=\"236\"><p><u><a href=\"mailto:tina.simonic@ospoljcane.si\"><br \/>tina.simonic@ospoljcane.si<\/a><\/u><\/p><p>\u00a0<\/p><\/td><td width=\"180\"><p>TJA 4. a, b; 5. a, b; 7. b; 8. a, b; 9. a, b; TJA-us\u00a0 6. a, b; 7. a, b; DOD\/DOP-SLJ; DSP;<\/p><\/td><td width=\"57\"><p style=\"text-align: center;\"><strong>7. b<\/strong><\/p><\/td><\/tr><tr><td width=\"134\"><p>Sitar Benjamin<\/p><\/td><td width=\"236\"><p><a href=\"mailto:%0bbenjamin.sitar@ospoljcane.si\"><br \/>benjamin.sitar@ospoljcane.si<\/a><\/p><p>\u00a0<\/p><\/td><td width=\"180\"><p>\u0160PO 5. b; 6. a, b; 7. a, b; 8. a, b; 9. a, b; \u0160SP 7. r.; \u0160ZZ 8. r.; I\u0160P 9. r.; N\u0160P 5., 6. r.; Kolesarski te\u010daj 5. r.; Plavalni te\u010daj 3. r.;<\/p><\/td><td width=\"57\"><p style=\"text-align: center;\"><em>8. b<\/em><\/p><\/td><\/tr><tr><td width=\"134\"><p>Skerbi\u0161 Mateja<\/p><\/td><td width=\"236\"><p><u><a href=\"mailto:mateja.skerbis@ospoljcane.si\"><br \/>mateja.skerbis@ospoljcane.si<\/a><\/u><\/p><p>\u00a0<\/p><\/td><td width=\"180\"><p>Razredni pouk; DSP; PB4 2. b, 5. b;<\/p><\/td><td width=\"57\"><p style=\"text-align: center;\"><strong>3. b<\/strong><\/p><\/td><\/tr><tr><td width=\"134\"><p>\u0160eligo Nina<\/p><\/td><td width=\"236\"><p>nina.seligo@ospoljcane.si<\/p><\/td><td width=\"180\"><p>DSP;<\/p><\/td><td width=\"57\"><p><strong>\u00a0<\/strong><\/p><\/td><\/tr><tr><td width=\"134\"><p>\u0160tauber Jo\u017eica<\/p><\/td><td width=\"236\"><p><u><a href=\"mailto:jozica.stauber@ospoljcane.si\"><br \/>jozica.stauber@ospoljcane.si<\/a><\/u><\/p><p>\u00a0<\/p><\/td><td width=\"180\"><p>ZGO 6. a, b; 7. a, b; 8. a, b; 9. a, b; GEO 6. a, b; 7. a, b; 8. a, b; DNU;<\/p><\/td><td width=\"57\"><p style=\"text-align: center;\"><strong>8. a<\/strong><\/p><\/td><\/tr><tr><td width=\"134\"><p>Ternov\u0161ek I.\/ Golob L.<\/p><\/td><td width=\"236\"><p><u><a href=\"mailto:irena.ternovsek@ospoljcane.si\"><br \/>irena.ternovsek@ospoljcane.si<\/a><\/u><\/p><\/td><td width=\"180\"><p>Razredni pouk; PB2 1. r.; JV 1. a, b;<\/p><\/td><td width=\"57\"><p style=\"text-align: center;\"><em>1. b<\/em><\/p><\/td><\/tr><tr><td width=\"134\"><p>Ulaga Ula<\/p><\/td><td width=\"236\"><p><u><a href=\"mailto:ula.ulaga@ospoljcane.si\"><br \/>ula.ulaga@ospoljcane.si<\/a><\/u><\/p><\/td><td width=\"180\"><p>Razredni pouk; PB1 1.r.; JV 1. a, b.; O\u0160P;<\/p><\/td><td width=\"57\"><p style=\"text-align: center;\"><em>1. a<\/em><\/p><\/td><\/tr><tr><td width=\"134\"><p>Vantur Valerija<\/p><\/td><td width=\"236\"><p><u><a href=\"mailto:valerija.vantur@ospoljcane.si\"><br \/>valerija.vantur@ospoljcane.si<\/a><\/u><\/p><\/td><td width=\"180\"><p>Razredni pouk;<\/p><\/td><td width=\"57\"><p style=\"text-align: center;\"><strong>4. a<\/strong><\/p><\/td><\/tr><tr><td width=\"134\"><p>Vo\u0161inek Suzana<\/p><\/td><td width=\"236\"><p><u><a href=\"mailto:suzana.vosinek@ospoljcane.si\"><br \/>suzana.vosinek@ospoljcane.si<\/a><\/u><\/p><\/td><td width=\"180\"><p>Razredni pouk;<\/p><\/td><td width=\"57\"><p style=\"text-align: center;\"><strong>4. b<\/strong><\/p><\/td><\/tr><tr><td width=\"134\"><p>Vuk Suzana<\/p><\/td><td width=\"236\"><p><u><a href=\"mailto:suzana.vuk@ospoljcane.si\"><br \/>suzana.vuk@ospoljcane.si<\/a><\/u><\/p><\/td><td width=\"180\"><p>Razredni pouk;<\/p><\/td><td width=\"57\"><p style=\"text-align: center;\"><strong>2. b<\/strong><\/p><\/td><\/tr><tr><td width=\"134\"><p>Zidari\u010d Nejc<\/p><\/td><td width=\"236\"><p><a href=\"mailto:nejc.zidaric@ospoljcane.si\"><br \/>nejc.zidaric@ospoljcane.si<\/a><\/p><\/td><td width=\"180\"><p>Razredni pouk; \u00a0PB4 2. b, 5. b; DSP;<\/p><\/td><td width=\"57\"><p style=\"text-align: center;\"><strong>3. a<\/strong><\/p><\/td><\/tr><tr><td width=\"134\"><p>Pi\u0161kur\u00a0 Polona<\/p><\/td><td width=\"236\"><p><a href=\"mailto:polona.oresic@ospoljcane.si\"><br \/>polona.oresic@ospoljcane.si<\/a><\/p><\/td><td width=\"180\"><p>Spremljevalka u\u010denca, 6. a;<\/p><\/td><td width=\"57\"><p><em>\u00a0<\/em><\/p><\/td><\/tr><tr><td width=\"134\"><p>Gaj\u0161t Miha<\/p><\/td><td width=\"236\"><p><a href=\"mailto:mihec.gajst@ospoljcane.si\"><br \/>mihec.gajst@ospoljcane.si<\/a><\/p><\/td><td width=\"180\"><p>Spremljevalec u\u010denca, 6. a;<\/p><\/td><td width=\"57\"><p><em>\u00a0<\/em><\/p><\/td><\/tr><tr><td width=\"134\"><p>Ore\u0161i\u010d Valerija<\/p><\/td><td width=\"236\"><p>valerija.oresic@ospoljcane.si<\/p><\/td><td width=\"180\"><p>Spremljevalka u\u010denca, 6. b;<\/p><\/td><td width=\"57\"><p><em>\u00a0<\/em><\/p><\/td><\/tr><tr><td width=\"134\"><p>\u00a0<\/p><\/td><td width=\"236\"><p>\u00a0<\/p><\/td><td width=\"180\"><p>Spremljevalka u\u010denca, 3. a; JV;<\/p><\/td><td width=\"57\"><p><em>\u00a0<\/em><\/p><\/td><\/tr><\/tbody><\/table>\t\t\t\t\t\t\t\t<\/div>\n\t\t\t\t<\/div>\n\t\t\t\t\t<\/div>\n\t\t<\/div>\n\t\t\t\t\t<\/div>\n\t\t<\/section>\n\t\t\t\t<\/div>\n\t\t","protected":false},"excerpt":{"rendered":"<p>U\u010ditelj\/strokovni delavec \u00a0 Elektronski naslov U\u010di predmete\/podro\u010dje\/ delovno mesto Razrednik\/ sorazrednik Born\u0161ek Polona polona.bornsek@ospoljcane.si Knji\u017eni\u010darka; PB6 4. r.; DSP; \u00a0 C. Plo\u0161injak Jelka jelka.plosinjak@ospoljcane.si Razredni &hellip; <\/p>\n","protected":false},"author":3,"featured_media":0,"parent":200,"menu_order":0,"comment_status":"closed","ping_status":"closed","template":"","meta":{"footnotes":""},"class_list":["post-2866","page","type-page","status-publish","hentry","image-hover-transition-effect","latest_post"],"yoast_head":"<!-- This site is optimized with the Yoast SEO plugin v27.4 - https:\/\/yoast.com\/product\/yoast-seo-wordpress\/ -->\n<title>U\u010ditelji\/strokovni delavci - Osnovna \u0161ola Kajetana Kovi\u010da Polj\u010dane<\/title>\n<meta name=\"description\" content=\"Seznam u\u010diteljev in strokovnih delavcev zaposlenih na osnovni \u0161oli Kajetana Kovi\u010da Polj\u010dane.\" \/>\n<meta name=\"robots\" content=\"index, follow, max-snippet:-1, max-image-preview:large, max-video-preview:-1\" \/>\n<link rel=\"canonical\" href=\"https:\/\/ospoljcane.si\/nova\/ucenci\/ucitelji-strokovni-delavci\/\" \/>\n<meta property=\"og:locale\" content=\"sl_SI\" \/>\n<meta property=\"og:type\" content=\"article\" \/>\n<meta property=\"og:title\" content=\"U\u010ditelji\/strokovni delavci - Osnovna \u0161ola Kajetana Kovi\u010da Polj\u010dane\" \/>\n<meta property=\"og:description\" content=\"Seznam u\u010diteljev in strokovnih delavcev zaposlenih na osnovni \u0161oli Kajetana Kovi\u010da Polj\u010dane.\" \/>\n<meta property=\"og:url\" content=\"https:\/\/ospoljcane.si\/nova\/ucenci\/ucitelji-strokovni-delavci\/\" \/>\n<meta property=\"og:site_name\" content=\"Osnovna \u0161ola Kajetana Kovi\u010da Polj\u010dane\" \/>\n<meta property=\"article:modified_time\" content=\"2025-10-22T07:00:21+00:00\" \/>\n<meta name=\"twitter:card\" content=\"summary_large_image\" \/>\n<meta name=\"twitter:label1\" content=\"Est. reading time\" \/>\n\t<meta name=\"twitter:data1\" content=\"5 minut\" \/>\n<script type=\"application\/ld+json\" class=\"yoast-schema-graph\">{\"@context\":\"https:\\\/\\\/schema.org\",\"@graph\":[{\"@type\":\"WebPage\",\"@id\":\"https:\\\/\\\/ospoljcane.si\\\/nova\\\/ucenci\\\/ucitelji-strokovni-delavci\\\/\",\"url\":\"https:\\\/\\\/ospoljcane.si\\\/nova\\\/ucenci\\\/ucitelji-strokovni-delavci\\\/\",\"name\":\"U\u010ditelji\\\/strokovni delavci - Osnovna \u0161ola Kajetana Kovi\u010da Polj\u010dane\",\"isPartOf\":{\"@id\":\"https:\\\/\\\/ospoljcane.si\\\/nova\\\/#website\"},\"datePublished\":\"2021-02-03T13:58:55+00:00\",\"dateModified\":\"2025-10-22T07:00:21+00:00\",\"description\":\"Seznam u\u010diteljev in strokovnih delavcev zaposlenih na osnovni \u0161oli Kajetana Kovi\u010da Polj\u010dane.\",\"breadcrumb\":{\"@id\":\"https:\\\/\\\/ospoljcane.si\\\/nova\\\/ucenci\\\/ucitelji-strokovni-delavci\\\/#breadcrumb\"},\"inLanguage\":\"sl-SI\",\"potentialAction\":[{\"@type\":\"ReadAction\",\"target\":[\"https:\\\/\\\/ospoljcane.si\\\/nova\\\/ucenci\\\/ucitelji-strokovni-delavci\\\/\"]}]},{\"@type\":\"BreadcrumbList\",\"@id\":\"https:\\\/\\\/ospoljcane.si\\\/nova\\\/ucenci\\\/ucitelji-strokovni-delavci\\\/#breadcrumb\",\"itemListElement\":[{\"@type\":\"ListItem\",\"position\":1,\"name\":\"Domov\",\"item\":\"https:\\\/\\\/ospoljcane.si\\\/nova\\\/\"},{\"@type\":\"ListItem\",\"position\":2,\"name\":\"U\u010denci\",\"item\":\"https:\\\/\\\/ospoljcane.si\\\/nova\\\/ucenci\\\/\"},{\"@type\":\"ListItem\",\"position\":3,\"name\":\"U\u010ditelji\\\/strokovni delavci\"}]},{\"@type\":\"WebSite\",\"@id\":\"https:\\\/\\\/ospoljcane.si\\\/nova\\\/#website\",\"url\":\"https:\\\/\\\/ospoljcane.si\\\/nova\\\/\",\"name\":\"Osnovna \u0161ola Kajetana Kovi\u010da Polj\u010dane\",\"description\":\"\",\"publisher\":{\"@id\":\"https:\\\/\\\/ospoljcane.si\\\/nova\\\/#organization\"},\"potentialAction\":[{\"@type\":\"SearchAction\",\"target\":{\"@type\":\"EntryPoint\",\"urlTemplate\":\"https:\\\/\\\/ospoljcane.si\\\/nova\\\/?s={search_term_string}\"},\"query-input\":{\"@type\":\"PropertyValueSpecification\",\"valueRequired\":true,\"valueName\":\"search_term_string\"}}],\"inLanguage\":\"sl-SI\"},{\"@type\":\"Organization\",\"@id\":\"https:\\\/\\\/ospoljcane.si\\\/nova\\\/#organization\",\"name\":\"Osnovna \u0161ola Kajetana Kovi\u010da Polj\u010dane\",\"url\":\"https:\\\/\\\/ospoljcane.si\\\/nova\\\/\",\"logo\":{\"@type\":\"ImageObject\",\"inLanguage\":\"sl-SI\",\"@id\":\"https:\\\/\\\/ospoljcane.si\\\/nova\\\/#\\\/schema\\\/logo\\\/image\\\/\",\"url\":\"https:\\\/\\\/ospoljcane.si\\\/nova\\\/wp-content\\\/uploads\\\/2020\\\/12\\\/cropped-cropped-Logotip-sole-2016_3G-1-1.png\",\"contentUrl\":\"https:\\\/\\\/ospoljcane.si\\\/nova\\\/wp-content\\\/uploads\\\/2020\\\/12\\\/cropped-cropped-Logotip-sole-2016_3G-1-1.png\",\"width\":512,\"height\":512,\"caption\":\"Osnovna \u0161ola Kajetana Kovi\u010da Polj\u010dane\"},\"image\":{\"@id\":\"https:\\\/\\\/ospoljcane.si\\\/nova\\\/#\\\/schema\\\/logo\\\/image\\\/\"}}]}<\/script>\n<!-- \/ Yoast SEO plugin. -->","yoast_head_json":{"title":"U\u010ditelji\/strokovni delavci - Osnovna \u0161ola Kajetana Kovi\u010da Polj\u010dane","description":"Seznam u\u010diteljev in strokovnih delavcev zaposlenih na osnovni \u0161oli Kajetana Kovi\u010da Polj\u010dane.","robots":{"index":"index","follow":"follow","max-snippet":"max-snippet:-1","max-image-preview":"max-image-preview:large","max-video-preview":"max-video-preview:-1"},"canonical":"https:\/\/ospoljcane.si\/nova\/ucenci\/ucitelji-strokovni-delavci\/","og_locale":"sl_SI","og_type":"article","og_title":"U\u010ditelji\/strokovni delavci - Osnovna \u0161ola Kajetana Kovi\u010da Polj\u010dane","og_description":"Seznam u\u010diteljev in strokovnih delavcev zaposlenih na osnovni \u0161oli Kajetana Kovi\u010da Polj\u010dane.","og_url":"https:\/\/ospoljcane.si\/nova\/ucenci\/ucitelji-strokovni-delavci\/","og_site_name":"Osnovna \u0161ola Kajetana Kovi\u010da Polj\u010dane","article_modified_time":"2025-10-22T07:00:21+00:00","twitter_card":"summary_large_image","twitter_misc":{"Est. reading time":"5 minut"},"schema":{"@context":"https:\/\/schema.org","@graph":[{"@type":"WebPage","@id":"https:\/\/ospoljcane.si\/nova\/ucenci\/ucitelji-strokovni-delavci\/","url":"https:\/\/ospoljcane.si\/nova\/ucenci\/ucitelji-strokovni-delavci\/","name":"U\u010ditelji\/strokovni delavci - Osnovna \u0161ola Kajetana Kovi\u010da Polj\u010dane","isPartOf":{"@id":"https:\/\/ospoljcane.si\/nova\/#website"},"datePublished":"2021-02-03T13:58:55+00:00","dateModified":"2025-10-22T07:00:21+00:00","description":"Seznam u\u010diteljev in strokovnih delavcev zaposlenih na osnovni \u0161oli Kajetana Kovi\u010da Polj\u010dane.","breadcrumb":{"@id":"https:\/\/ospoljcane.si\/nova\/ucenci\/ucitelji-strokovni-delavci\/#breadcrumb"},"inLanguage":"sl-SI","potentialAction":[{"@type":"ReadAction","target":["https:\/\/ospoljcane.si\/nova\/ucenci\/ucitelji-strokovni-delavci\/"]}]},{"@type":"BreadcrumbList","@id":"https:\/\/ospoljcane.si\/nova\/ucenci\/ucitelji-strokovni-delavci\/#breadcrumb","itemListElement":[{"@type":"ListItem","position":1,"name":"Domov","item":"https:\/\/ospoljcane.si\/nova\/"},{"@type":"ListItem","position":2,"name":"U\u010denci","item":"https:\/\/ospoljcane.si\/nova\/ucenci\/"},{"@type":"ListItem","position":3,"name":"U\u010ditelji\/strokovni delavci"}]},{"@type":"WebSite","@id":"https:\/\/ospoljcane.si\/nova\/#website","url":"https:\/\/ospoljcane.si\/nova\/","name":"Osnovna \u0161ola Kajetana Kovi\u010da Polj\u010dane","description":"","publisher":{"@id":"https:\/\/ospoljcane.si\/nova\/#organization"},"potentialAction":[{"@type":"SearchAction","target":{"@type":"EntryPoint","urlTemplate":"https:\/\/ospoljcane.si\/nova\/?s={search_term_string}"},"query-input":{"@type":"PropertyValueSpecification","valueRequired":true,"valueName":"search_term_string"}}],"inLanguage":"sl-SI"},{"@type":"Organization","@id":"https:\/\/ospoljcane.si\/nova\/#organization","name":"Osnovna \u0161ola Kajetana Kovi\u010da Polj\u010dane","url":"https:\/\/ospoljcane.si\/nova\/","logo":{"@type":"ImageObject","inLanguage":"sl-SI","@id":"https:\/\/ospoljcane.si\/nova\/#\/schema\/logo\/image\/","url":"https:\/\/ospoljcane.si\/nova\/wp-content\/uploads\/2020\/12\/cropped-cropped-Logotip-sole-2016_3G-1-1.png","contentUrl":"https:\/\/ospoljcane.si\/nova\/wp-content\/uploads\/2020\/12\/cropped-cropped-Logotip-sole-2016_3G-1-1.png","width":512,"height":512,"caption":"Osnovna \u0161ola Kajetana Kovi\u010da Polj\u010dane"},"image":{"@id":"https:\/\/ospoljcane.si\/nova\/#\/schema\/logo\/image\/"}}]}},"_links":{"self":[{"href":"https:\/\/ospoljcane.si\/nova\/wp-json\/wp\/v2\/pages\/2866","targetHints":{"allow":["GET"]}}],"collection":[{"href":"https:\/\/ospoljcane.si\/nova\/wp-json\/wp\/v2\/pages"}],"about":[{"href":"https:\/\/ospoljcane.si\/nova\/wp-json\/wp\/v2\/types\/page"}],"author":[{"embeddable":true,"href":"https:\/\/ospoljcane.si\/nova\/wp-json\/wp\/v2\/users\/3"}],"replies":[{"embeddable":true,"href":"https:\/\/ospoljcane.si\/nova\/wp-json\/wp\/v2\/comments?post=2866"}],"version-history":[{"count":71,"href":"https:\/\/ospoljcane.si\/nova\/wp-json\/wp\/v2\/pages\/2866\/revisions"}],"predecessor-version":[{"id":23074,"href":"https:\/\/ospoljcane.si\/nova\/wp-json\/wp\/v2\/pages\/2866\/revisions\/23074"}],"up":[{"embeddable":true,"href":"https:\/\/ospoljcane.si\/nova\/wp-json\/wp\/v2\/pages\/200"}],"wp:attachment":[{"href":"https:\/\/ospoljcane.si\/nova\/wp-json\/wp\/v2\/media?parent=2866"}],"curies":[{"name":"wp","href":"https:\/\/api.w.org\/{rel}","templated":true}]}}