{"id":2753,"date":"2021-02-01T15:19:10","date_gmt":"2021-02-01T14:19:10","guid":{"rendered":"http:\/\/ospoljcane.si\/nova\/?page_id=2753"},"modified":"2021-05-25T07:59:22","modified_gmt":"2021-05-25T05:59:22","slug":"210-let-poljcanske-sole-2","status":"publish","type":"page","link":"https:\/\/ospoljcane.si\/nova\/210-let-poljcanske-sole-2\/","title":{"rendered":"210 let polj\u010danske \u0161ole"},"content":{"rendered":"<p><strong><span style=\"color: #800080;\">Ob 210-letnici \u0161olstva na Polj\u010danskem<\/span><\/strong><\/p>\n<p>V letu 2009 smo spo\u0161tljivo obele\u017eili 200-letnico \u0161olstva na Polj\u010danskem.<\/p>\n<p>V letu praznovanja smo se veliko nau\u010dili, med drugim tudi, kako zelo pomembni so zgodovinski viri, osebni spomini in pripovedi, fotografski viri, anekdote, razli\u010dni zapisi.<\/p>\n<p>Zato smo se ob 210-letnici odlo\u010dili zbrati in predstaviti najpomembnej\u0161e utrinke preteklega desetletja na enem mestu. Iz\u0161el je bilten z naslovom <a href=\"https:\/\/ospoljcane.si\/nova\/wp-content\/uploads\/2021\/02\/210-let-solstva-v-Poljcanah.pdf\" target=\"_blank\" rel=\"noopener noreferrer\">V dolini pod Bo\u010dem rastemo mi \u2026<\/a><\/p>\n<p>Bilten predstavlja vpogled v sedanjost in hkrati postaja spomin na preteklost. Mogo\u010de ga bo \u010dez 200 let nekdo prelistal in posku\u0161al razumeti na\u0161 ko\u0161\u010dek mozaika v zgodovini \u0161olstva na Polj\u010danskem.<\/p>\n<p>Lahko bo razumel, kako<\/p>\n<ul>\n<li>in zakaj nam je bilo pomembno poimenovanje \u0161ole po pesniku, pisatelju, prevajalcu in akademiku Kajetanu Kovi\u010du,<\/li>\n<li>je vzniknila in se vse bolj razra\u0161\u010dala zavest o nujnosti trajnostnega mi\u0161ljenja in delovanja,<\/li>\n<li>smo zaradi vse ve\u010djega tehnolo\u0161kega razvoja za\u010deli z u\u010denci ustvarjati video prispevke na razli\u010dne aktualne teme,<\/li>\n<li>smo postopno \u0161irili nadstandardne dejavnosti s kandidiranjem na razpisih za evropska sredstva (Popestrimo \u0161olo),<\/li>\n<li>smo z vklju\u010devanjem v razli\u010dne projekte na nacionalnem in mednarodnem nivoju iskali poti za dvig kakovosti u\u010denja in pou\u010devanja.<\/li>\n<\/ul>\n<p>\u010cas, v katerem je edina stalnica sprememba, je \u010das, ki zahteva jasno vizijo razvoja \u0161ole in kolektiv sodelavcev, ki delujejo skupaj, kot u\u010de\u010da se skupnost. In to je najve\u010dja dragocenost, ki jo imamo.<\/p>\n<p>Kolektiv, ki deluje povezano, se dogovarja, si deli \u010das in prostor, je mladim vzor sodelovanja. Pa tudi \u00a0vzor udejanjanja spoznanja, da je mo\u010d sodelovanja v tem, da kot u\u010de\u010da se skupnost dose\u017eemo veliko ve\u010d ali ve\u010djo kakovost, kot jo lahko dose\u017ee vsak sam.<\/p>\n<p>Dobra povezanost, spro\u0161\u010dena ustvarjalnost in interes po strokovnem razvoju kolektiva se izra\u017eajo tudi skozi dose\u017eke u\u010dencev. Vidni so v napredku, ki ga dosegajo u\u010denci, tako nadarjeni, kot u\u010denci s posebnimi potrebami.<\/p>\n<p><img fetchpriority=\"high\" decoding=\"async\" class=\"\" src=\"https:\/\/ospoljcane.si\/nova\/wp-content\/uploads\/2021\/01\/OSP_1115.jpg\" width=\"865\" height=\"577\" \/><\/p>\n<p>Vizija razvoja \u0161ole ni le na\u0161a, podpirajo jo tudi star\u0161i. Predvsem s spodbujanjem svojih otrok h ohranjanju tradicionalnih vrednot, zavedanju pomena\u00a0 pripadnosti lokalnemu in slovenskemu okolju ter varovanju lastnega ko\u0161\u010dka sveta s trajnostnim na\u010dinom mi\u0161ljenja, delovanja in vplivanja.<\/p>\n<p style=\"padding-left: 40px; text-align: right;\">Mag. Francka Mravlje, ravnateljica<\/p>\n<p>Polj\u010dane, februar 2021<\/p>\n","protected":false},"excerpt":{"rendered":"<p>Ob 210-letnici \u0161olstva na Polj\u010danskem V letu 2009 smo spo\u0161tljivo obele\u017eili 200-letnico \u0161olstva na Polj\u010danskem. V letu praznovanja smo se veliko nau\u010dili, med drugim tudi, &hellip; <\/p>\n","protected":false},"author":1,"featured_media":0,"parent":0,"menu_order":0,"comment_status":"closed","ping_status":"closed","template":"","meta":{"footnotes":""},"class_list":["post-2753","page","type-page","status-publish","hentry","image-hover-transition-effect","latest_post"],"yoast_head":"<!-- This site is optimized with the Yoast SEO plugin v27.3 - https:\/\/yoast.com\/product\/yoast-seo-wordpress\/ -->\n<title>210 let polj\u010danske \u0161ole - Osnovna \u0161ola Kajetana Kovi\u010da Polj\u010dane<\/title>\n<meta name=\"robots\" content=\"index, follow, max-snippet:-1, max-image-preview:large, max-video-preview:-1\" \/>\n<link rel=\"canonical\" href=\"https:\/\/ospoljcane.si\/nova\/210-let-poljcanske-sole-2\/\" \/>\n<meta property=\"og:locale\" content=\"sl_SI\" \/>\n<meta property=\"og:type\" content=\"article\" \/>\n<meta property=\"og:title\" content=\"210 let polj\u010danske \u0161ole - Osnovna \u0161ola Kajetana Kovi\u010da Polj\u010dane\" \/>\n<meta property=\"og:description\" content=\"Ob 210-letnici \u0161olstva na Polj\u010danskem V letu 2009 smo spo\u0161tljivo obele\u017eili 200-letnico \u0161olstva na Polj\u010danskem. V letu praznovanja smo se veliko nau\u010dili, med drugim tudi, &hellip;\" \/>\n<meta property=\"og:url\" content=\"https:\/\/ospoljcane.si\/nova\/210-let-poljcanske-sole-2\/\" \/>\n<meta property=\"og:site_name\" content=\"Osnovna \u0161ola Kajetana Kovi\u010da Polj\u010dane\" \/>\n<meta property=\"article:modified_time\" content=\"2021-05-25T05:59:22+00:00\" \/>\n<meta property=\"og:image\" content=\"http:\/\/ospoljcane.si\/nova\/wp-content\/uploads\/2021\/01\/OSP_1115.jpg\" \/>\n<meta name=\"twitter:card\" content=\"summary_large_image\" \/>\n<meta name=\"twitter:label1\" content=\"Est. reading time\" \/>\n\t<meta name=\"twitter:data1\" content=\"2 minuti\" \/>\n<script type=\"application\/ld+json\" class=\"yoast-schema-graph\">{\"@context\":\"https:\\\/\\\/schema.org\",\"@graph\":[{\"@type\":\"WebPage\",\"@id\":\"https:\\\/\\\/ospoljcane.si\\\/nova\\\/210-let-poljcanske-sole-2\\\/\",\"url\":\"https:\\\/\\\/ospoljcane.si\\\/nova\\\/210-let-poljcanske-sole-2\\\/\",\"name\":\"210 let polj\u010danske \u0161ole - Osnovna \u0161ola Kajetana Kovi\u010da Polj\u010dane\",\"isPartOf\":{\"@id\":\"https:\\\/\\\/ospoljcane.si\\\/nova\\\/#website\"},\"primaryImageOfPage\":{\"@id\":\"https:\\\/\\\/ospoljcane.si\\\/nova\\\/210-let-poljcanske-sole-2\\\/#primaryimage\"},\"image\":{\"@id\":\"https:\\\/\\\/ospoljcane.si\\\/nova\\\/210-let-poljcanske-sole-2\\\/#primaryimage\"},\"thumbnailUrl\":\"http:\\\/\\\/ospoljcane.si\\\/nova\\\/wp-content\\\/uploads\\\/2021\\\/01\\\/OSP_1115.jpg\",\"datePublished\":\"2021-02-01T14:19:10+00:00\",\"dateModified\":\"2021-05-25T05:59:22+00:00\",\"breadcrumb\":{\"@id\":\"https:\\\/\\\/ospoljcane.si\\\/nova\\\/210-let-poljcanske-sole-2\\\/#breadcrumb\"},\"inLanguage\":\"sl-SI\",\"potentialAction\":[{\"@type\":\"ReadAction\",\"target\":[\"https:\\\/\\\/ospoljcane.si\\\/nova\\\/210-let-poljcanske-sole-2\\\/\"]}]},{\"@type\":\"ImageObject\",\"inLanguage\":\"sl-SI\",\"@id\":\"https:\\\/\\\/ospoljcane.si\\\/nova\\\/210-let-poljcanske-sole-2\\\/#primaryimage\",\"url\":\"https:\\\/\\\/ospoljcane.si\\\/nova\\\/wp-content\\\/uploads\\\/2021\\\/01\\\/OSP_1115.jpg\",\"contentUrl\":\"https:\\\/\\\/ospoljcane.si\\\/nova\\\/wp-content\\\/uploads\\\/2021\\\/01\\\/OSP_1115.jpg\",\"width\":700,\"height\":467},{\"@type\":\"BreadcrumbList\",\"@id\":\"https:\\\/\\\/ospoljcane.si\\\/nova\\\/210-let-poljcanske-sole-2\\\/#breadcrumb\",\"itemListElement\":[{\"@type\":\"ListItem\",\"position\":1,\"name\":\"Domov\",\"item\":\"https:\\\/\\\/ospoljcane.si\\\/nova\\\/\"},{\"@type\":\"ListItem\",\"position\":2,\"name\":\"210 let polj\u010danske \u0161ole\"}]},{\"@type\":\"WebSite\",\"@id\":\"https:\\\/\\\/ospoljcane.si\\\/nova\\\/#website\",\"url\":\"https:\\\/\\\/ospoljcane.si\\\/nova\\\/\",\"name\":\"Osnovna \u0161ola Kajetana Kovi\u010da Polj\u010dane\",\"description\":\"\",\"publisher\":{\"@id\":\"https:\\\/\\\/ospoljcane.si\\\/nova\\\/#organization\"},\"potentialAction\":[{\"@type\":\"SearchAction\",\"target\":{\"@type\":\"EntryPoint\",\"urlTemplate\":\"https:\\\/\\\/ospoljcane.si\\\/nova\\\/?s={search_term_string}\"},\"query-input\":{\"@type\":\"PropertyValueSpecification\",\"valueRequired\":true,\"valueName\":\"search_term_string\"}}],\"inLanguage\":\"sl-SI\"},{\"@type\":\"Organization\",\"@id\":\"https:\\\/\\\/ospoljcane.si\\\/nova\\\/#organization\",\"name\":\"Osnovna \u0161ola Kajetana Kovi\u010da Polj\u010dane\",\"url\":\"https:\\\/\\\/ospoljcane.si\\\/nova\\\/\",\"logo\":{\"@type\":\"ImageObject\",\"inLanguage\":\"sl-SI\",\"@id\":\"https:\\\/\\\/ospoljcane.si\\\/nova\\\/#\\\/schema\\\/logo\\\/image\\\/\",\"url\":\"https:\\\/\\\/ospoljcane.si\\\/nova\\\/wp-content\\\/uploads\\\/2020\\\/12\\\/cropped-cropped-Logotip-sole-2016_3G-1-1.png\",\"contentUrl\":\"https:\\\/\\\/ospoljcane.si\\\/nova\\\/wp-content\\\/uploads\\\/2020\\\/12\\\/cropped-cropped-Logotip-sole-2016_3G-1-1.png\",\"width\":512,\"height\":512,\"caption\":\"Osnovna \u0161ola Kajetana Kovi\u010da Polj\u010dane\"},\"image\":{\"@id\":\"https:\\\/\\\/ospoljcane.si\\\/nova\\\/#\\\/schema\\\/logo\\\/image\\\/\"}}]}<\/script>\n<!-- \/ Yoast SEO plugin. -->","yoast_head_json":{"title":"210 let polj\u010danske \u0161ole - Osnovna \u0161ola Kajetana Kovi\u010da Polj\u010dane","robots":{"index":"index","follow":"follow","max-snippet":"max-snippet:-1","max-image-preview":"max-image-preview:large","max-video-preview":"max-video-preview:-1"},"canonical":"https:\/\/ospoljcane.si\/nova\/210-let-poljcanske-sole-2\/","og_locale":"sl_SI","og_type":"article","og_title":"210 let polj\u010danske \u0161ole - Osnovna \u0161ola Kajetana Kovi\u010da Polj\u010dane","og_description":"Ob 210-letnici \u0161olstva na Polj\u010danskem V letu 2009 smo spo\u0161tljivo obele\u017eili 200-letnico \u0161olstva na Polj\u010danskem. V letu praznovanja smo se veliko nau\u010dili, med drugim tudi, &hellip;","og_url":"https:\/\/ospoljcane.si\/nova\/210-let-poljcanske-sole-2\/","og_site_name":"Osnovna \u0161ola Kajetana Kovi\u010da Polj\u010dane","article_modified_time":"2021-05-25T05:59:22+00:00","og_image":[{"url":"http:\/\/ospoljcane.si\/nova\/wp-content\/uploads\/2021\/01\/OSP_1115.jpg","type":"","width":"","height":""}],"twitter_card":"summary_large_image","twitter_misc":{"Est. reading time":"2 minuti"},"schema":{"@context":"https:\/\/schema.org","@graph":[{"@type":"WebPage","@id":"https:\/\/ospoljcane.si\/nova\/210-let-poljcanske-sole-2\/","url":"https:\/\/ospoljcane.si\/nova\/210-let-poljcanske-sole-2\/","name":"210 let polj\u010danske \u0161ole - Osnovna \u0161ola Kajetana Kovi\u010da Polj\u010dane","isPartOf":{"@id":"https:\/\/ospoljcane.si\/nova\/#website"},"primaryImageOfPage":{"@id":"https:\/\/ospoljcane.si\/nova\/210-let-poljcanske-sole-2\/#primaryimage"},"image":{"@id":"https:\/\/ospoljcane.si\/nova\/210-let-poljcanske-sole-2\/#primaryimage"},"thumbnailUrl":"http:\/\/ospoljcane.si\/nova\/wp-content\/uploads\/2021\/01\/OSP_1115.jpg","datePublished":"2021-02-01T14:19:10+00:00","dateModified":"2021-05-25T05:59:22+00:00","breadcrumb":{"@id":"https:\/\/ospoljcane.si\/nova\/210-let-poljcanske-sole-2\/#breadcrumb"},"inLanguage":"sl-SI","potentialAction":[{"@type":"ReadAction","target":["https:\/\/ospoljcane.si\/nova\/210-let-poljcanske-sole-2\/"]}]},{"@type":"ImageObject","inLanguage":"sl-SI","@id":"https:\/\/ospoljcane.si\/nova\/210-let-poljcanske-sole-2\/#primaryimage","url":"https:\/\/ospoljcane.si\/nova\/wp-content\/uploads\/2021\/01\/OSP_1115.jpg","contentUrl":"https:\/\/ospoljcane.si\/nova\/wp-content\/uploads\/2021\/01\/OSP_1115.jpg","width":700,"height":467},{"@type":"BreadcrumbList","@id":"https:\/\/ospoljcane.si\/nova\/210-let-poljcanske-sole-2\/#breadcrumb","itemListElement":[{"@type":"ListItem","position":1,"name":"Domov","item":"https:\/\/ospoljcane.si\/nova\/"},{"@type":"ListItem","position":2,"name":"210 let polj\u010danske \u0161ole"}]},{"@type":"WebSite","@id":"https:\/\/ospoljcane.si\/nova\/#website","url":"https:\/\/ospoljcane.si\/nova\/","name":"Osnovna \u0161ola Kajetana Kovi\u010da Polj\u010dane","description":"","publisher":{"@id":"https:\/\/ospoljcane.si\/nova\/#organization"},"potentialAction":[{"@type":"SearchAction","target":{"@type":"EntryPoint","urlTemplate":"https:\/\/ospoljcane.si\/nova\/?s={search_term_string}"},"query-input":{"@type":"PropertyValueSpecification","valueRequired":true,"valueName":"search_term_string"}}],"inLanguage":"sl-SI"},{"@type":"Organization","@id":"https:\/\/ospoljcane.si\/nova\/#organization","name":"Osnovna \u0161ola Kajetana Kovi\u010da Polj\u010dane","url":"https:\/\/ospoljcane.si\/nova\/","logo":{"@type":"ImageObject","inLanguage":"sl-SI","@id":"https:\/\/ospoljcane.si\/nova\/#\/schema\/logo\/image\/","url":"https:\/\/ospoljcane.si\/nova\/wp-content\/uploads\/2020\/12\/cropped-cropped-Logotip-sole-2016_3G-1-1.png","contentUrl":"https:\/\/ospoljcane.si\/nova\/wp-content\/uploads\/2020\/12\/cropped-cropped-Logotip-sole-2016_3G-1-1.png","width":512,"height":512,"caption":"Osnovna \u0161ola Kajetana Kovi\u010da Polj\u010dane"},"image":{"@id":"https:\/\/ospoljcane.si\/nova\/#\/schema\/logo\/image\/"}}]}},"_links":{"self":[{"href":"https:\/\/ospoljcane.si\/nova\/wp-json\/wp\/v2\/pages\/2753","targetHints":{"allow":["GET"]}}],"collection":[{"href":"https:\/\/ospoljcane.si\/nova\/wp-json\/wp\/v2\/pages"}],"about":[{"href":"https:\/\/ospoljcane.si\/nova\/wp-json\/wp\/v2\/types\/page"}],"author":[{"embeddable":true,"href":"https:\/\/ospoljcane.si\/nova\/wp-json\/wp\/v2\/users\/1"}],"replies":[{"embeddable":true,"href":"https:\/\/ospoljcane.si\/nova\/wp-json\/wp\/v2\/comments?post=2753"}],"version-history":[{"count":16,"href":"https:\/\/ospoljcane.si\/nova\/wp-json\/wp\/v2\/pages\/2753\/revisions"}],"predecessor-version":[{"id":5608,"href":"https:\/\/ospoljcane.si\/nova\/wp-json\/wp\/v2\/pages\/2753\/revisions\/5608"}],"wp:attachment":[{"href":"https:\/\/ospoljcane.si\/nova\/wp-json\/wp\/v2\/media?parent=2753"}],"curies":[{"name":"wp","href":"https:\/\/api.w.org\/{rel}","templated":true}]}}