{"id":2749,"date":"2021-02-01T15:17:59","date_gmt":"2021-02-01T14:17:59","guid":{"rendered":"http:\/\/ospoljcane.si\/nova\/?page_id=2749"},"modified":"2021-02-24T20:48:45","modified_gmt":"2021-02-24T19:48:45","slug":"poimenovanje-nase-sole-po-pesniku-kajetanu-kovicu","status":"publish","type":"page","link":"https:\/\/ospoljcane.si\/nova\/poimenovanje-nase-sole-po-pesniku-kajetanu-kovicu\/","title":{"rendered":"Poimenovanje na\u0161e \u0161ole po Kajetanu Kovi\u010du"},"content":{"rendered":"<p><span style=\"color: #800080;\"><strong>Slovenstvo, sloven\u0161\u010dina in Kajetan Kovi\u010d<\/strong><\/span><\/p>\n<p>Poleg najlep\u0161ega ko\u0161\u010dka Zemlje imamo Slovenci nekaj enkratnega, nekaj prav posebnega. Imamo svoj jezik, ki nam daje na\u0161o, slovensko identiteto.<\/p>\n<p>Mnogo posebnih in pomembnih ljudi je skrbelo, da se je ta preprost in ne\u017een na\u010din komuniciranja krepil, \u0161iril in razvijal in predvsem uveljavil kot samostojen jezik. Jezik, ki ga med sedmimi milijardami ljudi na svetu govorita le slaba dva milijona.<\/p>\n<p>Sloven\u0161\u010dina je na\u0161 materni jezik. V tem jeziku izre\u010demo dobrodo\u0161lico novorojen\u010dku in poslovilne besede umrlemu. Otrokom pojemo uspavanke z melodijo slovenskega jezika, jim postavljamo zahteve in prepovedi. V tem jeziku izmenjujemo svoje misli, ideje, sporo\u010dila. Smejemo se \u0161alam, povedanim v doma\u010dem, slovenskem jeziku. Tudi za pohvale \u00a0imamo svoje, slovenske besede.<\/p>\n<p>Le kdo bi bili, \u010de ne bi razmi\u0161ljali in govorili v slovenskem jeziku?<\/p>\n<p>Vsak jezik, \u0161e posebej jezik, ki ga govori malo \u0161tevilo ljudi, potrebuje nego, skrbnost, razvoj in bogatenje. \u010cesar ni v jeziku, o tem sploh ne moremo razmi\u0161ljati, \u0161e manj pa se pogovarjati.<\/p>\n<p>Pesniki, pisatelji, prevajalci so prvi skrbniki jezika. Skozi njihovo ustvarjalno energijo nastaja besedno bogastvo. Tisto, ki nam omogo\u010da, da lahko na razli\u010dne na\u010dine premi\u0161ljujemo, pripovedujemo, pojasnjujemo, se dogovarjamo, u\u010dimo, zbiramo znanja in izku\u0161nje, izra\u017eamo \u010dustva, skrbi in slovenstvo.<\/p>\n<p><strong>\u00a0<\/strong><\/p>\n<p><span style=\"color: #800080;\"><strong>Kajetan Kovi\u010d (1931\u20132014) <\/strong><\/span><\/p>\n<p>Slovenski pesnik, pisatelj, prevajalec in akademik Kajetan Kovi\u010d se je rodil 21. oktobra 1931 v Mariboru v u\u010diteljski dru\u017eini. Otro\u0161ka leta je pre\u017eivljal v Polj\u010danah, kjer je zaklju\u010dil prve tri razrede osnovne \u0161ole. Tudi njegova star\u0161a sta od leta 1925 do leta 1941 pou\u010devala v Polj\u010danah. Tega leta se je dru\u017eina z desetletnim Kajetanom preselila v vas Hrastje Mota, ki je danes v ob\u010dini Radenci.<\/p>\n<p>Otro\u0161tva v Polj\u010danah, ki je potekalo v hi\u0161i nasproti \u0161ole, se Kovi\u010d spominja v <strong>Zgodnjih zgodbah<\/strong>: \u00bb<em>S stopnic se je videlo naravnost na goro. To je bil najlep\u0161i pogled. Za travniki, kjer je tekla Dravinja, se je v ozadju vzdigovala zelena kopa, vsa \u0161\u010detinasta od drevja. To je bil Bo\u010d. Po njem smo dolo\u010dali vreme. Kadar je imel kapo, smo vedeli, da bo de\u017e. Bo\u010d je visok 980 metrov in bilo mi je zelo \u017eal, da jih nima vsaj 1000.\u00ab<\/em><\/p>\n<p>Pri 25-ih letih je diplomiral na Filozofski fakulteti na Oddelku za svetovno knji\u017eevnost in\u00a0 literarno teorijo v Ljubljani.<\/p>\n<p>Kraj\u0161i \u010das je slu\u017eboval kot novinar, od leta 1958 do 1985 je bil urednik\u00a0 za leposlovje, nato\u00a0 pa od leta 1985 do 1992 glavni urednik pri Dr\u017eavni zalo\u017ebi Slovenije.<\/p>\n<p>Leta 1991 je postal izredni, leta 1995 pa redni \u010dlan\u00a0 Slovenske akademije znanosti in umetnosti.\u00a0 Bil je \u010dlan Dru\u0161tva slovenskih pisateljev in izredni \u010dlan Dru\u0161tva mad\u017earskih pisateljev.<\/p>\n<p>Umrl je leta 2014. Pokopan je v grobu star\u0161ev na pokopali\u0161\u010du v Gornji Radgoni.<\/p>\n<p>&nbsp;<\/p>\n<p><span style=\"color: #800080;\"><strong>Kajetan Kovi\u010d v slovenski literarni umetnosti<\/strong><\/span><\/p>\n<ol>\n<li>Kajetan Kovi\u010d je eden izmed redkih literatov, ki je suvereno zdru\u017eeval dve odliki: bil je klasik, avtor nadvse pomembnega in po literarni kvaliteti diamantno izbru\u0161enega opusa, obenem pa je u\u017eival tudi \u0161ir\u0161o priljubljenost.<\/li>\n<li>Nih\u010de ni znal iz slovenskega jezika izvabiti tako \u010diste in bogate, tako \u010darobno preproste in pomensko polifoni\u010dne godbe besed kot \u00adKajetan Kovi\u010d.<\/li>\n<li>Pesni\u0161ka zbirka Pesmi \u0161tirih (Janez Menart, Tone Pav\u010dek, Ciril Zlobec, Kajetan Kovi\u010d) predstavlja v slovenski literarni zgodovini prelom z estetiko socialnega realizma in uveljavljanje poetike intimizma.<\/li>\n<li>V okviru pesemskih oblik je Kovi\u010d razvijal samosvoj, ozkoverzni, Kovi\u010dev sonet.<\/li>\n<li>Neprecenljiva Kovi\u010deva zasluga je neomajna vera v smisel pesni\u0161ke besede, s katero se je upiral dru\u017ebeni degradaciji poezije v zadnjih desetletjih. To je eno izmed sporo\u010dil prero\u0161kega verza iz zbirke <em>Ogenjvoda <\/em>(1965): <em>Beseda je beseda in ve\u010dbeseda<\/em>.<\/li>\n<\/ol>\n<p style=\"text-align: right;\"><em>(Povzeto po Borisu A. Novaku)<\/em><\/p>\n<p><span style=\"color: #800080;\"><strong>Osnovna \u0161ola Kajetana Kovi\u010da Polj\u010dane<\/strong><\/span><\/p>\n<p>Kajetan Kovi\u010d nas je ve\u010dkrat obiskal. Najprej leta 1969, ko je na \u0161oli prvi\u010d potekala Bralna zna\u010dka. Tudi drugi\u010d, leta 1974,\u00a0 nas je obiskal ob podelitvi bralnih zna\u010dk. V \u0161olsko kroniko je takrat\u00a0 zapisal: <em>\u00bbLetos sem prvi\u010d obiskal novo \u0161olo v Polj\u010danah in kar \u017eal mi je, da ne morem biti u\u010denec v njej, \u0161e posebno zato, ker bi imel v \u0161olo \u010disto blizu, stopil bi samo \u010dez cesto.\u00ab\u00a0 <\/em>Sedanja \u0161ola je bila namre\u010d dograjena leto prej.<\/p>\n<p>V \u010dasu praznovanja 200-letnice \u0161olstva na Polj\u010danskem (2009) nas je (takrat \u017ee hudo bolan) obiskal dvakrat, in sicer 20. marca 2009 (osrednja prireditev ob 200-letnici \u0161olstva na Polj\u010danskem) in 2. aprila 2009 (prireditev ob 40-letnici podelitev bralnih zna\u010dk na na\u0161i \u0161oli).<\/p>\n<p>Ponosni smo, da se lahko na\u0161a \u0161ola od leta 2016 imenuje po tem velikem in pomembnem skrbniku sloven\u0161\u010dine. Zavedamo se njegovega pomena in tudi sli\u0161imo njegove besede, da se premalo skrbi za poezijo, to najvi\u0161jo stopnjo mo\u010di jezika.<\/p>\n<p>Zato na\u0161a \u0161ola vsako leto razpisuje Kovi\u010dev literarni nate\u010daj poezije. S tem mladim posredujemo pomen jezika v \u017eivljenju naroda in odpiramo vrata v svet do\u017eivljanja in ustvarjanja poezije.<\/p>\n<p>Kdo ve, mogo\u010de vzide izmed na\u0161ih u\u010dencev nov skrbnik sloven\u0161\u010dine, slovenstva in narodove identitete.<\/p>\n<p><em>Hvala vam, g. Kovi\u010d, za prilo\u017enosti, ki ste nam jih podarili.<\/em><\/p>\n<p style=\"text-align: right;\">mag. Francka Mravlje, ravnateljica<\/p>\n","protected":false},"excerpt":{"rendered":"<p>Slovenstvo, sloven\u0161\u010dina in Kajetan Kovi\u010d Poleg najlep\u0161ega ko\u0161\u010dka Zemlje imamo Slovenci nekaj enkratnega, nekaj prav posebnega. Imamo svoj jezik, ki nam daje na\u0161o, slovensko identiteto. &hellip; <\/p>\n","protected":false},"author":1,"featured_media":0,"parent":0,"menu_order":0,"comment_status":"closed","ping_status":"closed","template":"","meta":{"footnotes":""},"class_list":["post-2749","page","type-page","status-publish","hentry","image-hover-transition-effect","latest_post"],"yoast_head":"<!-- This site is optimized with the Yoast SEO plugin v27.3 - https:\/\/yoast.com\/product\/yoast-seo-wordpress\/ -->\n<title>Poimenovanje na\u0161e \u0161ole po Kajetanu Kovi\u010du - Osnovna \u0161ola Kajetana Kovi\u010da Polj\u010dane<\/title>\n<meta name=\"robots\" content=\"index, follow, max-snippet:-1, max-image-preview:large, max-video-preview:-1\" \/>\n<link rel=\"canonical\" href=\"https:\/\/ospoljcane.si\/nova\/poimenovanje-nase-sole-po-pesniku-kajetanu-kovicu\/\" \/>\n<meta property=\"og:locale\" content=\"sl_SI\" \/>\n<meta property=\"og:type\" content=\"article\" \/>\n<meta property=\"og:title\" content=\"Poimenovanje na\u0161e \u0161ole po Kajetanu Kovi\u010du - Osnovna \u0161ola Kajetana Kovi\u010da Polj\u010dane\" \/>\n<meta property=\"og:description\" content=\"Slovenstvo, sloven\u0161\u010dina in Kajetan Kovi\u010d Poleg najlep\u0161ega ko\u0161\u010dka Zemlje imamo Slovenci nekaj enkratnega, nekaj prav posebnega. Imamo svoj jezik, ki nam daje na\u0161o, slovensko identiteto. &hellip;\" \/>\n<meta property=\"og:url\" content=\"https:\/\/ospoljcane.si\/nova\/poimenovanje-nase-sole-po-pesniku-kajetanu-kovicu\/\" \/>\n<meta property=\"og:site_name\" content=\"Osnovna \u0161ola Kajetana Kovi\u010da Polj\u010dane\" \/>\n<meta property=\"article:modified_time\" content=\"2021-02-24T19:48:45+00:00\" \/>\n<meta name=\"twitter:card\" content=\"summary_large_image\" \/>\n<meta name=\"twitter:label1\" content=\"Est. reading time\" \/>\n\t<meta name=\"twitter:data1\" content=\"4 minute\" \/>\n<script type=\"application\/ld+json\" class=\"yoast-schema-graph\">{\"@context\":\"https:\\\/\\\/schema.org\",\"@graph\":[{\"@type\":\"WebPage\",\"@id\":\"https:\\\/\\\/ospoljcane.si\\\/nova\\\/poimenovanje-nase-sole-po-pesniku-kajetanu-kovicu\\\/\",\"url\":\"https:\\\/\\\/ospoljcane.si\\\/nova\\\/poimenovanje-nase-sole-po-pesniku-kajetanu-kovicu\\\/\",\"name\":\"Poimenovanje na\u0161e \u0161ole po Kajetanu Kovi\u010du - Osnovna \u0161ola Kajetana Kovi\u010da Polj\u010dane\",\"isPartOf\":{\"@id\":\"https:\\\/\\\/ospoljcane.si\\\/nova\\\/#website\"},\"datePublished\":\"2021-02-01T14:17:59+00:00\",\"dateModified\":\"2021-02-24T19:48:45+00:00\",\"breadcrumb\":{\"@id\":\"https:\\\/\\\/ospoljcane.si\\\/nova\\\/poimenovanje-nase-sole-po-pesniku-kajetanu-kovicu\\\/#breadcrumb\"},\"inLanguage\":\"sl-SI\",\"potentialAction\":[{\"@type\":\"ReadAction\",\"target\":[\"https:\\\/\\\/ospoljcane.si\\\/nova\\\/poimenovanje-nase-sole-po-pesniku-kajetanu-kovicu\\\/\"]}]},{\"@type\":\"BreadcrumbList\",\"@id\":\"https:\\\/\\\/ospoljcane.si\\\/nova\\\/poimenovanje-nase-sole-po-pesniku-kajetanu-kovicu\\\/#breadcrumb\",\"itemListElement\":[{\"@type\":\"ListItem\",\"position\":1,\"name\":\"Domov\",\"item\":\"https:\\\/\\\/ospoljcane.si\\\/nova\\\/\"},{\"@type\":\"ListItem\",\"position\":2,\"name\":\"Poimenovanje na\u0161e \u0161ole po Kajetanu Kovi\u010du\"}]},{\"@type\":\"WebSite\",\"@id\":\"https:\\\/\\\/ospoljcane.si\\\/nova\\\/#website\",\"url\":\"https:\\\/\\\/ospoljcane.si\\\/nova\\\/\",\"name\":\"Osnovna \u0161ola Kajetana Kovi\u010da Polj\u010dane\",\"description\":\"\",\"publisher\":{\"@id\":\"https:\\\/\\\/ospoljcane.si\\\/nova\\\/#organization\"},\"potentialAction\":[{\"@type\":\"SearchAction\",\"target\":{\"@type\":\"EntryPoint\",\"urlTemplate\":\"https:\\\/\\\/ospoljcane.si\\\/nova\\\/?s={search_term_string}\"},\"query-input\":{\"@type\":\"PropertyValueSpecification\",\"valueRequired\":true,\"valueName\":\"search_term_string\"}}],\"inLanguage\":\"sl-SI\"},{\"@type\":\"Organization\",\"@id\":\"https:\\\/\\\/ospoljcane.si\\\/nova\\\/#organization\",\"name\":\"Osnovna \u0161ola Kajetana Kovi\u010da Polj\u010dane\",\"url\":\"https:\\\/\\\/ospoljcane.si\\\/nova\\\/\",\"logo\":{\"@type\":\"ImageObject\",\"inLanguage\":\"sl-SI\",\"@id\":\"https:\\\/\\\/ospoljcane.si\\\/nova\\\/#\\\/schema\\\/logo\\\/image\\\/\",\"url\":\"https:\\\/\\\/ospoljcane.si\\\/nova\\\/wp-content\\\/uploads\\\/2020\\\/12\\\/cropped-cropped-Logotip-sole-2016_3G-1-1.png\",\"contentUrl\":\"https:\\\/\\\/ospoljcane.si\\\/nova\\\/wp-content\\\/uploads\\\/2020\\\/12\\\/cropped-cropped-Logotip-sole-2016_3G-1-1.png\",\"width\":512,\"height\":512,\"caption\":\"Osnovna \u0161ola Kajetana Kovi\u010da Polj\u010dane\"},\"image\":{\"@id\":\"https:\\\/\\\/ospoljcane.si\\\/nova\\\/#\\\/schema\\\/logo\\\/image\\\/\"}}]}<\/script>\n<!-- \/ Yoast SEO plugin. -->","yoast_head_json":{"title":"Poimenovanje na\u0161e \u0161ole po Kajetanu Kovi\u010du - Osnovna \u0161ola Kajetana Kovi\u010da Polj\u010dane","robots":{"index":"index","follow":"follow","max-snippet":"max-snippet:-1","max-image-preview":"max-image-preview:large","max-video-preview":"max-video-preview:-1"},"canonical":"https:\/\/ospoljcane.si\/nova\/poimenovanje-nase-sole-po-pesniku-kajetanu-kovicu\/","og_locale":"sl_SI","og_type":"article","og_title":"Poimenovanje na\u0161e \u0161ole po Kajetanu Kovi\u010du - Osnovna \u0161ola Kajetana Kovi\u010da Polj\u010dane","og_description":"Slovenstvo, sloven\u0161\u010dina in Kajetan Kovi\u010d Poleg najlep\u0161ega ko\u0161\u010dka Zemlje imamo Slovenci nekaj enkratnega, nekaj prav posebnega. Imamo svoj jezik, ki nam daje na\u0161o, slovensko identiteto. &hellip;","og_url":"https:\/\/ospoljcane.si\/nova\/poimenovanje-nase-sole-po-pesniku-kajetanu-kovicu\/","og_site_name":"Osnovna \u0161ola Kajetana Kovi\u010da Polj\u010dane","article_modified_time":"2021-02-24T19:48:45+00:00","twitter_card":"summary_large_image","twitter_misc":{"Est. reading time":"4 minute"},"schema":{"@context":"https:\/\/schema.org","@graph":[{"@type":"WebPage","@id":"https:\/\/ospoljcane.si\/nova\/poimenovanje-nase-sole-po-pesniku-kajetanu-kovicu\/","url":"https:\/\/ospoljcane.si\/nova\/poimenovanje-nase-sole-po-pesniku-kajetanu-kovicu\/","name":"Poimenovanje na\u0161e \u0161ole po Kajetanu Kovi\u010du - Osnovna \u0161ola Kajetana Kovi\u010da Polj\u010dane","isPartOf":{"@id":"https:\/\/ospoljcane.si\/nova\/#website"},"datePublished":"2021-02-01T14:17:59+00:00","dateModified":"2021-02-24T19:48:45+00:00","breadcrumb":{"@id":"https:\/\/ospoljcane.si\/nova\/poimenovanje-nase-sole-po-pesniku-kajetanu-kovicu\/#breadcrumb"},"inLanguage":"sl-SI","potentialAction":[{"@type":"ReadAction","target":["https:\/\/ospoljcane.si\/nova\/poimenovanje-nase-sole-po-pesniku-kajetanu-kovicu\/"]}]},{"@type":"BreadcrumbList","@id":"https:\/\/ospoljcane.si\/nova\/poimenovanje-nase-sole-po-pesniku-kajetanu-kovicu\/#breadcrumb","itemListElement":[{"@type":"ListItem","position":1,"name":"Domov","item":"https:\/\/ospoljcane.si\/nova\/"},{"@type":"ListItem","position":2,"name":"Poimenovanje na\u0161e \u0161ole po Kajetanu Kovi\u010du"}]},{"@type":"WebSite","@id":"https:\/\/ospoljcane.si\/nova\/#website","url":"https:\/\/ospoljcane.si\/nova\/","name":"Osnovna \u0161ola Kajetana Kovi\u010da Polj\u010dane","description":"","publisher":{"@id":"https:\/\/ospoljcane.si\/nova\/#organization"},"potentialAction":[{"@type":"SearchAction","target":{"@type":"EntryPoint","urlTemplate":"https:\/\/ospoljcane.si\/nova\/?s={search_term_string}"},"query-input":{"@type":"PropertyValueSpecification","valueRequired":true,"valueName":"search_term_string"}}],"inLanguage":"sl-SI"},{"@type":"Organization","@id":"https:\/\/ospoljcane.si\/nova\/#organization","name":"Osnovna \u0161ola Kajetana Kovi\u010da Polj\u010dane","url":"https:\/\/ospoljcane.si\/nova\/","logo":{"@type":"ImageObject","inLanguage":"sl-SI","@id":"https:\/\/ospoljcane.si\/nova\/#\/schema\/logo\/image\/","url":"https:\/\/ospoljcane.si\/nova\/wp-content\/uploads\/2020\/12\/cropped-cropped-Logotip-sole-2016_3G-1-1.png","contentUrl":"https:\/\/ospoljcane.si\/nova\/wp-content\/uploads\/2020\/12\/cropped-cropped-Logotip-sole-2016_3G-1-1.png","width":512,"height":512,"caption":"Osnovna \u0161ola Kajetana Kovi\u010da Polj\u010dane"},"image":{"@id":"https:\/\/ospoljcane.si\/nova\/#\/schema\/logo\/image\/"}}]}},"_links":{"self":[{"href":"https:\/\/ospoljcane.si\/nova\/wp-json\/wp\/v2\/pages\/2749","targetHints":{"allow":["GET"]}}],"collection":[{"href":"https:\/\/ospoljcane.si\/nova\/wp-json\/wp\/v2\/pages"}],"about":[{"href":"https:\/\/ospoljcane.si\/nova\/wp-json\/wp\/v2\/types\/page"}],"author":[{"embeddable":true,"href":"https:\/\/ospoljcane.si\/nova\/wp-json\/wp\/v2\/users\/1"}],"replies":[{"embeddable":true,"href":"https:\/\/ospoljcane.si\/nova\/wp-json\/wp\/v2\/comments?post=2749"}],"version-history":[{"count":12,"href":"https:\/\/ospoljcane.si\/nova\/wp-json\/wp\/v2\/pages\/2749\/revisions"}],"predecessor-version":[{"id":4269,"href":"https:\/\/ospoljcane.si\/nova\/wp-json\/wp\/v2\/pages\/2749\/revisions\/4269"}],"wp:attachment":[{"href":"https:\/\/ospoljcane.si\/nova\/wp-json\/wp\/v2\/media?parent=2749"}],"curies":[{"name":"wp","href":"https:\/\/api.w.org\/{rel}","templated":true}]}}