{"id":2745,"date":"2021-02-01T15:14:13","date_gmt":"2021-02-01T14:14:13","guid":{"rendered":"http:\/\/ospoljcane.si\/nova\/?page_id=2745"},"modified":"2023-07-07T16:27:45","modified_gmt":"2023-07-07T14:27:45","slug":"praznovanje-200-letnice-solstva-na-poljcanskem","status":"publish","type":"page","link":"https:\/\/ospoljcane.si\/nova\/praznovanje-200-letnice-solstva-na-poljcanskem\/","title":{"rendered":"Praznovanje 200-letnice \u0161olstva na Polj\u010danskem"},"content":{"rendered":"\t\t<div data-elementor-type=\"wp-page\" data-elementor-id=\"2745\" class=\"elementor elementor-2745\" data-elementor-post-type=\"page\">\n\t\t\t\t\t\t<section class=\"elementor-section elementor-top-section elementor-element elementor-element-73e55856 elementor-section-boxed elementor-section-height-default elementor-section-height-default\" data-id=\"73e55856\" data-element_type=\"section\" data-e-type=\"section\">\n\t\t\t\t\t\t<div class=\"elementor-container elementor-column-gap-default\">\n\t\t\t\t\t<div class=\"elementor-column elementor-col-100 elementor-top-column elementor-element elementor-element-6ad7d88b\" data-id=\"6ad7d88b\" data-element_type=\"column\" data-e-type=\"column\">\n\t\t\t<div class=\"elementor-widget-wrap elementor-element-populated\">\n\t\t\t\t\t\t<div class=\"elementor-element elementor-element-3dfc80b6 elementor-widget elementor-widget-text-editor\" data-id=\"3dfc80b6\" data-element_type=\"widget\" data-e-type=\"widget\" data-widget_type=\"text-editor.default\">\n\t\t\t\t<div class=\"elementor-widget-container\">\n\t\t\t\t\t\t\t\t\t<p><strong>Praznovanje 200-letnice \u0161olstva na Polj\u010danskem se je za\u010delo v \u0161olskem letu 2008\/2009.<\/strong> Rimski filozof in u\u010ditelj Avrelij Avgu\u0161tin je zapisal: <em>Sedanjost glede preteklosti je <strong>SPOMIN<\/strong>, sedanjost glede sedanjosti je <strong>VPOGLED<\/strong>, sedanjost glede prihodnosti pa je <strong>PRI\u010cAKOVANJE<\/strong>.<\/em> Leta 2010 je iz\u0161el obse\u017een zbornik z naslovom Stezice preteklosti za krila prihodnosti, ki je zdru\u017eil preteklost s sedanjostjo ter na \u0161iroko odprl vrata v prihodnost.<\/p>\n<p><strong>V uvodniku zbornika <a href=\"https:\/\/ospoljcane.si\/nova\/wp-content\/uploads\/2021\/02\/Zbornik-200-let-solstva-v-Poljcanah.pdf\" target=\"_blank\" rel=\"noopener noreferrer\">STEZICE PRETEKLOSTI ZA KRILA PRIHODNOSTI<\/a> so bile zapisane naslednje besede:<\/strong><\/p>\n<p>\u2026 \u0160ola je bila in je tudi danes prostor, kjer se mladi sre\u010dajo z&nbsp; znanjem, ustvarjenim skozi zgodovino \u010dlove\u0161tva. Osnovna \u0161ola na prvi stopnji izobra\u017eevanja opremlja mlade z vsem tistim&nbsp; v\u00e9denjem, ki je potrebno za samostojno in ustvarjalno delovanje v nadaljnjem izobra\u017eevanju in kasneje v odraslosti.<\/p>\n<p>Dale\u010d za nami so \u010dasi, ko je v dru\u017ebi veljalo prepri\u010danje, da je u\u010ditelj tisti, ki ve in zna, u\u010denec pa tisti, ki mora u\u010ditelju slediti in za njim ponoviti &#8216;pravilne odgovore in postopke&#8217;, da bo znal in vedel.<\/p>\n<p>Svet, v katerem \u017eivimo, se spreminja tako hitro, da je&nbsp; pou\u010devanje vsebinskih znanj po principu &#8216;ponavljanja pravilnih odgovorov&#8217; nesmiselno, saj nih\u010de ne more ve\u010d napovedati, katera vsebinska znanja bodo na\u0161i&nbsp; u\u010denci potrebovali npr. \u010dez deset let.<\/p>\n<p>Tako je v hitro spreminjajo\u010di se, globalno povezani dru\u017ebi, kjer lahko u\u010denec poi\u0161\u010de \u017eeleno informacijo (znanje) s preprostim &#8216;klikom&#8217;, naloga u\u010diteljev, da u\u010dencem pomagajo razvijati&nbsp; miselne procese in ve\u0161\u010dine, s katerimi bodo lahko poiskali, razumeli&nbsp; in za svoje potrebe uporabili ali ustvarili novo znanje, informacijo, spoznanje.<\/p>\n<p>Zato je danes ena najpomembnej\u0161ih nalog osnovne \u0161ole u\u010denje u\u010denja. S pomo\u010djo u\u010diteljeve povratne informacije o opravljenem delu u\u010denec prepoznava svoja mo\u010dna podro\u010dja, u\u010dni potencial, principe in strategije u\u010denja. Namesto ponavljanja &#8216;dokon\u010dnih spoznanj&#8217; poteka pou\u010devanje kot&nbsp; skupno razmi\u0161ljanje u\u010ditelja in u\u010denca o njegovem&nbsp; delu, napredku in nadaljnjih u\u010dnih korakih.<\/p>\n<p>S spremenjenim konceptom znanja so se mo\u010dno spremenili vloga u\u010ditelja in u\u010denca,&nbsp; odnos med njima, porazdelitev odgovornosti in&nbsp; na\u010din u\u010denja ter pou\u010devanja. S tem pa tudi potrebe materialnega okolja, v katerem se u\u010denje odvija.<\/p>\n<p>Ob pregledu lastne 200-letne zgodovine ugotavljamo, da je okolje, v katerem deluje na\u0161a \u0161ola, vedno, tudi v najte\u017ejih obdobjih, skrbno spremljalo in ustvarjalo dobre pogoje za vzgojo in izobra\u017eevanje mladih. <strong><em>(mag. Francka Mravlje, ravnateljica Osnovne \u0161ole Kajetana Kovi\u010da Polj\u010dane)<\/em><\/strong><\/p>\n<p>\u2026 Dani osnovni pogoji ne pomenijo veliko, \u010de niso podprti s kvalitetno vsebino, ki jo lahko ponudi le dober kader za izvajanje kvalitetnega programa. Le ta mora, preden se loti tako ob\u010dutljivega podro\u010dja, kot je delo z otroki, nujno raz\u010distiti z lastno identiteto in se soo\u010diti s samokriti\u010dnostjo, delavoljnostjo in strokovno sposobnostjo. Posebej jasno pa je, da morajo strokovni delavci delati z ljubeznijo: opro\u0161\u010dati, biti dobri, potrpe\u017eljivi, prenesti marsikaj, ne misliti slabo, privo\u0161\u010dljivo in zlonamerno.<\/p>\n<p>U\u010denci se morajo zavedati, da imajo primerljivo nekoliko bolj\u0161e pogoje kot marsikateri njihovi vrstniki v Sloveniji in Evropski uniji. Star\u0161i so dol\u017eni spodbujati pozitiven odnos do \u0161ole kot institucije. Strokovni delavci nimajo razlogov za iskanje in opravi\u010devanje morebitnega manj kvalitetnega dela zunaj sebe, v prostorski stiski, pomanjkanju didakti\u010dnih pripomo\u010dkov in v pomanjkanju drugih materialnih dobrin. <strong><em>(Stanislav Kova\u010di\u010d, \u017eupan Ob\u010dine Polj\u010dane)<\/em><\/strong><\/p>\n<p><strong>&nbsp;<\/strong><\/p>\n<p>\u2026 Na polj\u010danski \u0161oli smo se za\u010deli pripravljati na spoznavanje<strong> spomina<\/strong>, ki ima svoje korenine v daljnem letu 1809. Pred za\u010detkom praznovanja je bil imenovan o\u017eji pripravljalni tim in nastajati so za\u010deli prvi na\u010drti za izvedbo tako obse\u017enega projekta. Opredelili smo na\u010din dela, vsebino, datume, imenovali smo vodje podprojektov. Sodelovali smo vsi strokovni delavci in ostali zaposleni, povezali smo se s takratnimi in nekdanjimi u\u010denci, z nekdanjimi u\u010ditelji, s \u0161tevilnimi Polj\u010dan\u010dani in prebivalci okoli\u0161kih krajev. Ustvarjali smo z u\u010denci in zanje, bogatili smo njihova vse\u017eivljenjska znanja in izku\u0161nje.<\/p>\n<p>Pripravili smo novinarsko konferenco, sodelovali z radijskimi postajami, \u010dasopisi, televizijo, bogatili smo \u0161olsko spletno stran.<\/p>\n<p>Poskrbeli smo za publikacijo spremljevalnih gradiv, izid knji\u017eice z ljudsko kulturno zapu\u0161\u010dino Polj\u010dan in okolice, pripravili smo gradivo za obse\u017een zbornik Stezice preteklosti za krila prihodnosti. V njem je bogato fotografsko gradivo, estetska likovna oprema, kar se da objektivno urejeno besedilo o zgodovini polj\u010danske \u0161ole ter zapisi o vseh dogodkih in prireditvah v prazni\u010dnem letu. Odprli smo knjigo vtisov, razpisali nate\u010daj za \u0161olsko himno in dobili besedilo, ki je uglasbeno. \u0160olska himna bo poslej spremljala sve\u010dane trenutke na\u0161e \u0161ole.<\/p>\n<p>Tako je bil uspe\u0161no zaklju\u010den eden najve\u010djih projektov na podro\u010dju \u0161olstva v ob\u010dini Polj\u010dane in eden ve\u010djih v \u0161ir\u0161em okolju. Zanimivo delo, polno izzivov in iskanj, nikdar ni prete\u017eko, \u010de je opravljeno z odli\u010dnimi sodelavci, ki so ustvarjalno in predano pripravljali&nbsp; ter uspe\u0161no izpeljali dogovorjene naloge in svoje podprojekte.<\/p>\n<p>\u0160olsko leto 2008\/2009 je bilo tako le drobna pika na \u010dasovnem traku zemeljske zgodovine, a pomemben zgodovinski mejnik za polj\u010dansko \u0161olo. \u010cas je za vsakega izmed nas enkraten, neponovljiv, pomemben, a tudi omejen. Minevanje pa presega nad\u010dasna ve\u010dnost idej in duha. In prav to dvoje je tesno povezano z zadnjimi dvesto leti na Polj\u010danskem, v katerih je nastala in ostala, se spreminjala in prilagajal ter dozorevala na\u0161a \u0161ola. <strong><em>(Marina Kora\u017eija, vodja projekta praznovanja 200-letnice \u0161olstva na Polj\u010danskem)<\/em><\/strong><\/p>\n<p><a href=\"https:\/\/ospoljcane.si\/nova\/wp-content\/uploads\/2021\/02\/Zbornik-200-let-solstva-v-Poljcanah.pdf\"><strong>STEZICE PRETEKLOSTI ZA KRILA PRIHODNOSTI<\/strong><\/a><\/p>\n<p><strong>VPOGLED<\/strong><\/p>\n<p><strong>V zborniku je predstavljenih <a href=\"https:\/\/ospoljcane.si\/nova\/wp-content\/uploads\/2021\/02\/2_zlozenka.pdf\" target=\"_blank\" rel=\"noopener noreferrer\">20 prireditev<\/a> v prazni\u010dnem \u0161olskem letu 2008\/2009. 20 prireditev za 200 let zgodovine, ki so odmevale v o\u017ejem in \u0161ir\u0161em slovenskem prostoru: <\/strong>Koraj\u017ea velja, Impresije iz u\u010dilne in s platna, <a href=\"https:\/\/ospoljcane.si\/nova\/wp-content\/uploads\/2021\/02\/Od-Spelke-do-luseckih-vil-z-naslovnico.pdf\" target=\"_blank\" rel=\"noopener noreferrer\">Od \u0160pelke do lu\u0161e\u010dkih vil<\/a>, Petelin\u010dek se je o\u017eenil, Prazni\u010dne drobtinice, Rodi se \u010dusto, rodi se pesem, Podarjamo pot v prihodnost, Nekoga mora\u0161 imeti rad, Bog \u017eegnaj hrano in dru\u017eino, Od zvona do \u010di\u010dke, Bistre glave tudi sanjajo, Fotografije zrcalijo pretekle podobe, Brez\u010dasna govorica \u010dopi\u010da, \u0160port skozi \u010das, Ustvarjamo, raziskujemo in potujemo s tokom Dravinje, Stezice preteklosti za krila prihodnosti, Podajmo si besede, Travniki so \u017ee zeleni, s poljskim cvetjem razcveteni, Pesem, poj mi in uradni zaklju\u010dek praznovanja z izidom zbornika Zahvala dana\u0161njim in spomin prihodnjim.<\/p>\n<p><strong>SPOMIN<\/strong><\/p>\n<p><strong>Na straneh Zbornika najdemo zgodovinske podatke, ki nas popeljejo v razli\u010dna obdobja na\u0161e \u0161ole od leta 1809 naprej. Predstavljamo nekaj utrinkov:<\/strong><\/p>\n<p>&#8211; Upravitelj Franc Ranner je opravil izredno pomembno delo, saj je uspel zbrati podatke o dogodkih iz \u017eivljenja in dela \u0161ole vse od ustanovitve leta 1809. V prvi \u0161olski kroniki je zapisal popoln seznam u\u010diteljev od ustanovitve \u0161ole dalje, in to ob pomo\u010di starih, \u017eal izgubljenih \u017eupnijskih kronik. Kroniko je pisal do leta 1899. V svojih zapisih je poudaril, da je bila prva privatna \u0161ola v hi\u0161i kmeta Antona Pre\u0161erna v Polj\u010danah, \u0161t. 44.<\/p>\n<p>&#8211; Leta 1828 so zgradili prvo \u0161olsko poslopje ob cerkvi, ki je kot stanovanjska hi\u0161a ohranjeno \u0161e danes. V tej zgradbi je \u017eivela pisateljica Erna Starovasnik, ki je zapisala znano pravljico Topli potok. Na hi\u0161i je vgrajena spominska plo\u0161\u010da v pisatelji\u010din spomin.<\/p>\n<p>&#8211; Leta 1918 sta se zdru\u017eili \u0161oli iz Zgornjih Polj\u010dan in Pekla. Pouk je potekal samo v slovenskem jeziku. Leta 1920 so na \u0161oli Polj\u010dane imenovali za upravitelja Alojza Krajnca. Za\u010del je pisati \u0161olsko kroniko in jo pisal vse do leta 1941. V tem \u010dasu so bili \u010detrtki pouka prosti. \u0160olsko leto se je za\u010denjalo 3. novembra, zaklju\u010devalo pa 31. avgusta. Leta 1922 so uvedli mati\u010dne liste, naznanila pa zamenjali z izkazom o napredku.<\/p>\n<p>&#8211; \u0160ola v Zgornjih Polj\u010danah je bila temeljito obnovljena, leta 1955 so dobili vodovod. Sanitarna in\u0161pekcija je leta 1956 zahtevala copate za vse u\u010dence, leta 1958 pa so v vseh u\u010dilnicah polo\u017eili parket. Leta 1956 sta se naselji Pekel in Maharska vas preimenovali v Polj\u010dane, dotedanje Polj\u010dane pa v Zgornje Polj\u010dane.<\/p>\n<p>&#8211; V \u0161olskem letu 1963\/1964 je bilo skupaj s podru\u017eni\u010dno \u0161olo Studenice kar 723 otrok. \u0160e vedno so prihajali u\u010denci iz sosednjih krajev: iz Laporja in Lo\u010d, z Zbelovega, Jerneja, s Sladke Gore in iz Lemberga. V tem \u0161olskem letu se je namesto nem\u0161\u010dine, ki se je pou\u010devala od 2. svetovne vojne, za\u010dela pou\u010devati angle\u0161\u010dina.<\/p>\n<p>&#8211; Leta 1969 je bilo prvi\u010d organizirano tekmovanje za Ingoli\u010devo bralno zna\u010dko in \u0161ola Polj\u010dane je bila na tem podro\u010dju prva v ob\u010dini Slovenska Bistrica. Ob 200-letnici \u0161olstva v Polj\u010danah praznujemo tudi 40-letnico bralne zna\u010dke.<\/p>\n<p>&#8211; Januarja 1973 je bilo dograjeno novo \u0161olsko poslopje. Vsi u\u010denci so imeli poslej pouk le dopoldan in vsi pod isto streho. Urejena je bila sodobna kuhinja, ob malicah so za\u010deli pripravljati tudi \u0161olska kosila. \u0160ola je dobila prvo ambulanto \u0161olskega zobozdravnika.<\/p>\n<p>&#8211; V \u0161olskem letu 1975\/1976 je bila ukinjena podru\u017eni\u010dna \u0161ola v Studenicah.<\/p>\n<p>&#8211; V naslednjem \u0161olskem letu je bila uvedena celodnevna \u0161ola, ki naj bi trajala 12 let. Vsi u\u010denci so imeli kosilo v \u0161oli, potreb\u0161\u010dine so pu\u0161\u010dali v \u0161olskih omaricah, uvedene so bile ure samostojnega u\u010denja. U\u010denci predmetne stopnje so imeli pouk od sedmih do pol \u0161tirih popoldne. Prostorska stiska je bila velika, \u0161e posebej je manjkala telovadnica. Star\u0161i in u\u010denci s tak\u0161no \u0161olo niso bili zadovoljni.<\/p>\n<p>&#8211; V \u0161olskem letu 1990\/1991 je bilo uvedeno zunanje preverjanje znanja, potekalo je do leta 2005, ko ga je nadomestilo nacionalno preverjanje znanja. Bilo je obvezno za vse u\u010dence 9. razreda.<\/p>\n<p>&#8211; V \u0161olskem letu 1992\/1993 se je za\u010delo na \u0161oli izvajati zgodnje u\u010denje tujega jezika, sprva v 4., nato \u0161e v 3. razredu. Uvedena so bila tri ocenjevalna obdobja, prej so bila \u0161tiri.<\/p>\n<p>&#8211; Osnovna \u0161ola je za potrebe ra\u010dunalni\u0161kega kro\u017eka iz lastnih sredstev v letu 1984 kupila prvi ra\u010dunalnik. \u017de v naslednjem letu smo na \u0161oli imeli za tiste \u010dase dva sodobna ra\u010dunalnika Commodore64, ki sta za izhodni enoti uporabljala obi\u010dajni televizor in tiskalnik. Prvi\u010d se je na \u0161oli pojavil predmet informatika in ra\u010dunalni\u0161tvo. Za shranjevanje podatkov so se uporabljale enote za kasete in prve 5,25 pal\u010dne diskete. &nbsp;U\u010denci so programirali v programih Basic, Pascal in LOGO. Leta1989 smo na \u0161oli dobili osebni ra\u010dunalnik s procesorjem 80286 in igli\u010dni tiskalnik. Prvo povezavo s spletom smo dosegli v letu 1996.<\/p>\n<p>&#8211; V \u0161olskem letu 2001\/2002 smo vstopili v program 9-letne osnovne \u0161ole. U\u010denci vstopajo v \u0161olo s \u0161estim letom, v prvem razredu je ob u\u010diteljici \u0161e dodatna strokovna delavka, vzgojiteljica. U\u010denci prve triade pu\u0161\u010dajo potreb\u0161\u010dine v \u0161oli, doma\u010dih nalog ni, dovolj \u010dasa in poudarka je za govorjenje, poslu\u0161anje, orientacijo v prostoru, ponavljanje, utrjevanje, individualizacijo, ve\u010d je didakti\u010dnih iger.<\/p>\n<p>&#8211; \u0160olska spletna stran je bila vzpostavljena v \u0161olskem letu 2006\/2007. Na spletni strani \u0161ole objavljamo novice, fotografije, obvestila za u\u010dence in star\u0161e, poro\u010dila o delu \u0161ole, letni delovni na\u010drt \u2026<\/p>\n<p>&#8211; Raziskovalno delo je ena izmed stalnic na\u0161e \u0161ole. Spreminjajo se teme in na\u010dini dela, \u0161tevilne raziskovalne naloge pa so bile nagrajene na dr\u017eavnem nivoju. U\u010denci se vsa leta udele\u017eujejo tekmovanj na ravni \u0161ole, regije in dr\u017eave. Ob sodelovanju z mentorji tekmujejo na podro\u010dju matematike, sloven\u0161\u010dine, angle\u0161\u010dine, nem\u0161\u010dine, ra\u010dunalni\u0161tva, logike, kemije, fizike, zgodovine, biologije, vesele \u0161ole, astronomije, znanja o sladkorni bolezni, \u0161aha, \u0161porta.<\/p>\n<p><em>Urednica zbornika Stezice preteklosti za krila prihodnosti in vodja projekta praznovanja 200-letnice \u0161olstva na Polj\u010danskem Marina Kora\u017eija<\/em><\/p>\t\t\t\t\t\t\t\t<\/div>\n\t\t\t\t<\/div>\n\t\t\t\t\t<\/div>\n\t\t<\/div>\n\t\t\t\t\t<\/div>\n\t\t<\/section>\n\t\t\t\t<\/div>\n\t\t","protected":false},"excerpt":{"rendered":"<p>Praznovanje 200-letnice \u0161olstva na Polj\u010danskem se je za\u010delo v \u0161olskem letu 2008\/2009. Rimski filozof in u\u010ditelj Avrelij Avgu\u0161tin je zapisal: Sedanjost glede preteklosti je SPOMIN, &hellip; <\/p>\n","protected":false},"author":1,"featured_media":0,"parent":0,"menu_order":0,"comment_status":"closed","ping_status":"closed","template":"","meta":{"footnotes":""},"class_list":["post-2745","page","type-page","status-publish","hentry","image-hover-transition-effect","latest_post"],"yoast_head":"<!-- This site is optimized with the Yoast SEO plugin v27.3 - https:\/\/yoast.com\/product\/yoast-seo-wordpress\/ -->\n<title>Praznovanje 200-letnice \u0161olstva na Polj\u010danskem - Osnovna \u0161ola Kajetana Kovi\u010da Polj\u010dane<\/title>\n<meta name=\"robots\" content=\"index, follow, max-snippet:-1, max-image-preview:large, max-video-preview:-1\" \/>\n<link rel=\"canonical\" href=\"https:\/\/ospoljcane.si\/nova\/praznovanje-200-letnice-solstva-na-poljcanskem\/\" \/>\n<meta property=\"og:locale\" content=\"sl_SI\" \/>\n<meta property=\"og:type\" content=\"article\" \/>\n<meta property=\"og:title\" content=\"Praznovanje 200-letnice \u0161olstva na Polj\u010danskem - Osnovna \u0161ola Kajetana Kovi\u010da Polj\u010dane\" \/>\n<meta property=\"og:description\" content=\"Praznovanje 200-letnice \u0161olstva na Polj\u010danskem se je za\u010delo v \u0161olskem letu 2008\/2009. Rimski filozof in u\u010ditelj Avrelij Avgu\u0161tin je zapisal: Sedanjost glede preteklosti je SPOMIN, &hellip;\" \/>\n<meta property=\"og:url\" content=\"https:\/\/ospoljcane.si\/nova\/praznovanje-200-letnice-solstva-na-poljcanskem\/\" \/>\n<meta property=\"og:site_name\" content=\"Osnovna \u0161ola Kajetana Kovi\u010da Polj\u010dane\" \/>\n<meta property=\"article:modified_time\" content=\"2023-07-07T14:27:45+00:00\" \/>\n<meta name=\"twitter:card\" content=\"summary_large_image\" \/>\n<meta name=\"twitter:label1\" content=\"Est. reading time\" \/>\n\t<meta name=\"twitter:data1\" content=\"10 minut\" \/>\n<script type=\"application\/ld+json\" class=\"yoast-schema-graph\">{\"@context\":\"https:\\\/\\\/schema.org\",\"@graph\":[{\"@type\":\"WebPage\",\"@id\":\"https:\\\/\\\/ospoljcane.si\\\/nova\\\/praznovanje-200-letnice-solstva-na-poljcanskem\\\/\",\"url\":\"https:\\\/\\\/ospoljcane.si\\\/nova\\\/praznovanje-200-letnice-solstva-na-poljcanskem\\\/\",\"name\":\"Praznovanje 200-letnice \u0161olstva na Polj\u010danskem - Osnovna \u0161ola Kajetana Kovi\u010da Polj\u010dane\",\"isPartOf\":{\"@id\":\"https:\\\/\\\/ospoljcane.si\\\/nova\\\/#website\"},\"datePublished\":\"2021-02-01T14:14:13+00:00\",\"dateModified\":\"2023-07-07T14:27:45+00:00\",\"breadcrumb\":{\"@id\":\"https:\\\/\\\/ospoljcane.si\\\/nova\\\/praznovanje-200-letnice-solstva-na-poljcanskem\\\/#breadcrumb\"},\"inLanguage\":\"sl-SI\",\"potentialAction\":[{\"@type\":\"ReadAction\",\"target\":[\"https:\\\/\\\/ospoljcane.si\\\/nova\\\/praznovanje-200-letnice-solstva-na-poljcanskem\\\/\"]}]},{\"@type\":\"BreadcrumbList\",\"@id\":\"https:\\\/\\\/ospoljcane.si\\\/nova\\\/praznovanje-200-letnice-solstva-na-poljcanskem\\\/#breadcrumb\",\"itemListElement\":[{\"@type\":\"ListItem\",\"position\":1,\"name\":\"Domov\",\"item\":\"https:\\\/\\\/ospoljcane.si\\\/nova\\\/\"},{\"@type\":\"ListItem\",\"position\":2,\"name\":\"Praznovanje 200-letnice \u0161olstva na Polj\u010danskem\"}]},{\"@type\":\"WebSite\",\"@id\":\"https:\\\/\\\/ospoljcane.si\\\/nova\\\/#website\",\"url\":\"https:\\\/\\\/ospoljcane.si\\\/nova\\\/\",\"name\":\"Osnovna \u0161ola Kajetana Kovi\u010da Polj\u010dane\",\"description\":\"\",\"publisher\":{\"@id\":\"https:\\\/\\\/ospoljcane.si\\\/nova\\\/#organization\"},\"potentialAction\":[{\"@type\":\"SearchAction\",\"target\":{\"@type\":\"EntryPoint\",\"urlTemplate\":\"https:\\\/\\\/ospoljcane.si\\\/nova\\\/?s={search_term_string}\"},\"query-input\":{\"@type\":\"PropertyValueSpecification\",\"valueRequired\":true,\"valueName\":\"search_term_string\"}}],\"inLanguage\":\"sl-SI\"},{\"@type\":\"Organization\",\"@id\":\"https:\\\/\\\/ospoljcane.si\\\/nova\\\/#organization\",\"name\":\"Osnovna \u0161ola Kajetana Kovi\u010da Polj\u010dane\",\"url\":\"https:\\\/\\\/ospoljcane.si\\\/nova\\\/\",\"logo\":{\"@type\":\"ImageObject\",\"inLanguage\":\"sl-SI\",\"@id\":\"https:\\\/\\\/ospoljcane.si\\\/nova\\\/#\\\/schema\\\/logo\\\/image\\\/\",\"url\":\"https:\\\/\\\/ospoljcane.si\\\/nova\\\/wp-content\\\/uploads\\\/2020\\\/12\\\/cropped-cropped-Logotip-sole-2016_3G-1-1.png\",\"contentUrl\":\"https:\\\/\\\/ospoljcane.si\\\/nova\\\/wp-content\\\/uploads\\\/2020\\\/12\\\/cropped-cropped-Logotip-sole-2016_3G-1-1.png\",\"width\":512,\"height\":512,\"caption\":\"Osnovna \u0161ola Kajetana Kovi\u010da Polj\u010dane\"},\"image\":{\"@id\":\"https:\\\/\\\/ospoljcane.si\\\/nova\\\/#\\\/schema\\\/logo\\\/image\\\/\"}}]}<\/script>\n<!-- \/ Yoast SEO plugin. -->","yoast_head_json":{"title":"Praznovanje 200-letnice \u0161olstva na Polj\u010danskem - Osnovna \u0161ola Kajetana Kovi\u010da Polj\u010dane","robots":{"index":"index","follow":"follow","max-snippet":"max-snippet:-1","max-image-preview":"max-image-preview:large","max-video-preview":"max-video-preview:-1"},"canonical":"https:\/\/ospoljcane.si\/nova\/praznovanje-200-letnice-solstva-na-poljcanskem\/","og_locale":"sl_SI","og_type":"article","og_title":"Praznovanje 200-letnice \u0161olstva na Polj\u010danskem - Osnovna \u0161ola Kajetana Kovi\u010da Polj\u010dane","og_description":"Praznovanje 200-letnice \u0161olstva na Polj\u010danskem se je za\u010delo v \u0161olskem letu 2008\/2009. Rimski filozof in u\u010ditelj Avrelij Avgu\u0161tin je zapisal: Sedanjost glede preteklosti je SPOMIN, &hellip;","og_url":"https:\/\/ospoljcane.si\/nova\/praznovanje-200-letnice-solstva-na-poljcanskem\/","og_site_name":"Osnovna \u0161ola Kajetana Kovi\u010da Polj\u010dane","article_modified_time":"2023-07-07T14:27:45+00:00","twitter_card":"summary_large_image","twitter_misc":{"Est. reading time":"10 minut"},"schema":{"@context":"https:\/\/schema.org","@graph":[{"@type":"WebPage","@id":"https:\/\/ospoljcane.si\/nova\/praznovanje-200-letnice-solstva-na-poljcanskem\/","url":"https:\/\/ospoljcane.si\/nova\/praznovanje-200-letnice-solstva-na-poljcanskem\/","name":"Praznovanje 200-letnice \u0161olstva na Polj\u010danskem - Osnovna \u0161ola Kajetana Kovi\u010da Polj\u010dane","isPartOf":{"@id":"https:\/\/ospoljcane.si\/nova\/#website"},"datePublished":"2021-02-01T14:14:13+00:00","dateModified":"2023-07-07T14:27:45+00:00","breadcrumb":{"@id":"https:\/\/ospoljcane.si\/nova\/praznovanje-200-letnice-solstva-na-poljcanskem\/#breadcrumb"},"inLanguage":"sl-SI","potentialAction":[{"@type":"ReadAction","target":["https:\/\/ospoljcane.si\/nova\/praznovanje-200-letnice-solstva-na-poljcanskem\/"]}]},{"@type":"BreadcrumbList","@id":"https:\/\/ospoljcane.si\/nova\/praznovanje-200-letnice-solstva-na-poljcanskem\/#breadcrumb","itemListElement":[{"@type":"ListItem","position":1,"name":"Domov","item":"https:\/\/ospoljcane.si\/nova\/"},{"@type":"ListItem","position":2,"name":"Praznovanje 200-letnice \u0161olstva na Polj\u010danskem"}]},{"@type":"WebSite","@id":"https:\/\/ospoljcane.si\/nova\/#website","url":"https:\/\/ospoljcane.si\/nova\/","name":"Osnovna \u0161ola Kajetana Kovi\u010da Polj\u010dane","description":"","publisher":{"@id":"https:\/\/ospoljcane.si\/nova\/#organization"},"potentialAction":[{"@type":"SearchAction","target":{"@type":"EntryPoint","urlTemplate":"https:\/\/ospoljcane.si\/nova\/?s={search_term_string}"},"query-input":{"@type":"PropertyValueSpecification","valueRequired":true,"valueName":"search_term_string"}}],"inLanguage":"sl-SI"},{"@type":"Organization","@id":"https:\/\/ospoljcane.si\/nova\/#organization","name":"Osnovna \u0161ola Kajetana Kovi\u010da Polj\u010dane","url":"https:\/\/ospoljcane.si\/nova\/","logo":{"@type":"ImageObject","inLanguage":"sl-SI","@id":"https:\/\/ospoljcane.si\/nova\/#\/schema\/logo\/image\/","url":"https:\/\/ospoljcane.si\/nova\/wp-content\/uploads\/2020\/12\/cropped-cropped-Logotip-sole-2016_3G-1-1.png","contentUrl":"https:\/\/ospoljcane.si\/nova\/wp-content\/uploads\/2020\/12\/cropped-cropped-Logotip-sole-2016_3G-1-1.png","width":512,"height":512,"caption":"Osnovna \u0161ola Kajetana Kovi\u010da Polj\u010dane"},"image":{"@id":"https:\/\/ospoljcane.si\/nova\/#\/schema\/logo\/image\/"}}]}},"_links":{"self":[{"href":"https:\/\/ospoljcane.si\/nova\/wp-json\/wp\/v2\/pages\/2745","targetHints":{"allow":["GET"]}}],"collection":[{"href":"https:\/\/ospoljcane.si\/nova\/wp-json\/wp\/v2\/pages"}],"about":[{"href":"https:\/\/ospoljcane.si\/nova\/wp-json\/wp\/v2\/types\/page"}],"author":[{"embeddable":true,"href":"https:\/\/ospoljcane.si\/nova\/wp-json\/wp\/v2\/users\/1"}],"replies":[{"embeddable":true,"href":"https:\/\/ospoljcane.si\/nova\/wp-json\/wp\/v2\/comments?post=2745"}],"version-history":[{"count":32,"href":"https:\/\/ospoljcane.si\/nova\/wp-json\/wp\/v2\/pages\/2745\/revisions"}],"predecessor-version":[{"id":15412,"href":"https:\/\/ospoljcane.si\/nova\/wp-json\/wp\/v2\/pages\/2745\/revisions\/15412"}],"wp:attachment":[{"href":"https:\/\/ospoljcane.si\/nova\/wp-json\/wp\/v2\/media?parent=2745"}],"curies":[{"name":"wp","href":"https:\/\/api.w.org\/{rel}","templated":true}]}}