{"id":265,"date":"2020-11-27T13:21:30","date_gmt":"2020-11-27T13:21:30","guid":{"rendered":"http:\/\/ospoljcane.si\/nova\/?page_id=265"},"modified":"2023-03-05T16:24:13","modified_gmt":"2023-03-05T15:24:13","slug":"zbiranje-in-obdelava-osebnih-podatkov","status":"publish","type":"page","link":"https:\/\/ospoljcane.si\/nova\/o-soli\/zakonodaja\/zbiranje-in-obdelava-osebnih-podatkov\/","title":{"rendered":"Zbiranje in obdelava osebnih podatkov"},"content":{"rendered":"\t\t<div data-elementor-type=\"wp-page\" data-elementor-id=\"265\" class=\"elementor elementor-265\" data-elementor-post-type=\"page\">\n\t\t\t\t\t\t<section class=\"elementor-section elementor-top-section elementor-element elementor-element-8fe239b elementor-section-boxed elementor-section-height-default elementor-section-height-default\" data-id=\"8fe239b\" data-element_type=\"section\" data-e-type=\"section\">\n\t\t\t\t\t\t<div class=\"elementor-container elementor-column-gap-default\">\n\t\t\t\t\t<div class=\"elementor-column elementor-col-100 elementor-top-column elementor-element elementor-element-a617440\" data-id=\"a617440\" data-element_type=\"column\" data-e-type=\"column\">\n\t\t\t<div class=\"elementor-widget-wrap elementor-element-populated\">\n\t\t\t\t\t\t<div class=\"elementor-element elementor-element-6f9ff3d4 elementor-widget elementor-widget-text-editor\" data-id=\"6f9ff3d4\" data-element_type=\"widget\" data-e-type=\"widget\" data-widget_type=\"text-editor.default\">\n\t\t\t\t<div class=\"elementor-widget-container\">\n\t\t\t\t\t\t\t\t\t<p><em>Na podlagi dolo\u010db Uredbe (EU) 2016\/679 Evropskega Parlamenta in Sveta z dne 27. 4. 2016 o varstvu posameznikov pri obdelavi osebnih podatkov in o prostem pretoku takih podatkov, ter o razveljavitvi Direktive 95\/46\/ES (v nadaljevanju: Splo\u0161na uredba), 25. \u010dlena Zakona o varstvu osebnih podatkov (Ur. l. RS, \u0161t. 94\/07-UPB1; ZVOP-1), 49. \u010dlena Zakona o organizaciji in financiranju vzgoje in izobra\u017eevanja (Ur.l. \u0161t. 16\/07 UPB5, 36\/08, 58\/09 (64\/09 popr. in 65\/09 popr.),\u00a020\/11,\u00a040\/12-ZUJF\u00a0in 57\/12-ZPCP-2D, 47\/15, 46\/16 (49\/16 popr.) &#8211; ZOFVI),\u00a0<strong>48. \u010dlena Zakona o delovnih razmerjih<\/strong><strong>\u00a0<\/strong>(Ur. l. RS, \u0161t. 42\/02, 79\/06 \u2013 ZZZPB-F, 103\/07, 45\/08 \u2013 ZArbit in 21\/13 \u2013 ZDR\/1), 95. \u010dlena\u00a0Zakona o osnovni \u0161oli (Ur.l. \u0161t. 81\/06 UPB3, 102\/07, 107\/10, \u00a087\/11, 40\/12-ZUJF in 63\/13 in 46\/16 \u2013 ZOFVI-K), ter\u00a0 4. \u010dlena Pravilnika o zbiranju in\u00a0varstvu osebnih podatkov na podro\u010dju osnovno\u0161olskega izobra\u017eevanja (Ur. l. RS, \u0161t. 80\/2004 in 76\/08),\u00a0\u00a0osnovna \u0161ola zbira, obdeluje, shranjuje, posreduje in uporablja podatke, vsebovane v zbirkah podatkov v skladu s predpisi o varstvu osebnih podatkov.<\/em><\/p><h3>Dokumenti<\/h3><p><a href=\"https:\/\/ospoljcane.si\/nova\/wp-content\/uploads\/2023\/03\/ORGANOGRAM-sole-2023-.pdf\">Organogram \u0161ole 2023<\/a><\/p><p><a href=\"https:\/\/ospoljcane.si\/nova\/wp-content\/uploads\/2023\/03\/GDPR-informacije-posameznikom-CZPP-osnovna-sola-2023.pdf\">Informacije o obdelavi osebnih podatkov za posameznike 2023<\/a><\/p><p><a href=\"https:\/\/ospoljcane.si\/nova\/wp-content\/uploads\/2023\/03\/KATALOG-INFORMACIJ-javnega-znacaja-posodobljen-2019-2.pdf\">Katalog informacij javnega zna\u010daja<\/a><\/p><p><a href=\"https:\/\/ospoljcane.si\/nova\/wp-content\/uploads\/2023\/03\/Pravilnik-o-zbiranju-in-zavarovanju-osebnih-podatkov-OS-2023.pdf\">Pravilnik o zbiranju, obdelavi in zavarovanju osebnih podatkov 2023<\/a><\/p><p><a href=\"https:\/\/ospoljcane.si\/nova\/wp-content\/uploads\/2023\/03\/EVIDENCA-dejavnosti-obdelave-2023.pdf\">Evidenca dejavnosti obdelave osebnih podatkov &#8211; 2023<\/a><\/p>\t\t\t\t\t\t\t\t<\/div>\n\t\t\t\t<\/div>\n\t\t\t\t\t<\/div>\n\t\t<\/div>\n\t\t\t\t\t<\/div>\n\t\t<\/section>\n\t\t\t\t<\/div>\n\t\t","protected":false},"excerpt":{"rendered":"<p>Na podlagi dolo\u010db Uredbe (EU) 2016\/679 Evropskega Parlamenta in Sveta z dne 27. 4. 2016 o varstvu posameznikov pri obdelavi osebnih podatkov in o prostem &hellip; <\/p>\n","protected":false},"author":1,"featured_media":0,"parent":259,"menu_order":0,"comment_status":"closed","ping_status":"closed","template":"","meta":{"footnotes":""},"class_list":["post-265","page","type-page","status-publish","hentry","image-hover-transition-effect","latest_post"],"yoast_head":"<!-- This site is optimized with the Yoast SEO plugin v27.3 - https:\/\/yoast.com\/product\/yoast-seo-wordpress\/ -->\n<title>Zbiranje in obdelava osebnih podatkov - Osnovna \u0161ola Kajetana Kovi\u010da Polj\u010dane<\/title>\n<meta name=\"robots\" content=\"index, follow, max-snippet:-1, max-image-preview:large, max-video-preview:-1\" \/>\n<link rel=\"canonical\" href=\"https:\/\/ospoljcane.si\/nova\/o-soli\/zakonodaja\/zbiranje-in-obdelava-osebnih-podatkov\/\" \/>\n<meta property=\"og:locale\" content=\"sl_SI\" \/>\n<meta property=\"og:type\" content=\"article\" \/>\n<meta property=\"og:title\" content=\"Zbiranje in obdelava osebnih podatkov - Osnovna \u0161ola Kajetana Kovi\u010da Polj\u010dane\" \/>\n<meta property=\"og:description\" content=\"Na podlagi dolo\u010db Uredbe (EU) 2016\/679 Evropskega Parlamenta in Sveta z dne 27. 4. 2016 o varstvu posameznikov pri obdelavi osebnih podatkov in o prostem &hellip;\" \/>\n<meta property=\"og:url\" content=\"https:\/\/ospoljcane.si\/nova\/o-soli\/zakonodaja\/zbiranje-in-obdelava-osebnih-podatkov\/\" \/>\n<meta property=\"og:site_name\" content=\"Osnovna \u0161ola Kajetana Kovi\u010da Polj\u010dane\" \/>\n<meta property=\"article:modified_time\" content=\"2023-03-05T15:24:13+00:00\" \/>\n<meta name=\"twitter:card\" content=\"summary_large_image\" \/>\n<meta name=\"twitter:label1\" content=\"Est. reading time\" \/>\n\t<meta name=\"twitter:data1\" content=\"1 minuta\" \/>\n<script type=\"application\/ld+json\" class=\"yoast-schema-graph\">{\"@context\":\"https:\\\/\\\/schema.org\",\"@graph\":[{\"@type\":\"WebPage\",\"@id\":\"https:\\\/\\\/ospoljcane.si\\\/nova\\\/o-soli\\\/zakonodaja\\\/zbiranje-in-obdelava-osebnih-podatkov\\\/\",\"url\":\"https:\\\/\\\/ospoljcane.si\\\/nova\\\/o-soli\\\/zakonodaja\\\/zbiranje-in-obdelava-osebnih-podatkov\\\/\",\"name\":\"Zbiranje in obdelava osebnih podatkov - Osnovna \u0161ola Kajetana Kovi\u010da Polj\u010dane\",\"isPartOf\":{\"@id\":\"https:\\\/\\\/ospoljcane.si\\\/nova\\\/#website\"},\"datePublished\":\"2020-11-27T13:21:30+00:00\",\"dateModified\":\"2023-03-05T15:24:13+00:00\",\"breadcrumb\":{\"@id\":\"https:\\\/\\\/ospoljcane.si\\\/nova\\\/o-soli\\\/zakonodaja\\\/zbiranje-in-obdelava-osebnih-podatkov\\\/#breadcrumb\"},\"inLanguage\":\"sl-SI\",\"potentialAction\":[{\"@type\":\"ReadAction\",\"target\":[\"https:\\\/\\\/ospoljcane.si\\\/nova\\\/o-soli\\\/zakonodaja\\\/zbiranje-in-obdelava-osebnih-podatkov\\\/\"]}]},{\"@type\":\"BreadcrumbList\",\"@id\":\"https:\\\/\\\/ospoljcane.si\\\/nova\\\/o-soli\\\/zakonodaja\\\/zbiranje-in-obdelava-osebnih-podatkov\\\/#breadcrumb\",\"itemListElement\":[{\"@type\":\"ListItem\",\"position\":1,\"name\":\"Domov\",\"item\":\"https:\\\/\\\/ospoljcane.si\\\/nova\\\/\"},{\"@type\":\"ListItem\",\"position\":2,\"name\":\"O \u0161oli\",\"item\":\"https:\\\/\\\/ospoljcane.si\\\/nova\\\/o-soli\\\/\"},{\"@type\":\"ListItem\",\"position\":3,\"name\":\"Zakonodaja\",\"item\":\"https:\\\/\\\/ospoljcane.si\\\/nova\\\/o-soli\\\/zakonodaja\\\/\"},{\"@type\":\"ListItem\",\"position\":4,\"name\":\"Zbiranje in obdelava osebnih podatkov\"}]},{\"@type\":\"WebSite\",\"@id\":\"https:\\\/\\\/ospoljcane.si\\\/nova\\\/#website\",\"url\":\"https:\\\/\\\/ospoljcane.si\\\/nova\\\/\",\"name\":\"Osnovna \u0161ola Kajetana Kovi\u010da Polj\u010dane\",\"description\":\"\",\"publisher\":{\"@id\":\"https:\\\/\\\/ospoljcane.si\\\/nova\\\/#organization\"},\"potentialAction\":[{\"@type\":\"SearchAction\",\"target\":{\"@type\":\"EntryPoint\",\"urlTemplate\":\"https:\\\/\\\/ospoljcane.si\\\/nova\\\/?s={search_term_string}\"},\"query-input\":{\"@type\":\"PropertyValueSpecification\",\"valueRequired\":true,\"valueName\":\"search_term_string\"}}],\"inLanguage\":\"sl-SI\"},{\"@type\":\"Organization\",\"@id\":\"https:\\\/\\\/ospoljcane.si\\\/nova\\\/#organization\",\"name\":\"Osnovna \u0161ola Kajetana Kovi\u010da Polj\u010dane\",\"url\":\"https:\\\/\\\/ospoljcane.si\\\/nova\\\/\",\"logo\":{\"@type\":\"ImageObject\",\"inLanguage\":\"sl-SI\",\"@id\":\"https:\\\/\\\/ospoljcane.si\\\/nova\\\/#\\\/schema\\\/logo\\\/image\\\/\",\"url\":\"https:\\\/\\\/ospoljcane.si\\\/nova\\\/wp-content\\\/uploads\\\/2020\\\/12\\\/cropped-cropped-Logotip-sole-2016_3G-1-1.png\",\"contentUrl\":\"https:\\\/\\\/ospoljcane.si\\\/nova\\\/wp-content\\\/uploads\\\/2020\\\/12\\\/cropped-cropped-Logotip-sole-2016_3G-1-1.png\",\"width\":512,\"height\":512,\"caption\":\"Osnovna \u0161ola Kajetana Kovi\u010da Polj\u010dane\"},\"image\":{\"@id\":\"https:\\\/\\\/ospoljcane.si\\\/nova\\\/#\\\/schema\\\/logo\\\/image\\\/\"}}]}<\/script>\n<!-- \/ Yoast SEO plugin. -->","yoast_head_json":{"title":"Zbiranje in obdelava osebnih podatkov - Osnovna \u0161ola Kajetana Kovi\u010da Polj\u010dane","robots":{"index":"index","follow":"follow","max-snippet":"max-snippet:-1","max-image-preview":"max-image-preview:large","max-video-preview":"max-video-preview:-1"},"canonical":"https:\/\/ospoljcane.si\/nova\/o-soli\/zakonodaja\/zbiranje-in-obdelava-osebnih-podatkov\/","og_locale":"sl_SI","og_type":"article","og_title":"Zbiranje in obdelava osebnih podatkov - Osnovna \u0161ola Kajetana Kovi\u010da Polj\u010dane","og_description":"Na podlagi dolo\u010db Uredbe (EU) 2016\/679 Evropskega Parlamenta in Sveta z dne 27. 4. 2016 o varstvu posameznikov pri obdelavi osebnih podatkov in o prostem &hellip;","og_url":"https:\/\/ospoljcane.si\/nova\/o-soli\/zakonodaja\/zbiranje-in-obdelava-osebnih-podatkov\/","og_site_name":"Osnovna \u0161ola Kajetana Kovi\u010da Polj\u010dane","article_modified_time":"2023-03-05T15:24:13+00:00","twitter_card":"summary_large_image","twitter_misc":{"Est. reading time":"1 minuta"},"schema":{"@context":"https:\/\/schema.org","@graph":[{"@type":"WebPage","@id":"https:\/\/ospoljcane.si\/nova\/o-soli\/zakonodaja\/zbiranje-in-obdelava-osebnih-podatkov\/","url":"https:\/\/ospoljcane.si\/nova\/o-soli\/zakonodaja\/zbiranje-in-obdelava-osebnih-podatkov\/","name":"Zbiranje in obdelava osebnih podatkov - Osnovna \u0161ola Kajetana Kovi\u010da Polj\u010dane","isPartOf":{"@id":"https:\/\/ospoljcane.si\/nova\/#website"},"datePublished":"2020-11-27T13:21:30+00:00","dateModified":"2023-03-05T15:24:13+00:00","breadcrumb":{"@id":"https:\/\/ospoljcane.si\/nova\/o-soli\/zakonodaja\/zbiranje-in-obdelava-osebnih-podatkov\/#breadcrumb"},"inLanguage":"sl-SI","potentialAction":[{"@type":"ReadAction","target":["https:\/\/ospoljcane.si\/nova\/o-soli\/zakonodaja\/zbiranje-in-obdelava-osebnih-podatkov\/"]}]},{"@type":"BreadcrumbList","@id":"https:\/\/ospoljcane.si\/nova\/o-soli\/zakonodaja\/zbiranje-in-obdelava-osebnih-podatkov\/#breadcrumb","itemListElement":[{"@type":"ListItem","position":1,"name":"Domov","item":"https:\/\/ospoljcane.si\/nova\/"},{"@type":"ListItem","position":2,"name":"O \u0161oli","item":"https:\/\/ospoljcane.si\/nova\/o-soli\/"},{"@type":"ListItem","position":3,"name":"Zakonodaja","item":"https:\/\/ospoljcane.si\/nova\/o-soli\/zakonodaja\/"},{"@type":"ListItem","position":4,"name":"Zbiranje in obdelava osebnih podatkov"}]},{"@type":"WebSite","@id":"https:\/\/ospoljcane.si\/nova\/#website","url":"https:\/\/ospoljcane.si\/nova\/","name":"Osnovna \u0161ola Kajetana Kovi\u010da Polj\u010dane","description":"","publisher":{"@id":"https:\/\/ospoljcane.si\/nova\/#organization"},"potentialAction":[{"@type":"SearchAction","target":{"@type":"EntryPoint","urlTemplate":"https:\/\/ospoljcane.si\/nova\/?s={search_term_string}"},"query-input":{"@type":"PropertyValueSpecification","valueRequired":true,"valueName":"search_term_string"}}],"inLanguage":"sl-SI"},{"@type":"Organization","@id":"https:\/\/ospoljcane.si\/nova\/#organization","name":"Osnovna \u0161ola Kajetana Kovi\u010da Polj\u010dane","url":"https:\/\/ospoljcane.si\/nova\/","logo":{"@type":"ImageObject","inLanguage":"sl-SI","@id":"https:\/\/ospoljcane.si\/nova\/#\/schema\/logo\/image\/","url":"https:\/\/ospoljcane.si\/nova\/wp-content\/uploads\/2020\/12\/cropped-cropped-Logotip-sole-2016_3G-1-1.png","contentUrl":"https:\/\/ospoljcane.si\/nova\/wp-content\/uploads\/2020\/12\/cropped-cropped-Logotip-sole-2016_3G-1-1.png","width":512,"height":512,"caption":"Osnovna \u0161ola Kajetana Kovi\u010da Polj\u010dane"},"image":{"@id":"https:\/\/ospoljcane.si\/nova\/#\/schema\/logo\/image\/"}}]}},"_links":{"self":[{"href":"https:\/\/ospoljcane.si\/nova\/wp-json\/wp\/v2\/pages\/265","targetHints":{"allow":["GET"]}}],"collection":[{"href":"https:\/\/ospoljcane.si\/nova\/wp-json\/wp\/v2\/pages"}],"about":[{"href":"https:\/\/ospoljcane.si\/nova\/wp-json\/wp\/v2\/types\/page"}],"author":[{"embeddable":true,"href":"https:\/\/ospoljcane.si\/nova\/wp-json\/wp\/v2\/users\/1"}],"replies":[{"embeddable":true,"href":"https:\/\/ospoljcane.si\/nova\/wp-json\/wp\/v2\/comments?post=265"}],"version-history":[{"count":21,"href":"https:\/\/ospoljcane.si\/nova\/wp-json\/wp\/v2\/pages\/265\/revisions"}],"predecessor-version":[{"id":13077,"href":"https:\/\/ospoljcane.si\/nova\/wp-json\/wp\/v2\/pages\/265\/revisions\/13077"}],"up":[{"embeddable":true,"href":"https:\/\/ospoljcane.si\/nova\/wp-json\/wp\/v2\/pages\/259"}],"wp:attachment":[{"href":"https:\/\/ospoljcane.si\/nova\/wp-json\/wp\/v2\/media?parent=265"}],"curies":[{"name":"wp","href":"https:\/\/api.w.org\/{rel}","templated":true}]}}