{"id":247,"date":"2020-11-27T13:12:07","date_gmt":"2020-11-27T13:12:07","guid":{"rendered":"http:\/\/ospoljcane.si\/nova\/?page_id=247"},"modified":"2025-09-16T11:16:36","modified_gmt":"2025-09-16T09:16:36","slug":"delovanje-solskega-sklada","status":"publish","type":"page","link":"https:\/\/ospoljcane.si\/nova\/delovanje-solskega-sklada\/","title":{"rendered":"O  \u0160olskem skladu Osnovne \u0161ole Kajetana Kovi\u010da Polj\u010dane"},"content":{"rendered":"<p><strong>O\u00a0 \u0160olskem skladu O\u0160 Kajetana Kovi\u010da Polj\u010dane<\/strong><\/p>\n<p><strong>NAMEN \u0161olskega sklada je:<\/strong><\/p>\n<ul>\n<li>financiranje dejavnosti, ki niso sestavina izobra\u017eevalnega programa, oziroma se ne financirajo iz javnih sredstev,<\/li>\n<li>nakup nadstandardne opreme in zvi\u0161evanje standarda pouka,<\/li>\n<li>zagotavljanje sredstev za spodbujanje razvojne in raziskovalne dejavnosti u\u010dencev,<\/li>\n<li>pomo\u010d socialno \u0161ibkim,<\/li>\n<li>pomo\u010d za udele\u017ebo u\u010dencev iz socialno manj vzpodbudnih okolij na dejavnostih, ki so povezane z izvajanjem javno veljavnega programa, vendar se ne financirajo v celoti iz javnih sredstev, \u010de se na ta na\u010din zagotavljajo enake mo\u017enosti.<\/li>\n<\/ul>\n<p><strong>\u0160olski sklad PRIDOBIVA SREDSTVA iz: <\/strong><\/p>\n<ul>\n<li>prispevkov star\u0161ev, ob\u010danov, donacij, zapu\u0161\u010din in iz drugih virov (npr. iz prostovoljnih prispevkov doma\u010dih in tujih fizi\u010dnih ter pravnih oseb, iz prostovoljnih prispevkov zbiralnih akcij u\u010dencev, prihodkov prostovoljnih prispevkov za izdelke u\u010dencev na sejmih, prihodkov dela tr\u017ene dejavnosti zavoda, ipd.).<\/li>\n<li>sklad lahko pridobiva sredstva tudi iz naslova donacij posameznega rezidenta iz namenitve dela dohodnine za posamezno leto, in sicer do najve\u010d 0,3 %.<\/li>\n<\/ul>\n<p><strong>\u00a0<\/strong><\/p>\n<p><strong>\u0160OLSKI SKLAD DELUJE<\/strong>\u00a0v skladu s Pravili o delovanju \u0160olskega sklada Osnovne \u0161ole Kajetana Kovi\u010da Polj\u010dane, ki so bila sprejeta 23. 12. 2021.<\/p>\n<p><strong>\u0160OLSKI SKLAD UPRAVLJA<\/strong> Upravni odbor.<\/p>\n<p><strong>\u010clani upravnega odbora \u0160olskega sklada so<\/strong>:<\/p>\n<table style=\"height: 147px;\" width=\"1025\">\n<tbody>\n<tr>\n<td width=\"302\">Predstavniki \u0161ole<\/td>\n<td width=\"331\">Predstavniki star\u0161ev<\/td>\n<\/tr>\n<tr>\n<td width=\"302\">Sekirnik Nina, Krajnc Darja, Motaln Mojca (od 1. 4. 2025)<\/td>\n<td width=\"331\">Brdnik Petra(predsednica, od 1. 4. 2025), Najvirt Bo\u0161tjan (od 1. 9. 2023), Stegne Katja, Gros Hrastnik Karmen (od 1. 4. 2025\u00a0 do 31. 9. 2029)<\/td>\n<\/tr>\n<\/tbody>\n<\/table>\n<ol>\n<li>\u0160olski sklad <strong>RAZDELI SREDSTVA <\/strong>na osnovi Programa dela \u0161olskega sklada. Program dela \u0161olskega sklada najdete <a href=\"https:\/\/ospoljcane.si\/nova\/wp-content\/uploads\/2024\/11\/PROGRAM-dela-do-31.-8.-2025.pdf\">tukaj<\/a>.<\/li>\n<\/ol>\n<p>&nbsp;<\/p>\n<p>Star\u0161i,\u00a0 izpolnite vlogo za pridobitev sredstev. Oddajte jo osebno v svetovalni slu\u017ebi ali v tajni\u0161tvu. Lahko jo \u00a0po\u0161ljete po po\u0161ti na naslov Osnovna \u0161ola Kajetana Kovi\u010da Polj\u010dane, Dravinjska c. 26, 2319 Polj\u010dane, s pripisom: \u00bbza \u0161olski sklad\u00ab<\/p>\n<p>&nbsp;<\/p>\n","protected":false},"excerpt":{"rendered":"<p>O\u00a0 \u0160olskem skladu O\u0160 Kajetana Kovi\u010da Polj\u010dane NAMEN \u0161olskega sklada je: financiranje dejavnosti, ki niso sestavina izobra\u017eevalnega programa, oziroma se ne financirajo iz javnih sredstev, &hellip; <\/p>\n","protected":false},"author":1,"featured_media":0,"parent":0,"menu_order":0,"comment_status":"closed","ping_status":"closed","template":"","meta":{"footnotes":""},"class_list":["post-247","page","type-page","status-publish","hentry","image-hover-transition-effect","latest_post"],"yoast_head":"<!-- This site is optimized with the Yoast SEO plugin v27.3 - https:\/\/yoast.com\/product\/yoast-seo-wordpress\/ -->\n<title>O \u0160olskem skladu Osnovne \u0161ole Kajetana Kovi\u010da Polj\u010dane - Osnovna \u0161ola Kajetana Kovi\u010da Polj\u010dane<\/title>\n<meta name=\"description\" content=\"Na osnovni \u0161oli Kajetana Kovi\u010da Polj\u010dane deluje \u0161olski sklad. je financiranje dejavnosti, ki niso sestavni del izobra\u017eevalnega programa.\" \/>\n<meta name=\"robots\" content=\"index, follow, max-snippet:-1, max-image-preview:large, max-video-preview:-1\" \/>\n<link rel=\"canonical\" href=\"https:\/\/ospoljcane.si\/nova\/delovanje-solskega-sklada\/\" \/>\n<meta property=\"og:locale\" content=\"sl_SI\" \/>\n<meta property=\"og:type\" content=\"article\" \/>\n<meta property=\"og:title\" content=\"O \u0160olskem skladu Osnovne \u0161ole Kajetana Kovi\u010da Polj\u010dane - Osnovna \u0161ola Kajetana Kovi\u010da Polj\u010dane\" \/>\n<meta property=\"og:description\" content=\"Na osnovni \u0161oli Kajetana Kovi\u010da Polj\u010dane deluje \u0161olski sklad. je financiranje dejavnosti, ki niso sestavni del izobra\u017eevalnega programa.\" \/>\n<meta property=\"og:url\" content=\"https:\/\/ospoljcane.si\/nova\/delovanje-solskega-sklada\/\" \/>\n<meta property=\"og:site_name\" content=\"Osnovna \u0161ola Kajetana Kovi\u010da Polj\u010dane\" \/>\n<meta property=\"article:modified_time\" content=\"2025-09-16T09:16:36+00:00\" \/>\n<meta name=\"twitter:card\" content=\"summary_large_image\" \/>\n<meta name=\"twitter:label1\" content=\"Est. reading time\" \/>\n\t<meta name=\"twitter:data1\" content=\"2 minuti\" \/>\n<script type=\"application\/ld+json\" class=\"yoast-schema-graph\">{\"@context\":\"https:\\\/\\\/schema.org\",\"@graph\":[{\"@type\":\"WebPage\",\"@id\":\"https:\\\/\\\/ospoljcane.si\\\/nova\\\/delovanje-solskega-sklada\\\/\",\"url\":\"https:\\\/\\\/ospoljcane.si\\\/nova\\\/delovanje-solskega-sklada\\\/\",\"name\":\"O \u0160olskem skladu Osnovne \u0161ole Kajetana Kovi\u010da Polj\u010dane - Osnovna \u0161ola Kajetana Kovi\u010da Polj\u010dane\",\"isPartOf\":{\"@id\":\"https:\\\/\\\/ospoljcane.si\\\/nova\\\/#website\"},\"datePublished\":\"2020-11-27T13:12:07+00:00\",\"dateModified\":\"2025-09-16T09:16:36+00:00\",\"description\":\"Na osnovni \u0161oli Kajetana Kovi\u010da Polj\u010dane deluje \u0161olski sklad. je financiranje dejavnosti, ki niso sestavni del izobra\u017eevalnega programa.\",\"breadcrumb\":{\"@id\":\"https:\\\/\\\/ospoljcane.si\\\/nova\\\/delovanje-solskega-sklada\\\/#breadcrumb\"},\"inLanguage\":\"sl-SI\",\"potentialAction\":[{\"@type\":\"ReadAction\",\"target\":[\"https:\\\/\\\/ospoljcane.si\\\/nova\\\/delovanje-solskega-sklada\\\/\"]}]},{\"@type\":\"BreadcrumbList\",\"@id\":\"https:\\\/\\\/ospoljcane.si\\\/nova\\\/delovanje-solskega-sklada\\\/#breadcrumb\",\"itemListElement\":[{\"@type\":\"ListItem\",\"position\":1,\"name\":\"Domov\",\"item\":\"https:\\\/\\\/ospoljcane.si\\\/nova\\\/\"},{\"@type\":\"ListItem\",\"position\":2,\"name\":\"O \u0160olskem skladu Osnovne \u0161ole Kajetana Kovi\u010da Polj\u010dane\"}]},{\"@type\":\"WebSite\",\"@id\":\"https:\\\/\\\/ospoljcane.si\\\/nova\\\/#website\",\"url\":\"https:\\\/\\\/ospoljcane.si\\\/nova\\\/\",\"name\":\"Osnovna \u0161ola Kajetana Kovi\u010da Polj\u010dane\",\"description\":\"\",\"publisher\":{\"@id\":\"https:\\\/\\\/ospoljcane.si\\\/nova\\\/#organization\"},\"potentialAction\":[{\"@type\":\"SearchAction\",\"target\":{\"@type\":\"EntryPoint\",\"urlTemplate\":\"https:\\\/\\\/ospoljcane.si\\\/nova\\\/?s={search_term_string}\"},\"query-input\":{\"@type\":\"PropertyValueSpecification\",\"valueRequired\":true,\"valueName\":\"search_term_string\"}}],\"inLanguage\":\"sl-SI\"},{\"@type\":\"Organization\",\"@id\":\"https:\\\/\\\/ospoljcane.si\\\/nova\\\/#organization\",\"name\":\"Osnovna \u0161ola Kajetana Kovi\u010da Polj\u010dane\",\"url\":\"https:\\\/\\\/ospoljcane.si\\\/nova\\\/\",\"logo\":{\"@type\":\"ImageObject\",\"inLanguage\":\"sl-SI\",\"@id\":\"https:\\\/\\\/ospoljcane.si\\\/nova\\\/#\\\/schema\\\/logo\\\/image\\\/\",\"url\":\"https:\\\/\\\/ospoljcane.si\\\/nova\\\/wp-content\\\/uploads\\\/2020\\\/12\\\/cropped-cropped-Logotip-sole-2016_3G-1-1.png\",\"contentUrl\":\"https:\\\/\\\/ospoljcane.si\\\/nova\\\/wp-content\\\/uploads\\\/2020\\\/12\\\/cropped-cropped-Logotip-sole-2016_3G-1-1.png\",\"width\":512,\"height\":512,\"caption\":\"Osnovna \u0161ola Kajetana Kovi\u010da Polj\u010dane\"},\"image\":{\"@id\":\"https:\\\/\\\/ospoljcane.si\\\/nova\\\/#\\\/schema\\\/logo\\\/image\\\/\"}}]}<\/script>\n<!-- \/ Yoast SEO plugin. -->","yoast_head_json":{"title":"O \u0160olskem skladu Osnovne \u0161ole Kajetana Kovi\u010da Polj\u010dane - Osnovna \u0161ola Kajetana Kovi\u010da Polj\u010dane","description":"Na osnovni \u0161oli Kajetana Kovi\u010da Polj\u010dane deluje \u0161olski sklad. je financiranje dejavnosti, ki niso sestavni del izobra\u017eevalnega programa.","robots":{"index":"index","follow":"follow","max-snippet":"max-snippet:-1","max-image-preview":"max-image-preview:large","max-video-preview":"max-video-preview:-1"},"canonical":"https:\/\/ospoljcane.si\/nova\/delovanje-solskega-sklada\/","og_locale":"sl_SI","og_type":"article","og_title":"O \u0160olskem skladu Osnovne \u0161ole Kajetana Kovi\u010da Polj\u010dane - Osnovna \u0161ola Kajetana Kovi\u010da Polj\u010dane","og_description":"Na osnovni \u0161oli Kajetana Kovi\u010da Polj\u010dane deluje \u0161olski sklad. je financiranje dejavnosti, ki niso sestavni del izobra\u017eevalnega programa.","og_url":"https:\/\/ospoljcane.si\/nova\/delovanje-solskega-sklada\/","og_site_name":"Osnovna \u0161ola Kajetana Kovi\u010da Polj\u010dane","article_modified_time":"2025-09-16T09:16:36+00:00","twitter_card":"summary_large_image","twitter_misc":{"Est. reading time":"2 minuti"},"schema":{"@context":"https:\/\/schema.org","@graph":[{"@type":"WebPage","@id":"https:\/\/ospoljcane.si\/nova\/delovanje-solskega-sklada\/","url":"https:\/\/ospoljcane.si\/nova\/delovanje-solskega-sklada\/","name":"O \u0160olskem skladu Osnovne \u0161ole Kajetana Kovi\u010da Polj\u010dane - Osnovna \u0161ola Kajetana Kovi\u010da Polj\u010dane","isPartOf":{"@id":"https:\/\/ospoljcane.si\/nova\/#website"},"datePublished":"2020-11-27T13:12:07+00:00","dateModified":"2025-09-16T09:16:36+00:00","description":"Na osnovni \u0161oli Kajetana Kovi\u010da Polj\u010dane deluje \u0161olski sklad. je financiranje dejavnosti, ki niso sestavni del izobra\u017eevalnega programa.","breadcrumb":{"@id":"https:\/\/ospoljcane.si\/nova\/delovanje-solskega-sklada\/#breadcrumb"},"inLanguage":"sl-SI","potentialAction":[{"@type":"ReadAction","target":["https:\/\/ospoljcane.si\/nova\/delovanje-solskega-sklada\/"]}]},{"@type":"BreadcrumbList","@id":"https:\/\/ospoljcane.si\/nova\/delovanje-solskega-sklada\/#breadcrumb","itemListElement":[{"@type":"ListItem","position":1,"name":"Domov","item":"https:\/\/ospoljcane.si\/nova\/"},{"@type":"ListItem","position":2,"name":"O \u0160olskem skladu Osnovne \u0161ole Kajetana Kovi\u010da Polj\u010dane"}]},{"@type":"WebSite","@id":"https:\/\/ospoljcane.si\/nova\/#website","url":"https:\/\/ospoljcane.si\/nova\/","name":"Osnovna \u0161ola Kajetana Kovi\u010da Polj\u010dane","description":"","publisher":{"@id":"https:\/\/ospoljcane.si\/nova\/#organization"},"potentialAction":[{"@type":"SearchAction","target":{"@type":"EntryPoint","urlTemplate":"https:\/\/ospoljcane.si\/nova\/?s={search_term_string}"},"query-input":{"@type":"PropertyValueSpecification","valueRequired":true,"valueName":"search_term_string"}}],"inLanguage":"sl-SI"},{"@type":"Organization","@id":"https:\/\/ospoljcane.si\/nova\/#organization","name":"Osnovna \u0161ola Kajetana Kovi\u010da Polj\u010dane","url":"https:\/\/ospoljcane.si\/nova\/","logo":{"@type":"ImageObject","inLanguage":"sl-SI","@id":"https:\/\/ospoljcane.si\/nova\/#\/schema\/logo\/image\/","url":"https:\/\/ospoljcane.si\/nova\/wp-content\/uploads\/2020\/12\/cropped-cropped-Logotip-sole-2016_3G-1-1.png","contentUrl":"https:\/\/ospoljcane.si\/nova\/wp-content\/uploads\/2020\/12\/cropped-cropped-Logotip-sole-2016_3G-1-1.png","width":512,"height":512,"caption":"Osnovna \u0161ola Kajetana Kovi\u010da Polj\u010dane"},"image":{"@id":"https:\/\/ospoljcane.si\/nova\/#\/schema\/logo\/image\/"}}]}},"_links":{"self":[{"href":"https:\/\/ospoljcane.si\/nova\/wp-json\/wp\/v2\/pages\/247","targetHints":{"allow":["GET"]}}],"collection":[{"href":"https:\/\/ospoljcane.si\/nova\/wp-json\/wp\/v2\/pages"}],"about":[{"href":"https:\/\/ospoljcane.si\/nova\/wp-json\/wp\/v2\/types\/page"}],"author":[{"embeddable":true,"href":"https:\/\/ospoljcane.si\/nova\/wp-json\/wp\/v2\/users\/1"}],"replies":[{"embeddable":true,"href":"https:\/\/ospoljcane.si\/nova\/wp-json\/wp\/v2\/comments?post=247"}],"version-history":[{"count":14,"href":"https:\/\/ospoljcane.si\/nova\/wp-json\/wp\/v2\/pages\/247\/revisions"}],"predecessor-version":[{"id":22517,"href":"https:\/\/ospoljcane.si\/nova\/wp-json\/wp\/v2\/pages\/247\/revisions\/22517"}],"wp:attachment":[{"href":"https:\/\/ospoljcane.si\/nova\/wp-json\/wp\/v2\/media?parent=247"}],"curies":[{"name":"wp","href":"https:\/\/api.w.org\/{rel}","templated":true}]}}