{"id":239,"date":"2020-11-27T13:06:39","date_gmt":"2020-11-27T13:06:39","guid":{"rendered":"http:\/\/ospoljcane.si\/nova\/?page_id=239"},"modified":"2024-09-27T12:09:21","modified_gmt":"2024-09-27T10:09:21","slug":"razsirjen-program","status":"publish","type":"page","link":"https:\/\/ospoljcane.si\/nova\/o-soli\/organizacija\/razsirjen-program\/","title":{"rendered":"Raz\u0161irjen program"},"content":{"rendered":"\t\t<div data-elementor-type=\"wp-page\" data-elementor-id=\"239\" class=\"elementor elementor-239\" data-elementor-post-type=\"page\">\n\t\t\t\t\t\t<section class=\"elementor-section elementor-top-section elementor-element elementor-element-3887124c elementor-section-boxed elementor-section-height-default elementor-section-height-default\" data-id=\"3887124c\" data-element_type=\"section\" data-e-type=\"section\">\n\t\t\t\t\t\t<div class=\"elementor-container elementor-column-gap-default\">\n\t\t\t\t\t<div class=\"elementor-column elementor-col-100 elementor-top-column elementor-element elementor-element-2cbc379d\" data-id=\"2cbc379d\" data-element_type=\"column\" data-e-type=\"column\">\n\t\t\t<div class=\"elementor-widget-wrap elementor-element-populated\">\n\t\t\t\t\t\t<div class=\"elementor-element elementor-element-5b2b0d5e elementor-widget__width-initial elementor-widget elementor-widget-text-editor\" data-id=\"5b2b0d5e\" data-element_type=\"widget\" data-e-type=\"widget\" data-widget_type=\"text-editor.default\">\n\t\t\t\t<div class=\"elementor-widget-container\">\n\t\t\t\t\t\t\t\t\t<h2><span class=\"ospoljcane-postheadericon\" style=\"color: #cc99ff;\">Raz\u0161irjeni program 2024\/25<\/span><\/h2><div>V skladu z 20. \u010dlenom Zakona o osnovni \u0161oli izvaja Osnovna \u0161ola Kajetana Kovi\u010da Polj\u010dane raz\u0161irjeni program. Raz\u0161irjeni program obsega:<\/div><ul><li>PODALJ\u0160ANO BIVANJE<\/li><li>JUTRANJE VARSTVO<\/li><li>VARSTVO VOZA\u010cEV<\/li><li>DODATNI, DOPOLNILNI POUK<\/li><li>\u0160OLO V NARAVI<\/li><li>INTERESNE DEJAVNOSTI<\/li><\/ul><div>V skladu z 26. \u010dlenom Zakona o osnovni \u0161oli so vse dejavnosti raz\u0161irjenega programa za u\u010dence prostovoljne.<\/div><div><span style=\"color: #cc99ff;\"><strong>PODALJ\u0160ANO BIVANJE<\/strong><\/span><\/div><div align=\"justify\">Ministrstvo za \u0161olstvo in \u0161port nam je letos odobrilo 97 ur podalj\u0161anega bivanja tedensko. V skladu z 39. \u010dlenom Pravilnika o normativih in standardih za izvajanje programa osnovne \u0161ole (Ul. RS \u0161t. 57\/07, 65\/08) daje M\u0160\u0160 soglasje za pove\u010danje \u0161tevila u\u010dencev v skupini.<\/div><div align=\"justify\">\u00a0<\/div><div align=\"justify\">Podalj\u0161ano bivanje poteka v \u010dasu od 12.00 do 16.30, z zdru\u017eevanjem u\u010dencev v skladu z zahtevami M\u0160\u0160.<\/div><div style=\"text-align: center;\" align=\"justify\">\u00a0<\/div><div align=\"justify\"><p><strong><b>Organizacija oddelkov podalj\u0161anega bivanja v \u0161ol. letu <\/b><\/strong><strong><b>2024\/25<\/b><\/strong><\/p><\/div><div align=\"justify\"><table style=\"height: 451px;\" width=\"742\"><tbody><tr><td width=\"66\"><p>Skupina<\/p><\/td><td width=\"312\"><p>U\u010ditelj-i<\/p><\/td><td width=\"104\"><p>Vklju\u010deni u\u010denci<\/p><\/td><td width=\"76\"><p>\u0160t. u\u010dencev<\/p><\/td><td width=\"76\"><p>Deluje do<\/p><\/td><\/tr><tr><td width=\"66\"><p><strong>PB 1<\/strong><\/p><\/td><td width=\"312\"><p>Ulaga U.,\u00a0<\/p><\/td><td width=\"104\"><p>1. a<\/p><\/td><td rowspan=\"2\" width=\"76\"><p>35<\/p><\/td><td width=\"76\"><p>14.30<\/p><\/td><\/tr><tr><td width=\"66\"><p><strong>PB 2 <\/strong><\/p><\/td><td width=\"312\">Ternov\u0161ek I.,\u00a0<\/td><td width=\"104\"><p>1. b<\/p><\/td><td width=\"76\"><p>14.30<\/p><\/td><\/tr><tr><td width=\"66\"><p><strong>PB 3 <\/strong><\/p><\/td><td width=\"312\"><p>Primo\u017ei\u010d S.V.<\/p><\/td><td width=\"104\"><p>2. a<\/p><\/td><td width=\"76\"><p>16<\/p><\/td><td width=\"76\"><p>15.30<\/p><\/td><\/tr><tr><td width=\"66\"><p><strong>PB 4 <\/strong><\/p><\/td><td width=\"312\"><p>Mohorko I.<\/p><\/td><td width=\"104\"><p>2. b<\/p><\/td><td width=\"76\">18<\/td><td width=\"76\"><p>16.30<\/p><\/td><\/tr><tr><td width=\"66\"><p><strong>PB 5 <\/strong><\/p><\/td><td width=\"312\"><p>Glavan T. U.<\/p><\/td><td width=\"104\"><p>3. a, 3.b<\/p><\/td><td width=\"76\"><p>29<\/p><\/td><td width=\"76\"><p>15.00<\/p><\/td><\/tr><tr><td width=\"66\"><p><strong>PB 6<\/strong><\/p><\/td><td width=\"312\"><p>Krajnc Darja, Kra\u010dun S., Born\u0161ek P.<\/p><\/td><td width=\"104\"><p>4.a,4.b, 5.a, 5.b<\/p><\/td><td width=\"76\"><p>24<\/p><\/td><td width=\"76\"><p>14.30<\/p><\/td><\/tr><\/tbody><\/table><\/div><div align=\"justify\">\u00a0<\/div><div align=\"justify\"><span style=\"color: #cc99ff;\"><strong>JUTRANJE VARSTVO<\/strong><\/span><\/div><div align=\"justify\"><strong>Jutranje varstvo<\/strong> za u\u010dence prvega razreda bomo organizirali od 6.00 do 8.15. Po prijavah star\u0161ev bo ob 8.00 v jutranjem varstvu 35 u\u010dencev. V skladu z normativi\u00a0 in soglasjem MIZ\u0160 bomo do 8.00 izvajali jutranje varstvo v eni, nato v dveh skupinah.<\/div><div align=\"justify\">\u00a0<\/div><div align=\"justify\"><span style=\"color: #cc99ff;\"><strong>VARSTVO VOZA\u010cEV<\/strong><\/span><\/div><div align=\"justify\">V varstvo u\u010dencev voza\u010dev se vklju\u010dijo u\u010denci, ki se vozijo v \u0161olo z avtobusom ali minibusom. Organizirano je od prihoda prvega prevoza do 8.10 ter po pouku do odhoda s prevozom domov oz. do 14.30 ure. U\u010denci so v varstvo u\u010dencev voza\u010dev vklju\u010deni po prijavi star\u0161ev. Za u\u010dence, ki samovoljno odhajajo iz varstva ali ne upo\u0161tevajo pravil \u0161olskega reda, \u0161ola ne prevzema odgovornosti. Razredniki bodo star\u0161e obvestili o neobiskovanju varstva voza\u010dev.<\/div><div align=\"justify\"><p><span style=\"color: #cc99ff;\"><strong>DODATNI, DOPOLNILNI POUK<\/strong><\/span><\/p><p><strong>a)\u00a0 Dopolnilni pouk <\/strong>bomo organizirali v 1. VIO in 4. in 5. r. pri predmetih po presoji razrednikov, praviloma pa pri SLJ in MAT, za u\u010dence od 6. do 9. r. pa pri SLJ, MAT in TJA. U\u010denci ga obiskujejo tako dolgo, dokler ne odpravijo vrzeli v znanju. Vklju\u010dijo se lahko sami ali jih k obiskovanju povabijo u\u010ditelji.<\/p><\/div><p><strong>b)\u00a0 Dodatni pouk<\/strong> bomo organizirali za u\u010dence iz SLJ, MAT in TJA. U\u010denci praviloma obiskujejo dodatni pouk ve\u010d let pri istem predmetu. Pri teh urah \u0161irijo in poglabljajo znanja, re\u0161ujejo\u00a0 razli\u010dne problemske naloge in se pripravljajo na tekmovanja.<\/p><p align=\"justify\"><strong>Dopolnilni in dodatni pouk obiskuje u\u010denec po priporo\u010dilu u\u010ditelja, star\u0161i pa s podpisom izrazijo svoje soglasje.\u00a0<\/strong>Razrednik sproti obve\u0161\u010da star\u0161e o prisotnosti u\u010dencev pri dopolnilnem pouku. \u010ce u\u010denec dopolnilnega pouka kljub dogovoru s star\u0161i ne obiskuje, ga razrednik izbri\u0161e iz seznama, star\u0161e pa o tem obvesti.<\/p><div align=\"justify\">NOSILCI: u\u010ditelji posameznih predmetov.<\/div><div align=\"justify\">\u00a0<\/div><div><strong>\u00a0<\/strong><strong>\u00a0<\/strong><\/div><div><span style=\"color: #cc99ff;\"><strong>\u0160OLA V NARAVI<\/strong><\/span><\/div><div align=\"justify\">\u00bbPoglavitni vzgojno-izobra\u017eevalni smotri in cilji poletne \u0161ole v naravi:<\/div><div align=\"justify\">v naravnem okolju izrabljamo vse prilo\u017enosti za pridobivanje novih spoznanj o naravi in dru\u017ebi ter s tem \u0161irimo otrokovo obzorje in spodbujamo njegovo osebnostno rast;<\/div><div align=\"justify\">u\u010dence seznanjamo z razli\u010dnimi prosto\u010dasnimi dejavnostmi, ki jih ni mogo\u010de izvajati med rednim poukom v \u0161oli, ter jih s tem uvajamo v koristen in zdrav na\u010din pre\u017eivljanja prostega \u010dasa v vseh starostnih obdobjih;<\/div><div align=\"justify\">poglabljamo stik z naravo ter oblikujemo \u010dustven, kulturen in spo\u0161tljiv odnos do nje;<\/div><div align=\"justify\">u\u010dence seznanjamo s prvinami samoza\u0161\u010ditnega ravnanja;<\/div><div align=\"justify\">prispevamo k socializaciji u\u010dencev;<\/div><div align=\"justify\">na\u010drtno spoznavamo u\u010dence in jih usmerjamo k zavednemu sprejemanju ustreznih vedenjskih vzorcev, hkrati pa med u\u010diteljem in u\u010dencem &#8211; oblikujemo medsebojno zaupanje in spo\u0161tovanje;<\/div><div align=\"justify\">prispevamo k veselej\u0161emu in sre\u010dnej\u0161emu otro\u0161tvu u\u010dencev in<\/div><div align=\"justify\">u\u010dence seznanimo z na\u010dini plavanja in osnovnega re\u0161evanja v vodi\u00ab.<\/div><div align=\"justify\">\u00a0 \u00a0 \u00a0 \u00a0 \u00a0 \u00a0 \u00a0 \u00a0 \u00a0 \u00a0 \u00a0 \u00a0 \u00a0 \u00a0 \u00a0 \u00a0 \u00a0 \u00a0 \u00a0 \u00a0 \u00a0 \u00a0 \u00a0 \u00a0 \u00a0 \u00a0 \u00a0 \u00a0 \u00a0 \u00a0 \u00a0 \u00a0 \u00a0 \u00a0 \u00a0 \u00a0 \u00a0 \u00a0 \u00a0 \u00a0 \u00a0 \u00a0 \u00a0 \u00a0 \u00a0 \u00a0 \u00a0 \u00a0 \u00a0 \u00a0 \u00a0 \u00a0 \u00a0 \u00a0 \u00a0 \u00a0 \u00a0 \u00a0 \u00a0 \u00a0 \u00a0 \u00a0 \u00a0 \u00a0 \u00a0<span style=\"text-align: -webkit-right;\">(Vir: Silvo Kristan, \u0160ola v naravi)<\/span><\/div><div><p><strong>V \u0161ol. letu 2023\/24 imamo rezervirane naslednje \u0161ole v naravi:<\/strong><\/p><table style=\"height: 348px;\" width=\"696\"><tbody><tr><td width=\"66\"><p>Razred<\/p><\/td><td width=\"132\"><p>Termin<\/p><\/td><td width=\"132\"><p>Lokacija<\/p><\/td><td width=\"113\"><p>Dejavnost<\/p><\/td><td width=\"198\"><p>Nosilci<\/p><\/td><\/tr><tr><td width=\"66\"><p>8. a, b<\/p><p>53 u\u010d.<\/p><\/td><td width=\"132\"><p>12. 5. \u201316. 5. 2025<\/p><\/td><td width=\"132\"><p>C\u0160OD Planica<\/p><\/td><td width=\"113\"><p>Naravoslovne vsebine.<\/p><\/td><td width=\"198\"><p><strong>Kotnik R.,<\/strong>\u00a0Drofenik L. E., Saboli\u010d G., Kra\u010dun S.<\/p><\/td><\/tr><tr><td width=\"66\"><p>6. a, b<\/p><p>45 u\u010d.<\/p><\/td><td width=\"132\"><p>6. 1.\u201310. 1. 2025<\/p><\/td><td width=\"132\"><p>Lukov dom, Kope<\/p><\/td><td width=\"113\"><p>\u0160ola smu\u010danja.<\/p><\/td><td width=\"198\"><p><strong>Simoni\u010d T., <\/strong>Grgin \u0160.B.,<strong>\u00a0 <\/strong>Born\u0161ek P., Leskovar R.<\/p><\/td><\/tr><tr><td width=\"66\"><p>4. a, b<\/p><p>45 u\u010d.<\/p><\/td><td width=\"132\"><p>2. 6.\u20136. 6. 2025<\/p><\/td><td width=\"132\"><p>Terme \u010cate\u017e, \u010cate\u017e<\/p><\/td><td width=\"113\"><p>\u0160ola plavanja.<\/p><\/td><td width=\"198\"><p><strong>Vantur V., <\/strong>Vo\u0161inek S., Leskovar R.<\/p><\/td><\/tr><\/tbody><\/table><\/div><div>\u00a0<\/div><div><strong>POMEN \u0160OLE V NARAVI<\/strong><\/div><div align=\"justify\">\u0160ola v naravi je pomembna vzgojno izobra\u017eevalna oblika, ki s posebnimi sredstvi in v posebnem okolju posku\u0161a smotrno prispevati k oblikovanju celotne u\u010den\u010deve osebnosti. Torej ni samo u\u010denje smu\u010danja (plavanja \u2026), temve\u010d je kompleksna dejavnost, s katero sku\u0161amo v povsem ne\u0161olskem okolju uresni\u010diti nekatere smotre in vzgojno izobra\u017eevalne cilje, ki jih v \u0161oli ne moremo, oziroma zanje sploh nimamo prilo\u017enosti.<\/div><div>\u00a0<\/div><div><strong>Vzgojni smotri<\/strong><\/div><div align=\"justify\">U\u010denci se navajajo na samostojnost in si razvijajo pozitivne osebnostne lastnosti, ki so pomembne za \u017eivljenje v skupnosti.<\/div><div align=\"justify\">Razvijajo svojo ustvarjalnost in i\u0161\u010dejo mo\u017enosti samopotrditve. V \u0161oli v naravi lahko vplivamo na njihove predsodke glede prehrane, jih navajamo na osebno, osnovno higieno, pravilen odnos do denarja in potro\u0161ni\u0161tva ter smotrno izkori\u0161\u010danje prostega \u010dasa. Z vzgojnega vidika pa je zlasti pomembno, da imata u\u010denec in u\u010ditelj mo\u017enost medsebojnega spoznavanja in navezovanja osebnih stikov.<\/div><div>\u00a0<\/div><div><strong>Temeljni smoter<\/strong><\/div><div align=\"justify\">Temeljni smoter \u0161ole v naravi je usmerjati otroke v zdrav, koristen in kulturen na\u010din pre\u017eivljanja prostega \u010dasa ter v ohranjanje in negovanje stika z naravo.<\/div><div align=\"justify\">Ob samoodpovedovanju trenutnih \u017eelja, samokontroli \u010dustev, prilagajanju skupnosti in podrejanju njenih interesov, se u\u010denci dograjujejo v zrelej\u0161e osebnosti. Zaradi celodnevnega skupnega dru\u017eenja, u\u017eivanja iste hrane, delitev skupnih prostorov, se u\u010dencem oblikuje zavest o pripadnosti. V\u017eivijo se v novo skupnost, ob skupnem re\u0161evanju vsakodnevnih problemov, se zavedo odvisnosti od svojih najbli\u017ejih in cenijo tovari\u0161ko pomo\u010d. Spoznavajo se in se drug drugemu prilagajajo. Ugotovijo, da je tam, kjer \u017eivi skupaj ve\u010d ljudi, nujno potreben dolo\u010den red. Ob izpolnjevanju svojih obveznosti za\u010dutijo osebno odgovornost in jo razlikujejo od kolektivne odgovornosti pri izpolnjevanju skupnih obveznosti.<\/div><div>\u00a0<\/div><div align=\"justify\"><strong>Cilji \u0161ole plavanja<\/strong><br \/>Cilji zimske \u0161ole v naravi so raz\u0161iriti in utrditi znanje smu\u010danja, oblikovati trajne telesnokulturne navade, prispevati k socializaciji otrok in u\u010dence seznaniti z razli\u010dnimi vsebinami zdravega \u017eivljenja.V C\u0160OD bodo u\u010denci razvili sposobnost za preu\u010devanje \u017eivljenjskih procesov in pojavov ter z lastnim iskanjem in preu\u010devanjem pri\u0161li do nekaterih spoznanj, s katerimi si bodo oblikovali odgovoren odnos do narave, okolja in sebe.<\/div><div align=\"justify\">\u00a0<\/div><div align=\"justify\"><strong>Interesne dejavnosti\u00a0<\/strong><\/div><div align=\"justify\">U\u010denci se odlo\u010dajo za interesne dejavnosti na tistih podro\u010djih, za katere imajo poseben interes oziroma izra\u017eajo specifi\u010dne talente ali nadarjenosti. Interesne dejavnosti imajo izrazito vzgojno vlogo, saj poglobljeno razvijajo kulturne, \u0161portne, delovne, tehni\u010dne in druge sposobnosti otrok ter jih ob tem uvajajo v organizirano dru\u0161tveno in samostojno delovanje. V okviru interesnih dejavnosti bodo potekale tudi nekatere dejavnosti za nadarjene u\u010dence.<\/div><div align=\"justify\">\u00a0<\/div><div align=\"justify\"><a href=\"https:\/\/ospoljcane.si\/nova\/wp-content\/uploads\/2024\/09\/St.pdf\"><strong><span style=\"color: #cc99ff;\">SEZNAM INTERESNIH DEJAVNOSTI 2024\/2025<\/span><\/strong><\/a><\/div><div align=\"justify\">\u00a0<\/div><div align=\"justify\"><p><strong>Za nepravo\u010dasne odpovedi popoldanskih dejavnosti za u\u010dence, ki jih izvajajo zunanji\u00a0<u>mentorji neposredno v dogovoru s star\u0161i<\/u>, \u0161ola ne odgovarja.<\/strong><\/p><p>*Skupina novinarjev deluje glede na posebnosti in aktualne dogodke \u0161olskega leta o katerih poro\u010dajo ter glede na skupen na\u010drt, ki ga pripravijo v za\u010detku \u0161ol. leta.<\/p><p>Nekatere interesne dejavnosti so organizirane v te\u010dajni obliki. Razen u\u010diteljev vodijo interesne dejavnosti tudi zunanji sodelavci. Mentorji bodo skupaj z u\u010denci izdelali na\u010drt dela, ki je sestavni del letnega na\u010drta \u0161ole.<\/p><\/div>\t\t\t\t\t\t\t\t<\/div>\n\t\t\t\t<\/div>\n\t\t\t\t\t<\/div>\n\t\t<\/div>\n\t\t\t\t\t<\/div>\n\t\t<\/section>\n\t\t\t\t<\/div>\n\t\t","protected":false},"excerpt":{"rendered":"<p>Raz\u0161irjeni program 2024\/25 V skladu z 20. \u010dlenom Zakona o osnovni \u0161oli izvaja Osnovna \u0161ola Kajetana Kovi\u010da Polj\u010dane raz\u0161irjeni program. Raz\u0161irjeni program obsega: PODALJ\u0160ANO BIVANJE &hellip; <\/p>\n","protected":false},"author":1,"featured_media":0,"parent":166,"menu_order":0,"comment_status":"closed","ping_status":"closed","template":"","meta":{"footnotes":""},"class_list":["post-239","page","type-page","status-publish","hentry","image-hover-transition-effect","latest_post"],"yoast_head":"<!-- This site is optimized with the Yoast SEO plugin v27.5 - https:\/\/yoast.com\/product\/yoast-seo-wordpress\/ -->\n<title>Raz\u0161irjen program - Osnovna \u0161ola Kajetana Kovi\u010da Polj\u010dane<\/title>\n<meta name=\"robots\" content=\"index, follow, max-snippet:-1, max-image-preview:large, max-video-preview:-1\" \/>\n<link rel=\"canonical\" href=\"https:\/\/ospoljcane.si\/nova\/o-soli\/organizacija\/razsirjen-program\/\" \/>\n<meta property=\"og:locale\" content=\"sl_SI\" \/>\n<meta property=\"og:type\" content=\"article\" \/>\n<meta property=\"og:title\" content=\"Raz\u0161irjen program - Osnovna \u0161ola Kajetana Kovi\u010da Polj\u010dane\" \/>\n<meta property=\"og:description\" content=\"Raz\u0161irjeni program 2024\/25 V skladu z 20. \u010dlenom Zakona o osnovni \u0161oli izvaja Osnovna \u0161ola Kajetana Kovi\u010da Polj\u010dane raz\u0161irjeni program. Raz\u0161irjeni program obsega: PODALJ\u0160ANO BIVANJE &hellip;\" \/>\n<meta property=\"og:url\" content=\"https:\/\/ospoljcane.si\/nova\/o-soli\/organizacija\/razsirjen-program\/\" \/>\n<meta property=\"og:site_name\" content=\"Osnovna \u0161ola Kajetana Kovi\u010da Polj\u010dane\" \/>\n<meta property=\"article:modified_time\" content=\"2024-09-27T10:09:21+00:00\" \/>\n<meta name=\"twitter:card\" content=\"summary_large_image\" \/>\n<meta name=\"twitter:label1\" content=\"Est. reading time\" \/>\n\t<meta name=\"twitter:data1\" content=\"7 minut\" \/>\n<script type=\"application\/ld+json\" class=\"yoast-schema-graph\">{\"@context\":\"https:\\\/\\\/schema.org\",\"@graph\":[{\"@type\":\"WebPage\",\"@id\":\"https:\\\/\\\/ospoljcane.si\\\/nova\\\/o-soli\\\/organizacija\\\/razsirjen-program\\\/\",\"url\":\"https:\\\/\\\/ospoljcane.si\\\/nova\\\/o-soli\\\/organizacija\\\/razsirjen-program\\\/\",\"name\":\"Raz\u0161irjen program - Osnovna \u0161ola Kajetana Kovi\u010da Polj\u010dane\",\"isPartOf\":{\"@id\":\"https:\\\/\\\/ospoljcane.si\\\/nova\\\/#website\"},\"datePublished\":\"2020-11-27T13:06:39+00:00\",\"dateModified\":\"2024-09-27T10:09:21+00:00\",\"breadcrumb\":{\"@id\":\"https:\\\/\\\/ospoljcane.si\\\/nova\\\/o-soli\\\/organizacija\\\/razsirjen-program\\\/#breadcrumb\"},\"inLanguage\":\"sl-SI\",\"potentialAction\":[{\"@type\":\"ReadAction\",\"target\":[\"https:\\\/\\\/ospoljcane.si\\\/nova\\\/o-soli\\\/organizacija\\\/razsirjen-program\\\/\"]}]},{\"@type\":\"BreadcrumbList\",\"@id\":\"https:\\\/\\\/ospoljcane.si\\\/nova\\\/o-soli\\\/organizacija\\\/razsirjen-program\\\/#breadcrumb\",\"itemListElement\":[{\"@type\":\"ListItem\",\"position\":1,\"name\":\"Domov\",\"item\":\"https:\\\/\\\/ospoljcane.si\\\/nova\\\/\"},{\"@type\":\"ListItem\",\"position\":2,\"name\":\"O \u0161oli\",\"item\":\"https:\\\/\\\/ospoljcane.si\\\/nova\\\/o-soli\\\/\"},{\"@type\":\"ListItem\",\"position\":3,\"name\":\"Organizacija\",\"item\":\"https:\\\/\\\/ospoljcane.si\\\/nova\\\/o-soli\\\/organizacija\\\/\"},{\"@type\":\"ListItem\",\"position\":4,\"name\":\"Raz\u0161irjen program\"}]},{\"@type\":\"WebSite\",\"@id\":\"https:\\\/\\\/ospoljcane.si\\\/nova\\\/#website\",\"url\":\"https:\\\/\\\/ospoljcane.si\\\/nova\\\/\",\"name\":\"Osnovna \u0161ola Kajetana Kovi\u010da Polj\u010dane\",\"description\":\"\",\"publisher\":{\"@id\":\"https:\\\/\\\/ospoljcane.si\\\/nova\\\/#organization\"},\"potentialAction\":[{\"@type\":\"SearchAction\",\"target\":{\"@type\":\"EntryPoint\",\"urlTemplate\":\"https:\\\/\\\/ospoljcane.si\\\/nova\\\/?s={search_term_string}\"},\"query-input\":{\"@type\":\"PropertyValueSpecification\",\"valueRequired\":true,\"valueName\":\"search_term_string\"}}],\"inLanguage\":\"sl-SI\"},{\"@type\":\"Organization\",\"@id\":\"https:\\\/\\\/ospoljcane.si\\\/nova\\\/#organization\",\"name\":\"Osnovna \u0161ola Kajetana Kovi\u010da Polj\u010dane\",\"url\":\"https:\\\/\\\/ospoljcane.si\\\/nova\\\/\",\"logo\":{\"@type\":\"ImageObject\",\"inLanguage\":\"sl-SI\",\"@id\":\"https:\\\/\\\/ospoljcane.si\\\/nova\\\/#\\\/schema\\\/logo\\\/image\\\/\",\"url\":\"https:\\\/\\\/ospoljcane.si\\\/nova\\\/wp-content\\\/uploads\\\/2020\\\/12\\\/cropped-cropped-Logotip-sole-2016_3G-1-1.png\",\"contentUrl\":\"https:\\\/\\\/ospoljcane.si\\\/nova\\\/wp-content\\\/uploads\\\/2020\\\/12\\\/cropped-cropped-Logotip-sole-2016_3G-1-1.png\",\"width\":512,\"height\":512,\"caption\":\"Osnovna \u0161ola Kajetana Kovi\u010da Polj\u010dane\"},\"image\":{\"@id\":\"https:\\\/\\\/ospoljcane.si\\\/nova\\\/#\\\/schema\\\/logo\\\/image\\\/\"}}]}<\/script>\n<!-- \/ Yoast SEO plugin. -->","yoast_head_json":{"title":"Raz\u0161irjen program - Osnovna \u0161ola Kajetana Kovi\u010da Polj\u010dane","robots":{"index":"index","follow":"follow","max-snippet":"max-snippet:-1","max-image-preview":"max-image-preview:large","max-video-preview":"max-video-preview:-1"},"canonical":"https:\/\/ospoljcane.si\/nova\/o-soli\/organizacija\/razsirjen-program\/","og_locale":"sl_SI","og_type":"article","og_title":"Raz\u0161irjen program - Osnovna \u0161ola Kajetana Kovi\u010da Polj\u010dane","og_description":"Raz\u0161irjeni program 2024\/25 V skladu z 20. \u010dlenom Zakona o osnovni \u0161oli izvaja Osnovna \u0161ola Kajetana Kovi\u010da Polj\u010dane raz\u0161irjeni program. Raz\u0161irjeni program obsega: PODALJ\u0160ANO BIVANJE &hellip;","og_url":"https:\/\/ospoljcane.si\/nova\/o-soli\/organizacija\/razsirjen-program\/","og_site_name":"Osnovna \u0161ola Kajetana Kovi\u010da Polj\u010dane","article_modified_time":"2024-09-27T10:09:21+00:00","twitter_card":"summary_large_image","twitter_misc":{"Est. reading time":"7 minut"},"schema":{"@context":"https:\/\/schema.org","@graph":[{"@type":"WebPage","@id":"https:\/\/ospoljcane.si\/nova\/o-soli\/organizacija\/razsirjen-program\/","url":"https:\/\/ospoljcane.si\/nova\/o-soli\/organizacija\/razsirjen-program\/","name":"Raz\u0161irjen program - Osnovna \u0161ola Kajetana Kovi\u010da Polj\u010dane","isPartOf":{"@id":"https:\/\/ospoljcane.si\/nova\/#website"},"datePublished":"2020-11-27T13:06:39+00:00","dateModified":"2024-09-27T10:09:21+00:00","breadcrumb":{"@id":"https:\/\/ospoljcane.si\/nova\/o-soli\/organizacija\/razsirjen-program\/#breadcrumb"},"inLanguage":"sl-SI","potentialAction":[{"@type":"ReadAction","target":["https:\/\/ospoljcane.si\/nova\/o-soli\/organizacija\/razsirjen-program\/"]}]},{"@type":"BreadcrumbList","@id":"https:\/\/ospoljcane.si\/nova\/o-soli\/organizacija\/razsirjen-program\/#breadcrumb","itemListElement":[{"@type":"ListItem","position":1,"name":"Domov","item":"https:\/\/ospoljcane.si\/nova\/"},{"@type":"ListItem","position":2,"name":"O \u0161oli","item":"https:\/\/ospoljcane.si\/nova\/o-soli\/"},{"@type":"ListItem","position":3,"name":"Organizacija","item":"https:\/\/ospoljcane.si\/nova\/o-soli\/organizacija\/"},{"@type":"ListItem","position":4,"name":"Raz\u0161irjen program"}]},{"@type":"WebSite","@id":"https:\/\/ospoljcane.si\/nova\/#website","url":"https:\/\/ospoljcane.si\/nova\/","name":"Osnovna \u0161ola Kajetana Kovi\u010da Polj\u010dane","description":"","publisher":{"@id":"https:\/\/ospoljcane.si\/nova\/#organization"},"potentialAction":[{"@type":"SearchAction","target":{"@type":"EntryPoint","urlTemplate":"https:\/\/ospoljcane.si\/nova\/?s={search_term_string}"},"query-input":{"@type":"PropertyValueSpecification","valueRequired":true,"valueName":"search_term_string"}}],"inLanguage":"sl-SI"},{"@type":"Organization","@id":"https:\/\/ospoljcane.si\/nova\/#organization","name":"Osnovna \u0161ola Kajetana Kovi\u010da Polj\u010dane","url":"https:\/\/ospoljcane.si\/nova\/","logo":{"@type":"ImageObject","inLanguage":"sl-SI","@id":"https:\/\/ospoljcane.si\/nova\/#\/schema\/logo\/image\/","url":"https:\/\/ospoljcane.si\/nova\/wp-content\/uploads\/2020\/12\/cropped-cropped-Logotip-sole-2016_3G-1-1.png","contentUrl":"https:\/\/ospoljcane.si\/nova\/wp-content\/uploads\/2020\/12\/cropped-cropped-Logotip-sole-2016_3G-1-1.png","width":512,"height":512,"caption":"Osnovna \u0161ola Kajetana Kovi\u010da Polj\u010dane"},"image":{"@id":"https:\/\/ospoljcane.si\/nova\/#\/schema\/logo\/image\/"}}]}},"_links":{"self":[{"href":"https:\/\/ospoljcane.si\/nova\/wp-json\/wp\/v2\/pages\/239","targetHints":{"allow":["GET"]}}],"collection":[{"href":"https:\/\/ospoljcane.si\/nova\/wp-json\/wp\/v2\/pages"}],"about":[{"href":"https:\/\/ospoljcane.si\/nova\/wp-json\/wp\/v2\/types\/page"}],"author":[{"embeddable":true,"href":"https:\/\/ospoljcane.si\/nova\/wp-json\/wp\/v2\/users\/1"}],"replies":[{"embeddable":true,"href":"https:\/\/ospoljcane.si\/nova\/wp-json\/wp\/v2\/comments?post=239"}],"version-history":[{"count":30,"href":"https:\/\/ospoljcane.si\/nova\/wp-json\/wp\/v2\/pages\/239\/revisions"}],"predecessor-version":[{"id":23018,"href":"https:\/\/ospoljcane.si\/nova\/wp-json\/wp\/v2\/pages\/239\/revisions\/23018"}],"up":[{"embeddable":true,"href":"https:\/\/ospoljcane.si\/nova\/wp-json\/wp\/v2\/pages\/166"}],"wp:attachment":[{"href":"https:\/\/ospoljcane.si\/nova\/wp-json\/wp\/v2\/media?parent=239"}],"curies":[{"name":"wp","href":"https:\/\/api.w.org\/{rel}","templated":true}]}}