{"id":237,"date":"2020-11-27T13:06:08","date_gmt":"2020-11-27T13:06:08","guid":{"rendered":"http:\/\/ospoljcane.si\/nova\/?page_id=237"},"modified":"2025-10-17T12:14:16","modified_gmt":"2025-10-17T10:14:16","slug":"nadarjeni-ucenci","status":"publish","type":"page","link":"https:\/\/ospoljcane.si\/nova\/o-soli\/organizacija\/nadarjeni-ucenci\/","title":{"rendered":"Nadarjeni u\u010denci"},"content":{"rendered":"\t\t<div data-elementor-type=\"wp-page\" data-elementor-id=\"237\" class=\"elementor elementor-237\" data-elementor-post-type=\"page\">\n\t\t\t\t\t\t<section class=\"elementor-section elementor-top-section elementor-element elementor-element-61cf3cd6 elementor-section-boxed elementor-section-height-default elementor-section-height-default\" data-id=\"61cf3cd6\" data-element_type=\"section\" data-e-type=\"section\">\n\t\t\t\t\t\t<div class=\"elementor-container elementor-column-gap-default\">\n\t\t\t\t\t<div class=\"elementor-column elementor-col-100 elementor-top-column elementor-element elementor-element-23b9fe6e\" data-id=\"23b9fe6e\" data-element_type=\"column\" data-e-type=\"column\">\n\t\t\t<div class=\"elementor-widget-wrap elementor-element-populated\">\n\t\t\t\t\t\t<div class=\"elementor-element elementor-element-1b32a32a elementor-widget elementor-widget-text-editor\" data-id=\"1b32a32a\" data-element_type=\"widget\" data-e-type=\"widget\" data-widget_type=\"text-editor.default\">\n\t\t\t\t<div class=\"elementor-widget-container\">\n\t\t\t\t\t\t\t\t\t<div align=\"justify\">\u00a0<\/div><div align=\"justify\">\u00a0<\/div><div align=\"justify\"><p style=\"text-align: center;\" align=\"right\"><strong><em>Opaziti nadarjenost v otroku<\/em><\/strong><\/p><p style=\"text-align: center;\" align=\"right\"><strong><em>pomeni priklicati \u017eelod v rast,<\/em><\/strong><\/p><p style=\"text-align: center;\" align=\"right\"><strong><em>mu podariti \u017eivljenje.<\/em><\/strong><\/p><p style=\"text-align: center;\" align=\"right\"><em>(James Hillman)<\/em><\/p><p style=\"text-align: center;\" align=\"center\"><strong>OPREDELITEV NADARJENOSTI<\/strong><\/p><p><em>Nadarjeni u\u010denci so po Zakonu o osnovni \u0161oli (11. \u010dlen ZoO\u0160) u\u010denci, ki izkazujejo visoko nadpovpre\u010dne sposobnosti mi\u0161ljenja ali izjemne dose\u017eke na posameznih u\u010dnih podro\u010djih, v umetnosti ali \u0161portu. \u0160ola tem u\u010dencem zagotavlja ustrezne pogoje za vzgojo in izobra\u017eevanje tako, da jim prilagodi vsebine, metode in oblike dela ter jim omogo\u010di vklju\u010ditev v dodatni pouk, druge oblike individualne in skupinske pomo\u010di ter druge oblike dela.<\/em><\/p><p><em>Aktivnosti v zvezi z nadarjenimi u\u010denci vodi svetovalna slu\u017eba v sodelovanju z u\u010denci, s star\u0161i, z razredniki in u\u010ditelji.<\/em><\/p><\/div><h4>\u00a0<\/h4><h4><em><strong>Delo z nadarjenimi u\u010denci\u00a0<\/strong><\/em><\/h4><p>\u00a0<\/p><p><strong>Na\u010drt dela<\/strong><\/p><p><a href=\"https:\/\/ospoljcane.si\/nova\/wp-content\/uploads\/2025\/10\/K-tc.-7_2-Nacrt-dela-z-nadarjenimi-ucenci-2025-2026.pdf\">Na\u010drt dela z nadarjenimi u\u010denci 2025-2026<\/a><\/p><p><a href=\"https:\/\/ospoljcane.si\/nova\/wp-content\/uploads\/2024\/09\/Nacrt-dela-z-nadarjenimi-ucenci-2024-25.pdf\">Na\u010drt dela z nadarjenimi u\u010denci 2024-2025<\/a><\/p><p><a href=\"https:\/\/ospoljcane.si\/nova\/wp-content\/uploads\/2023\/09\/NACRT-DELA-Z-NADARJENIMI-UCENCI-2023.pdf\">Na\u010drt dela z nadarjenimi u\u010denci 2023-2024<\/a><\/p><p>\u00a0<\/p><p><strong>Realizacija<\/strong><\/p><p><a href=\"https:\/\/ospoljcane.si\/nova\/wp-content\/uploads\/2025\/10\/K-tc.-5_1-Realizacija-Nacrt-dela-z-nadarjenimi-ucenci-2024-2025.pdf\">Realizacija dela z nadarjenimi u\u010denci 2024-2025<\/a><\/p><p><a href=\"https:\/\/ospoljcane.si\/nova\/wp-content\/uploads\/2024\/09\/P10-Realizacija-dela-z-nadarjenimi-2023-24-iz-OD.pdf\">Realizacija dela z nadarjenimi u\u010denci 2023-2024<\/a><\/p><p><a href=\"https:\/\/ospoljcane.si\/nova\/wp-content\/uploads\/2024\/09\/Realizacija-Nacrta-dela-z-nadarjenimi-ucenci-2022-23.pdf\">Realizacija dela z nadarjenimi u\u010denci 2022-2023<\/a><\/p><p>\u00a0<\/p><div align=\"justify\"><p align=\"center\"><strong>KONCEPT ZA <\/strong><strong><em>ODKRIVANJE IN DELO Z NADARJENIMI U\u010cENCI <\/em><\/strong><strong><em>V OSNOVNI \u0160OLI<\/em><\/strong><\/p><p align=\"center\"><strong><em>Koncept opredeljuje<\/em><\/strong><\/p><p align=\"center\"><strong>1. ZNA\u010cILNOSTI NADARJENIH U\u010cENCEV<\/strong><\/p><table border=\"1\" cellspacing=\"0\" cellpadding=\"0 class\" align=\"center\"><tbody><tr><td valign=\"top\" width=\"307\"><p align=\"center\"><strong><em>Miselno-spoznavno podro\u010dje<\/em><\/strong><\/p><p align=\"center\">\u00a0\u00a0\u00a0\u00a0 razvito \u00a0 divergentno mi\u0161ljenje (fleksibilnost, originalnost, fluentnost)<\/p><p align=\"center\">\u00a0 razvito \u00a0 logi\u010dno mi\u0161ljenje (analiza posplo\u0161evanje, sposobnost sklepanja)<\/p><p align=\"center\">\u00a0\u00a0\u00a0 nenavadna \u00a0 domi\u0161ljija<\/p><p align=\"center\">\u00a0\u00a0\u00a0\u00a0 natan\u010dnost \u00a0 opazovanja<\/p><p align=\"center\">\u00a0\u00a0\u00a0 dober \u00a0 spomin<\/p><p align=\"center\">smisel za humor<\/p><\/td><td valign=\"top\" width=\"307\"><p align=\"center\"><strong><em>U\u010dno-storilnostno podro\u010dje<\/em><\/strong><\/p><p align=\"center\">\u00a0\u00a0\u00a0\u00a0\u00a0\u00a0 \u0161iroka \u00a0 razgledanost<\/p><p align=\"center\">\u00a0\u00a0 visoka \u00a0 u\u010dna uspe\u0161nost<\/p><p align=\"center\">\u00a0\u00a0\u00a0\u00a0 bogato \u00a0 besedi\u0161\u010de<\/p><p align=\"center\">\u00a0\u00a0\u00a0\u00a0 hitro \u00a0 branje<\/p><p align=\"center\">\u00a0\u00a0\u00a0\u00a0\u00a0 spretnost \u00a0 v eni od umetni\u0161ki dejavnosti<\/p><p align=\"center\">\u00a0\u00a0 motori\u010dna \u00a0 spretnost in vzdr\u017eljivost<\/p><\/td><\/tr><tr><td valign=\"top\" width=\"307\"><p align=\"center\"><strong><em>Motivacija<\/em><\/strong><\/p><p align=\"center\">\u00a0\u00a0\u00a0\u00a0\u00a0 visoke \u00a0 aspiracije in potreba po doseganju odli\u010dnosti<\/p><p align=\"center\">radovednost<\/p><p align=\"center\">\u00a0\u00a0\u00a0\u00a0 raznolikost \u00a0 in mo\u010dno izra\u017eeni interesi<\/p><p align=\"center\">\u00a0\u00a0\u00a0 vztrajnost \u00a0 pri re\u0161evanju nalog<\/p><p align=\"center\">\u00a0\u00a0 visoka \u00a0 storilnostna motivacija<\/p><p align=\"center\">\u00a0\u00a0\u00a0 \u00a0 u\u017eivanje v dose\u017ekih<\/p><\/td><td valign=\"top\" width=\"307\"><p align=\"center\"><strong><em>Socialno in \u010dustveno podro\u010dje<\/em><\/strong><\/p><p align=\"center\">\u00a0\u00a0\u00a0 nekonformizem<\/p><p align=\"center\">\u00a0\u00a0 mo\u010dno \u00a0 razvit ob\u010dutek pravi\u010dnosti<\/p><p align=\"center\">\u00a0\u00a0\u00a0\u00a0\u00a0 neodvisnost \u00a0 in samostojnost<\/p><p align=\"center\">\u00a0\u00a0\u00a0 sposobnost \u00a0 vodenja in vplivanja na druge<\/p><p align=\"center\">\u00a0\u00a0\u00a0\u00a0\u00a0 izrazit \u00a0 smisel za organizacijo<\/p><p align=\"center\">\u00a0\u00a0\u00a0\u00a0 \u00a0 empati\u010dnost<\/p><\/td><\/tr><\/tbody><\/table><p align=\"center\"><strong>2. ODKRIVANJE NADARJENIH U\u010cENCEV<\/strong><\/p><p>Odkrivanje nadarjenih u\u010dencev je strokovno\u00a0zahtevno opravilo. Poteka v treh stopnjah.<\/p><p align=\"center\"><strong><em>A)\u00a0\u00a0<\/em><\/strong><strong><em><u>\u00a0EVIDENTIRANJE U\u010cENCEV<\/u><\/em><\/strong><\/p><p>Prva stopnja je evidentiranje u\u010dencev, ki bi lahko bili nadarjeni. Ta poteka na osnovi razli\u010dnih kriterijev brez testiranj ali uporabe posebnih ocenjevalnih pripomo\u010dkov:<\/p><p>&#8211;\u00a0\u00a0\u00a0\u00a0\u00a0\u00a0\u00a0<strong>u\u010dni uspeh<\/strong>: u\u010denec dosledno izkazuje visoke u\u010dne dose\u017eke<\/p><p>&#8211;\u00a0\u00a0\u00a0\u00a0\u00a0\u00a0\u00a0<strong>dose\u017eki<\/strong>: izjemni dose\u017eki pri likovni, glasbeni, tehni\u010dni, \u0161portni vzgoji in drugih dejavnostih<\/p><p>&#8211;\u00a0\u00a0\u00a0\u00a0\u00a0\u00a0\u00a0<strong>u\u010diteljevo mnenje<\/strong>, ki si ga je o u\u010dencu oblikoval med vzgojno-izobra\u017eevalnim procesom<\/p><p>&#8211;\u00a0\u00a0\u00a0\u00a0\u00a0\u00a0\u00a0<strong>tekmovanja<\/strong>: udele\u017eba in dobri rezultati na regijskih in dr\u017eavnih tekmovanjih,<\/p><p>&#8211;\u00a0\u00a0\u00a0\u00a0\u00a0\u00a0\u00a0<strong>hobiji<\/strong>: trajnej\u0161e aktivnosti, za katere ima u\u010denec mo\u010dan interes in v katerih dosega nadpovpre\u010dne rezultate<\/p><p>&#8211;\u00a0\u00a0\u00a0\u00a0\u00a0\u00a0\u00a0<strong>mnenje \u0161olske svetovalne slu\u017ebe<\/strong><\/p><p>V skupino evidentiranih u\u010dencev so izbrani u\u010denci, ki izpolnjujejo vsaj enega od navedenih kriterijev.<\/p><p align=\"center\"><strong><em>B)\u00a0\u00a0<\/em><\/strong><strong><em><u>IDENTIFIKACIJA U\u010cENCEV<\/u><\/em><\/strong><\/p><p>Druga stopnja je identifikacija nadarjenih u\u010dencev, ki zajema poglobljeno in podrobnej\u0161o obravnavo evidentiranih u\u010dencev in vklju\u010duje merila:<\/p><p>&#8211;\u00a0\u00a0\u00a0\u00a0\u00a0\u00a0\u00a0<strong>ocena u\u010diteljev<\/strong>\u00a0(ocenjevalne lestvice nadarjenosti)<\/p><p>&#8211;\u00a0\u00a0\u00a0\u00a0\u00a0\u00a0\u00a0<strong>test sposobnosti<\/strong>\u00a0(Ravenove progresivne matrice)<\/p><p>&#8211;\u00a0\u00a0\u00a0\u00a0\u00a0\u00a0\u00a0<strong>test ustvarjalnosti<\/strong>\u00a0(Torrancev test ustvarjalnosti)<\/p><p>Kot nadarjeni so identificirani tisti u\u010denci, ki so vsaj na enem od kriterijev dosegli rezultat, ki sodi med 10 odstotkov najbolj\u0161ih.<\/p><p align=\"center\"><strong><em>C)\u00a0\u00a0<\/em><\/strong><strong><em><u>\u00a0SEZNANITEV IN MNENJE STAR\u0160EV<\/u><\/em><\/strong><\/p><p>Seznanitev in mnenje star\u0161ev je zadnja stopnja odkrivanja nadarjenih, ko svetovalna slu\u017eba skupaj z razrednikom seznani star\u0161e, da je bil njihov otrok spoznan za nadarjenega in pridobi tudi njihovo mnenje o otroku.\u00a0V vseh stopnjah pridobivamo pisno soglasje in mnenje.<\/p><p align=\"center\"><strong>3. PREDLAGANE OBLIKE DELA Z NADARJENIMI U\u010cENCI<\/strong><\/p><table border=\"1\" cellspacing=\"0\" cellpadding=\"0\" align=\"center\"><tbody><tr><td valign=\"top\" width=\"307\"><ul><li>notranja \u00a0 diferenciacija<\/li><li>\u00a0 fleksibilna diferenciacija<\/li><li>\u00a0 dodatni pouk<\/li><li>\u00a0 individualizirani programi za \u00a0 delo z nadarjenimi<\/li><li>\u00a0 vzporedni programi<\/li><li>\u00a0 obogatitveni programi (sobotne \u00a0 \u0161ole\u2026)<\/li><li>\u00a0 \u0161portne in kulturne sekcije<\/li><li>\u00a0 interesne dejavnosti<\/li><li>\u00a0 dnevi dejavnosti<\/li><li>\u00a0 kreativne delavnice<\/li><li>\u00a0 raziskovalni tabori<\/li><\/ul><\/td><td valign=\"top\" width=\"333\"><ul><li>priprava \u00a0 za udele\u017ebo na tekmovanjih<\/li><li>\u00a0 programi za razvijanje \u00a0 socialnih spretnosti<\/li><li>\u00a0 programi za osebni in \u00a0 socialni razvoj (interakcijske vaje, socialne igre, mladinske delavnice)<\/li><li>\u00a0 hitrej\u0161e napredovanje<\/li><li>\u00a0 osebno svetovanje u\u010dencem in \u00a0 star\u0161em<\/li><li>\u00a0 izbirni predmeti<\/li><li>\u00a0 seminarske naloge<\/li><li>\u00a0 raziskovalne naloge<\/li><li>\u00a0 svetovanje nadarjenim pri \u00a0 izbiri poklica<\/li><\/ul><\/td><\/tr><\/tbody><\/table><p align=\"center\"><strong><u>ZAKLJU\u010cEK<\/u><\/strong><\/p><p>Bodimo pozorni in ne dovolimo, da bi bili nadarjeni u\u010denci spregledani.<\/p><p>Skupaj s star\u0161i moramo tem u\u010dencem omogo\u010diti, da za\u010dutijo, prepoznajo, razumejo in razvijajo nadarjenost ali specifi\u010den talent.<\/p><p>Skupaj jim lahko ponudimo optimalne pogoje za razvoj in delo. Le tako bodo vzklili in dosegali presenetljive rezultate.<\/p><p>Sodelovanje s star\u0161i je za odkrivanje in delo z nadarjenimi posebnega pomena. Nadarjenost se pogosto povezuje s specifi\u010dnimi zna\u010dilnostmi, ki jih okolje te\u017eko razume ali sprejema. Prav zato so lahko nadarjeni u\u010denci hitro spregledani.<\/p><p>Nadarjeni u\u010denci potrebujejo bogato, raznoliko ter kompleksno u\u010dno in delovno okolje, saj jih za\u010dne vsakdanjost in ponavljaje dejavnosti hitro dolgo\u010dasiti. Zato so za delo z nadarjenimi u\u010denci potrebna tudi dodatna finan\u010dna sredstva. \u0160ola namenja dodatna sredstva za delo z nadarjenimi u\u010denci iz dodatnega programa ob\u010dine. V \u0161oli deluje tudi \u0160olski sklad, ki v okviru razpolo\u017eljivih sredstev pomaga pri nabavi specifi\u010dnih u\u010dnih pripomo\u010dkov in knji\u017enega gradiva. Pomaga tudi s sofinanciranjem vstopnin in prevoznih stro\u0161kov (raziskovalni tabor, Hi\u0161a eksperimentov \u2026).<\/p><p style=\"text-align: left;\" align=\"right\"><strong>Nina Sekirnik,<\/strong><\/p><p style=\"text-align: left;\" align=\"right\"><strong>koordinatorica za delo z nadarjenimi u\u010denci<\/strong><\/p><\/div>\t\t\t\t\t\t\t\t<\/div>\n\t\t\t\t<\/div>\n\t\t\t\t\t<\/div>\n\t\t<\/div>\n\t\t\t\t\t<\/div>\n\t\t<\/section>\n\t\t\t\t<\/div>\n\t\t","protected":false},"excerpt":{"rendered":"<p>\u00a0\u00a0 Opaziti nadarjenost v otroku pomeni priklicati \u017eelod v rast, mu podariti \u017eivljenje. (James Hillman) OPREDELITEV NADARJENOSTI Nadarjeni u\u010denci so po Zakonu o osnovni \u0161oli &hellip; <\/p>\n","protected":false},"author":1,"featured_media":0,"parent":166,"menu_order":0,"comment_status":"closed","ping_status":"closed","template":"","meta":{"footnotes":""},"class_list":["post-237","page","type-page","status-publish","hentry","image-hover-transition-effect","latest_post"],"yoast_head":"<!-- This site is optimized with the Yoast SEO plugin v27.3 - https:\/\/yoast.com\/product\/yoast-seo-wordpress\/ -->\n<title>Nadarjeni u\u010denci - Osnovna \u0161ola Kajetana Kovi\u010da Polj\u010dane<\/title>\n<meta name=\"robots\" content=\"index, follow, max-snippet:-1, max-image-preview:large, max-video-preview:-1\" \/>\n<link rel=\"canonical\" href=\"https:\/\/ospoljcane.si\/nova\/o-soli\/organizacija\/nadarjeni-ucenci\/\" \/>\n<meta property=\"og:locale\" content=\"sl_SI\" \/>\n<meta property=\"og:type\" content=\"article\" \/>\n<meta property=\"og:title\" content=\"Nadarjeni u\u010denci - Osnovna \u0161ola Kajetana Kovi\u010da Polj\u010dane\" \/>\n<meta property=\"og:description\" content=\"\u00a0\u00a0 Opaziti nadarjenost v otroku pomeni priklicati \u017eelod v rast, mu podariti \u017eivljenje. (James Hillman) OPREDELITEV NADARJENOSTI Nadarjeni u\u010denci so po Zakonu o osnovni \u0161oli &hellip;\" \/>\n<meta property=\"og:url\" content=\"https:\/\/ospoljcane.si\/nova\/o-soli\/organizacija\/nadarjeni-ucenci\/\" \/>\n<meta property=\"og:site_name\" content=\"Osnovna \u0161ola Kajetana Kovi\u010da Polj\u010dane\" \/>\n<meta property=\"article:modified_time\" content=\"2025-10-17T10:14:16+00:00\" \/>\n<meta name=\"twitter:card\" content=\"summary_large_image\" \/>\n<meta name=\"twitter:label1\" content=\"Est. reading time\" \/>\n\t<meta name=\"twitter:data1\" content=\"4 minute\" \/>\n<script type=\"application\/ld+json\" class=\"yoast-schema-graph\">{\"@context\":\"https:\\\/\\\/schema.org\",\"@graph\":[{\"@type\":\"WebPage\",\"@id\":\"https:\\\/\\\/ospoljcane.si\\\/nova\\\/o-soli\\\/organizacija\\\/nadarjeni-ucenci\\\/\",\"url\":\"https:\\\/\\\/ospoljcane.si\\\/nova\\\/o-soli\\\/organizacija\\\/nadarjeni-ucenci\\\/\",\"name\":\"Nadarjeni u\u010denci - Osnovna \u0161ola Kajetana Kovi\u010da Polj\u010dane\",\"isPartOf\":{\"@id\":\"https:\\\/\\\/ospoljcane.si\\\/nova\\\/#website\"},\"datePublished\":\"2020-11-27T13:06:08+00:00\",\"dateModified\":\"2025-10-17T10:14:16+00:00\",\"breadcrumb\":{\"@id\":\"https:\\\/\\\/ospoljcane.si\\\/nova\\\/o-soli\\\/organizacija\\\/nadarjeni-ucenci\\\/#breadcrumb\"},\"inLanguage\":\"sl-SI\",\"potentialAction\":[{\"@type\":\"ReadAction\",\"target\":[\"https:\\\/\\\/ospoljcane.si\\\/nova\\\/o-soli\\\/organizacija\\\/nadarjeni-ucenci\\\/\"]}]},{\"@type\":\"BreadcrumbList\",\"@id\":\"https:\\\/\\\/ospoljcane.si\\\/nova\\\/o-soli\\\/organizacija\\\/nadarjeni-ucenci\\\/#breadcrumb\",\"itemListElement\":[{\"@type\":\"ListItem\",\"position\":1,\"name\":\"Domov\",\"item\":\"https:\\\/\\\/ospoljcane.si\\\/nova\\\/\"},{\"@type\":\"ListItem\",\"position\":2,\"name\":\"O \u0161oli\",\"item\":\"https:\\\/\\\/ospoljcane.si\\\/nova\\\/o-soli\\\/\"},{\"@type\":\"ListItem\",\"position\":3,\"name\":\"Organizacija\",\"item\":\"https:\\\/\\\/ospoljcane.si\\\/nova\\\/o-soli\\\/organizacija\\\/\"},{\"@type\":\"ListItem\",\"position\":4,\"name\":\"Nadarjeni u\u010denci\"}]},{\"@type\":\"WebSite\",\"@id\":\"https:\\\/\\\/ospoljcane.si\\\/nova\\\/#website\",\"url\":\"https:\\\/\\\/ospoljcane.si\\\/nova\\\/\",\"name\":\"Osnovna \u0161ola Kajetana Kovi\u010da Polj\u010dane\",\"description\":\"\",\"publisher\":{\"@id\":\"https:\\\/\\\/ospoljcane.si\\\/nova\\\/#organization\"},\"potentialAction\":[{\"@type\":\"SearchAction\",\"target\":{\"@type\":\"EntryPoint\",\"urlTemplate\":\"https:\\\/\\\/ospoljcane.si\\\/nova\\\/?s={search_term_string}\"},\"query-input\":{\"@type\":\"PropertyValueSpecification\",\"valueRequired\":true,\"valueName\":\"search_term_string\"}}],\"inLanguage\":\"sl-SI\"},{\"@type\":\"Organization\",\"@id\":\"https:\\\/\\\/ospoljcane.si\\\/nova\\\/#organization\",\"name\":\"Osnovna \u0161ola Kajetana Kovi\u010da Polj\u010dane\",\"url\":\"https:\\\/\\\/ospoljcane.si\\\/nova\\\/\",\"logo\":{\"@type\":\"ImageObject\",\"inLanguage\":\"sl-SI\",\"@id\":\"https:\\\/\\\/ospoljcane.si\\\/nova\\\/#\\\/schema\\\/logo\\\/image\\\/\",\"url\":\"https:\\\/\\\/ospoljcane.si\\\/nova\\\/wp-content\\\/uploads\\\/2020\\\/12\\\/cropped-cropped-Logotip-sole-2016_3G-1-1.png\",\"contentUrl\":\"https:\\\/\\\/ospoljcane.si\\\/nova\\\/wp-content\\\/uploads\\\/2020\\\/12\\\/cropped-cropped-Logotip-sole-2016_3G-1-1.png\",\"width\":512,\"height\":512,\"caption\":\"Osnovna \u0161ola Kajetana Kovi\u010da Polj\u010dane\"},\"image\":{\"@id\":\"https:\\\/\\\/ospoljcane.si\\\/nova\\\/#\\\/schema\\\/logo\\\/image\\\/\"}}]}<\/script>\n<!-- \/ Yoast SEO plugin. -->","yoast_head_json":{"title":"Nadarjeni u\u010denci - Osnovna \u0161ola Kajetana Kovi\u010da Polj\u010dane","robots":{"index":"index","follow":"follow","max-snippet":"max-snippet:-1","max-image-preview":"max-image-preview:large","max-video-preview":"max-video-preview:-1"},"canonical":"https:\/\/ospoljcane.si\/nova\/o-soli\/organizacija\/nadarjeni-ucenci\/","og_locale":"sl_SI","og_type":"article","og_title":"Nadarjeni u\u010denci - Osnovna \u0161ola Kajetana Kovi\u010da Polj\u010dane","og_description":"\u00a0\u00a0 Opaziti nadarjenost v otroku pomeni priklicati \u017eelod v rast, mu podariti \u017eivljenje. (James Hillman) OPREDELITEV NADARJENOSTI Nadarjeni u\u010denci so po Zakonu o osnovni \u0161oli &hellip;","og_url":"https:\/\/ospoljcane.si\/nova\/o-soli\/organizacija\/nadarjeni-ucenci\/","og_site_name":"Osnovna \u0161ola Kajetana Kovi\u010da Polj\u010dane","article_modified_time":"2025-10-17T10:14:16+00:00","twitter_card":"summary_large_image","twitter_misc":{"Est. reading time":"4 minute"},"schema":{"@context":"https:\/\/schema.org","@graph":[{"@type":"WebPage","@id":"https:\/\/ospoljcane.si\/nova\/o-soli\/organizacija\/nadarjeni-ucenci\/","url":"https:\/\/ospoljcane.si\/nova\/o-soli\/organizacija\/nadarjeni-ucenci\/","name":"Nadarjeni u\u010denci - Osnovna \u0161ola Kajetana Kovi\u010da Polj\u010dane","isPartOf":{"@id":"https:\/\/ospoljcane.si\/nova\/#website"},"datePublished":"2020-11-27T13:06:08+00:00","dateModified":"2025-10-17T10:14:16+00:00","breadcrumb":{"@id":"https:\/\/ospoljcane.si\/nova\/o-soli\/organizacija\/nadarjeni-ucenci\/#breadcrumb"},"inLanguage":"sl-SI","potentialAction":[{"@type":"ReadAction","target":["https:\/\/ospoljcane.si\/nova\/o-soli\/organizacija\/nadarjeni-ucenci\/"]}]},{"@type":"BreadcrumbList","@id":"https:\/\/ospoljcane.si\/nova\/o-soli\/organizacija\/nadarjeni-ucenci\/#breadcrumb","itemListElement":[{"@type":"ListItem","position":1,"name":"Domov","item":"https:\/\/ospoljcane.si\/nova\/"},{"@type":"ListItem","position":2,"name":"O \u0161oli","item":"https:\/\/ospoljcane.si\/nova\/o-soli\/"},{"@type":"ListItem","position":3,"name":"Organizacija","item":"https:\/\/ospoljcane.si\/nova\/o-soli\/organizacija\/"},{"@type":"ListItem","position":4,"name":"Nadarjeni u\u010denci"}]},{"@type":"WebSite","@id":"https:\/\/ospoljcane.si\/nova\/#website","url":"https:\/\/ospoljcane.si\/nova\/","name":"Osnovna \u0161ola Kajetana Kovi\u010da Polj\u010dane","description":"","publisher":{"@id":"https:\/\/ospoljcane.si\/nova\/#organization"},"potentialAction":[{"@type":"SearchAction","target":{"@type":"EntryPoint","urlTemplate":"https:\/\/ospoljcane.si\/nova\/?s={search_term_string}"},"query-input":{"@type":"PropertyValueSpecification","valueRequired":true,"valueName":"search_term_string"}}],"inLanguage":"sl-SI"},{"@type":"Organization","@id":"https:\/\/ospoljcane.si\/nova\/#organization","name":"Osnovna \u0161ola Kajetana Kovi\u010da Polj\u010dane","url":"https:\/\/ospoljcane.si\/nova\/","logo":{"@type":"ImageObject","inLanguage":"sl-SI","@id":"https:\/\/ospoljcane.si\/nova\/#\/schema\/logo\/image\/","url":"https:\/\/ospoljcane.si\/nova\/wp-content\/uploads\/2020\/12\/cropped-cropped-Logotip-sole-2016_3G-1-1.png","contentUrl":"https:\/\/ospoljcane.si\/nova\/wp-content\/uploads\/2020\/12\/cropped-cropped-Logotip-sole-2016_3G-1-1.png","width":512,"height":512,"caption":"Osnovna \u0161ola Kajetana Kovi\u010da Polj\u010dane"},"image":{"@id":"https:\/\/ospoljcane.si\/nova\/#\/schema\/logo\/image\/"}}]}},"_links":{"self":[{"href":"https:\/\/ospoljcane.si\/nova\/wp-json\/wp\/v2\/pages\/237","targetHints":{"allow":["GET"]}}],"collection":[{"href":"https:\/\/ospoljcane.si\/nova\/wp-json\/wp\/v2\/pages"}],"about":[{"href":"https:\/\/ospoljcane.si\/nova\/wp-json\/wp\/v2\/types\/page"}],"author":[{"embeddable":true,"href":"https:\/\/ospoljcane.si\/nova\/wp-json\/wp\/v2\/users\/1"}],"replies":[{"embeddable":true,"href":"https:\/\/ospoljcane.si\/nova\/wp-json\/wp\/v2\/comments?post=237"}],"version-history":[{"count":34,"href":"https:\/\/ospoljcane.si\/nova\/wp-json\/wp\/v2\/pages\/237\/revisions"}],"predecessor-version":[{"id":23006,"href":"https:\/\/ospoljcane.si\/nova\/wp-json\/wp\/v2\/pages\/237\/revisions\/23006"}],"up":[{"embeddable":true,"href":"https:\/\/ospoljcane.si\/nova\/wp-json\/wp\/v2\/pages\/166"}],"wp:attachment":[{"href":"https:\/\/ospoljcane.si\/nova\/wp-json\/wp\/v2\/media?parent=237"}],"curies":[{"name":"wp","href":"https:\/\/api.w.org\/{rel}","templated":true}]}}