{"id":235,"date":"2020-11-27T13:05:39","date_gmt":"2020-11-27T13:05:39","guid":{"rendered":"http:\/\/ospoljcane.si\/nova\/?page_id=235"},"modified":"2025-10-17T11:54:32","modified_gmt":"2025-10-17T09:54:32","slug":"ucne-skupine","status":"publish","type":"page","link":"https:\/\/ospoljcane.si\/nova\/o-soli\/organizacija\/ucne-skupine\/","title":{"rendered":"U\u010dne skupine"},"content":{"rendered":"\t\t<div data-elementor-type=\"wp-page\" data-elementor-id=\"235\" class=\"elementor elementor-235\" data-elementor-post-type=\"page\">\n\t\t\t\t\t\t<section class=\"elementor-section elementor-top-section elementor-element elementor-element-1c7fb17f elementor-section-boxed elementor-section-height-default elementor-section-height-default\" data-id=\"1c7fb17f\" data-element_type=\"section\" data-e-type=\"section\">\n\t\t\t\t\t\t<div class=\"elementor-container elementor-column-gap-default\">\n\t\t\t\t\t<div class=\"elementor-column elementor-col-100 elementor-top-column elementor-element elementor-element-3bd3cff0\" data-id=\"3bd3cff0\" data-element_type=\"column\" data-e-type=\"column\">\n\t\t\t<div class=\"elementor-widget-wrap elementor-element-populated\">\n\t\t\t\t\t\t<div class=\"elementor-element elementor-element-4c81b381 elementor-widget__width-initial elementor-widget elementor-widget-text-editor\" data-id=\"4c81b381\" data-element_type=\"widget\" data-e-type=\"widget\" data-widget_type=\"text-editor.default\">\n\t\t\t\t<div class=\"elementor-widget-container\">\n\t\t\t\t\t\t\t\t\t<table style=\"font-weight: 400; height: 886px;\" width=\"701\" data-tablestyle=\"MsoNormalTable\" data-tablelook=\"1536\" aria-rowcount=\"15\"><tbody><tr aria-rowindex=\"1\"><td data-celllook=\"4369\"><span data-ccp-props=\"{&quot;134245417&quot;:false,&quot;201341983&quot;:0,&quot;335559740&quot;:240}\">\u00a0<\/span><\/td><td data-celllook=\"4369\"><p><span data-ccp-props=\"{&quot;134245417&quot;:false,&quot;201341983&quot;:0,&quot;335551550&quot;:2,&quot;335551620&quot;:2,&quot;335559740&quot;:240}\">\u00a0<\/span><\/p><\/td><td data-celllook=\"4369\"><p><span data-contrast=\"auto\">Predmet\/pou\u010duje u\u010ditelj v skupini<\/span><span data-ccp-props=\"{&quot;134245417&quot;:false,&quot;201341983&quot;:0,&quot;335559740&quot;:240}\">\u00a0<\/span><\/p><\/td><td data-celllook=\"4369\"><p><span data-contrast=\"auto\">Predmet\/pou\u010duje u\u010ditelj v skupini<\/span><span data-ccp-props=\"{&quot;134245417&quot;:false,&quot;201341983&quot;:0,&quot;335559740&quot;:240}\">\u00a0 \u00a0 \u00a0 \u00a0 \u00a0 \u00a0<\/span><\/p><\/td><td data-celllook=\"4369\"><p><span data-contrast=\"auto\">Predmet\/pou\u010duje u\u010ditelj v skupini<\/span><span data-ccp-props=\"{&quot;134245417&quot;:false,&quot;201341983&quot;:0,&quot;335559740&quot;:240}\">\u00a0 \u00a0 \u00a0 \u00a0 \u00a0\u00a0<\/span><\/p><\/td><\/tr><tr aria-rowindex=\"2\"><td data-celllook=\"4369\"><p><span data-contrast=\"auto\">Razred<\/span><span data-ccp-props=\"{&quot;134245417&quot;:false,&quot;201341983&quot;:0,&quot;335559740&quot;:240}\">\u00a0<\/span><\/p><\/td><td data-celllook=\"4369\"><p><span data-contrast=\"auto\">U\u010d. sk.<\/span><span data-ccp-props=\"{&quot;134245417&quot;:false,&quot;201341983&quot;:0,&quot;335551550&quot;:2,&quot;335551620&quot;:2,&quot;335559740&quot;:240}\">\u00a0 \u00a0 \u00a0<\/span><\/p><\/td><td data-celllook=\"4369\"><p><strong><span style=\"color: #cc99ff;\">MAT\u00a0\u00a0<\/span><\/strong><\/p><\/td><td style=\"text-align: center;\" data-celllook=\"4369\"><p><strong><span style=\"color: #cc99ff;\">SLJ\u00a0<\/span><\/strong><\/p><\/td><td data-celllook=\"4369\"><p><strong><span style=\"color: #cc99ff;\">TJA\u00a0<\/span><\/strong><\/p><\/td><\/tr><tr aria-rowindex=\"3\"><td colspan=\"1\" rowspan=\"3\" data-celllook=\"4369\"><p><span data-contrast=\"auto\">6.<\/span><span data-ccp-props=\"{&quot;134245417&quot;:false,&quot;201341983&quot;:0,&quot;335551550&quot;:2,&quot;335551620&quot;:2,&quot;335559740&quot;:240}\">\u00a0<\/span><\/p><\/td><td data-celllook=\"4369\"><p style=\"text-align: center;\"><span data-ccp-props=\"{&quot;134245417&quot;:false,&quot;201341983&quot;:0,&quot;335551550&quot;:2,&quot;335551620&quot;:2,&quot;335559739&quot;:200,&quot;335559740&quot;:276,&quot;335559991&quot;:359}\">1.\u00a0<\/span><\/p><\/td><td data-celllook=\"4369\">\u00a0<\/td><td data-celllook=\"4369\">HOJNIK L.\u00a0<\/td><td data-celllook=\"69905\">HOJNIK L.<\/td><\/tr><tr aria-rowindex=\"4\"><td style=\"text-align: center;\" data-celllook=\"4369\">2.<\/td><td data-celllook=\"4369\">\u00a0<\/td><td data-celllook=\"4369\">KRAJNC D.<\/td><td data-celllook=\"69905\">KOTNIK R.<\/td><\/tr><tr aria-rowindex=\"5\"><td style=\"text-align: center;\" data-celllook=\"4369\">3.<\/td><td data-celllook=\"4369\">\u00a0<\/td><td data-celllook=\"4369\">SAVSKI T.<\/td><td data-celllook=\"69905\">SIMONI\u010c T.<\/td><\/tr><tr aria-rowindex=\"6\"><td colspan=\"1\" rowspan=\"3\" data-celllook=\"69905\">7.<\/td><td style=\"text-align: center;\" data-celllook=\"69905\">1.\u00a0<\/td><td data-celllook=\"69905\">\u00a0<\/td><td data-celllook=\"69905\">HOJNIK L.\u00a0<\/td><td data-celllook=\"69905\">KOTNIK R.<\/td><\/tr><tr aria-rowindex=\"7\"><td style=\"text-align: center;\" data-celllook=\"69905\">2.<\/td><td data-celllook=\"69905\">\u00a0<\/td><td data-celllook=\"69905\">KRAJNC D.<\/td><td data-celllook=\"69905\">SIMONI\u010c T.<\/td><\/tr><tr aria-rowindex=\"8\"><td style=\"text-align: center;\" data-celllook=\"69905\">3.<\/td><td data-celllook=\"69905\">\u00a0<\/td><td data-celllook=\"69905\">SAVSKI T.<\/td><td data-celllook=\"69905\">HOJNIK L.<\/td><\/tr><tr aria-rowindex=\"9\"><td colspan=\"1\" rowspan=\"3\" data-celllook=\"4369\"><p><span data-contrast=\"auto\">8.<\/span><span data-ccp-props=\"{&quot;134245417&quot;:false,&quot;201341983&quot;:0,&quot;335551550&quot;:2,&quot;335551620&quot;:2,&quot;335559740&quot;:240}\">\u00a0<\/span><\/p><\/td><td data-celllook=\"4369\"><p style=\"text-align: center;\">1.<\/p><\/td><td data-celllook=\"4369\"><p><span data-ccp-props=\"{&quot;134245417&quot;:false,&quot;201341983&quot;:0,&quot;335559740&quot;:240}\"><span style=\"font-family: inherit; font-size: inherit;\">KONEC<\/span><span style=\"font-family: inherit; font-size: inherit;\" data-ccp-props=\"{&quot;134245417&quot;:false,&quot;201341983&quot;:0,&quot;335559740&quot;:240}\"> N.<\/span><\/span><\/p><\/td><td data-celllook=\"4369\"><p>HOJNIK L.<\/p><\/td><td data-celllook=\"4369\"><p><span data-contrast=\"auto\">KOTNIK<\/span><span data-ccp-props=\"{&quot;134245417&quot;:false,&quot;201341983&quot;:0,&quot;335559740&quot;:240}\"> R.<\/span><\/p><\/td><\/tr><tr aria-rowindex=\"10\"><td style=\"text-align: center;\" data-celllook=\"4369\">\u00a0 2.<\/td><td data-celllook=\"4369\"><span data-contrast=\"auto\">JUHART<\/span><span data-ccp-props=\"{&quot;134245417&quot;:false,&quot;201341983&quot;:0,&quot;335559740&quot;:240}\"> T.<\/span><\/td><td data-celllook=\"4369\">SAVSKI T.<\/td><td data-celllook=\"4369\">HOJNIK L.<\/td><\/tr><tr aria-rowindex=\"11\"><td data-celllook=\"4369\"><p style=\"text-align: center;\"><span data-ccp-props=\"{&quot;134245417&quot;:false,&quot;201341983&quot;:0,&quot;335551550&quot;:2,&quot;335551620&quot;:2,&quot;335559739&quot;:200,&quot;335559740&quot;:276,&quot;335559991&quot;:359}\">3.<\/span><\/p><\/td><td data-celllook=\"4369\"><p><span data-ccp-props=\"{&quot;134245417&quot;:false,&quot;201341983&quot;:0,&quot;335559740&quot;:240}\"><span data-ccp-props=\"{&quot;134245417&quot;:false,&quot;201341983&quot;:0,&quot;335559740&quot;:240}\">JUHART T.<\/span><\/span><\/p><\/td><td data-celllook=\"4369\">KRAJNC D.<\/td><td data-celllook=\"4369\"><span data-contrast=\"auto\">S<\/span><span style=\"font-family: inherit; font-size: inherit;\">IMONI\u010c<\/span><span style=\"font-family: inherit; font-size: inherit;\" data-ccp-props=\"{&quot;134245417&quot;:false,&quot;201341983&quot;:0,&quot;335559740&quot;:240}\"> T.<\/span><\/td><\/tr><tr aria-rowindex=\"12\"><td data-celllook=\"4369\">\u00a0<\/td><td data-celllook=\"4369\">\u00a0<\/td><td data-celllook=\"4369\">\u00a0<\/td><td data-celllook=\"4369\">\u00a0<\/td><td data-celllook=\"4369\">\u00a0<\/td><\/tr><tr aria-rowindex=\"13\"><td colspan=\"1\" rowspan=\"3\" data-celllook=\"69905\"><p><span data-contrast=\"auto\">9.<\/span><span data-ccp-props=\"{&quot;134245417&quot;:false,&quot;201341983&quot;:0,&quot;335551550&quot;:2,&quot;335551620&quot;:2,&quot;335559740&quot;:240}\">\u00a0<\/span><\/p><\/td><td data-celllook=\"69905\"><p style=\"text-align: center;\"><span data-ccp-props=\"{&quot;134245417&quot;:false,&quot;201341983&quot;:0,&quot;335551550&quot;:2,&quot;335551620&quot;:2,&quot;335559739&quot;:200,&quot;335559740&quot;:276,&quot;335559991&quot;:359}\">1.\u00a0<\/span><\/p><\/td><td data-celllook=\"69905\"><p><span data-ccp-props=\"{&quot;134245417&quot;:false,&quot;201341983&quot;:0,&quot;335559740&quot;:240}\">\u00a0<\/span><span style=\"font-family: inherit; font-size: inherit;\">KONEC<\/span><span style=\"font-family: inherit; font-size: inherit;\" data-ccp-props=\"{&quot;134245417&quot;:false,&quot;201341983&quot;:0,&quot;335559740&quot;:240}\"> N.<\/span><\/p><\/td><td data-celllook=\"69905\">HOJNIK L.<\/td><td data-celllook=\"69905\">HOJNIK L.<\/td><\/tr><tr aria-rowindex=\"14\"><td style=\"text-align: center;\" data-celllook=\"69905\">2.<\/td><td data-celllook=\"69905\">JUHART T.<\/td><td data-celllook=\"69905\">KRAJNC D.<\/td><td data-celllook=\"69905\">\u00a0KOTNIK R.<\/td><\/tr><tr aria-rowindex=\"15\"><td style=\"text-align: center;\" data-celllook=\"69905\">3.<\/td><td data-celllook=\"69905\"><p><span data-ccp-props=\"{&quot;134245417&quot;:false,&quot;201341983&quot;:0,&quot;335559740&quot;:240}\">\u00a0<\/span><span style=\"font-family: inherit; font-size: inherit;\">KONEC<\/span><span style=\"font-family: inherit; font-size: inherit;\" data-ccp-props=\"{&quot;134245417&quot;:false,&quot;201341983&quot;:0,&quot;335559740&quot;:240}\"> N.<\/span><\/p><\/td><td data-celllook=\"69905\"><p>\u00a0SAVSKI T.<\/p><\/td><td data-celllook=\"69905\"><p><span style=\"font-family: inherit; font-size: inherit;\">SIMONI\u010c<\/span><span style=\"font-family: inherit; font-size: inherit;\" data-ccp-props=\"{&quot;134245417&quot;:false,&quot;201341983&quot;:0,&quot;335559740&quot;:240}\"> T.<\/span><\/p><\/td><\/tr><\/tbody><\/table>\t\t\t\t\t\t\t\t<\/div>\n\t\t\t\t<\/div>\n\t\t\t\t\t<\/div>\n\t\t<\/div>\n\t\t\t\t\t<\/div>\n\t\t<\/section>\n\t\t\t\t<\/div>\n\t\t","protected":false},"excerpt":{"rendered":"<p>\u00a0 \u00a0 Predmet\/pou\u010duje u\u010ditelj v skupini\u00a0 Predmet\/pou\u010duje u\u010ditelj v skupini\u00a0 \u00a0 \u00a0 \u00a0 \u00a0 \u00a0 Predmet\/pou\u010duje u\u010ditelj v skupini\u00a0 \u00a0 \u00a0 \u00a0 \u00a0\u00a0 Razred\u00a0 U\u010d. &hellip; <\/p>\n","protected":false},"author":1,"featured_media":0,"parent":166,"menu_order":0,"comment_status":"closed","ping_status":"closed","template":"","meta":{"footnotes":""},"class_list":["post-235","page","type-page","status-publish","hentry","image-hover-transition-effect","latest_post"],"yoast_head":"<!-- This site is optimized with the Yoast SEO plugin v27.4 - https:\/\/yoast.com\/product\/yoast-seo-wordpress\/ -->\n<title>U\u010dne skupine - Osnovna \u0161ola Kajetana Kovi\u010da Polj\u010dane<\/title>\n<meta name=\"robots\" content=\"index, follow, max-snippet:-1, max-image-preview:large, max-video-preview:-1\" \/>\n<link rel=\"canonical\" href=\"https:\/\/ospoljcane.si\/nova\/o-soli\/organizacija\/ucne-skupine\/\" \/>\n<meta property=\"og:locale\" content=\"sl_SI\" \/>\n<meta property=\"og:type\" content=\"article\" \/>\n<meta property=\"og:title\" content=\"U\u010dne skupine - Osnovna \u0161ola Kajetana Kovi\u010da Polj\u010dane\" \/>\n<meta property=\"og:description\" content=\"\u00a0 \u00a0 Predmet\/pou\u010duje u\u010ditelj v skupini\u00a0 Predmet\/pou\u010duje u\u010ditelj v skupini\u00a0 \u00a0 \u00a0 \u00a0 \u00a0 \u00a0 Predmet\/pou\u010duje u\u010ditelj v skupini\u00a0 \u00a0 \u00a0 \u00a0 \u00a0\u00a0 Razred\u00a0 U\u010d. &hellip;\" \/>\n<meta property=\"og:url\" content=\"https:\/\/ospoljcane.si\/nova\/o-soli\/organizacija\/ucne-skupine\/\" \/>\n<meta property=\"og:site_name\" content=\"Osnovna \u0161ola Kajetana Kovi\u010da Polj\u010dane\" \/>\n<meta property=\"article:modified_time\" content=\"2025-10-17T09:54:32+00:00\" \/>\n<meta name=\"twitter:card\" content=\"summary_large_image\" \/>\n<meta name=\"twitter:label1\" content=\"Est. reading time\" \/>\n\t<meta name=\"twitter:data1\" content=\"1 minuta\" \/>\n<script type=\"application\/ld+json\" class=\"yoast-schema-graph\">{\"@context\":\"https:\\\/\\\/schema.org\",\"@graph\":[{\"@type\":\"WebPage\",\"@id\":\"https:\\\/\\\/ospoljcane.si\\\/nova\\\/o-soli\\\/organizacija\\\/ucne-skupine\\\/\",\"url\":\"https:\\\/\\\/ospoljcane.si\\\/nova\\\/o-soli\\\/organizacija\\\/ucne-skupine\\\/\",\"name\":\"U\u010dne skupine - Osnovna \u0161ola Kajetana Kovi\u010da Polj\u010dane\",\"isPartOf\":{\"@id\":\"https:\\\/\\\/ospoljcane.si\\\/nova\\\/#website\"},\"datePublished\":\"2020-11-27T13:05:39+00:00\",\"dateModified\":\"2025-10-17T09:54:32+00:00\",\"breadcrumb\":{\"@id\":\"https:\\\/\\\/ospoljcane.si\\\/nova\\\/o-soli\\\/organizacija\\\/ucne-skupine\\\/#breadcrumb\"},\"inLanguage\":\"sl-SI\",\"potentialAction\":[{\"@type\":\"ReadAction\",\"target\":[\"https:\\\/\\\/ospoljcane.si\\\/nova\\\/o-soli\\\/organizacija\\\/ucne-skupine\\\/\"]}]},{\"@type\":\"BreadcrumbList\",\"@id\":\"https:\\\/\\\/ospoljcane.si\\\/nova\\\/o-soli\\\/organizacija\\\/ucne-skupine\\\/#breadcrumb\",\"itemListElement\":[{\"@type\":\"ListItem\",\"position\":1,\"name\":\"Domov\",\"item\":\"https:\\\/\\\/ospoljcane.si\\\/nova\\\/\"},{\"@type\":\"ListItem\",\"position\":2,\"name\":\"O \u0161oli\",\"item\":\"https:\\\/\\\/ospoljcane.si\\\/nova\\\/o-soli\\\/\"},{\"@type\":\"ListItem\",\"position\":3,\"name\":\"Organizacija\",\"item\":\"https:\\\/\\\/ospoljcane.si\\\/nova\\\/o-soli\\\/organizacija\\\/\"},{\"@type\":\"ListItem\",\"position\":4,\"name\":\"U\u010dne skupine\"}]},{\"@type\":\"WebSite\",\"@id\":\"https:\\\/\\\/ospoljcane.si\\\/nova\\\/#website\",\"url\":\"https:\\\/\\\/ospoljcane.si\\\/nova\\\/\",\"name\":\"Osnovna \u0161ola Kajetana Kovi\u010da Polj\u010dane\",\"description\":\"\",\"publisher\":{\"@id\":\"https:\\\/\\\/ospoljcane.si\\\/nova\\\/#organization\"},\"potentialAction\":[{\"@type\":\"SearchAction\",\"target\":{\"@type\":\"EntryPoint\",\"urlTemplate\":\"https:\\\/\\\/ospoljcane.si\\\/nova\\\/?s={search_term_string}\"},\"query-input\":{\"@type\":\"PropertyValueSpecification\",\"valueRequired\":true,\"valueName\":\"search_term_string\"}}],\"inLanguage\":\"sl-SI\"},{\"@type\":\"Organization\",\"@id\":\"https:\\\/\\\/ospoljcane.si\\\/nova\\\/#organization\",\"name\":\"Osnovna \u0161ola Kajetana Kovi\u010da Polj\u010dane\",\"url\":\"https:\\\/\\\/ospoljcane.si\\\/nova\\\/\",\"logo\":{\"@type\":\"ImageObject\",\"inLanguage\":\"sl-SI\",\"@id\":\"https:\\\/\\\/ospoljcane.si\\\/nova\\\/#\\\/schema\\\/logo\\\/image\\\/\",\"url\":\"https:\\\/\\\/ospoljcane.si\\\/nova\\\/wp-content\\\/uploads\\\/2020\\\/12\\\/cropped-cropped-Logotip-sole-2016_3G-1-1.png\",\"contentUrl\":\"https:\\\/\\\/ospoljcane.si\\\/nova\\\/wp-content\\\/uploads\\\/2020\\\/12\\\/cropped-cropped-Logotip-sole-2016_3G-1-1.png\",\"width\":512,\"height\":512,\"caption\":\"Osnovna \u0161ola Kajetana Kovi\u010da Polj\u010dane\"},\"image\":{\"@id\":\"https:\\\/\\\/ospoljcane.si\\\/nova\\\/#\\\/schema\\\/logo\\\/image\\\/\"}}]}<\/script>\n<!-- \/ Yoast SEO plugin. -->","yoast_head_json":{"title":"U\u010dne skupine - Osnovna \u0161ola Kajetana Kovi\u010da Polj\u010dane","robots":{"index":"index","follow":"follow","max-snippet":"max-snippet:-1","max-image-preview":"max-image-preview:large","max-video-preview":"max-video-preview:-1"},"canonical":"https:\/\/ospoljcane.si\/nova\/o-soli\/organizacija\/ucne-skupine\/","og_locale":"sl_SI","og_type":"article","og_title":"U\u010dne skupine - Osnovna \u0161ola Kajetana Kovi\u010da Polj\u010dane","og_description":"\u00a0 \u00a0 Predmet\/pou\u010duje u\u010ditelj v skupini\u00a0 Predmet\/pou\u010duje u\u010ditelj v skupini\u00a0 \u00a0 \u00a0 \u00a0 \u00a0 \u00a0 Predmet\/pou\u010duje u\u010ditelj v skupini\u00a0 \u00a0 \u00a0 \u00a0 \u00a0\u00a0 Razred\u00a0 U\u010d. &hellip;","og_url":"https:\/\/ospoljcane.si\/nova\/o-soli\/organizacija\/ucne-skupine\/","og_site_name":"Osnovna \u0161ola Kajetana Kovi\u010da Polj\u010dane","article_modified_time":"2025-10-17T09:54:32+00:00","twitter_card":"summary_large_image","twitter_misc":{"Est. reading time":"1 minuta"},"schema":{"@context":"https:\/\/schema.org","@graph":[{"@type":"WebPage","@id":"https:\/\/ospoljcane.si\/nova\/o-soli\/organizacija\/ucne-skupine\/","url":"https:\/\/ospoljcane.si\/nova\/o-soli\/organizacija\/ucne-skupine\/","name":"U\u010dne skupine - Osnovna \u0161ola Kajetana Kovi\u010da Polj\u010dane","isPartOf":{"@id":"https:\/\/ospoljcane.si\/nova\/#website"},"datePublished":"2020-11-27T13:05:39+00:00","dateModified":"2025-10-17T09:54:32+00:00","breadcrumb":{"@id":"https:\/\/ospoljcane.si\/nova\/o-soli\/organizacija\/ucne-skupine\/#breadcrumb"},"inLanguage":"sl-SI","potentialAction":[{"@type":"ReadAction","target":["https:\/\/ospoljcane.si\/nova\/o-soli\/organizacija\/ucne-skupine\/"]}]},{"@type":"BreadcrumbList","@id":"https:\/\/ospoljcane.si\/nova\/o-soli\/organizacija\/ucne-skupine\/#breadcrumb","itemListElement":[{"@type":"ListItem","position":1,"name":"Domov","item":"https:\/\/ospoljcane.si\/nova\/"},{"@type":"ListItem","position":2,"name":"O \u0161oli","item":"https:\/\/ospoljcane.si\/nova\/o-soli\/"},{"@type":"ListItem","position":3,"name":"Organizacija","item":"https:\/\/ospoljcane.si\/nova\/o-soli\/organizacija\/"},{"@type":"ListItem","position":4,"name":"U\u010dne skupine"}]},{"@type":"WebSite","@id":"https:\/\/ospoljcane.si\/nova\/#website","url":"https:\/\/ospoljcane.si\/nova\/","name":"Osnovna \u0161ola Kajetana Kovi\u010da Polj\u010dane","description":"","publisher":{"@id":"https:\/\/ospoljcane.si\/nova\/#organization"},"potentialAction":[{"@type":"SearchAction","target":{"@type":"EntryPoint","urlTemplate":"https:\/\/ospoljcane.si\/nova\/?s={search_term_string}"},"query-input":{"@type":"PropertyValueSpecification","valueRequired":true,"valueName":"search_term_string"}}],"inLanguage":"sl-SI"},{"@type":"Organization","@id":"https:\/\/ospoljcane.si\/nova\/#organization","name":"Osnovna \u0161ola Kajetana Kovi\u010da Polj\u010dane","url":"https:\/\/ospoljcane.si\/nova\/","logo":{"@type":"ImageObject","inLanguage":"sl-SI","@id":"https:\/\/ospoljcane.si\/nova\/#\/schema\/logo\/image\/","url":"https:\/\/ospoljcane.si\/nova\/wp-content\/uploads\/2020\/12\/cropped-cropped-Logotip-sole-2016_3G-1-1.png","contentUrl":"https:\/\/ospoljcane.si\/nova\/wp-content\/uploads\/2020\/12\/cropped-cropped-Logotip-sole-2016_3G-1-1.png","width":512,"height":512,"caption":"Osnovna \u0161ola Kajetana Kovi\u010da Polj\u010dane"},"image":{"@id":"https:\/\/ospoljcane.si\/nova\/#\/schema\/logo\/image\/"}}]}},"_links":{"self":[{"href":"https:\/\/ospoljcane.si\/nova\/wp-json\/wp\/v2\/pages\/235","targetHints":{"allow":["GET"]}}],"collection":[{"href":"https:\/\/ospoljcane.si\/nova\/wp-json\/wp\/v2\/pages"}],"about":[{"href":"https:\/\/ospoljcane.si\/nova\/wp-json\/wp\/v2\/types\/page"}],"author":[{"embeddable":true,"href":"https:\/\/ospoljcane.si\/nova\/wp-json\/wp\/v2\/users\/1"}],"replies":[{"embeddable":true,"href":"https:\/\/ospoljcane.si\/nova\/wp-json\/wp\/v2\/comments?post=235"}],"version-history":[{"count":25,"href":"https:\/\/ospoljcane.si\/nova\/wp-json\/wp\/v2\/pages\/235\/revisions"}],"predecessor-version":[{"id":22993,"href":"https:\/\/ospoljcane.si\/nova\/wp-json\/wp\/v2\/pages\/235\/revisions\/22993"}],"up":[{"embeddable":true,"href":"https:\/\/ospoljcane.si\/nova\/wp-json\/wp\/v2\/pages\/166"}],"wp:attachment":[{"href":"https:\/\/ospoljcane.si\/nova\/wp-json\/wp\/v2\/media?parent=235"}],"curies":[{"name":"wp","href":"https:\/\/api.w.org\/{rel}","templated":true}]}}