{"id":233,"date":"2020-11-27T13:04:50","date_gmt":"2020-11-27T13:04:50","guid":{"rendered":"http:\/\/ospoljcane.si\/nova\/?page_id=233"},"modified":"2025-10-17T09:39:16","modified_gmt":"2025-10-17T07:39:16","slug":"izbirni-predmeti","status":"publish","type":"page","link":"https:\/\/ospoljcane.si\/nova\/o-soli\/organizacija\/izbirni-predmeti\/","title":{"rendered":"Izbirni predmeti"},"content":{"rendered":"\t\t<div data-elementor-type=\"wp-page\" data-elementor-id=\"233\" class=\"elementor elementor-233\" data-elementor-post-type=\"page\">\n\t\t\t\t\t\t<section class=\"elementor-section elementor-top-section elementor-element elementor-element-32a225c4 elementor-section-boxed elementor-section-height-default elementor-section-height-default\" data-id=\"32a225c4\" data-element_type=\"section\" data-e-type=\"section\">\n\t\t\t\t\t\t<div class=\"elementor-container elementor-column-gap-default\">\n\t\t\t\t\t<div class=\"elementor-column elementor-col-100 elementor-top-column elementor-element elementor-element-3fdb43a4\" data-id=\"3fdb43a4\" data-element_type=\"column\" data-e-type=\"column\">\n\t\t\t<div class=\"elementor-widget-wrap elementor-element-populated\">\n\t\t\t\t\t\t<div class=\"elementor-element elementor-element-522eeb41 elementor-widget elementor-widget-text-editor\" data-id=\"522eeb41\" data-element_type=\"widget\" data-e-type=\"widget\" data-widget_type=\"text-editor.default\">\n\t\t\t\t<div class=\"elementor-widget-container\">\n\t\t\t\t\t\t\t\t\t<p>V \u0161olskem letu 2025\/26 bodo u\u010denci 7., 8. in 9. razredov obiskovali 19 razli\u010dnih izbirnih predmetov, v 2. VIO pa 3 predmete.<\/p><div>U\u010denci lahko svojo izbiro spremenijo v mesecu septembru, \u010de s tem ne nastanejo nove skupine oziroma ne razpadejo obstoje\u010de skupine.<\/div><div>\u00a0<\/div><div><table width=\"103%\"><thead><tr><td colspan=\"5\" width=\"672\"><p><strong>Izbirni predmeti 3. VIO<\/strong><\/p><\/td><\/tr><\/thead><tbody><tr><td width=\"48\"><p>Raz.<\/p><\/td><td width=\"234\"><p>Predmet (oznaka predmeta)<\/p><\/td><td width=\"68\"><p>\u0160t. ur.<\/p><\/td><td width=\"232\"><p>U\u010ditelj\/i<\/p><\/td><td width=\"90\"><p>\u0160t. u\u010d.<\/p><\/td><\/tr><tr><td width=\"48\"><p>7.<\/p><\/td><td width=\"234\"><p>\u0160port za sprostitev (\u0160SP)<\/p><\/td><td width=\"68\"><p>1<\/p><\/td><td width=\"232\"><p><em>Sitar Benjamin<\/em><\/p><\/td><td width=\"90\"><p>18<\/p><\/td><\/tr><tr><td width=\"48\"><p>7.<\/p><\/td><td width=\"234\"><p>Likovno snovanje 1 (LS1)<\/p><\/td><td width=\"68\"><p>1<\/p><\/td><td width=\"232\"><p><em>Rok Dragi\u010d<\/em><\/p><\/td><td width=\"90\"><p>12<\/p><\/td><\/tr><tr><td width=\"48\"><p>7.<\/p><\/td><td width=\"234\"><p>Urejanje besedil (UBE)<\/p><\/td><td width=\"68\"><p>1<\/p><\/td><td width=\"232\"><p><em>Tanja Juhart<\/em><\/p><\/td><td width=\"90\"><p>16<\/p><\/td><\/tr><tr><td width=\"48\"><p>7.<\/p><\/td><td width=\"234\"><p>Obdelava gradiv: Les (OGL)<\/p><\/td><td width=\"68\"><p>2<\/p><\/td><td width=\"232\"><p><em>Sabina Kralj<\/em><\/p><\/td><td width=\"90\"><p>18-spec<\/p><\/td><\/tr><tr><td width=\"48\"><p>7.<\/p><\/td><td width=\"234\"><p>Nem\u0161\u010dina (NI1)<\/p><\/td><td width=\"68\"><p>2<\/p><\/td><td width=\"232\"><p><em>Kra\u010dun Suzana<\/em><\/p><\/td><td width=\"90\"><p>3-komb.<\/p><\/td><\/tr><tr><td width=\"48\"><p>8.<\/p><\/td><td width=\"234\"><p>Likovno snovanje2 (LS2)<\/p><\/td><td width=\"68\"><p>1<\/p><\/td><td width=\"232\"><p><em>Rok Dragi\u010d<\/em><\/p><\/td><td width=\"90\"><p>16<\/p><\/td><\/tr><tr><td width=\"48\"><p>8.<\/p><\/td><td width=\"234\"><p>\u0160port za zdravje (\u0160ZZ)<\/p><\/td><td width=\"68\"><p>2<\/p><\/td><td width=\"232\"><p><em>Ranko Leskovar, Sitar Benjamin<\/em><\/p><\/td><td width=\"90\"><p>23<\/p><\/td><\/tr><tr><td width=\"48\"><p>8.<\/p><\/td><td width=\"234\"><p>Multimedija (MME)<\/p><\/td><td width=\"68\"><p>\/<\/p><\/td><td width=\"232\"><p><em>Tanja Juhart<\/em><\/p><\/td><td width=\"90\"><p>6-komb.<\/p><\/td><\/tr><tr><td width=\"48\"><p>8.<\/p><\/td><td width=\"234\"><p>Sodobna priprava hrane (SPH)<\/p><\/td><td width=\"68\"><p>2<\/p><\/td><td width=\"232\"><p><em>Drofenik Lorber Erna <\/em><\/p><\/td><td width=\"90\"><p>32<\/p><\/td><\/tr><tr><td width=\"48\"><p>8.<\/p><\/td><td width=\"234\"><p>Nem\u0161\u010dina (NI2)<\/p><\/td><td width=\"68\"><p>\/<\/p><\/td><td width=\"232\"><p><em>Kra\u010dun Suzana<\/em><\/p><\/td><td width=\"90\"><p>6-komb.<\/p><\/td><\/tr><tr><td width=\"48\"><p>9.<\/p><\/td><td width=\"234\"><p>Likovno snovanje 3 (LS3)<\/p><\/td><td width=\"68\"><p>1<\/p><\/td><td width=\"232\"><p><em>Rok Dragi\u010d<\/em><\/p><\/td><td width=\"90\"><p>11<\/p><\/td><\/tr><tr><td width=\"48\"><p>9.<\/p><\/td><td width=\"234\"><p>Obdelava gradiv: Kovine (OGK)<\/p><\/td><td width=\"68\"><p>1<\/p><\/td><td width=\"232\"><p><em>Sabina Kralj<\/em><\/p><\/td><td width=\"90\"><p>9<\/p><\/td><\/tr><tr><td width=\"48\"><p>9.<\/p><\/td><td width=\"234\"><p>Izbrani \u0161port (I\u0160P)<\/p><\/td><td width=\"68\"><p>2<\/p><\/td><td width=\"232\"><p><em>Ranko Leskovar, Sitar Benjamin<\/em><\/p><\/td><td width=\"90\"><p>35<\/p><\/td><\/tr><tr><td width=\"48\"><p>9.<\/p><\/td><td width=\"234\"><p>Na\u010dini prehranjevanja (NPH)<\/p><\/td><td width=\"68\"><p>2<\/p><\/td><td width=\"232\"><p><em>Drofenik Lorber Erna<\/em><\/p><\/td><td width=\"90\"><p>19<\/p><\/td><\/tr><tr><td width=\"48\"><p>9.<\/p><\/td><td width=\"234\"><p>Ra\u010dunalni\u0161ka omre\u017eja (ROM)<\/p><\/td><td width=\"68\"><p>1<\/p><\/td><td width=\"232\"><p><em>Juhart Tanja <\/em><\/p><\/td><td width=\"90\"><p>6-komb<\/p><\/td><\/tr><tr><td width=\"48\"><p>9.<\/p><\/td><td width=\"234\"><p>Zvezde in vesolje (ZVE)<\/p><\/td><td width=\"68\"><p>1<\/p><\/td><td width=\"232\"><p><em>Goran Saboli\u010d<\/em><\/p><\/td><td width=\"90\"><p>5<\/p><\/td><\/tr><tr><td width=\"48\"><p>9.<\/p><\/td><td width=\"234\"><p>Nem\u0161\u010dina (NI3)<\/p><\/td><td width=\"68\"><p>2<\/p><\/td><td width=\"232\"><p><em>Kra\u010dun Suzana<\/em><\/p><\/td><td width=\"90\"><p>3- komb.<\/p><\/td><\/tr><tr><td width=\"48\">\u00a0<\/td><td width=\"234\"><p>17 predmetov<\/p><\/td><td width=\"68\"><p>22 ur<\/p><\/td><td width=\"232\">\u00a0<\/td><td width=\"90\">\u00a0<\/td><\/tr><\/tbody><\/table><\/div><div><table width=\"642\"><tbody><tr><td colspan=\"6\" width=\"642\"><p style=\"text-align: left;\"><strong>Neobvezni izbirni predmeti 2. VIO<\/strong><\/p><\/td><\/tr><tr><td width=\"74\"><p>Razred<\/p><\/td><td width=\"143\"><p>NIP<\/p><\/td><td width=\"132\"><p>Prijave<\/p><\/td><td width=\"66\"><p>Ure<\/p><\/td><td width=\"76\"><p>Izvedba<\/p><\/td><td width=\"151\"><p>U\u010ditelji NIP<\/p><\/td><\/tr><tr><td width=\"74\"><p>4. ,5., 6.<\/p><\/td><td width=\"143\"><p>\u0160port (N\u0160P)<\/p><\/td><td width=\"132\"><p>11 + 23 + 25\u00a0 (59)<\/p><\/td><td width=\"66\"><p>3<\/p><\/td><td width=\"76\"><p>3\/3<\/p><\/td><td width=\"151\"><p>Leskovar R., Sitar B.<\/p><\/td><\/tr><tr><td width=\"74\"><p>4. ,5., 6.<\/p><\/td><td width=\"143\"><p>Tehnika (NTE)<\/p><\/td><td width=\"132\"><p>\u00a09 + 19 + 16\u00a0 (44)<\/p><\/td><td width=\"66\"><p>3<\/p><\/td><td width=\"76\"><p>3\/4<\/p><\/td><td width=\"151\"><p>Kralj S., Saboli\u010d G.<\/p><\/td><\/tr><tr><td width=\"74\"><p>4. ,5., 6.<\/p><\/td><td width=\"143\"><p>Ra\u010dunalni\u0161tvo (NRA)<\/p><\/td><td width=\"132\"><p>20 + 13 + 24\u00a0 (57)<\/p><\/td><td width=\"66\"><p>2<\/p><\/td><td width=\"76\"><p>2\/3<\/p><\/td><td width=\"151\"><p>Juhart T., Jelnikar K.<\/p><\/td><\/tr><tr><td colspan=\"3\" width=\"349\"><p>SKUPAJ\u00a0\u00a0\u00a0\u00a0\u00a0\u00a0\u00a0\u00a0\u00a0\u00a0\u00a0\u00a0\u00a0\u00a0\u00a0\u00a0\u00a0\u00a0\u00a0\u00a0\u00a0\u00a0\u00a0\u00a0\u00a0\u00a0\u00a0\u00a0\u00a0\u00a0\u00a0\u00a0\u00a0\u00a0\u00a0\u00a0\u00a0\u00a0\u00a0\u00a0\u00a0\u00a0\u00a0\u00a0\u00a0\u00a0\u00a0\u00a0\u00a0\u00a0\u00a0\u00a0\u00a0\u00a0\u00a0\u00a0\u00a0\u00a0\u00a0\u00a0\u00a0\u00a0\u00a0\u00a0\u00a0\u00a0\u00a0\u00a0\u00a0\u00a0\u00a0\u00a0\u00a0\u00a0\u00a0\u00a0\u00a0\u00a0\u00a0\u00a0\u00a0<\/p><\/td><td width=\"66\"><p>8\/11<\/p><\/td><td width=\"76\"><p>8\/11<\/p><\/td><td width=\"151\">\u00a0<\/td><\/tr><\/tbody><\/table><\/div><div>\u00a0<\/div>\t\t\t\t\t\t\t\t<\/div>\n\t\t\t\t<\/div>\n\t\t\t\t\t<\/div>\n\t\t<\/div>\n\t\t\t\t\t<\/div>\n\t\t<\/section>\n\t\t\t\t<\/div>\n\t\t","protected":false},"excerpt":{"rendered":"<p>V \u0161olskem letu 2025\/26 bodo u\u010denci 7., 8. in 9. razredov obiskovali 19 razli\u010dnih izbirnih predmetov, v 2. VIO pa 3 predmete. U\u010denci lahko svojo &hellip; <\/p>\n","protected":false},"author":1,"featured_media":0,"parent":166,"menu_order":0,"comment_status":"closed","ping_status":"closed","template":"","meta":{"footnotes":""},"class_list":["post-233","page","type-page","status-publish","hentry","image-hover-transition-effect","latest_post"],"yoast_head":"<!-- This site is optimized with the Yoast SEO plugin v27.4 - https:\/\/yoast.com\/product\/yoast-seo-wordpress\/ -->\n<title>Izbirni predmeti - Osnovna \u0161ola Kajetana Kovi\u010da Polj\u010dane<\/title>\n<meta name=\"robots\" content=\"index, follow, max-snippet:-1, max-image-preview:large, max-video-preview:-1\" \/>\n<link rel=\"canonical\" href=\"https:\/\/ospoljcane.si\/nova\/o-soli\/organizacija\/izbirni-predmeti\/\" \/>\n<meta property=\"og:locale\" content=\"sl_SI\" \/>\n<meta property=\"og:type\" content=\"article\" \/>\n<meta property=\"og:title\" content=\"Izbirni predmeti - Osnovna \u0161ola Kajetana Kovi\u010da Polj\u010dane\" \/>\n<meta property=\"og:description\" content=\"V \u0161olskem letu 2025\/26 bodo u\u010denci 7., 8. in 9. razredov obiskovali 19 razli\u010dnih izbirnih predmetov, v 2. VIO pa 3 predmete. U\u010denci lahko svojo &hellip;\" \/>\n<meta property=\"og:url\" content=\"https:\/\/ospoljcane.si\/nova\/o-soli\/organizacija\/izbirni-predmeti\/\" \/>\n<meta property=\"og:site_name\" content=\"Osnovna \u0161ola Kajetana Kovi\u010da Polj\u010dane\" \/>\n<meta property=\"article:modified_time\" content=\"2025-10-17T07:39:16+00:00\" \/>\n<meta name=\"twitter:card\" content=\"summary_large_image\" \/>\n<meta name=\"twitter:label1\" content=\"Est. reading time\" \/>\n\t<meta name=\"twitter:data1\" content=\"2 minuti\" \/>\n<script type=\"application\/ld+json\" class=\"yoast-schema-graph\">{\"@context\":\"https:\\\/\\\/schema.org\",\"@graph\":[{\"@type\":\"WebPage\",\"@id\":\"https:\\\/\\\/ospoljcane.si\\\/nova\\\/o-soli\\\/organizacija\\\/izbirni-predmeti\\\/\",\"url\":\"https:\\\/\\\/ospoljcane.si\\\/nova\\\/o-soli\\\/organizacija\\\/izbirni-predmeti\\\/\",\"name\":\"Izbirni predmeti - Osnovna \u0161ola Kajetana Kovi\u010da Polj\u010dane\",\"isPartOf\":{\"@id\":\"https:\\\/\\\/ospoljcane.si\\\/nova\\\/#website\"},\"datePublished\":\"2020-11-27T13:04:50+00:00\",\"dateModified\":\"2025-10-17T07:39:16+00:00\",\"breadcrumb\":{\"@id\":\"https:\\\/\\\/ospoljcane.si\\\/nova\\\/o-soli\\\/organizacija\\\/izbirni-predmeti\\\/#breadcrumb\"},\"inLanguage\":\"sl-SI\",\"potentialAction\":[{\"@type\":\"ReadAction\",\"target\":[\"https:\\\/\\\/ospoljcane.si\\\/nova\\\/o-soli\\\/organizacija\\\/izbirni-predmeti\\\/\"]}]},{\"@type\":\"BreadcrumbList\",\"@id\":\"https:\\\/\\\/ospoljcane.si\\\/nova\\\/o-soli\\\/organizacija\\\/izbirni-predmeti\\\/#breadcrumb\",\"itemListElement\":[{\"@type\":\"ListItem\",\"position\":1,\"name\":\"Domov\",\"item\":\"https:\\\/\\\/ospoljcane.si\\\/nova\\\/\"},{\"@type\":\"ListItem\",\"position\":2,\"name\":\"O \u0161oli\",\"item\":\"https:\\\/\\\/ospoljcane.si\\\/nova\\\/o-soli\\\/\"},{\"@type\":\"ListItem\",\"position\":3,\"name\":\"Organizacija\",\"item\":\"https:\\\/\\\/ospoljcane.si\\\/nova\\\/o-soli\\\/organizacija\\\/\"},{\"@type\":\"ListItem\",\"position\":4,\"name\":\"Izbirni predmeti\"}]},{\"@type\":\"WebSite\",\"@id\":\"https:\\\/\\\/ospoljcane.si\\\/nova\\\/#website\",\"url\":\"https:\\\/\\\/ospoljcane.si\\\/nova\\\/\",\"name\":\"Osnovna \u0161ola Kajetana Kovi\u010da Polj\u010dane\",\"description\":\"\",\"publisher\":{\"@id\":\"https:\\\/\\\/ospoljcane.si\\\/nova\\\/#organization\"},\"potentialAction\":[{\"@type\":\"SearchAction\",\"target\":{\"@type\":\"EntryPoint\",\"urlTemplate\":\"https:\\\/\\\/ospoljcane.si\\\/nova\\\/?s={search_term_string}\"},\"query-input\":{\"@type\":\"PropertyValueSpecification\",\"valueRequired\":true,\"valueName\":\"search_term_string\"}}],\"inLanguage\":\"sl-SI\"},{\"@type\":\"Organization\",\"@id\":\"https:\\\/\\\/ospoljcane.si\\\/nova\\\/#organization\",\"name\":\"Osnovna \u0161ola Kajetana Kovi\u010da Polj\u010dane\",\"url\":\"https:\\\/\\\/ospoljcane.si\\\/nova\\\/\",\"logo\":{\"@type\":\"ImageObject\",\"inLanguage\":\"sl-SI\",\"@id\":\"https:\\\/\\\/ospoljcane.si\\\/nova\\\/#\\\/schema\\\/logo\\\/image\\\/\",\"url\":\"https:\\\/\\\/ospoljcane.si\\\/nova\\\/wp-content\\\/uploads\\\/2020\\\/12\\\/cropped-cropped-Logotip-sole-2016_3G-1-1.png\",\"contentUrl\":\"https:\\\/\\\/ospoljcane.si\\\/nova\\\/wp-content\\\/uploads\\\/2020\\\/12\\\/cropped-cropped-Logotip-sole-2016_3G-1-1.png\",\"width\":512,\"height\":512,\"caption\":\"Osnovna \u0161ola Kajetana Kovi\u010da Polj\u010dane\"},\"image\":{\"@id\":\"https:\\\/\\\/ospoljcane.si\\\/nova\\\/#\\\/schema\\\/logo\\\/image\\\/\"}}]}<\/script>\n<!-- \/ Yoast SEO plugin. -->","yoast_head_json":{"title":"Izbirni predmeti - Osnovna \u0161ola Kajetana Kovi\u010da Polj\u010dane","robots":{"index":"index","follow":"follow","max-snippet":"max-snippet:-1","max-image-preview":"max-image-preview:large","max-video-preview":"max-video-preview:-1"},"canonical":"https:\/\/ospoljcane.si\/nova\/o-soli\/organizacija\/izbirni-predmeti\/","og_locale":"sl_SI","og_type":"article","og_title":"Izbirni predmeti - Osnovna \u0161ola Kajetana Kovi\u010da Polj\u010dane","og_description":"V \u0161olskem letu 2025\/26 bodo u\u010denci 7., 8. in 9. razredov obiskovali 19 razli\u010dnih izbirnih predmetov, v 2. VIO pa 3 predmete. U\u010denci lahko svojo &hellip;","og_url":"https:\/\/ospoljcane.si\/nova\/o-soli\/organizacija\/izbirni-predmeti\/","og_site_name":"Osnovna \u0161ola Kajetana Kovi\u010da Polj\u010dane","article_modified_time":"2025-10-17T07:39:16+00:00","twitter_card":"summary_large_image","twitter_misc":{"Est. reading time":"2 minuti"},"schema":{"@context":"https:\/\/schema.org","@graph":[{"@type":"WebPage","@id":"https:\/\/ospoljcane.si\/nova\/o-soli\/organizacija\/izbirni-predmeti\/","url":"https:\/\/ospoljcane.si\/nova\/o-soli\/organizacija\/izbirni-predmeti\/","name":"Izbirni predmeti - Osnovna \u0161ola Kajetana Kovi\u010da Polj\u010dane","isPartOf":{"@id":"https:\/\/ospoljcane.si\/nova\/#website"},"datePublished":"2020-11-27T13:04:50+00:00","dateModified":"2025-10-17T07:39:16+00:00","breadcrumb":{"@id":"https:\/\/ospoljcane.si\/nova\/o-soli\/organizacija\/izbirni-predmeti\/#breadcrumb"},"inLanguage":"sl-SI","potentialAction":[{"@type":"ReadAction","target":["https:\/\/ospoljcane.si\/nova\/o-soli\/organizacija\/izbirni-predmeti\/"]}]},{"@type":"BreadcrumbList","@id":"https:\/\/ospoljcane.si\/nova\/o-soli\/organizacija\/izbirni-predmeti\/#breadcrumb","itemListElement":[{"@type":"ListItem","position":1,"name":"Domov","item":"https:\/\/ospoljcane.si\/nova\/"},{"@type":"ListItem","position":2,"name":"O \u0161oli","item":"https:\/\/ospoljcane.si\/nova\/o-soli\/"},{"@type":"ListItem","position":3,"name":"Organizacija","item":"https:\/\/ospoljcane.si\/nova\/o-soli\/organizacija\/"},{"@type":"ListItem","position":4,"name":"Izbirni predmeti"}]},{"@type":"WebSite","@id":"https:\/\/ospoljcane.si\/nova\/#website","url":"https:\/\/ospoljcane.si\/nova\/","name":"Osnovna \u0161ola Kajetana Kovi\u010da Polj\u010dane","description":"","publisher":{"@id":"https:\/\/ospoljcane.si\/nova\/#organization"},"potentialAction":[{"@type":"SearchAction","target":{"@type":"EntryPoint","urlTemplate":"https:\/\/ospoljcane.si\/nova\/?s={search_term_string}"},"query-input":{"@type":"PropertyValueSpecification","valueRequired":true,"valueName":"search_term_string"}}],"inLanguage":"sl-SI"},{"@type":"Organization","@id":"https:\/\/ospoljcane.si\/nova\/#organization","name":"Osnovna \u0161ola Kajetana Kovi\u010da Polj\u010dane","url":"https:\/\/ospoljcane.si\/nova\/","logo":{"@type":"ImageObject","inLanguage":"sl-SI","@id":"https:\/\/ospoljcane.si\/nova\/#\/schema\/logo\/image\/","url":"https:\/\/ospoljcane.si\/nova\/wp-content\/uploads\/2020\/12\/cropped-cropped-Logotip-sole-2016_3G-1-1.png","contentUrl":"https:\/\/ospoljcane.si\/nova\/wp-content\/uploads\/2020\/12\/cropped-cropped-Logotip-sole-2016_3G-1-1.png","width":512,"height":512,"caption":"Osnovna \u0161ola Kajetana Kovi\u010da Polj\u010dane"},"image":{"@id":"https:\/\/ospoljcane.si\/nova\/#\/schema\/logo\/image\/"}}]}},"_links":{"self":[{"href":"https:\/\/ospoljcane.si\/nova\/wp-json\/wp\/v2\/pages\/233","targetHints":{"allow":["GET"]}}],"collection":[{"href":"https:\/\/ospoljcane.si\/nova\/wp-json\/wp\/v2\/pages"}],"about":[{"href":"https:\/\/ospoljcane.si\/nova\/wp-json\/wp\/v2\/types\/page"}],"author":[{"embeddable":true,"href":"https:\/\/ospoljcane.si\/nova\/wp-json\/wp\/v2\/users\/1"}],"replies":[{"embeddable":true,"href":"https:\/\/ospoljcane.si\/nova\/wp-json\/wp\/v2\/comments?post=233"}],"version-history":[{"count":34,"href":"https:\/\/ospoljcane.si\/nova\/wp-json\/wp\/v2\/pages\/233\/revisions"}],"predecessor-version":[{"id":22979,"href":"https:\/\/ospoljcane.si\/nova\/wp-json\/wp\/v2\/pages\/233\/revisions\/22979"}],"up":[{"embeddable":true,"href":"https:\/\/ospoljcane.si\/nova\/wp-json\/wp\/v2\/pages\/166"}],"wp:attachment":[{"href":"https:\/\/ospoljcane.si\/nova\/wp-json\/wp\/v2\/media?parent=233"}],"curies":[{"name":"wp","href":"https:\/\/api.w.org\/{rel}","templated":true}]}}