{"id":23226,"date":"2025-11-03T12:12:23","date_gmt":"2025-11-03T11:12:23","guid":{"rendered":"https:\/\/ospoljcane.si\/nova\/?page_id=23226"},"modified":"2026-03-23T11:55:44","modified_gmt":"2026-03-23T10:55:44","slug":"o-projektu-about-project","status":"publish","type":"page","link":"https:\/\/ospoljcane.si\/nova\/o-projektu-about-project\/","title":{"rendered":"O projektu\/about project"},"content":{"rendered":"\t\t<div data-elementor-type=\"wp-page\" data-elementor-id=\"23226\" class=\"elementor elementor-23226\" data-elementor-post-type=\"page\">\n\t\t\t\t\t\t<section class=\"elementor-section elementor-top-section elementor-element elementor-element-8904e4c elementor-section-boxed elementor-section-height-default elementor-section-height-default\" data-id=\"8904e4c\" data-element_type=\"section\" data-e-type=\"section\">\n\t\t\t\t\t\t<div class=\"elementor-container elementor-column-gap-default\">\n\t\t\t\t\t<div class=\"elementor-column elementor-col-100 elementor-top-column elementor-element elementor-element-df2b166\" data-id=\"df2b166\" data-element_type=\"column\" data-e-type=\"column\">\n\t\t\t<div class=\"elementor-widget-wrap elementor-element-populated\">\n\t\t\t\t\t\t<div class=\"elementor-element elementor-element-334a67a elementor-widget elementor-widget-text-editor\" data-id=\"334a67a\" data-element_type=\"widget\" data-e-type=\"widget\" data-widget_type=\"text-editor.default\">\n\t\t\t\t<div class=\"elementor-widget-container\">\n\t\t\t\t\t\t\t\t\t<div id=\"x_ms-outlook-mobile-body-separator-line\" dir=\"auto\" data-applydefaultfontstyles=\"true\"><div dir=\"auto\" data-olk-copy-source=\"MessageBody\">Na\u0161a Erasmus+ mobilnost na Portugalskem tudi v \u010dasopisu Panorama<\/div><div dir=\"auto\">\u00a0<\/div><div dir=\"auto\">Z veseljem delimo, da je bila na\u0161a nedavna Erasmus+ mobilnost u\u010dencev 8. razreda na Portugalskem predstavljena v \u010dasopisu Panorama.<\/div><div dir=\"auto\">Ponosni smo, da tak\u0161ne zgodbe presegajo \u0161olske okvire in dobijo prostor tudi v \u0161ir\u0161i javnosti.<\/div><\/div><div id=\"x_ms-outlook-mobile-signature\" dir=\"auto\"><div dir=\"auto\">\u00a0<\/div><\/div>\t\t\t\t\t\t\t\t<\/div>\n\t\t\t\t<\/div>\n\t\t\t\t<div class=\"elementor-element elementor-element-ca3fa72 elementor-widget__width-initial elementor-widget elementor-widget-image\" data-id=\"ca3fa72\" data-element_type=\"widget\" data-e-type=\"widget\" data-widget_type=\"image.default\">\n\t\t\t\t<div class=\"elementor-widget-container\">\n\t\t\t\t\t\t\t\t\t\t\t\t\t\t\t<img fetchpriority=\"high\" decoding=\"async\" width=\"207\" height=\"440\" src=\"https:\/\/ospoljcane.si\/nova\/wp-content\/uploads\/2026\/03\/mobilnost-Panorama.png\" class=\"attachment-large size-large wp-image-24640\" alt=\"\" srcset=\"https:\/\/ospoljcane.si\/nova\/wp-content\/uploads\/2026\/03\/mobilnost-Panorama.png 207w, https:\/\/ospoljcane.si\/nova\/wp-content\/uploads\/2026\/03\/mobilnost-Panorama-141x300.png 141w, https:\/\/ospoljcane.si\/nova\/wp-content\/uploads\/2026\/03\/mobilnost-Panorama-28x60.png 28w\" sizes=\"(max-width: 207px) 100vw, 207px\" \/>\t\t\t\t\t\t\t\t\t\t\t\t\t\t\t<\/div>\n\t\t\t\t<\/div>\n\t\t\t\t\t<\/div>\n\t\t<\/div>\n\t\t\t\t\t<\/div>\n\t\t<\/section>\n\t\t\t\t<section class=\"elementor-section elementor-top-section elementor-element elementor-element-63300dd elementor-section-boxed elementor-section-height-default elementor-section-height-default\" data-id=\"63300dd\" data-element_type=\"section\" data-e-type=\"section\">\n\t\t\t\t\t\t<div class=\"elementor-container elementor-column-gap-default\">\n\t\t\t\t\t<div class=\"elementor-column elementor-col-33 elementor-top-column elementor-element elementor-element-ec273b6\" data-id=\"ec273b6\" data-element_type=\"column\" data-e-type=\"column\">\n\t\t\t<div class=\"elementor-widget-wrap\">\n\t\t\t\t\t\t\t<\/div>\n\t\t<\/div>\n\t\t\t\t<div class=\"elementor-column elementor-col-33 elementor-top-column elementor-element elementor-element-7a5b179\" data-id=\"7a5b179\" data-element_type=\"column\" data-e-type=\"column\">\n\t\t\t<div class=\"elementor-widget-wrap\">\n\t\t\t\t\t\t\t<\/div>\n\t\t<\/div>\n\t\t\t\t<div class=\"elementor-column elementor-col-33 elementor-top-column elementor-element elementor-element-1a8a1bf\" data-id=\"1a8a1bf\" data-element_type=\"column\" data-e-type=\"column\">\n\t\t\t<div class=\"elementor-widget-wrap\">\n\t\t\t\t\t\t\t<\/div>\n\t\t<\/div>\n\t\t\t\t\t<\/div>\n\t\t<\/section>\n\t\t\t\t<section class=\"elementor-section elementor-top-section elementor-element elementor-element-6b0266e elementor-section-boxed elementor-section-height-default elementor-section-height-default\" data-id=\"6b0266e\" data-element_type=\"section\" data-e-type=\"section\">\n\t\t\t\t\t\t<div class=\"elementor-container elementor-column-gap-default\">\n\t\t\t\t\t<div class=\"elementor-column elementor-col-100 elementor-top-column elementor-element elementor-element-3d040c5\" data-id=\"3d040c5\" data-element_type=\"column\" data-e-type=\"column\">\n\t\t\t<div class=\"elementor-widget-wrap elementor-element-populated\">\n\t\t\t\t\t\t<div class=\"elementor-element elementor-element-da6e8fd elementor-widget elementor-widget-text-editor\" data-id=\"da6e8fd\" data-element_type=\"widget\" data-e-type=\"widget\" data-widget_type=\"text-editor.default\">\n\t\t\t\t<div class=\"elementor-widget-container\">\n\t\t\t\t\t\t\t\t\t<div class=\"x_elementToProof\"><b data-olk-copy-source=\"MessageBody\">Erasmus+ projekt:\u00a0<i>Razumevanje je pot do sprejemanja<\/i><\/b><\/div><div>\u00a0<\/div><div class=\"x_elementToProof\">Z veseljem sporo\u010damo, da se na na\u0161i \u0161oli za\u010denja\u00a0mednarodni projekt Erasmus+ KA122 SCH, ki bo trajal\u00a0<b>18 mesecev \u2013 od 3. novembra 2025 do 2. maja 2027<\/b>.<br \/>Projekt nosi pomenljiv naslov\u00a0<b>\u00bbRazumevanje je pot do sprejemanja\u00ab<\/b>\u00a0in je usmerjen v spodbujanje strpnosti, raznolikosti in vklju\u010devanja vseh u\u010dencev.<\/div><div class=\"x_elementToProof\"><b>Cilji projekta<\/b><\/div><ul data-end=\"953\" data-start=\"531\"><li><div role=\"presentation\"><b>Opolnomo\u010diti u\u010ditelje<\/b>\u00a0za uporabo vklju\u010dujo\u010dih metod, ki spodbujajo enakopravno vklju\u010devanje u\u010dencev z manj prilo\u017enostmi ter prispevajo k ve\u010dji odprtosti in razumevanju med vsemi u\u010denci.<\/div><\/li><li><div role=\"presentation\"><b>Razviti kulturo medvrstni\u0161ke pomo\u010di<\/b>\u00a0s poudarkom na sodelovanju, spo\u0161tovanju, pripadnosti in delu za skupno dobro.<\/div><\/li><li><div role=\"presentation\"><b>Ustvariti podporno \u0161olsko okolje<\/b>\u00a0za vse u\u010dence, \u0161e posebej za tiste, ki se soo\u010dajo z ve\u010djimi izzivi.<\/div><\/li><\/ul>\t\t\t\t\t\t\t\t<\/div>\n\t\t\t\t<\/div>\n\t\t\t\t\t<\/div>\n\t\t<\/div>\n\t\t\t\t\t<\/div>\n\t\t<\/section>\n\t\t\t\t<section class=\"elementor-section elementor-top-section elementor-element elementor-element-1a1a052 elementor-section-boxed elementor-section-height-default elementor-section-height-default\" data-id=\"1a1a052\" data-element_type=\"section\" data-e-type=\"section\">\n\t\t\t\t\t\t<div class=\"elementor-container elementor-column-gap-default\">\n\t\t\t\t\t<div class=\"elementor-column elementor-col-50 elementor-top-column elementor-element elementor-element-b78a44e\" data-id=\"b78a44e\" data-element_type=\"column\" data-e-type=\"column\">\n\t\t\t<div class=\"elementor-widget-wrap elementor-element-populated\">\n\t\t\t\t\t\t<div class=\"elementor-element elementor-element-c43cc2b elementor-widget__width-initial elementor-widget elementor-widget-text-editor\" data-id=\"c43cc2b\" data-element_type=\"widget\" data-e-type=\"widget\" data-widget_type=\"text-editor.default\">\n\t\t\t\t<div class=\"elementor-widget-container\">\n\t\t\t\t\t\t\t\t\t<div>\u00a0<\/div><div class=\"x_elementToProof\"><b data-olk-copy-source=\"MessageBody\">Mobilnosti in dejavnosti<\/b><\/div><div class=\"x_elementToProof\">V okviru projekta bomo izvedli\u00a0<b>dve mobilnosti za u\u010dence<\/b>:<\/div><ul data-end=\"1149\" data-start=\"1052\"><li><div role=\"presentation\">skupina u\u010dencev bo od\u0161la na\u00a0<b>izmenjavo na Portugalsko<\/b>,<\/div><\/li><li><div role=\"presentation\">druga skupina pa v\u00a0<b>\u0160panijo<\/b>.<\/div><\/li><\/ul><div class=\"x_elementToProof\">Tudi\u00a0<b>u\u010ditelji<\/b>\u00a0bodo imeli prilo\u017enost za strokovno rast:<\/div><ul data-end=\"1388\" data-start=\"1212\"><li><div role=\"presentation\">odpravili se bodo na\u00a0<b>\u0160vedsko<\/b>, kjer bodo spoznali tamkaj\u0161nji izobra\u017eevalni sistem,<\/div><\/li><li><div role=\"presentation\">ter na\u00a0<b>te\u010daje na Islandijo<\/b>, namenjene razvoju vklju\u010dujo\u010dih pedago\u0161kih pristopov.<\/div><\/li><\/ul><div>\u00a0<\/div><div class=\"x_elementToProof\"><b data-olk-copy-source=\"MessageBody\">Projektna ekipa<\/b><\/div><div class=\"x_elementToProof\">Koordinatorica projekta je\u00a0<b><span class=\"markdopbrgd1x\" data-markjs=\"true\" data-ogac=\"\" data-ogab=\"\" data-ogsc=\"\" data-ogsb=\"\">Tadeja<\/span>\u00a0Savski<\/b>, \u010dlanice projektnega tima pa so\u00a0<b>Renata Kotnik<\/b>,\u00a0<b>Nina Sekirnik<\/b>\u00a0in\u00a0<b>Nina \u0160eligo<\/b>.<\/div>\t\t\t\t\t\t\t\t<\/div>\n\t\t\t\t<\/div>\n\t\t\t\t\t<\/div>\n\t\t<\/div>\n\t\t\t\t<div class=\"elementor-column elementor-col-50 elementor-top-column elementor-element elementor-element-6fbb65e\" data-id=\"6fbb65e\" data-element_type=\"column\" data-e-type=\"column\">\n\t\t\t<div class=\"elementor-widget-wrap\">\n\t\t\t\t\t\t\t<\/div>\n\t\t<\/div>\n\t\t\t\t\t<\/div>\n\t\t<\/section>\n\t\t\t\t<section class=\"elementor-section elementor-top-section elementor-element elementor-element-1509506 elementor-section-boxed elementor-section-height-default elementor-section-height-default\" data-id=\"1509506\" data-element_type=\"section\" data-e-type=\"section\">\n\t\t\t\t\t\t<div class=\"elementor-container elementor-column-gap-default\">\n\t\t\t\t\t<div class=\"elementor-column elementor-col-50 elementor-top-column elementor-element elementor-element-2821874\" data-id=\"2821874\" data-element_type=\"column\" data-e-type=\"column\">\n\t\t\t<div class=\"elementor-widget-wrap\">\n\t\t\t\t\t\t\t<\/div>\n\t\t<\/div>\n\t\t\t\t<div class=\"elementor-column elementor-col-50 elementor-top-column elementor-element elementor-element-d4c39b9\" data-id=\"d4c39b9\" data-element_type=\"column\" data-e-type=\"column\">\n\t\t\t<div class=\"elementor-widget-wrap elementor-element-populated\">\n\t\t\t\t\t\t<div class=\"elementor-element elementor-element-10c5fb6 elementor-widget elementor-widget-image\" data-id=\"10c5fb6\" data-element_type=\"widget\" data-e-type=\"widget\" data-widget_type=\"image.default\">\n\t\t\t\t<div class=\"elementor-widget-container\">\n\t\t\t\t\t\t\t\t\t\t\t\t\t\t\t<img decoding=\"async\" width=\"1020\" height=\"214\" src=\"https:\/\/ospoljcane.si\/nova\/wp-content\/uploads\/2025\/11\/SL-Sofinancira-Evropska-unija_POS-1024x215.jpg\" class=\"attachment-large size-large wp-image-23262\" alt=\"\" srcset=\"https:\/\/ospoljcane.si\/nova\/wp-content\/uploads\/2025\/11\/SL-Sofinancira-Evropska-unija_POS-1024x215.jpg 1024w, https:\/\/ospoljcane.si\/nova\/wp-content\/uploads\/2025\/11\/SL-Sofinancira-Evropska-unija_POS-300x63.jpg 300w, https:\/\/ospoljcane.si\/nova\/wp-content\/uploads\/2025\/11\/SL-Sofinancira-Evropska-unija_POS-768x161.jpg 768w, https:\/\/ospoljcane.si\/nova\/wp-content\/uploads\/2025\/11\/SL-Sofinancira-Evropska-unija_POS-1536x322.jpg 1536w, https:\/\/ospoljcane.si\/nova\/wp-content\/uploads\/2025\/11\/SL-Sofinancira-Evropska-unija_POS-2048x430.jpg 2048w, https:\/\/ospoljcane.si\/nova\/wp-content\/uploads\/2025\/11\/SL-Sofinancira-Evropska-unija_POS-286x60.jpg 286w\" sizes=\"(max-width: 1020px) 100vw, 1020px\" \/>\t\t\t\t\t\t\t\t\t\t\t\t\t\t\t<\/div>\n\t\t\t\t<\/div>\n\t\t\t\t\t<\/div>\n\t\t<\/div>\n\t\t\t\t\t<\/div>\n\t\t<\/section>\n\t\t\t\t<\/div>\n\t\t","protected":false},"excerpt":{"rendered":"<p>Na\u0161a Erasmus+ mobilnost na Portugalskem tudi v \u010dasopisu Panorama\u00a0Z veseljem delimo, da je bila na\u0161a nedavna Erasmus+ mobilnost u\u010dencev 8. razreda na Portugalskem predstavljena v &hellip; <\/p>\n","protected":false},"author":6,"featured_media":0,"parent":0,"menu_order":0,"comment_status":"closed","ping_status":"closed","template":"","meta":{"footnotes":""},"class_list":["post-23226","page","type-page","status-publish","hentry","image-hover-transition-effect","latest_post"],"yoast_head":"<!-- This site is optimized with the Yoast SEO plugin v27.3 - https:\/\/yoast.com\/product\/yoast-seo-wordpress\/ -->\n<title>O projektu\/about project - Osnovna \u0161ola Kajetana Kovi\u010da Polj\u010dane<\/title>\n<meta name=\"robots\" content=\"index, follow, max-snippet:-1, max-image-preview:large, max-video-preview:-1\" \/>\n<link rel=\"canonical\" href=\"https:\/\/ospoljcane.si\/nova\/o-projektu-about-project\/\" \/>\n<meta property=\"og:locale\" content=\"sl_SI\" \/>\n<meta property=\"og:type\" content=\"article\" \/>\n<meta property=\"og:title\" content=\"O projektu\/about project - Osnovna \u0161ola Kajetana Kovi\u010da Polj\u010dane\" \/>\n<meta property=\"og:description\" content=\"Na\u0161a Erasmus+ mobilnost na Portugalskem tudi v \u010dasopisu Panorama\u00a0Z veseljem delimo, da je bila na\u0161a nedavna Erasmus+ mobilnost u\u010dencev 8. razreda na Portugalskem predstavljena v &hellip;\" \/>\n<meta property=\"og:url\" content=\"https:\/\/ospoljcane.si\/nova\/o-projektu-about-project\/\" \/>\n<meta property=\"og:site_name\" content=\"Osnovna \u0161ola Kajetana Kovi\u010da Polj\u010dane\" \/>\n<meta property=\"article:modified_time\" content=\"2026-03-23T10:55:44+00:00\" \/>\n<meta property=\"og:image\" content=\"https:\/\/ospoljcane.si\/nova\/wp-content\/uploads\/2026\/03\/mobilnost-Panorama.png\" \/>\n<meta name=\"twitter:card\" content=\"summary_large_image\" \/>\n<meta name=\"twitter:label1\" content=\"Est. reading time\" \/>\n\t<meta name=\"twitter:data1\" content=\"2 minuti\" \/>\n<script type=\"application\/ld+json\" class=\"yoast-schema-graph\">{\"@context\":\"https:\\\/\\\/schema.org\",\"@graph\":[{\"@type\":\"WebPage\",\"@id\":\"https:\\\/\\\/ospoljcane.si\\\/nova\\\/o-projektu-about-project\\\/\",\"url\":\"https:\\\/\\\/ospoljcane.si\\\/nova\\\/o-projektu-about-project\\\/\",\"name\":\"O projektu\\\/about project - Osnovna \u0161ola Kajetana Kovi\u010da Polj\u010dane\",\"isPartOf\":{\"@id\":\"https:\\\/\\\/ospoljcane.si\\\/nova\\\/#website\"},\"primaryImageOfPage\":{\"@id\":\"https:\\\/\\\/ospoljcane.si\\\/nova\\\/o-projektu-about-project\\\/#primaryimage\"},\"image\":{\"@id\":\"https:\\\/\\\/ospoljcane.si\\\/nova\\\/o-projektu-about-project\\\/#primaryimage\"},\"thumbnailUrl\":\"https:\\\/\\\/ospoljcane.si\\\/nova\\\/wp-content\\\/uploads\\\/2026\\\/03\\\/mobilnost-Panorama.png\",\"datePublished\":\"2025-11-03T11:12:23+00:00\",\"dateModified\":\"2026-03-23T10:55:44+00:00\",\"breadcrumb\":{\"@id\":\"https:\\\/\\\/ospoljcane.si\\\/nova\\\/o-projektu-about-project\\\/#breadcrumb\"},\"inLanguage\":\"sl-SI\",\"potentialAction\":[{\"@type\":\"ReadAction\",\"target\":[\"https:\\\/\\\/ospoljcane.si\\\/nova\\\/o-projektu-about-project\\\/\"]}]},{\"@type\":\"ImageObject\",\"inLanguage\":\"sl-SI\",\"@id\":\"https:\\\/\\\/ospoljcane.si\\\/nova\\\/o-projektu-about-project\\\/#primaryimage\",\"url\":\"https:\\\/\\\/ospoljcane.si\\\/nova\\\/wp-content\\\/uploads\\\/2026\\\/03\\\/mobilnost-Panorama.png\",\"contentUrl\":\"https:\\\/\\\/ospoljcane.si\\\/nova\\\/wp-content\\\/uploads\\\/2026\\\/03\\\/mobilnost-Panorama.png\",\"width\":207,\"height\":440},{\"@type\":\"BreadcrumbList\",\"@id\":\"https:\\\/\\\/ospoljcane.si\\\/nova\\\/o-projektu-about-project\\\/#breadcrumb\",\"itemListElement\":[{\"@type\":\"ListItem\",\"position\":1,\"name\":\"Domov\",\"item\":\"https:\\\/\\\/ospoljcane.si\\\/nova\\\/\"},{\"@type\":\"ListItem\",\"position\":2,\"name\":\"O projektu\\\/about project\"}]},{\"@type\":\"WebSite\",\"@id\":\"https:\\\/\\\/ospoljcane.si\\\/nova\\\/#website\",\"url\":\"https:\\\/\\\/ospoljcane.si\\\/nova\\\/\",\"name\":\"Osnovna \u0161ola Kajetana Kovi\u010da Polj\u010dane\",\"description\":\"\",\"publisher\":{\"@id\":\"https:\\\/\\\/ospoljcane.si\\\/nova\\\/#organization\"},\"potentialAction\":[{\"@type\":\"SearchAction\",\"target\":{\"@type\":\"EntryPoint\",\"urlTemplate\":\"https:\\\/\\\/ospoljcane.si\\\/nova\\\/?s={search_term_string}\"},\"query-input\":{\"@type\":\"PropertyValueSpecification\",\"valueRequired\":true,\"valueName\":\"search_term_string\"}}],\"inLanguage\":\"sl-SI\"},{\"@type\":\"Organization\",\"@id\":\"https:\\\/\\\/ospoljcane.si\\\/nova\\\/#organization\",\"name\":\"Osnovna \u0161ola Kajetana Kovi\u010da Polj\u010dane\",\"url\":\"https:\\\/\\\/ospoljcane.si\\\/nova\\\/\",\"logo\":{\"@type\":\"ImageObject\",\"inLanguage\":\"sl-SI\",\"@id\":\"https:\\\/\\\/ospoljcane.si\\\/nova\\\/#\\\/schema\\\/logo\\\/image\\\/\",\"url\":\"https:\\\/\\\/ospoljcane.si\\\/nova\\\/wp-content\\\/uploads\\\/2020\\\/12\\\/cropped-cropped-Logotip-sole-2016_3G-1-1.png\",\"contentUrl\":\"https:\\\/\\\/ospoljcane.si\\\/nova\\\/wp-content\\\/uploads\\\/2020\\\/12\\\/cropped-cropped-Logotip-sole-2016_3G-1-1.png\",\"width\":512,\"height\":512,\"caption\":\"Osnovna \u0161ola Kajetana Kovi\u010da Polj\u010dane\"},\"image\":{\"@id\":\"https:\\\/\\\/ospoljcane.si\\\/nova\\\/#\\\/schema\\\/logo\\\/image\\\/\"}}]}<\/script>\n<!-- \/ Yoast SEO plugin. -->","yoast_head_json":{"title":"O projektu\/about project - Osnovna \u0161ola Kajetana Kovi\u010da Polj\u010dane","robots":{"index":"index","follow":"follow","max-snippet":"max-snippet:-1","max-image-preview":"max-image-preview:large","max-video-preview":"max-video-preview:-1"},"canonical":"https:\/\/ospoljcane.si\/nova\/o-projektu-about-project\/","og_locale":"sl_SI","og_type":"article","og_title":"O projektu\/about project - Osnovna \u0161ola Kajetana Kovi\u010da Polj\u010dane","og_description":"Na\u0161a Erasmus+ mobilnost na Portugalskem tudi v \u010dasopisu Panorama\u00a0Z veseljem delimo, da je bila na\u0161a nedavna Erasmus+ mobilnost u\u010dencev 8. razreda na Portugalskem predstavljena v &hellip;","og_url":"https:\/\/ospoljcane.si\/nova\/o-projektu-about-project\/","og_site_name":"Osnovna \u0161ola Kajetana Kovi\u010da Polj\u010dane","article_modified_time":"2026-03-23T10:55:44+00:00","og_image":[{"url":"https:\/\/ospoljcane.si\/nova\/wp-content\/uploads\/2026\/03\/mobilnost-Panorama.png","type":"","width":"","height":""}],"twitter_card":"summary_large_image","twitter_misc":{"Est. reading time":"2 minuti"},"schema":{"@context":"https:\/\/schema.org","@graph":[{"@type":"WebPage","@id":"https:\/\/ospoljcane.si\/nova\/o-projektu-about-project\/","url":"https:\/\/ospoljcane.si\/nova\/o-projektu-about-project\/","name":"O projektu\/about project - Osnovna \u0161ola Kajetana Kovi\u010da Polj\u010dane","isPartOf":{"@id":"https:\/\/ospoljcane.si\/nova\/#website"},"primaryImageOfPage":{"@id":"https:\/\/ospoljcane.si\/nova\/o-projektu-about-project\/#primaryimage"},"image":{"@id":"https:\/\/ospoljcane.si\/nova\/o-projektu-about-project\/#primaryimage"},"thumbnailUrl":"https:\/\/ospoljcane.si\/nova\/wp-content\/uploads\/2026\/03\/mobilnost-Panorama.png","datePublished":"2025-11-03T11:12:23+00:00","dateModified":"2026-03-23T10:55:44+00:00","breadcrumb":{"@id":"https:\/\/ospoljcane.si\/nova\/o-projektu-about-project\/#breadcrumb"},"inLanguage":"sl-SI","potentialAction":[{"@type":"ReadAction","target":["https:\/\/ospoljcane.si\/nova\/o-projektu-about-project\/"]}]},{"@type":"ImageObject","inLanguage":"sl-SI","@id":"https:\/\/ospoljcane.si\/nova\/o-projektu-about-project\/#primaryimage","url":"https:\/\/ospoljcane.si\/nova\/wp-content\/uploads\/2026\/03\/mobilnost-Panorama.png","contentUrl":"https:\/\/ospoljcane.si\/nova\/wp-content\/uploads\/2026\/03\/mobilnost-Panorama.png","width":207,"height":440},{"@type":"BreadcrumbList","@id":"https:\/\/ospoljcane.si\/nova\/o-projektu-about-project\/#breadcrumb","itemListElement":[{"@type":"ListItem","position":1,"name":"Domov","item":"https:\/\/ospoljcane.si\/nova\/"},{"@type":"ListItem","position":2,"name":"O projektu\/about project"}]},{"@type":"WebSite","@id":"https:\/\/ospoljcane.si\/nova\/#website","url":"https:\/\/ospoljcane.si\/nova\/","name":"Osnovna \u0161ola Kajetana Kovi\u010da Polj\u010dane","description":"","publisher":{"@id":"https:\/\/ospoljcane.si\/nova\/#organization"},"potentialAction":[{"@type":"SearchAction","target":{"@type":"EntryPoint","urlTemplate":"https:\/\/ospoljcane.si\/nova\/?s={search_term_string}"},"query-input":{"@type":"PropertyValueSpecification","valueRequired":true,"valueName":"search_term_string"}}],"inLanguage":"sl-SI"},{"@type":"Organization","@id":"https:\/\/ospoljcane.si\/nova\/#organization","name":"Osnovna \u0161ola Kajetana Kovi\u010da Polj\u010dane","url":"https:\/\/ospoljcane.si\/nova\/","logo":{"@type":"ImageObject","inLanguage":"sl-SI","@id":"https:\/\/ospoljcane.si\/nova\/#\/schema\/logo\/image\/","url":"https:\/\/ospoljcane.si\/nova\/wp-content\/uploads\/2020\/12\/cropped-cropped-Logotip-sole-2016_3G-1-1.png","contentUrl":"https:\/\/ospoljcane.si\/nova\/wp-content\/uploads\/2020\/12\/cropped-cropped-Logotip-sole-2016_3G-1-1.png","width":512,"height":512,"caption":"Osnovna \u0161ola Kajetana Kovi\u010da Polj\u010dane"},"image":{"@id":"https:\/\/ospoljcane.si\/nova\/#\/schema\/logo\/image\/"}}]}},"_links":{"self":[{"href":"https:\/\/ospoljcane.si\/nova\/wp-json\/wp\/v2\/pages\/23226","targetHints":{"allow":["GET"]}}],"collection":[{"href":"https:\/\/ospoljcane.si\/nova\/wp-json\/wp\/v2\/pages"}],"about":[{"href":"https:\/\/ospoljcane.si\/nova\/wp-json\/wp\/v2\/types\/page"}],"author":[{"embeddable":true,"href":"https:\/\/ospoljcane.si\/nova\/wp-json\/wp\/v2\/users\/6"}],"replies":[{"embeddable":true,"href":"https:\/\/ospoljcane.si\/nova\/wp-json\/wp\/v2\/comments?post=23226"}],"version-history":[{"count":7,"href":"https:\/\/ospoljcane.si\/nova\/wp-json\/wp\/v2\/pages\/23226\/revisions"}],"predecessor-version":[{"id":24643,"href":"https:\/\/ospoljcane.si\/nova\/wp-json\/wp\/v2\/pages\/23226\/revisions\/24643"}],"wp:attachment":[{"href":"https:\/\/ospoljcane.si\/nova\/wp-json\/wp\/v2\/media?parent=23226"}],"curies":[{"name":"wp","href":"https:\/\/api.w.org\/{rel}","templated":true}]}}