{"id":231,"date":"2020-11-27T13:04:17","date_gmt":"2020-11-27T13:04:17","guid":{"rendered":"http:\/\/ospoljcane.si\/nova\/?page_id=231"},"modified":"2025-09-16T11:07:52","modified_gmt":"2025-09-16T09:07:52","slug":"solska-svetovalna-sluzba","status":"publish","type":"page","link":"https:\/\/ospoljcane.si\/nova\/o-soli\/organizacija\/solska-svetovalna-sluzba\/","title":{"rendered":"\u0160olska svetovalna slu\u017eba"},"content":{"rendered":"\t\t<div data-elementor-type=\"wp-page\" data-elementor-id=\"231\" class=\"elementor elementor-231\" data-elementor-post-type=\"page\">\n\t\t\t\t\t\t<section class=\"elementor-section elementor-top-section elementor-element elementor-element-6111fd77 elementor-section-boxed elementor-section-height-default elementor-section-height-default\" data-id=\"6111fd77\" data-element_type=\"section\" data-e-type=\"section\">\n\t\t\t\t\t\t<div class=\"elementor-container elementor-column-gap-default\">\n\t\t\t\t\t<div class=\"elementor-column elementor-col-100 elementor-top-column elementor-element elementor-element-63b62152\" data-id=\"63b62152\" data-element_type=\"column\" data-e-type=\"column\">\n\t\t\t<div class=\"elementor-widget-wrap elementor-element-populated\">\n\t\t\t\t\t\t<div class=\"elementor-element elementor-element-3299d1df elementor-widget elementor-widget-text-editor\" data-id=\"3299d1df\" data-element_type=\"widget\" data-e-type=\"widget\" data-widget_type=\"text-editor.default\">\n\t\t\t\t<div class=\"elementor-widget-container\">\n\t\t\t\t\t\t\t\t\t<div align=\"justify\">\u0160olsko svetovalno delo opravljata Nina Sekirnik in Mojca Motaln.<\/div><div align=\"justify\">Delo \u0161olske svetovalne slu\u017ebe opravlja v skladu z individualnim delovnim na\u010drtom, ki je usklajen z LDN \u0161ole.<\/div><div align=\"justify\">Z u\u010denci, u\u010ditelji, star\u0161i in drugimi udele\u017eenci sodeluje na podro\u010dju u\u010denja in pou\u010devanja, vzgoje, \u0161olske klime in kulture, na podro\u010dju spodbujanja spoznavnega, \u010dustvenega in socialnega razvoja otrok, pri poklicni orientaciji in pri razre\u0161evanju razli\u010dnih osebnostnih, socialnih ter ekonomskih stisk in te\u017eav u\u010dencev.<\/div><div align=\"justify\">\u00a0<\/div><div align=\"justify\">Delo poteka v individualnih in skupinskih oblikah z upo\u0161tevanjem principa prostovoljnosti tako pri odraslih udele\u017eencih kot pri u\u010dencih.<\/div><div align=\"justify\">\u00a0<\/div><div align=\"justify\">Poleg teh aktivnosti na\u010drtuje, usmerja in\/ali vodi naslednje dejavnosti:<\/div><ul><li><div>aktivnosti na podro\u010dju dela z u\u010denci s posebnimi potrebami,<\/div><\/li><li><div>aktivnosti ob vpisu otrok v 1. razred osnovne \u0161ole,<\/div><\/li><li><div>aktivnosti poklicne orientacije v 8. in 9. razredu,<\/div><\/li><li><div>spremlja in ugotavlja potrebe u\u010dencev, star\u0161ev in delavcev \u0161ole, daje pobude in spodbuja komunikacijo med vsemi udele\u017eenci v procesu vzgoje in izobra\u017eevanja,<\/div><\/li><li><div>postopke razdelitve sredstev za subvencionirano \u0161olsko prehrano in finan\u010dno pomo\u010d star\u0161em u\u010dencev, ki so vklju\u010deni v \u0160VN.<\/div><\/li><\/ul><div>Po Zakonu o O\u0160\u00a0<span style=\"color: #cc99ff;\"><strong>vpisujemo otroke v \u0161olo v mesecu februarju<\/strong><\/span>\u00a0za naslednje \u0161olsko leto.<\/div>\t\t\t\t\t\t\t\t<\/div>\n\t\t\t\t<\/div>\n\t\t\t\t\t<\/div>\n\t\t<\/div>\n\t\t\t\t\t<\/div>\n\t\t<\/section>\n\t\t\t\t<\/div>\n\t\t","protected":false},"excerpt":{"rendered":"<p>\u0160olsko svetovalno delo opravljata Nina Sekirnik in Mojca Motaln.Delo \u0161olske svetovalne slu\u017ebe opravlja v skladu z individualnim delovnim na\u010drtom, ki je usklajen z LDN \u0161ole.Z &hellip; <\/p>\n","protected":false},"author":1,"featured_media":0,"parent":166,"menu_order":0,"comment_status":"closed","ping_status":"closed","template":"","meta":{"footnotes":""},"class_list":["post-231","page","type-page","status-publish","hentry","image-hover-transition-effect","latest_post"],"yoast_head":"<!-- This site is optimized with the Yoast SEO plugin v27.4 - https:\/\/yoast.com\/product\/yoast-seo-wordpress\/ -->\n<title>\u0160olska svetovalna slu\u017eba - Osnovna \u0161ola Kajetana Kovi\u010da Polj\u010dane<\/title>\n<meta name=\"robots\" content=\"index, follow, max-snippet:-1, max-image-preview:large, max-video-preview:-1\" \/>\n<link rel=\"canonical\" href=\"https:\/\/ospoljcane.si\/nova\/o-soli\/organizacija\/solska-svetovalna-sluzba\/\" \/>\n<meta property=\"og:locale\" content=\"sl_SI\" \/>\n<meta property=\"og:type\" content=\"article\" \/>\n<meta property=\"og:title\" content=\"\u0160olska svetovalna slu\u017eba - Osnovna \u0161ola Kajetana Kovi\u010da Polj\u010dane\" \/>\n<meta property=\"og:description\" content=\"\u0160olsko svetovalno delo opravljata Nina Sekirnik in Mojca Motaln.Delo \u0161olske svetovalne slu\u017ebe opravlja v skladu z individualnim delovnim na\u010drtom, ki je usklajen z LDN \u0161ole.Z &hellip;\" \/>\n<meta property=\"og:url\" content=\"https:\/\/ospoljcane.si\/nova\/o-soli\/organizacija\/solska-svetovalna-sluzba\/\" \/>\n<meta property=\"og:site_name\" content=\"Osnovna \u0161ola Kajetana Kovi\u010da Polj\u010dane\" \/>\n<meta property=\"article:modified_time\" content=\"2025-09-16T09:07:52+00:00\" \/>\n<meta name=\"twitter:card\" content=\"summary_large_image\" \/>\n<meta name=\"twitter:label1\" content=\"Est. reading time\" \/>\n\t<meta name=\"twitter:data1\" content=\"1 minuta\" \/>\n<script type=\"application\/ld+json\" class=\"yoast-schema-graph\">{\"@context\":\"https:\\\/\\\/schema.org\",\"@graph\":[{\"@type\":\"WebPage\",\"@id\":\"https:\\\/\\\/ospoljcane.si\\\/nova\\\/o-soli\\\/organizacija\\\/solska-svetovalna-sluzba\\\/\",\"url\":\"https:\\\/\\\/ospoljcane.si\\\/nova\\\/o-soli\\\/organizacija\\\/solska-svetovalna-sluzba\\\/\",\"name\":\"\u0160olska svetovalna slu\u017eba - Osnovna \u0161ola Kajetana Kovi\u010da Polj\u010dane\",\"isPartOf\":{\"@id\":\"https:\\\/\\\/ospoljcane.si\\\/nova\\\/#website\"},\"datePublished\":\"2020-11-27T13:04:17+00:00\",\"dateModified\":\"2025-09-16T09:07:52+00:00\",\"breadcrumb\":{\"@id\":\"https:\\\/\\\/ospoljcane.si\\\/nova\\\/o-soli\\\/organizacija\\\/solska-svetovalna-sluzba\\\/#breadcrumb\"},\"inLanguage\":\"sl-SI\",\"potentialAction\":[{\"@type\":\"ReadAction\",\"target\":[\"https:\\\/\\\/ospoljcane.si\\\/nova\\\/o-soli\\\/organizacija\\\/solska-svetovalna-sluzba\\\/\"]}]},{\"@type\":\"BreadcrumbList\",\"@id\":\"https:\\\/\\\/ospoljcane.si\\\/nova\\\/o-soli\\\/organizacija\\\/solska-svetovalna-sluzba\\\/#breadcrumb\",\"itemListElement\":[{\"@type\":\"ListItem\",\"position\":1,\"name\":\"Domov\",\"item\":\"https:\\\/\\\/ospoljcane.si\\\/nova\\\/\"},{\"@type\":\"ListItem\",\"position\":2,\"name\":\"O \u0161oli\",\"item\":\"https:\\\/\\\/ospoljcane.si\\\/nova\\\/o-soli\\\/\"},{\"@type\":\"ListItem\",\"position\":3,\"name\":\"Organizacija\",\"item\":\"https:\\\/\\\/ospoljcane.si\\\/nova\\\/o-soli\\\/organizacija\\\/\"},{\"@type\":\"ListItem\",\"position\":4,\"name\":\"\u0160olska svetovalna slu\u017eba\"}]},{\"@type\":\"WebSite\",\"@id\":\"https:\\\/\\\/ospoljcane.si\\\/nova\\\/#website\",\"url\":\"https:\\\/\\\/ospoljcane.si\\\/nova\\\/\",\"name\":\"Osnovna \u0161ola Kajetana Kovi\u010da Polj\u010dane\",\"description\":\"\",\"publisher\":{\"@id\":\"https:\\\/\\\/ospoljcane.si\\\/nova\\\/#organization\"},\"potentialAction\":[{\"@type\":\"SearchAction\",\"target\":{\"@type\":\"EntryPoint\",\"urlTemplate\":\"https:\\\/\\\/ospoljcane.si\\\/nova\\\/?s={search_term_string}\"},\"query-input\":{\"@type\":\"PropertyValueSpecification\",\"valueRequired\":true,\"valueName\":\"search_term_string\"}}],\"inLanguage\":\"sl-SI\"},{\"@type\":\"Organization\",\"@id\":\"https:\\\/\\\/ospoljcane.si\\\/nova\\\/#organization\",\"name\":\"Osnovna \u0161ola Kajetana Kovi\u010da Polj\u010dane\",\"url\":\"https:\\\/\\\/ospoljcane.si\\\/nova\\\/\",\"logo\":{\"@type\":\"ImageObject\",\"inLanguage\":\"sl-SI\",\"@id\":\"https:\\\/\\\/ospoljcane.si\\\/nova\\\/#\\\/schema\\\/logo\\\/image\\\/\",\"url\":\"https:\\\/\\\/ospoljcane.si\\\/nova\\\/wp-content\\\/uploads\\\/2020\\\/12\\\/cropped-cropped-Logotip-sole-2016_3G-1-1.png\",\"contentUrl\":\"https:\\\/\\\/ospoljcane.si\\\/nova\\\/wp-content\\\/uploads\\\/2020\\\/12\\\/cropped-cropped-Logotip-sole-2016_3G-1-1.png\",\"width\":512,\"height\":512,\"caption\":\"Osnovna \u0161ola Kajetana Kovi\u010da Polj\u010dane\"},\"image\":{\"@id\":\"https:\\\/\\\/ospoljcane.si\\\/nova\\\/#\\\/schema\\\/logo\\\/image\\\/\"}}]}<\/script>\n<!-- \/ Yoast SEO plugin. -->","yoast_head_json":{"title":"\u0160olska svetovalna slu\u017eba - Osnovna \u0161ola Kajetana Kovi\u010da Polj\u010dane","robots":{"index":"index","follow":"follow","max-snippet":"max-snippet:-1","max-image-preview":"max-image-preview:large","max-video-preview":"max-video-preview:-1"},"canonical":"https:\/\/ospoljcane.si\/nova\/o-soli\/organizacija\/solska-svetovalna-sluzba\/","og_locale":"sl_SI","og_type":"article","og_title":"\u0160olska svetovalna slu\u017eba - Osnovna \u0161ola Kajetana Kovi\u010da Polj\u010dane","og_description":"\u0160olsko svetovalno delo opravljata Nina Sekirnik in Mojca Motaln.Delo \u0161olske svetovalne slu\u017ebe opravlja v skladu z individualnim delovnim na\u010drtom, ki je usklajen z LDN \u0161ole.Z &hellip;","og_url":"https:\/\/ospoljcane.si\/nova\/o-soli\/organizacija\/solska-svetovalna-sluzba\/","og_site_name":"Osnovna \u0161ola Kajetana Kovi\u010da Polj\u010dane","article_modified_time":"2025-09-16T09:07:52+00:00","twitter_card":"summary_large_image","twitter_misc":{"Est. reading time":"1 minuta"},"schema":{"@context":"https:\/\/schema.org","@graph":[{"@type":"WebPage","@id":"https:\/\/ospoljcane.si\/nova\/o-soli\/organizacija\/solska-svetovalna-sluzba\/","url":"https:\/\/ospoljcane.si\/nova\/o-soli\/organizacija\/solska-svetovalna-sluzba\/","name":"\u0160olska svetovalna slu\u017eba - Osnovna \u0161ola Kajetana Kovi\u010da Polj\u010dane","isPartOf":{"@id":"https:\/\/ospoljcane.si\/nova\/#website"},"datePublished":"2020-11-27T13:04:17+00:00","dateModified":"2025-09-16T09:07:52+00:00","breadcrumb":{"@id":"https:\/\/ospoljcane.si\/nova\/o-soli\/organizacija\/solska-svetovalna-sluzba\/#breadcrumb"},"inLanguage":"sl-SI","potentialAction":[{"@type":"ReadAction","target":["https:\/\/ospoljcane.si\/nova\/o-soli\/organizacija\/solska-svetovalna-sluzba\/"]}]},{"@type":"BreadcrumbList","@id":"https:\/\/ospoljcane.si\/nova\/o-soli\/organizacija\/solska-svetovalna-sluzba\/#breadcrumb","itemListElement":[{"@type":"ListItem","position":1,"name":"Domov","item":"https:\/\/ospoljcane.si\/nova\/"},{"@type":"ListItem","position":2,"name":"O \u0161oli","item":"https:\/\/ospoljcane.si\/nova\/o-soli\/"},{"@type":"ListItem","position":3,"name":"Organizacija","item":"https:\/\/ospoljcane.si\/nova\/o-soli\/organizacija\/"},{"@type":"ListItem","position":4,"name":"\u0160olska svetovalna slu\u017eba"}]},{"@type":"WebSite","@id":"https:\/\/ospoljcane.si\/nova\/#website","url":"https:\/\/ospoljcane.si\/nova\/","name":"Osnovna \u0161ola Kajetana Kovi\u010da Polj\u010dane","description":"","publisher":{"@id":"https:\/\/ospoljcane.si\/nova\/#organization"},"potentialAction":[{"@type":"SearchAction","target":{"@type":"EntryPoint","urlTemplate":"https:\/\/ospoljcane.si\/nova\/?s={search_term_string}"},"query-input":{"@type":"PropertyValueSpecification","valueRequired":true,"valueName":"search_term_string"}}],"inLanguage":"sl-SI"},{"@type":"Organization","@id":"https:\/\/ospoljcane.si\/nova\/#organization","name":"Osnovna \u0161ola Kajetana Kovi\u010da Polj\u010dane","url":"https:\/\/ospoljcane.si\/nova\/","logo":{"@type":"ImageObject","inLanguage":"sl-SI","@id":"https:\/\/ospoljcane.si\/nova\/#\/schema\/logo\/image\/","url":"https:\/\/ospoljcane.si\/nova\/wp-content\/uploads\/2020\/12\/cropped-cropped-Logotip-sole-2016_3G-1-1.png","contentUrl":"https:\/\/ospoljcane.si\/nova\/wp-content\/uploads\/2020\/12\/cropped-cropped-Logotip-sole-2016_3G-1-1.png","width":512,"height":512,"caption":"Osnovna \u0161ola Kajetana Kovi\u010da Polj\u010dane"},"image":{"@id":"https:\/\/ospoljcane.si\/nova\/#\/schema\/logo\/image\/"}}]}},"_links":{"self":[{"href":"https:\/\/ospoljcane.si\/nova\/wp-json\/wp\/v2\/pages\/231","targetHints":{"allow":["GET"]}}],"collection":[{"href":"https:\/\/ospoljcane.si\/nova\/wp-json\/wp\/v2\/pages"}],"about":[{"href":"https:\/\/ospoljcane.si\/nova\/wp-json\/wp\/v2\/types\/page"}],"author":[{"embeddable":true,"href":"https:\/\/ospoljcane.si\/nova\/wp-json\/wp\/v2\/users\/1"}],"replies":[{"embeddable":true,"href":"https:\/\/ospoljcane.si\/nova\/wp-json\/wp\/v2\/comments?post=231"}],"version-history":[{"count":11,"href":"https:\/\/ospoljcane.si\/nova\/wp-json\/wp\/v2\/pages\/231\/revisions"}],"predecessor-version":[{"id":22515,"href":"https:\/\/ospoljcane.si\/nova\/wp-json\/wp\/v2\/pages\/231\/revisions\/22515"}],"up":[{"embeddable":true,"href":"https:\/\/ospoljcane.si\/nova\/wp-json\/wp\/v2\/pages\/166"}],"wp:attachment":[{"href":"https:\/\/ospoljcane.si\/nova\/wp-json\/wp\/v2\/media?parent=231"}],"curies":[{"name":"wp","href":"https:\/\/api.w.org\/{rel}","templated":true}]}}