{"id":2294,"date":"2021-01-24T13:29:03","date_gmt":"2021-01-24T12:29:03","guid":{"rendered":"http:\/\/ospoljcane.si\/nova\/?page_id=2294"},"modified":"2021-05-20T10:19:13","modified_gmt":"2021-05-20T08:19:13","slug":"novice","status":"publish","type":"page","link":"https:\/\/ospoljcane.si\/nova\/novice\/","title":{"rendered":"Novice"},"content":{"rendered":"\t\t<div data-elementor-type=\"wp-page\" data-elementor-id=\"2294\" class=\"elementor elementor-2294\" data-elementor-post-type=\"page\">\n\t\t\t\t\t\t<section class=\"elementor-section elementor-top-section elementor-element elementor-element-76f1532 elementor-section-full_width elementor-section-height-default elementor-section-height-default\" data-id=\"76f1532\" data-element_type=\"section\" data-e-type=\"section\">\n\t\t\t\t\t\t<div class=\"elementor-container elementor-column-gap-default\">\n\t\t\t\t\t<div class=\"elementor-column elementor-col-100 elementor-top-column elementor-element elementor-element-19a78a4\" data-id=\"19a78a4\" data-element_type=\"column\" data-e-type=\"column\">\n\t\t\t<div class=\"elementor-widget-wrap elementor-element-populated\">\n\t\t\t\t\t\t<div class=\"elementor-element elementor-element-6dc81ae elementor-posts--thumbnail-none elementor-posts--align-left elementor-grid-3 elementor-grid-tablet-2 elementor-grid-mobile-1 elementor-card-shadow-yes elementor-posts__hover-gradient elementor-widget elementor-widget-posts\" data-id=\"6dc81ae\" data-element_type=\"widget\" data-e-type=\"widget\" data-settings=\"{&quot;pagination_type&quot;:&quot;numbers_and_prev_next&quot;,&quot;cards_row_gap&quot;:{&quot;unit&quot;:&quot;px&quot;,&quot;size&quot;:40,&quot;sizes&quot;:[]},&quot;cards_columns&quot;:&quot;3&quot;,&quot;cards_columns_tablet&quot;:&quot;2&quot;,&quot;cards_columns_mobile&quot;:&quot;1&quot;,&quot;cards_row_gap_tablet&quot;:{&quot;unit&quot;:&quot;px&quot;,&quot;size&quot;:&quot;&quot;,&quot;sizes&quot;:[]},&quot;cards_row_gap_mobile&quot;:{&quot;unit&quot;:&quot;px&quot;,&quot;size&quot;:&quot;&quot;,&quot;sizes&quot;:[]}}\" data-widget_type=\"posts.cards\">\n\t\t\t\t<div class=\"elementor-widget-container\">\n\t\t\t\t\t\t\t<div class=\"elementor-posts-container elementor-posts elementor-posts--skin-cards elementor-grid\" role=\"list\">\n\t\t\t\t<article class=\"elementor-post elementor-grid-item post-24755 post type-post status-publish format-standard has-post-thumbnail hentry category-dogodki-2025-2026 image-hover-transition-effect latest_post\" role=\"listitem\">\n\t\t\t<div class=\"elementor-post__card\">\n\t\t\t\t<div class=\"elementor-post__text\">\n\t\t\t\t<h1 class=\"elementor-post__title\">\n\t\t\t<a href=\"https:\/\/ospoljcane.si\/nova\/2026\/04\/02\/male-sive-celice-hitri-loncki-4\/\" >\n\t\t\t\tMale sive celice, Hitri lon\u010dki\t\t\t<\/a>\n\t\t<\/h1>\n\t\t\t\t<div class=\"elementor-post__excerpt\">\n\t\t\t<p>1. 4. smo v polfinalu uspe\u0161no premagali O\u0160 Vavta vas in se uvrstili v FINALE, ki bo 14. 4. V finalu se bomo pomerili z<\/p>\n\t\t<\/div>\n\t\t\n\t\t<a class=\"elementor-post__read-more\" href=\"https:\/\/ospoljcane.si\/nova\/2026\/04\/02\/male-sive-celice-hitri-loncki-4\/\" aria-label=\"Read more about Male sive celice, Hitri lon\u010dki\" tabindex=\"-1\" >\n\t\t\tPreberite ve\u010d\t\t<\/a>\n\n\t\t\t\t<\/div>\n\t\t\t\t\t<\/div>\n\t\t<\/article>\n\t\t\t\t<article class=\"elementor-post elementor-grid-item post-24717 post type-post status-publish format-standard has-post-thumbnail hentry category-dogodki-2025-2026 image-hover-transition-effect latest_post\" role=\"listitem\">\n\t\t\t<div class=\"elementor-post__card\">\n\t\t\t\t<div class=\"elementor-post__text\">\n\t\t\t\t<h1 class=\"elementor-post__title\">\n\t\t\t<a href=\"https:\/\/ospoljcane.si\/nova\/2026\/03\/31\/regijsko-tekmovanje-zotks-iz-konstruktorstva-2\/\" >\n\t\t\t\tRegijsko tekmovanje\u00a0 ZOTKS iz konstruktorstva\t\t\t<\/a>\n\t\t<\/h1>\n\t\t\t\t<div class=\"elementor-post__excerpt\">\n\t\t\t<p>Na regijskem tekmovanju\u00a0 ZOTKS iz konstruktorstva, 27. 3. 2026, somo osvojili:\u00a01. mesto v kategoriji izdelek iz lesa, Gregor Kroo\u0161el (9.a) in Jan \u0160abec (9.a)1. mesto<\/p>\n\t\t<\/div>\n\t\t\n\t\t<a class=\"elementor-post__read-more\" href=\"https:\/\/ospoljcane.si\/nova\/2026\/03\/31\/regijsko-tekmovanje-zotks-iz-konstruktorstva-2\/\" aria-label=\"Read more about Regijsko tekmovanje\u00a0 ZOTKS iz konstruktorstva\" tabindex=\"-1\" >\n\t\t\tPreberite ve\u010d\t\t<\/a>\n\n\t\t\t\t<\/div>\n\t\t\t\t\t<\/div>\n\t\t<\/article>\n\t\t\t\t<article class=\"elementor-post elementor-grid-item post-24697 post type-post status-publish format-standard has-post-thumbnail hentry category-dogodki-2025-2026 image-hover-transition-effect latest_post\" role=\"listitem\">\n\t\t\t<div class=\"elementor-post__card\">\n\t\t\t\t<div class=\"elementor-post__text\">\n\t\t\t\t<h1 class=\"elementor-post__title\">\n\t\t\t<a href=\"https:\/\/ospoljcane.si\/nova\/2026\/03\/31\/uspesen-nastop-folklorne-skupine-na-obmocni-reviji\/\" >\n\t\t\t\tUSPE\u0160EN NASTOP Folklorne skupine na obmo\u010dni reviji\t\t\t<\/a>\n\t\t<\/h1>\n\t\t\t\t<div class=\"elementor-post__excerpt\">\n\t\t\t<p>Folklorna skupina na\u0161e \u0161ole\u00a0 je izvedla uspe\u0161en nastop na Obmo\u010dni reviji otro\u0161kih folklornih skupin v organizaciji JSRSKD. Revija je potekala na Zgornji Polskavi, 26. 3.<\/p>\n\t\t<\/div>\n\t\t\n\t\t<a class=\"elementor-post__read-more\" href=\"https:\/\/ospoljcane.si\/nova\/2026\/03\/31\/uspesen-nastop-folklorne-skupine-na-obmocni-reviji\/\" aria-label=\"Read more about USPE\u0160EN NASTOP Folklorne skupine na obmo\u010dni reviji\" tabindex=\"-1\" >\n\t\t\tPreberite ve\u010d\t\t<\/a>\n\n\t\t\t\t<\/div>\n\t\t\t\t\t<\/div>\n\t\t<\/article>\n\t\t\t\t<article class=\"elementor-post elementor-grid-item post-24733 post type-post status-publish format-standard has-post-thumbnail hentry category-dogodki-2025-2026 image-hover-transition-effect latest_post\" role=\"listitem\">\n\t\t\t<div class=\"elementor-post__card\">\n\t\t\t\t<div class=\"elementor-post__text\">\n\t\t\t\t<h1 class=\"elementor-post__title\">\n\t\t\t<a href=\"https:\/\/ospoljcane.si\/nova\/2026\/03\/31\/drzavno-prvenstvo-v-alpskem-smucanju-2026\/\" >\n\t\t\t\tDr\u017eavno prvenstvo v alpskem smu\u010danju 2026\t\t\t<\/a>\n\t\t<\/h1>\n\t\t\t\t<div class=\"elementor-post__excerpt\">\n\t\t\t<p>Leto\u0161nje leto se je na dr\u017eavno prvenstvo v alpskem smu\u010danju (disciplina veleslalom), uvrstil samo en na\u0161 u\u010denec. Kljub pomladnemu vremenu, sva se z Izakom, skupaj<\/p>\n\t\t<\/div>\n\t\t\n\t\t<a class=\"elementor-post__read-more\" href=\"https:\/\/ospoljcane.si\/nova\/2026\/03\/31\/drzavno-prvenstvo-v-alpskem-smucanju-2026\/\" aria-label=\"Read more about Dr\u017eavno prvenstvo v alpskem smu\u010danju 2026\" tabindex=\"-1\" >\n\t\t\tPreberite ve\u010d\t\t<\/a>\n\n\t\t\t\t<\/div>\n\t\t\t\t\t<\/div>\n\t\t<\/article>\n\t\t\t\t<article class=\"elementor-post elementor-grid-item post-24667 post type-post status-publish format-standard has-post-thumbnail hentry category-dogodki-2025-2026 image-hover-transition-effect latest_post\" role=\"listitem\">\n\t\t\t<div class=\"elementor-post__card\">\n\t\t\t\t<div class=\"elementor-post__text\">\n\t\t\t\t<h1 class=\"elementor-post__title\">\n\t\t\t<a href=\"https:\/\/ospoljcane.si\/nova\/2026\/03\/30\/dan-inkluzije-na-nasi-soli\/\" >\n\t\t\t\tDan inkluzije na na\u0161i \u0161oli\t\t\t<\/a>\n\t\t<\/h1>\n\t\t\t\t<div class=\"elementor-post__excerpt\">\n\t\t\t<p>V okviru dneva inkluzije smo na na\u0161i \u0161oli izvedli razli\u010dne dejavnosti, s katerimi smo u\u010dence spodbujali k razumevanju, sprejemanju in vklju\u010devanju.U\u010denci 2. in 6. razreda<\/p>\n\t\t<\/div>\n\t\t\n\t\t<a class=\"elementor-post__read-more\" href=\"https:\/\/ospoljcane.si\/nova\/2026\/03\/30\/dan-inkluzije-na-nasi-soli\/\" aria-label=\"Read more about Dan inkluzije na na\u0161i \u0161oli\" tabindex=\"-1\" >\n\t\t\tPreberite ve\u010d\t\t<\/a>\n\n\t\t\t\t<\/div>\n\t\t\t\t\t<\/div>\n\t\t<\/article>\n\t\t\t\t<article class=\"elementor-post elementor-grid-item post-24644 post type-post status-publish format-standard has-post-thumbnail hentry category-dogodki-2025-2026 image-hover-transition-effect latest_post\" role=\"listitem\">\n\t\t\t<div class=\"elementor-post__card\">\n\t\t\t\t<div class=\"elementor-post__text\">\n\t\t\t\t<h1 class=\"elementor-post__title\">\n\t\t\t<a href=\"https:\/\/ospoljcane.si\/nova\/2026\/03\/23\/escape-school-mozgani-na-off\/\" >\n\t\t\t\tEscape school\/Mo\u017egani na \u00bboff\u00ab\t\t\t<\/a>\n\t\t<\/h1>\n\t\t\t\t<div class=\"elementor-post__excerpt\">\n\t\t\t<p>Na prvi spomladanski dan smo skupaj z 2. O\u0160 Slovenska Bistrica in O\u0160 Gustava \u0160iliha Laporje izvedli ESCAPE SCHOOL za nadarjene u\u010dence na O\u0160 Gustava<\/p>\n\t\t<\/div>\n\t\t\n\t\t<a class=\"elementor-post__read-more\" href=\"https:\/\/ospoljcane.si\/nova\/2026\/03\/23\/escape-school-mozgani-na-off\/\" aria-label=\"Read more about Escape school\/Mo\u017egani na \u00bboff\u00ab\" tabindex=\"-1\" >\n\t\t\tPreberite ve\u010d\t\t<\/a>\n\n\t\t\t\t<\/div>\n\t\t\t\t\t<\/div>\n\t\t<\/article>\n\t\t\t\t<\/div>\n\t\t\n\t\t\t\t<div class=\"e-load-more-anchor\" data-page=\"1\" data-max-page=\"95\" data-next-page=\"https:\/\/ospoljcane.si\/nova\/wp-json\/wp\/v2\/pages\/2294\/page\/2\/\"><\/div>\n\t\t\t\t<nav class=\"elementor-pagination\" aria-label=\"Pagination\">\n\t\t\t<span class=\"page-numbers prev\">&laquo;Prej\u0161nja<\/span>\n<span aria-current=\"page\" class=\"page-numbers current\"><span class=\"elementor-screen-only\">Page<\/span>1<\/span>\n<a class=\"page-numbers\" href=\"https:\/\/ospoljcane.si\/nova\/wp-json\/wp\/v2\/pages\/2294\/page\/2\/\"><span class=\"elementor-screen-only\">Page<\/span>2<\/a>\n<a class=\"page-numbers\" href=\"https:\/\/ospoljcane.si\/nova\/wp-json\/wp\/v2\/pages\/2294\/page\/3\/\"><span class=\"elementor-screen-only\">Page<\/span>3<\/a>\n<span class=\"page-numbers dots\">&hellip;<\/span>\n<a class=\"page-numbers\" href=\"https:\/\/ospoljcane.si\/nova\/wp-json\/wp\/v2\/pages\/2294\/page\/95\/\"><span class=\"elementor-screen-only\">Page<\/span>95<\/a>\n<a class=\"page-numbers next\" href=\"https:\/\/ospoljcane.si\/nova\/wp-json\/wp\/v2\/pages\/2294\/page\/2\/\">Naslednja&raquo;<\/a>\t\t<\/nav>\n\t\t\t\t\t\t<\/div>\n\t\t\t\t<\/div>\n\t\t\t\t\t<\/div>\n\t\t<\/div>\n\t\t\t\t\t<\/div>\n\t\t<\/section>\n\t\t\t\t<\/div>\n\t\t","protected":false},"excerpt":{"rendered":"","protected":false},"author":1,"featured_media":0,"parent":0,"menu_order":0,"comment_status":"closed","ping_status":"closed","template":"","meta":{"footnotes":""},"class_list":["post-2294","page","type-page","status-publish","hentry","image-hover-transition-effect","latest_post"],"yoast_head":"<!-- This site is optimized with the Yoast SEO plugin v27.3 - https:\/\/yoast.com\/product\/yoast-seo-wordpress\/ -->\n<title>Novice - Osnovna \u0161ola Kajetana Kovi\u010da Polj\u010dane<\/title>\n<meta name=\"description\" content=\"Tukaj najdete vse novice in izveste vse o dogajanju na osnovni \u0161oli Kajetana Kovi\u010da Polj\u010dane.\" \/>\n<meta name=\"robots\" content=\"index, follow, max-snippet:-1, max-image-preview:large, max-video-preview:-1\" \/>\n<link rel=\"canonical\" href=\"https:\/\/ospoljcane.si\/nova\/novice\/\" \/>\n<meta property=\"og:locale\" content=\"sl_SI\" \/>\n<meta property=\"og:type\" content=\"article\" \/>\n<meta property=\"og:title\" content=\"Novice - Osnovna \u0161ola Kajetana Kovi\u010da Polj\u010dane\" \/>\n<meta property=\"og:description\" content=\"Tukaj najdete vse novice in izveste vse o dogajanju na osnovni \u0161oli Kajetana Kovi\u010da Polj\u010dane.\" \/>\n<meta property=\"og:url\" content=\"https:\/\/ospoljcane.si\/nova\/novice\/\" \/>\n<meta property=\"og:site_name\" content=\"Osnovna \u0161ola Kajetana Kovi\u010da Polj\u010dane\" \/>\n<meta property=\"article:modified_time\" content=\"2021-05-20T08:19:13+00:00\" \/>\n<meta name=\"twitter:card\" content=\"summary_large_image\" \/>\n<meta name=\"twitter:label1\" content=\"Est. reading time\" \/>\n\t<meta name=\"twitter:data1\" content=\"1 minuta\" \/>\n<script type=\"application\/ld+json\" class=\"yoast-schema-graph\">{\"@context\":\"https:\\\/\\\/schema.org\",\"@graph\":[{\"@type\":\"WebPage\",\"@id\":\"https:\\\/\\\/ospoljcane.si\\\/nova\\\/novice\\\/\",\"url\":\"https:\\\/\\\/ospoljcane.si\\\/nova\\\/novice\\\/\",\"name\":\"Novice - Osnovna \u0161ola Kajetana Kovi\u010da Polj\u010dane\",\"isPartOf\":{\"@id\":\"https:\\\/\\\/ospoljcane.si\\\/nova\\\/#website\"},\"datePublished\":\"2021-01-24T12:29:03+00:00\",\"dateModified\":\"2021-05-20T08:19:13+00:00\",\"description\":\"Tukaj najdete vse novice in izveste vse o dogajanju na osnovni \u0161oli Kajetana Kovi\u010da Polj\u010dane.\",\"breadcrumb\":{\"@id\":\"https:\\\/\\\/ospoljcane.si\\\/nova\\\/novice\\\/#breadcrumb\"},\"inLanguage\":\"sl-SI\",\"potentialAction\":[{\"@type\":\"ReadAction\",\"target\":[\"https:\\\/\\\/ospoljcane.si\\\/nova\\\/novice\\\/\"]}]},{\"@type\":\"BreadcrumbList\",\"@id\":\"https:\\\/\\\/ospoljcane.si\\\/nova\\\/novice\\\/#breadcrumb\",\"itemListElement\":[{\"@type\":\"ListItem\",\"position\":1,\"name\":\"Domov\",\"item\":\"https:\\\/\\\/ospoljcane.si\\\/nova\\\/\"},{\"@type\":\"ListItem\",\"position\":2,\"name\":\"Novice\"}]},{\"@type\":\"WebSite\",\"@id\":\"https:\\\/\\\/ospoljcane.si\\\/nova\\\/#website\",\"url\":\"https:\\\/\\\/ospoljcane.si\\\/nova\\\/\",\"name\":\"Osnovna \u0161ola Kajetana Kovi\u010da Polj\u010dane\",\"description\":\"\",\"publisher\":{\"@id\":\"https:\\\/\\\/ospoljcane.si\\\/nova\\\/#organization\"},\"potentialAction\":[{\"@type\":\"SearchAction\",\"target\":{\"@type\":\"EntryPoint\",\"urlTemplate\":\"https:\\\/\\\/ospoljcane.si\\\/nova\\\/?s={search_term_string}\"},\"query-input\":{\"@type\":\"PropertyValueSpecification\",\"valueRequired\":true,\"valueName\":\"search_term_string\"}}],\"inLanguage\":\"sl-SI\"},{\"@type\":\"Organization\",\"@id\":\"https:\\\/\\\/ospoljcane.si\\\/nova\\\/#organization\",\"name\":\"Osnovna \u0161ola Kajetana Kovi\u010da Polj\u010dane\",\"url\":\"https:\\\/\\\/ospoljcane.si\\\/nova\\\/\",\"logo\":{\"@type\":\"ImageObject\",\"inLanguage\":\"sl-SI\",\"@id\":\"https:\\\/\\\/ospoljcane.si\\\/nova\\\/#\\\/schema\\\/logo\\\/image\\\/\",\"url\":\"https:\\\/\\\/ospoljcane.si\\\/nova\\\/wp-content\\\/uploads\\\/2020\\\/12\\\/cropped-cropped-Logotip-sole-2016_3G-1-1.png\",\"contentUrl\":\"https:\\\/\\\/ospoljcane.si\\\/nova\\\/wp-content\\\/uploads\\\/2020\\\/12\\\/cropped-cropped-Logotip-sole-2016_3G-1-1.png\",\"width\":512,\"height\":512,\"caption\":\"Osnovna \u0161ola Kajetana Kovi\u010da Polj\u010dane\"},\"image\":{\"@id\":\"https:\\\/\\\/ospoljcane.si\\\/nova\\\/#\\\/schema\\\/logo\\\/image\\\/\"}}]}<\/script>\n<!-- \/ Yoast SEO plugin. -->","yoast_head_json":{"title":"Novice - Osnovna \u0161ola Kajetana Kovi\u010da Polj\u010dane","description":"Tukaj najdete vse novice in izveste vse o dogajanju na osnovni \u0161oli Kajetana Kovi\u010da Polj\u010dane.","robots":{"index":"index","follow":"follow","max-snippet":"max-snippet:-1","max-image-preview":"max-image-preview:large","max-video-preview":"max-video-preview:-1"},"canonical":"https:\/\/ospoljcane.si\/nova\/novice\/","og_locale":"sl_SI","og_type":"article","og_title":"Novice - Osnovna \u0161ola Kajetana Kovi\u010da Polj\u010dane","og_description":"Tukaj najdete vse novice in izveste vse o dogajanju na osnovni \u0161oli Kajetana Kovi\u010da Polj\u010dane.","og_url":"https:\/\/ospoljcane.si\/nova\/novice\/","og_site_name":"Osnovna \u0161ola Kajetana Kovi\u010da Polj\u010dane","article_modified_time":"2021-05-20T08:19:13+00:00","twitter_card":"summary_large_image","twitter_misc":{"Est. reading time":"1 minuta"},"schema":{"@context":"https:\/\/schema.org","@graph":[{"@type":"WebPage","@id":"https:\/\/ospoljcane.si\/nova\/novice\/","url":"https:\/\/ospoljcane.si\/nova\/novice\/","name":"Novice - Osnovna \u0161ola Kajetana Kovi\u010da Polj\u010dane","isPartOf":{"@id":"https:\/\/ospoljcane.si\/nova\/#website"},"datePublished":"2021-01-24T12:29:03+00:00","dateModified":"2021-05-20T08:19:13+00:00","description":"Tukaj najdete vse novice in izveste vse o dogajanju na osnovni \u0161oli Kajetana Kovi\u010da Polj\u010dane.","breadcrumb":{"@id":"https:\/\/ospoljcane.si\/nova\/novice\/#breadcrumb"},"inLanguage":"sl-SI","potentialAction":[{"@type":"ReadAction","target":["https:\/\/ospoljcane.si\/nova\/novice\/"]}]},{"@type":"BreadcrumbList","@id":"https:\/\/ospoljcane.si\/nova\/novice\/#breadcrumb","itemListElement":[{"@type":"ListItem","position":1,"name":"Domov","item":"https:\/\/ospoljcane.si\/nova\/"},{"@type":"ListItem","position":2,"name":"Novice"}]},{"@type":"WebSite","@id":"https:\/\/ospoljcane.si\/nova\/#website","url":"https:\/\/ospoljcane.si\/nova\/","name":"Osnovna \u0161ola Kajetana Kovi\u010da Polj\u010dane","description":"","publisher":{"@id":"https:\/\/ospoljcane.si\/nova\/#organization"},"potentialAction":[{"@type":"SearchAction","target":{"@type":"EntryPoint","urlTemplate":"https:\/\/ospoljcane.si\/nova\/?s={search_term_string}"},"query-input":{"@type":"PropertyValueSpecification","valueRequired":true,"valueName":"search_term_string"}}],"inLanguage":"sl-SI"},{"@type":"Organization","@id":"https:\/\/ospoljcane.si\/nova\/#organization","name":"Osnovna \u0161ola Kajetana Kovi\u010da Polj\u010dane","url":"https:\/\/ospoljcane.si\/nova\/","logo":{"@type":"ImageObject","inLanguage":"sl-SI","@id":"https:\/\/ospoljcane.si\/nova\/#\/schema\/logo\/image\/","url":"https:\/\/ospoljcane.si\/nova\/wp-content\/uploads\/2020\/12\/cropped-cropped-Logotip-sole-2016_3G-1-1.png","contentUrl":"https:\/\/ospoljcane.si\/nova\/wp-content\/uploads\/2020\/12\/cropped-cropped-Logotip-sole-2016_3G-1-1.png","width":512,"height":512,"caption":"Osnovna \u0161ola Kajetana Kovi\u010da Polj\u010dane"},"image":{"@id":"https:\/\/ospoljcane.si\/nova\/#\/schema\/logo\/image\/"}}]}},"_links":{"self":[{"href":"https:\/\/ospoljcane.si\/nova\/wp-json\/wp\/v2\/pages\/2294","targetHints":{"allow":["GET"]}}],"collection":[{"href":"https:\/\/ospoljcane.si\/nova\/wp-json\/wp\/v2\/pages"}],"about":[{"href":"https:\/\/ospoljcane.si\/nova\/wp-json\/wp\/v2\/types\/page"}],"author":[{"embeddable":true,"href":"https:\/\/ospoljcane.si\/nova\/wp-json\/wp\/v2\/users\/1"}],"replies":[{"embeddable":true,"href":"https:\/\/ospoljcane.si\/nova\/wp-json\/wp\/v2\/comments?post=2294"}],"version-history":[{"count":18,"href":"https:\/\/ospoljcane.si\/nova\/wp-json\/wp\/v2\/pages\/2294\/revisions"}],"predecessor-version":[{"id":4357,"href":"https:\/\/ospoljcane.si\/nova\/wp-json\/wp\/v2\/pages\/2294\/revisions\/4357"}],"wp:attachment":[{"href":"https:\/\/ospoljcane.si\/nova\/wp-json\/wp\/v2\/media?parent=2294"}],"curies":[{"name":"wp","href":"https:\/\/api.w.org\/{rel}","templated":true}]}}