{"id":229,"date":"2020-11-27T13:02:41","date_gmt":"2020-11-27T13:02:41","guid":{"rendered":"http:\/\/ospoljcane.si\/nova\/?page_id=229"},"modified":"2025-09-16T11:06:45","modified_gmt":"2025-09-16T09:06:45","slug":"iz-letnega-delovnega-nacrta","status":"publish","type":"page","link":"https:\/\/ospoljcane.si\/nova\/o-soli\/organizacija\/iz-letnega-delovnega-nacrta\/","title":{"rendered":"Iz Letnega delovnega na\u010drta"},"content":{"rendered":"<h4>POSLANSTVO<\/h4>\n<p>Poslanstvo osnovne \u0161ole je vzgoja in izobra\u017eevanje otrok in mladine v skladu z javnoveljavnim programom.<\/p>\n<p>&nbsp;<\/p>\n<h4>VIZIJA<\/h4>\n<p>Osnovna \u0161ola Kajetana Kovi\u010da Polj\u010dane bo u\u010dencem posredovala temeljna, uporabna in vse\u017eivljenjska znanja.<\/p>\n<p>Ustvarjala bo tak\u0161na u\u010dna okolja, v katerih bodo u\u010denci razvijali veselje do u\u010denja in dela ter pozitiven odnos do \u017eivljenja, sodelovanja, spo\u0161tovanja in strpnosti v medsebojnih odnosih.<\/p>\n<p>Star\u0161em bo ponujala razli\u010dne oblike sodelovanja in skupaj z njimi iskala odgovore na vzgojna in izobra\u017eevalna vpra\u0161anja.<\/p>\n<p>Skozi raznovrstne dejavnosti se bo povezovala z okoljem in razvijala ob\u010dutek pripadnosti in ekolo\u0161ko naravnanost mladih.<\/p>\n<p>&nbsp;<\/p>\n<h4>CILJI<\/h4>\n<p><strong>Do leta 2027<\/strong> si bomo zaposleni prizadevali uresni\u010diti naslednje cilje:<\/p>\n<ol>\n<li>Ve\u010dina u\u010diteljev obvlada in vklju\u010duje elemente\u00a0 Formativnega spremljanja v pedago\u0161ki proces.<\/li>\n<li>Vklju\u010ditev podjetnosti (kot osebnostne naravnanosti) v dejavnosti za doseganje u\u010dnih ciljev (cilj ZoO\u0160) v 2. in 3. VIO.<\/li>\n<li>Posodobitev sodelovanja s star\u0161i (seznanjanje z na\u010dini dela v \u0161oli, skupne GU z u\u010denci, partnerski odnos).<\/li>\n<li>Razvijanje in izvajanje razli\u010dnih oblik dela z nadarjenimi u\u010denci.<\/li>\n<li>Udejanjanje pozitivne delovne in \u017eivljenjske klime v \u0161oli.<\/li>\n<li>Sprotno preverjanje doseganja ciljev (realizacijo zastavljenih nalog).<\/li>\n<\/ol>\n<p>&nbsp;<\/p>\n<p><strong>Osrednje naloge v \u0161olskem letu 2025\/26<\/strong><\/p>\n<p>&nbsp;<\/p>\n<ol>\n<li><strong>Vklju\u010denost vseh strokovnih delavcev v projekt Vklju\u010dujo\u010da \u0161ola \u2013 vklju\u010dujo\u010d fizi\u010dni prostor 2025\/26<\/strong>: (Program dela v projektu je predstavljen v LDN).<\/li>\n<\/ol>\n<p><strong>1.1Vklju\u010dujo\u010di fizi\u010dni u\u010dni prostor: <\/strong>Oceniti in analizirati fizi\u010dni prostor v svoji u\u010dilnici ali \u0161oli ter ugotoviti, kako ga lahko naredim bolj vklju\u010dujo\u010dega za vse u\u010dence.<\/p>\n<p><strong>1.2.Vklju\u010dujo\u010di socialni u\u010dni prostor: <\/strong>Preu\u010diti odnose in interakcije med u\u010denci in u\u010diteljem v moji u\u010dilnici ter razmisliti o na\u010dinih, \u00a0kako izbolj\u0161ati<\/p>\n<p>vklju\u010denost in sodelovanje med u\u010denci in u\u010diteljem.<\/p>\n<p><strong>1.3.Formativno spremljanje in glas u\u010denca v vklju\u010dujo\u010dem u\u010dnem okolju: <\/strong>Analizirati svoje izvajanje formativnega spremljanja in se osredoto\u010diti na to, kako dati u\u010dencem ve\u010dji glas in vpliv na svoje u\u010denje.<\/p>\n<p><strong>1.4.Glas u\u010denca in participativno u\u010denje: \u00a0<\/strong>Razmisliti o na\u010dinih, kako omogo\u010diti u\u010dencem, da bolj aktivno sodelujejo pri u\u010denju in oblikovanju u\u010dnega prostora in sprejemanju odlo\u010ditev te odgovornosti.<\/p>\n<p>V tretjem letu projekta \u017eelimo omogo\u010diti u\u010diteljem, da poglobljeno, smiselno in strokovno vklju\u010dujejo v pouk elemente Formativnega spremljanja. V ta namen bomo izbirali ustrezna skupna izobra\u017eevanja in delitev dobrih praks kot kolektiv in v strokovnih aktivih.<\/p>\n<p>&nbsp;<\/p>\n<ol start=\"2\">\n<li><strong>Izdelava 4. \u0161olske digitalne strategije za ohranjanje dobre prakse in nadgrajevanje le-te za izbolj\u0161anje kakovosti znanja<\/strong> u\u010dencev, kriti\u010dnost do spletnih virov, spletni bonton in varnost na spletu. Dejavnosti v okviru pouka, ob\u0161olskih in dodatnih, projektnih oblikah.<\/li>\n<\/ol>\n<ul>\n<li>VIO: osnove dela z ra\u010dunalnikom, mi\u0161ko, Word, 3D slikar, PPT, oblikovanje in po\u0161iljanje sporo\u010dil<\/li>\n<li>in 3. VIO: spoznavanje, osvajanje in uporaba razli\u010dnih aplikacij, ki podpirajo in olaj\u0161ujejo u\u010denje; sodelovalno u\u010denje, podajanje povratnih informacij, kriti\u010dnost do uporabe digitalne tehnologije \u2026<\/li>\n<li>projektne dejavnosti v okviru Mladi 2026 (#digiSI), ki se financira iz EU sredstev (poudarek na programiranju) za u\u010dence, ki se prijavijo na dejavnost<\/li>\n<li>izobra\u017eevanje u\u010diteljev za uporabo spletnih aplikacij za podajanje povratnih informacij<\/li>\n<li>interesna dejavnost<\/li>\n<li>dnevi dejavnosti<strong>\u00a0<\/strong><\/li>\n<li><\/li>\n<li>3.\u00a0 <strong>U\u010denci izkazujejo ni\u010delno toleranco do nasilja (glede na starost) in poznajo razli\u010dne na\u010dine mirnega re\u0161evanja konfliktov.<\/strong><\/li>\n<\/ul>\n<ul>\n<li>Nadaljevanje 45-minutnih razrednih ur (vrednote po\u0161tenje, iskrenost, odgovornost), za u\u010ditelje doslednost<\/li>\n<li>Spoznavanje in u\u010denje konstruktivnih na\u010dinov razre\u0161evana konfliktov, pogum za prepre\u010devanje nasilja<\/li>\n<li>Skupno izobra\u017eevanje za strokovne delavce Sodelovanje z zahtevnej\u0161imi u\u010denci in oddelki, Mitja Mur\u0161i\u010d, Svetovalni center Maribor<\/li>\n<li>Izobra\u017eevanja strokovnih delavcev in uporaba dodatnih znanj v razredne ure, delo z u\u010denci:<\/li>\n<li>Izobra\u017eevanje na temo <strong>Varni brez<\/strong><strong> medvrstni\u0161kega <\/strong><strong>nasilja<\/strong>: pridobitev znanja in ve\u0161\u010din o problematiki medvrstni\u0161kega nasilja za preventivno delo na tem podro\u010dju; usposobitev za izvedbo aktivnosti v okviru Programa NEON (ena u\u010diteljica)<\/li>\n<li><strong>Ve\u0161\u010dine za mladostnike<\/strong>: krepitev \u010dustvenih in socialnih kompetenc mladostnikov (ena strokovna delavka<\/li>\n<li><strong>Vodenje oddelka<\/strong>po modelu\u00a0<em>\u0160est kock za otroke<\/em>, podpira strokovne delavce pri vodenju oddelka in z<strong>\u00a0uporabo dokazano u\u010dinkovitih strategij<\/strong>\u00a0pove\u010duje\u00a0<strong>socialno in \u010dustveno<\/strong><strong>\u00a0dobro po\u010dutje<\/strong>\u00a0otrok v oddelku, SC Maribor (\u0161tiri u\u010diteljice)<\/li>\n<li>Spoznavanje, razvijanje ob\u010dutkov in odnosov do druga\u010dnosti ter empatije v okviru projekta Erasmus+ na temo Razumevanje je pot do sprejemanja.<\/li>\n<\/ul>\n<ol start=\"4\">\n<li><strong> Pogostej\u0161e razre\u0161evanje te\u017eav v obliki: u\u010ditelj-u\u010denec-star\u0161i.<\/strong><\/li>\n<\/ol>\n<ul>\n<li>Pove\u010danje \u0161tevila skupnih pogovorov med star\u0161i u\u010denci in \u0161olo. Pogovor v tem trikotniku je najbolj\u0161a preventiva in proaktivnost za izbolj\u0161anje u\u010dnih navad in vedenja.<\/li>\n<\/ul>\n<ol start=\"5\">\n<li><strong> Razvijanje in izvajanje razli\u010dnih oblik dela z nadarjenimi u\u010denci. <\/strong>Na\u010drt dela z nadarjenimi u\u010denci je priloga tega LDN<\/li>\n<li><strong> Sprotno preverjanje doseganja ciljev<\/strong> (realizacijo zastavljenih nalog) na pedago\u0161kih in ocenjevalnih konferencah, v okviru strokovnih aktivov, spremljanje izvajanja projektov in ankete ob koncu \u0161olskega leta.<\/li>\n<\/ol>\n<p>&nbsp;<\/p>\n<p>Konkretne naloge, dejavnosti, nosilci, roki in kazalniki so opredeljeni s tem LDN in Razvojnim na\u010drtom \u0161ole 2025\/26, ki je v prilogi tega LDN.<\/p>\n<p>&nbsp;<\/p>\n<p>Konkretne naloge, dejavnosti, nosilci, roki in kazalniki so opredeljeni s tem <a href=\"https:\/\/ospoljcane.si\/nova\/wp-content\/uploads\/2024\/09\/1-LETNI-DELOVNI-NACRT-2024-25-po-sprejetju.pdf\">LDN<\/a> in <a href=\"https:\/\/ospoljcane.si\/nova\/wp-content\/uploads\/2024\/09\/1-Razvojni-nacrt-2024-25-1.pdf\">Razvojnim na\u010drtom \u0161ole<\/a>.<\/p>\n","protected":false},"excerpt":{"rendered":"<p>POSLANSTVO Poslanstvo osnovne \u0161ole je vzgoja in izobra\u017eevanje otrok in mladine v skladu z javnoveljavnim programom. &nbsp; VIZIJA Osnovna \u0161ola Kajetana Kovi\u010da Polj\u010dane bo u\u010dencem &hellip; <\/p>\n","protected":false},"author":1,"featured_media":0,"parent":166,"menu_order":0,"comment_status":"closed","ping_status":"closed","template":"","meta":{"footnotes":""},"class_list":["post-229","page","type-page","status-publish","hentry","image-hover-transition-effect","latest_post"],"yoast_head":"<!-- This site is optimized with the Yoast SEO plugin v27.4 - https:\/\/yoast.com\/product\/yoast-seo-wordpress\/ -->\n<title>Iz Letnega delovnega na\u010drta - Osnovna \u0161ola Kajetana Kovi\u010da Polj\u010dane<\/title>\n<meta name=\"robots\" content=\"index, follow, max-snippet:-1, max-image-preview:large, max-video-preview:-1\" \/>\n<link rel=\"canonical\" href=\"https:\/\/ospoljcane.si\/nova\/o-soli\/organizacija\/iz-letnega-delovnega-nacrta\/\" \/>\n<meta property=\"og:locale\" content=\"sl_SI\" \/>\n<meta property=\"og:type\" content=\"article\" \/>\n<meta property=\"og:title\" content=\"Iz Letnega delovnega na\u010drta - Osnovna \u0161ola Kajetana Kovi\u010da Polj\u010dane\" \/>\n<meta property=\"og:description\" content=\"POSLANSTVO Poslanstvo osnovne \u0161ole je vzgoja in izobra\u017eevanje otrok in mladine v skladu z javnoveljavnim programom. &nbsp; VIZIJA Osnovna \u0161ola Kajetana Kovi\u010da Polj\u010dane bo u\u010dencem &hellip;\" \/>\n<meta property=\"og:url\" content=\"https:\/\/ospoljcane.si\/nova\/o-soli\/organizacija\/iz-letnega-delovnega-nacrta\/\" \/>\n<meta property=\"og:site_name\" content=\"Osnovna \u0161ola Kajetana Kovi\u010da Polj\u010dane\" \/>\n<meta property=\"article:modified_time\" content=\"2025-09-16T09:06:45+00:00\" \/>\n<meta name=\"twitter:card\" content=\"summary_large_image\" \/>\n<meta name=\"twitter:label1\" content=\"Est. reading time\" \/>\n\t<meta name=\"twitter:data1\" content=\"5 minut\" \/>\n<script type=\"application\/ld+json\" class=\"yoast-schema-graph\">{\"@context\":\"https:\\\/\\\/schema.org\",\"@graph\":[{\"@type\":\"WebPage\",\"@id\":\"https:\\\/\\\/ospoljcane.si\\\/nova\\\/o-soli\\\/organizacija\\\/iz-letnega-delovnega-nacrta\\\/\",\"url\":\"https:\\\/\\\/ospoljcane.si\\\/nova\\\/o-soli\\\/organizacija\\\/iz-letnega-delovnega-nacrta\\\/\",\"name\":\"Iz Letnega delovnega na\u010drta - Osnovna \u0161ola Kajetana Kovi\u010da Polj\u010dane\",\"isPartOf\":{\"@id\":\"https:\\\/\\\/ospoljcane.si\\\/nova\\\/#website\"},\"datePublished\":\"2020-11-27T13:02:41+00:00\",\"dateModified\":\"2025-09-16T09:06:45+00:00\",\"breadcrumb\":{\"@id\":\"https:\\\/\\\/ospoljcane.si\\\/nova\\\/o-soli\\\/organizacija\\\/iz-letnega-delovnega-nacrta\\\/#breadcrumb\"},\"inLanguage\":\"sl-SI\",\"potentialAction\":[{\"@type\":\"ReadAction\",\"target\":[\"https:\\\/\\\/ospoljcane.si\\\/nova\\\/o-soli\\\/organizacija\\\/iz-letnega-delovnega-nacrta\\\/\"]}]},{\"@type\":\"BreadcrumbList\",\"@id\":\"https:\\\/\\\/ospoljcane.si\\\/nova\\\/o-soli\\\/organizacija\\\/iz-letnega-delovnega-nacrta\\\/#breadcrumb\",\"itemListElement\":[{\"@type\":\"ListItem\",\"position\":1,\"name\":\"Domov\",\"item\":\"https:\\\/\\\/ospoljcane.si\\\/nova\\\/\"},{\"@type\":\"ListItem\",\"position\":2,\"name\":\"O \u0161oli\",\"item\":\"https:\\\/\\\/ospoljcane.si\\\/nova\\\/o-soli\\\/\"},{\"@type\":\"ListItem\",\"position\":3,\"name\":\"Organizacija\",\"item\":\"https:\\\/\\\/ospoljcane.si\\\/nova\\\/o-soli\\\/organizacija\\\/\"},{\"@type\":\"ListItem\",\"position\":4,\"name\":\"Iz Letnega delovnega na\u010drta\"}]},{\"@type\":\"WebSite\",\"@id\":\"https:\\\/\\\/ospoljcane.si\\\/nova\\\/#website\",\"url\":\"https:\\\/\\\/ospoljcane.si\\\/nova\\\/\",\"name\":\"Osnovna \u0161ola Kajetana Kovi\u010da Polj\u010dane\",\"description\":\"\",\"publisher\":{\"@id\":\"https:\\\/\\\/ospoljcane.si\\\/nova\\\/#organization\"},\"potentialAction\":[{\"@type\":\"SearchAction\",\"target\":{\"@type\":\"EntryPoint\",\"urlTemplate\":\"https:\\\/\\\/ospoljcane.si\\\/nova\\\/?s={search_term_string}\"},\"query-input\":{\"@type\":\"PropertyValueSpecification\",\"valueRequired\":true,\"valueName\":\"search_term_string\"}}],\"inLanguage\":\"sl-SI\"},{\"@type\":\"Organization\",\"@id\":\"https:\\\/\\\/ospoljcane.si\\\/nova\\\/#organization\",\"name\":\"Osnovna \u0161ola Kajetana Kovi\u010da Polj\u010dane\",\"url\":\"https:\\\/\\\/ospoljcane.si\\\/nova\\\/\",\"logo\":{\"@type\":\"ImageObject\",\"inLanguage\":\"sl-SI\",\"@id\":\"https:\\\/\\\/ospoljcane.si\\\/nova\\\/#\\\/schema\\\/logo\\\/image\\\/\",\"url\":\"https:\\\/\\\/ospoljcane.si\\\/nova\\\/wp-content\\\/uploads\\\/2020\\\/12\\\/cropped-cropped-Logotip-sole-2016_3G-1-1.png\",\"contentUrl\":\"https:\\\/\\\/ospoljcane.si\\\/nova\\\/wp-content\\\/uploads\\\/2020\\\/12\\\/cropped-cropped-Logotip-sole-2016_3G-1-1.png\",\"width\":512,\"height\":512,\"caption\":\"Osnovna \u0161ola Kajetana Kovi\u010da Polj\u010dane\"},\"image\":{\"@id\":\"https:\\\/\\\/ospoljcane.si\\\/nova\\\/#\\\/schema\\\/logo\\\/image\\\/\"}}]}<\/script>\n<!-- \/ Yoast SEO plugin. -->","yoast_head_json":{"title":"Iz Letnega delovnega na\u010drta - Osnovna \u0161ola Kajetana Kovi\u010da Polj\u010dane","robots":{"index":"index","follow":"follow","max-snippet":"max-snippet:-1","max-image-preview":"max-image-preview:large","max-video-preview":"max-video-preview:-1"},"canonical":"https:\/\/ospoljcane.si\/nova\/o-soli\/organizacija\/iz-letnega-delovnega-nacrta\/","og_locale":"sl_SI","og_type":"article","og_title":"Iz Letnega delovnega na\u010drta - Osnovna \u0161ola Kajetana Kovi\u010da Polj\u010dane","og_description":"POSLANSTVO Poslanstvo osnovne \u0161ole je vzgoja in izobra\u017eevanje otrok in mladine v skladu z javnoveljavnim programom. &nbsp; VIZIJA Osnovna \u0161ola Kajetana Kovi\u010da Polj\u010dane bo u\u010dencem &hellip;","og_url":"https:\/\/ospoljcane.si\/nova\/o-soli\/organizacija\/iz-letnega-delovnega-nacrta\/","og_site_name":"Osnovna \u0161ola Kajetana Kovi\u010da Polj\u010dane","article_modified_time":"2025-09-16T09:06:45+00:00","twitter_card":"summary_large_image","twitter_misc":{"Est. reading time":"5 minut"},"schema":{"@context":"https:\/\/schema.org","@graph":[{"@type":"WebPage","@id":"https:\/\/ospoljcane.si\/nova\/o-soli\/organizacija\/iz-letnega-delovnega-nacrta\/","url":"https:\/\/ospoljcane.si\/nova\/o-soli\/organizacija\/iz-letnega-delovnega-nacrta\/","name":"Iz Letnega delovnega na\u010drta - Osnovna \u0161ola Kajetana Kovi\u010da Polj\u010dane","isPartOf":{"@id":"https:\/\/ospoljcane.si\/nova\/#website"},"datePublished":"2020-11-27T13:02:41+00:00","dateModified":"2025-09-16T09:06:45+00:00","breadcrumb":{"@id":"https:\/\/ospoljcane.si\/nova\/o-soli\/organizacija\/iz-letnega-delovnega-nacrta\/#breadcrumb"},"inLanguage":"sl-SI","potentialAction":[{"@type":"ReadAction","target":["https:\/\/ospoljcane.si\/nova\/o-soli\/organizacija\/iz-letnega-delovnega-nacrta\/"]}]},{"@type":"BreadcrumbList","@id":"https:\/\/ospoljcane.si\/nova\/o-soli\/organizacija\/iz-letnega-delovnega-nacrta\/#breadcrumb","itemListElement":[{"@type":"ListItem","position":1,"name":"Domov","item":"https:\/\/ospoljcane.si\/nova\/"},{"@type":"ListItem","position":2,"name":"O \u0161oli","item":"https:\/\/ospoljcane.si\/nova\/o-soli\/"},{"@type":"ListItem","position":3,"name":"Organizacija","item":"https:\/\/ospoljcane.si\/nova\/o-soli\/organizacija\/"},{"@type":"ListItem","position":4,"name":"Iz Letnega delovnega na\u010drta"}]},{"@type":"WebSite","@id":"https:\/\/ospoljcane.si\/nova\/#website","url":"https:\/\/ospoljcane.si\/nova\/","name":"Osnovna \u0161ola Kajetana Kovi\u010da Polj\u010dane","description":"","publisher":{"@id":"https:\/\/ospoljcane.si\/nova\/#organization"},"potentialAction":[{"@type":"SearchAction","target":{"@type":"EntryPoint","urlTemplate":"https:\/\/ospoljcane.si\/nova\/?s={search_term_string}"},"query-input":{"@type":"PropertyValueSpecification","valueRequired":true,"valueName":"search_term_string"}}],"inLanguage":"sl-SI"},{"@type":"Organization","@id":"https:\/\/ospoljcane.si\/nova\/#organization","name":"Osnovna \u0161ola Kajetana Kovi\u010da Polj\u010dane","url":"https:\/\/ospoljcane.si\/nova\/","logo":{"@type":"ImageObject","inLanguage":"sl-SI","@id":"https:\/\/ospoljcane.si\/nova\/#\/schema\/logo\/image\/","url":"https:\/\/ospoljcane.si\/nova\/wp-content\/uploads\/2020\/12\/cropped-cropped-Logotip-sole-2016_3G-1-1.png","contentUrl":"https:\/\/ospoljcane.si\/nova\/wp-content\/uploads\/2020\/12\/cropped-cropped-Logotip-sole-2016_3G-1-1.png","width":512,"height":512,"caption":"Osnovna \u0161ola Kajetana Kovi\u010da Polj\u010dane"},"image":{"@id":"https:\/\/ospoljcane.si\/nova\/#\/schema\/logo\/image\/"}}]}},"_links":{"self":[{"href":"https:\/\/ospoljcane.si\/nova\/wp-json\/wp\/v2\/pages\/229","targetHints":{"allow":["GET"]}}],"collection":[{"href":"https:\/\/ospoljcane.si\/nova\/wp-json\/wp\/v2\/pages"}],"about":[{"href":"https:\/\/ospoljcane.si\/nova\/wp-json\/wp\/v2\/types\/page"}],"author":[{"embeddable":true,"href":"https:\/\/ospoljcane.si\/nova\/wp-json\/wp\/v2\/users\/1"}],"replies":[{"embeddable":true,"href":"https:\/\/ospoljcane.si\/nova\/wp-json\/wp\/v2\/comments?post=229"}],"version-history":[{"count":10,"href":"https:\/\/ospoljcane.si\/nova\/wp-json\/wp\/v2\/pages\/229\/revisions"}],"predecessor-version":[{"id":22512,"href":"https:\/\/ospoljcane.si\/nova\/wp-json\/wp\/v2\/pages\/229\/revisions\/22512"}],"up":[{"embeddable":true,"href":"https:\/\/ospoljcane.si\/nova\/wp-json\/wp\/v2\/pages\/166"}],"wp:attachment":[{"href":"https:\/\/ospoljcane.si\/nova\/wp-json\/wp\/v2\/media?parent=229"}],"curies":[{"name":"wp","href":"https:\/\/api.w.org\/{rel}","templated":true}]}}