{"id":22393,"date":"2025-09-04T10:57:07","date_gmt":"2025-09-04T08:57:07","guid":{"rendered":"https:\/\/ospoljcane.si\/nova\/?page_id=22393"},"modified":"2025-11-03T12:42:28","modified_gmt":"2025-11-03T11:42:28","slug":"erasmus-razumevanje-je-pot-do-sprejemanja","status":"publish","type":"page","link":"https:\/\/ospoljcane.si\/nova\/projekti\/erasmus-razumevanje-je-pot-do-sprejemanja\/","title":{"rendered":"Erasmus+  &#8220;Razumevanje je pot do sprejemanja&#8221;"},"content":{"rendered":"\t\t<div data-elementor-type=\"wp-page\" data-elementor-id=\"22393\" class=\"elementor elementor-22393\" data-elementor-post-type=\"page\">\n\t\t\t\t\t\t<section class=\"elementor-section elementor-top-section elementor-element elementor-element-5152c25 elementor-section-boxed elementor-section-height-default elementor-section-height-default\" data-id=\"5152c25\" data-element_type=\"section\" data-e-type=\"section\">\n\t\t\t\t\t\t<div class=\"elementor-container elementor-column-gap-default\">\n\t\t\t\t\t<div class=\"elementor-column elementor-col-100 elementor-top-column elementor-element elementor-element-d62142f\" data-id=\"d62142f\" data-element_type=\"column\" data-e-type=\"column\">\n\t\t\t<div class=\"elementor-widget-wrap elementor-element-populated\">\n\t\t\t\t\t\t<div class=\"elementor-element elementor-element-f375177 elementor-widget__width-initial elementor-widget elementor-widget-image\" data-id=\"f375177\" data-element_type=\"widget\" data-e-type=\"widget\" data-widget_type=\"image.default\">\n\t\t\t\t<div class=\"elementor-widget-container\">\n\t\t\t\t\t\t\t\t\t\t\t\t\t\t\t<img fetchpriority=\"high\" decoding=\"async\" width=\"640\" height=\"360\" src=\"https:\/\/ospoljcane.si\/nova\/wp-content\/uploads\/2025\/11\/Razumevanje-je-pot-do-sprejemanja-640x480-1.png\" class=\"attachment-medium_large size-medium_large wp-image-23218\" alt=\"\" srcset=\"https:\/\/ospoljcane.si\/nova\/wp-content\/uploads\/2025\/11\/Razumevanje-je-pot-do-sprejemanja-640x480-1.png 640w, https:\/\/ospoljcane.si\/nova\/wp-content\/uploads\/2025\/11\/Razumevanje-je-pot-do-sprejemanja-640x480-1-300x169.png 300w, https:\/\/ospoljcane.si\/nova\/wp-content\/uploads\/2025\/11\/Razumevanje-je-pot-do-sprejemanja-640x480-1-107x60.png 107w\" sizes=\"(max-width: 640px) 100vw, 640px\" \/>\t\t\t\t\t\t\t\t\t\t\t\t\t\t\t<\/div>\n\t\t\t\t<\/div>\n\t\t\t\t\t<\/div>\n\t\t<\/div>\n\t\t\t\t\t<\/div>\n\t\t<\/section>\n\t\t\t\t<section class=\"elementor-section elementor-top-section elementor-element elementor-element-1217a69 elementor-section-boxed elementor-section-height-default elementor-section-height-default\" data-id=\"1217a69\" data-element_type=\"section\" data-e-type=\"section\">\n\t\t\t\t\t\t<div class=\"elementor-container elementor-column-gap-default\">\n\t\t\t\t\t<div class=\"elementor-column elementor-col-100 elementor-top-column elementor-element elementor-element-fa920d6\" data-id=\"fa920d6\" data-element_type=\"column\" data-e-type=\"column\">\n\t\t\t<div class=\"elementor-widget-wrap elementor-element-populated\">\n\t\t\t\t\t\t<div class=\"elementor-element elementor-element-846d4f8 elementor-nav-menu--dropdown-tablet elementor-nav-menu__text-align-aside elementor-widget elementor-widget-nav-menu\" data-id=\"846d4f8\" data-element_type=\"widget\" data-e-type=\"widget\" data-settings=\"{&quot;layout&quot;:&quot;horizontal&quot;,&quot;submenu_icon&quot;:{&quot;value&quot;:&quot;&lt;i class=\\&quot;fas fa-caret-down\\&quot; aria-hidden=\\&quot;true\\&quot;&gt;&lt;\\\/i&gt;&quot;,&quot;library&quot;:&quot;fa-solid&quot;}}\" data-widget_type=\"nav-menu.default\">\n\t\t\t\t<div class=\"elementor-widget-container\">\n\t\t\t\t\t\t\t\t<nav aria-label=\"Menu\" class=\"elementor-nav-menu--main elementor-nav-menu__container elementor-nav-menu--layout-horizontal e--pointer-underline e--animation-fade\">\n\t\t\t\t<ul id=\"menu-1-846d4f8\" class=\"elementor-nav-menu accessibility_menu\"><li class=\"menu-item menu-item-type-post_type menu-item-object-page menu-item-23234\"><a href=\"https:\/\/ospoljcane.si\/nova\/dogodki-na-soli-events-in-school\/\" class=\"elementor-item\">Dogodki na \u0161oli\/Events in school<\/a><\/li>\n<li class=\"menu-item menu-item-type-post_type menu-item-object-page menu-item-23233\"><a href=\"https:\/\/ospoljcane.si\/nova\/mobilnosti-mobilities\/\" class=\"elementor-item\">Mobilnosti\/mobilities<\/a><\/li>\n<li class=\"menu-item menu-item-type-post_type menu-item-object-page menu-item-23232\"><a href=\"https:\/\/ospoljcane.si\/nova\/o-projektu-about-project\/\" class=\"elementor-item\">O projektu\/about project<\/a><\/li>\n<li class=\"menu-item menu-item-type-post_type menu-item-object-page menu-item-23231\"><a href=\"https:\/\/ospoljcane.si\/nova\/galerija-gallery\/\" class=\"elementor-item\">Galerija\/gallery<\/a><\/li>\n<\/ul>\t\t\t<\/nav>\n\t\t\t\t\t\t<nav class=\"elementor-nav-menu--dropdown elementor-nav-menu__container\" aria-hidden=\"true\">\n\t\t\t\t<ul id=\"menu-2-846d4f8\" class=\"elementor-nav-menu accessibility_menu\"><li class=\"menu-item menu-item-type-post_type menu-item-object-page menu-item-23234\"><a href=\"https:\/\/ospoljcane.si\/nova\/dogodki-na-soli-events-in-school\/\" class=\"elementor-item\" tabindex=\"-1\">Dogodki na \u0161oli\/Events in school<\/a><\/li>\n<li class=\"menu-item menu-item-type-post_type menu-item-object-page menu-item-23233\"><a href=\"https:\/\/ospoljcane.si\/nova\/mobilnosti-mobilities\/\" class=\"elementor-item\" tabindex=\"-1\">Mobilnosti\/mobilities<\/a><\/li>\n<li class=\"menu-item menu-item-type-post_type menu-item-object-page menu-item-23232\"><a href=\"https:\/\/ospoljcane.si\/nova\/o-projektu-about-project\/\" class=\"elementor-item\" tabindex=\"-1\">O projektu\/about project<\/a><\/li>\n<li class=\"menu-item menu-item-type-post_type menu-item-object-page menu-item-23231\"><a href=\"https:\/\/ospoljcane.si\/nova\/galerija-gallery\/\" class=\"elementor-item\" tabindex=\"-1\">Galerija\/gallery<\/a><\/li>\n<\/ul>\t\t\t<\/nav>\n\t\t\t\t\t\t<\/div>\n\t\t\t\t<\/div>\n\t\t\t\t\t<\/div>\n\t\t<\/div>\n\t\t\t\t\t<\/div>\n\t\t<\/section>\n\t\t\t\t<section class=\"elementor-section elementor-top-section elementor-element elementor-element-91c11d3 elementor-section-boxed elementor-section-height-default elementor-section-height-default\" data-id=\"91c11d3\" data-element_type=\"section\" data-e-type=\"section\">\n\t\t\t\t\t\t<div class=\"elementor-container elementor-column-gap-default\">\n\t\t\t\t\t<div class=\"elementor-column elementor-col-100 elementor-top-column elementor-element elementor-element-f5d8589\" data-id=\"f5d8589\" data-element_type=\"column\" data-e-type=\"column\">\n\t\t\t<div class=\"elementor-widget-wrap elementor-element-populated\">\n\t\t\t\t\t\t\t<\/div>\n\t\t<\/div>\n\t\t\t\t\t<\/div>\n\t\t<\/section>\n\t\t\t\t<\/div>\n\t\t","protected":false},"excerpt":{"rendered":"","protected":false},"author":6,"featured_media":0,"parent":1085,"menu_order":0,"comment_status":"closed","ping_status":"closed","template":"","meta":{"footnotes":""},"class_list":["post-22393","page","type-page","status-publish","hentry","image-hover-transition-effect","latest_post"],"yoast_head":"<!-- This site is optimized with the Yoast SEO plugin v27.3 - https:\/\/yoast.com\/product\/yoast-seo-wordpress\/ -->\n<title>Erasmus+ &quot;Razumevanje je pot do sprejemanja&quot; - Osnovna \u0161ola Kajetana Kovi\u010da Polj\u010dane<\/title>\n<meta name=\"robots\" content=\"index, follow, max-snippet:-1, max-image-preview:large, max-video-preview:-1\" \/>\n<link rel=\"canonical\" href=\"https:\/\/ospoljcane.si\/nova\/projekti\/erasmus-razumevanje-je-pot-do-sprejemanja\/\" \/>\n<meta property=\"og:locale\" content=\"sl_SI\" \/>\n<meta property=\"og:type\" content=\"article\" \/>\n<meta property=\"og:title\" content=\"Erasmus+ &quot;Razumevanje je pot do sprejemanja&quot; - Osnovna \u0161ola Kajetana Kovi\u010da Polj\u010dane\" \/>\n<meta property=\"og:url\" content=\"https:\/\/ospoljcane.si\/nova\/projekti\/erasmus-razumevanje-je-pot-do-sprejemanja\/\" \/>\n<meta property=\"og:site_name\" content=\"Osnovna \u0161ola Kajetana Kovi\u010da Polj\u010dane\" \/>\n<meta property=\"article:modified_time\" content=\"2025-11-03T11:42:28+00:00\" \/>\n<meta property=\"og:image\" content=\"https:\/\/ospoljcane.si\/nova\/wp-content\/uploads\/2025\/11\/Razumevanje-je-pot-do-sprejemanja-640x480-1.png\" \/>\n\t<meta property=\"og:image:width\" content=\"640\" \/>\n\t<meta property=\"og:image:height\" content=\"360\" \/>\n\t<meta property=\"og:image:type\" content=\"image\/png\" \/>\n<meta name=\"twitter:card\" content=\"summary_large_image\" \/>\n<meta name=\"twitter:label1\" content=\"Est. reading time\" \/>\n\t<meta name=\"twitter:data1\" content=\"1 minuta\" \/>\n<script type=\"application\/ld+json\" class=\"yoast-schema-graph\">{\"@context\":\"https:\\\/\\\/schema.org\",\"@graph\":[{\"@type\":\"WebPage\",\"@id\":\"https:\\\/\\\/ospoljcane.si\\\/nova\\\/projekti\\\/erasmus-razumevanje-je-pot-do-sprejemanja\\\/\",\"url\":\"https:\\\/\\\/ospoljcane.si\\\/nova\\\/projekti\\\/erasmus-razumevanje-je-pot-do-sprejemanja\\\/\",\"name\":\"Erasmus+ \\\"Razumevanje je pot do sprejemanja\\\" - Osnovna \u0161ola Kajetana Kovi\u010da Polj\u010dane\",\"isPartOf\":{\"@id\":\"https:\\\/\\\/ospoljcane.si\\\/nova\\\/#website\"},\"primaryImageOfPage\":{\"@id\":\"https:\\\/\\\/ospoljcane.si\\\/nova\\\/projekti\\\/erasmus-razumevanje-je-pot-do-sprejemanja\\\/#primaryimage\"},\"image\":{\"@id\":\"https:\\\/\\\/ospoljcane.si\\\/nova\\\/projekti\\\/erasmus-razumevanje-je-pot-do-sprejemanja\\\/#primaryimage\"},\"thumbnailUrl\":\"https:\\\/\\\/ospoljcane.si\\\/nova\\\/wp-content\\\/uploads\\\/2025\\\/11\\\/Razumevanje-je-pot-do-sprejemanja-640x480-1.png\",\"datePublished\":\"2025-09-04T08:57:07+00:00\",\"dateModified\":\"2025-11-03T11:42:28+00:00\",\"breadcrumb\":{\"@id\":\"https:\\\/\\\/ospoljcane.si\\\/nova\\\/projekti\\\/erasmus-razumevanje-je-pot-do-sprejemanja\\\/#breadcrumb\"},\"inLanguage\":\"sl-SI\",\"potentialAction\":[{\"@type\":\"ReadAction\",\"target\":[\"https:\\\/\\\/ospoljcane.si\\\/nova\\\/projekti\\\/erasmus-razumevanje-je-pot-do-sprejemanja\\\/\"]}]},{\"@type\":\"ImageObject\",\"inLanguage\":\"sl-SI\",\"@id\":\"https:\\\/\\\/ospoljcane.si\\\/nova\\\/projekti\\\/erasmus-razumevanje-je-pot-do-sprejemanja\\\/#primaryimage\",\"url\":\"https:\\\/\\\/ospoljcane.si\\\/nova\\\/wp-content\\\/uploads\\\/2025\\\/11\\\/Razumevanje-je-pot-do-sprejemanja-640x480-1.png\",\"contentUrl\":\"https:\\\/\\\/ospoljcane.si\\\/nova\\\/wp-content\\\/uploads\\\/2025\\\/11\\\/Razumevanje-je-pot-do-sprejemanja-640x480-1.png\",\"width\":640,\"height\":360},{\"@type\":\"BreadcrumbList\",\"@id\":\"https:\\\/\\\/ospoljcane.si\\\/nova\\\/projekti\\\/erasmus-razumevanje-je-pot-do-sprejemanja\\\/#breadcrumb\",\"itemListElement\":[{\"@type\":\"ListItem\",\"position\":1,\"name\":\"Domov\",\"item\":\"https:\\\/\\\/ospoljcane.si\\\/nova\\\/\"},{\"@type\":\"ListItem\",\"position\":2,\"name\":\"Projekti\",\"item\":\"https:\\\/\\\/ospoljcane.si\\\/nova\\\/projekti\\\/\"},{\"@type\":\"ListItem\",\"position\":3,\"name\":\"Erasmus+ &#8220;Razumevanje je pot do sprejemanja&#8221;\"}]},{\"@type\":\"WebSite\",\"@id\":\"https:\\\/\\\/ospoljcane.si\\\/nova\\\/#website\",\"url\":\"https:\\\/\\\/ospoljcane.si\\\/nova\\\/\",\"name\":\"Osnovna \u0161ola Kajetana Kovi\u010da Polj\u010dane\",\"description\":\"\",\"publisher\":{\"@id\":\"https:\\\/\\\/ospoljcane.si\\\/nova\\\/#organization\"},\"potentialAction\":[{\"@type\":\"SearchAction\",\"target\":{\"@type\":\"EntryPoint\",\"urlTemplate\":\"https:\\\/\\\/ospoljcane.si\\\/nova\\\/?s={search_term_string}\"},\"query-input\":{\"@type\":\"PropertyValueSpecification\",\"valueRequired\":true,\"valueName\":\"search_term_string\"}}],\"inLanguage\":\"sl-SI\"},{\"@type\":\"Organization\",\"@id\":\"https:\\\/\\\/ospoljcane.si\\\/nova\\\/#organization\",\"name\":\"Osnovna \u0161ola Kajetana Kovi\u010da Polj\u010dane\",\"url\":\"https:\\\/\\\/ospoljcane.si\\\/nova\\\/\",\"logo\":{\"@type\":\"ImageObject\",\"inLanguage\":\"sl-SI\",\"@id\":\"https:\\\/\\\/ospoljcane.si\\\/nova\\\/#\\\/schema\\\/logo\\\/image\\\/\",\"url\":\"https:\\\/\\\/ospoljcane.si\\\/nova\\\/wp-content\\\/uploads\\\/2020\\\/12\\\/cropped-cropped-Logotip-sole-2016_3G-1-1.png\",\"contentUrl\":\"https:\\\/\\\/ospoljcane.si\\\/nova\\\/wp-content\\\/uploads\\\/2020\\\/12\\\/cropped-cropped-Logotip-sole-2016_3G-1-1.png\",\"width\":512,\"height\":512,\"caption\":\"Osnovna \u0161ola Kajetana Kovi\u010da Polj\u010dane\"},\"image\":{\"@id\":\"https:\\\/\\\/ospoljcane.si\\\/nova\\\/#\\\/schema\\\/logo\\\/image\\\/\"}}]}<\/script>\n<!-- \/ Yoast SEO plugin. -->","yoast_head_json":{"title":"Erasmus+ \"Razumevanje je pot do sprejemanja\" - Osnovna \u0161ola Kajetana Kovi\u010da Polj\u010dane","robots":{"index":"index","follow":"follow","max-snippet":"max-snippet:-1","max-image-preview":"max-image-preview:large","max-video-preview":"max-video-preview:-1"},"canonical":"https:\/\/ospoljcane.si\/nova\/projekti\/erasmus-razumevanje-je-pot-do-sprejemanja\/","og_locale":"sl_SI","og_type":"article","og_title":"Erasmus+ \"Razumevanje je pot do sprejemanja\" - Osnovna \u0161ola Kajetana Kovi\u010da Polj\u010dane","og_url":"https:\/\/ospoljcane.si\/nova\/projekti\/erasmus-razumevanje-je-pot-do-sprejemanja\/","og_site_name":"Osnovna \u0161ola Kajetana Kovi\u010da Polj\u010dane","article_modified_time":"2025-11-03T11:42:28+00:00","og_image":[{"width":640,"height":360,"url":"https:\/\/ospoljcane.si\/nova\/wp-content\/uploads\/2025\/11\/Razumevanje-je-pot-do-sprejemanja-640x480-1.png","type":"image\/png"}],"twitter_card":"summary_large_image","twitter_misc":{"Est. reading time":"1 minuta"},"schema":{"@context":"https:\/\/schema.org","@graph":[{"@type":"WebPage","@id":"https:\/\/ospoljcane.si\/nova\/projekti\/erasmus-razumevanje-je-pot-do-sprejemanja\/","url":"https:\/\/ospoljcane.si\/nova\/projekti\/erasmus-razumevanje-je-pot-do-sprejemanja\/","name":"Erasmus+ \"Razumevanje je pot do sprejemanja\" - Osnovna \u0161ola Kajetana Kovi\u010da Polj\u010dane","isPartOf":{"@id":"https:\/\/ospoljcane.si\/nova\/#website"},"primaryImageOfPage":{"@id":"https:\/\/ospoljcane.si\/nova\/projekti\/erasmus-razumevanje-je-pot-do-sprejemanja\/#primaryimage"},"image":{"@id":"https:\/\/ospoljcane.si\/nova\/projekti\/erasmus-razumevanje-je-pot-do-sprejemanja\/#primaryimage"},"thumbnailUrl":"https:\/\/ospoljcane.si\/nova\/wp-content\/uploads\/2025\/11\/Razumevanje-je-pot-do-sprejemanja-640x480-1.png","datePublished":"2025-09-04T08:57:07+00:00","dateModified":"2025-11-03T11:42:28+00:00","breadcrumb":{"@id":"https:\/\/ospoljcane.si\/nova\/projekti\/erasmus-razumevanje-je-pot-do-sprejemanja\/#breadcrumb"},"inLanguage":"sl-SI","potentialAction":[{"@type":"ReadAction","target":["https:\/\/ospoljcane.si\/nova\/projekti\/erasmus-razumevanje-je-pot-do-sprejemanja\/"]}]},{"@type":"ImageObject","inLanguage":"sl-SI","@id":"https:\/\/ospoljcane.si\/nova\/projekti\/erasmus-razumevanje-je-pot-do-sprejemanja\/#primaryimage","url":"https:\/\/ospoljcane.si\/nova\/wp-content\/uploads\/2025\/11\/Razumevanje-je-pot-do-sprejemanja-640x480-1.png","contentUrl":"https:\/\/ospoljcane.si\/nova\/wp-content\/uploads\/2025\/11\/Razumevanje-je-pot-do-sprejemanja-640x480-1.png","width":640,"height":360},{"@type":"BreadcrumbList","@id":"https:\/\/ospoljcane.si\/nova\/projekti\/erasmus-razumevanje-je-pot-do-sprejemanja\/#breadcrumb","itemListElement":[{"@type":"ListItem","position":1,"name":"Domov","item":"https:\/\/ospoljcane.si\/nova\/"},{"@type":"ListItem","position":2,"name":"Projekti","item":"https:\/\/ospoljcane.si\/nova\/projekti\/"},{"@type":"ListItem","position":3,"name":"Erasmus+ &#8220;Razumevanje je pot do sprejemanja&#8221;"}]},{"@type":"WebSite","@id":"https:\/\/ospoljcane.si\/nova\/#website","url":"https:\/\/ospoljcane.si\/nova\/","name":"Osnovna \u0161ola Kajetana Kovi\u010da Polj\u010dane","description":"","publisher":{"@id":"https:\/\/ospoljcane.si\/nova\/#organization"},"potentialAction":[{"@type":"SearchAction","target":{"@type":"EntryPoint","urlTemplate":"https:\/\/ospoljcane.si\/nova\/?s={search_term_string}"},"query-input":{"@type":"PropertyValueSpecification","valueRequired":true,"valueName":"search_term_string"}}],"inLanguage":"sl-SI"},{"@type":"Organization","@id":"https:\/\/ospoljcane.si\/nova\/#organization","name":"Osnovna \u0161ola Kajetana Kovi\u010da Polj\u010dane","url":"https:\/\/ospoljcane.si\/nova\/","logo":{"@type":"ImageObject","inLanguage":"sl-SI","@id":"https:\/\/ospoljcane.si\/nova\/#\/schema\/logo\/image\/","url":"https:\/\/ospoljcane.si\/nova\/wp-content\/uploads\/2020\/12\/cropped-cropped-Logotip-sole-2016_3G-1-1.png","contentUrl":"https:\/\/ospoljcane.si\/nova\/wp-content\/uploads\/2020\/12\/cropped-cropped-Logotip-sole-2016_3G-1-1.png","width":512,"height":512,"caption":"Osnovna \u0161ola Kajetana Kovi\u010da Polj\u010dane"},"image":{"@id":"https:\/\/ospoljcane.si\/nova\/#\/schema\/logo\/image\/"}}]}},"_links":{"self":[{"href":"https:\/\/ospoljcane.si\/nova\/wp-json\/wp\/v2\/pages\/22393","targetHints":{"allow":["GET"]}}],"collection":[{"href":"https:\/\/ospoljcane.si\/nova\/wp-json\/wp\/v2\/pages"}],"about":[{"href":"https:\/\/ospoljcane.si\/nova\/wp-json\/wp\/v2\/types\/page"}],"author":[{"embeddable":true,"href":"https:\/\/ospoljcane.si\/nova\/wp-json\/wp\/v2\/users\/6"}],"replies":[{"embeddable":true,"href":"https:\/\/ospoljcane.si\/nova\/wp-json\/wp\/v2\/comments?post=22393"}],"version-history":[{"count":16,"href":"https:\/\/ospoljcane.si\/nova\/wp-json\/wp\/v2\/pages\/22393\/revisions"}],"predecessor-version":[{"id":23247,"href":"https:\/\/ospoljcane.si\/nova\/wp-json\/wp\/v2\/pages\/22393\/revisions\/23247"}],"up":[{"embeddable":true,"href":"https:\/\/ospoljcane.si\/nova\/wp-json\/wp\/v2\/pages\/1085"}],"wp:attachment":[{"href":"https:\/\/ospoljcane.si\/nova\/wp-json\/wp\/v2\/media?parent=22393"}],"curies":[{"name":"wp","href":"https:\/\/api.w.org\/{rel}","templated":true}]}}