{"id":22223,"date":"2025-07-04T09:06:21","date_gmt":"2025-07-04T07:06:21","guid":{"rendered":"https:\/\/ospoljcane.si\/nova\/?page_id=22223"},"modified":"2025-07-04T09:08:08","modified_gmt":"2025-07-04T07:08:08","slug":"rn-vkljucujoca-sola-vkljucujoc-fizicni-prostor","status":"publish","type":"page","link":"https:\/\/ospoljcane.si\/nova\/rn-vkljucujoca-sola-vkljucujoc-fizicni-prostor\/","title":{"rendered":"RN Vklju\u010dujo\u010da \u0161ola &#8211; vklju\u010dujo\u010d fizi\u010dni prostor"},"content":{"rendered":"\t\t<div data-elementor-type=\"wp-page\" data-elementor-id=\"22223\" class=\"elementor elementor-22223\" data-elementor-post-type=\"page\">\n\t\t\t\t\t\t<section class=\"elementor-section elementor-top-section elementor-element elementor-element-8c17ff9 elementor-section-boxed elementor-section-height-default elementor-section-height-default\" data-id=\"8c17ff9\" data-element_type=\"section\" data-e-type=\"section\">\n\t\t\t\t\t\t<div class=\"elementor-container elementor-column-gap-default\">\n\t\t\t\t\t<div class=\"elementor-column elementor-col-100 elementor-top-column elementor-element elementor-element-8b7cdad\" data-id=\"8b7cdad\" data-element_type=\"column\" data-e-type=\"column\">\n\t\t\t<div class=\"elementor-widget-wrap elementor-element-populated\">\n\t\t\t\t\t\t<div class=\"elementor-element elementor-element-d39944d elementor-widget elementor-widget-text-editor\" data-id=\"d39944d\" data-element_type=\"widget\" data-e-type=\"widget\" data-widget_type=\"text-editor.default\">\n\t\t\t\t<div class=\"elementor-widget-container\">\n\t\t\t\t\t\t\t\t\t<h3>RAZVOJNA NALOGA<\/h3><p><strong>Spo\u0161tovani \u010dlani in \u010dlanice razvojne naloge!<\/strong><\/p><p>V razvojni nalogi bo poudarek na medsebojnem povezovanju strokovnih delavcev pri skupnem razvijanju\u00a0pedago\u0161ke prakse, usklajene z individualnimi potrebami in zmo\u017enostmi otroka\/u\u010denca\/dijaka, ki temelji na\u00a0<strong>formativnem spremljanju<\/strong>\u00a0ter spodbuja optimalen razvoj posameznika.\u00a0<\/p><p>Strokovni delavci bodo\u00a0 v u\u010dni proces vklju\u010devali\u00a0<strong>glas u\u010denca,\u00a0<\/strong>\u00a0tako, da bodo\u00a0spodbujali aktivno vlogo otrok\/u\u010dencev\/dijakov pri u\u010denju, jih vklju\u010devali v sooblikovanje u\u010dnega procesa, jim omogo\u010dali medvrstni\u0161ko sodelovalno u\u010denje ter sooblikovanje fizi\u010dnega u\u010dnega prostora.<\/p><p><strong>U\u010denec\u00a0<\/strong>v vklju\u010dujo\u010di \u0161oli rad prihaja k pouku, je radoveden, i\u0161\u010de izzive, si upa, predlaga druga\u010dne re\u0161itve in na\u010dine u\u010denja, vztraja, postavlja vpra\u0161anja, se dobro po\u010duti, je zavzet, v u\u010denju vidi smisel ter zaznava osebne in skupne dose\u017eke ter prevzema odgovornost.<\/p><p>Veliko uspe\u0161nega dela vam \u017eelimo!<\/p><p>Svetovalci ZRS\u0160, vodje OE\u00a0in vodja razvojne naloge dr. Ada Holcar<\/p><p><strong>Cilji razvojne naloge<\/strong><\/p><ul><li>Uvajati spremembe na podro\u010dju\u00a0<strong>u\u010denja in pou\u010devanja<\/strong>: spodbujanje samostojnosti in samoiniciativnosti u\u010dencev, zagotavljanje ustrezno zahtevnih izzivov in dejavnosti, uveljavljanje izkustvenega u\u010denja z odkrivanjem in raziskovanjem ter ozave\u0161\u010danje pomena in uravnavanja \u010dustev za u\u010dinkovito u\u010denje.<\/li><li>Poudariti\u00a0<strong>pomen fizi\u010dnega, socialnega, izven\u0161olskega, vse\u017eivljenjskega, dru\u017ebenega in sodelovalnega<\/strong>\u00a0<strong>u\u010denja<\/strong>.<\/li><li><strong>Zavzemati se za spremembe<\/strong>\u00a0na ravni mi\u0161ljenja, \u010dustvovanja in delovanja u\u010diteljev, ravnateljev, u\u010dencev in star\u0161ev.<\/li><li><strong>Posamezniku pomagati\u00a0<\/strong>najti svoj prostor v svetu, ki ga u\u010di kakovostno \u017eiveti in sobivati z drugimi.<\/li><li><strong>Razvijati \u0161olsko prakso<\/strong>, ki bo v kar najve\u010dji meri upo\u0161tevala individualne potrebe, posebnostmi, zmo\u017enostmi, \u2026 u\u010denca, ki temelji na formativnem\u00a0 spremljanju, s katerim zagotavljamo optimalen razvoj ter u\u010dno uspe\u0161nost vsakega u\u010denca (posodobitev didaktike pouka)<\/li><li><strong>Videti in sli\u0161ati vsakega u\u010denca<\/strong>, spodbujati medsebojno sodelovanje ter s tem izbolj\u0161ati njihovo motivacijo (za u\u010denje) in soudele\u017eenost pri razvoju vklju\u010dujo\u010de \u0161ole.<\/li><li>Ustvariti u\u010dno okolje, v katerem se bodo u\u010denci po\u010dutili<strong>\u00a0varne, sprejete, vklju\u010dene<\/strong>\u00a0in bodo lahko razvijali svoje potenciale.<\/li><\/ul>\t\t\t\t\t\t\t\t<\/div>\n\t\t\t\t<\/div>\n\t\t\t\t\t<\/div>\n\t\t<\/div>\n\t\t\t\t\t<\/div>\n\t\t<\/section>\n\t\t\t\t<\/div>\n\t\t","protected":false},"excerpt":{"rendered":"<p>RAZVOJNA NALOGA Spo\u0161tovani \u010dlani in \u010dlanice razvojne naloge! V razvojni nalogi bo poudarek na medsebojnem povezovanju strokovnih delavcev pri skupnem razvijanju\u00a0pedago\u0161ke prakse, usklajene z individualnimi &hellip; <\/p>\n","protected":false},"author":6,"featured_media":0,"parent":0,"menu_order":0,"comment_status":"closed","ping_status":"closed","template":"","meta":{"footnotes":""},"class_list":["post-22223","page","type-page","status-publish","hentry","image-hover-transition-effect","latest_post"],"yoast_head":"<!-- This site is optimized with the Yoast SEO plugin v27.3 - https:\/\/yoast.com\/product\/yoast-seo-wordpress\/ -->\n<title>RN Vklju\u010dujo\u010da \u0161ola - vklju\u010dujo\u010d fizi\u010dni prostor - Osnovna \u0161ola Kajetana Kovi\u010da Polj\u010dane<\/title>\n<meta name=\"robots\" content=\"index, follow, max-snippet:-1, max-image-preview:large, max-video-preview:-1\" \/>\n<link rel=\"canonical\" href=\"https:\/\/ospoljcane.si\/nova\/rn-vkljucujoca-sola-vkljucujoc-fizicni-prostor\/\" \/>\n<meta property=\"og:locale\" content=\"sl_SI\" \/>\n<meta property=\"og:type\" content=\"article\" \/>\n<meta property=\"og:title\" content=\"RN Vklju\u010dujo\u010da \u0161ola - vklju\u010dujo\u010d fizi\u010dni prostor - Osnovna \u0161ola Kajetana Kovi\u010da Polj\u010dane\" \/>\n<meta property=\"og:description\" content=\"RAZVOJNA NALOGA Spo\u0161tovani \u010dlani in \u010dlanice razvojne naloge! V razvojni nalogi bo poudarek na medsebojnem povezovanju strokovnih delavcev pri skupnem razvijanju\u00a0pedago\u0161ke prakse, usklajene z individualnimi &hellip;\" \/>\n<meta property=\"og:url\" content=\"https:\/\/ospoljcane.si\/nova\/rn-vkljucujoca-sola-vkljucujoc-fizicni-prostor\/\" \/>\n<meta property=\"og:site_name\" content=\"Osnovna \u0161ola Kajetana Kovi\u010da Polj\u010dane\" \/>\n<meta property=\"article:modified_time\" content=\"2025-07-04T07:08:08+00:00\" \/>\n<meta name=\"twitter:card\" content=\"summary_large_image\" \/>\n<meta name=\"twitter:label1\" content=\"Est. reading time\" \/>\n\t<meta name=\"twitter:data1\" content=\"2 minuti\" \/>\n<script type=\"application\/ld+json\" class=\"yoast-schema-graph\">{\"@context\":\"https:\\\/\\\/schema.org\",\"@graph\":[{\"@type\":\"WebPage\",\"@id\":\"https:\\\/\\\/ospoljcane.si\\\/nova\\\/rn-vkljucujoca-sola-vkljucujoc-fizicni-prostor\\\/\",\"url\":\"https:\\\/\\\/ospoljcane.si\\\/nova\\\/rn-vkljucujoca-sola-vkljucujoc-fizicni-prostor\\\/\",\"name\":\"RN Vklju\u010dujo\u010da \u0161ola - vklju\u010dujo\u010d fizi\u010dni prostor - Osnovna \u0161ola Kajetana Kovi\u010da Polj\u010dane\",\"isPartOf\":{\"@id\":\"https:\\\/\\\/ospoljcane.si\\\/nova\\\/#website\"},\"datePublished\":\"2025-07-04T07:06:21+00:00\",\"dateModified\":\"2025-07-04T07:08:08+00:00\",\"breadcrumb\":{\"@id\":\"https:\\\/\\\/ospoljcane.si\\\/nova\\\/rn-vkljucujoca-sola-vkljucujoc-fizicni-prostor\\\/#breadcrumb\"},\"inLanguage\":\"sl-SI\",\"potentialAction\":[{\"@type\":\"ReadAction\",\"target\":[\"https:\\\/\\\/ospoljcane.si\\\/nova\\\/rn-vkljucujoca-sola-vkljucujoc-fizicni-prostor\\\/\"]}]},{\"@type\":\"BreadcrumbList\",\"@id\":\"https:\\\/\\\/ospoljcane.si\\\/nova\\\/rn-vkljucujoca-sola-vkljucujoc-fizicni-prostor\\\/#breadcrumb\",\"itemListElement\":[{\"@type\":\"ListItem\",\"position\":1,\"name\":\"Domov\",\"item\":\"https:\\\/\\\/ospoljcane.si\\\/nova\\\/\"},{\"@type\":\"ListItem\",\"position\":2,\"name\":\"RN Vklju\u010dujo\u010da \u0161ola &#8211; vklju\u010dujo\u010d fizi\u010dni prostor\"}]},{\"@type\":\"WebSite\",\"@id\":\"https:\\\/\\\/ospoljcane.si\\\/nova\\\/#website\",\"url\":\"https:\\\/\\\/ospoljcane.si\\\/nova\\\/\",\"name\":\"Osnovna \u0161ola Kajetana Kovi\u010da Polj\u010dane\",\"description\":\"\",\"publisher\":{\"@id\":\"https:\\\/\\\/ospoljcane.si\\\/nova\\\/#organization\"},\"potentialAction\":[{\"@type\":\"SearchAction\",\"target\":{\"@type\":\"EntryPoint\",\"urlTemplate\":\"https:\\\/\\\/ospoljcane.si\\\/nova\\\/?s={search_term_string}\"},\"query-input\":{\"@type\":\"PropertyValueSpecification\",\"valueRequired\":true,\"valueName\":\"search_term_string\"}}],\"inLanguage\":\"sl-SI\"},{\"@type\":\"Organization\",\"@id\":\"https:\\\/\\\/ospoljcane.si\\\/nova\\\/#organization\",\"name\":\"Osnovna \u0161ola Kajetana Kovi\u010da Polj\u010dane\",\"url\":\"https:\\\/\\\/ospoljcane.si\\\/nova\\\/\",\"logo\":{\"@type\":\"ImageObject\",\"inLanguage\":\"sl-SI\",\"@id\":\"https:\\\/\\\/ospoljcane.si\\\/nova\\\/#\\\/schema\\\/logo\\\/image\\\/\",\"url\":\"https:\\\/\\\/ospoljcane.si\\\/nova\\\/wp-content\\\/uploads\\\/2020\\\/12\\\/cropped-cropped-Logotip-sole-2016_3G-1-1.png\",\"contentUrl\":\"https:\\\/\\\/ospoljcane.si\\\/nova\\\/wp-content\\\/uploads\\\/2020\\\/12\\\/cropped-cropped-Logotip-sole-2016_3G-1-1.png\",\"width\":512,\"height\":512,\"caption\":\"Osnovna \u0161ola Kajetana Kovi\u010da Polj\u010dane\"},\"image\":{\"@id\":\"https:\\\/\\\/ospoljcane.si\\\/nova\\\/#\\\/schema\\\/logo\\\/image\\\/\"}}]}<\/script>\n<!-- \/ Yoast SEO plugin. -->","yoast_head_json":{"title":"RN Vklju\u010dujo\u010da \u0161ola - vklju\u010dujo\u010d fizi\u010dni prostor - Osnovna \u0161ola Kajetana Kovi\u010da Polj\u010dane","robots":{"index":"index","follow":"follow","max-snippet":"max-snippet:-1","max-image-preview":"max-image-preview:large","max-video-preview":"max-video-preview:-1"},"canonical":"https:\/\/ospoljcane.si\/nova\/rn-vkljucujoca-sola-vkljucujoc-fizicni-prostor\/","og_locale":"sl_SI","og_type":"article","og_title":"RN Vklju\u010dujo\u010da \u0161ola - vklju\u010dujo\u010d fizi\u010dni prostor - Osnovna \u0161ola Kajetana Kovi\u010da Polj\u010dane","og_description":"RAZVOJNA NALOGA Spo\u0161tovani \u010dlani in \u010dlanice razvojne naloge! V razvojni nalogi bo poudarek na medsebojnem povezovanju strokovnih delavcev pri skupnem razvijanju\u00a0pedago\u0161ke prakse, usklajene z individualnimi &hellip;","og_url":"https:\/\/ospoljcane.si\/nova\/rn-vkljucujoca-sola-vkljucujoc-fizicni-prostor\/","og_site_name":"Osnovna \u0161ola Kajetana Kovi\u010da Polj\u010dane","article_modified_time":"2025-07-04T07:08:08+00:00","twitter_card":"summary_large_image","twitter_misc":{"Est. reading time":"2 minuti"},"schema":{"@context":"https:\/\/schema.org","@graph":[{"@type":"WebPage","@id":"https:\/\/ospoljcane.si\/nova\/rn-vkljucujoca-sola-vkljucujoc-fizicni-prostor\/","url":"https:\/\/ospoljcane.si\/nova\/rn-vkljucujoca-sola-vkljucujoc-fizicni-prostor\/","name":"RN Vklju\u010dujo\u010da \u0161ola - vklju\u010dujo\u010d fizi\u010dni prostor - Osnovna \u0161ola Kajetana Kovi\u010da Polj\u010dane","isPartOf":{"@id":"https:\/\/ospoljcane.si\/nova\/#website"},"datePublished":"2025-07-04T07:06:21+00:00","dateModified":"2025-07-04T07:08:08+00:00","breadcrumb":{"@id":"https:\/\/ospoljcane.si\/nova\/rn-vkljucujoca-sola-vkljucujoc-fizicni-prostor\/#breadcrumb"},"inLanguage":"sl-SI","potentialAction":[{"@type":"ReadAction","target":["https:\/\/ospoljcane.si\/nova\/rn-vkljucujoca-sola-vkljucujoc-fizicni-prostor\/"]}]},{"@type":"BreadcrumbList","@id":"https:\/\/ospoljcane.si\/nova\/rn-vkljucujoca-sola-vkljucujoc-fizicni-prostor\/#breadcrumb","itemListElement":[{"@type":"ListItem","position":1,"name":"Domov","item":"https:\/\/ospoljcane.si\/nova\/"},{"@type":"ListItem","position":2,"name":"RN Vklju\u010dujo\u010da \u0161ola &#8211; vklju\u010dujo\u010d fizi\u010dni prostor"}]},{"@type":"WebSite","@id":"https:\/\/ospoljcane.si\/nova\/#website","url":"https:\/\/ospoljcane.si\/nova\/","name":"Osnovna \u0161ola Kajetana Kovi\u010da Polj\u010dane","description":"","publisher":{"@id":"https:\/\/ospoljcane.si\/nova\/#organization"},"potentialAction":[{"@type":"SearchAction","target":{"@type":"EntryPoint","urlTemplate":"https:\/\/ospoljcane.si\/nova\/?s={search_term_string}"},"query-input":{"@type":"PropertyValueSpecification","valueRequired":true,"valueName":"search_term_string"}}],"inLanguage":"sl-SI"},{"@type":"Organization","@id":"https:\/\/ospoljcane.si\/nova\/#organization","name":"Osnovna \u0161ola Kajetana Kovi\u010da Polj\u010dane","url":"https:\/\/ospoljcane.si\/nova\/","logo":{"@type":"ImageObject","inLanguage":"sl-SI","@id":"https:\/\/ospoljcane.si\/nova\/#\/schema\/logo\/image\/","url":"https:\/\/ospoljcane.si\/nova\/wp-content\/uploads\/2020\/12\/cropped-cropped-Logotip-sole-2016_3G-1-1.png","contentUrl":"https:\/\/ospoljcane.si\/nova\/wp-content\/uploads\/2020\/12\/cropped-cropped-Logotip-sole-2016_3G-1-1.png","width":512,"height":512,"caption":"Osnovna \u0161ola Kajetana Kovi\u010da Polj\u010dane"},"image":{"@id":"https:\/\/ospoljcane.si\/nova\/#\/schema\/logo\/image\/"}}]}},"_links":{"self":[{"href":"https:\/\/ospoljcane.si\/nova\/wp-json\/wp\/v2\/pages\/22223","targetHints":{"allow":["GET"]}}],"collection":[{"href":"https:\/\/ospoljcane.si\/nova\/wp-json\/wp\/v2\/pages"}],"about":[{"href":"https:\/\/ospoljcane.si\/nova\/wp-json\/wp\/v2\/types\/page"}],"author":[{"embeddable":true,"href":"https:\/\/ospoljcane.si\/nova\/wp-json\/wp\/v2\/users\/6"}],"replies":[{"embeddable":true,"href":"https:\/\/ospoljcane.si\/nova\/wp-json\/wp\/v2\/comments?post=22223"}],"version-history":[{"count":3,"href":"https:\/\/ospoljcane.si\/nova\/wp-json\/wp\/v2\/pages\/22223\/revisions"}],"predecessor-version":[{"id":22226,"href":"https:\/\/ospoljcane.si\/nova\/wp-json\/wp\/v2\/pages\/22223\/revisions\/22226"}],"wp:attachment":[{"href":"https:\/\/ospoljcane.si\/nova\/wp-json\/wp\/v2\/media?parent=22223"}],"curies":[{"name":"wp","href":"https:\/\/api.w.org\/{rel}","templated":true}]}}