{"id":217,"date":"2020-11-27T12:55:07","date_gmt":"2020-11-27T12:55:07","guid":{"rendered":"http:\/\/ospoljcane.si\/nova\/?page_id=217"},"modified":"2023-09-18T11:15:56","modified_gmt":"2023-09-18T09:15:56","slug":"strokovni-delavci","status":"publish","type":"page","link":"https:\/\/ospoljcane.si\/nova\/o-soli\/splosno\/strokovni-delavci\/","title":{"rendered":"Strokovni delavci"},"content":{"rendered":"\t\t<div data-elementor-type=\"wp-page\" data-elementor-id=\"217\" class=\"elementor elementor-217\" data-elementor-post-type=\"page\">\n\t\t\t\t\t\t<section class=\"elementor-section elementor-top-section elementor-element elementor-element-5bba62d elementor-section-boxed elementor-section-height-default elementor-section-height-default\" data-id=\"5bba62d\" data-element_type=\"section\" data-e-type=\"section\">\n\t\t\t\t\t\t<div class=\"elementor-container elementor-column-gap-default\">\n\t\t\t\t\t<div class=\"elementor-column elementor-col-100 elementor-top-column elementor-element elementor-element-0e90c8b\" data-id=\"0e90c8b\" data-element_type=\"column\" data-e-type=\"column\">\n\t\t\t<div class=\"elementor-widget-wrap elementor-element-populated\">\n\t\t\t\t\t\t<div class=\"elementor-element elementor-element-45891a2 elementor-widget__width-initial elementor-widget elementor-widget-text-editor\" data-id=\"45891a2\" data-element_type=\"widget\" data-e-type=\"widget\" data-widget_type=\"text-editor.default\">\n\t\t\t\t<div class=\"elementor-widget-container\">\n\t\t\t\t\t\t\t\t\t<table><tbody><tr><td width=\"153\"><p><strong>U\u010ditelj\/strokovni delavec<\/strong><\/p><\/td><td width=\"387\"><p><strong>U\u010di predmete\/podro\u010dje\/delovno mesto<\/strong><\/p><\/td><td width=\"94\"><p><strong>Razrednik\/<\/strong><\/p><p><em>sorazrednik<\/em><\/p><\/td><\/tr><tr><td width=\"153\"><p>Born\u0161ek Polona<\/p><\/td><td width=\"387\"><p>Knji\u017eni\u010darka; PB4. a, b; DSP;<\/p><\/td><td width=\"94\"><p>\u00a0<\/p><\/td><\/tr><tr><td width=\"153\"><p>C. Plo\u0161injak Jelka<\/p><\/td><td width=\"387\"><p>Razredni pouk; DSP;<\/p><\/td><td width=\"94\"><p><strong>5. b<\/strong><\/p><\/td><\/tr><tr><td width=\"153\"><p>Dragi\u0107 Rok<\/p><\/td><td width=\"387\"><p>LUM 6. a, b; 7. a, b; 8. a, b; 9. a, b; LS1; LS2; LS3;<\/p><\/td><td width=\"94\"><p>\u00a0<\/p><\/td><\/tr><tr><td width=\"153\"><p>Golob Leonida<\/p><\/td><td width=\"387\"><p>Razredni pouk; PB1; JV 1. a, b.;<\/p><\/td><td width=\"94\"><p><em>1. a<\/em><\/p><\/td><\/tr><tr><td width=\"153\"><p>Grgin \u0160krabl Barbara<\/p><\/td><td width=\"387\"><p>SLJ 8.a, b; 9.a, b; SLJ-us 6.a, b; 7.a, b; TJA 7.b; 8.a, b; 9.a, b; TJA-us 6.a,b; 7.a,b; DOD, DSP;<\/p><\/td><td width=\"94\"><p><strong>7.b<\/strong><\/p><\/td><\/tr><tr><td width=\"153\"><p>Jelnikar Kristina<\/p><\/td><td width=\"387\"><p>TJA 2. a, b;\u00a0 3. a, b; N1A 1.a, b; OID;<\/p><\/td><td width=\"94\"><p><strong>\u00a0<\/strong><\/p><\/td><\/tr><tr><td width=\"153\"><p>Juhart Tanja<\/p><\/td><td width=\"387\"><p>MAT 6. a;\u00a0 8. a, b; 9. a, b; MAT-s 6. a, b; 7. a, b; UBE 7. r.;\u00a0 MME 8. r.; ROM 9. r.; NRA 4., 5., 6. r.; ROID; DSP; DNU<\/p><\/td><td width=\"94\"><p><strong>6. a<\/strong><\/p><\/td><\/tr><tr><td width=\"153\"><p>Kolednik Ana-Marija<\/p><\/td><td width=\"387\"><p>Razredni pouk; PB 3.a, 3.b;<\/p><\/td><td width=\"94\"><p><strong>3. b<\/strong><\/p><\/td><\/tr><tr><td width=\"153\"><p>Konec Nu\u0161ka<\/p><\/td><td width=\"387\"><p>MAT 6.b; 7.a, b; 8.a, b; 9.a, b; MAT-us 6.a, b; 7.a, b; DKE 7.a, b; DNU; DSP;<\/p><\/td><td width=\"94\"><p><strong>6. b<\/strong><\/p><\/td><\/tr><tr><td width=\"153\"><p>Kotnik Renata<\/p><\/td><td width=\"387\"><p>TJA 4. a; 5. a; 8. a, b; 9. a, b; TJA-s 6. a, b; 7. a, b;<\/p><p>GEO 8. a, b; 9. a, b; DKE 8. a, b; DSP;<\/p><\/td><td width=\"94\"><p><strong>9. a<\/strong><\/p><\/td><\/tr><tr><td width=\"153\"><p>Kra\u010dun Suzana<\/p><\/td><td width=\"387\"><p>NI1 7. a, b; NI28. a, b; in NI3 9. a, b; DSP; ISP; PB 1., 4.r.; JV;<\/p><\/td><td width=\"94\"><p><em>7. a<\/em><\/p><\/td><\/tr><tr><td width=\"153\"><p>mag. Krajnc Danijela<\/p><\/td><td width=\"387\"><p>GUM 6. a, b; 7. a, b; 8. a, b; 9. a, b; OPZ; MPZ; Solisti;<\/p><\/td><td width=\"94\"><p><em>7. b<\/em><\/p><\/td><\/tr><tr><td width=\"153\"><p>Krajnc Darja<\/p><\/td><td width=\"387\"><p>SLJ 6. a; 8. a, b; 9. a, b; SLJ-us 6.a, b, 7.a, b; DNU, DOD; PB 4.a, b;<\/p><\/td><td width=\"94\"><p><em>8. a<\/em><\/p><\/td><\/tr><tr><td width=\"153\"><p>Kralj Sabina<\/p><\/td><td width=\"387\"><p>TIT 6. a, b; 7.a, b; 8. a, b; OGL 7. r.; OGU 8. r.; OGK 9. r.; NTE 4. r.; NTE 5. r.;\u00a0 DNU; Pomo\u010dnica ravnateljice;<\/p><\/td><td width=\"94\"><p><strong>\u00a0<\/strong><\/p><\/td><\/tr><tr><td width=\"153\"><p>Leskovar Ranko<\/p><\/td><td width=\"387\"><p>\u0160PO 6. a, b; 7. a, b; 8. a, b; 9. a, b; \u0160SP 7.r.; \u0160ZZ 8. r.; I\u0160P 9.r.; N\u0160P 4., 5 r.; N\u0160P 5., 6. r.; Kolesarski izpit; <em>Plavalni te\u010daj 3. r.; <\/em><\/p><\/td><td width=\"94\"><p><em>9. b<\/em><\/p><\/td><\/tr><tr><td width=\"153\"><p>Loren\u010di\u010d Natalija<\/p><\/td><td width=\"387\"><p>BIO 9. b; NAR 6. a; TJA 4. b; TJA 8. a, b; IDlum\/tit; GOSP 6. a; PB 2.a, 5.a;<\/p><\/td><td width=\"94\"><p><strong>9. b<\/strong><\/p><p><strong>\u00a0<\/strong><\/p><\/td><\/tr><tr><td width=\"153\"><p>Mohorko Irena<\/p><\/td><td width=\"387\"><p>PB 2. b, 5. b; ISP; DSP;<\/p><\/td><td width=\"94\"><p><em>\u00a0<\/em><\/p><\/td><\/tr><tr><td width=\"153\"><p>Motaln Mojca<\/p><\/td><td width=\"387\"><p>DSP;<\/p><\/td><td width=\"94\"><p><strong><em>\u00a0<\/em><\/strong><\/p><\/td><\/tr><tr><td width=\"153\"><p>Mravlje mag. Francka<\/p><\/td><td width=\"387\"><p>Ravnateljica;<\/p><\/td><td width=\"94\"><p><strong><em>\u00a0<\/em><\/strong><\/p><\/td><\/tr><tr><td width=\"153\"><p>Oder Barbara<\/p><\/td><td width=\"387\"><p>Razredni pouk;<\/p><\/td><td width=\"94\"><p><strong>2. a<\/strong><\/p><\/td><\/tr><tr><td width=\"153\"><p>Pegan Milena<\/p><\/td><td width=\"387\"><p>Razredni pouk;<\/p><\/td><td width=\"94\"><p><strong>1. a<\/strong><\/p><\/td><\/tr><tr><td width=\"153\"><p>Pekez Zvezdana<\/p><\/td><td width=\"387\"><p>\u0160olsko svetovalno delo; DSP;<\/p><\/td><td width=\"94\"><p><strong>\u00a0<\/strong><\/p><\/td><\/tr><tr><td width=\"153\"><p>Podjaver\u0161ek Zdenka<\/p><\/td><td width=\"387\"><p>Razredni pouk;<\/p><\/td><td width=\"94\"><p><strong>5. a<\/strong><\/p><\/td><\/tr><tr><td width=\"153\"><p>Robnik Tina<\/p><\/td><td width=\"387\"><p>Razredni pouk; DSP;<\/p><\/td><td width=\"94\"><p><strong>1. b<\/strong><\/p><\/td><\/tr><tr><td width=\"153\"><p>Saboli\u010d Goran<\/p><\/td><td width=\"387\"><p>TIT 6. a, b; 7. a, b;\u00a0 8. a, b; FIZ 8. a, b; 9. a, b; NAR 6. b; ZVE 9. r.; NTE 5., 6. r.; DNU;<\/p><\/td><td width=\"94\"><p><strong>8. b<\/strong><\/p><\/td><\/tr><tr><td width=\"153\"><p>Savski Tadeja<\/p><p>\u00a0<\/p><\/td><td width=\"387\"><p>SLJ 6. b; 7. a, b; 8. a, b; 9. a, b; SLJ-s 6. a, b; 7. a, b;\u00a0 DOP;<\/p><p>\u00a0<\/p><\/td><td width=\"94\"><p><em>6. a<\/em><\/p><\/td><\/tr><tr><td width=\"153\"><p>Sekirnik Nina<\/p><\/td><td width=\"387\"><p>\u0160olsko svetovalno delo; DSP;<\/p><\/td><td width=\"94\"><p><em>\u00a0<\/em><\/p><\/td><\/tr><tr><td width=\"153\"><p>Simoni\u010d Tina<\/p><\/td><td width=\"387\"><p>TJA 5. b; 6. a, b; 7. a; 8. a, b; 9. a, b; TJA-s\u00a0 6. a, b; 7. a, b; DOD; DOP; DSP;<\/p><\/td><td width=\"94\"><p><strong>7. a<\/strong><\/p><\/td><\/tr><tr><td width=\"153\"><p>Skerbi\u0161 Mateja,<\/p><p>dec. 2023<\/p><\/td><td width=\"387\"><p>Razredni pouk;<\/p><\/td><td width=\"94\"><p><strong>3. b<\/strong><\/p><\/td><\/tr><tr><td width=\"153\"><p>\u0160tauber Jo\u017eica<\/p><\/td><td width=\"387\"><p>ZGO 6. a, b; 7. a, b; 8. a, b; 9. a, b; GEO 6. a, b; 7. a, b; DNU<\/p><\/td><td width=\"94\"><p><strong>8. a<\/strong><\/p><\/td><\/tr><tr><td width=\"153\"><p>Ternov\u0161ek Irena<\/p><\/td><td width=\"387\"><p>Razredni pouk; PB1. r.; JV 1. a, b;<\/p><\/td><td width=\"94\"><p><em>1. b<\/em><\/p><\/td><\/tr><tr><td width=\"153\"><p>Ulaga Ula<\/p><\/td><td width=\"387\"><p>TIT\u00a0 6.a,b; \u0160PO 5.a,b; GOSP 6. b; DNU; ISP; PB 3. a, b;<\/p><p>Organizator \u0161ol. Prehrane, DSP<\/p><\/td><td width=\"94\"><p><em>\u00a0<\/em><\/p><\/td><\/tr><tr><td width=\"153\"><p>Vantur Valerija<\/p><\/td><td width=\"387\"><p>Razredni pouk; DSP;<\/p><\/td><td width=\"94\"><p><strong>4. a<\/strong><\/p><\/td><\/tr><tr><td width=\"153\"><p>Volmajer Valentina<\/p><\/td><td width=\"387\"><p>MAT 8.a,b; 9.a,b; MAT-us 6.a,b; 7.a,b; DOP; DSP;<\/p><\/td><td width=\"94\"><p><em>6. b<\/em><\/p><\/td><\/tr><tr><td width=\"153\"><p>Voglar Miran<\/p><p>\u00a0<\/p><\/td><td width=\"387\"><p>\u0160PO 6. a, b; 7. a, b; 8. a, b; 9. a, b; \u0160SP; I\u0160P; N\u0160P 6. r.; <em>Plavalni te\u010daj 1., 3. r.; Kolesarski izpit 5. r.; <\/em><\/p><\/td><td width=\"94\"><p><em>9. a<\/em><\/p><\/td><\/tr><tr><td width=\"153\"><p>Vo\u0161inek Suzana<\/p><\/td><td width=\"387\"><p>Razredni pouk; DSP;<\/p><\/td><td width=\"94\"><p><strong>4. b<\/strong><\/p><\/td><\/tr><tr><td width=\"153\"><p>Vuk Suzana<\/p><\/td><td width=\"387\"><p>Razredni pouk;<\/p><\/td><td width=\"94\"><p><strong>2. b<\/strong><\/p><\/td><\/tr><tr><td width=\"153\"><p>Zidari\u010d Nejc<\/p><\/td><td width=\"387\"><p>Razredni pouk; DSP;<\/p><\/td><td width=\"94\"><p><strong>3. a<\/strong><\/p><\/td><\/tr><tr><td width=\"153\"><p>Zgubi\u010d Tatjana<\/p><\/td><td width=\"387\"><p>BIO 8.a, b; 9. a; KEM 8.a, b; 9. a, b; NAR 7. a, b;\u00a0<\/p><\/td><td width=\"94\"><p><em>\u00a0<\/em><\/p><\/td><\/tr><tr><td width=\"153\"><p>Ore\u0161i\u010d Polona<\/p><\/td><td width=\"387\"><p>Za\u010dasna spremljevalka gibalno oviranih u\u010dencev, 4. a;<\/p><\/td><td width=\"94\"><p><em>\u00a0<\/em><\/p><\/td><\/tr><tr><td width=\"153\"><p>Gaj\u0161t Miha<\/p><\/td><td width=\"387\"><p>Za\u010dasni spremljevalec gibalno oviranih u\u010dencev, 3. b;<\/p><\/td><td width=\"94\"><p><em>\u00a0<\/em><\/p><\/td><\/tr><tr><td width=\"153\"><p>Hostnik Z. Darja<\/p><\/td><td width=\"387\"><p>Za\u010dasna spremljevalka gibalno oviranih u\u010dencev, 1. b;<\/p><\/td><td width=\"94\"><p><em>\u00a0<\/em><\/p><\/td><\/tr><tr><td width=\"153\"><p>Razpis<\/p><\/td><td width=\"387\"><p>PB 2. a, 5. a; Laborant; DSP;<\/p><\/td><td width=\"94\"><p><em>\u00a0<\/em><\/p><\/td><\/tr><\/tbody><\/table>\t\t\t\t\t\t\t\t<\/div>\n\t\t\t\t<\/div>\n\t\t\t\t\t<\/div>\n\t\t<\/div>\n\t\t\t\t\t<\/div>\n\t\t<\/section>\n\t\t\t\t<\/div>\n\t\t","protected":false},"excerpt":{"rendered":"<p>U\u010ditelj\/strokovni delavec U\u010di predmete\/podro\u010dje\/delovno mesto Razrednik\/ sorazrednik Born\u0161ek Polona Knji\u017eni\u010darka; PB4. a, b; DSP; \u00a0 C. Plo\u0161injak Jelka Razredni pouk; DSP; 5. b Dragi\u0107 Rok &hellip; <\/p>\n","protected":false},"author":1,"featured_media":0,"parent":157,"menu_order":0,"comment_status":"closed","ping_status":"closed","template":"","meta":{"footnotes":""},"class_list":["post-217","page","type-page","status-publish","hentry","image-hover-transition-effect","latest_post"],"yoast_head":"<!-- This site is optimized with the Yoast SEO plugin v27.6 - https:\/\/yoast.com\/product\/yoast-seo-wordpress\/ -->\n<title>Strokovni delavci - Osnovna \u0161ola Kajetana Kovi\u010da Polj\u010dane<\/title>\n<meta name=\"robots\" content=\"index, follow, max-snippet:-1, max-image-preview:large, max-video-preview:-1\" \/>\n<link rel=\"canonical\" href=\"https:\/\/ospoljcane.si\/nova\/o-soli\/splosno\/strokovni-delavci\/\" \/>\n<meta property=\"og:locale\" content=\"sl_SI\" \/>\n<meta property=\"og:type\" content=\"article\" \/>\n<meta property=\"og:title\" content=\"Strokovni delavci - Osnovna \u0161ola Kajetana Kovi\u010da Polj\u010dane\" \/>\n<meta property=\"og:description\" content=\"U\u010ditelj\/strokovni delavec U\u010di predmete\/podro\u010dje\/delovno mesto Razrednik\/ sorazrednik Born\u0161ek Polona Knji\u017eni\u010darka; PB4. a, b; DSP; \u00a0 C. Plo\u0161injak Jelka Razredni pouk; DSP; 5. b Dragi\u0107 Rok &hellip;\" \/>\n<meta property=\"og:url\" content=\"https:\/\/ospoljcane.si\/nova\/o-soli\/splosno\/strokovni-delavci\/\" \/>\n<meta property=\"og:site_name\" content=\"Osnovna \u0161ola Kajetana Kovi\u010da Polj\u010dane\" \/>\n<meta property=\"article:modified_time\" content=\"2023-09-18T09:15:56+00:00\" \/>\n<meta name=\"twitter:card\" content=\"summary_large_image\" \/>\n<meta name=\"twitter:label1\" content=\"Est. reading time\" \/>\n\t<meta name=\"twitter:data1\" content=\"4 minute\" \/>\n<script type=\"application\/ld+json\" class=\"yoast-schema-graph\">{\"@context\":\"https:\\\/\\\/schema.org\",\"@graph\":[{\"@type\":\"WebPage\",\"@id\":\"https:\\\/\\\/ospoljcane.si\\\/nova\\\/o-soli\\\/splosno\\\/strokovni-delavci\\\/\",\"url\":\"https:\\\/\\\/ospoljcane.si\\\/nova\\\/o-soli\\\/splosno\\\/strokovni-delavci\\\/\",\"name\":\"Strokovni delavci - Osnovna \u0161ola Kajetana Kovi\u010da Polj\u010dane\",\"isPartOf\":{\"@id\":\"https:\\\/\\\/ospoljcane.si\\\/nova\\\/#website\"},\"datePublished\":\"2020-11-27T12:55:07+00:00\",\"dateModified\":\"2023-09-18T09:15:56+00:00\",\"breadcrumb\":{\"@id\":\"https:\\\/\\\/ospoljcane.si\\\/nova\\\/o-soli\\\/splosno\\\/strokovni-delavci\\\/#breadcrumb\"},\"inLanguage\":\"sl-SI\",\"potentialAction\":[{\"@type\":\"ReadAction\",\"target\":[\"https:\\\/\\\/ospoljcane.si\\\/nova\\\/o-soli\\\/splosno\\\/strokovni-delavci\\\/\"]}]},{\"@type\":\"BreadcrumbList\",\"@id\":\"https:\\\/\\\/ospoljcane.si\\\/nova\\\/o-soli\\\/splosno\\\/strokovni-delavci\\\/#breadcrumb\",\"itemListElement\":[{\"@type\":\"ListItem\",\"position\":1,\"name\":\"Domov\",\"item\":\"https:\\\/\\\/ospoljcane.si\\\/nova\\\/\"},{\"@type\":\"ListItem\",\"position\":2,\"name\":\"O \u0161oli\",\"item\":\"https:\\\/\\\/ospoljcane.si\\\/nova\\\/o-soli\\\/\"},{\"@type\":\"ListItem\",\"position\":3,\"name\":\"Splo\u0161no\",\"item\":\"https:\\\/\\\/ospoljcane.si\\\/nova\\\/o-soli\\\/splosno\\\/\"},{\"@type\":\"ListItem\",\"position\":4,\"name\":\"Strokovni delavci\"}]},{\"@type\":\"WebSite\",\"@id\":\"https:\\\/\\\/ospoljcane.si\\\/nova\\\/#website\",\"url\":\"https:\\\/\\\/ospoljcane.si\\\/nova\\\/\",\"name\":\"Osnovna \u0161ola Kajetana Kovi\u010da Polj\u010dane\",\"description\":\"\",\"publisher\":{\"@id\":\"https:\\\/\\\/ospoljcane.si\\\/nova\\\/#organization\"},\"potentialAction\":[{\"@type\":\"SearchAction\",\"target\":{\"@type\":\"EntryPoint\",\"urlTemplate\":\"https:\\\/\\\/ospoljcane.si\\\/nova\\\/?s={search_term_string}\"},\"query-input\":{\"@type\":\"PropertyValueSpecification\",\"valueRequired\":true,\"valueName\":\"search_term_string\"}}],\"inLanguage\":\"sl-SI\"},{\"@type\":\"Organization\",\"@id\":\"https:\\\/\\\/ospoljcane.si\\\/nova\\\/#organization\",\"name\":\"Osnovna \u0161ola Kajetana Kovi\u010da Polj\u010dane\",\"url\":\"https:\\\/\\\/ospoljcane.si\\\/nova\\\/\",\"logo\":{\"@type\":\"ImageObject\",\"inLanguage\":\"sl-SI\",\"@id\":\"https:\\\/\\\/ospoljcane.si\\\/nova\\\/#\\\/schema\\\/logo\\\/image\\\/\",\"url\":\"https:\\\/\\\/ospoljcane.si\\\/nova\\\/wp-content\\\/uploads\\\/2020\\\/12\\\/cropped-cropped-Logotip-sole-2016_3G-1-1.png\",\"contentUrl\":\"https:\\\/\\\/ospoljcane.si\\\/nova\\\/wp-content\\\/uploads\\\/2020\\\/12\\\/cropped-cropped-Logotip-sole-2016_3G-1-1.png\",\"width\":512,\"height\":512,\"caption\":\"Osnovna \u0161ola Kajetana Kovi\u010da Polj\u010dane\"},\"image\":{\"@id\":\"https:\\\/\\\/ospoljcane.si\\\/nova\\\/#\\\/schema\\\/logo\\\/image\\\/\"}}]}<\/script>\n<!-- \/ Yoast SEO plugin. -->","yoast_head_json":{"title":"Strokovni delavci - Osnovna \u0161ola Kajetana Kovi\u010da Polj\u010dane","robots":{"index":"index","follow":"follow","max-snippet":"max-snippet:-1","max-image-preview":"max-image-preview:large","max-video-preview":"max-video-preview:-1"},"canonical":"https:\/\/ospoljcane.si\/nova\/o-soli\/splosno\/strokovni-delavci\/","og_locale":"sl_SI","og_type":"article","og_title":"Strokovni delavci - Osnovna \u0161ola Kajetana Kovi\u010da Polj\u010dane","og_description":"U\u010ditelj\/strokovni delavec U\u010di predmete\/podro\u010dje\/delovno mesto Razrednik\/ sorazrednik Born\u0161ek Polona Knji\u017eni\u010darka; PB4. a, b; DSP; \u00a0 C. Plo\u0161injak Jelka Razredni pouk; DSP; 5. b Dragi\u0107 Rok &hellip;","og_url":"https:\/\/ospoljcane.si\/nova\/o-soli\/splosno\/strokovni-delavci\/","og_site_name":"Osnovna \u0161ola Kajetana Kovi\u010da Polj\u010dane","article_modified_time":"2023-09-18T09:15:56+00:00","twitter_card":"summary_large_image","twitter_misc":{"Est. reading time":"4 minute"},"schema":{"@context":"https:\/\/schema.org","@graph":[{"@type":"WebPage","@id":"https:\/\/ospoljcane.si\/nova\/o-soli\/splosno\/strokovni-delavci\/","url":"https:\/\/ospoljcane.si\/nova\/o-soli\/splosno\/strokovni-delavci\/","name":"Strokovni delavci - Osnovna \u0161ola Kajetana Kovi\u010da Polj\u010dane","isPartOf":{"@id":"https:\/\/ospoljcane.si\/nova\/#website"},"datePublished":"2020-11-27T12:55:07+00:00","dateModified":"2023-09-18T09:15:56+00:00","breadcrumb":{"@id":"https:\/\/ospoljcane.si\/nova\/o-soli\/splosno\/strokovni-delavci\/#breadcrumb"},"inLanguage":"sl-SI","potentialAction":[{"@type":"ReadAction","target":["https:\/\/ospoljcane.si\/nova\/o-soli\/splosno\/strokovni-delavci\/"]}]},{"@type":"BreadcrumbList","@id":"https:\/\/ospoljcane.si\/nova\/o-soli\/splosno\/strokovni-delavci\/#breadcrumb","itemListElement":[{"@type":"ListItem","position":1,"name":"Domov","item":"https:\/\/ospoljcane.si\/nova\/"},{"@type":"ListItem","position":2,"name":"O \u0161oli","item":"https:\/\/ospoljcane.si\/nova\/o-soli\/"},{"@type":"ListItem","position":3,"name":"Splo\u0161no","item":"https:\/\/ospoljcane.si\/nova\/o-soli\/splosno\/"},{"@type":"ListItem","position":4,"name":"Strokovni delavci"}]},{"@type":"WebSite","@id":"https:\/\/ospoljcane.si\/nova\/#website","url":"https:\/\/ospoljcane.si\/nova\/","name":"Osnovna \u0161ola Kajetana Kovi\u010da Polj\u010dane","description":"","publisher":{"@id":"https:\/\/ospoljcane.si\/nova\/#organization"},"potentialAction":[{"@type":"SearchAction","target":{"@type":"EntryPoint","urlTemplate":"https:\/\/ospoljcane.si\/nova\/?s={search_term_string}"},"query-input":{"@type":"PropertyValueSpecification","valueRequired":true,"valueName":"search_term_string"}}],"inLanguage":"sl-SI"},{"@type":"Organization","@id":"https:\/\/ospoljcane.si\/nova\/#organization","name":"Osnovna \u0161ola Kajetana Kovi\u010da Polj\u010dane","url":"https:\/\/ospoljcane.si\/nova\/","logo":{"@type":"ImageObject","inLanguage":"sl-SI","@id":"https:\/\/ospoljcane.si\/nova\/#\/schema\/logo\/image\/","url":"https:\/\/ospoljcane.si\/nova\/wp-content\/uploads\/2020\/12\/cropped-cropped-Logotip-sole-2016_3G-1-1.png","contentUrl":"https:\/\/ospoljcane.si\/nova\/wp-content\/uploads\/2020\/12\/cropped-cropped-Logotip-sole-2016_3G-1-1.png","width":512,"height":512,"caption":"Osnovna \u0161ola Kajetana Kovi\u010da Polj\u010dane"},"image":{"@id":"https:\/\/ospoljcane.si\/nova\/#\/schema\/logo\/image\/"}}]}},"_links":{"self":[{"href":"https:\/\/ospoljcane.si\/nova\/wp-json\/wp\/v2\/pages\/217","targetHints":{"allow":["GET"]}}],"collection":[{"href":"https:\/\/ospoljcane.si\/nova\/wp-json\/wp\/v2\/pages"}],"about":[{"href":"https:\/\/ospoljcane.si\/nova\/wp-json\/wp\/v2\/types\/page"}],"author":[{"embeddable":true,"href":"https:\/\/ospoljcane.si\/nova\/wp-json\/wp\/v2\/users\/1"}],"replies":[{"embeddable":true,"href":"https:\/\/ospoljcane.si\/nova\/wp-json\/wp\/v2\/comments?post=217"}],"version-history":[{"count":18,"href":"https:\/\/ospoljcane.si\/nova\/wp-json\/wp\/v2\/pages\/217\/revisions"}],"predecessor-version":[{"id":15771,"href":"https:\/\/ospoljcane.si\/nova\/wp-json\/wp\/v2\/pages\/217\/revisions\/15771"}],"up":[{"embeddable":true,"href":"https:\/\/ospoljcane.si\/nova\/wp-json\/wp\/v2\/pages\/157"}],"wp:attachment":[{"href":"https:\/\/ospoljcane.si\/nova\/wp-json\/wp\/v2\/media?parent=217"}],"curies":[{"name":"wp","href":"https:\/\/api.w.org\/{rel}","templated":true}]}}