{"id":215,"date":"2020-11-27T12:54:25","date_gmt":"2020-11-27T12:54:25","guid":{"rendered":"http:\/\/ospoljcane.si\/nova\/?page_id=215"},"modified":"2025-10-23T08:14:08","modified_gmt":"2025-10-23T06:14:08","slug":"nacrtovane-dejavnosti","status":"publish","type":"page","link":"https:\/\/ospoljcane.si\/nova\/o-soli\/splosno\/nacrtovane-dejavnosti\/","title":{"rendered":"Na\u010drtovane dejavnosti"},"content":{"rendered":"\t\t<div data-elementor-type=\"wp-page\" data-elementor-id=\"215\" class=\"elementor elementor-215\" data-elementor-post-type=\"page\">\n\t\t\t\t\t\t<section class=\"elementor-section elementor-top-section elementor-element elementor-element-3c82513d elementor-section-boxed elementor-section-height-default elementor-section-height-default\" data-id=\"3c82513d\" data-element_type=\"section\" data-e-type=\"section\">\n\t\t\t\t\t\t<div class=\"elementor-container elementor-column-gap-default\">\n\t\t\t\t\t<div class=\"elementor-column elementor-col-100 elementor-top-column elementor-element elementor-element-7df9a565\" data-id=\"7df9a565\" data-element_type=\"column\" data-e-type=\"column\">\n\t\t\t<div class=\"elementor-widget-wrap elementor-element-populated\">\n\t\t\t\t\t\t<div class=\"elementor-element elementor-element-689573e4 elementor-widget elementor-widget-text-editor\" data-id=\"689573e4\" data-element_type=\"widget\" data-e-type=\"widget\" data-widget_type=\"text-editor.default\">\n\t\t\t\t<div class=\"elementor-widget-container\">\n\t\t\t\t\t\t\t\t\t<p class=\"naslov\" align=\"left\">Priloga k <strong>Letnemu delovnemu na\u010drtu \u0161ole<\/strong>\u00a0so na\u010drtovane dejavnosti po mesecih (<strong>mese\u010dniki).<\/strong><\/p><p>V mese\u010dnike ob za\u010detku \u0161olskega leta zapi\u0161emo vse dejavnosti, dogodke na \u0161oli, kulturne in \u0161portne prireditve, datume povezane z Nacionalnim preverjanjem znanja, tekmovanja na razli\u010dnih podro\u010djih, govorilne ure\u2026 \u00a0 Nekatere dejavnosti lahko datumsko dolo\u010dimo \u017ee v mesecu septembru , druge pa na\u010drtujemo le okvirno po mesecih (npr. \u0161portne dneve, ki so vezani na vreme). Glede na razli\u010dne ponudbe, ki prihajajo skozi leto, se za nekatere dejavnosti odlo\u010damo tudi tekom \u0161olskega leta (npr. predstavitev strukture in delovanja Evropske unije).<\/p><p>Ob koncu vsakega meseca zabele\u017eimo vse izpeljane dejavnosti. Vseh deset mese\u010dnikov pa je priloga k\u00a0<strong>Poro\u010dilu o delu \u0161ole.<\/strong><\/p><p>Na na\u0161i spletni strani objavljamo na\u010drtovane dejavnosti, nekatere to\u010dno po datumih, druge le vezane na teko\u010di mesec.<\/p><p>Tako boste, u\u010denci in star\u0161i, bolj natan\u010dno in v naprej obve\u0161\u010deni o razli\u010dnih dogodkih na \u0161oli.<\/p><div>Seveda pa vas prosimo za razumevanje v kolikor bo neka dejavnost zaradi opravi\u010dljivih razlogov realizirana v drugem terminu.<\/div><div>\u00a0<\/div><p><a href=\"https:\/\/ospoljcane.si\/nova\/wp-content\/uploads\/2025\/10\/Dnevi-dejavnosti-2025-2026.pdf\"><strong><span style=\"color: #cc99ff;\">Dnevi dejavnosti<\/span><\/strong><\/a><\/p>\t\t\t\t\t\t\t\t<\/div>\n\t\t\t\t<\/div>\n\t\t\t\t\t<\/div>\n\t\t<\/div>\n\t\t\t\t\t<\/div>\n\t\t<\/section>\n\t\t\t\t<\/div>\n\t\t","protected":false},"excerpt":{"rendered":"<p>Priloga k Letnemu delovnemu na\u010drtu \u0161ole\u00a0so na\u010drtovane dejavnosti po mesecih (mese\u010dniki). V mese\u010dnike ob za\u010detku \u0161olskega leta zapi\u0161emo vse dejavnosti, dogodke na \u0161oli, kulturne in &hellip; <\/p>\n","protected":false},"author":1,"featured_media":0,"parent":157,"menu_order":0,"comment_status":"closed","ping_status":"closed","template":"","meta":{"footnotes":""},"class_list":["post-215","page","type-page","status-publish","hentry","image-hover-transition-effect","latest_post"],"yoast_head":"<!-- This site is optimized with the Yoast SEO plugin v27.3 - https:\/\/yoast.com\/product\/yoast-seo-wordpress\/ -->\n<title>Na\u010drtovane dejavnosti - Osnovna \u0161ola Kajetana Kovi\u010da Polj\u010dane<\/title>\n<meta name=\"robots\" content=\"index, follow, max-snippet:-1, max-image-preview:large, max-video-preview:-1\" \/>\n<link rel=\"canonical\" href=\"https:\/\/ospoljcane.si\/nova\/o-soli\/splosno\/nacrtovane-dejavnosti\/\" \/>\n<meta property=\"og:locale\" content=\"sl_SI\" \/>\n<meta property=\"og:type\" content=\"article\" \/>\n<meta property=\"og:title\" content=\"Na\u010drtovane dejavnosti - Osnovna \u0161ola Kajetana Kovi\u010da Polj\u010dane\" \/>\n<meta property=\"og:description\" content=\"Priloga k Letnemu delovnemu na\u010drtu \u0161ole\u00a0so na\u010drtovane dejavnosti po mesecih (mese\u010dniki). V mese\u010dnike ob za\u010detku \u0161olskega leta zapi\u0161emo vse dejavnosti, dogodke na \u0161oli, kulturne in &hellip;\" \/>\n<meta property=\"og:url\" content=\"https:\/\/ospoljcane.si\/nova\/o-soli\/splosno\/nacrtovane-dejavnosti\/\" \/>\n<meta property=\"og:site_name\" content=\"Osnovna \u0161ola Kajetana Kovi\u010da Polj\u010dane\" \/>\n<meta property=\"article:modified_time\" content=\"2025-10-23T06:14:08+00:00\" \/>\n<meta name=\"twitter:card\" content=\"summary_large_image\" \/>\n<meta name=\"twitter:label1\" content=\"Est. reading time\" \/>\n\t<meta name=\"twitter:data1\" content=\"1 minuta\" \/>\n<script type=\"application\/ld+json\" class=\"yoast-schema-graph\">{\"@context\":\"https:\\\/\\\/schema.org\",\"@graph\":[{\"@type\":\"WebPage\",\"@id\":\"https:\\\/\\\/ospoljcane.si\\\/nova\\\/o-soli\\\/splosno\\\/nacrtovane-dejavnosti\\\/\",\"url\":\"https:\\\/\\\/ospoljcane.si\\\/nova\\\/o-soli\\\/splosno\\\/nacrtovane-dejavnosti\\\/\",\"name\":\"Na\u010drtovane dejavnosti - Osnovna \u0161ola Kajetana Kovi\u010da Polj\u010dane\",\"isPartOf\":{\"@id\":\"https:\\\/\\\/ospoljcane.si\\\/nova\\\/#website\"},\"datePublished\":\"2020-11-27T12:54:25+00:00\",\"dateModified\":\"2025-10-23T06:14:08+00:00\",\"breadcrumb\":{\"@id\":\"https:\\\/\\\/ospoljcane.si\\\/nova\\\/o-soli\\\/splosno\\\/nacrtovane-dejavnosti\\\/#breadcrumb\"},\"inLanguage\":\"sl-SI\",\"potentialAction\":[{\"@type\":\"ReadAction\",\"target\":[\"https:\\\/\\\/ospoljcane.si\\\/nova\\\/o-soli\\\/splosno\\\/nacrtovane-dejavnosti\\\/\"]}]},{\"@type\":\"BreadcrumbList\",\"@id\":\"https:\\\/\\\/ospoljcane.si\\\/nova\\\/o-soli\\\/splosno\\\/nacrtovane-dejavnosti\\\/#breadcrumb\",\"itemListElement\":[{\"@type\":\"ListItem\",\"position\":1,\"name\":\"Domov\",\"item\":\"https:\\\/\\\/ospoljcane.si\\\/nova\\\/\"},{\"@type\":\"ListItem\",\"position\":2,\"name\":\"O \u0161oli\",\"item\":\"https:\\\/\\\/ospoljcane.si\\\/nova\\\/o-soli\\\/\"},{\"@type\":\"ListItem\",\"position\":3,\"name\":\"Splo\u0161no\",\"item\":\"https:\\\/\\\/ospoljcane.si\\\/nova\\\/o-soli\\\/splosno\\\/\"},{\"@type\":\"ListItem\",\"position\":4,\"name\":\"Na\u010drtovane dejavnosti\"}]},{\"@type\":\"WebSite\",\"@id\":\"https:\\\/\\\/ospoljcane.si\\\/nova\\\/#website\",\"url\":\"https:\\\/\\\/ospoljcane.si\\\/nova\\\/\",\"name\":\"Osnovna \u0161ola Kajetana Kovi\u010da Polj\u010dane\",\"description\":\"\",\"publisher\":{\"@id\":\"https:\\\/\\\/ospoljcane.si\\\/nova\\\/#organization\"},\"potentialAction\":[{\"@type\":\"SearchAction\",\"target\":{\"@type\":\"EntryPoint\",\"urlTemplate\":\"https:\\\/\\\/ospoljcane.si\\\/nova\\\/?s={search_term_string}\"},\"query-input\":{\"@type\":\"PropertyValueSpecification\",\"valueRequired\":true,\"valueName\":\"search_term_string\"}}],\"inLanguage\":\"sl-SI\"},{\"@type\":\"Organization\",\"@id\":\"https:\\\/\\\/ospoljcane.si\\\/nova\\\/#organization\",\"name\":\"Osnovna \u0161ola Kajetana Kovi\u010da Polj\u010dane\",\"url\":\"https:\\\/\\\/ospoljcane.si\\\/nova\\\/\",\"logo\":{\"@type\":\"ImageObject\",\"inLanguage\":\"sl-SI\",\"@id\":\"https:\\\/\\\/ospoljcane.si\\\/nova\\\/#\\\/schema\\\/logo\\\/image\\\/\",\"url\":\"https:\\\/\\\/ospoljcane.si\\\/nova\\\/wp-content\\\/uploads\\\/2020\\\/12\\\/cropped-cropped-Logotip-sole-2016_3G-1-1.png\",\"contentUrl\":\"https:\\\/\\\/ospoljcane.si\\\/nova\\\/wp-content\\\/uploads\\\/2020\\\/12\\\/cropped-cropped-Logotip-sole-2016_3G-1-1.png\",\"width\":512,\"height\":512,\"caption\":\"Osnovna \u0161ola Kajetana Kovi\u010da Polj\u010dane\"},\"image\":{\"@id\":\"https:\\\/\\\/ospoljcane.si\\\/nova\\\/#\\\/schema\\\/logo\\\/image\\\/\"}}]}<\/script>\n<!-- \/ Yoast SEO plugin. -->","yoast_head_json":{"title":"Na\u010drtovane dejavnosti - Osnovna \u0161ola Kajetana Kovi\u010da Polj\u010dane","robots":{"index":"index","follow":"follow","max-snippet":"max-snippet:-1","max-image-preview":"max-image-preview:large","max-video-preview":"max-video-preview:-1"},"canonical":"https:\/\/ospoljcane.si\/nova\/o-soli\/splosno\/nacrtovane-dejavnosti\/","og_locale":"sl_SI","og_type":"article","og_title":"Na\u010drtovane dejavnosti - Osnovna \u0161ola Kajetana Kovi\u010da Polj\u010dane","og_description":"Priloga k Letnemu delovnemu na\u010drtu \u0161ole\u00a0so na\u010drtovane dejavnosti po mesecih (mese\u010dniki). V mese\u010dnike ob za\u010detku \u0161olskega leta zapi\u0161emo vse dejavnosti, dogodke na \u0161oli, kulturne in &hellip;","og_url":"https:\/\/ospoljcane.si\/nova\/o-soli\/splosno\/nacrtovane-dejavnosti\/","og_site_name":"Osnovna \u0161ola Kajetana Kovi\u010da Polj\u010dane","article_modified_time":"2025-10-23T06:14:08+00:00","twitter_card":"summary_large_image","twitter_misc":{"Est. reading time":"1 minuta"},"schema":{"@context":"https:\/\/schema.org","@graph":[{"@type":"WebPage","@id":"https:\/\/ospoljcane.si\/nova\/o-soli\/splosno\/nacrtovane-dejavnosti\/","url":"https:\/\/ospoljcane.si\/nova\/o-soli\/splosno\/nacrtovane-dejavnosti\/","name":"Na\u010drtovane dejavnosti - Osnovna \u0161ola Kajetana Kovi\u010da Polj\u010dane","isPartOf":{"@id":"https:\/\/ospoljcane.si\/nova\/#website"},"datePublished":"2020-11-27T12:54:25+00:00","dateModified":"2025-10-23T06:14:08+00:00","breadcrumb":{"@id":"https:\/\/ospoljcane.si\/nova\/o-soli\/splosno\/nacrtovane-dejavnosti\/#breadcrumb"},"inLanguage":"sl-SI","potentialAction":[{"@type":"ReadAction","target":["https:\/\/ospoljcane.si\/nova\/o-soli\/splosno\/nacrtovane-dejavnosti\/"]}]},{"@type":"BreadcrumbList","@id":"https:\/\/ospoljcane.si\/nova\/o-soli\/splosno\/nacrtovane-dejavnosti\/#breadcrumb","itemListElement":[{"@type":"ListItem","position":1,"name":"Domov","item":"https:\/\/ospoljcane.si\/nova\/"},{"@type":"ListItem","position":2,"name":"O \u0161oli","item":"https:\/\/ospoljcane.si\/nova\/o-soli\/"},{"@type":"ListItem","position":3,"name":"Splo\u0161no","item":"https:\/\/ospoljcane.si\/nova\/o-soli\/splosno\/"},{"@type":"ListItem","position":4,"name":"Na\u010drtovane dejavnosti"}]},{"@type":"WebSite","@id":"https:\/\/ospoljcane.si\/nova\/#website","url":"https:\/\/ospoljcane.si\/nova\/","name":"Osnovna \u0161ola Kajetana Kovi\u010da Polj\u010dane","description":"","publisher":{"@id":"https:\/\/ospoljcane.si\/nova\/#organization"},"potentialAction":[{"@type":"SearchAction","target":{"@type":"EntryPoint","urlTemplate":"https:\/\/ospoljcane.si\/nova\/?s={search_term_string}"},"query-input":{"@type":"PropertyValueSpecification","valueRequired":true,"valueName":"search_term_string"}}],"inLanguage":"sl-SI"},{"@type":"Organization","@id":"https:\/\/ospoljcane.si\/nova\/#organization","name":"Osnovna \u0161ola Kajetana Kovi\u010da Polj\u010dane","url":"https:\/\/ospoljcane.si\/nova\/","logo":{"@type":"ImageObject","inLanguage":"sl-SI","@id":"https:\/\/ospoljcane.si\/nova\/#\/schema\/logo\/image\/","url":"https:\/\/ospoljcane.si\/nova\/wp-content\/uploads\/2020\/12\/cropped-cropped-Logotip-sole-2016_3G-1-1.png","contentUrl":"https:\/\/ospoljcane.si\/nova\/wp-content\/uploads\/2020\/12\/cropped-cropped-Logotip-sole-2016_3G-1-1.png","width":512,"height":512,"caption":"Osnovna \u0161ola Kajetana Kovi\u010da Polj\u010dane"},"image":{"@id":"https:\/\/ospoljcane.si\/nova\/#\/schema\/logo\/image\/"}}]}},"_links":{"self":[{"href":"https:\/\/ospoljcane.si\/nova\/wp-json\/wp\/v2\/pages\/215","targetHints":{"allow":["GET"]}}],"collection":[{"href":"https:\/\/ospoljcane.si\/nova\/wp-json\/wp\/v2\/pages"}],"about":[{"href":"https:\/\/ospoljcane.si\/nova\/wp-json\/wp\/v2\/types\/page"}],"author":[{"embeddable":true,"href":"https:\/\/ospoljcane.si\/nova\/wp-json\/wp\/v2\/users\/1"}],"replies":[{"embeddable":true,"href":"https:\/\/ospoljcane.si\/nova\/wp-json\/wp\/v2\/comments?post=215"}],"version-history":[{"count":20,"href":"https:\/\/ospoljcane.si\/nova\/wp-json\/wp\/v2\/pages\/215\/revisions"}],"predecessor-version":[{"id":23084,"href":"https:\/\/ospoljcane.si\/nova\/wp-json\/wp\/v2\/pages\/215\/revisions\/23084"}],"up":[{"embeddable":true,"href":"https:\/\/ospoljcane.si\/nova\/wp-json\/wp\/v2\/pages\/157"}],"wp:attachment":[{"href":"https:\/\/ospoljcane.si\/nova\/wp-json\/wp\/v2\/media?parent=215"}],"curies":[{"name":"wp","href":"https:\/\/api.w.org\/{rel}","templated":true}]}}