{"id":210,"date":"2020-11-27T12:48:12","date_gmt":"2020-11-27T12:48:12","guid":{"rendered":"http:\/\/ospoljcane.si\/nova\/?page_id=210"},"modified":"2020-12-21T10:09:19","modified_gmt":"2020-12-21T09:09:19","slug":"solski-okolis-2","status":"publish","type":"page","link":"https:\/\/ospoljcane.si\/nova\/solski-okolis-2\/","title":{"rendered":"\u0160olski okoli\u0161"},"content":{"rendered":"<p>Osnovna \u0161ola Kajetana Kovi\u010da Polj\u010dane je samostojna \u0161ola. \u0160olski okoli\u0161 sestavljajo naslednja naselja: Polj\u010dane, Zg. Polj\u010dane, Sp. Polj\u010dane, Podbo\u010d, Lovnik, Ljubi\u010dno, Lu\u0161e\u010dka vas, \u010cadramska vas, Stanovsko, Sp. Bre\u017enica, Studenice, Krasna, Novake, Modra\u017ee, Kri\u017ee\u010da vas, Brezje (razen \u0161t. 32 \u2013 34), Hrastovec (\u0161t. 1 \u2013 7 in 25 \u2013 67), Dolgi Vrh (\u0161t. 1, 2, 3, 5, 6, 7, 8, 15, 17, 20, 21, 22, 29, 30, 31, 32, 33) in Zg. Bre\u017enica 11, 12, 17, 18, 19, 20, 21, 22. Nekatera naselja spadajo v KS Laporje (Ob\u010dina Slovenska Bistrica).<\/p>\n<p><em>Star\u0161i imajo pravico vpisati otroka v javno osnovno \u0161olo v \u0161olskem okoli\u0161u, v katerem otrok stalno oz. za\u010dasno prebiva, javna O\u0160 v tem okoli\u0161u pa je dol\u017ena na \u017eeljo star\u0161ev otroka vpisati. V drugo O\u0160 lahko star\u0161i vpi\u0161ejo otroka, \u010de ta \u0161ola s tem sogla\u0161a.<\/em><\/p>\n<p>(Zakon o osnovni \u0161oli, \u010dl. 48)<\/p>\n<p>Natan\u010dneje \u0161olske okoli\u0161e dolo\u010da Uredba o merilih za oblikovanje javne mre\u017ee \u0161ol. Pri tem sta najpomembnej\u0161a 5. in 6. \u010dlen Uredbe, ki definirata \u0161olski okoli\u0161 in dolo\u010data vpis otroka zunaj \u0161olskega okoli\u0161a.<\/p>\n<p><em>\u0160olski okoli\u0161 je obmo\u010dje, na katerem imajo star\u0161i pravico vpisati otroka v osnovno \u0161olo, ki ima sede\u017e na tem obmo\u010dju. \u0160olski okoli\u0161 se dolo\u010di za vsako samostojno oziroma mati\u010dno osnovno \u0161olo. Praviloma je velikost \u0161olskega okoli\u0161a usklajena z zmogljivostjo \u0161ole, to je z najve\u010djim mo\u017enim \u0161tevilom u\u010dencev, ki jih \u0161ola v skladu z normativi razporedi v oddelke, upo\u0161tevajo\u010d u\u010dilnice in druge prostore, potrebne za izvedbo programa osnovno\u0161olskega izobra\u017eevanja v eni izmeni. Skupni \u0161olski okoli\u0161 se lahko dolo\u010di na prese\u010di\u0161\u010du \u0161olskih okoli\u0161ev dveh sosednjih samostojnih oziroma mati\u010dnih \u0161ol.<\/em><br \/>\n<em>(Uredba o merilih za oblikovanje javne mre\u017ee \u0161ol, \u010dl. 5)<\/em><\/p>\n<p><em>Star\u0161i lahko vpi\u0161ejo otroka v prvi razred v \u0161olo zunaj \u0161olskega okoli\u0161a, v katerem prebivajo, \u010de ta \u0161ola s tem sogla\u0161a. Vpis v \u0161olo zunaj \u0161olskega okoli\u0161a, v katerem otrok prebiva, se izvede tako, da star\u0161i vpi\u0161ejo otroka v \u0161olo v svojem \u0161olskem okoli\u0161u, najkasneje v \u0161tirinajstih dneh po izteku roka za vpis pa vlo\u017eijo pri \u0161oli, v katero \u017eelijo vpisati otroka, vlogo za prepis.<\/em><br \/>\n<em>Star\u0161i lahko prepi\u0161ejo otroka v \u0161olo zunaj svojega \u0161olskega okoli\u0161a tudi v drugem in naslednjih razredih, vendar najkasneje petnajst dni pred za\u010detkom novega \u0161olskega leta, \u010de \u0161ola, v katero \u017eelijo star\u0161i prepisati u\u010denca, s tem sogla\u0161a.<\/em><br \/>\n<em>\u0160ola lahko sogla\u0161a s prepisom otroka oziroma u\u010denca, \u010de:<\/em><br \/>\n<em>\u2013 s tem ni kr\u0161ena, glede na zmogljivost \u0161ole, primarna pravica drugih star\u0161ev, da vpi\u0161ejo otroka v \u0161olo v svojem \u0161olskem okoli\u0161u,<\/em><br \/>\n<em>\u2013 to nima za posledico oblikovanja dodatnih oddelkov oziroma zagotavljanja novih prostorov,<\/em><br \/>\n<em>\u2013 se s tem v \u0161oli v \u0161olskem okoli\u0161u, kjer u\u010denci prebivajo, ne zmanj\u0161a \u0161tevilo u\u010dencev oziroma oddelkov, kar bi imelo za posledico spremembo statusa \u0161ole ali njeno ukinitev.<\/em><br \/>\n<em>Pred izdajo soglasja o prepisu se \u0161ola, na katero star\u0161i \u017eelijo prepisati otroka, posvetuje s \u0161olo, v katero je u\u010denec vpisan. \u0160ola odlo\u010di o vlogi za prepis najkasneje v tridesetih dneh od dneva, ko prejme vlogo za prepis. Ustanovitelj \u0161ole lahko najmanj tri mesece pred vpisom dolo\u010di in sporo\u010di \u0161olam podrobnej\u0161e pogoje za izdajo soglasja za prepis.<\/em><br \/>\n<em>\u0160ola, ki izda soglasje za prepis, o tem obvesti \u0161olo v \u0161olskem okoli\u0161u, na obmo\u010dju katerega u\u010denec prebiva.<\/em><\/p>\n<p><em>(Uredba o merilih za oblikovanje javne mre\u017ee \u0161ol, \u010dl. 6)<\/em><\/p>\n","protected":false},"excerpt":{"rendered":"<p>Osnovna \u0161ola Kajetana Kovi\u010da Polj\u010dane je samostojna \u0161ola. \u0160olski okoli\u0161 sestavljajo naslednja naselja: Polj\u010dane, Zg. Polj\u010dane, Sp. Polj\u010dane, Podbo\u010d, Lovnik, Ljubi\u010dno, Lu\u0161e\u010dka vas, \u010cadramska vas, &hellip; <\/p>\n","protected":false},"author":1,"featured_media":0,"parent":0,"menu_order":0,"comment_status":"closed","ping_status":"closed","template":"","meta":{"footnotes":""},"class_list":["post-210","page","type-page","status-publish","hentry","image-hover-transition-effect","latest_post"],"yoast_head":"<!-- This site is optimized with the Yoast SEO plugin v27.3 - https:\/\/yoast.com\/product\/yoast-seo-wordpress\/ -->\n<title>\u0160olski okoli\u0161 - Osnovna \u0161ola Kajetana Kovi\u010da Polj\u010dane<\/title>\n<meta name=\"robots\" content=\"index, follow, max-snippet:-1, max-image-preview:large, max-video-preview:-1\" \/>\n<link rel=\"canonical\" href=\"https:\/\/ospoljcane.si\/nova\/solski-okolis-2\/\" \/>\n<meta property=\"og:locale\" content=\"sl_SI\" \/>\n<meta property=\"og:type\" content=\"article\" \/>\n<meta property=\"og:title\" content=\"\u0160olski okoli\u0161 - Osnovna \u0161ola Kajetana Kovi\u010da Polj\u010dane\" \/>\n<meta property=\"og:description\" content=\"Osnovna \u0161ola Kajetana Kovi\u010da Polj\u010dane je samostojna \u0161ola. \u0160olski okoli\u0161 sestavljajo naslednja naselja: Polj\u010dane, Zg. Polj\u010dane, Sp. Polj\u010dane, Podbo\u010d, Lovnik, Ljubi\u010dno, Lu\u0161e\u010dka vas, \u010cadramska vas, &hellip;\" \/>\n<meta property=\"og:url\" content=\"https:\/\/ospoljcane.si\/nova\/solski-okolis-2\/\" \/>\n<meta property=\"og:site_name\" content=\"Osnovna \u0161ola Kajetana Kovi\u010da Polj\u010dane\" \/>\n<meta property=\"article:modified_time\" content=\"2020-12-21T09:09:19+00:00\" \/>\n<meta name=\"twitter:card\" content=\"summary_large_image\" \/>\n<meta name=\"twitter:label1\" content=\"Est. reading time\" \/>\n\t<meta name=\"twitter:data1\" content=\"3 minute\" \/>\n<script type=\"application\/ld+json\" class=\"yoast-schema-graph\">{\"@context\":\"https:\\\/\\\/schema.org\",\"@graph\":[{\"@type\":\"WebPage\",\"@id\":\"https:\\\/\\\/ospoljcane.si\\\/nova\\\/solski-okolis-2\\\/\",\"url\":\"https:\\\/\\\/ospoljcane.si\\\/nova\\\/solski-okolis-2\\\/\",\"name\":\"\u0160olski okoli\u0161 - Osnovna \u0161ola Kajetana Kovi\u010da Polj\u010dane\",\"isPartOf\":{\"@id\":\"https:\\\/\\\/ospoljcane.si\\\/nova\\\/#website\"},\"datePublished\":\"2020-11-27T12:48:12+00:00\",\"dateModified\":\"2020-12-21T09:09:19+00:00\",\"breadcrumb\":{\"@id\":\"https:\\\/\\\/ospoljcane.si\\\/nova\\\/solski-okolis-2\\\/#breadcrumb\"},\"inLanguage\":\"sl-SI\",\"potentialAction\":[{\"@type\":\"ReadAction\",\"target\":[\"https:\\\/\\\/ospoljcane.si\\\/nova\\\/solski-okolis-2\\\/\"]}]},{\"@type\":\"BreadcrumbList\",\"@id\":\"https:\\\/\\\/ospoljcane.si\\\/nova\\\/solski-okolis-2\\\/#breadcrumb\",\"itemListElement\":[{\"@type\":\"ListItem\",\"position\":1,\"name\":\"Domov\",\"item\":\"https:\\\/\\\/ospoljcane.si\\\/nova\\\/\"},{\"@type\":\"ListItem\",\"position\":2,\"name\":\"\u0160olski okoli\u0161\"}]},{\"@type\":\"WebSite\",\"@id\":\"https:\\\/\\\/ospoljcane.si\\\/nova\\\/#website\",\"url\":\"https:\\\/\\\/ospoljcane.si\\\/nova\\\/\",\"name\":\"Osnovna \u0161ola Kajetana Kovi\u010da Polj\u010dane\",\"description\":\"\",\"publisher\":{\"@id\":\"https:\\\/\\\/ospoljcane.si\\\/nova\\\/#organization\"},\"potentialAction\":[{\"@type\":\"SearchAction\",\"target\":{\"@type\":\"EntryPoint\",\"urlTemplate\":\"https:\\\/\\\/ospoljcane.si\\\/nova\\\/?s={search_term_string}\"},\"query-input\":{\"@type\":\"PropertyValueSpecification\",\"valueRequired\":true,\"valueName\":\"search_term_string\"}}],\"inLanguage\":\"sl-SI\"},{\"@type\":\"Organization\",\"@id\":\"https:\\\/\\\/ospoljcane.si\\\/nova\\\/#organization\",\"name\":\"Osnovna \u0161ola Kajetana Kovi\u010da Polj\u010dane\",\"url\":\"https:\\\/\\\/ospoljcane.si\\\/nova\\\/\",\"logo\":{\"@type\":\"ImageObject\",\"inLanguage\":\"sl-SI\",\"@id\":\"https:\\\/\\\/ospoljcane.si\\\/nova\\\/#\\\/schema\\\/logo\\\/image\\\/\",\"url\":\"https:\\\/\\\/ospoljcane.si\\\/nova\\\/wp-content\\\/uploads\\\/2020\\\/12\\\/cropped-cropped-Logotip-sole-2016_3G-1-1.png\",\"contentUrl\":\"https:\\\/\\\/ospoljcane.si\\\/nova\\\/wp-content\\\/uploads\\\/2020\\\/12\\\/cropped-cropped-Logotip-sole-2016_3G-1-1.png\",\"width\":512,\"height\":512,\"caption\":\"Osnovna \u0161ola Kajetana Kovi\u010da Polj\u010dane\"},\"image\":{\"@id\":\"https:\\\/\\\/ospoljcane.si\\\/nova\\\/#\\\/schema\\\/logo\\\/image\\\/\"}}]}<\/script>\n<!-- \/ Yoast SEO plugin. -->","yoast_head_json":{"title":"\u0160olski okoli\u0161 - Osnovna \u0161ola Kajetana Kovi\u010da Polj\u010dane","robots":{"index":"index","follow":"follow","max-snippet":"max-snippet:-1","max-image-preview":"max-image-preview:large","max-video-preview":"max-video-preview:-1"},"canonical":"https:\/\/ospoljcane.si\/nova\/solski-okolis-2\/","og_locale":"sl_SI","og_type":"article","og_title":"\u0160olski okoli\u0161 - Osnovna \u0161ola Kajetana Kovi\u010da Polj\u010dane","og_description":"Osnovna \u0161ola Kajetana Kovi\u010da Polj\u010dane je samostojna \u0161ola. \u0160olski okoli\u0161 sestavljajo naslednja naselja: Polj\u010dane, Zg. Polj\u010dane, Sp. Polj\u010dane, Podbo\u010d, Lovnik, Ljubi\u010dno, Lu\u0161e\u010dka vas, \u010cadramska vas, &hellip;","og_url":"https:\/\/ospoljcane.si\/nova\/solski-okolis-2\/","og_site_name":"Osnovna \u0161ola Kajetana Kovi\u010da Polj\u010dane","article_modified_time":"2020-12-21T09:09:19+00:00","twitter_card":"summary_large_image","twitter_misc":{"Est. reading time":"3 minute"},"schema":{"@context":"https:\/\/schema.org","@graph":[{"@type":"WebPage","@id":"https:\/\/ospoljcane.si\/nova\/solski-okolis-2\/","url":"https:\/\/ospoljcane.si\/nova\/solski-okolis-2\/","name":"\u0160olski okoli\u0161 - Osnovna \u0161ola Kajetana Kovi\u010da Polj\u010dane","isPartOf":{"@id":"https:\/\/ospoljcane.si\/nova\/#website"},"datePublished":"2020-11-27T12:48:12+00:00","dateModified":"2020-12-21T09:09:19+00:00","breadcrumb":{"@id":"https:\/\/ospoljcane.si\/nova\/solski-okolis-2\/#breadcrumb"},"inLanguage":"sl-SI","potentialAction":[{"@type":"ReadAction","target":["https:\/\/ospoljcane.si\/nova\/solski-okolis-2\/"]}]},{"@type":"BreadcrumbList","@id":"https:\/\/ospoljcane.si\/nova\/solski-okolis-2\/#breadcrumb","itemListElement":[{"@type":"ListItem","position":1,"name":"Domov","item":"https:\/\/ospoljcane.si\/nova\/"},{"@type":"ListItem","position":2,"name":"\u0160olski okoli\u0161"}]},{"@type":"WebSite","@id":"https:\/\/ospoljcane.si\/nova\/#website","url":"https:\/\/ospoljcane.si\/nova\/","name":"Osnovna \u0161ola Kajetana Kovi\u010da Polj\u010dane","description":"","publisher":{"@id":"https:\/\/ospoljcane.si\/nova\/#organization"},"potentialAction":[{"@type":"SearchAction","target":{"@type":"EntryPoint","urlTemplate":"https:\/\/ospoljcane.si\/nova\/?s={search_term_string}"},"query-input":{"@type":"PropertyValueSpecification","valueRequired":true,"valueName":"search_term_string"}}],"inLanguage":"sl-SI"},{"@type":"Organization","@id":"https:\/\/ospoljcane.si\/nova\/#organization","name":"Osnovna \u0161ola Kajetana Kovi\u010da Polj\u010dane","url":"https:\/\/ospoljcane.si\/nova\/","logo":{"@type":"ImageObject","inLanguage":"sl-SI","@id":"https:\/\/ospoljcane.si\/nova\/#\/schema\/logo\/image\/","url":"https:\/\/ospoljcane.si\/nova\/wp-content\/uploads\/2020\/12\/cropped-cropped-Logotip-sole-2016_3G-1-1.png","contentUrl":"https:\/\/ospoljcane.si\/nova\/wp-content\/uploads\/2020\/12\/cropped-cropped-Logotip-sole-2016_3G-1-1.png","width":512,"height":512,"caption":"Osnovna \u0161ola Kajetana Kovi\u010da Polj\u010dane"},"image":{"@id":"https:\/\/ospoljcane.si\/nova\/#\/schema\/logo\/image\/"}}]}},"_links":{"self":[{"href":"https:\/\/ospoljcane.si\/nova\/wp-json\/wp\/v2\/pages\/210","targetHints":{"allow":["GET"]}}],"collection":[{"href":"https:\/\/ospoljcane.si\/nova\/wp-json\/wp\/v2\/pages"}],"about":[{"href":"https:\/\/ospoljcane.si\/nova\/wp-json\/wp\/v2\/types\/page"}],"author":[{"embeddable":true,"href":"https:\/\/ospoljcane.si\/nova\/wp-json\/wp\/v2\/users\/1"}],"replies":[{"embeddable":true,"href":"https:\/\/ospoljcane.si\/nova\/wp-json\/wp\/v2\/comments?post=210"}],"version-history":[{"count":3,"href":"https:\/\/ospoljcane.si\/nova\/wp-json\/wp\/v2\/pages\/210\/revisions"}],"predecessor-version":[{"id":759,"href":"https:\/\/ospoljcane.si\/nova\/wp-json\/wp\/v2\/pages\/210\/revisions\/759"}],"wp:attachment":[{"href":"https:\/\/ospoljcane.si\/nova\/wp-json\/wp\/v2\/media?parent=210"}],"curies":[{"name":"wp","href":"https:\/\/api.w.org\/{rel}","templated":true}]}}