{"id":205,"date":"2020-11-26T10:22:13","date_gmt":"2020-11-26T09:22:13","guid":{"rendered":"http:\/\/ospoljcane.si\/nova\/?page_id=205"},"modified":"2025-09-12T12:30:46","modified_gmt":"2025-09-12T10:30:46","slug":"svetovalne-ure","status":"publish","type":"page","link":"https:\/\/ospoljcane.si\/nova\/ucenci\/svetovalne-ure\/","title":{"rendered":"Svetovalne ure"},"content":{"rendered":"\t\t<div data-elementor-type=\"wp-page\" data-elementor-id=\"205\" class=\"elementor elementor-205\" data-elementor-post-type=\"page\">\n\t\t\t\t\t\t<section class=\"elementor-section elementor-top-section elementor-element elementor-element-2c2808c elementor-section-boxed elementor-section-height-default elementor-section-height-default\" data-id=\"2c2808c\" data-element_type=\"section\" data-e-type=\"section\">\n\t\t\t\t\t\t<div class=\"elementor-container elementor-column-gap-default\">\n\t\t\t\t\t<div class=\"elementor-column elementor-col-100 elementor-top-column elementor-element elementor-element-c45b19b\" data-id=\"c45b19b\" data-element_type=\"column\" data-e-type=\"column\">\n\t\t\t<div class=\"elementor-widget-wrap elementor-element-populated\">\n\t\t\t\t\t\t<div class=\"elementor-element elementor-element-6fa0ce0 elementor-widget elementor-widget-text-editor\" data-id=\"6fa0ce0\" data-element_type=\"widget\" data-e-type=\"widget\" data-widget_type=\"text-editor.default\">\n\t\t\t\t<div class=\"elementor-widget-container\">\n\t\t\t\t\t\t\t\t\t<table width=\"434\"><thead><tr><td width=\"37\">\u00a0<\/td><td width=\"161\"><strong>Priimek in ime u\u010ditelja\u00a0<\/strong><\/td><td width=\"236\"><strong>*Svetovalne ure: dan, \u010das\u00a0<\/strong><\/td><\/tr><\/thead><tbody><tr><td width=\"37\">1.<\/td><td width=\"161\">Born\u0161ek Polona<\/td><td width=\"236\">po predhodnem dogovoru<\/td><\/tr><tr><td width=\"37\">2.<\/td><td width=\"161\">Cigler Plo\u0161injak Jelka<\/td><td width=\"236\">torek, 12.55\u201313.40<\/td><\/tr><tr><td width=\"37\">3.<\/td><td width=\"161\">Dragi\u010d Rok<\/td><td width=\"236\">torek, 8.15\u20139.00<\/td><\/tr><tr><td width=\"37\">4.<\/td><td width=\"161\">Drofenik Lorber Erna<\/td><td width=\"236\">po predhodnem dogovoru<\/td><\/tr><tr><td width=\"37\">5.<\/td><td width=\"161\">Golob Leonida<\/td><td width=\"236\">po dogovoru<\/td><\/tr><tr><td width=\"37\">6.<\/td><td width=\"161\">Hojnik Lora<\/td><td width=\"236\">sreda, 9:20\u201310:05<\/td><\/tr><tr><td width=\"37\">7.<\/td><td width=\"161\">Jelnikar Kristina<\/td><td width=\"236\">po predhodnem dogovoru<\/td><\/tr><tr><td width=\"37\">8.<\/td><td width=\"161\">Juhart Tanja<\/td><td width=\"236\">sreda, 11.15\u201312.00<\/td><\/tr><tr><td width=\"37\">9.<\/td><td width=\"161\">Konec Nu\u0161ka<\/td><td width=\"236\">sreda, 9.20 &#8211; 10.05<\/td><\/tr><tr><td width=\"37\">10.<\/td><td width=\"161\">Kotnik Renata<\/td><td width=\"236\">torek, 12.55 &#8211; 13.40<\/td><\/tr><tr><td width=\"37\">11.<\/td><td width=\"161\">Kra\u010dun Suzana<\/td><td width=\"236\">ponedeljek, 11.15 \u2013 12.00<\/td><\/tr><tr><td width=\"37\">12.<\/td><td width=\"161\">Krajnc Danijela<\/td><td width=\"236\">petek, 9.20\u201310.05<\/td><\/tr><tr><td width=\"37\">13.<\/td><td width=\"161\">Krajnc Darja<\/td><td width=\"236\">ponedeljek, 14.00\u201314.45<\/td><\/tr><tr><td width=\"37\">14.<\/td><td width=\"161\">Kralj Sabina<\/td><td width=\"236\">po predhodnem dogovoru<\/td><\/tr><tr><td width=\"37\">15.<\/td><td width=\"161\">Leskovar Irena<\/td><td width=\"236\">po dogovoru<\/td><\/tr><tr><td width=\"37\">16.<\/td><td width=\"161\">Leskovar Ranko<\/td><td width=\"236\">\u010detrtek, 10.25\u201311.10<\/td><\/tr><tr><td width=\"37\">17.<\/td><td width=\"161\">Le\u0161nik Manja<\/td><td width=\"236\">Sreda, 10. 25 \u2013 11.10<\/td><\/tr><tr><td width=\"37\">18.<\/td><td width=\"161\">Motaln Mojca<\/td><td width=\"236\">po predhodnem dogovoru<\/td><\/tr><tr><td width=\"37\">19.<\/td><td width=\"161\">Mravlje Francka<\/td><td width=\"236\">po predhodnem dogovoru<\/td><\/tr><tr><td width=\"37\">20.<\/td><td width=\"161\">Oder Barbara<\/td><td width=\"236\">sreda, 7.25\u2013 8.10<\/td><\/tr><tr><td width=\"37\">21.<\/td><td width=\"161\">Pegan Milena<\/td><td width=\"236\">\u010detrtek, 7.25 \u20138. 10<\/td><\/tr><tr><td width=\"37\">22.<\/td><td width=\"161\">Podjaver\u0161ek Zdenka<\/td><td width=\"236\">torek, 12.55\u201313.40<\/td><\/tr><tr><td width=\"37\">23.<\/td><td width=\"161\">Primo\u017ei\u010d Sara Vanesa<\/td><td width=\"236\">po\u00a0 predhodnem dogovoru<\/td><\/tr><tr><td width=\"37\">24.<\/td><td width=\"161\">Robnik Tina<\/td><td width=\"236\">ponedeljek, 12.55 \u2013 13.40<\/td><\/tr><tr><td width=\"37\">25.<\/td><td width=\"161\">Saboli\u010d Goran<\/td><td width=\"236\">torek , 10.25\u201310.45<\/td><\/tr><tr><td width=\"37\">26.<\/td><td width=\"161\">Savski Tadeja<\/td><td width=\"236\">Sreda, 7.25\u20138.10<\/td><\/tr><tr><td width=\"37\">27.<\/td><td width=\"161\">Sekirnik Nina<\/td><td width=\"236\">stalna naloga<\/td><\/tr><tr><td width=\"37\">28.<\/td><td width=\"161\">Simoni\u010d Tina<\/td><td width=\"236\">sreda, 12:05-12:50<\/td><\/tr><tr><td width=\"37\">29.<\/td><td width=\"161\">Sitar Benjamin<\/td><td width=\"236\">\u010cetrtek 10.25-11.10<\/td><\/tr><tr><td width=\"37\">30.<\/td><td width=\"161\">Skerbi\u0161 Mateja<\/td><td width=\"236\">\u010detrtek, 12.55-13.40<\/td><\/tr><tr><td width=\"37\">31.<\/td><td width=\"161\">\u0160eligo Nina<\/td><td width=\"236\">po dogovoru<\/td><\/tr><tr><td width=\"37\">32.<\/td><td width=\"161\">\u0160tauber Jo\u017eica<\/td><td width=\"236\">ponedeljek, 9.20 &#8211; 10.05<\/td><\/tr><tr><td width=\"37\">33.<\/td><td width=\"161\">Ternov\u0161ek Irena<\/td><td width=\"236\">po dogovoru<\/td><\/tr><tr><td width=\"37\">34.<\/td><td width=\"161\">Ulaga Ula<\/td><td width=\"236\">po dogovoru<\/td><\/tr><tr><td width=\"37\">35.<\/td><td width=\"161\">Vantur Valerija<\/td><td width=\"236\">torek, 7.25\u20138.10<\/td><\/tr><tr><td width=\"37\">36.<\/td><td width=\"161\">Vo\u0161inek Suzana<\/td><td width=\"236\">torek, 7. 25 \u20138. 10<\/td><\/tr><tr><td width=\"37\">37.<\/td><td width=\"161\">Vuk Suzana<\/td><td width=\"236\">petek, 12.05-12.50<\/td><\/tr><tr><td width=\"37\">38.<\/td><td width=\"161\">Zidari\u010d Nejc<\/td><td width=\"236\">torek, 7.25\u20138.10<\/td><\/tr><\/tbody><\/table>\t\t\t\t\t\t\t\t<\/div>\n\t\t\t\t<\/div>\n\t\t\t\t\t<\/div>\n\t\t<\/div>\n\t\t\t\t\t<\/div>\n\t\t<\/section>\n\t\t\t\t<\/div>\n\t\t","protected":false},"excerpt":{"rendered":"<p>\u00a0 Priimek in ime u\u010ditelja\u00a0 *Svetovalne ure: dan, \u010das\u00a0 1. Born\u0161ek Polona po predhodnem dogovoru 2. Cigler Plo\u0161injak Jelka torek, 12.55\u201313.40 3. Dragi\u010d Rok torek, &hellip; <\/p>\n","protected":false},"author":1,"featured_media":0,"parent":200,"menu_order":0,"comment_status":"closed","ping_status":"closed","template":"","meta":{"footnotes":""},"class_list":["post-205","page","type-page","status-publish","hentry","image-hover-transition-effect","latest_post"],"yoast_head":"<!-- This site is optimized with the Yoast SEO plugin v27.4 - https:\/\/yoast.com\/product\/yoast-seo-wordpress\/ -->\n<title>Svetovalne ure - Osnovna \u0161ola Kajetana Kovi\u010da Polj\u010dane<\/title>\n<meta name=\"robots\" content=\"index, follow, max-snippet:-1, max-image-preview:large, max-video-preview:-1\" \/>\n<link rel=\"canonical\" href=\"https:\/\/ospoljcane.si\/nova\/ucenci\/svetovalne-ure\/\" \/>\n<meta property=\"og:locale\" content=\"sl_SI\" \/>\n<meta property=\"og:type\" content=\"article\" \/>\n<meta property=\"og:title\" content=\"Svetovalne ure - Osnovna \u0161ola Kajetana Kovi\u010da Polj\u010dane\" \/>\n<meta property=\"og:description\" content=\"\u00a0 Priimek in ime u\u010ditelja\u00a0 *Svetovalne ure: dan, \u010das\u00a0 1. Born\u0161ek Polona po predhodnem dogovoru 2. Cigler Plo\u0161injak Jelka torek, 12.55\u201313.40 3. Dragi\u010d Rok torek, &hellip;\" \/>\n<meta property=\"og:url\" content=\"https:\/\/ospoljcane.si\/nova\/ucenci\/svetovalne-ure\/\" \/>\n<meta property=\"og:site_name\" content=\"Osnovna \u0161ola Kajetana Kovi\u010da Polj\u010dane\" \/>\n<meta property=\"article:modified_time\" content=\"2025-09-12T10:30:46+00:00\" \/>\n<meta name=\"twitter:card\" content=\"summary_large_image\" \/>\n<meta name=\"twitter:label1\" content=\"Est. reading time\" \/>\n\t<meta name=\"twitter:data1\" content=\"2 minuti\" \/>\n<script type=\"application\/ld+json\" class=\"yoast-schema-graph\">{\"@context\":\"https:\\\/\\\/schema.org\",\"@graph\":[{\"@type\":\"WebPage\",\"@id\":\"https:\\\/\\\/ospoljcane.si\\\/nova\\\/ucenci\\\/svetovalne-ure\\\/\",\"url\":\"https:\\\/\\\/ospoljcane.si\\\/nova\\\/ucenci\\\/svetovalne-ure\\\/\",\"name\":\"Svetovalne ure - Osnovna \u0161ola Kajetana Kovi\u010da Polj\u010dane\",\"isPartOf\":{\"@id\":\"https:\\\/\\\/ospoljcane.si\\\/nova\\\/#website\"},\"datePublished\":\"2020-11-26T09:22:13+00:00\",\"dateModified\":\"2025-09-12T10:30:46+00:00\",\"breadcrumb\":{\"@id\":\"https:\\\/\\\/ospoljcane.si\\\/nova\\\/ucenci\\\/svetovalne-ure\\\/#breadcrumb\"},\"inLanguage\":\"sl-SI\",\"potentialAction\":[{\"@type\":\"ReadAction\",\"target\":[\"https:\\\/\\\/ospoljcane.si\\\/nova\\\/ucenci\\\/svetovalne-ure\\\/\"]}]},{\"@type\":\"BreadcrumbList\",\"@id\":\"https:\\\/\\\/ospoljcane.si\\\/nova\\\/ucenci\\\/svetovalne-ure\\\/#breadcrumb\",\"itemListElement\":[{\"@type\":\"ListItem\",\"position\":1,\"name\":\"Domov\",\"item\":\"https:\\\/\\\/ospoljcane.si\\\/nova\\\/\"},{\"@type\":\"ListItem\",\"position\":2,\"name\":\"U\u010denci\",\"item\":\"https:\\\/\\\/ospoljcane.si\\\/nova\\\/ucenci\\\/\"},{\"@type\":\"ListItem\",\"position\":3,\"name\":\"Svetovalne ure\"}]},{\"@type\":\"WebSite\",\"@id\":\"https:\\\/\\\/ospoljcane.si\\\/nova\\\/#website\",\"url\":\"https:\\\/\\\/ospoljcane.si\\\/nova\\\/\",\"name\":\"Osnovna \u0161ola Kajetana Kovi\u010da Polj\u010dane\",\"description\":\"\",\"publisher\":{\"@id\":\"https:\\\/\\\/ospoljcane.si\\\/nova\\\/#organization\"},\"potentialAction\":[{\"@type\":\"SearchAction\",\"target\":{\"@type\":\"EntryPoint\",\"urlTemplate\":\"https:\\\/\\\/ospoljcane.si\\\/nova\\\/?s={search_term_string}\"},\"query-input\":{\"@type\":\"PropertyValueSpecification\",\"valueRequired\":true,\"valueName\":\"search_term_string\"}}],\"inLanguage\":\"sl-SI\"},{\"@type\":\"Organization\",\"@id\":\"https:\\\/\\\/ospoljcane.si\\\/nova\\\/#organization\",\"name\":\"Osnovna \u0161ola Kajetana Kovi\u010da Polj\u010dane\",\"url\":\"https:\\\/\\\/ospoljcane.si\\\/nova\\\/\",\"logo\":{\"@type\":\"ImageObject\",\"inLanguage\":\"sl-SI\",\"@id\":\"https:\\\/\\\/ospoljcane.si\\\/nova\\\/#\\\/schema\\\/logo\\\/image\\\/\",\"url\":\"https:\\\/\\\/ospoljcane.si\\\/nova\\\/wp-content\\\/uploads\\\/2020\\\/12\\\/cropped-cropped-Logotip-sole-2016_3G-1-1.png\",\"contentUrl\":\"https:\\\/\\\/ospoljcane.si\\\/nova\\\/wp-content\\\/uploads\\\/2020\\\/12\\\/cropped-cropped-Logotip-sole-2016_3G-1-1.png\",\"width\":512,\"height\":512,\"caption\":\"Osnovna \u0161ola Kajetana Kovi\u010da Polj\u010dane\"},\"image\":{\"@id\":\"https:\\\/\\\/ospoljcane.si\\\/nova\\\/#\\\/schema\\\/logo\\\/image\\\/\"}}]}<\/script>\n<!-- \/ Yoast SEO plugin. -->","yoast_head_json":{"title":"Svetovalne ure - Osnovna \u0161ola Kajetana Kovi\u010da Polj\u010dane","robots":{"index":"index","follow":"follow","max-snippet":"max-snippet:-1","max-image-preview":"max-image-preview:large","max-video-preview":"max-video-preview:-1"},"canonical":"https:\/\/ospoljcane.si\/nova\/ucenci\/svetovalne-ure\/","og_locale":"sl_SI","og_type":"article","og_title":"Svetovalne ure - Osnovna \u0161ola Kajetana Kovi\u010da Polj\u010dane","og_description":"\u00a0 Priimek in ime u\u010ditelja\u00a0 *Svetovalne ure: dan, \u010das\u00a0 1. Born\u0161ek Polona po predhodnem dogovoru 2. Cigler Plo\u0161injak Jelka torek, 12.55\u201313.40 3. Dragi\u010d Rok torek, &hellip;","og_url":"https:\/\/ospoljcane.si\/nova\/ucenci\/svetovalne-ure\/","og_site_name":"Osnovna \u0161ola Kajetana Kovi\u010da Polj\u010dane","article_modified_time":"2025-09-12T10:30:46+00:00","twitter_card":"summary_large_image","twitter_misc":{"Est. reading time":"2 minuti"},"schema":{"@context":"https:\/\/schema.org","@graph":[{"@type":"WebPage","@id":"https:\/\/ospoljcane.si\/nova\/ucenci\/svetovalne-ure\/","url":"https:\/\/ospoljcane.si\/nova\/ucenci\/svetovalne-ure\/","name":"Svetovalne ure - Osnovna \u0161ola Kajetana Kovi\u010da Polj\u010dane","isPartOf":{"@id":"https:\/\/ospoljcane.si\/nova\/#website"},"datePublished":"2020-11-26T09:22:13+00:00","dateModified":"2025-09-12T10:30:46+00:00","breadcrumb":{"@id":"https:\/\/ospoljcane.si\/nova\/ucenci\/svetovalne-ure\/#breadcrumb"},"inLanguage":"sl-SI","potentialAction":[{"@type":"ReadAction","target":["https:\/\/ospoljcane.si\/nova\/ucenci\/svetovalne-ure\/"]}]},{"@type":"BreadcrumbList","@id":"https:\/\/ospoljcane.si\/nova\/ucenci\/svetovalne-ure\/#breadcrumb","itemListElement":[{"@type":"ListItem","position":1,"name":"Domov","item":"https:\/\/ospoljcane.si\/nova\/"},{"@type":"ListItem","position":2,"name":"U\u010denci","item":"https:\/\/ospoljcane.si\/nova\/ucenci\/"},{"@type":"ListItem","position":3,"name":"Svetovalne ure"}]},{"@type":"WebSite","@id":"https:\/\/ospoljcane.si\/nova\/#website","url":"https:\/\/ospoljcane.si\/nova\/","name":"Osnovna \u0161ola Kajetana Kovi\u010da Polj\u010dane","description":"","publisher":{"@id":"https:\/\/ospoljcane.si\/nova\/#organization"},"potentialAction":[{"@type":"SearchAction","target":{"@type":"EntryPoint","urlTemplate":"https:\/\/ospoljcane.si\/nova\/?s={search_term_string}"},"query-input":{"@type":"PropertyValueSpecification","valueRequired":true,"valueName":"search_term_string"}}],"inLanguage":"sl-SI"},{"@type":"Organization","@id":"https:\/\/ospoljcane.si\/nova\/#organization","name":"Osnovna \u0161ola Kajetana Kovi\u010da Polj\u010dane","url":"https:\/\/ospoljcane.si\/nova\/","logo":{"@type":"ImageObject","inLanguage":"sl-SI","@id":"https:\/\/ospoljcane.si\/nova\/#\/schema\/logo\/image\/","url":"https:\/\/ospoljcane.si\/nova\/wp-content\/uploads\/2020\/12\/cropped-cropped-Logotip-sole-2016_3G-1-1.png","contentUrl":"https:\/\/ospoljcane.si\/nova\/wp-content\/uploads\/2020\/12\/cropped-cropped-Logotip-sole-2016_3G-1-1.png","width":512,"height":512,"caption":"Osnovna \u0161ola Kajetana Kovi\u010da Polj\u010dane"},"image":{"@id":"https:\/\/ospoljcane.si\/nova\/#\/schema\/logo\/image\/"}}]}},"_links":{"self":[{"href":"https:\/\/ospoljcane.si\/nova\/wp-json\/wp\/v2\/pages\/205","targetHints":{"allow":["GET"]}}],"collection":[{"href":"https:\/\/ospoljcane.si\/nova\/wp-json\/wp\/v2\/pages"}],"about":[{"href":"https:\/\/ospoljcane.si\/nova\/wp-json\/wp\/v2\/types\/page"}],"author":[{"embeddable":true,"href":"https:\/\/ospoljcane.si\/nova\/wp-json\/wp\/v2\/users\/1"}],"replies":[{"embeddable":true,"href":"https:\/\/ospoljcane.si\/nova\/wp-json\/wp\/v2\/comments?post=205"}],"version-history":[{"count":41,"href":"https:\/\/ospoljcane.si\/nova\/wp-json\/wp\/v2\/pages\/205\/revisions"}],"predecessor-version":[{"id":22437,"href":"https:\/\/ospoljcane.si\/nova\/wp-json\/wp\/v2\/pages\/205\/revisions\/22437"}],"up":[{"embeddable":true,"href":"https:\/\/ospoljcane.si\/nova\/wp-json\/wp\/v2\/pages\/200"}],"wp:attachment":[{"href":"https:\/\/ospoljcane.si\/nova\/wp-json\/wp\/v2\/media?parent=205"}],"curies":[{"name":"wp","href":"https:\/\/api.w.org\/{rel}","templated":true}]}}