{"id":18702,"date":"2024-06-02T16:53:17","date_gmt":"2024-06-02T14:53:17","guid":{"rendered":"https:\/\/ospoljcane.si\/nova\/?page_id=18702"},"modified":"2024-06-02T17:12:20","modified_gmt":"2024-06-02T15:12:20","slug":"nadgrajevanje-ucnih-okolij-in-medgeneracijskega-prenasanja-znanja-2023-24","status":"publish","type":"page","link":"https:\/\/ospoljcane.si\/nova\/nadgrajevanje-ucnih-okolij-in-medgeneracijskega-prenasanja-znanja-2023-24\/","title":{"rendered":"Nadgrajevanje u\u010dnih okolij in medgeneracijskega prena\u0161anja znanja 2023\/24"},"content":{"rendered":"\t\t<div data-elementor-type=\"wp-page\" data-elementor-id=\"18702\" class=\"elementor elementor-18702\" data-elementor-post-type=\"page\">\n\t\t\t\t\t\t<section class=\"elementor-section elementor-top-section elementor-element elementor-element-b57bb8a elementor-section-boxed elementor-section-height-default elementor-section-height-default\" data-id=\"b57bb8a\" data-element_type=\"section\" data-e-type=\"section\">\n\t\t\t\t\t\t<div class=\"elementor-container elementor-column-gap-default\">\n\t\t\t\t\t<div class=\"elementor-column elementor-col-100 elementor-top-column elementor-element elementor-element-24c4c4b\" data-id=\"24c4c4b\" data-element_type=\"column\" data-e-type=\"column\">\n\t\t\t<div class=\"elementor-widget-wrap elementor-element-populated\">\n\t\t\t\t\t\t<div class=\"elementor-element elementor-element-2d77779 elementor-widget elementor-widget-pdf_viewer\" data-id=\"2d77779\" data-element_type=\"widget\" data-e-type=\"widget\" data-widget_type=\"pdf_viewer.default\">\n\t\t\t\t<div class=\"elementor-widget-container\">\n\t\t\t\t\t<iframe src=\"https:\/\/docs.google.com\/viewer?url=https:\/\/ospoljcane.si\/nova\/wp-content\/uploads\/2024\/06\/UCNA-OKOLJA-IN-MEDGENERACIJSKO-PRENASANJE-ZNANJA-V-SOLSKEM-LETU_-2023_2024-1.pdf&amp;embedded=true\" style=\"display: block; margin-left: auto; margin-right: auto; width: 755px; height: 580px;\" frameborder=\"1\" marginheight=\"0px\" marginwidth=\"0px\" allowfullscreen><\/iframe>\t\t\t\t<\/div>\n\t\t\t\t<\/div>\n\t\t\t\t\t<\/div>\n\t\t<\/div>\n\t\t\t\t\t<\/div>\n\t\t<\/section>\n\t\t\t\t<section class=\"elementor-section elementor-top-section elementor-element elementor-element-dd7ad04 elementor-section-boxed elementor-section-height-default elementor-section-height-default\" data-id=\"dd7ad04\" data-element_type=\"section\" data-e-type=\"section\">\n\t\t\t\t\t\t<div class=\"elementor-container elementor-column-gap-default\">\n\t\t\t\t\t<div class=\"elementor-column elementor-col-25 elementor-top-column elementor-element elementor-element-f0d83b9\" data-id=\"f0d83b9\" data-element_type=\"column\" data-e-type=\"column\">\n\t\t\t<div class=\"elementor-widget-wrap\">\n\t\t\t\t\t\t\t<\/div>\n\t\t<\/div>\n\t\t\t\t<div class=\"elementor-column elementor-col-50 elementor-top-column elementor-element elementor-element-c0c3d2c\" data-id=\"c0c3d2c\" data-element_type=\"column\" data-e-type=\"column\">\n\t\t\t<div class=\"elementor-widget-wrap elementor-element-populated\">\n\t\t\t\t\t\t<div class=\"elementor-element elementor-element-cd547fe elementor-widget elementor-widget-text-editor\" data-id=\"cd547fe\" data-element_type=\"widget\" data-e-type=\"widget\" data-widget_type=\"text-editor.default\">\n\t\t\t\t<div class=\"elementor-widget-container\">\n\t\t\t\t\t\t\t\t\t<p><a href=\"https:\/\/sway.cloud.microsoft\/bSILA7LQr5EMe2I1?ref=Link\"><img fetchpriority=\"high\" decoding=\"async\" class=\"aligncenter size-full wp-image-18693\" src=\"https:\/\/ospoljcane.si\/nova\/wp-content\/uploads\/2024\/06\/ucna-okolja.png\" alt=\"\" width=\"749\" height=\"410\" srcset=\"https:\/\/ospoljcane.si\/nova\/wp-content\/uploads\/2024\/06\/ucna-okolja.png 749w, https:\/\/ospoljcane.si\/nova\/wp-content\/uploads\/2024\/06\/ucna-okolja-300x164.png 300w\" sizes=\"(max-width: 749px) 100vw, 749px\" \/><\/a><\/p>\t\t\t\t\t\t\t\t<\/div>\n\t\t\t\t<\/div>\n\t\t\t\t\t<\/div>\n\t\t<\/div>\n\t\t\t\t<div class=\"elementor-column elementor-col-25 elementor-top-column elementor-element elementor-element-e13a983\" data-id=\"e13a983\" data-element_type=\"column\" data-e-type=\"column\">\n\t\t\t<div class=\"elementor-widget-wrap\">\n\t\t\t\t\t\t\t<\/div>\n\t\t<\/div>\n\t\t\t\t\t<\/div>\n\t\t<\/section>\n\t\t\t\t<\/div>\n\t\t","protected":false},"excerpt":{"rendered":"","protected":false},"author":6,"featured_media":0,"parent":0,"menu_order":0,"comment_status":"closed","ping_status":"closed","template":"","meta":{"footnotes":""},"class_list":["post-18702","page","type-page","status-publish","hentry","image-hover-transition-effect","latest_post"],"yoast_head":"<!-- This site is optimized with the Yoast SEO plugin v27.4 - https:\/\/yoast.com\/product\/yoast-seo-wordpress\/ -->\n<title>Nadgrajevanje u\u010dnih okolij in medgeneracijskega prena\u0161anja znanja 2023\/24 - Osnovna \u0161ola Kajetana Kovi\u010da Polj\u010dane<\/title>\n<meta name=\"robots\" content=\"index, follow, max-snippet:-1, max-image-preview:large, max-video-preview:-1\" \/>\n<link rel=\"canonical\" href=\"https:\/\/ospoljcane.si\/nova\/nadgrajevanje-ucnih-okolij-in-medgeneracijskega-prenasanja-znanja-2023-24\/\" \/>\n<meta property=\"og:locale\" content=\"sl_SI\" \/>\n<meta property=\"og:type\" content=\"article\" \/>\n<meta property=\"og:title\" content=\"Nadgrajevanje u\u010dnih okolij in medgeneracijskega prena\u0161anja znanja 2023\/24 - Osnovna \u0161ola Kajetana Kovi\u010da Polj\u010dane\" \/>\n<meta property=\"og:url\" content=\"https:\/\/ospoljcane.si\/nova\/nadgrajevanje-ucnih-okolij-in-medgeneracijskega-prenasanja-znanja-2023-24\/\" \/>\n<meta property=\"og:site_name\" content=\"Osnovna \u0161ola Kajetana Kovi\u010da Polj\u010dane\" \/>\n<meta property=\"article:modified_time\" content=\"2024-06-02T15:12:20+00:00\" \/>\n<meta property=\"og:image\" content=\"https:\/\/ospoljcane.si\/nova\/wp-content\/uploads\/2024\/06\/ucna-okolja.png\" \/>\n<meta name=\"twitter:card\" content=\"summary_large_image\" \/>\n<meta name=\"twitter:label1\" content=\"Est. reading time\" \/>\n\t<meta name=\"twitter:data1\" content=\"1 minuta\" \/>\n<script type=\"application\/ld+json\" class=\"yoast-schema-graph\">{\"@context\":\"https:\\\/\\\/schema.org\",\"@graph\":[{\"@type\":\"WebPage\",\"@id\":\"https:\\\/\\\/ospoljcane.si\\\/nova\\\/nadgrajevanje-ucnih-okolij-in-medgeneracijskega-prenasanja-znanja-2023-24\\\/\",\"url\":\"https:\\\/\\\/ospoljcane.si\\\/nova\\\/nadgrajevanje-ucnih-okolij-in-medgeneracijskega-prenasanja-znanja-2023-24\\\/\",\"name\":\"Nadgrajevanje u\u010dnih okolij in medgeneracijskega prena\u0161anja znanja 2023\\\/24 - Osnovna \u0161ola Kajetana Kovi\u010da Polj\u010dane\",\"isPartOf\":{\"@id\":\"https:\\\/\\\/ospoljcane.si\\\/nova\\\/#website\"},\"primaryImageOfPage\":{\"@id\":\"https:\\\/\\\/ospoljcane.si\\\/nova\\\/nadgrajevanje-ucnih-okolij-in-medgeneracijskega-prenasanja-znanja-2023-24\\\/#primaryimage\"},\"image\":{\"@id\":\"https:\\\/\\\/ospoljcane.si\\\/nova\\\/nadgrajevanje-ucnih-okolij-in-medgeneracijskega-prenasanja-znanja-2023-24\\\/#primaryimage\"},\"thumbnailUrl\":\"https:\\\/\\\/ospoljcane.si\\\/nova\\\/wp-content\\\/uploads\\\/2024\\\/06\\\/ucna-okolja.png\",\"datePublished\":\"2024-06-02T14:53:17+00:00\",\"dateModified\":\"2024-06-02T15:12:20+00:00\",\"breadcrumb\":{\"@id\":\"https:\\\/\\\/ospoljcane.si\\\/nova\\\/nadgrajevanje-ucnih-okolij-in-medgeneracijskega-prenasanja-znanja-2023-24\\\/#breadcrumb\"},\"inLanguage\":\"sl-SI\",\"potentialAction\":[{\"@type\":\"ReadAction\",\"target\":[\"https:\\\/\\\/ospoljcane.si\\\/nova\\\/nadgrajevanje-ucnih-okolij-in-medgeneracijskega-prenasanja-znanja-2023-24\\\/\"]}]},{\"@type\":\"ImageObject\",\"inLanguage\":\"sl-SI\",\"@id\":\"https:\\\/\\\/ospoljcane.si\\\/nova\\\/nadgrajevanje-ucnih-okolij-in-medgeneracijskega-prenasanja-znanja-2023-24\\\/#primaryimage\",\"url\":\"https:\\\/\\\/ospoljcane.si\\\/nova\\\/wp-content\\\/uploads\\\/2024\\\/06\\\/ucna-okolja.png\",\"contentUrl\":\"https:\\\/\\\/ospoljcane.si\\\/nova\\\/wp-content\\\/uploads\\\/2024\\\/06\\\/ucna-okolja.png\",\"width\":749,\"height\":410},{\"@type\":\"BreadcrumbList\",\"@id\":\"https:\\\/\\\/ospoljcane.si\\\/nova\\\/nadgrajevanje-ucnih-okolij-in-medgeneracijskega-prenasanja-znanja-2023-24\\\/#breadcrumb\",\"itemListElement\":[{\"@type\":\"ListItem\",\"position\":1,\"name\":\"Domov\",\"item\":\"https:\\\/\\\/ospoljcane.si\\\/nova\\\/\"},{\"@type\":\"ListItem\",\"position\":2,\"name\":\"Nadgrajevanje u\u010dnih okolij in medgeneracijskega prena\u0161anja znanja 2023\\\/24\"}]},{\"@type\":\"WebSite\",\"@id\":\"https:\\\/\\\/ospoljcane.si\\\/nova\\\/#website\",\"url\":\"https:\\\/\\\/ospoljcane.si\\\/nova\\\/\",\"name\":\"Osnovna \u0161ola Kajetana Kovi\u010da Polj\u010dane\",\"description\":\"\",\"publisher\":{\"@id\":\"https:\\\/\\\/ospoljcane.si\\\/nova\\\/#organization\"},\"potentialAction\":[{\"@type\":\"SearchAction\",\"target\":{\"@type\":\"EntryPoint\",\"urlTemplate\":\"https:\\\/\\\/ospoljcane.si\\\/nova\\\/?s={search_term_string}\"},\"query-input\":{\"@type\":\"PropertyValueSpecification\",\"valueRequired\":true,\"valueName\":\"search_term_string\"}}],\"inLanguage\":\"sl-SI\"},{\"@type\":\"Organization\",\"@id\":\"https:\\\/\\\/ospoljcane.si\\\/nova\\\/#organization\",\"name\":\"Osnovna \u0161ola Kajetana Kovi\u010da Polj\u010dane\",\"url\":\"https:\\\/\\\/ospoljcane.si\\\/nova\\\/\",\"logo\":{\"@type\":\"ImageObject\",\"inLanguage\":\"sl-SI\",\"@id\":\"https:\\\/\\\/ospoljcane.si\\\/nova\\\/#\\\/schema\\\/logo\\\/image\\\/\",\"url\":\"https:\\\/\\\/ospoljcane.si\\\/nova\\\/wp-content\\\/uploads\\\/2020\\\/12\\\/cropped-cropped-Logotip-sole-2016_3G-1-1.png\",\"contentUrl\":\"https:\\\/\\\/ospoljcane.si\\\/nova\\\/wp-content\\\/uploads\\\/2020\\\/12\\\/cropped-cropped-Logotip-sole-2016_3G-1-1.png\",\"width\":512,\"height\":512,\"caption\":\"Osnovna \u0161ola Kajetana Kovi\u010da Polj\u010dane\"},\"image\":{\"@id\":\"https:\\\/\\\/ospoljcane.si\\\/nova\\\/#\\\/schema\\\/logo\\\/image\\\/\"}}]}<\/script>\n<!-- \/ Yoast SEO plugin. -->","yoast_head_json":{"title":"Nadgrajevanje u\u010dnih okolij in medgeneracijskega prena\u0161anja znanja 2023\/24 - Osnovna \u0161ola Kajetana Kovi\u010da Polj\u010dane","robots":{"index":"index","follow":"follow","max-snippet":"max-snippet:-1","max-image-preview":"max-image-preview:large","max-video-preview":"max-video-preview:-1"},"canonical":"https:\/\/ospoljcane.si\/nova\/nadgrajevanje-ucnih-okolij-in-medgeneracijskega-prenasanja-znanja-2023-24\/","og_locale":"sl_SI","og_type":"article","og_title":"Nadgrajevanje u\u010dnih okolij in medgeneracijskega prena\u0161anja znanja 2023\/24 - Osnovna \u0161ola Kajetana Kovi\u010da Polj\u010dane","og_url":"https:\/\/ospoljcane.si\/nova\/nadgrajevanje-ucnih-okolij-in-medgeneracijskega-prenasanja-znanja-2023-24\/","og_site_name":"Osnovna \u0161ola Kajetana Kovi\u010da Polj\u010dane","article_modified_time":"2024-06-02T15:12:20+00:00","og_image":[{"url":"https:\/\/ospoljcane.si\/nova\/wp-content\/uploads\/2024\/06\/ucna-okolja.png","type":"","width":"","height":""}],"twitter_card":"summary_large_image","twitter_misc":{"Est. reading time":"1 minuta"},"schema":{"@context":"https:\/\/schema.org","@graph":[{"@type":"WebPage","@id":"https:\/\/ospoljcane.si\/nova\/nadgrajevanje-ucnih-okolij-in-medgeneracijskega-prenasanja-znanja-2023-24\/","url":"https:\/\/ospoljcane.si\/nova\/nadgrajevanje-ucnih-okolij-in-medgeneracijskega-prenasanja-znanja-2023-24\/","name":"Nadgrajevanje u\u010dnih okolij in medgeneracijskega prena\u0161anja znanja 2023\/24 - Osnovna \u0161ola Kajetana Kovi\u010da Polj\u010dane","isPartOf":{"@id":"https:\/\/ospoljcane.si\/nova\/#website"},"primaryImageOfPage":{"@id":"https:\/\/ospoljcane.si\/nova\/nadgrajevanje-ucnih-okolij-in-medgeneracijskega-prenasanja-znanja-2023-24\/#primaryimage"},"image":{"@id":"https:\/\/ospoljcane.si\/nova\/nadgrajevanje-ucnih-okolij-in-medgeneracijskega-prenasanja-znanja-2023-24\/#primaryimage"},"thumbnailUrl":"https:\/\/ospoljcane.si\/nova\/wp-content\/uploads\/2024\/06\/ucna-okolja.png","datePublished":"2024-06-02T14:53:17+00:00","dateModified":"2024-06-02T15:12:20+00:00","breadcrumb":{"@id":"https:\/\/ospoljcane.si\/nova\/nadgrajevanje-ucnih-okolij-in-medgeneracijskega-prenasanja-znanja-2023-24\/#breadcrumb"},"inLanguage":"sl-SI","potentialAction":[{"@type":"ReadAction","target":["https:\/\/ospoljcane.si\/nova\/nadgrajevanje-ucnih-okolij-in-medgeneracijskega-prenasanja-znanja-2023-24\/"]}]},{"@type":"ImageObject","inLanguage":"sl-SI","@id":"https:\/\/ospoljcane.si\/nova\/nadgrajevanje-ucnih-okolij-in-medgeneracijskega-prenasanja-znanja-2023-24\/#primaryimage","url":"https:\/\/ospoljcane.si\/nova\/wp-content\/uploads\/2024\/06\/ucna-okolja.png","contentUrl":"https:\/\/ospoljcane.si\/nova\/wp-content\/uploads\/2024\/06\/ucna-okolja.png","width":749,"height":410},{"@type":"BreadcrumbList","@id":"https:\/\/ospoljcane.si\/nova\/nadgrajevanje-ucnih-okolij-in-medgeneracijskega-prenasanja-znanja-2023-24\/#breadcrumb","itemListElement":[{"@type":"ListItem","position":1,"name":"Domov","item":"https:\/\/ospoljcane.si\/nova\/"},{"@type":"ListItem","position":2,"name":"Nadgrajevanje u\u010dnih okolij in medgeneracijskega prena\u0161anja znanja 2023\/24"}]},{"@type":"WebSite","@id":"https:\/\/ospoljcane.si\/nova\/#website","url":"https:\/\/ospoljcane.si\/nova\/","name":"Osnovna \u0161ola Kajetana Kovi\u010da Polj\u010dane","description":"","publisher":{"@id":"https:\/\/ospoljcane.si\/nova\/#organization"},"potentialAction":[{"@type":"SearchAction","target":{"@type":"EntryPoint","urlTemplate":"https:\/\/ospoljcane.si\/nova\/?s={search_term_string}"},"query-input":{"@type":"PropertyValueSpecification","valueRequired":true,"valueName":"search_term_string"}}],"inLanguage":"sl-SI"},{"@type":"Organization","@id":"https:\/\/ospoljcane.si\/nova\/#organization","name":"Osnovna \u0161ola Kajetana Kovi\u010da Polj\u010dane","url":"https:\/\/ospoljcane.si\/nova\/","logo":{"@type":"ImageObject","inLanguage":"sl-SI","@id":"https:\/\/ospoljcane.si\/nova\/#\/schema\/logo\/image\/","url":"https:\/\/ospoljcane.si\/nova\/wp-content\/uploads\/2020\/12\/cropped-cropped-Logotip-sole-2016_3G-1-1.png","contentUrl":"https:\/\/ospoljcane.si\/nova\/wp-content\/uploads\/2020\/12\/cropped-cropped-Logotip-sole-2016_3G-1-1.png","width":512,"height":512,"caption":"Osnovna \u0161ola Kajetana Kovi\u010da Polj\u010dane"},"image":{"@id":"https:\/\/ospoljcane.si\/nova\/#\/schema\/logo\/image\/"}}]}},"_links":{"self":[{"href":"https:\/\/ospoljcane.si\/nova\/wp-json\/wp\/v2\/pages\/18702","targetHints":{"allow":["GET"]}}],"collection":[{"href":"https:\/\/ospoljcane.si\/nova\/wp-json\/wp\/v2\/pages"}],"about":[{"href":"https:\/\/ospoljcane.si\/nova\/wp-json\/wp\/v2\/types\/page"}],"author":[{"embeddable":true,"href":"https:\/\/ospoljcane.si\/nova\/wp-json\/wp\/v2\/users\/6"}],"replies":[{"embeddable":true,"href":"https:\/\/ospoljcane.si\/nova\/wp-json\/wp\/v2\/comments?post=18702"}],"version-history":[{"count":10,"href":"https:\/\/ospoljcane.si\/nova\/wp-json\/wp\/v2\/pages\/18702\/revisions"}],"predecessor-version":[{"id":18715,"href":"https:\/\/ospoljcane.si\/nova\/wp-json\/wp\/v2\/pages\/18702\/revisions\/18715"}],"wp:attachment":[{"href":"https:\/\/ospoljcane.si\/nova\/wp-json\/wp\/v2\/media?parent=18702"}],"curies":[{"name":"wp","href":"https:\/\/api.w.org\/{rel}","templated":true}]}}