{"id":1786,"date":"2021-01-07T09:17:46","date_gmt":"2021-01-07T08:17:46","guid":{"rendered":"http:\/\/ospoljcane.si\/nova\/?page_id=1786"},"modified":"2025-09-18T08:37:16","modified_gmt":"2025-09-18T06:37:16","slug":"telovadnica","status":"publish","type":"page","link":"https:\/\/ospoljcane.si\/nova\/telovadnica\/","title":{"rendered":"Telovadnica"},"content":{"rendered":"\t\t<div data-elementor-type=\"wp-page\" data-elementor-id=\"1786\" class=\"elementor elementor-1786\" data-elementor-post-type=\"page\">\n\t\t\t\t\t\t<section class=\"elementor-section elementor-top-section elementor-element elementor-element-257a5e70 elementor-section-boxed elementor-section-height-default elementor-section-height-default\" data-id=\"257a5e70\" data-element_type=\"section\" data-e-type=\"section\">\n\t\t\t\t\t\t<div class=\"elementor-container elementor-column-gap-default\">\n\t\t\t\t\t<div class=\"elementor-column elementor-col-100 elementor-top-column elementor-element elementor-element-4cdc9a32\" data-id=\"4cdc9a32\" data-element_type=\"column\" data-e-type=\"column\">\n\t\t\t<div class=\"elementor-widget-wrap elementor-element-populated\">\n\t\t\t\t\t\t<div class=\"elementor-element elementor-element-d441401 elementor-nav-menu--dropdown-tablet elementor-nav-menu__text-align-aside elementor-nav-menu--toggle elementor-nav-menu--burger elementor-widget elementor-widget-nav-menu\" data-id=\"d441401\" data-element_type=\"widget\" data-e-type=\"widget\" data-settings=\"{&quot;layout&quot;:&quot;horizontal&quot;,&quot;submenu_icon&quot;:{&quot;value&quot;:&quot;&lt;i class=\\&quot;fas fa-caret-down\\&quot; aria-hidden=\\&quot;true\\&quot;&gt;&lt;\\\/i&gt;&quot;,&quot;library&quot;:&quot;fa-solid&quot;},&quot;toggle&quot;:&quot;burger&quot;}\" data-widget_type=\"nav-menu.default\">\n\t\t\t\t<div class=\"elementor-widget-container\">\n\t\t\t\t\t\t\t\t<nav aria-label=\"Menu\" class=\"elementor-nav-menu--main elementor-nav-menu__container elementor-nav-menu--layout-horizontal e--pointer-underline e--animation-fade\">\n\t\t\t\t<ul id=\"menu-1-d441401\" class=\"elementor-nav-menu accessibility_menu\"><li class=\"menu-item menu-item-type-post_type menu-item-object-page menu-item-3244\"><a href=\"https:\/\/ospoljcane.si\/nova\/telovadnica\/\" class=\"elementor-item\">Telovadnica<\/a><\/li>\n<li class=\"menu-item menu-item-type-post_type menu-item-object-page menu-item-3243\"><a href=\"https:\/\/ospoljcane.si\/nova\/hisni-red-v-telovadnici\/\" class=\"elementor-item\">Hi\u0161ni red v telovadnici<\/a><\/li>\n<li class=\"menu-item menu-item-type-post_type menu-item-object-page menu-item-3664\"><a href=\"https:\/\/ospoljcane.si\/nova\/urnik-telovadnice\/\" class=\"elementor-item\">Urnik telovadnice<\/a><\/li>\n<li class=\"menu-item menu-item-type-post_type menu-item-object-page menu-item-3754\"><a href=\"https:\/\/ospoljcane.si\/nova\/navodila\/\" class=\"elementor-item\">Navodila<\/a><\/li>\n<\/ul>\t\t\t<\/nav>\n\t\t\t\t\t<div class=\"elementor-menu-toggle\" role=\"button\" tabindex=\"0\" aria-label=\"Menu Toggle\" aria-expanded=\"false\">\n\t\t\t<i aria-hidden=\"true\" role=\"presentation\" class=\"elementor-menu-toggle__icon--open eicon-menu-bar\"><\/i><i aria-hidden=\"true\" role=\"presentation\" class=\"elementor-menu-toggle__icon--close eicon-close\"><\/i>\t\t<\/div>\n\t\t\t\t\t<nav class=\"elementor-nav-menu--dropdown elementor-nav-menu__container\" aria-hidden=\"true\">\n\t\t\t\t<ul id=\"menu-2-d441401\" class=\"elementor-nav-menu accessibility_menu\"><li class=\"menu-item menu-item-type-post_type menu-item-object-page menu-item-3244\"><a href=\"https:\/\/ospoljcane.si\/nova\/telovadnica\/\" class=\"elementor-item\" tabindex=\"-1\">Telovadnica<\/a><\/li>\n<li class=\"menu-item menu-item-type-post_type menu-item-object-page menu-item-3243\"><a href=\"https:\/\/ospoljcane.si\/nova\/hisni-red-v-telovadnici\/\" class=\"elementor-item\" tabindex=\"-1\">Hi\u0161ni red v telovadnici<\/a><\/li>\n<li class=\"menu-item menu-item-type-post_type menu-item-object-page menu-item-3664\"><a href=\"https:\/\/ospoljcane.si\/nova\/urnik-telovadnice\/\" class=\"elementor-item\" tabindex=\"-1\">Urnik telovadnice<\/a><\/li>\n<li class=\"menu-item menu-item-type-post_type menu-item-object-page menu-item-3754\"><a href=\"https:\/\/ospoljcane.si\/nova\/navodila\/\" class=\"elementor-item\" tabindex=\"-1\">Navodila<\/a><\/li>\n<\/ul>\t\t\t<\/nav>\n\t\t\t\t\t\t<\/div>\n\t\t\t\t<\/div>\n\t\t\t\t<div class=\"elementor-element elementor-element-4b526416 elementor-widget elementor-widget-text-editor\" data-id=\"4b526416\" data-element_type=\"widget\" data-e-type=\"widget\" data-widget_type=\"text-editor.default\">\n\t\t\t\t<div class=\"elementor-widget-container\">\n\t\t\t\t\t\t\t\t\t<div>S telovadnico pri Osnovni \u0161oli Kajetana Kovi\u010da Polj\u010dane upravlja Osnovna \u0161ola Kajetana Kovi\u010da Polj\u010dane, ki jo za izvajanje pouka \u0161portne vzgoje uporablja od 7.25 do 14.45 ure. Nadalje potekajo interesne dejavnosti, ki jih vodijo zunanji mentorji ali rekreaciji krajanom za \u0161portno tekmovalne in rekreativne aktivnosti ter druge dejavnosti.\u00a0<\/div><div>\u00a0<\/div><div>Urnik za uporabo telovadnice za \u0161olsko leto se sestavlja v avgustu pred pri\u010detkom \u0161olskega leta in se med letom glede na potrebe spreminja. Po 20. avgustu vsako leto vodstvo \u0161ole organizira sestanek s predstavniki klubov, dru\u0161tev, sekcij, skupin krajanov in drugih organizacij, ki \u017eelijo svoje dejavnosti izvajati v telovadnici. Pri oblikovanju urnika imajo prednost skupine, ki so v prej\u0161njem \u0161olskem letu dalj \u010dasa koristile prostore telovadnice. Ugodnej\u0161e termine pridobijo skupine, ki so se le-tem odrekle v prej\u0161njem letu.<\/div><div>Prioritetno se v urnik postavijo termini ekip iz\u00a0ob\u010dine, ki tekmujejo\u00a0v dvoranskih \u0161portih v\u00a0dr\u017eavnih ligah.<\/div><div>\u00a0<\/div><div><p><a href=\"https:\/\/ospoljcane.si\/nova\/wp-content\/uploads\/2024\/08\/1724148267189-a2024f87-844f-4b68-b5e5-736708ef356c_1.jpg\">Sestanek za sestavo urnika<\/a> \u00a0za popoldanske in ve\u010derne dejavnosti v telovadnici pri Osnovni \u0161oli Kajetana Kovi\u010da Polj\u010dane za \u0161olsko leto 2025\/26.<\/p><p><a href=\"https:\/\/ospoljcane.si\/nova\/wp-content\/uploads\/2025\/09\/Zapisnik-sestanka-avg-25.pdf\">Zapisnik sestanka za sestavo urnika 2025\/26.<\/a><\/p><p>Gradiva:<\/p><ul><li><a href=\"https:\/\/ospoljcane.si\/nova\/wp-content\/uploads\/2025\/09\/HISNI-RED.pdf\">Hi\u0161ni red<\/a><\/li><li><a href=\"https:\/\/ospoljcane.si\/nova\/wp-content\/uploads\/2025\/09\/POZARNI-RED-za-zunanje-uporabnike.pdf\">Po\u017earni red<\/a><\/li><li><a href=\"https:\/\/ospoljcane.si\/nova\/wp-content\/uploads\/2025\/09\/PREPOVED-obvestilo.pdf\">Obvestilo o prepovedi\u00a0<\/a><\/li><li><a href=\"https:\/\/ospoljcane.si\/nova\/wp-content\/uploads\/2025\/09\/Izjava-o-uporabi-telovadnice-na-lastno-odgovornost.pdf\">Izjava o uporabi telovadnice\u00a0<\/a><\/li><li><a href=\"https:\/\/ospoljcane.si\/nova\/wp-content\/uploads\/2025\/09\/Izjava-o-uporabi-solskih-prostorov-na-lastno-odgovornost.pdf\">Izjava o uporabi \u0161olskih prostorov<\/a><\/li><li><a href=\"https:\/\/ospoljcane.si\/nova\/wp-content\/uploads\/2025\/09\/Cenik_telovadnica-in-prostori-OS-storitve_1_9_2024.pdf\">CENIK najema in storitev<\/a><\/li><\/ul><\/div><div>\u00a0<\/div>\t\t\t\t\t\t\t\t<\/div>\n\t\t\t\t<\/div>\n\t\t\t\t\t<\/div>\n\t\t<\/div>\n\t\t\t\t\t<\/div>\n\t\t<\/section>\n\t\t\t\t<\/div>\n\t\t","protected":false},"excerpt":{"rendered":"<p>S telovadnico pri Osnovni \u0161oli Kajetana Kovi\u010da Polj\u010dane upravlja Osnovna \u0161ola Kajetana Kovi\u010da Polj\u010dane, ki jo za izvajanje pouka \u0161portne vzgoje uporablja od 7.25 do &hellip; <\/p>\n","protected":false},"author":1,"featured_media":0,"parent":0,"menu_order":0,"comment_status":"closed","ping_status":"closed","template":"","meta":{"footnotes":""},"class_list":["post-1786","page","type-page","status-publish","hentry","image-hover-transition-effect","latest_post"],"yoast_head":"<!-- This site is optimized with the Yoast SEO plugin v27.4 - https:\/\/yoast.com\/product\/yoast-seo-wordpress\/ -->\n<title>Telovadnica - Osnovna \u0161ola Kajetana Kovi\u010da Polj\u010dane<\/title>\n<meta name=\"robots\" content=\"index, follow, max-snippet:-1, max-image-preview:large, max-video-preview:-1\" \/>\n<link rel=\"canonical\" href=\"https:\/\/ospoljcane.si\/nova\/telovadnica\/\" \/>\n<meta property=\"og:locale\" content=\"sl_SI\" \/>\n<meta property=\"og:type\" content=\"article\" \/>\n<meta property=\"og:title\" content=\"Telovadnica - Osnovna \u0161ola Kajetana Kovi\u010da Polj\u010dane\" \/>\n<meta property=\"og:description\" content=\"S telovadnico pri Osnovni \u0161oli Kajetana Kovi\u010da Polj\u010dane upravlja Osnovna \u0161ola Kajetana Kovi\u010da Polj\u010dane, ki jo za izvajanje pouka \u0161portne vzgoje uporablja od 7.25 do &hellip;\" \/>\n<meta property=\"og:url\" content=\"https:\/\/ospoljcane.si\/nova\/telovadnica\/\" \/>\n<meta property=\"og:site_name\" content=\"Osnovna \u0161ola Kajetana Kovi\u010da Polj\u010dane\" \/>\n<meta property=\"article:modified_time\" content=\"2025-09-18T06:37:16+00:00\" \/>\n<meta name=\"twitter:card\" content=\"summary_large_image\" \/>\n<meta name=\"twitter:label1\" content=\"Est. reading time\" \/>\n\t<meta name=\"twitter:data1\" content=\"2 minuti\" \/>\n<script type=\"application\/ld+json\" class=\"yoast-schema-graph\">{\"@context\":\"https:\\\/\\\/schema.org\",\"@graph\":[{\"@type\":\"WebPage\",\"@id\":\"https:\\\/\\\/ospoljcane.si\\\/nova\\\/telovadnica\\\/\",\"url\":\"https:\\\/\\\/ospoljcane.si\\\/nova\\\/telovadnica\\\/\",\"name\":\"Telovadnica - Osnovna \u0161ola Kajetana Kovi\u010da Polj\u010dane\",\"isPartOf\":{\"@id\":\"https:\\\/\\\/ospoljcane.si\\\/nova\\\/#website\"},\"datePublished\":\"2021-01-07T08:17:46+00:00\",\"dateModified\":\"2025-09-18T06:37:16+00:00\",\"breadcrumb\":{\"@id\":\"https:\\\/\\\/ospoljcane.si\\\/nova\\\/telovadnica\\\/#breadcrumb\"},\"inLanguage\":\"sl-SI\",\"potentialAction\":[{\"@type\":\"ReadAction\",\"target\":[\"https:\\\/\\\/ospoljcane.si\\\/nova\\\/telovadnica\\\/\"]}]},{\"@type\":\"BreadcrumbList\",\"@id\":\"https:\\\/\\\/ospoljcane.si\\\/nova\\\/telovadnica\\\/#breadcrumb\",\"itemListElement\":[{\"@type\":\"ListItem\",\"position\":1,\"name\":\"Domov\",\"item\":\"https:\\\/\\\/ospoljcane.si\\\/nova\\\/\"},{\"@type\":\"ListItem\",\"position\":2,\"name\":\"Telovadnica\"}]},{\"@type\":\"WebSite\",\"@id\":\"https:\\\/\\\/ospoljcane.si\\\/nova\\\/#website\",\"url\":\"https:\\\/\\\/ospoljcane.si\\\/nova\\\/\",\"name\":\"Osnovna \u0161ola Kajetana Kovi\u010da Polj\u010dane\",\"description\":\"\",\"publisher\":{\"@id\":\"https:\\\/\\\/ospoljcane.si\\\/nova\\\/#organization\"},\"potentialAction\":[{\"@type\":\"SearchAction\",\"target\":{\"@type\":\"EntryPoint\",\"urlTemplate\":\"https:\\\/\\\/ospoljcane.si\\\/nova\\\/?s={search_term_string}\"},\"query-input\":{\"@type\":\"PropertyValueSpecification\",\"valueRequired\":true,\"valueName\":\"search_term_string\"}}],\"inLanguage\":\"sl-SI\"},{\"@type\":\"Organization\",\"@id\":\"https:\\\/\\\/ospoljcane.si\\\/nova\\\/#organization\",\"name\":\"Osnovna \u0161ola Kajetana Kovi\u010da Polj\u010dane\",\"url\":\"https:\\\/\\\/ospoljcane.si\\\/nova\\\/\",\"logo\":{\"@type\":\"ImageObject\",\"inLanguage\":\"sl-SI\",\"@id\":\"https:\\\/\\\/ospoljcane.si\\\/nova\\\/#\\\/schema\\\/logo\\\/image\\\/\",\"url\":\"https:\\\/\\\/ospoljcane.si\\\/nova\\\/wp-content\\\/uploads\\\/2020\\\/12\\\/cropped-cropped-Logotip-sole-2016_3G-1-1.png\",\"contentUrl\":\"https:\\\/\\\/ospoljcane.si\\\/nova\\\/wp-content\\\/uploads\\\/2020\\\/12\\\/cropped-cropped-Logotip-sole-2016_3G-1-1.png\",\"width\":512,\"height\":512,\"caption\":\"Osnovna \u0161ola Kajetana Kovi\u010da Polj\u010dane\"},\"image\":{\"@id\":\"https:\\\/\\\/ospoljcane.si\\\/nova\\\/#\\\/schema\\\/logo\\\/image\\\/\"}}]}<\/script>\n<!-- \/ Yoast SEO plugin. -->","yoast_head_json":{"title":"Telovadnica - Osnovna \u0161ola Kajetana Kovi\u010da Polj\u010dane","robots":{"index":"index","follow":"follow","max-snippet":"max-snippet:-1","max-image-preview":"max-image-preview:large","max-video-preview":"max-video-preview:-1"},"canonical":"https:\/\/ospoljcane.si\/nova\/telovadnica\/","og_locale":"sl_SI","og_type":"article","og_title":"Telovadnica - Osnovna \u0161ola Kajetana Kovi\u010da Polj\u010dane","og_description":"S telovadnico pri Osnovni \u0161oli Kajetana Kovi\u010da Polj\u010dane upravlja Osnovna \u0161ola Kajetana Kovi\u010da Polj\u010dane, ki jo za izvajanje pouka \u0161portne vzgoje uporablja od 7.25 do &hellip;","og_url":"https:\/\/ospoljcane.si\/nova\/telovadnica\/","og_site_name":"Osnovna \u0161ola Kajetana Kovi\u010da Polj\u010dane","article_modified_time":"2025-09-18T06:37:16+00:00","twitter_card":"summary_large_image","twitter_misc":{"Est. reading time":"2 minuti"},"schema":{"@context":"https:\/\/schema.org","@graph":[{"@type":"WebPage","@id":"https:\/\/ospoljcane.si\/nova\/telovadnica\/","url":"https:\/\/ospoljcane.si\/nova\/telovadnica\/","name":"Telovadnica - Osnovna \u0161ola Kajetana Kovi\u010da Polj\u010dane","isPartOf":{"@id":"https:\/\/ospoljcane.si\/nova\/#website"},"datePublished":"2021-01-07T08:17:46+00:00","dateModified":"2025-09-18T06:37:16+00:00","breadcrumb":{"@id":"https:\/\/ospoljcane.si\/nova\/telovadnica\/#breadcrumb"},"inLanguage":"sl-SI","potentialAction":[{"@type":"ReadAction","target":["https:\/\/ospoljcane.si\/nova\/telovadnica\/"]}]},{"@type":"BreadcrumbList","@id":"https:\/\/ospoljcane.si\/nova\/telovadnica\/#breadcrumb","itemListElement":[{"@type":"ListItem","position":1,"name":"Domov","item":"https:\/\/ospoljcane.si\/nova\/"},{"@type":"ListItem","position":2,"name":"Telovadnica"}]},{"@type":"WebSite","@id":"https:\/\/ospoljcane.si\/nova\/#website","url":"https:\/\/ospoljcane.si\/nova\/","name":"Osnovna \u0161ola Kajetana Kovi\u010da Polj\u010dane","description":"","publisher":{"@id":"https:\/\/ospoljcane.si\/nova\/#organization"},"potentialAction":[{"@type":"SearchAction","target":{"@type":"EntryPoint","urlTemplate":"https:\/\/ospoljcane.si\/nova\/?s={search_term_string}"},"query-input":{"@type":"PropertyValueSpecification","valueRequired":true,"valueName":"search_term_string"}}],"inLanguage":"sl-SI"},{"@type":"Organization","@id":"https:\/\/ospoljcane.si\/nova\/#organization","name":"Osnovna \u0161ola Kajetana Kovi\u010da Polj\u010dane","url":"https:\/\/ospoljcane.si\/nova\/","logo":{"@type":"ImageObject","inLanguage":"sl-SI","@id":"https:\/\/ospoljcane.si\/nova\/#\/schema\/logo\/image\/","url":"https:\/\/ospoljcane.si\/nova\/wp-content\/uploads\/2020\/12\/cropped-cropped-Logotip-sole-2016_3G-1-1.png","contentUrl":"https:\/\/ospoljcane.si\/nova\/wp-content\/uploads\/2020\/12\/cropped-cropped-Logotip-sole-2016_3G-1-1.png","width":512,"height":512,"caption":"Osnovna \u0161ola Kajetana Kovi\u010da Polj\u010dane"},"image":{"@id":"https:\/\/ospoljcane.si\/nova\/#\/schema\/logo\/image\/"}}]}},"_links":{"self":[{"href":"https:\/\/ospoljcane.si\/nova\/wp-json\/wp\/v2\/pages\/1786","targetHints":{"allow":["GET"]}}],"collection":[{"href":"https:\/\/ospoljcane.si\/nova\/wp-json\/wp\/v2\/pages"}],"about":[{"href":"https:\/\/ospoljcane.si\/nova\/wp-json\/wp\/v2\/types\/page"}],"author":[{"embeddable":true,"href":"https:\/\/ospoljcane.si\/nova\/wp-json\/wp\/v2\/users\/1"}],"replies":[{"embeddable":true,"href":"https:\/\/ospoljcane.si\/nova\/wp-json\/wp\/v2\/comments?post=1786"}],"version-history":[{"count":104,"href":"https:\/\/ospoljcane.si\/nova\/wp-json\/wp\/v2\/pages\/1786\/revisions"}],"predecessor-version":[{"id":22553,"href":"https:\/\/ospoljcane.si\/nova\/wp-json\/wp\/v2\/pages\/1786\/revisions\/22553"}],"wp:attachment":[{"href":"https:\/\/ospoljcane.si\/nova\/wp-json\/wp\/v2\/media?parent=1786"}],"curies":[{"name":"wp","href":"https:\/\/api.w.org\/{rel}","templated":true}]}}