{"id":17184,"date":"2024-01-09T10:56:54","date_gmt":"2024-01-09T09:56:54","guid":{"rendered":"https:\/\/ospoljcane.si\/nova\/?page_id=17184"},"modified":"2025-09-04T11:15:15","modified_gmt":"2025-09-04T09:15:15","slug":"arhiv","status":"publish","type":"page","link":"https:\/\/ospoljcane.si\/nova\/arhiv\/","title":{"rendered":"Arhiv"},"content":{"rendered":"\t\t<div data-elementor-type=\"wp-page\" data-elementor-id=\"17184\" class=\"elementor elementor-17184\" data-elementor-post-type=\"page\">\n\t\t\t\t\t\t<section class=\"elementor-section elementor-top-section elementor-element elementor-element-cfdcb73 elementor-section-boxed elementor-section-height-default elementor-section-height-default\" data-id=\"cfdcb73\" data-element_type=\"section\" data-e-type=\"section\">\n\t\t\t\t\t\t<div class=\"elementor-container elementor-column-gap-default\">\n\t\t\t\t\t<div class=\"elementor-column elementor-col-100 elementor-top-column elementor-element elementor-element-34609d5\" data-id=\"34609d5\" data-element_type=\"column\" data-e-type=\"column\">\n\t\t\t<div class=\"elementor-widget-wrap\">\n\t\t\t\t\t\t\t<\/div>\n\t\t<\/div>\n\t\t\t\t\t<\/div>\n\t\t<\/section>\n\t\t\t\t<section class=\"elementor-section elementor-top-section elementor-element elementor-element-5ff4eee elementor-section-boxed elementor-section-height-default elementor-section-height-default\" data-id=\"5ff4eee\" data-element_type=\"section\" data-e-type=\"section\">\n\t\t\t\t\t\t<div class=\"elementor-container elementor-column-gap-default\">\n\t\t\t\t\t<div class=\"elementor-column elementor-col-100 elementor-top-column elementor-element elementor-element-a007b62\" data-id=\"a007b62\" data-element_type=\"column\" data-e-type=\"column\">\n\t\t\t<div class=\"elementor-widget-wrap elementor-element-populated\">\n\t\t\t\t\t\t<div class=\"elementor-element elementor-element-782e9cd elementor-widget elementor-widget-wp-widget-archives\" data-id=\"782e9cd\" data-element_type=\"widget\" data-e-type=\"widget\" data-widget_type=\"wp-widget-archives.default\">\n\t\t\t\t<div class=\"elementor-widget-container\">\n\t\t\t\t\t<h5>Arhiv novic<\/h5>\t\t<label class=\"screen-reader-text\" for=\"archives-dropdown-REPLACE_TO_ID\">Arhiv novic<\/label>\n\t\t<select id=\"archives-dropdown-REPLACE_TO_ID\" name=\"archive-dropdown\">\n\t\t\t\n\t\t\t<option value=\"\">Izberite mesec<\/option>\n\t\t\t\t<option value='https:\/\/ospoljcane.si\/nova\/2026\/04\/'> april 2026 &nbsp;(2)<\/option>\n\t<option value='https:\/\/ospoljcane.si\/nova\/2026\/03\/'> marec 2026 &nbsp;(18)<\/option>\n\t<option value='https:\/\/ospoljcane.si\/nova\/2026\/02\/'> februar 2026 &nbsp;(7)<\/option>\n\t<option value='https:\/\/ospoljcane.si\/nova\/2026\/01\/'> januar 2026 &nbsp;(5)<\/option>\n\t<option value='https:\/\/ospoljcane.si\/nova\/2025\/12\/'> december 2025 &nbsp;(9)<\/option>\n\t<option value='https:\/\/ospoljcane.si\/nova\/2025\/11\/'> november 2025 &nbsp;(5)<\/option>\n\t<option value='https:\/\/ospoljcane.si\/nova\/2025\/10\/'> oktober 2025 &nbsp;(12)<\/option>\n\t<option value='https:\/\/ospoljcane.si\/nova\/2025\/09\/'> september 2025 &nbsp;(6)<\/option>\n\t<option value='https:\/\/ospoljcane.si\/nova\/2025\/07\/'> julij 2025 &nbsp;(1)<\/option>\n\t<option value='https:\/\/ospoljcane.si\/nova\/2025\/06\/'> junij 2025 &nbsp;(12)<\/option>\n\t<option value='https:\/\/ospoljcane.si\/nova\/2025\/05\/'> maj 2025 &nbsp;(15)<\/option>\n\t<option value='https:\/\/ospoljcane.si\/nova\/2025\/04\/'> april 2025 &nbsp;(7)<\/option>\n\t<option value='https:\/\/ospoljcane.si\/nova\/2025\/03\/'> marec 2025 &nbsp;(7)<\/option>\n\t<option value='https:\/\/ospoljcane.si\/nova\/2025\/02\/'> februar 2025 &nbsp;(6)<\/option>\n\t<option value='https:\/\/ospoljcane.si\/nova\/2025\/01\/'> januar 2025 &nbsp;(6)<\/option>\n\t<option value='https:\/\/ospoljcane.si\/nova\/2024\/12\/'> december 2024 &nbsp;(12)<\/option>\n\t<option value='https:\/\/ospoljcane.si\/nova\/2024\/11\/'> november 2024 &nbsp;(6)<\/option>\n\t<option value='https:\/\/ospoljcane.si\/nova\/2024\/10\/'> oktober 2024 &nbsp;(14)<\/option>\n\t<option value='https:\/\/ospoljcane.si\/nova\/2024\/09\/'> september 2024 &nbsp;(15)<\/option>\n\t<option value='https:\/\/ospoljcane.si\/nova\/2024\/07\/'> julij 2024 &nbsp;(2)<\/option>\n\t<option value='https:\/\/ospoljcane.si\/nova\/2024\/06\/'> junij 2024 &nbsp;(11)<\/option>\n\t<option value='https:\/\/ospoljcane.si\/nova\/2024\/05\/'> maj 2024 &nbsp;(13)<\/option>\n\t<option value='https:\/\/ospoljcane.si\/nova\/2024\/04\/'> april 2024 &nbsp;(14)<\/option>\n\t<option value='https:\/\/ospoljcane.si\/nova\/2024\/03\/'> marec 2024 &nbsp;(9)<\/option>\n\t<option value='https:\/\/ospoljcane.si\/nova\/2024\/02\/'> februar 2024 &nbsp;(12)<\/option>\n\t<option value='https:\/\/ospoljcane.si\/nova\/2024\/01\/'> januar 2024 &nbsp;(9)<\/option>\n\t<option value='https:\/\/ospoljcane.si\/nova\/2023\/12\/'> december 2023 &nbsp;(16)<\/option>\n\t<option value='https:\/\/ospoljcane.si\/nova\/2023\/11\/'> november 2023 &nbsp;(7)<\/option>\n\t<option value='https:\/\/ospoljcane.si\/nova\/2023\/10\/'> oktober 2023 &nbsp;(8)<\/option>\n\t<option value='https:\/\/ospoljcane.si\/nova\/2023\/09\/'> september 2023 &nbsp;(12)<\/option>\n\t<option value='https:\/\/ospoljcane.si\/nova\/2023\/08\/'> avgust 2023 &nbsp;(2)<\/option>\n\t<option value='https:\/\/ospoljcane.si\/nova\/2023\/06\/'> junij 2023 &nbsp;(14)<\/option>\n\t<option value='https:\/\/ospoljcane.si\/nova\/2023\/05\/'> maj 2023 &nbsp;(13)<\/option>\n\t<option value='https:\/\/ospoljcane.si\/nova\/2023\/04\/'> april 2023 &nbsp;(16)<\/option>\n\t<option value='https:\/\/ospoljcane.si\/nova\/2023\/03\/'> marec 2023 &nbsp;(15)<\/option>\n\t<option value='https:\/\/ospoljcane.si\/nova\/2023\/02\/'> februar 2023 &nbsp;(12)<\/option>\n\t<option value='https:\/\/ospoljcane.si\/nova\/2023\/01\/'> januar 2023 &nbsp;(14)<\/option>\n\t<option value='https:\/\/ospoljcane.si\/nova\/2022\/12\/'> december 2022 &nbsp;(6)<\/option>\n\t<option value='https:\/\/ospoljcane.si\/nova\/2022\/11\/'> november 2022 &nbsp;(7)<\/option>\n\t<option value='https:\/\/ospoljcane.si\/nova\/2022\/10\/'> oktober 2022 &nbsp;(24)<\/option>\n\t<option value='https:\/\/ospoljcane.si\/nova\/2022\/09\/'> september 2022 &nbsp;(11)<\/option>\n\t<option value='https:\/\/ospoljcane.si\/nova\/2022\/08\/'> avgust 2022 &nbsp;(3)<\/option>\n\t<option value='https:\/\/ospoljcane.si\/nova\/2022\/07\/'> julij 2022 &nbsp;(3)<\/option>\n\t<option value='https:\/\/ospoljcane.si\/nova\/2022\/06\/'> junij 2022 &nbsp;(18)<\/option>\n\t<option value='https:\/\/ospoljcane.si\/nova\/2022\/05\/'> maj 2022 &nbsp;(29)<\/option>\n\t<option value='https:\/\/ospoljcane.si\/nova\/2022\/04\/'> april 2022 &nbsp;(17)<\/option>\n\t<option value='https:\/\/ospoljcane.si\/nova\/2022\/03\/'> marec 2022 &nbsp;(23)<\/option>\n\t<option value='https:\/\/ospoljcane.si\/nova\/2022\/02\/'> februar 2022 &nbsp;(19)<\/option>\n\t<option value='https:\/\/ospoljcane.si\/nova\/2022\/01\/'> januar 2022 &nbsp;(8)<\/option>\n\t<option value='https:\/\/ospoljcane.si\/nova\/2021\/12\/'> december 2021 &nbsp;(7)<\/option>\n\t<option value='https:\/\/ospoljcane.si\/nova\/2021\/11\/'> november 2021 &nbsp;(19)<\/option>\n\t<option value='https:\/\/ospoljcane.si\/nova\/2021\/10\/'> oktober 2021 &nbsp;(20)<\/option>\n\t<option value='https:\/\/ospoljcane.si\/nova\/2021\/09\/'> september 2021 &nbsp;(18)<\/option>\n\t<option value='https:\/\/ospoljcane.si\/nova\/2021\/08\/'> avgust 2021 &nbsp;(2)<\/option>\n\t<option value='https:\/\/ospoljcane.si\/nova\/2021\/07\/'> julij 2021 &nbsp;(3)<\/option>\n\t<option value='https:\/\/ospoljcane.si\/nova\/2021\/06\/'> junij 2021 &nbsp;(17)<\/option>\n\t<option value='https:\/\/ospoljcane.si\/nova\/2021\/05\/'> maj 2021 &nbsp;(9)<\/option>\n\t<option value='https:\/\/ospoljcane.si\/nova\/2021\/04\/'> april 2021 &nbsp;(8)<\/option>\n\t<option value='https:\/\/ospoljcane.si\/nova\/2021\/03\/'> marec 2021 &nbsp;(3)<\/option>\n\t<option value='https:\/\/ospoljcane.si\/nova\/2021\/02\/'> februar 2021 &nbsp;(19)<\/option>\n\t<option value='https:\/\/ospoljcane.si\/nova\/2021\/01\/'> januar 2021 &nbsp;(17)<\/option>\n\t<option value='https:\/\/ospoljcane.si\/nova\/2020\/12\/'> december 2020 &nbsp;(9)<\/option>\n\t<option value='https:\/\/ospoljcane.si\/nova\/2020\/11\/'> november 2020 &nbsp;(1)<\/option>\n\t<option value='https:\/\/ospoljcane.si\/nova\/2017\/05\/'> maj 2017 &nbsp;(1)<\/option>\n\t<option value='https:\/\/ospoljcane.si\/nova\/2016\/12\/'> december 2016 &nbsp;(2)<\/option>\n\t<option value='https:\/\/ospoljcane.si\/nova\/2015\/05\/'> maj 2015 &nbsp;(1)<\/option>\n\t<option value='https:\/\/ospoljcane.si\/nova\/2014\/05\/'> maj 2014 &nbsp;(1)<\/option>\n\n\t\t<\/select>\n\n\t\t\t<script type=\"text\/javascript\">\n\/* <![CDATA[ *\/\n\n(function() {\n\tvar dropdown = document.getElementById( \"archives-dropdown-REPLACE_TO_ID\" );\n\tfunction onSelectChange() {\n\t\tif ( dropdown.options[ dropdown.selectedIndex ].value !== '' ) {\n\t\t\tdocument.location.href = this.options[ this.selectedIndex ].value;\n\t\t}\n\t}\n\tdropdown.onchange = onSelectChange;\n})();\n\n\/* ]]> *\/\n<\/script>\n\t\t\t\t<\/div>\n\t\t\t\t<\/div>\n\t\t\t\t<div class=\"elementor-element elementor-element-b2e5ccf elementor-widget elementor-widget-text-editor\" data-id=\"b2e5ccf\" data-element_type=\"widget\" data-e-type=\"widget\" data-widget_type=\"text-editor.default\">\n\t\t\t\t<div class=\"elementor-widget-container\">\n\t\t\t\t\t\t\t\t\t<h5>Arhiv projektov<\/h5>\t\t\t\t\t\t\t\t<\/div>\n\t\t\t\t<\/div>\n\t\t\t\t\t<\/div>\n\t\t<\/div>\n\t\t\t\t\t<\/div>\n\t\t<\/section>\n\t\t\t\t<section class=\"elementor-section elementor-top-section elementor-element elementor-element-c75f5af elementor-section-boxed elementor-section-height-default elementor-section-height-default\" data-id=\"c75f5af\" data-element_type=\"section\" data-e-type=\"section\">\n\t\t\t\t\t\t<div class=\"elementor-container elementor-column-gap-default\">\n\t\t\t\t\t<div class=\"elementor-column elementor-col-100 elementor-top-column elementor-element elementor-element-e137e85\" data-id=\"e137e85\" data-element_type=\"column\" data-e-type=\"column\">\n\t\t\t<div class=\"elementor-widget-wrap elementor-element-populated\">\n\t\t\t\t\t\t<div class=\"elementor-element elementor-element-c09437d elementor-tabs-view-horizontal elementor-widget elementor-widget-tabs\" data-id=\"c09437d\" data-element_type=\"widget\" data-e-type=\"widget\" data-widget_type=\"tabs.default\">\n\t\t\t\t<div class=\"elementor-widget-container\">\n\t\t\t\t\t\t\t<div class=\"elementor-tabs\">\n\t\t\t<div class=\"elementor-tabs-wrapper\" role=\"tablist\" >\n\t\t\t\t\t\t\t\t\t<div id=\"elementor-tab-title-2011\" class=\"elementor-tab-title elementor-tab-desktop-title\" aria-selected=\"true\" data-tab=\"1\" role=\"tab\" tabindex=\"0\" aria-controls=\"elementor-tab-content-2011\" aria-expanded=\"false\">ERASMUS +<\/div>\n\t\t\t\t\t\t\t\t\t<div id=\"elementor-tab-title-2012\" class=\"elementor-tab-title elementor-tab-desktop-title\" aria-selected=\"false\" data-tab=\"2\" role=\"tab\" tabindex=\"-1\" aria-controls=\"elementor-tab-content-2012\" aria-expanded=\"false\">eTWINNING<\/div>\n\t\t\t\t\t\t\t\t\t<div id=\"elementor-tab-title-2013\" class=\"elementor-tab-title elementor-tab-desktop-title\" aria-selected=\"false\" data-tab=\"3\" role=\"tab\" tabindex=\"-1\" aria-controls=\"elementor-tab-content-2013\" aria-expanded=\"false\">PODNEBNI CILJI IN VSEBINE VITR<\/div>\n\t\t\t\t\t\t\t\t\t<div id=\"elementor-tab-title-2014\" class=\"elementor-tab-title elementor-tab-desktop-title\" aria-selected=\"false\" data-tab=\"4\" role=\"tab\" tabindex=\"-1\" aria-controls=\"elementor-tab-content-2014\" aria-expanded=\"false\">POGUM<\/div>\n\t\t\t\t\t\t\t\t\t<div id=\"elementor-tab-title-2015\" class=\"elementor-tab-title elementor-tab-desktop-title\" aria-selected=\"false\" data-tab=\"5\" role=\"tab\" tabindex=\"-1\" aria-controls=\"elementor-tab-content-2015\" aria-expanded=\"false\">DVIG DIGITALNE KOMPETENTNOSTI<\/div>\n\t\t\t\t\t\t\t<\/div>\n\t\t\t<div class=\"elementor-tabs-content-wrapper\" role=\"tablist\" aria-orientation=\"vertical\">\n\t\t\t\t\t\t\t\t\t<div class=\"elementor-tab-title elementor-tab-mobile-title\" aria-selected=\"true\" data-tab=\"1\" role=\"tab\" tabindex=\"0\" aria-controls=\"elementor-tab-content-2011\" aria-expanded=\"false\">ERASMUS +<\/div>\n\t\t\t\t\t<div id=\"elementor-tab-content-2011\" class=\"elementor-tab-content elementor-clearfix\" data-tab=\"1\" role=\"tabpanel\" aria-labelledby=\"elementor-tab-title-2011\" tabindex=\"0\" hidden=\"false\"><p><a href=\"https:\/\/ospoljcane.si\/nova\/dogodki-erasmus-2\/\">Dogodki Erasmus+ <\/a><\/p><p><a href=\"https:\/\/ospoljcane.si\/nova\/erasmus-english\/\">Erasmus+ (English) <\/a><\/p><\/div>\n\t\t\t\t\t\t\t\t\t<div class=\"elementor-tab-title elementor-tab-mobile-title\" aria-selected=\"false\" data-tab=\"2\" role=\"tab\" tabindex=\"-1\" aria-controls=\"elementor-tab-content-2012\" aria-expanded=\"false\">eTWINNING<\/div>\n\t\t\t\t\t<div id=\"elementor-tab-content-2012\" class=\"elementor-tab-content elementor-clearfix\" data-tab=\"2\" role=\"tabpanel\" aria-labelledby=\"elementor-tab-title-2012\" tabindex=\"0\" hidden=\"hidden\"><p><a href=\"https:\/\/ospoljcane.si\/nova\/projekti\/etwinning\/the-final-meeting-in-vilnius\/\">The final meeting in Vilnius<\/a><\/p><p><a href=\"https:\/\/ospoljcane.si\/nova\/vilnius-antakalnis-progymnasium\/\">Vilnius Antakalnis Progymnasium, Vilnius, Lietuva <\/a><\/p><p><a href=\"https:\/\/ospoljcane.si\/nova\/projekti\/etwinning\/osnovna-sola-stari-grad-uzice-serbia\/\">Osnovna \u0161kola Stari Grad, U\u017eice, Srbija\u00a0<\/a><\/p><p><a href=\"https:\/\/ospoljcane.si\/nova\/projekti\/etwinning\/osnovna-sola-anice-cernejeve-makole\/\">Osnovna \u0161ola Anice \u010cernejeve Makole <\/a><\/p><p><a href=\"https:\/\/ospoljcane.si\/nova\/osnovna-sola-kajetana-kovica-poljcane\/\">Osnovna \u0161ola Kajetana Kovi\u010da Polj\u010dane\u00a0<\/a><\/p><\/div>\n\t\t\t\t\t\t\t\t\t<div class=\"elementor-tab-title elementor-tab-mobile-title\" aria-selected=\"false\" data-tab=\"3\" role=\"tab\" tabindex=\"-1\" aria-controls=\"elementor-tab-content-2013\" aria-expanded=\"false\">PODNEBNI CILJI IN VSEBINE VITR<\/div>\n\t\t\t\t\t<div id=\"elementor-tab-content-2013\" class=\"elementor-tab-content elementor-clearfix\" data-tab=\"3\" role=\"tabpanel\" aria-labelledby=\"elementor-tab-title-2013\" tabindex=\"0\" hidden=\"hidden\"><p><a href=\"https:\/\/ospoljcane.si\/nova\/podnebni-cilji-in-vsebine-vitr\/\">Podnebni cilji in vsebine (VITR) <\/a><\/p><p><a href=\"https:\/\/ospoljcane.si\/nova\/nadgrajevanje-ucnih-okolij-in-medgeneracijskega-prenasanja-znanja-2023-24\/\">Nadgrajevanje u\u010dnih okolij in medgeneracijskega prena\u0161anja znanja 2023\/24 <\/a><\/p><p><a href=\"https:\/\/ospoljcane.si\/nova\/predstavitev-dela-sol-v-projektu-vitr\/\">Predstavitev dela \u0161ol v projektu VITR<\/a><\/p><p><a href=\"https:\/\/ospoljcane.si\/nova\/v-vitr-u-so-nastala-mnoga-zanimiva-ucna-okolja-2\/\">V VITR-u so nastala mnoga zanimiva u\u010dna okolja\u00a0<\/a><\/p><p><a href=\"https:\/\/ospoljcane.si\/nova\/otvoritev-ucnih-okolij\/\">Otvoritev u\u010dnih okolij <\/a><\/p><p><a href=\"https:\/\/ospoljcane.si\/nova\/narava-je-najboljsa-uciteljica\/\">Narava je najbolj\u0161a u\u010diteljica\u00a0<\/a><\/p><p><a href=\"https:\/\/ospoljcane.si\/nova\/izobrazevalno-informativne-table\/\">Izobra\u017eevalno &#8211; informativne table\u00a0<\/a><\/p><p><a href=\"https:\/\/ospoljcane.si\/nova\/koticek-zive-narave-v-avli-sole\/\">Koti\u010dek \u017eive narave v avli \u0161ole\u00a0<\/a><\/p><p><a href=\"https:\/\/ospoljcane.si\/nova\/iz-starega-nastaja-novo\/\">Iz starega nastaja novo<\/a><\/p><p><a href=\"https:\/\/ospoljcane.si\/nova\/spomladansko-opazovanje-mini-gozdicka-myawakijev-gozdicek\/\">Spomladansko opazovanje mini gozdi\u010dka (Miyawakijev gozdi\u010dek)<\/a><\/p><p><a href=\"https:\/\/ospoljcane.si\/nova\/kemijska-analiza-vode-iz-reke-dravinje-in-potoka-breznica\/\">Kemijska analiza vode iz reke Dravinje in potoka Bre\u017enica<\/a><\/p><p><a href=\"https:\/\/ospoljcane.si\/nova\/onesnazevanje-in-globalno-segrevanje\/\">Onesna\u017eevanje in globalno segrevanje\u00a0<\/a><\/p><p><a href=\"https:\/\/ospoljcane.si\/nova\/v-vitr-u-so-nastala-mnoga-zanimiva-ucna-okolja\/\">Koti\u010dki v avli \u0161ole in medgeneracijsko u\u010denje\u00a0<\/a><\/p><p><a href=\"https:\/\/ospoljcane.si\/nova\/zasadili-smo-stare-sorte-sadnih-dreves-2\/\">Zasadili smo stare sorte sadnih dreves\u00a0<\/a><\/p><p><a href=\"https:\/\/ospoljcane.si\/nova\/ucenci-ucencem-o-trajnosti\/\">U\u010denci u\u010dencem o trajnosti\u00a0<\/a><\/p><p><a href=\"https:\/\/ospoljcane.si\/nova\/razmisljanje-ucencev-o-trajnosti-potuje-v-lokalno-okolje\/\">Razmi\u0161ljanje u\u010dencev o trajnosti potuje v lokalno okolje\u00a0<\/a><\/p><p><a href=\"https:\/\/ospoljcane.si\/nova\/nas-ucni-vrt\/\">Na\u0161 u\u010dni vrt <\/a><\/p><p><a href=\"https:\/\/ospoljcane.si\/nova\/skrb-za-ohranjanje-nasega-planeta\/\">Skrb za ohranjanje na\u0161ega planeta\u00a0<\/a><\/p><p><a href=\"https:\/\/ospoljcane.si\/nova\/gregorcki-iz-naravnih-plovnih-materialov\/\">Gregor\u010dki iz naravnih plovnih materialov\u00a0<\/a><\/p><p><a href=\"https:\/\/ospoljcane.si\/nova\/razstava-o-pomenu-hrane-skozi-cas\/\">Razstava o pomenu hrane skozi \u010das <\/a><\/p><p><a href=\"https:\/\/ospoljcane.si\/nova\/slovenske-tradicionalne-jedi\/\">Slovenske tradicionalne jedi\u00a0<\/a><\/p><p><a href=\"https:\/\/ospoljcane.si\/nova\/zbiralne-akcije-odpadnega-papirja\/\">Zbiralne akcije odpadnega papirja\u00a0<\/a><\/p><\/div>\n\t\t\t\t\t\t\t\t\t<div class=\"elementor-tab-title elementor-tab-mobile-title\" aria-selected=\"false\" data-tab=\"4\" role=\"tab\" tabindex=\"-1\" aria-controls=\"elementor-tab-content-2014\" aria-expanded=\"false\">POGUM<\/div>\n\t\t\t\t\t<div id=\"elementor-tab-content-2014\" class=\"elementor-tab-content elementor-clearfix\" data-tab=\"4\" role=\"tabpanel\" aria-labelledby=\"elementor-tab-title-2014\" tabindex=\"0\" hidden=\"hidden\"><p><a href=\"https:\/\/ospoljcane.si\/nova\/projekt-pogum\/\">https:\/\/ospoljcane.si\/nova\/projekt-pogum\/<\/a><\/p><\/div>\n\t\t\t\t\t\t\t\t\t<div class=\"elementor-tab-title elementor-tab-mobile-title\" aria-selected=\"false\" data-tab=\"5\" role=\"tab\" tabindex=\"-1\" aria-controls=\"elementor-tab-content-2015\" aria-expanded=\"false\">DVIG DIGITALNE KOMPETENTNOSTI<\/div>\n\t\t\t\t\t<div id=\"elementor-tab-content-2015\" class=\"elementor-tab-content elementor-clearfix\" data-tab=\"5\" role=\"tabpanel\" aria-labelledby=\"elementor-tab-title-2015\" tabindex=\"0\" hidden=\"hidden\"><p><a href=\"https:\/\/ospoljcane.si\/nova\/dvig-digitalne-kompetentnosti\/\">Dvig digitalne kompetentnosti<\/a><\/p><p>\u00a0<\/p><\/div>\n\t\t\t\t\t\t\t<\/div>\n\t\t<\/div>\n\t\t\t\t\t\t<\/div>\n\t\t\t\t<\/div>\n\t\t\t\t\t<\/div>\n\t\t<\/div>\n\t\t\t\t\t<\/div>\n\t\t<\/section>\n\t\t\t\t<\/div>\n\t\t","protected":false},"excerpt":{"rendered":"<p>Arhiv projektov ERASMUS + eTWINNING PODNEBNI CILJI IN VSEBINE VITR POGUM DVIG DIGITALNE KOMPETENTNOSTI ERASMUS + Dogodki Erasmus+ Erasmus+ (English) eTWINNING The final meeting in &hellip; <\/p>\n","protected":false},"author":6,"featured_media":0,"parent":0,"menu_order":0,"comment_status":"closed","ping_status":"closed","template":"","meta":{"footnotes":""},"class_list":["post-17184","page","type-page","status-publish","hentry","image-hover-transition-effect","latest_post"],"yoast_head":"<!-- This site is optimized with the Yoast SEO plugin v27.4 - https:\/\/yoast.com\/product\/yoast-seo-wordpress\/ -->\n<title>Arhiv - Osnovna \u0161ola Kajetana Kovi\u010da Polj\u010dane<\/title>\n<meta name=\"robots\" content=\"index, follow, max-snippet:-1, max-image-preview:large, max-video-preview:-1\" \/>\n<link rel=\"canonical\" href=\"https:\/\/ospoljcane.si\/nova\/arhiv\/\" \/>\n<meta property=\"og:locale\" content=\"sl_SI\" \/>\n<meta property=\"og:type\" content=\"article\" \/>\n<meta property=\"og:title\" content=\"Arhiv - Osnovna \u0161ola Kajetana Kovi\u010da Polj\u010dane\" \/>\n<meta property=\"og:description\" content=\"Arhiv projektov ERASMUS + eTWINNING PODNEBNI CILJI IN VSEBINE VITR POGUM DVIG DIGITALNE KOMPETENTNOSTI ERASMUS + Dogodki Erasmus+ Erasmus+ (English) eTWINNING The final meeting in &hellip;\" \/>\n<meta property=\"og:url\" content=\"https:\/\/ospoljcane.si\/nova\/arhiv\/\" \/>\n<meta property=\"og:site_name\" content=\"Osnovna \u0161ola Kajetana Kovi\u010da Polj\u010dane\" \/>\n<meta property=\"article:modified_time\" content=\"2025-09-04T09:15:15+00:00\" \/>\n<meta name=\"twitter:card\" content=\"summary_large_image\" \/>\n<meta name=\"twitter:label1\" content=\"Est. reading time\" \/>\n\t<meta name=\"twitter:data1\" content=\"3 minute\" \/>\n<script type=\"application\/ld+json\" class=\"yoast-schema-graph\">{\"@context\":\"https:\\\/\\\/schema.org\",\"@graph\":[{\"@type\":\"WebPage\",\"@id\":\"https:\\\/\\\/ospoljcane.si\\\/nova\\\/arhiv\\\/\",\"url\":\"https:\\\/\\\/ospoljcane.si\\\/nova\\\/arhiv\\\/\",\"name\":\"Arhiv - Osnovna \u0161ola Kajetana Kovi\u010da Polj\u010dane\",\"isPartOf\":{\"@id\":\"https:\\\/\\\/ospoljcane.si\\\/nova\\\/#website\"},\"datePublished\":\"2024-01-09T09:56:54+00:00\",\"dateModified\":\"2025-09-04T09:15:15+00:00\",\"breadcrumb\":{\"@id\":\"https:\\\/\\\/ospoljcane.si\\\/nova\\\/arhiv\\\/#breadcrumb\"},\"inLanguage\":\"sl-SI\",\"potentialAction\":[{\"@type\":\"ReadAction\",\"target\":[\"https:\\\/\\\/ospoljcane.si\\\/nova\\\/arhiv\\\/\"]}]},{\"@type\":\"BreadcrumbList\",\"@id\":\"https:\\\/\\\/ospoljcane.si\\\/nova\\\/arhiv\\\/#breadcrumb\",\"itemListElement\":[{\"@type\":\"ListItem\",\"position\":1,\"name\":\"Domov\",\"item\":\"https:\\\/\\\/ospoljcane.si\\\/nova\\\/\"},{\"@type\":\"ListItem\",\"position\":2,\"name\":\"Arhiv\"}]},{\"@type\":\"WebSite\",\"@id\":\"https:\\\/\\\/ospoljcane.si\\\/nova\\\/#website\",\"url\":\"https:\\\/\\\/ospoljcane.si\\\/nova\\\/\",\"name\":\"Osnovna \u0161ola Kajetana Kovi\u010da Polj\u010dane\",\"description\":\"\",\"publisher\":{\"@id\":\"https:\\\/\\\/ospoljcane.si\\\/nova\\\/#organization\"},\"potentialAction\":[{\"@type\":\"SearchAction\",\"target\":{\"@type\":\"EntryPoint\",\"urlTemplate\":\"https:\\\/\\\/ospoljcane.si\\\/nova\\\/?s={search_term_string}\"},\"query-input\":{\"@type\":\"PropertyValueSpecification\",\"valueRequired\":true,\"valueName\":\"search_term_string\"}}],\"inLanguage\":\"sl-SI\"},{\"@type\":\"Organization\",\"@id\":\"https:\\\/\\\/ospoljcane.si\\\/nova\\\/#organization\",\"name\":\"Osnovna \u0161ola Kajetana Kovi\u010da Polj\u010dane\",\"url\":\"https:\\\/\\\/ospoljcane.si\\\/nova\\\/\",\"logo\":{\"@type\":\"ImageObject\",\"inLanguage\":\"sl-SI\",\"@id\":\"https:\\\/\\\/ospoljcane.si\\\/nova\\\/#\\\/schema\\\/logo\\\/image\\\/\",\"url\":\"https:\\\/\\\/ospoljcane.si\\\/nova\\\/wp-content\\\/uploads\\\/2020\\\/12\\\/cropped-cropped-Logotip-sole-2016_3G-1-1.png\",\"contentUrl\":\"https:\\\/\\\/ospoljcane.si\\\/nova\\\/wp-content\\\/uploads\\\/2020\\\/12\\\/cropped-cropped-Logotip-sole-2016_3G-1-1.png\",\"width\":512,\"height\":512,\"caption\":\"Osnovna \u0161ola Kajetana Kovi\u010da Polj\u010dane\"},\"image\":{\"@id\":\"https:\\\/\\\/ospoljcane.si\\\/nova\\\/#\\\/schema\\\/logo\\\/image\\\/\"}}]}<\/script>\n<!-- \/ Yoast SEO plugin. -->","yoast_head_json":{"title":"Arhiv - Osnovna \u0161ola Kajetana Kovi\u010da Polj\u010dane","robots":{"index":"index","follow":"follow","max-snippet":"max-snippet:-1","max-image-preview":"max-image-preview:large","max-video-preview":"max-video-preview:-1"},"canonical":"https:\/\/ospoljcane.si\/nova\/arhiv\/","og_locale":"sl_SI","og_type":"article","og_title":"Arhiv - Osnovna \u0161ola Kajetana Kovi\u010da Polj\u010dane","og_description":"Arhiv projektov ERASMUS + eTWINNING PODNEBNI CILJI IN VSEBINE VITR POGUM DVIG DIGITALNE KOMPETENTNOSTI ERASMUS + Dogodki Erasmus+ Erasmus+ (English) eTWINNING The final meeting in &hellip;","og_url":"https:\/\/ospoljcane.si\/nova\/arhiv\/","og_site_name":"Osnovna \u0161ola Kajetana Kovi\u010da Polj\u010dane","article_modified_time":"2025-09-04T09:15:15+00:00","twitter_card":"summary_large_image","twitter_misc":{"Est. reading time":"3 minute"},"schema":{"@context":"https:\/\/schema.org","@graph":[{"@type":"WebPage","@id":"https:\/\/ospoljcane.si\/nova\/arhiv\/","url":"https:\/\/ospoljcane.si\/nova\/arhiv\/","name":"Arhiv - Osnovna \u0161ola Kajetana Kovi\u010da Polj\u010dane","isPartOf":{"@id":"https:\/\/ospoljcane.si\/nova\/#website"},"datePublished":"2024-01-09T09:56:54+00:00","dateModified":"2025-09-04T09:15:15+00:00","breadcrumb":{"@id":"https:\/\/ospoljcane.si\/nova\/arhiv\/#breadcrumb"},"inLanguage":"sl-SI","potentialAction":[{"@type":"ReadAction","target":["https:\/\/ospoljcane.si\/nova\/arhiv\/"]}]},{"@type":"BreadcrumbList","@id":"https:\/\/ospoljcane.si\/nova\/arhiv\/#breadcrumb","itemListElement":[{"@type":"ListItem","position":1,"name":"Domov","item":"https:\/\/ospoljcane.si\/nova\/"},{"@type":"ListItem","position":2,"name":"Arhiv"}]},{"@type":"WebSite","@id":"https:\/\/ospoljcane.si\/nova\/#website","url":"https:\/\/ospoljcane.si\/nova\/","name":"Osnovna \u0161ola Kajetana Kovi\u010da Polj\u010dane","description":"","publisher":{"@id":"https:\/\/ospoljcane.si\/nova\/#organization"},"potentialAction":[{"@type":"SearchAction","target":{"@type":"EntryPoint","urlTemplate":"https:\/\/ospoljcane.si\/nova\/?s={search_term_string}"},"query-input":{"@type":"PropertyValueSpecification","valueRequired":true,"valueName":"search_term_string"}}],"inLanguage":"sl-SI"},{"@type":"Organization","@id":"https:\/\/ospoljcane.si\/nova\/#organization","name":"Osnovna \u0161ola Kajetana Kovi\u010da Polj\u010dane","url":"https:\/\/ospoljcane.si\/nova\/","logo":{"@type":"ImageObject","inLanguage":"sl-SI","@id":"https:\/\/ospoljcane.si\/nova\/#\/schema\/logo\/image\/","url":"https:\/\/ospoljcane.si\/nova\/wp-content\/uploads\/2020\/12\/cropped-cropped-Logotip-sole-2016_3G-1-1.png","contentUrl":"https:\/\/ospoljcane.si\/nova\/wp-content\/uploads\/2020\/12\/cropped-cropped-Logotip-sole-2016_3G-1-1.png","width":512,"height":512,"caption":"Osnovna \u0161ola Kajetana Kovi\u010da Polj\u010dane"},"image":{"@id":"https:\/\/ospoljcane.si\/nova\/#\/schema\/logo\/image\/"}}]}},"_links":{"self":[{"href":"https:\/\/ospoljcane.si\/nova\/wp-json\/wp\/v2\/pages\/17184","targetHints":{"allow":["GET"]}}],"collection":[{"href":"https:\/\/ospoljcane.si\/nova\/wp-json\/wp\/v2\/pages"}],"about":[{"href":"https:\/\/ospoljcane.si\/nova\/wp-json\/wp\/v2\/types\/page"}],"author":[{"embeddable":true,"href":"https:\/\/ospoljcane.si\/nova\/wp-json\/wp\/v2\/users\/6"}],"replies":[{"embeddable":true,"href":"https:\/\/ospoljcane.si\/nova\/wp-json\/wp\/v2\/comments?post=17184"}],"version-history":[{"count":9,"href":"https:\/\/ospoljcane.si\/nova\/wp-json\/wp\/v2\/pages\/17184\/revisions"}],"predecessor-version":[{"id":22402,"href":"https:\/\/ospoljcane.si\/nova\/wp-json\/wp\/v2\/pages\/17184\/revisions\/22402"}],"wp:attachment":[{"href":"https:\/\/ospoljcane.si\/nova\/wp-json\/wp\/v2\/media?parent=17184"}],"curies":[{"name":"wp","href":"https:\/\/api.w.org\/{rel}","templated":true}]}}