{"id":17135,"date":"2024-01-07T17:58:58","date_gmt":"2024-01-07T16:58:58","guid":{"rendered":"https:\/\/ospoljcane.si\/nova\/?page_id=17135"},"modified":"2024-01-07T18:06:13","modified_gmt":"2024-01-07T17:06:13","slug":"novice-2","status":"publish","type":"page","link":"https:\/\/ospoljcane.si\/nova\/novice-2\/","title":{"rendered":"Novice"},"content":{"rendered":"\t\t<div data-elementor-type=\"wp-page\" data-elementor-id=\"17135\" class=\"elementor elementor-17135\" data-elementor-post-type=\"page\">\n\t\t\t\t\t\t<section class=\"elementor-section elementor-top-section elementor-element elementor-element-6642dcf elementor-section-boxed elementor-section-height-default elementor-section-height-default\" data-id=\"6642dcf\" data-element_type=\"section\" data-e-type=\"section\">\n\t\t\t\t\t\t<div class=\"elementor-container elementor-column-gap-default\">\n\t\t\t\t\t<div class=\"elementor-column elementor-col-100 elementor-top-column elementor-element elementor-element-7568971\" data-id=\"7568971\" data-element_type=\"column\" data-e-type=\"column\">\n\t\t\t<div class=\"elementor-widget-wrap elementor-element-populated\">\n\t\t\t\t\t\t<div class=\"elementor-element elementor-element-371f9fb elementor-widget elementor-widget-text-editor\" data-id=\"371f9fb\" data-element_type=\"widget\" data-e-type=\"widget\" data-widget_type=\"text-editor.default\">\n\t\t\t\t<div class=\"elementor-widget-container\">\n\t\t\t\t\t\t\t\t\t<ul><li><strong><span style=\"color: #cc99ff;\">PRAZNI\u010cNI DECEMBER V \u0160OLSKI KNJI\u017dNICI<\/span><\/strong><\/li><\/ul><p>\u00a0<\/p><p>Prazni\u010dni december se je za\u010del s prazni\u010dno knji\u017eno tr\u017enico, ki je potekala isto\u010dasno kot sejem izdelkov u\u010dencev. Tam so lahko obiskovalci izmenjali knjige, jih samo vzeli ali podarili svoje. Nato pa se je prazni\u010dni duh preselil v \u0161olsko knji\u017enico. Prvi teden so se u\u010denci spopadli v knji\u017eni\u010dnem bingu, v drugem tednu so re\u0161evali knji\u017ene uganke, v tretjem tednu pa so se spremenili v knji\u017eni\u010dne detektive. Vsak teden smo iz\u017erebali\u00a0 prejemnika sladkega presene\u010denja.<\/p>\t\t\t\t\t\t\t\t<\/div>\n\t\t\t\t<\/div>\n\t\t\t\t\t<\/div>\n\t\t<\/div>\n\t\t\t\t\t<\/div>\n\t\t<\/section>\n\t\t\t\t<section class=\"elementor-section elementor-top-section elementor-element elementor-element-bf6228e elementor-section-boxed elementor-section-height-default elementor-section-height-default\" data-id=\"bf6228e\" data-element_type=\"section\" data-e-type=\"section\">\n\t\t\t\t\t\t<div class=\"elementor-container elementor-column-gap-default\">\n\t\t\t\t\t<div class=\"elementor-column elementor-col-50 elementor-top-column elementor-element elementor-element-4091f6e\" data-id=\"4091f6e\" data-element_type=\"column\" data-e-type=\"column\">\n\t\t\t<div class=\"elementor-widget-wrap elementor-element-populated\">\n\t\t\t\t\t\t<div class=\"elementor-element elementor-element-df71506 elementor-widget elementor-widget-image\" data-id=\"df71506\" data-element_type=\"widget\" data-e-type=\"widget\" data-widget_type=\"image.default\">\n\t\t\t\t<div class=\"elementor-widget-container\">\n\t\t\t\t\t\t\t\t\t\t\t\t\t\t\t<img fetchpriority=\"high\" decoding=\"async\" width=\"638\" height=\"425\" src=\"https:\/\/ospoljcane.si\/nova\/wp-content\/uploads\/2024\/01\/knjiz-1.jpg\" class=\"attachment-large size-large wp-image-17138\" alt=\"\" srcset=\"https:\/\/ospoljcane.si\/nova\/wp-content\/uploads\/2024\/01\/knjiz-1.jpg 638w, https:\/\/ospoljcane.si\/nova\/wp-content\/uploads\/2024\/01\/knjiz-1-300x200.jpg 300w\" sizes=\"(max-width: 638px) 100vw, 638px\" \/>\t\t\t\t\t\t\t\t\t\t\t\t\t\t\t<\/div>\n\t\t\t\t<\/div>\n\t\t\t\t\t<\/div>\n\t\t<\/div>\n\t\t\t\t<div class=\"elementor-column elementor-col-50 elementor-top-column elementor-element elementor-element-13a3701\" data-id=\"13a3701\" data-element_type=\"column\" data-e-type=\"column\">\n\t\t\t<div class=\"elementor-widget-wrap elementor-element-populated\">\n\t\t\t\t\t\t<div class=\"elementor-element elementor-element-8be2a4a elementor-widget elementor-widget-image\" data-id=\"8be2a4a\" data-element_type=\"widget\" data-e-type=\"widget\" data-widget_type=\"image.default\">\n\t\t\t\t<div class=\"elementor-widget-container\">\n\t\t\t\t\t\t\t\t\t\t\t\t\t\t\t<img decoding=\"async\" width=\"784\" height=\"522\" src=\"https:\/\/ospoljcane.si\/nova\/wp-content\/uploads\/2024\/01\/knjiz-2.jpg\" class=\"attachment-large size-large wp-image-17139\" alt=\"\" srcset=\"https:\/\/ospoljcane.si\/nova\/wp-content\/uploads\/2024\/01\/knjiz-2.jpg 784w, https:\/\/ospoljcane.si\/nova\/wp-content\/uploads\/2024\/01\/knjiz-2-300x200.jpg 300w, https:\/\/ospoljcane.si\/nova\/wp-content\/uploads\/2024\/01\/knjiz-2-768x511.jpg 768w\" sizes=\"(max-width: 784px) 100vw, 784px\" \/>\t\t\t\t\t\t\t\t\t\t\t\t\t\t\t<\/div>\n\t\t\t\t<\/div>\n\t\t\t\t\t<\/div>\n\t\t<\/div>\n\t\t\t\t\t<\/div>\n\t\t<\/section>\n\t\t\t\t<section class=\"elementor-section elementor-top-section elementor-element elementor-element-0d40858 elementor-section-boxed elementor-section-height-default elementor-section-height-default\" data-id=\"0d40858\" data-element_type=\"section\" data-e-type=\"section\">\n\t\t\t\t\t\t<div class=\"elementor-container elementor-column-gap-default\">\n\t\t\t\t\t<div class=\"elementor-column elementor-col-100 elementor-top-column elementor-element elementor-element-871a0bd\" data-id=\"871a0bd\" data-element_type=\"column\" data-e-type=\"column\">\n\t\t\t<div class=\"elementor-widget-wrap elementor-element-populated\">\n\t\t\t\t\t\t<div class=\"elementor-element elementor-element-b10fa07 elementor-widget elementor-widget-text-editor\" data-id=\"b10fa07\" data-element_type=\"widget\" data-e-type=\"widget\" data-widget_type=\"text-editor.default\">\n\t\t\t\t<div class=\"elementor-widget-container\">\n\t\t\t\t\t\t\t\t\t<ul><li><p><span style=\"color: #cc99ff;\"><strong>NACIONALNA IZMENJAVA KNJI\u017dNIH KAZALK 2023\/2024<\/strong><\/span><\/p><\/li><\/ul><p>Na\u0161a \u0161ola se je tudi v tem \u0161olskem letu udele\u017eila projekta nacionalne izmenjave knji\u017enih kazalk, ki jo organizira Sekcija za \u0161olske knji\u017enice pri Zvezi bibliotekarskih dru\u0161tev Slovenije. Projekt je namenjen povezovanju \u0161ol, \u0161olskih knji\u017enic in u\u010dencev ter spodbujanju ustvarjalnosti in branja.<\/p><p>V oktobru je bilo znano ime partnerske \u0161ole za izmenjavo kazalk, in sicer je bila to Osnovna \u0161ola Leskovec pri Kr\u0161kem &#8211; Podru\u017eni\u010dna \u0161ola Veliki Podlog. V projektu so sodelovali u\u010denci 5. razredov na\u0161e \u0161ole ter u\u010denci 3. in 4. razredov Podru\u017eni\u010dne \u0161ole Veliki Podlog.<\/p><p>Knji\u017ene kazalke so si u\u010denci izmenjali v prazni\u010dnem mesecu decembru.<\/p>\t\t\t\t\t\t\t\t<\/div>\n\t\t\t\t<\/div>\n\t\t\t\t\t<\/div>\n\t\t<\/div>\n\t\t\t\t\t<\/div>\n\t\t<\/section>\n\t\t\t\t<section class=\"elementor-section elementor-top-section elementor-element elementor-element-aed89a6 elementor-section-boxed elementor-section-height-default elementor-section-height-default\" data-id=\"aed89a6\" data-element_type=\"section\" data-e-type=\"section\">\n\t\t\t\t\t\t<div class=\"elementor-container elementor-column-gap-default\">\n\t\t\t\t\t<div class=\"elementor-column elementor-col-50 elementor-top-column elementor-element elementor-element-2ca808e\" data-id=\"2ca808e\" data-element_type=\"column\" data-e-type=\"column\">\n\t\t\t<div class=\"elementor-widget-wrap elementor-element-populated\">\n\t\t\t\t\t\t<div class=\"elementor-element elementor-element-75a0888 elementor-widget elementor-widget-image\" data-id=\"75a0888\" data-element_type=\"widget\" data-e-type=\"widget\" data-widget_type=\"image.default\">\n\t\t\t\t<div class=\"elementor-widget-container\">\n\t\t\t\t\t\t\t\t\t\t\t\t<figure class=\"wp-caption\">\n\t\t\t\t\t\t\t\t\t\t<img decoding=\"async\" width=\"487\" height=\"407\" src=\"https:\/\/ospoljcane.si\/nova\/wp-content\/uploads\/2024\/01\/knjizne-kazalke.jpg\" class=\"attachment-large size-large wp-image-17141\" alt=\"\" srcset=\"https:\/\/ospoljcane.si\/nova\/wp-content\/uploads\/2024\/01\/knjizne-kazalke.jpg 487w, https:\/\/ospoljcane.si\/nova\/wp-content\/uploads\/2024\/01\/knjizne-kazalke-300x251.jpg 300w\" sizes=\"(max-width: 487px) 100vw, 487px\" \/>\t\t\t\t\t\t\t\t\t\t\t<figcaption class=\"widget-image-caption wp-caption-text\">   Knji\u017ene kazalke PO\u0160 Veliki Podlog<\/figcaption>\n\t\t\t\t\t\t\t\t\t\t<\/figure>\n\t\t\t\t\t\t\t\t\t<\/div>\n\t\t\t\t<\/div>\n\t\t\t\t\t<\/div>\n\t\t<\/div>\n\t\t\t\t<div class=\"elementor-column elementor-col-50 elementor-top-column elementor-element elementor-element-4d4b7c2\" data-id=\"4d4b7c2\" data-element_type=\"column\" data-e-type=\"column\">\n\t\t\t<div class=\"elementor-widget-wrap elementor-element-populated\">\n\t\t\t\t\t\t<div class=\"elementor-element elementor-element-752b4a5 elementor-widget elementor-widget-image\" data-id=\"752b4a5\" data-element_type=\"widget\" data-e-type=\"widget\" data-widget_type=\"image.default\">\n\t\t\t\t<div class=\"elementor-widget-container\">\n\t\t\t\t\t\t\t\t\t\t\t\t<figure class=\"wp-caption\">\n\t\t\t\t\t\t\t\t\t\t<img loading=\"lazy\" decoding=\"async\" width=\"836\" height=\"409\" src=\"https:\/\/ospoljcane.si\/nova\/wp-content\/uploads\/2024\/01\/knjizne-kazalke-1.jpg\" class=\"attachment-large size-large wp-image-17140\" alt=\"\" srcset=\"https:\/\/ospoljcane.si\/nova\/wp-content\/uploads\/2024\/01\/knjizne-kazalke-1.jpg 836w, https:\/\/ospoljcane.si\/nova\/wp-content\/uploads\/2024\/01\/knjizne-kazalke-1-300x147.jpg 300w, https:\/\/ospoljcane.si\/nova\/wp-content\/uploads\/2024\/01\/knjizne-kazalke-1-768x376.jpg 768w\" sizes=\"(max-width: 836px) 100vw, 836px\" \/>\t\t\t\t\t\t\t\t\t\t\t<figcaption class=\"widget-image-caption wp-caption-text\">Knji\u017ene kazalke O\u0160 Kajetana Kovi\u010da Polj\u010dane<\/figcaption>\n\t\t\t\t\t\t\t\t\t\t<\/figure>\n\t\t\t\t\t\t\t\t\t<\/div>\n\t\t\t\t<\/div>\n\t\t\t\t\t<\/div>\n\t\t<\/div>\n\t\t\t\t\t<\/div>\n\t\t<\/section>\n\t\t\t\t<\/div>\n\t\t","protected":false},"excerpt":{"rendered":"<p>PRAZNI\u010cNI DECEMBER V \u0160OLSKI KNJI\u017dNICI \u00a0 Prazni\u010dni december se je za\u010del s prazni\u010dno knji\u017eno tr\u017enico, ki je potekala isto\u010dasno kot sejem izdelkov u\u010dencev. Tam so &hellip; <\/p>\n","protected":false},"author":6,"featured_media":0,"parent":0,"menu_order":0,"comment_status":"closed","ping_status":"closed","template":"","meta":{"footnotes":""},"class_list":["post-17135","page","type-page","status-publish","hentry","image-hover-transition-effect","latest_post"],"yoast_head":"<!-- This site is optimized with the Yoast SEO plugin v27.4 - https:\/\/yoast.com\/product\/yoast-seo-wordpress\/ -->\n<title>Novice - Osnovna \u0161ola Kajetana Kovi\u010da Polj\u010dane<\/title>\n<meta name=\"robots\" content=\"index, follow, max-snippet:-1, max-image-preview:large, max-video-preview:-1\" \/>\n<link rel=\"canonical\" href=\"https:\/\/ospoljcane.si\/nova\/novice-2\/\" \/>\n<meta property=\"og:locale\" content=\"sl_SI\" \/>\n<meta property=\"og:type\" content=\"article\" \/>\n<meta property=\"og:title\" content=\"Novice - Osnovna \u0161ola Kajetana Kovi\u010da Polj\u010dane\" \/>\n<meta property=\"og:description\" content=\"PRAZNI\u010cNI DECEMBER V \u0160OLSKI KNJI\u017dNICI \u00a0 Prazni\u010dni december se je za\u010del s prazni\u010dno knji\u017eno tr\u017enico, ki je potekala isto\u010dasno kot sejem izdelkov u\u010dencev. Tam so &hellip;\" \/>\n<meta property=\"og:url\" content=\"https:\/\/ospoljcane.si\/nova\/novice-2\/\" \/>\n<meta property=\"og:site_name\" content=\"Osnovna \u0161ola Kajetana Kovi\u010da Polj\u010dane\" \/>\n<meta property=\"article:modified_time\" content=\"2024-01-07T17:06:13+00:00\" \/>\n<meta property=\"og:image\" content=\"https:\/\/ospoljcane.si\/nova\/wp-content\/uploads\/2024\/01\/knjiz-1.jpg\" \/>\n<meta name=\"twitter:card\" content=\"summary_large_image\" \/>\n<meta name=\"twitter:label1\" content=\"Est. reading time\" \/>\n\t<meta name=\"twitter:data1\" content=\"2 minuti\" \/>\n<script type=\"application\/ld+json\" class=\"yoast-schema-graph\">{\"@context\":\"https:\\\/\\\/schema.org\",\"@graph\":[{\"@type\":\"WebPage\",\"@id\":\"https:\\\/\\\/ospoljcane.si\\\/nova\\\/novice-2\\\/\",\"url\":\"https:\\\/\\\/ospoljcane.si\\\/nova\\\/novice-2\\\/\",\"name\":\"Novice - Osnovna \u0161ola Kajetana Kovi\u010da Polj\u010dane\",\"isPartOf\":{\"@id\":\"https:\\\/\\\/ospoljcane.si\\\/nova\\\/#website\"},\"primaryImageOfPage\":{\"@id\":\"https:\\\/\\\/ospoljcane.si\\\/nova\\\/novice-2\\\/#primaryimage\"},\"image\":{\"@id\":\"https:\\\/\\\/ospoljcane.si\\\/nova\\\/novice-2\\\/#primaryimage\"},\"thumbnailUrl\":\"https:\\\/\\\/ospoljcane.si\\\/nova\\\/wp-content\\\/uploads\\\/2024\\\/01\\\/knjiz-1.jpg\",\"datePublished\":\"2024-01-07T16:58:58+00:00\",\"dateModified\":\"2024-01-07T17:06:13+00:00\",\"breadcrumb\":{\"@id\":\"https:\\\/\\\/ospoljcane.si\\\/nova\\\/novice-2\\\/#breadcrumb\"},\"inLanguage\":\"sl-SI\",\"potentialAction\":[{\"@type\":\"ReadAction\",\"target\":[\"https:\\\/\\\/ospoljcane.si\\\/nova\\\/novice-2\\\/\"]}]},{\"@type\":\"ImageObject\",\"inLanguage\":\"sl-SI\",\"@id\":\"https:\\\/\\\/ospoljcane.si\\\/nova\\\/novice-2\\\/#primaryimage\",\"url\":\"https:\\\/\\\/ospoljcane.si\\\/nova\\\/wp-content\\\/uploads\\\/2024\\\/01\\\/knjiz-1.jpg\",\"contentUrl\":\"https:\\\/\\\/ospoljcane.si\\\/nova\\\/wp-content\\\/uploads\\\/2024\\\/01\\\/knjiz-1.jpg\",\"width\":638,\"height\":425},{\"@type\":\"BreadcrumbList\",\"@id\":\"https:\\\/\\\/ospoljcane.si\\\/nova\\\/novice-2\\\/#breadcrumb\",\"itemListElement\":[{\"@type\":\"ListItem\",\"position\":1,\"name\":\"Domov\",\"item\":\"https:\\\/\\\/ospoljcane.si\\\/nova\\\/\"},{\"@type\":\"ListItem\",\"position\":2,\"name\":\"Novice\"}]},{\"@type\":\"WebSite\",\"@id\":\"https:\\\/\\\/ospoljcane.si\\\/nova\\\/#website\",\"url\":\"https:\\\/\\\/ospoljcane.si\\\/nova\\\/\",\"name\":\"Osnovna \u0161ola Kajetana Kovi\u010da Polj\u010dane\",\"description\":\"\",\"publisher\":{\"@id\":\"https:\\\/\\\/ospoljcane.si\\\/nova\\\/#organization\"},\"potentialAction\":[{\"@type\":\"SearchAction\",\"target\":{\"@type\":\"EntryPoint\",\"urlTemplate\":\"https:\\\/\\\/ospoljcane.si\\\/nova\\\/?s={search_term_string}\"},\"query-input\":{\"@type\":\"PropertyValueSpecification\",\"valueRequired\":true,\"valueName\":\"search_term_string\"}}],\"inLanguage\":\"sl-SI\"},{\"@type\":\"Organization\",\"@id\":\"https:\\\/\\\/ospoljcane.si\\\/nova\\\/#organization\",\"name\":\"Osnovna \u0161ola Kajetana Kovi\u010da Polj\u010dane\",\"url\":\"https:\\\/\\\/ospoljcane.si\\\/nova\\\/\",\"logo\":{\"@type\":\"ImageObject\",\"inLanguage\":\"sl-SI\",\"@id\":\"https:\\\/\\\/ospoljcane.si\\\/nova\\\/#\\\/schema\\\/logo\\\/image\\\/\",\"url\":\"https:\\\/\\\/ospoljcane.si\\\/nova\\\/wp-content\\\/uploads\\\/2020\\\/12\\\/cropped-cropped-Logotip-sole-2016_3G-1-1.png\",\"contentUrl\":\"https:\\\/\\\/ospoljcane.si\\\/nova\\\/wp-content\\\/uploads\\\/2020\\\/12\\\/cropped-cropped-Logotip-sole-2016_3G-1-1.png\",\"width\":512,\"height\":512,\"caption\":\"Osnovna \u0161ola Kajetana Kovi\u010da Polj\u010dane\"},\"image\":{\"@id\":\"https:\\\/\\\/ospoljcane.si\\\/nova\\\/#\\\/schema\\\/logo\\\/image\\\/\"}}]}<\/script>\n<!-- \/ Yoast SEO plugin. -->","yoast_head_json":{"title":"Novice - Osnovna \u0161ola Kajetana Kovi\u010da Polj\u010dane","robots":{"index":"index","follow":"follow","max-snippet":"max-snippet:-1","max-image-preview":"max-image-preview:large","max-video-preview":"max-video-preview:-1"},"canonical":"https:\/\/ospoljcane.si\/nova\/novice-2\/","og_locale":"sl_SI","og_type":"article","og_title":"Novice - Osnovna \u0161ola Kajetana Kovi\u010da Polj\u010dane","og_description":"PRAZNI\u010cNI DECEMBER V \u0160OLSKI KNJI\u017dNICI \u00a0 Prazni\u010dni december se je za\u010del s prazni\u010dno knji\u017eno tr\u017enico, ki je potekala isto\u010dasno kot sejem izdelkov u\u010dencev. Tam so &hellip;","og_url":"https:\/\/ospoljcane.si\/nova\/novice-2\/","og_site_name":"Osnovna \u0161ola Kajetana Kovi\u010da Polj\u010dane","article_modified_time":"2024-01-07T17:06:13+00:00","og_image":[{"url":"https:\/\/ospoljcane.si\/nova\/wp-content\/uploads\/2024\/01\/knjiz-1.jpg","type":"","width":"","height":""}],"twitter_card":"summary_large_image","twitter_misc":{"Est. reading time":"2 minuti"},"schema":{"@context":"https:\/\/schema.org","@graph":[{"@type":"WebPage","@id":"https:\/\/ospoljcane.si\/nova\/novice-2\/","url":"https:\/\/ospoljcane.si\/nova\/novice-2\/","name":"Novice - Osnovna \u0161ola Kajetana Kovi\u010da Polj\u010dane","isPartOf":{"@id":"https:\/\/ospoljcane.si\/nova\/#website"},"primaryImageOfPage":{"@id":"https:\/\/ospoljcane.si\/nova\/novice-2\/#primaryimage"},"image":{"@id":"https:\/\/ospoljcane.si\/nova\/novice-2\/#primaryimage"},"thumbnailUrl":"https:\/\/ospoljcane.si\/nova\/wp-content\/uploads\/2024\/01\/knjiz-1.jpg","datePublished":"2024-01-07T16:58:58+00:00","dateModified":"2024-01-07T17:06:13+00:00","breadcrumb":{"@id":"https:\/\/ospoljcane.si\/nova\/novice-2\/#breadcrumb"},"inLanguage":"sl-SI","potentialAction":[{"@type":"ReadAction","target":["https:\/\/ospoljcane.si\/nova\/novice-2\/"]}]},{"@type":"ImageObject","inLanguage":"sl-SI","@id":"https:\/\/ospoljcane.si\/nova\/novice-2\/#primaryimage","url":"https:\/\/ospoljcane.si\/nova\/wp-content\/uploads\/2024\/01\/knjiz-1.jpg","contentUrl":"https:\/\/ospoljcane.si\/nova\/wp-content\/uploads\/2024\/01\/knjiz-1.jpg","width":638,"height":425},{"@type":"BreadcrumbList","@id":"https:\/\/ospoljcane.si\/nova\/novice-2\/#breadcrumb","itemListElement":[{"@type":"ListItem","position":1,"name":"Domov","item":"https:\/\/ospoljcane.si\/nova\/"},{"@type":"ListItem","position":2,"name":"Novice"}]},{"@type":"WebSite","@id":"https:\/\/ospoljcane.si\/nova\/#website","url":"https:\/\/ospoljcane.si\/nova\/","name":"Osnovna \u0161ola Kajetana Kovi\u010da Polj\u010dane","description":"","publisher":{"@id":"https:\/\/ospoljcane.si\/nova\/#organization"},"potentialAction":[{"@type":"SearchAction","target":{"@type":"EntryPoint","urlTemplate":"https:\/\/ospoljcane.si\/nova\/?s={search_term_string}"},"query-input":{"@type":"PropertyValueSpecification","valueRequired":true,"valueName":"search_term_string"}}],"inLanguage":"sl-SI"},{"@type":"Organization","@id":"https:\/\/ospoljcane.si\/nova\/#organization","name":"Osnovna \u0161ola Kajetana Kovi\u010da Polj\u010dane","url":"https:\/\/ospoljcane.si\/nova\/","logo":{"@type":"ImageObject","inLanguage":"sl-SI","@id":"https:\/\/ospoljcane.si\/nova\/#\/schema\/logo\/image\/","url":"https:\/\/ospoljcane.si\/nova\/wp-content\/uploads\/2020\/12\/cropped-cropped-Logotip-sole-2016_3G-1-1.png","contentUrl":"https:\/\/ospoljcane.si\/nova\/wp-content\/uploads\/2020\/12\/cropped-cropped-Logotip-sole-2016_3G-1-1.png","width":512,"height":512,"caption":"Osnovna \u0161ola Kajetana Kovi\u010da Polj\u010dane"},"image":{"@id":"https:\/\/ospoljcane.si\/nova\/#\/schema\/logo\/image\/"}}]}},"_links":{"self":[{"href":"https:\/\/ospoljcane.si\/nova\/wp-json\/wp\/v2\/pages\/17135","targetHints":{"allow":["GET"]}}],"collection":[{"href":"https:\/\/ospoljcane.si\/nova\/wp-json\/wp\/v2\/pages"}],"about":[{"href":"https:\/\/ospoljcane.si\/nova\/wp-json\/wp\/v2\/types\/page"}],"author":[{"embeddable":true,"href":"https:\/\/ospoljcane.si\/nova\/wp-json\/wp\/v2\/users\/6"}],"replies":[{"embeddable":true,"href":"https:\/\/ospoljcane.si\/nova\/wp-json\/wp\/v2\/comments?post=17135"}],"version-history":[{"count":4,"href":"https:\/\/ospoljcane.si\/nova\/wp-json\/wp\/v2\/pages\/17135\/revisions"}],"predecessor-version":[{"id":17145,"href":"https:\/\/ospoljcane.si\/nova\/wp-json\/wp\/v2\/pages\/17135\/revisions\/17145"}],"wp:attachment":[{"href":"https:\/\/ospoljcane.si\/nova\/wp-json\/wp\/v2\/media?parent=17135"}],"curies":[{"name":"wp","href":"https:\/\/api.w.org\/{rel}","templated":true}]}}