{"id":170,"date":"2020-11-13T16:09:41","date_gmt":"2020-11-13T15:09:41","guid":{"rendered":"http:\/\/ospoljcane.si\/nova\/?page_id=170"},"modified":"2020-11-13T16:09:41","modified_gmt":"2020-11-13T15:09:41","slug":"solski-zvonec","status":"publish","type":"page","link":"https:\/\/ospoljcane.si\/nova\/o-soli\/organizacija\/solski-zvonec\/","title":{"rendered":"\u0160olski zvonec"},"content":{"rendered":"\n<figure class=\"wp-block-table\"><table><tbody><tr><td>Ura<\/td><td>Trajanje<\/td><td>&nbsp;<\/td><\/tr><tr><td>&nbsp;0.<\/td><td>&nbsp;7.25\u20138.10<\/td><td>&nbsp;<\/td><\/tr><tr><td>&nbsp;1.<\/td><td>&nbsp;8.15\u20139.00<\/td><td>odmor za malico<\/td><\/tr><tr><td>&nbsp;2.<\/td><td>&nbsp;9.20\u201310.05<\/td><td>odmor za malico<\/td><\/tr><tr><td>&nbsp;3.<\/td><td>&nbsp;10.25\u201311.10<\/td><td>&nbsp;<\/td><\/tr><tr><td>&nbsp;4.<\/td><td>&nbsp;11.15\u201312.00<\/td><td>&nbsp;<\/td><\/tr><tr><td>&nbsp;5.<\/td><td>&nbsp;12.05\u201312.50<\/td><td>&nbsp;<\/td><\/tr><tr><td>&nbsp;6.<\/td><td>&nbsp;12.55\u201313.40<\/td><td>odmor za kosilo<\/td><\/tr><tr><td>&nbsp;7.<\/td><td>&nbsp;14.00\u201314.45<\/td><td>&nbsp;<\/td><\/tr><tr><td>&nbsp;8.<\/td><td>&nbsp;14.50\u201315.35<\/td><td>&nbsp;<\/td><\/tr><tr><td>&nbsp;9.<\/td><td>&nbsp;15.40\u201316.25<\/td><td>&nbsp;<\/td><\/tr><tr><td>&nbsp;10.<\/td><td>&nbsp;16.30\u201317.15<\/td><td>&nbsp;<\/td><\/tr><tr><td>&nbsp;11.<\/td><td>&nbsp;17.20\u201318.05<\/td><td>&nbsp;<\/td><\/tr><tr><td>&nbsp;12.<\/td><td>&nbsp;18.10\u201318.55&nbsp;<\/td><td>&nbsp;<\/td><\/tr><\/tbody><\/table><\/figure>\n","protected":false},"excerpt":{"rendered":"<p>Ura Trajanje &nbsp; &nbsp;0. &nbsp;7.25\u20138.10 &nbsp; &nbsp;1. &nbsp;8.15\u20139.00 odmor za malico &nbsp;2. &nbsp;9.20\u201310.05 odmor za malico &nbsp;3. &nbsp;10.25\u201311.10 &nbsp; &nbsp;4. &nbsp;11.15\u201312.00 &nbsp; &nbsp;5. &nbsp;12.05\u201312.50 &nbsp; &hellip; <\/p>\n","protected":false},"author":1,"featured_media":0,"parent":166,"menu_order":0,"comment_status":"closed","ping_status":"closed","template":"","meta":{"footnotes":""},"class_list":["post-170","page","type-page","status-publish","hentry","image-hover-transition-effect","latest_post"],"yoast_head":"<!-- This site is optimized with the Yoast SEO plugin v27.3 - https:\/\/yoast.com\/product\/yoast-seo-wordpress\/ -->\n<title>\u0160olski zvonec - Osnovna \u0161ola Kajetana Kovi\u010da Polj\u010dane<\/title>\n<meta name=\"robots\" content=\"index, follow, max-snippet:-1, max-image-preview:large, max-video-preview:-1\" \/>\n<link rel=\"canonical\" href=\"https:\/\/ospoljcane.si\/nova\/o-soli\/organizacija\/solski-zvonec\/\" \/>\n<meta property=\"og:locale\" content=\"sl_SI\" \/>\n<meta property=\"og:type\" content=\"article\" \/>\n<meta property=\"og:title\" content=\"\u0160olski zvonec - Osnovna \u0161ola Kajetana Kovi\u010da Polj\u010dane\" \/>\n<meta property=\"og:description\" content=\"Ura Trajanje &nbsp; &nbsp;0. &nbsp;7.25\u20138.10 &nbsp; &nbsp;1. &nbsp;8.15\u20139.00 odmor za malico &nbsp;2. &nbsp;9.20\u201310.05 odmor za malico &nbsp;3. &nbsp;10.25\u201311.10 &nbsp; &nbsp;4. &nbsp;11.15\u201312.00 &nbsp; &nbsp;5. &nbsp;12.05\u201312.50 &nbsp; &hellip;\" \/>\n<meta property=\"og:url\" content=\"https:\/\/ospoljcane.si\/nova\/o-soli\/organizacija\/solski-zvonec\/\" \/>\n<meta property=\"og:site_name\" content=\"Osnovna \u0161ola Kajetana Kovi\u010da Polj\u010dane\" \/>\n<meta name=\"twitter:card\" content=\"summary_large_image\" \/>\n<script type=\"application\/ld+json\" class=\"yoast-schema-graph\">{\"@context\":\"https:\\\/\\\/schema.org\",\"@graph\":[{\"@type\":\"WebPage\",\"@id\":\"https:\\\/\\\/ospoljcane.si\\\/nova\\\/o-soli\\\/organizacija\\\/solski-zvonec\\\/\",\"url\":\"https:\\\/\\\/ospoljcane.si\\\/nova\\\/o-soli\\\/organizacija\\\/solski-zvonec\\\/\",\"name\":\"\u0160olski zvonec - Osnovna \u0161ola Kajetana Kovi\u010da Polj\u010dane\",\"isPartOf\":{\"@id\":\"https:\\\/\\\/ospoljcane.si\\\/nova\\\/#website\"},\"datePublished\":\"2020-11-13T15:09:41+00:00\",\"breadcrumb\":{\"@id\":\"https:\\\/\\\/ospoljcane.si\\\/nova\\\/o-soli\\\/organizacija\\\/solski-zvonec\\\/#breadcrumb\"},\"inLanguage\":\"sl-SI\",\"potentialAction\":[{\"@type\":\"ReadAction\",\"target\":[\"https:\\\/\\\/ospoljcane.si\\\/nova\\\/o-soli\\\/organizacija\\\/solski-zvonec\\\/\"]}]},{\"@type\":\"BreadcrumbList\",\"@id\":\"https:\\\/\\\/ospoljcane.si\\\/nova\\\/o-soli\\\/organizacija\\\/solski-zvonec\\\/#breadcrumb\",\"itemListElement\":[{\"@type\":\"ListItem\",\"position\":1,\"name\":\"Domov\",\"item\":\"https:\\\/\\\/ospoljcane.si\\\/nova\\\/\"},{\"@type\":\"ListItem\",\"position\":2,\"name\":\"O \u0161oli\",\"item\":\"https:\\\/\\\/ospoljcane.si\\\/nova\\\/o-soli\\\/\"},{\"@type\":\"ListItem\",\"position\":3,\"name\":\"Organizacija\",\"item\":\"https:\\\/\\\/ospoljcane.si\\\/nova\\\/o-soli\\\/organizacija\\\/\"},{\"@type\":\"ListItem\",\"position\":4,\"name\":\"\u0160olski zvonec\"}]},{\"@type\":\"WebSite\",\"@id\":\"https:\\\/\\\/ospoljcane.si\\\/nova\\\/#website\",\"url\":\"https:\\\/\\\/ospoljcane.si\\\/nova\\\/\",\"name\":\"Osnovna \u0161ola Kajetana Kovi\u010da Polj\u010dane\",\"description\":\"\",\"publisher\":{\"@id\":\"https:\\\/\\\/ospoljcane.si\\\/nova\\\/#organization\"},\"potentialAction\":[{\"@type\":\"SearchAction\",\"target\":{\"@type\":\"EntryPoint\",\"urlTemplate\":\"https:\\\/\\\/ospoljcane.si\\\/nova\\\/?s={search_term_string}\"},\"query-input\":{\"@type\":\"PropertyValueSpecification\",\"valueRequired\":true,\"valueName\":\"search_term_string\"}}],\"inLanguage\":\"sl-SI\"},{\"@type\":\"Organization\",\"@id\":\"https:\\\/\\\/ospoljcane.si\\\/nova\\\/#organization\",\"name\":\"Osnovna \u0161ola Kajetana Kovi\u010da Polj\u010dane\",\"url\":\"https:\\\/\\\/ospoljcane.si\\\/nova\\\/\",\"logo\":{\"@type\":\"ImageObject\",\"inLanguage\":\"sl-SI\",\"@id\":\"https:\\\/\\\/ospoljcane.si\\\/nova\\\/#\\\/schema\\\/logo\\\/image\\\/\",\"url\":\"https:\\\/\\\/ospoljcane.si\\\/nova\\\/wp-content\\\/uploads\\\/2020\\\/12\\\/cropped-cropped-Logotip-sole-2016_3G-1-1.png\",\"contentUrl\":\"https:\\\/\\\/ospoljcane.si\\\/nova\\\/wp-content\\\/uploads\\\/2020\\\/12\\\/cropped-cropped-Logotip-sole-2016_3G-1-1.png\",\"width\":512,\"height\":512,\"caption\":\"Osnovna \u0161ola Kajetana Kovi\u010da Polj\u010dane\"},\"image\":{\"@id\":\"https:\\\/\\\/ospoljcane.si\\\/nova\\\/#\\\/schema\\\/logo\\\/image\\\/\"}}]}<\/script>\n<!-- \/ Yoast SEO plugin. -->","yoast_head_json":{"title":"\u0160olski zvonec - Osnovna \u0161ola Kajetana Kovi\u010da Polj\u010dane","robots":{"index":"index","follow":"follow","max-snippet":"max-snippet:-1","max-image-preview":"max-image-preview:large","max-video-preview":"max-video-preview:-1"},"canonical":"https:\/\/ospoljcane.si\/nova\/o-soli\/organizacija\/solski-zvonec\/","og_locale":"sl_SI","og_type":"article","og_title":"\u0160olski zvonec - Osnovna \u0161ola Kajetana Kovi\u010da Polj\u010dane","og_description":"Ura Trajanje &nbsp; &nbsp;0. &nbsp;7.25\u20138.10 &nbsp; &nbsp;1. &nbsp;8.15\u20139.00 odmor za malico &nbsp;2. &nbsp;9.20\u201310.05 odmor za malico &nbsp;3. &nbsp;10.25\u201311.10 &nbsp; &nbsp;4. &nbsp;11.15\u201312.00 &nbsp; &nbsp;5. &nbsp;12.05\u201312.50 &nbsp; &hellip;","og_url":"https:\/\/ospoljcane.si\/nova\/o-soli\/organizacija\/solski-zvonec\/","og_site_name":"Osnovna \u0161ola Kajetana Kovi\u010da Polj\u010dane","twitter_card":"summary_large_image","schema":{"@context":"https:\/\/schema.org","@graph":[{"@type":"WebPage","@id":"https:\/\/ospoljcane.si\/nova\/o-soli\/organizacija\/solski-zvonec\/","url":"https:\/\/ospoljcane.si\/nova\/o-soli\/organizacija\/solski-zvonec\/","name":"\u0160olski zvonec - Osnovna \u0161ola Kajetana Kovi\u010da Polj\u010dane","isPartOf":{"@id":"https:\/\/ospoljcane.si\/nova\/#website"},"datePublished":"2020-11-13T15:09:41+00:00","breadcrumb":{"@id":"https:\/\/ospoljcane.si\/nova\/o-soli\/organizacija\/solski-zvonec\/#breadcrumb"},"inLanguage":"sl-SI","potentialAction":[{"@type":"ReadAction","target":["https:\/\/ospoljcane.si\/nova\/o-soli\/organizacija\/solski-zvonec\/"]}]},{"@type":"BreadcrumbList","@id":"https:\/\/ospoljcane.si\/nova\/o-soli\/organizacija\/solski-zvonec\/#breadcrumb","itemListElement":[{"@type":"ListItem","position":1,"name":"Domov","item":"https:\/\/ospoljcane.si\/nova\/"},{"@type":"ListItem","position":2,"name":"O \u0161oli","item":"https:\/\/ospoljcane.si\/nova\/o-soli\/"},{"@type":"ListItem","position":3,"name":"Organizacija","item":"https:\/\/ospoljcane.si\/nova\/o-soli\/organizacija\/"},{"@type":"ListItem","position":4,"name":"\u0160olski zvonec"}]},{"@type":"WebSite","@id":"https:\/\/ospoljcane.si\/nova\/#website","url":"https:\/\/ospoljcane.si\/nova\/","name":"Osnovna \u0161ola Kajetana Kovi\u010da Polj\u010dane","description":"","publisher":{"@id":"https:\/\/ospoljcane.si\/nova\/#organization"},"potentialAction":[{"@type":"SearchAction","target":{"@type":"EntryPoint","urlTemplate":"https:\/\/ospoljcane.si\/nova\/?s={search_term_string}"},"query-input":{"@type":"PropertyValueSpecification","valueRequired":true,"valueName":"search_term_string"}}],"inLanguage":"sl-SI"},{"@type":"Organization","@id":"https:\/\/ospoljcane.si\/nova\/#organization","name":"Osnovna \u0161ola Kajetana Kovi\u010da Polj\u010dane","url":"https:\/\/ospoljcane.si\/nova\/","logo":{"@type":"ImageObject","inLanguage":"sl-SI","@id":"https:\/\/ospoljcane.si\/nova\/#\/schema\/logo\/image\/","url":"https:\/\/ospoljcane.si\/nova\/wp-content\/uploads\/2020\/12\/cropped-cropped-Logotip-sole-2016_3G-1-1.png","contentUrl":"https:\/\/ospoljcane.si\/nova\/wp-content\/uploads\/2020\/12\/cropped-cropped-Logotip-sole-2016_3G-1-1.png","width":512,"height":512,"caption":"Osnovna \u0161ola Kajetana Kovi\u010da Polj\u010dane"},"image":{"@id":"https:\/\/ospoljcane.si\/nova\/#\/schema\/logo\/image\/"}}]}},"_links":{"self":[{"href":"https:\/\/ospoljcane.si\/nova\/wp-json\/wp\/v2\/pages\/170","targetHints":{"allow":["GET"]}}],"collection":[{"href":"https:\/\/ospoljcane.si\/nova\/wp-json\/wp\/v2\/pages"}],"about":[{"href":"https:\/\/ospoljcane.si\/nova\/wp-json\/wp\/v2\/types\/page"}],"author":[{"embeddable":true,"href":"https:\/\/ospoljcane.si\/nova\/wp-json\/wp\/v2\/users\/1"}],"replies":[{"embeddable":true,"href":"https:\/\/ospoljcane.si\/nova\/wp-json\/wp\/v2\/comments?post=170"}],"version-history":[{"count":1,"href":"https:\/\/ospoljcane.si\/nova\/wp-json\/wp\/v2\/pages\/170\/revisions"}],"predecessor-version":[{"id":171,"href":"https:\/\/ospoljcane.si\/nova\/wp-json\/wp\/v2\/pages\/170\/revisions\/171"}],"up":[{"embeddable":true,"href":"https:\/\/ospoljcane.si\/nova\/wp-json\/wp\/v2\/pages\/166"}],"wp:attachment":[{"href":"https:\/\/ospoljcane.si\/nova\/wp-json\/wp\/v2\/media?parent=170"}],"curies":[{"name":"wp","href":"https:\/\/api.w.org\/{rel}","templated":true}]}}