{"id":16913,"date":"2023-12-22T09:17:11","date_gmt":"2023-12-22T08:17:11","guid":{"rendered":"https:\/\/ospoljcane.si\/nova\/?page_id=16913"},"modified":"2025-03-27T05:44:37","modified_gmt":"2025-03-27T04:44:37","slug":"zanimive-teme-za-starse","status":"publish","type":"page","link":"https:\/\/ospoljcane.si\/nova\/zanimive-teme-za-starse\/","title":{"rendered":"Zanimive teme za star\u0161e"},"content":{"rendered":"\t\t<div data-elementor-type=\"wp-page\" data-elementor-id=\"16913\" class=\"elementor elementor-16913\" data-elementor-post-type=\"page\">\n\t\t\t\t\t\t<section class=\"elementor-section elementor-top-section elementor-element elementor-element-bfd8387 elementor-section-boxed elementor-section-height-default elementor-section-height-default\" data-id=\"bfd8387\" data-element_type=\"section\" data-e-type=\"section\">\n\t\t\t\t\t\t<div class=\"elementor-container elementor-column-gap-default\">\n\t\t\t\t\t<div class=\"elementor-column elementor-col-100 elementor-top-column elementor-element elementor-element-f5ffcc9\" data-id=\"f5ffcc9\" data-element_type=\"column\" data-e-type=\"column\">\n\t\t\t<div class=\"elementor-widget-wrap elementor-element-populated\">\n\t\t\t\t\t\t<div class=\"elementor-element elementor-element-bc09dc7 elementor-widget elementor-widget-text-editor\" data-id=\"bc09dc7\" data-element_type=\"widget\" data-e-type=\"widget\" data-widget_type=\"text-editor.default\">\n\t\t\t\t<div class=\"elementor-widget-container\">\n\t\t\t\t\t\t\t\t\t<ul><li><a href=\"https:\/\/ospoljcane.si\/nova\/wp-content\/uploads\/2025\/03\/VABILO-NA-PREDAVANJE-starsevski-vecer.pdf\"><strong><span style=\"color: #333399;\">VABILA<\/span><\/strong><\/a><\/li><li><a href=\"https:\/\/safe.si\/nasveti\/prekomerna-raba-novih-tehnologij\/prekomerna-raba-mobilnih-telefonov\"><span style=\"color: #333399;\"><strong>Prekomerna raba mobilnih telefonov<\/strong><\/span><\/a><\/li><\/ul><ul><li><a href=\"https:\/\/www.logout.org\/sl\/za-druzine\/druzinski-nacrt-uporabe-zaslonov\/\"><span style=\"color: #333399;\"><strong>Dru\u017einski na\u010drt uporabe zaslonov<\/strong><\/span><\/a><\/li><\/ul><ul><li><a href=\"https:\/\/ospoljcane.si\/nova\/wp-content\/uploads\/2023\/12\/Vpliv-uporabe-mobilnih-telefonov-na-starostne-skupine-Imed-B_prir-trnsl-SLO.pdf\"><span style=\"color: #333399;\"><strong>Vpliv uporabe pametnih telefonov na razli\u010dne starostne skupine<\/strong><\/span><\/a><\/li><\/ul><ul><li><a href=\"https:\/\/ospoljcane.si\/nova\/wp-content\/uploads\/2023\/12\/zgibanka-smernice-zasloni.pdf\"><span style=\"color: #333399;\"><strong>Smernice za uporabo zaslonov pri otrocih in mladostnikih<\/strong><\/span><\/a><\/li><\/ul>\t\t\t\t\t\t\t\t<\/div>\n\t\t\t\t<\/div>\n\t\t\t\t\t<\/div>\n\t\t<\/div>\n\t\t\t\t\t<\/div>\n\t\t<\/section>\n\t\t\t\t<section class=\"elementor-section elementor-top-section elementor-element elementor-element-eaf510b elementor-section-boxed elementor-section-height-default elementor-section-height-default\" data-id=\"eaf510b\" data-element_type=\"section\" data-e-type=\"section\">\n\t\t\t\t\t\t<div class=\"elementor-container elementor-column-gap-default\">\n\t\t\t\t\t<div class=\"elementor-column elementor-col-100 elementor-top-column elementor-element elementor-element-4380ecb\" data-id=\"4380ecb\" data-element_type=\"column\" data-e-type=\"column\">\n\t\t\t<div class=\"elementor-widget-wrap\">\n\t\t\t\t\t\t\t<\/div>\n\t\t<\/div>\n\t\t\t\t\t<\/div>\n\t\t<\/section>\n\t\t\t\t<\/div>\n\t\t","protected":false},"excerpt":{"rendered":"<p>VABILA Prekomerna raba mobilnih telefonov Dru\u017einski na\u010drt uporabe zaslonov Vpliv uporabe pametnih telefonov na razli\u010dne starostne skupine Smernice za uporabo zaslonov pri otrocih in mladostnikih<\/p>\n","protected":false},"author":6,"featured_media":0,"parent":0,"menu_order":0,"comment_status":"closed","ping_status":"closed","template":"","meta":{"footnotes":""},"class_list":["post-16913","page","type-page","status-publish","hentry","image-hover-transition-effect","latest_post"],"yoast_head":"<!-- This site is optimized with the Yoast SEO plugin v27.3 - https:\/\/yoast.com\/product\/yoast-seo-wordpress\/ -->\n<title>Zanimive teme za star\u0161e - Osnovna \u0161ola Kajetana Kovi\u010da Polj\u010dane<\/title>\n<meta name=\"robots\" content=\"index, follow, max-snippet:-1, max-image-preview:large, max-video-preview:-1\" \/>\n<link rel=\"canonical\" href=\"https:\/\/ospoljcane.si\/nova\/zanimive-teme-za-starse\/\" \/>\n<meta property=\"og:locale\" content=\"sl_SI\" \/>\n<meta property=\"og:type\" content=\"article\" \/>\n<meta property=\"og:title\" content=\"Zanimive teme za star\u0161e - Osnovna \u0161ola Kajetana Kovi\u010da Polj\u010dane\" \/>\n<meta property=\"og:description\" content=\"VABILA Prekomerna raba mobilnih telefonov Dru\u017einski na\u010drt uporabe zaslonov Vpliv uporabe pametnih telefonov na razli\u010dne starostne skupine Smernice za uporabo zaslonov pri otrocih in mladostnikih\" \/>\n<meta property=\"og:url\" content=\"https:\/\/ospoljcane.si\/nova\/zanimive-teme-za-starse\/\" \/>\n<meta property=\"og:site_name\" content=\"Osnovna \u0161ola Kajetana Kovi\u010da Polj\u010dane\" \/>\n<meta property=\"article:modified_time\" content=\"2025-03-27T04:44:37+00:00\" \/>\n<meta name=\"twitter:card\" content=\"summary_large_image\" \/>\n<meta name=\"twitter:label1\" content=\"Est. reading time\" \/>\n\t<meta name=\"twitter:data1\" content=\"1 minuta\" \/>\n<script type=\"application\/ld+json\" class=\"yoast-schema-graph\">{\"@context\":\"https:\\\/\\\/schema.org\",\"@graph\":[{\"@type\":\"WebPage\",\"@id\":\"https:\\\/\\\/ospoljcane.si\\\/nova\\\/zanimive-teme-za-starse\\\/\",\"url\":\"https:\\\/\\\/ospoljcane.si\\\/nova\\\/zanimive-teme-za-starse\\\/\",\"name\":\"Zanimive teme za star\u0161e - Osnovna \u0161ola Kajetana Kovi\u010da Polj\u010dane\",\"isPartOf\":{\"@id\":\"https:\\\/\\\/ospoljcane.si\\\/nova\\\/#website\"},\"datePublished\":\"2023-12-22T08:17:11+00:00\",\"dateModified\":\"2025-03-27T04:44:37+00:00\",\"breadcrumb\":{\"@id\":\"https:\\\/\\\/ospoljcane.si\\\/nova\\\/zanimive-teme-za-starse\\\/#breadcrumb\"},\"inLanguage\":\"sl-SI\",\"potentialAction\":[{\"@type\":\"ReadAction\",\"target\":[\"https:\\\/\\\/ospoljcane.si\\\/nova\\\/zanimive-teme-za-starse\\\/\"]}]},{\"@type\":\"BreadcrumbList\",\"@id\":\"https:\\\/\\\/ospoljcane.si\\\/nova\\\/zanimive-teme-za-starse\\\/#breadcrumb\",\"itemListElement\":[{\"@type\":\"ListItem\",\"position\":1,\"name\":\"Domov\",\"item\":\"https:\\\/\\\/ospoljcane.si\\\/nova\\\/\"},{\"@type\":\"ListItem\",\"position\":2,\"name\":\"Zanimive teme za star\u0161e\"}]},{\"@type\":\"WebSite\",\"@id\":\"https:\\\/\\\/ospoljcane.si\\\/nova\\\/#website\",\"url\":\"https:\\\/\\\/ospoljcane.si\\\/nova\\\/\",\"name\":\"Osnovna \u0161ola Kajetana Kovi\u010da Polj\u010dane\",\"description\":\"\",\"publisher\":{\"@id\":\"https:\\\/\\\/ospoljcane.si\\\/nova\\\/#organization\"},\"potentialAction\":[{\"@type\":\"SearchAction\",\"target\":{\"@type\":\"EntryPoint\",\"urlTemplate\":\"https:\\\/\\\/ospoljcane.si\\\/nova\\\/?s={search_term_string}\"},\"query-input\":{\"@type\":\"PropertyValueSpecification\",\"valueRequired\":true,\"valueName\":\"search_term_string\"}}],\"inLanguage\":\"sl-SI\"},{\"@type\":\"Organization\",\"@id\":\"https:\\\/\\\/ospoljcane.si\\\/nova\\\/#organization\",\"name\":\"Osnovna \u0161ola Kajetana Kovi\u010da Polj\u010dane\",\"url\":\"https:\\\/\\\/ospoljcane.si\\\/nova\\\/\",\"logo\":{\"@type\":\"ImageObject\",\"inLanguage\":\"sl-SI\",\"@id\":\"https:\\\/\\\/ospoljcane.si\\\/nova\\\/#\\\/schema\\\/logo\\\/image\\\/\",\"url\":\"https:\\\/\\\/ospoljcane.si\\\/nova\\\/wp-content\\\/uploads\\\/2020\\\/12\\\/cropped-cropped-Logotip-sole-2016_3G-1-1.png\",\"contentUrl\":\"https:\\\/\\\/ospoljcane.si\\\/nova\\\/wp-content\\\/uploads\\\/2020\\\/12\\\/cropped-cropped-Logotip-sole-2016_3G-1-1.png\",\"width\":512,\"height\":512,\"caption\":\"Osnovna \u0161ola Kajetana Kovi\u010da Polj\u010dane\"},\"image\":{\"@id\":\"https:\\\/\\\/ospoljcane.si\\\/nova\\\/#\\\/schema\\\/logo\\\/image\\\/\"}}]}<\/script>\n<!-- \/ Yoast SEO plugin. -->","yoast_head_json":{"title":"Zanimive teme za star\u0161e - Osnovna \u0161ola Kajetana Kovi\u010da Polj\u010dane","robots":{"index":"index","follow":"follow","max-snippet":"max-snippet:-1","max-image-preview":"max-image-preview:large","max-video-preview":"max-video-preview:-1"},"canonical":"https:\/\/ospoljcane.si\/nova\/zanimive-teme-za-starse\/","og_locale":"sl_SI","og_type":"article","og_title":"Zanimive teme za star\u0161e - Osnovna \u0161ola Kajetana Kovi\u010da Polj\u010dane","og_description":"VABILA Prekomerna raba mobilnih telefonov Dru\u017einski na\u010drt uporabe zaslonov Vpliv uporabe pametnih telefonov na razli\u010dne starostne skupine Smernice za uporabo zaslonov pri otrocih in mladostnikih","og_url":"https:\/\/ospoljcane.si\/nova\/zanimive-teme-za-starse\/","og_site_name":"Osnovna \u0161ola Kajetana Kovi\u010da Polj\u010dane","article_modified_time":"2025-03-27T04:44:37+00:00","twitter_card":"summary_large_image","twitter_misc":{"Est. reading time":"1 minuta"},"schema":{"@context":"https:\/\/schema.org","@graph":[{"@type":"WebPage","@id":"https:\/\/ospoljcane.si\/nova\/zanimive-teme-za-starse\/","url":"https:\/\/ospoljcane.si\/nova\/zanimive-teme-za-starse\/","name":"Zanimive teme za star\u0161e - Osnovna \u0161ola Kajetana Kovi\u010da Polj\u010dane","isPartOf":{"@id":"https:\/\/ospoljcane.si\/nova\/#website"},"datePublished":"2023-12-22T08:17:11+00:00","dateModified":"2025-03-27T04:44:37+00:00","breadcrumb":{"@id":"https:\/\/ospoljcane.si\/nova\/zanimive-teme-za-starse\/#breadcrumb"},"inLanguage":"sl-SI","potentialAction":[{"@type":"ReadAction","target":["https:\/\/ospoljcane.si\/nova\/zanimive-teme-za-starse\/"]}]},{"@type":"BreadcrumbList","@id":"https:\/\/ospoljcane.si\/nova\/zanimive-teme-za-starse\/#breadcrumb","itemListElement":[{"@type":"ListItem","position":1,"name":"Domov","item":"https:\/\/ospoljcane.si\/nova\/"},{"@type":"ListItem","position":2,"name":"Zanimive teme za star\u0161e"}]},{"@type":"WebSite","@id":"https:\/\/ospoljcane.si\/nova\/#website","url":"https:\/\/ospoljcane.si\/nova\/","name":"Osnovna \u0161ola Kajetana Kovi\u010da Polj\u010dane","description":"","publisher":{"@id":"https:\/\/ospoljcane.si\/nova\/#organization"},"potentialAction":[{"@type":"SearchAction","target":{"@type":"EntryPoint","urlTemplate":"https:\/\/ospoljcane.si\/nova\/?s={search_term_string}"},"query-input":{"@type":"PropertyValueSpecification","valueRequired":true,"valueName":"search_term_string"}}],"inLanguage":"sl-SI"},{"@type":"Organization","@id":"https:\/\/ospoljcane.si\/nova\/#organization","name":"Osnovna \u0161ola Kajetana Kovi\u010da Polj\u010dane","url":"https:\/\/ospoljcane.si\/nova\/","logo":{"@type":"ImageObject","inLanguage":"sl-SI","@id":"https:\/\/ospoljcane.si\/nova\/#\/schema\/logo\/image\/","url":"https:\/\/ospoljcane.si\/nova\/wp-content\/uploads\/2020\/12\/cropped-cropped-Logotip-sole-2016_3G-1-1.png","contentUrl":"https:\/\/ospoljcane.si\/nova\/wp-content\/uploads\/2020\/12\/cropped-cropped-Logotip-sole-2016_3G-1-1.png","width":512,"height":512,"caption":"Osnovna \u0161ola Kajetana Kovi\u010da Polj\u010dane"},"image":{"@id":"https:\/\/ospoljcane.si\/nova\/#\/schema\/logo\/image\/"}}]}},"_links":{"self":[{"href":"https:\/\/ospoljcane.si\/nova\/wp-json\/wp\/v2\/pages\/16913","targetHints":{"allow":["GET"]}}],"collection":[{"href":"https:\/\/ospoljcane.si\/nova\/wp-json\/wp\/v2\/pages"}],"about":[{"href":"https:\/\/ospoljcane.si\/nova\/wp-json\/wp\/v2\/types\/page"}],"author":[{"embeddable":true,"href":"https:\/\/ospoljcane.si\/nova\/wp-json\/wp\/v2\/users\/6"}],"replies":[{"embeddable":true,"href":"https:\/\/ospoljcane.si\/nova\/wp-json\/wp\/v2\/comments?post=16913"}],"version-history":[{"count":10,"href":"https:\/\/ospoljcane.si\/nova\/wp-json\/wp\/v2\/pages\/16913\/revisions"}],"predecessor-version":[{"id":21374,"href":"https:\/\/ospoljcane.si\/nova\/wp-json\/wp\/v2\/pages\/16913\/revisions\/21374"}],"wp:attachment":[{"href":"https:\/\/ospoljcane.si\/nova\/wp-json\/wp\/v2\/media?parent=16913"}],"curies":[{"name":"wp","href":"https:\/\/api.w.org\/{rel}","templated":true}]}}