{"id":16898,"date":"2023-12-22T08:57:25","date_gmt":"2023-12-22T07:57:25","guid":{"rendered":"https:\/\/ospoljcane.si\/nova\/?page_id=16898"},"modified":"2023-12-22T09:00:52","modified_gmt":"2023-12-22T08:00:52","slug":"dobra-in-ali-zdrava-hrana","status":"publish","type":"page","link":"https:\/\/ospoljcane.si\/nova\/dobra-in-ali-zdrava-hrana\/","title":{"rendered":"Dobra in\/ali zdrava hrana"},"content":{"rendered":"\t\t<div data-elementor-type=\"wp-page\" data-elementor-id=\"16898\" class=\"elementor elementor-16898\" data-elementor-post-type=\"page\">\n\t\t\t\t\t\t<section class=\"elementor-section elementor-top-section elementor-element elementor-element-4a55940 elementor-section-boxed elementor-section-height-default elementor-section-height-default\" data-id=\"4a55940\" data-element_type=\"section\" data-e-type=\"section\">\n\t\t\t\t\t\t<div class=\"elementor-container elementor-column-gap-default\">\n\t\t\t\t\t<div class=\"elementor-column elementor-col-100 elementor-top-column elementor-element elementor-element-188d7d9\" data-id=\"188d7d9\" data-element_type=\"column\" data-e-type=\"column\">\n\t\t\t<div class=\"elementor-widget-wrap elementor-element-populated\">\n\t\t\t\t\t\t<div class=\"elementor-element elementor-element-a782d37 elementor-widget elementor-widget-text-editor\" data-id=\"a782d37\" data-element_type=\"widget\" data-e-type=\"widget\" data-widget_type=\"text-editor.default\">\n\t\t\t\t<div class=\"elementor-widget-container\">\n\t\t\t\t\t\t\t\t\t<h4 style=\"text-align: center;\"><strong><i style=\"color: #cc99ff;\"><span style=\"font-size: large;\">Ali nam lahko sladkor \u0161kodi?<\/span><\/i><\/strong><\/h4><div><h1><span style=\"color: #cc99ff;\"><span style=\"font-size: large;\">Kje vse se skriva sladkor?<\/span>\u00a0<\/span><\/h1><\/div><div><span style=\"color: #cc99ff;\">Na policah trgovin so na voljo \u0161tevilni \u017eivilski izdelki, ki vsebujejo sladkor. Najdemo ga tudi v proizvodih, kjer ga ne pri\u010dakujemo. Prevelika koli\u010dina sladkorja pa nam lahko povzro\u010di veliko te\u017eav.<\/span><\/div><div><span style=\"color: #69199e;\">\u00a0<\/span><\/div><ul><li><span style=\"color: #69199e;\"><a style=\"color: #69199e;\" href=\"https:\/\/www.youtube.com\/watch?v=rXSRoIpmBeQ&amp;ab_channel=Nacionalniin%C5%A1titutzajavnozdravje\"><strong>Kje vse se skriva sladkor?<\/strong> (youtube.com)<\/a><\/span><\/li><\/ul><div>\u00a0<\/div><ul><li><a style=\"font-family: var( --e-global-typography-text-font-family ), Sans-serif; font-weight: var( --e-global-typography-text-font-weight ); background-color: #ffffff; color: #69199e;\" href=\"https:\/\/nijz.si\/zivljenjski-slog\/prehrana\/prehranske-smernice\/najvec-sladkorjev-zauzijemo-s-sladkimi-pijacami-in-slascicami-najbolj-ogrozeni-so-otroci\/\"><strong>Najve\u010d sladkorjev zau\u017eijemo s sladkimi pija\u010dami in sla\u0161\u010dicami<\/strong> \u2013 najbolj ogro\u017eeni so otroci | Nijz<\/a><\/li><\/ul><div>\u00a0<\/div><div><ul><li><span style=\"color: #69199e;\"><a style=\"color: #69199e;\" href=\"https:\/\/www.prehrana.si\/clanek\/481-najvec-sladkorjev-zauzijemo-s-sladkimi-pijacami-in-slascicami\"><strong>Najve\u010d sladkorjev zau\u017eijemo s sladkimi pija\u010dami in sla\u0161\u010dicami<\/strong> &#8211; Prehrana<\/a><\/span><\/li><\/ul><p>\u00a0<\/p><ul><li><strong><span style=\"color: #69199e;\"><a style=\"color: #69199e;\" href=\"https:\/\/prehrana.si\/moja-prehrana\/solarji-in-mladostniki\">\u0160olarji in mladostniki &#8211; <\/a><\/span><\/strong><span style=\"color: #69199e;\"><a style=\"color: #69199e;\" href=\"https:\/\/prehrana.si\/moja-prehrana\/solarji-in-mladostniki\">Prehrana<\/a><\/span><\/li><\/ul><p>\u00a0<\/p><ul><li><span style=\"color: #333399;\"><a style=\"color: #333399;\" href=\"https:\/\/veskajjes.si\/\"><strong>Ve\u0161 kaj je\u0161<\/strong><\/a><\/span><span style=\"color: #333399;\"><a style=\"color: #333399;\" href=\"https:\/\/veskajjes.si\/\"> (veskajjes.si)<\/a><\/span><\/li><\/ul><\/div><div><span style=\"color: #cc99ff;\">\u00a0<\/span><\/div>\t\t\t\t\t\t\t\t<\/div>\n\t\t\t\t<\/div>\n\t\t\t\t\t<\/div>\n\t\t<\/div>\n\t\t\t\t\t<\/div>\n\t\t<\/section>\n\t\t\t\t<section class=\"elementor-section elementor-top-section elementor-element elementor-element-510a381 elementor-section-boxed elementor-section-height-default elementor-section-height-default\" data-id=\"510a381\" data-element_type=\"section\" data-e-type=\"section\">\n\t\t\t\t\t\t<div class=\"elementor-container elementor-column-gap-default\">\n\t\t\t\t\t<div class=\"elementor-column elementor-col-33 elementor-top-column elementor-element elementor-element-e838026\" data-id=\"e838026\" data-element_type=\"column\" data-e-type=\"column\">\n\t\t\t<div class=\"elementor-widget-wrap elementor-element-populated\">\n\t\t\t\t\t\t<div class=\"elementor-element elementor-element-7ac9fee elementor-widget elementor-widget-image\" data-id=\"7ac9fee\" data-element_type=\"widget\" data-e-type=\"widget\" data-widget_type=\"image.default\">\n\t\t\t\t<div class=\"elementor-widget-container\">\n\t\t\t\t\t\t\t\t\t\t\t\t<figure class=\"wp-caption\">\n\t\t\t\t\t\t\t\t\t\t<img fetchpriority=\"high\" decoding=\"async\" width=\"1000\" height=\"711\" src=\"https:\/\/ospoljcane.si\/nova\/wp-content\/uploads\/2023\/12\/Svicarska-prehranska-piramida-koraki-do-zdrave-prehrane.jpg\" class=\"attachment-large size-large wp-image-16900\" alt=\"\" srcset=\"https:\/\/ospoljcane.si\/nova\/wp-content\/uploads\/2023\/12\/Svicarska-prehranska-piramida-koraki-do-zdrave-prehrane.jpg 1000w, https:\/\/ospoljcane.si\/nova\/wp-content\/uploads\/2023\/12\/Svicarska-prehranska-piramida-koraki-do-zdrave-prehrane-300x213.jpg 300w, https:\/\/ospoljcane.si\/nova\/wp-content\/uploads\/2023\/12\/Svicarska-prehranska-piramida-koraki-do-zdrave-prehrane-768x546.jpg 768w\" sizes=\"(max-width: 1000px) 100vw, 1000px\" \/>\t\t\t\t\t\t\t\t\t\t\t<figcaption class=\"widget-image-caption wp-caption-text\">\u0160vicarska prehranska piramida<\/figcaption>\n\t\t\t\t\t\t\t\t\t\t<\/figure>\n\t\t\t\t\t\t\t\t\t<\/div>\n\t\t\t\t<\/div>\n\t\t\t\t\t<\/div>\n\t\t<\/div>\n\t\t\t\t<div class=\"elementor-column elementor-col-33 elementor-top-column elementor-element elementor-element-792c96e\" data-id=\"792c96e\" data-element_type=\"column\" data-e-type=\"column\">\n\t\t\t<div class=\"elementor-widget-wrap elementor-element-populated\">\n\t\t\t\t\t\t<div class=\"elementor-element elementor-element-c1cd2da elementor-widget elementor-widget-image\" data-id=\"c1cd2da\" data-element_type=\"widget\" data-e-type=\"widget\" data-widget_type=\"image.default\">\n\t\t\t\t<div class=\"elementor-widget-container\">\n\t\t\t\t\t\t\t\t\t\t\t\t\t\t\t<img decoding=\"async\" width=\"725\" height=\"1024\" src=\"https:\/\/ospoljcane.si\/nova\/wp-content\/uploads\/2023\/12\/prehranska-piramida-zdravje.jpg\" class=\"attachment-large size-large wp-image-16901\" alt=\"\" srcset=\"https:\/\/ospoljcane.si\/nova\/wp-content\/uploads\/2023\/12\/prehranska-piramida-zdravje.jpg 725w, https:\/\/ospoljcane.si\/nova\/wp-content\/uploads\/2023\/12\/prehranska-piramida-zdravje-212x300.jpg 212w\" sizes=\"(max-width: 725px) 100vw, 725px\" \/>\t\t\t\t\t\t\t\t\t\t\t\t\t\t\t<\/div>\n\t\t\t\t<\/div>\n\t\t\t\t\t<\/div>\n\t\t<\/div>\n\t\t\t\t<div class=\"elementor-column elementor-col-33 elementor-top-column elementor-element elementor-element-a0ffb10\" data-id=\"a0ffb10\" data-element_type=\"column\" data-e-type=\"column\">\n\t\t\t<div class=\"elementor-widget-wrap elementor-element-populated\">\n\t\t\t\t\t\t<div class=\"elementor-element elementor-element-f0deda9 elementor-widget elementor-widget-image\" data-id=\"f0deda9\" data-element_type=\"widget\" data-e-type=\"widget\" data-widget_type=\"image.default\">\n\t\t\t\t<div class=\"elementor-widget-container\">\n\t\t\t\t\t\t\t\t\t\t\t\t\t\t\t<img decoding=\"async\" width=\"1020\" height=\"695\" src=\"https:\/\/ospoljcane.si\/nova\/wp-content\/uploads\/2023\/12\/Prehranska-Piramida-1024x698.jpg\" class=\"attachment-large size-large wp-image-16902\" alt=\"\" srcset=\"https:\/\/ospoljcane.si\/nova\/wp-content\/uploads\/2023\/12\/Prehranska-Piramida-1024x698.jpg 1024w, https:\/\/ospoljcane.si\/nova\/wp-content\/uploads\/2023\/12\/Prehranska-Piramida-300x205.jpg 300w, https:\/\/ospoljcane.si\/nova\/wp-content\/uploads\/2023\/12\/Prehranska-Piramida-768x524.jpg 768w, https:\/\/ospoljcane.si\/nova\/wp-content\/uploads\/2023\/12\/Prehranska-Piramida.jpg 1200w\" sizes=\"(max-width: 1020px) 100vw, 1020px\" \/>\t\t\t\t\t\t\t\t\t\t\t\t\t\t\t<\/div>\n\t\t\t\t<\/div>\n\t\t\t\t\t<\/div>\n\t\t<\/div>\n\t\t\t\t\t<\/div>\n\t\t<\/section>\n\t\t\t\t<section class=\"elementor-section elementor-top-section elementor-element elementor-element-aee177d elementor-section-boxed elementor-section-height-default elementor-section-height-default\" data-id=\"aee177d\" data-element_type=\"section\" data-e-type=\"section\">\n\t\t\t\t\t\t<div class=\"elementor-container elementor-column-gap-default\">\n\t\t\t\t\t<div class=\"elementor-column elementor-col-100 elementor-top-column elementor-element elementor-element-f16c2b6\" data-id=\"f16c2b6\" data-element_type=\"column\" data-e-type=\"column\">\n\t\t\t<div class=\"elementor-widget-wrap elementor-element-populated\">\n\t\t\t\t\t\t<div class=\"elementor-element elementor-element-51e008e elementor-widget elementor-widget-text-editor\" data-id=\"51e008e\" data-element_type=\"widget\" data-e-type=\"widget\" data-widget_type=\"text-editor.default\">\n\t\t\t\t<div class=\"elementor-widget-container\">\n\t\t\t\t\t\t\t\t\t<p><a href=\"https:\/\/ospoljcane.si\/nova\/wp-content\/uploads\/2023\/12\/Priporocila-za-zdravo-prehranjevanje-telesno-dejavnost-MZ_Dobertek_brosura_splet-str44.pdf\"><strong><span style=\"color: #333399;\">Priporo\u010dila za zdravo prehranjevanje in telesno dejavnost<\/span><\/strong><\/a><\/p><p><a href=\"https:\/\/ospoljcane.si\/nova\/wp-content\/uploads\/2023\/12\/ZDRAVA-HRANA-spodbujanje.pdf\"><span style=\"color: #333399;\"><strong>Kako spodbuditi otroke, da bi jedli ve\u010d sadja in zelenjave<\/strong><\/span><\/a><\/p><p>\u00a0<\/p><p>\u00a0<\/p>\t\t\t\t\t\t\t\t<\/div>\n\t\t\t\t<\/div>\n\t\t\t\t\t<\/div>\n\t\t<\/div>\n\t\t\t\t\t<\/div>\n\t\t<\/section>\n\t\t\t\t<section class=\"elementor-section elementor-top-section elementor-element elementor-element-cc3531f elementor-section-boxed elementor-section-height-default elementor-section-height-default\" data-id=\"cc3531f\" data-element_type=\"section\" data-e-type=\"section\">\n\t\t\t\t\t\t<div class=\"elementor-container elementor-column-gap-default\">\n\t\t\t\t\t<div class=\"elementor-column elementor-col-100 elementor-top-column elementor-element elementor-element-0fee74d\" data-id=\"0fee74d\" data-element_type=\"column\" data-e-type=\"column\">\n\t\t\t<div class=\"elementor-widget-wrap elementor-element-populated\">\n\t\t\t\t\t\t<div class=\"elementor-element elementor-element-a09e0d9 elementor-widget elementor-widget-image\" data-id=\"a09e0d9\" data-element_type=\"widget\" data-e-type=\"widget\" data-widget_type=\"image.default\">\n\t\t\t\t<div class=\"elementor-widget-container\">\n\t\t\t\t\t\t\t\t\t\t\t\t\t\t\t<img loading=\"lazy\" decoding=\"async\" width=\"768\" height=\"647\" src=\"https:\/\/ospoljcane.si\/nova\/wp-content\/uploads\/2023\/12\/Screenshot-2023-12-22-085923-768x647.png\" class=\"attachment-medium_large size-medium_large wp-image-16907\" alt=\"\" srcset=\"https:\/\/ospoljcane.si\/nova\/wp-content\/uploads\/2023\/12\/Screenshot-2023-12-22-085923-768x647.png 768w, https:\/\/ospoljcane.si\/nova\/wp-content\/uploads\/2023\/12\/Screenshot-2023-12-22-085923-300x253.png 300w, https:\/\/ospoljcane.si\/nova\/wp-content\/uploads\/2023\/12\/Screenshot-2023-12-22-085923.png 802w\" sizes=\"(max-width: 768px) 100vw, 768px\" \/>\t\t\t\t\t\t\t\t\t\t\t\t\t\t\t<\/div>\n\t\t\t\t<\/div>\n\t\t\t\t\t<\/div>\n\t\t<\/div>\n\t\t\t\t\t<\/div>\n\t\t<\/section>\n\t\t\t\t<\/div>\n\t\t","protected":false},"excerpt":{"rendered":"<p>Ali nam lahko sladkor \u0161kodi? Kje vse se skriva sladkor?\u00a0 Na policah trgovin so na voljo \u0161tevilni \u017eivilski izdelki, ki vsebujejo sladkor. Najdemo ga tudi &hellip; <\/p>\n","protected":false},"author":6,"featured_media":0,"parent":0,"menu_order":0,"comment_status":"closed","ping_status":"closed","template":"","meta":{"footnotes":""},"class_list":["post-16898","page","type-page","status-publish","hentry","image-hover-transition-effect","latest_post"],"yoast_head":"<!-- This site is optimized with the Yoast SEO plugin v27.3 - https:\/\/yoast.com\/product\/yoast-seo-wordpress\/ -->\n<title>Dobra in\/ali zdrava hrana - Osnovna \u0161ola Kajetana Kovi\u010da Polj\u010dane<\/title>\n<meta name=\"robots\" content=\"index, follow, max-snippet:-1, max-image-preview:large, max-video-preview:-1\" \/>\n<link rel=\"canonical\" href=\"https:\/\/ospoljcane.si\/nova\/dobra-in-ali-zdrava-hrana\/\" \/>\n<meta property=\"og:locale\" content=\"sl_SI\" \/>\n<meta property=\"og:type\" content=\"article\" \/>\n<meta property=\"og:title\" content=\"Dobra in\/ali zdrava hrana - Osnovna \u0161ola Kajetana Kovi\u010da Polj\u010dane\" \/>\n<meta property=\"og:description\" content=\"Ali nam lahko sladkor \u0161kodi? Kje vse se skriva sladkor?\u00a0 Na policah trgovin so na voljo \u0161tevilni \u017eivilski izdelki, ki vsebujejo sladkor. Najdemo ga tudi &hellip;\" \/>\n<meta property=\"og:url\" content=\"https:\/\/ospoljcane.si\/nova\/dobra-in-ali-zdrava-hrana\/\" \/>\n<meta property=\"og:site_name\" content=\"Osnovna \u0161ola Kajetana Kovi\u010da Polj\u010dane\" \/>\n<meta property=\"article:modified_time\" content=\"2023-12-22T08:00:52+00:00\" \/>\n<meta property=\"og:image\" content=\"https:\/\/ospoljcane.si\/nova\/wp-content\/uploads\/2023\/12\/Svicarska-prehranska-piramida-koraki-do-zdrave-prehrane.jpg\" \/>\n<meta name=\"twitter:card\" content=\"summary_large_image\" \/>\n<meta name=\"twitter:label1\" content=\"Est. reading time\" \/>\n\t<meta name=\"twitter:data1\" content=\"2 minuti\" \/>\n<script type=\"application\/ld+json\" class=\"yoast-schema-graph\">{\"@context\":\"https:\\\/\\\/schema.org\",\"@graph\":[{\"@type\":\"WebPage\",\"@id\":\"https:\\\/\\\/ospoljcane.si\\\/nova\\\/dobra-in-ali-zdrava-hrana\\\/\",\"url\":\"https:\\\/\\\/ospoljcane.si\\\/nova\\\/dobra-in-ali-zdrava-hrana\\\/\",\"name\":\"Dobra in\\\/ali zdrava hrana - Osnovna \u0161ola Kajetana Kovi\u010da Polj\u010dane\",\"isPartOf\":{\"@id\":\"https:\\\/\\\/ospoljcane.si\\\/nova\\\/#website\"},\"primaryImageOfPage\":{\"@id\":\"https:\\\/\\\/ospoljcane.si\\\/nova\\\/dobra-in-ali-zdrava-hrana\\\/#primaryimage\"},\"image\":{\"@id\":\"https:\\\/\\\/ospoljcane.si\\\/nova\\\/dobra-in-ali-zdrava-hrana\\\/#primaryimage\"},\"thumbnailUrl\":\"https:\\\/\\\/ospoljcane.si\\\/nova\\\/wp-content\\\/uploads\\\/2023\\\/12\\\/Svicarska-prehranska-piramida-koraki-do-zdrave-prehrane.jpg\",\"datePublished\":\"2023-12-22T07:57:25+00:00\",\"dateModified\":\"2023-12-22T08:00:52+00:00\",\"breadcrumb\":{\"@id\":\"https:\\\/\\\/ospoljcane.si\\\/nova\\\/dobra-in-ali-zdrava-hrana\\\/#breadcrumb\"},\"inLanguage\":\"sl-SI\",\"potentialAction\":[{\"@type\":\"ReadAction\",\"target\":[\"https:\\\/\\\/ospoljcane.si\\\/nova\\\/dobra-in-ali-zdrava-hrana\\\/\"]}]},{\"@type\":\"ImageObject\",\"inLanguage\":\"sl-SI\",\"@id\":\"https:\\\/\\\/ospoljcane.si\\\/nova\\\/dobra-in-ali-zdrava-hrana\\\/#primaryimage\",\"url\":\"https:\\\/\\\/ospoljcane.si\\\/nova\\\/wp-content\\\/uploads\\\/2023\\\/12\\\/Svicarska-prehranska-piramida-koraki-do-zdrave-prehrane.jpg\",\"contentUrl\":\"https:\\\/\\\/ospoljcane.si\\\/nova\\\/wp-content\\\/uploads\\\/2023\\\/12\\\/Svicarska-prehranska-piramida-koraki-do-zdrave-prehrane.jpg\",\"width\":1000,\"height\":711},{\"@type\":\"BreadcrumbList\",\"@id\":\"https:\\\/\\\/ospoljcane.si\\\/nova\\\/dobra-in-ali-zdrava-hrana\\\/#breadcrumb\",\"itemListElement\":[{\"@type\":\"ListItem\",\"position\":1,\"name\":\"Domov\",\"item\":\"https:\\\/\\\/ospoljcane.si\\\/nova\\\/\"},{\"@type\":\"ListItem\",\"position\":2,\"name\":\"Dobra in\\\/ali zdrava hrana\"}]},{\"@type\":\"WebSite\",\"@id\":\"https:\\\/\\\/ospoljcane.si\\\/nova\\\/#website\",\"url\":\"https:\\\/\\\/ospoljcane.si\\\/nova\\\/\",\"name\":\"Osnovna \u0161ola Kajetana Kovi\u010da Polj\u010dane\",\"description\":\"\",\"publisher\":{\"@id\":\"https:\\\/\\\/ospoljcane.si\\\/nova\\\/#organization\"},\"potentialAction\":[{\"@type\":\"SearchAction\",\"target\":{\"@type\":\"EntryPoint\",\"urlTemplate\":\"https:\\\/\\\/ospoljcane.si\\\/nova\\\/?s={search_term_string}\"},\"query-input\":{\"@type\":\"PropertyValueSpecification\",\"valueRequired\":true,\"valueName\":\"search_term_string\"}}],\"inLanguage\":\"sl-SI\"},{\"@type\":\"Organization\",\"@id\":\"https:\\\/\\\/ospoljcane.si\\\/nova\\\/#organization\",\"name\":\"Osnovna \u0161ola Kajetana Kovi\u010da Polj\u010dane\",\"url\":\"https:\\\/\\\/ospoljcane.si\\\/nova\\\/\",\"logo\":{\"@type\":\"ImageObject\",\"inLanguage\":\"sl-SI\",\"@id\":\"https:\\\/\\\/ospoljcane.si\\\/nova\\\/#\\\/schema\\\/logo\\\/image\\\/\",\"url\":\"https:\\\/\\\/ospoljcane.si\\\/nova\\\/wp-content\\\/uploads\\\/2020\\\/12\\\/cropped-cropped-Logotip-sole-2016_3G-1-1.png\",\"contentUrl\":\"https:\\\/\\\/ospoljcane.si\\\/nova\\\/wp-content\\\/uploads\\\/2020\\\/12\\\/cropped-cropped-Logotip-sole-2016_3G-1-1.png\",\"width\":512,\"height\":512,\"caption\":\"Osnovna \u0161ola Kajetana Kovi\u010da Polj\u010dane\"},\"image\":{\"@id\":\"https:\\\/\\\/ospoljcane.si\\\/nova\\\/#\\\/schema\\\/logo\\\/image\\\/\"}}]}<\/script>\n<!-- \/ Yoast SEO plugin. -->","yoast_head_json":{"title":"Dobra in\/ali zdrava hrana - Osnovna \u0161ola Kajetana Kovi\u010da Polj\u010dane","robots":{"index":"index","follow":"follow","max-snippet":"max-snippet:-1","max-image-preview":"max-image-preview:large","max-video-preview":"max-video-preview:-1"},"canonical":"https:\/\/ospoljcane.si\/nova\/dobra-in-ali-zdrava-hrana\/","og_locale":"sl_SI","og_type":"article","og_title":"Dobra in\/ali zdrava hrana - Osnovna \u0161ola Kajetana Kovi\u010da Polj\u010dane","og_description":"Ali nam lahko sladkor \u0161kodi? Kje vse se skriva sladkor?\u00a0 Na policah trgovin so na voljo \u0161tevilni \u017eivilski izdelki, ki vsebujejo sladkor. Najdemo ga tudi &hellip;","og_url":"https:\/\/ospoljcane.si\/nova\/dobra-in-ali-zdrava-hrana\/","og_site_name":"Osnovna \u0161ola Kajetana Kovi\u010da Polj\u010dane","article_modified_time":"2023-12-22T08:00:52+00:00","og_image":[{"url":"https:\/\/ospoljcane.si\/nova\/wp-content\/uploads\/2023\/12\/Svicarska-prehranska-piramida-koraki-do-zdrave-prehrane.jpg","type":"","width":"","height":""}],"twitter_card":"summary_large_image","twitter_misc":{"Est. reading time":"2 minuti"},"schema":{"@context":"https:\/\/schema.org","@graph":[{"@type":"WebPage","@id":"https:\/\/ospoljcane.si\/nova\/dobra-in-ali-zdrava-hrana\/","url":"https:\/\/ospoljcane.si\/nova\/dobra-in-ali-zdrava-hrana\/","name":"Dobra in\/ali zdrava hrana - Osnovna \u0161ola Kajetana Kovi\u010da Polj\u010dane","isPartOf":{"@id":"https:\/\/ospoljcane.si\/nova\/#website"},"primaryImageOfPage":{"@id":"https:\/\/ospoljcane.si\/nova\/dobra-in-ali-zdrava-hrana\/#primaryimage"},"image":{"@id":"https:\/\/ospoljcane.si\/nova\/dobra-in-ali-zdrava-hrana\/#primaryimage"},"thumbnailUrl":"https:\/\/ospoljcane.si\/nova\/wp-content\/uploads\/2023\/12\/Svicarska-prehranska-piramida-koraki-do-zdrave-prehrane.jpg","datePublished":"2023-12-22T07:57:25+00:00","dateModified":"2023-12-22T08:00:52+00:00","breadcrumb":{"@id":"https:\/\/ospoljcane.si\/nova\/dobra-in-ali-zdrava-hrana\/#breadcrumb"},"inLanguage":"sl-SI","potentialAction":[{"@type":"ReadAction","target":["https:\/\/ospoljcane.si\/nova\/dobra-in-ali-zdrava-hrana\/"]}]},{"@type":"ImageObject","inLanguage":"sl-SI","@id":"https:\/\/ospoljcane.si\/nova\/dobra-in-ali-zdrava-hrana\/#primaryimage","url":"https:\/\/ospoljcane.si\/nova\/wp-content\/uploads\/2023\/12\/Svicarska-prehranska-piramida-koraki-do-zdrave-prehrane.jpg","contentUrl":"https:\/\/ospoljcane.si\/nova\/wp-content\/uploads\/2023\/12\/Svicarska-prehranska-piramida-koraki-do-zdrave-prehrane.jpg","width":1000,"height":711},{"@type":"BreadcrumbList","@id":"https:\/\/ospoljcane.si\/nova\/dobra-in-ali-zdrava-hrana\/#breadcrumb","itemListElement":[{"@type":"ListItem","position":1,"name":"Domov","item":"https:\/\/ospoljcane.si\/nova\/"},{"@type":"ListItem","position":2,"name":"Dobra in\/ali zdrava hrana"}]},{"@type":"WebSite","@id":"https:\/\/ospoljcane.si\/nova\/#website","url":"https:\/\/ospoljcane.si\/nova\/","name":"Osnovna \u0161ola Kajetana Kovi\u010da Polj\u010dane","description":"","publisher":{"@id":"https:\/\/ospoljcane.si\/nova\/#organization"},"potentialAction":[{"@type":"SearchAction","target":{"@type":"EntryPoint","urlTemplate":"https:\/\/ospoljcane.si\/nova\/?s={search_term_string}"},"query-input":{"@type":"PropertyValueSpecification","valueRequired":true,"valueName":"search_term_string"}}],"inLanguage":"sl-SI"},{"@type":"Organization","@id":"https:\/\/ospoljcane.si\/nova\/#organization","name":"Osnovna \u0161ola Kajetana Kovi\u010da Polj\u010dane","url":"https:\/\/ospoljcane.si\/nova\/","logo":{"@type":"ImageObject","inLanguage":"sl-SI","@id":"https:\/\/ospoljcane.si\/nova\/#\/schema\/logo\/image\/","url":"https:\/\/ospoljcane.si\/nova\/wp-content\/uploads\/2020\/12\/cropped-cropped-Logotip-sole-2016_3G-1-1.png","contentUrl":"https:\/\/ospoljcane.si\/nova\/wp-content\/uploads\/2020\/12\/cropped-cropped-Logotip-sole-2016_3G-1-1.png","width":512,"height":512,"caption":"Osnovna \u0161ola Kajetana Kovi\u010da Polj\u010dane"},"image":{"@id":"https:\/\/ospoljcane.si\/nova\/#\/schema\/logo\/image\/"}}]}},"_links":{"self":[{"href":"https:\/\/ospoljcane.si\/nova\/wp-json\/wp\/v2\/pages\/16898","targetHints":{"allow":["GET"]}}],"collection":[{"href":"https:\/\/ospoljcane.si\/nova\/wp-json\/wp\/v2\/pages"}],"about":[{"href":"https:\/\/ospoljcane.si\/nova\/wp-json\/wp\/v2\/types\/page"}],"author":[{"embeddable":true,"href":"https:\/\/ospoljcane.si\/nova\/wp-json\/wp\/v2\/users\/6"}],"replies":[{"embeddable":true,"href":"https:\/\/ospoljcane.si\/nova\/wp-json\/wp\/v2\/comments?post=16898"}],"version-history":[{"count":4,"href":"https:\/\/ospoljcane.si\/nova\/wp-json\/wp\/v2\/pages\/16898\/revisions"}],"predecessor-version":[{"id":16910,"href":"https:\/\/ospoljcane.si\/nova\/wp-json\/wp\/v2\/pages\/16898\/revisions\/16910"}],"wp:attachment":[{"href":"https:\/\/ospoljcane.si\/nova\/wp-json\/wp\/v2\/media?parent=16898"}],"curies":[{"name":"wp","href":"https:\/\/api.w.org\/{rel}","templated":true}]}}