{"id":16377,"date":"2023-10-25T19:44:23","date_gmt":"2023-10-25T17:44:23","guid":{"rendered":"https:\/\/ospoljcane.si\/nova\/?page_id=16377"},"modified":"2023-11-15T19:40:57","modified_gmt":"2023-11-15T18:40:57","slug":"sbiblos","status":"publish","type":"page","link":"https:\/\/ospoljcane.si\/nova\/knjiznica\/sbiblos\/","title":{"rendered":"sBiblos"},"content":{"rendered":"\t\t<div data-elementor-type=\"wp-page\" data-elementor-id=\"16377\" class=\"elementor elementor-16377\" data-elementor-post-type=\"page\">\n\t\t\t\t\t\t<section class=\"elementor-section elementor-top-section elementor-element elementor-element-f8eaa6d elementor-section-boxed elementor-section-height-default elementor-section-height-default\" data-id=\"f8eaa6d\" data-element_type=\"section\" data-e-type=\"section\">\n\t\t\t\t\t\t<div class=\"elementor-container elementor-column-gap-default\">\n\t\t\t\t\t<div class=\"elementor-column elementor-col-100 elementor-top-column elementor-element elementor-element-46416f3\" data-id=\"46416f3\" data-element_type=\"column\" data-e-type=\"column\">\n\t\t\t<div class=\"elementor-widget-wrap elementor-element-populated\">\n\t\t\t\t\t\t<div class=\"elementor-element elementor-element-0470456 elementor-widget elementor-widget-text-editor\" data-id=\"0470456\" data-element_type=\"widget\" data-e-type=\"widget\" data-widget_type=\"text-editor.default\">\n\t\t\t\t<div class=\"elementor-widget-container\">\n\t\t\t\t\t\t\t\t\t<p>Vsem\u00a0 osnovnim \u0161olam v Sloveniji je omogo\u010dena brezpla\u010dna uporaba platforme sBiblos in izposoja e-knjig u\u010dencem tretjega triletja. Na voljo je 100 e-knjig (romani: 63, kratka proza: 31, poezija: 3, dramatika: 3).\u00a0<br \/>Platforma sBiblos je povezana s sistemom COBISS, ki ga upravlja javni zavod IZUM iz Maribora, zato je uporaba sBiblosa omogo\u010dena \u0161olam, ki imamo svoje knji\u017enice vklju\u010dene v sistem COBISS.<\/p>\t\t\t\t\t\t\t\t<\/div>\n\t\t\t\t<\/div>\n\t\t\t\t\t<\/div>\n\t\t<\/div>\n\t\t\t\t\t<\/div>\n\t\t<\/section>\n\t\t\t\t<section class=\"elementor-section elementor-top-section elementor-element elementor-element-d34c59e elementor-section-boxed elementor-section-height-default elementor-section-height-default\" data-id=\"d34c59e\" data-element_type=\"section\" data-e-type=\"section\">\n\t\t\t\t\t\t<div class=\"elementor-container elementor-column-gap-default\">\n\t\t\t\t\t<div class=\"elementor-column elementor-col-100 elementor-top-column elementor-element elementor-element-8e779c1\" data-id=\"8e779c1\" data-element_type=\"column\" data-e-type=\"column\">\n\t\t\t<div class=\"elementor-widget-wrap elementor-element-populated\">\n\t\t\t\t\t\t<div class=\"elementor-element elementor-element-c114d35 elementor-widget elementor-widget-image\" data-id=\"c114d35\" data-element_type=\"widget\" data-e-type=\"widget\" data-widget_type=\"image.default\">\n\t\t\t\t<div class=\"elementor-widget-container\">\n\t\t\t\t\t\t\t\t\t\t\t\t\t\t\t<img fetchpriority=\"high\" decoding=\"async\" width=\"768\" height=\"517\" src=\"https:\/\/ospoljcane.si\/nova\/wp-content\/uploads\/2023\/10\/sbiblos-1536x960-1-768x517.png\" class=\"attachment-medium_large size-medium_large wp-image-16396\" alt=\"\" srcset=\"https:\/\/ospoljcane.si\/nova\/wp-content\/uploads\/2023\/10\/sbiblos-1536x960-1-768x517.png 768w, https:\/\/ospoljcane.si\/nova\/wp-content\/uploads\/2023\/10\/sbiblos-1536x960-1-300x202.png 300w, https:\/\/ospoljcane.si\/nova\/wp-content\/uploads\/2023\/10\/sbiblos-1536x960-1-1024x689.png 1024w, https:\/\/ospoljcane.si\/nova\/wp-content\/uploads\/2023\/10\/sbiblos-1536x960-1.png 1242w\" sizes=\"(max-width: 768px) 100vw, 768px\" \/>\t\t\t\t\t\t\t\t\t\t\t\t\t\t\t<\/div>\n\t\t\t\t<\/div>\n\t\t\t\t\t<\/div>\n\t\t<\/div>\n\t\t\t\t\t<\/div>\n\t\t<\/section>\n\t\t\t\t<section class=\"elementor-section elementor-top-section elementor-element elementor-element-f9c85a4 elementor-section-boxed elementor-section-height-default elementor-section-height-default\" data-id=\"f9c85a4\" data-element_type=\"section\" data-e-type=\"section\">\n\t\t\t\t\t\t<div class=\"elementor-container elementor-column-gap-default\">\n\t\t\t\t\t<div class=\"elementor-column elementor-col-100 elementor-top-column elementor-element elementor-element-9b7afe7\" data-id=\"9b7afe7\" data-element_type=\"column\" data-e-type=\"column\">\n\t\t\t<div class=\"elementor-widget-wrap elementor-element-populated\">\n\t\t\t\t\t\t<div class=\"elementor-element elementor-element-2b4cf83 elementor-widget elementor-widget-text-editor\" data-id=\"2b4cf83\" data-element_type=\"widget\" data-e-type=\"widget\" data-widget_type=\"text-editor.default\">\n\t\t\t\t<div class=\"elementor-widget-container\">\n\t\t\t\t\t\t\t\t\t<p>Prek sBiblosa si lahko u\u010denci izposodijo najve\u010d tri e-knjige hkrati in najve\u010d deset e-knjig na mesec.<\/p><p>Vra\u010dilo e-knjig bo potekalo avtomatsko. To pomeni, da se bo po preteku roka e-knjiga zaklenila in do nje ne bo mogo\u010de ve\u010d dostopati, si jo bo pa lahko u\u010denec ponovno izposodil.\u00a0<\/p><p>Za izposojo elektronskih knjig potrebuje\u0161\u00a0<span style=\"color: #cc99ff;\"><strong>uporabni\u0161ko ime<\/strong><\/span>, ki ga dobi\u0161 v \u0161olski knji\u017enici.\u00a0<\/p><p><span style=\"color: #cc99ff;\"><strong>Uporabni\u0161ko ime<\/strong>\u00a0<\/span>je sestavljeno iz dveh delov, ki ju vpi\u0161e\u0161 skupaj brez presledkov:<\/p><ol><li>akronim tvoje knji\u017enice (OSPOL) in<\/li><li>\u0161tevilka tvoje \u0161olske knji\u017eni\u010dne izkaznice.\u00a0<\/li><\/ol><p>Povezavo za nastavitev <strong><span style=\"color: #cc99ff;\">Gesla<\/span>\u00a0<\/strong>za dostop do tvoje e-knji\u017enice sBiblos prejme\u0161 v \u0161olski knji\u017enici.\u00a0<\/p><p>Za podrobnej\u0161e informacije o dostopu si oglejte spletno stran\u00a0<a href=\"https:\/\/www.sbiblos.si\/\">https:\/\/www.sbiblos.si\/<\/a> \u00a0ali se obrnite na \u0161olsko knji\u017enico.\u00a0<\/p><p style=\"text-align: center;\"><a href=\"https:\/\/video.arnes.si\/watch\/crw6xf060nmq\"><span style=\"color: #cc99ff;\"><b>Kratek vodi\u010d uporabe servisa sBiblos na osebnem ra\u010dunalniku<\/b><\/span><\/a><\/p>\t\t\t\t\t\t\t\t<\/div>\n\t\t\t\t<\/div>\n\t\t\t\t\t<\/div>\n\t\t<\/div>\n\t\t\t\t\t<\/div>\n\t\t<\/section>\n\t\t\t\t<\/div>\n\t\t","protected":false},"excerpt":{"rendered":"<p>Vsem\u00a0 osnovnim \u0161olam v Sloveniji je omogo\u010dena brezpla\u010dna uporaba platforme sBiblos in izposoja e-knjig u\u010dencem tretjega triletja. Na voljo je 100 e-knjig (romani: 63, kratka &hellip; <\/p>\n","protected":false},"author":6,"featured_media":0,"parent":1314,"menu_order":4,"comment_status":"closed","ping_status":"closed","template":"","meta":{"footnotes":""},"class_list":["post-16377","page","type-page","status-publish","hentry","image-hover-transition-effect","latest_post"],"yoast_head":"<!-- This site is optimized with the Yoast SEO plugin v27.4 - https:\/\/yoast.com\/product\/yoast-seo-wordpress\/ -->\n<title>sBiblos - Osnovna \u0161ola Kajetana Kovi\u010da Polj\u010dane<\/title>\n<meta name=\"robots\" content=\"index, follow, max-snippet:-1, max-image-preview:large, max-video-preview:-1\" \/>\n<link rel=\"canonical\" href=\"https:\/\/ospoljcane.si\/nova\/knjiznica\/sbiblos\/\" \/>\n<meta property=\"og:locale\" content=\"sl_SI\" \/>\n<meta property=\"og:type\" content=\"article\" \/>\n<meta property=\"og:title\" content=\"sBiblos - Osnovna \u0161ola Kajetana Kovi\u010da Polj\u010dane\" \/>\n<meta property=\"og:description\" content=\"Vsem\u00a0 osnovnim \u0161olam v Sloveniji je omogo\u010dena brezpla\u010dna uporaba platforme sBiblos in izposoja e-knjig u\u010dencem tretjega triletja. Na voljo je 100 e-knjig (romani: 63, kratka &hellip;\" \/>\n<meta property=\"og:url\" content=\"https:\/\/ospoljcane.si\/nova\/knjiznica\/sbiblos\/\" \/>\n<meta property=\"og:site_name\" content=\"Osnovna \u0161ola Kajetana Kovi\u010da Polj\u010dane\" \/>\n<meta property=\"article:modified_time\" content=\"2023-11-15T18:40:57+00:00\" \/>\n<meta property=\"og:image\" content=\"https:\/\/ospoljcane.si\/nova\/wp-content\/uploads\/2023\/10\/sbiblos-1536x960-1-768x517.png\" \/>\n<meta name=\"twitter:card\" content=\"summary_large_image\" \/>\n<meta name=\"twitter:label1\" content=\"Est. reading time\" \/>\n\t<meta name=\"twitter:data1\" content=\"2 minuti\" \/>\n<script type=\"application\/ld+json\" class=\"yoast-schema-graph\">{\"@context\":\"https:\\\/\\\/schema.org\",\"@graph\":[{\"@type\":\"WebPage\",\"@id\":\"https:\\\/\\\/ospoljcane.si\\\/nova\\\/knjiznica\\\/sbiblos\\\/\",\"url\":\"https:\\\/\\\/ospoljcane.si\\\/nova\\\/knjiznica\\\/sbiblos\\\/\",\"name\":\"sBiblos - Osnovna \u0161ola Kajetana Kovi\u010da Polj\u010dane\",\"isPartOf\":{\"@id\":\"https:\\\/\\\/ospoljcane.si\\\/nova\\\/#website\"},\"primaryImageOfPage\":{\"@id\":\"https:\\\/\\\/ospoljcane.si\\\/nova\\\/knjiznica\\\/sbiblos\\\/#primaryimage\"},\"image\":{\"@id\":\"https:\\\/\\\/ospoljcane.si\\\/nova\\\/knjiznica\\\/sbiblos\\\/#primaryimage\"},\"thumbnailUrl\":\"https:\\\/\\\/ospoljcane.si\\\/nova\\\/wp-content\\\/uploads\\\/2023\\\/10\\\/sbiblos-1536x960-1-768x517.png\",\"datePublished\":\"2023-10-25T17:44:23+00:00\",\"dateModified\":\"2023-11-15T18:40:57+00:00\",\"breadcrumb\":{\"@id\":\"https:\\\/\\\/ospoljcane.si\\\/nova\\\/knjiznica\\\/sbiblos\\\/#breadcrumb\"},\"inLanguage\":\"sl-SI\",\"potentialAction\":[{\"@type\":\"ReadAction\",\"target\":[\"https:\\\/\\\/ospoljcane.si\\\/nova\\\/knjiznica\\\/sbiblos\\\/\"]}]},{\"@type\":\"ImageObject\",\"inLanguage\":\"sl-SI\",\"@id\":\"https:\\\/\\\/ospoljcane.si\\\/nova\\\/knjiznica\\\/sbiblos\\\/#primaryimage\",\"url\":\"https:\\\/\\\/ospoljcane.si\\\/nova\\\/wp-content\\\/uploads\\\/2023\\\/10\\\/sbiblos-1536x960-1.png\",\"contentUrl\":\"https:\\\/\\\/ospoljcane.si\\\/nova\\\/wp-content\\\/uploads\\\/2023\\\/10\\\/sbiblos-1536x960-1.png\",\"width\":1242,\"height\":836},{\"@type\":\"BreadcrumbList\",\"@id\":\"https:\\\/\\\/ospoljcane.si\\\/nova\\\/knjiznica\\\/sbiblos\\\/#breadcrumb\",\"itemListElement\":[{\"@type\":\"ListItem\",\"position\":1,\"name\":\"Domov\",\"item\":\"https:\\\/\\\/ospoljcane.si\\\/nova\\\/\"},{\"@type\":\"ListItem\",\"position\":2,\"name\":\"Knji\u017enica\",\"item\":\"https:\\\/\\\/ospoljcane.si\\\/nova\\\/knjiznica\\\/\"},{\"@type\":\"ListItem\",\"position\":3,\"name\":\"sBiblos\"}]},{\"@type\":\"WebSite\",\"@id\":\"https:\\\/\\\/ospoljcane.si\\\/nova\\\/#website\",\"url\":\"https:\\\/\\\/ospoljcane.si\\\/nova\\\/\",\"name\":\"Osnovna \u0161ola Kajetana Kovi\u010da Polj\u010dane\",\"description\":\"\",\"publisher\":{\"@id\":\"https:\\\/\\\/ospoljcane.si\\\/nova\\\/#organization\"},\"potentialAction\":[{\"@type\":\"SearchAction\",\"target\":{\"@type\":\"EntryPoint\",\"urlTemplate\":\"https:\\\/\\\/ospoljcane.si\\\/nova\\\/?s={search_term_string}\"},\"query-input\":{\"@type\":\"PropertyValueSpecification\",\"valueRequired\":true,\"valueName\":\"search_term_string\"}}],\"inLanguage\":\"sl-SI\"},{\"@type\":\"Organization\",\"@id\":\"https:\\\/\\\/ospoljcane.si\\\/nova\\\/#organization\",\"name\":\"Osnovna \u0161ola Kajetana Kovi\u010da Polj\u010dane\",\"url\":\"https:\\\/\\\/ospoljcane.si\\\/nova\\\/\",\"logo\":{\"@type\":\"ImageObject\",\"inLanguage\":\"sl-SI\",\"@id\":\"https:\\\/\\\/ospoljcane.si\\\/nova\\\/#\\\/schema\\\/logo\\\/image\\\/\",\"url\":\"https:\\\/\\\/ospoljcane.si\\\/nova\\\/wp-content\\\/uploads\\\/2020\\\/12\\\/cropped-cropped-Logotip-sole-2016_3G-1-1.png\",\"contentUrl\":\"https:\\\/\\\/ospoljcane.si\\\/nova\\\/wp-content\\\/uploads\\\/2020\\\/12\\\/cropped-cropped-Logotip-sole-2016_3G-1-1.png\",\"width\":512,\"height\":512,\"caption\":\"Osnovna \u0161ola Kajetana Kovi\u010da Polj\u010dane\"},\"image\":{\"@id\":\"https:\\\/\\\/ospoljcane.si\\\/nova\\\/#\\\/schema\\\/logo\\\/image\\\/\"}}]}<\/script>\n<!-- \/ Yoast SEO plugin. -->","yoast_head_json":{"title":"sBiblos - Osnovna \u0161ola Kajetana Kovi\u010da Polj\u010dane","robots":{"index":"index","follow":"follow","max-snippet":"max-snippet:-1","max-image-preview":"max-image-preview:large","max-video-preview":"max-video-preview:-1"},"canonical":"https:\/\/ospoljcane.si\/nova\/knjiznica\/sbiblos\/","og_locale":"sl_SI","og_type":"article","og_title":"sBiblos - Osnovna \u0161ola Kajetana Kovi\u010da Polj\u010dane","og_description":"Vsem\u00a0 osnovnim \u0161olam v Sloveniji je omogo\u010dena brezpla\u010dna uporaba platforme sBiblos in izposoja e-knjig u\u010dencem tretjega triletja. Na voljo je 100 e-knjig (romani: 63, kratka &hellip;","og_url":"https:\/\/ospoljcane.si\/nova\/knjiznica\/sbiblos\/","og_site_name":"Osnovna \u0161ola Kajetana Kovi\u010da Polj\u010dane","article_modified_time":"2023-11-15T18:40:57+00:00","og_image":[{"url":"https:\/\/ospoljcane.si\/nova\/wp-content\/uploads\/2023\/10\/sbiblos-1536x960-1-768x517.png","type":"","width":"","height":""}],"twitter_card":"summary_large_image","twitter_misc":{"Est. reading time":"2 minuti"},"schema":{"@context":"https:\/\/schema.org","@graph":[{"@type":"WebPage","@id":"https:\/\/ospoljcane.si\/nova\/knjiznica\/sbiblos\/","url":"https:\/\/ospoljcane.si\/nova\/knjiznica\/sbiblos\/","name":"sBiblos - Osnovna \u0161ola Kajetana Kovi\u010da Polj\u010dane","isPartOf":{"@id":"https:\/\/ospoljcane.si\/nova\/#website"},"primaryImageOfPage":{"@id":"https:\/\/ospoljcane.si\/nova\/knjiznica\/sbiblos\/#primaryimage"},"image":{"@id":"https:\/\/ospoljcane.si\/nova\/knjiznica\/sbiblos\/#primaryimage"},"thumbnailUrl":"https:\/\/ospoljcane.si\/nova\/wp-content\/uploads\/2023\/10\/sbiblos-1536x960-1-768x517.png","datePublished":"2023-10-25T17:44:23+00:00","dateModified":"2023-11-15T18:40:57+00:00","breadcrumb":{"@id":"https:\/\/ospoljcane.si\/nova\/knjiznica\/sbiblos\/#breadcrumb"},"inLanguage":"sl-SI","potentialAction":[{"@type":"ReadAction","target":["https:\/\/ospoljcane.si\/nova\/knjiznica\/sbiblos\/"]}]},{"@type":"ImageObject","inLanguage":"sl-SI","@id":"https:\/\/ospoljcane.si\/nova\/knjiznica\/sbiblos\/#primaryimage","url":"https:\/\/ospoljcane.si\/nova\/wp-content\/uploads\/2023\/10\/sbiblos-1536x960-1.png","contentUrl":"https:\/\/ospoljcane.si\/nova\/wp-content\/uploads\/2023\/10\/sbiblos-1536x960-1.png","width":1242,"height":836},{"@type":"BreadcrumbList","@id":"https:\/\/ospoljcane.si\/nova\/knjiznica\/sbiblos\/#breadcrumb","itemListElement":[{"@type":"ListItem","position":1,"name":"Domov","item":"https:\/\/ospoljcane.si\/nova\/"},{"@type":"ListItem","position":2,"name":"Knji\u017enica","item":"https:\/\/ospoljcane.si\/nova\/knjiznica\/"},{"@type":"ListItem","position":3,"name":"sBiblos"}]},{"@type":"WebSite","@id":"https:\/\/ospoljcane.si\/nova\/#website","url":"https:\/\/ospoljcane.si\/nova\/","name":"Osnovna \u0161ola Kajetana Kovi\u010da Polj\u010dane","description":"","publisher":{"@id":"https:\/\/ospoljcane.si\/nova\/#organization"},"potentialAction":[{"@type":"SearchAction","target":{"@type":"EntryPoint","urlTemplate":"https:\/\/ospoljcane.si\/nova\/?s={search_term_string}"},"query-input":{"@type":"PropertyValueSpecification","valueRequired":true,"valueName":"search_term_string"}}],"inLanguage":"sl-SI"},{"@type":"Organization","@id":"https:\/\/ospoljcane.si\/nova\/#organization","name":"Osnovna \u0161ola Kajetana Kovi\u010da Polj\u010dane","url":"https:\/\/ospoljcane.si\/nova\/","logo":{"@type":"ImageObject","inLanguage":"sl-SI","@id":"https:\/\/ospoljcane.si\/nova\/#\/schema\/logo\/image\/","url":"https:\/\/ospoljcane.si\/nova\/wp-content\/uploads\/2020\/12\/cropped-cropped-Logotip-sole-2016_3G-1-1.png","contentUrl":"https:\/\/ospoljcane.si\/nova\/wp-content\/uploads\/2020\/12\/cropped-cropped-Logotip-sole-2016_3G-1-1.png","width":512,"height":512,"caption":"Osnovna \u0161ola Kajetana Kovi\u010da Polj\u010dane"},"image":{"@id":"https:\/\/ospoljcane.si\/nova\/#\/schema\/logo\/image\/"}}]}},"_links":{"self":[{"href":"https:\/\/ospoljcane.si\/nova\/wp-json\/wp\/v2\/pages\/16377","targetHints":{"allow":["GET"]}}],"collection":[{"href":"https:\/\/ospoljcane.si\/nova\/wp-json\/wp\/v2\/pages"}],"about":[{"href":"https:\/\/ospoljcane.si\/nova\/wp-json\/wp\/v2\/types\/page"}],"author":[{"embeddable":true,"href":"https:\/\/ospoljcane.si\/nova\/wp-json\/wp\/v2\/users\/6"}],"replies":[{"embeddable":true,"href":"https:\/\/ospoljcane.si\/nova\/wp-json\/wp\/v2\/comments?post=16377"}],"version-history":[{"count":13,"href":"https:\/\/ospoljcane.si\/nova\/wp-json\/wp\/v2\/pages\/16377\/revisions"}],"predecessor-version":[{"id":16519,"href":"https:\/\/ospoljcane.si\/nova\/wp-json\/wp\/v2\/pages\/16377\/revisions\/16519"}],"up":[{"embeddable":true,"href":"https:\/\/ospoljcane.si\/nova\/wp-json\/wp\/v2\/pages\/1314"}],"wp:attachment":[{"href":"https:\/\/ospoljcane.si\/nova\/wp-json\/wp\/v2\/media?parent=16377"}],"curies":[{"name":"wp","href":"https:\/\/api.w.org\/{rel}","templated":true}]}}