{"id":16141,"date":"2023-10-03T12:39:12","date_gmt":"2023-10-03T10:39:12","guid":{"rendered":"https:\/\/ospoljcane.si\/nova\/?page_id=16141"},"modified":"2023-10-03T12:40:50","modified_gmt":"2023-10-03T10:40:50","slug":"predstavitev-dela-sol-v-projektu-vitr","status":"publish","type":"page","link":"https:\/\/ospoljcane.si\/nova\/predstavitev-dela-sol-v-projektu-vitr\/","title":{"rendered":"Predstavitev dela \u0161ol v projektu VITR"},"content":{"rendered":"\t\t<div data-elementor-type=\"wp-page\" data-elementor-id=\"16141\" class=\"elementor elementor-16141\" data-elementor-post-type=\"page\">\n\t\t\t\t\t\t<section class=\"elementor-section elementor-top-section elementor-element elementor-element-17fd9f7 elementor-section-boxed elementor-section-height-default elementor-section-height-default\" data-id=\"17fd9f7\" data-element_type=\"section\" data-e-type=\"section\">\n\t\t\t\t\t\t<div class=\"elementor-container elementor-column-gap-default\">\n\t\t\t\t\t<div class=\"elementor-column elementor-col-100 elementor-top-column elementor-element elementor-element-65f52a1\" data-id=\"65f52a1\" data-element_type=\"column\" data-e-type=\"column\">\n\t\t\t<div class=\"elementor-widget-wrap elementor-element-populated\">\n\t\t\t\t\t\t\t<\/div>\n\t\t<\/div>\n\t\t\t\t\t<\/div>\n\t\t<\/section>\n\t\t\t\t<section class=\"elementor-section elementor-top-section elementor-element elementor-element-9d16408 elementor-section-boxed elementor-section-height-default elementor-section-height-default\" data-id=\"9d16408\" data-element_type=\"section\" data-e-type=\"section\">\n\t\t\t\t\t\t<div class=\"elementor-container elementor-column-gap-default\">\n\t\t\t\t\t<div class=\"elementor-column elementor-col-50 elementor-top-column elementor-element elementor-element-6359e80\" data-id=\"6359e80\" data-element_type=\"column\" data-e-type=\"column\">\n\t\t\t<div class=\"elementor-widget-wrap elementor-element-populated\">\n\t\t\t\t\t\t<div class=\"elementor-element elementor-element-f98794b elementor-widget__width-initial elementor-widget elementor-widget-text-editor\" data-id=\"f98794b\" data-element_type=\"widget\" data-e-type=\"widget\" data-widget_type=\"text-editor.default\">\n\t\t\t\t<div class=\"elementor-widget-container\">\n\t\t\t\t\t\t\t\t\t<p>Ob zaklju\u010dku projekta PODNEBNI CILJI IN VSEBINE (2021-2023) je iz\u0161la predstavitvena bro\u0161ura o delu \u0161ol, ki so bile v programu VITR.<\/p><p>Povezava:\u00a0<a href=\"https:\/\/www.zrss.si\/pdf\/AktivnostiVIZ_Podnebni_cilji_in_vsebine_vVIZ.pdf\">AktivnostiVIZ_Podnebni_cilji_in_vsebine_vVIZ.pdf (zrss.si)<\/a><\/p>\t\t\t\t\t\t\t\t<\/div>\n\t\t\t\t<\/div>\n\t\t\t\t<div class=\"elementor-element elementor-element-cfff1d0 elementor-widget elementor-widget-image\" data-id=\"cfff1d0\" data-element_type=\"widget\" data-e-type=\"widget\" data-widget_type=\"image.default\">\n\t\t\t\t<div class=\"elementor-widget-container\">\n\t\t\t\t\t\t\t\t\t\t\t\t\t\t\t<img decoding=\"async\" width=\"194\" height=\"198\" src=\"https:\/\/ospoljcane.si\/nova\/wp-content\/uploads\/2023\/09\/vitr-drevo.png\" class=\"attachment-large size-large wp-image-15892\" alt=\"\" \/>\t\t\t\t\t\t\t\t\t\t\t\t\t\t\t<\/div>\n\t\t\t\t<\/div>\n\t\t\t\t\t<\/div>\n\t\t<\/div>\n\t\t\t\t<div class=\"elementor-column elementor-col-50 elementor-top-column elementor-element elementor-element-36a14fe\" data-id=\"36a14fe\" data-element_type=\"column\" data-e-type=\"column\">\n\t\t\t<div class=\"elementor-widget-wrap elementor-element-populated\">\n\t\t\t\t\t\t<div class=\"elementor-element elementor-element-c73afff elementor-widget__width-initial elementor-widget elementor-widget-image\" data-id=\"c73afff\" data-element_type=\"widget\" data-e-type=\"widget\" data-widget_type=\"image.default\">\n\t\t\t\t<div class=\"elementor-widget-container\">\n\t\t\t\t\t\t\t\t\t\t\t\t\t\t\t<img fetchpriority=\"high\" decoding=\"async\" width=\"723\" height=\"1024\" src=\"https:\/\/ospoljcane.si\/nova\/wp-content\/uploads\/2023\/04\/O\u253ca-Kajetana-Kovi\u2500Za-Polj\u2500Zane_-popravljeno1024_1.jpg\" class=\"attachment-large size-large wp-image-13869\" alt=\"\" srcset=\"https:\/\/ospoljcane.si\/nova\/wp-content\/uploads\/2023\/04\/O\u253ca-Kajetana-Kovi\u2500Za-Polj\u2500Zane_-popravljeno1024_1.jpg 723w, https:\/\/ospoljcane.si\/nova\/wp-content\/uploads\/2023\/04\/O\u253ca-Kajetana-Kovi\u2500Za-Polj\u2500Zane_-popravljeno1024_1-212x300.jpg 212w\" sizes=\"(max-width: 723px) 100vw, 723px\" \/>\t\t\t\t\t\t\t\t\t\t\t\t\t\t\t<\/div>\n\t\t\t\t<\/div>\n\t\t\t\t\t<\/div>\n\t\t<\/div>\n\t\t\t\t\t<\/div>\n\t\t<\/section>\n\t\t\t\t<\/div>\n\t\t","protected":false},"excerpt":{"rendered":"<p>Ob zaklju\u010dku projekta PODNEBNI CILJI IN VSEBINE (2021-2023) je iz\u0161la predstavitvena bro\u0161ura o delu \u0161ol, ki so bile v programu VITR. Povezava:\u00a0AktivnostiVIZ_Podnebni_cilji_in_vsebine_vVIZ.pdf (zrss.si)<\/p>\n","protected":false},"author":6,"featured_media":0,"parent":0,"menu_order":0,"comment_status":"closed","ping_status":"closed","template":"","meta":{"footnotes":""},"class_list":["post-16141","page","type-page","status-publish","hentry","image-hover-transition-effect","latest_post"],"yoast_head":"<!-- This site is optimized with the Yoast SEO plugin v27.4 - https:\/\/yoast.com\/product\/yoast-seo-wordpress\/ -->\n<title>Predstavitev dela \u0161ol v projektu VITR - Osnovna \u0161ola Kajetana Kovi\u010da Polj\u010dane<\/title>\n<meta name=\"robots\" content=\"index, follow, max-snippet:-1, max-image-preview:large, max-video-preview:-1\" \/>\n<link rel=\"canonical\" href=\"https:\/\/ospoljcane.si\/nova\/predstavitev-dela-sol-v-projektu-vitr\/\" \/>\n<meta property=\"og:locale\" content=\"sl_SI\" \/>\n<meta property=\"og:type\" content=\"article\" \/>\n<meta property=\"og:title\" content=\"Predstavitev dela \u0161ol v projektu VITR - Osnovna \u0161ola Kajetana Kovi\u010da Polj\u010dane\" \/>\n<meta property=\"og:description\" content=\"Ob zaklju\u010dku projekta PODNEBNI CILJI IN VSEBINE (2021-2023) je iz\u0161la predstavitvena bro\u0161ura o delu \u0161ol, ki so bile v programu VITR. Povezava:\u00a0AktivnostiVIZ_Podnebni_cilji_in_vsebine_vVIZ.pdf (zrss.si)\" \/>\n<meta property=\"og:url\" content=\"https:\/\/ospoljcane.si\/nova\/predstavitev-dela-sol-v-projektu-vitr\/\" \/>\n<meta property=\"og:site_name\" content=\"Osnovna \u0161ola Kajetana Kovi\u010da Polj\u010dane\" \/>\n<meta property=\"article:modified_time\" content=\"2023-10-03T10:40:50+00:00\" \/>\n<meta property=\"og:image\" content=\"https:\/\/ospoljcane.si\/nova\/wp-content\/uploads\/2023\/09\/vitr-drevo.png\" \/>\n<meta name=\"twitter:card\" content=\"summary_large_image\" \/>\n<meta name=\"twitter:label1\" content=\"Est. reading time\" \/>\n\t<meta name=\"twitter:data1\" content=\"1 minuta\" \/>\n<script type=\"application\/ld+json\" class=\"yoast-schema-graph\">{\"@context\":\"https:\\\/\\\/schema.org\",\"@graph\":[{\"@type\":\"WebPage\",\"@id\":\"https:\\\/\\\/ospoljcane.si\\\/nova\\\/predstavitev-dela-sol-v-projektu-vitr\\\/\",\"url\":\"https:\\\/\\\/ospoljcane.si\\\/nova\\\/predstavitev-dela-sol-v-projektu-vitr\\\/\",\"name\":\"Predstavitev dela \u0161ol v projektu VITR - Osnovna \u0161ola Kajetana Kovi\u010da Polj\u010dane\",\"isPartOf\":{\"@id\":\"https:\\\/\\\/ospoljcane.si\\\/nova\\\/#website\"},\"primaryImageOfPage\":{\"@id\":\"https:\\\/\\\/ospoljcane.si\\\/nova\\\/predstavitev-dela-sol-v-projektu-vitr\\\/#primaryimage\"},\"image\":{\"@id\":\"https:\\\/\\\/ospoljcane.si\\\/nova\\\/predstavitev-dela-sol-v-projektu-vitr\\\/#primaryimage\"},\"thumbnailUrl\":\"https:\\\/\\\/ospoljcane.si\\\/nova\\\/wp-content\\\/uploads\\\/2023\\\/09\\\/vitr-drevo.png\",\"datePublished\":\"2023-10-03T10:39:12+00:00\",\"dateModified\":\"2023-10-03T10:40:50+00:00\",\"breadcrumb\":{\"@id\":\"https:\\\/\\\/ospoljcane.si\\\/nova\\\/predstavitev-dela-sol-v-projektu-vitr\\\/#breadcrumb\"},\"inLanguage\":\"sl-SI\",\"potentialAction\":[{\"@type\":\"ReadAction\",\"target\":[\"https:\\\/\\\/ospoljcane.si\\\/nova\\\/predstavitev-dela-sol-v-projektu-vitr\\\/\"]}]},{\"@type\":\"ImageObject\",\"inLanguage\":\"sl-SI\",\"@id\":\"https:\\\/\\\/ospoljcane.si\\\/nova\\\/predstavitev-dela-sol-v-projektu-vitr\\\/#primaryimage\",\"url\":\"https:\\\/\\\/ospoljcane.si\\\/nova\\\/wp-content\\\/uploads\\\/2023\\\/09\\\/vitr-drevo.png\",\"contentUrl\":\"https:\\\/\\\/ospoljcane.si\\\/nova\\\/wp-content\\\/uploads\\\/2023\\\/09\\\/vitr-drevo.png\",\"width\":194,\"height\":198},{\"@type\":\"BreadcrumbList\",\"@id\":\"https:\\\/\\\/ospoljcane.si\\\/nova\\\/predstavitev-dela-sol-v-projektu-vitr\\\/#breadcrumb\",\"itemListElement\":[{\"@type\":\"ListItem\",\"position\":1,\"name\":\"Domov\",\"item\":\"https:\\\/\\\/ospoljcane.si\\\/nova\\\/\"},{\"@type\":\"ListItem\",\"position\":2,\"name\":\"Predstavitev dela \u0161ol v projektu VITR\"}]},{\"@type\":\"WebSite\",\"@id\":\"https:\\\/\\\/ospoljcane.si\\\/nova\\\/#website\",\"url\":\"https:\\\/\\\/ospoljcane.si\\\/nova\\\/\",\"name\":\"Osnovna \u0161ola Kajetana Kovi\u010da Polj\u010dane\",\"description\":\"\",\"publisher\":{\"@id\":\"https:\\\/\\\/ospoljcane.si\\\/nova\\\/#organization\"},\"potentialAction\":[{\"@type\":\"SearchAction\",\"target\":{\"@type\":\"EntryPoint\",\"urlTemplate\":\"https:\\\/\\\/ospoljcane.si\\\/nova\\\/?s={search_term_string}\"},\"query-input\":{\"@type\":\"PropertyValueSpecification\",\"valueRequired\":true,\"valueName\":\"search_term_string\"}}],\"inLanguage\":\"sl-SI\"},{\"@type\":\"Organization\",\"@id\":\"https:\\\/\\\/ospoljcane.si\\\/nova\\\/#organization\",\"name\":\"Osnovna \u0161ola Kajetana Kovi\u010da Polj\u010dane\",\"url\":\"https:\\\/\\\/ospoljcane.si\\\/nova\\\/\",\"logo\":{\"@type\":\"ImageObject\",\"inLanguage\":\"sl-SI\",\"@id\":\"https:\\\/\\\/ospoljcane.si\\\/nova\\\/#\\\/schema\\\/logo\\\/image\\\/\",\"url\":\"https:\\\/\\\/ospoljcane.si\\\/nova\\\/wp-content\\\/uploads\\\/2020\\\/12\\\/cropped-cropped-Logotip-sole-2016_3G-1-1.png\",\"contentUrl\":\"https:\\\/\\\/ospoljcane.si\\\/nova\\\/wp-content\\\/uploads\\\/2020\\\/12\\\/cropped-cropped-Logotip-sole-2016_3G-1-1.png\",\"width\":512,\"height\":512,\"caption\":\"Osnovna \u0161ola Kajetana Kovi\u010da Polj\u010dane\"},\"image\":{\"@id\":\"https:\\\/\\\/ospoljcane.si\\\/nova\\\/#\\\/schema\\\/logo\\\/image\\\/\"}}]}<\/script>\n<!-- \/ Yoast SEO plugin. -->","yoast_head_json":{"title":"Predstavitev dela \u0161ol v projektu VITR - Osnovna \u0161ola Kajetana Kovi\u010da Polj\u010dane","robots":{"index":"index","follow":"follow","max-snippet":"max-snippet:-1","max-image-preview":"max-image-preview:large","max-video-preview":"max-video-preview:-1"},"canonical":"https:\/\/ospoljcane.si\/nova\/predstavitev-dela-sol-v-projektu-vitr\/","og_locale":"sl_SI","og_type":"article","og_title":"Predstavitev dela \u0161ol v projektu VITR - Osnovna \u0161ola Kajetana Kovi\u010da Polj\u010dane","og_description":"Ob zaklju\u010dku projekta PODNEBNI CILJI IN VSEBINE (2021-2023) je iz\u0161la predstavitvena bro\u0161ura o delu \u0161ol, ki so bile v programu VITR. Povezava:\u00a0AktivnostiVIZ_Podnebni_cilji_in_vsebine_vVIZ.pdf (zrss.si)","og_url":"https:\/\/ospoljcane.si\/nova\/predstavitev-dela-sol-v-projektu-vitr\/","og_site_name":"Osnovna \u0161ola Kajetana Kovi\u010da Polj\u010dane","article_modified_time":"2023-10-03T10:40:50+00:00","og_image":[{"url":"https:\/\/ospoljcane.si\/nova\/wp-content\/uploads\/2023\/09\/vitr-drevo.png","type":"","width":"","height":""}],"twitter_card":"summary_large_image","twitter_misc":{"Est. reading time":"1 minuta"},"schema":{"@context":"https:\/\/schema.org","@graph":[{"@type":"WebPage","@id":"https:\/\/ospoljcane.si\/nova\/predstavitev-dela-sol-v-projektu-vitr\/","url":"https:\/\/ospoljcane.si\/nova\/predstavitev-dela-sol-v-projektu-vitr\/","name":"Predstavitev dela \u0161ol v projektu VITR - Osnovna \u0161ola Kajetana Kovi\u010da Polj\u010dane","isPartOf":{"@id":"https:\/\/ospoljcane.si\/nova\/#website"},"primaryImageOfPage":{"@id":"https:\/\/ospoljcane.si\/nova\/predstavitev-dela-sol-v-projektu-vitr\/#primaryimage"},"image":{"@id":"https:\/\/ospoljcane.si\/nova\/predstavitev-dela-sol-v-projektu-vitr\/#primaryimage"},"thumbnailUrl":"https:\/\/ospoljcane.si\/nova\/wp-content\/uploads\/2023\/09\/vitr-drevo.png","datePublished":"2023-10-03T10:39:12+00:00","dateModified":"2023-10-03T10:40:50+00:00","breadcrumb":{"@id":"https:\/\/ospoljcane.si\/nova\/predstavitev-dela-sol-v-projektu-vitr\/#breadcrumb"},"inLanguage":"sl-SI","potentialAction":[{"@type":"ReadAction","target":["https:\/\/ospoljcane.si\/nova\/predstavitev-dela-sol-v-projektu-vitr\/"]}]},{"@type":"ImageObject","inLanguage":"sl-SI","@id":"https:\/\/ospoljcane.si\/nova\/predstavitev-dela-sol-v-projektu-vitr\/#primaryimage","url":"https:\/\/ospoljcane.si\/nova\/wp-content\/uploads\/2023\/09\/vitr-drevo.png","contentUrl":"https:\/\/ospoljcane.si\/nova\/wp-content\/uploads\/2023\/09\/vitr-drevo.png","width":194,"height":198},{"@type":"BreadcrumbList","@id":"https:\/\/ospoljcane.si\/nova\/predstavitev-dela-sol-v-projektu-vitr\/#breadcrumb","itemListElement":[{"@type":"ListItem","position":1,"name":"Domov","item":"https:\/\/ospoljcane.si\/nova\/"},{"@type":"ListItem","position":2,"name":"Predstavitev dela \u0161ol v projektu VITR"}]},{"@type":"WebSite","@id":"https:\/\/ospoljcane.si\/nova\/#website","url":"https:\/\/ospoljcane.si\/nova\/","name":"Osnovna \u0161ola Kajetana Kovi\u010da Polj\u010dane","description":"","publisher":{"@id":"https:\/\/ospoljcane.si\/nova\/#organization"},"potentialAction":[{"@type":"SearchAction","target":{"@type":"EntryPoint","urlTemplate":"https:\/\/ospoljcane.si\/nova\/?s={search_term_string}"},"query-input":{"@type":"PropertyValueSpecification","valueRequired":true,"valueName":"search_term_string"}}],"inLanguage":"sl-SI"},{"@type":"Organization","@id":"https:\/\/ospoljcane.si\/nova\/#organization","name":"Osnovna \u0161ola Kajetana Kovi\u010da Polj\u010dane","url":"https:\/\/ospoljcane.si\/nova\/","logo":{"@type":"ImageObject","inLanguage":"sl-SI","@id":"https:\/\/ospoljcane.si\/nova\/#\/schema\/logo\/image\/","url":"https:\/\/ospoljcane.si\/nova\/wp-content\/uploads\/2020\/12\/cropped-cropped-Logotip-sole-2016_3G-1-1.png","contentUrl":"https:\/\/ospoljcane.si\/nova\/wp-content\/uploads\/2020\/12\/cropped-cropped-Logotip-sole-2016_3G-1-1.png","width":512,"height":512,"caption":"Osnovna \u0161ola Kajetana Kovi\u010da Polj\u010dane"},"image":{"@id":"https:\/\/ospoljcane.si\/nova\/#\/schema\/logo\/image\/"}}]}},"_links":{"self":[{"href":"https:\/\/ospoljcane.si\/nova\/wp-json\/wp\/v2\/pages\/16141","targetHints":{"allow":["GET"]}}],"collection":[{"href":"https:\/\/ospoljcane.si\/nova\/wp-json\/wp\/v2\/pages"}],"about":[{"href":"https:\/\/ospoljcane.si\/nova\/wp-json\/wp\/v2\/types\/page"}],"author":[{"embeddable":true,"href":"https:\/\/ospoljcane.si\/nova\/wp-json\/wp\/v2\/users\/6"}],"replies":[{"embeddable":true,"href":"https:\/\/ospoljcane.si\/nova\/wp-json\/wp\/v2\/comments?post=16141"}],"version-history":[{"count":4,"href":"https:\/\/ospoljcane.si\/nova\/wp-json\/wp\/v2\/pages\/16141\/revisions"}],"predecessor-version":[{"id":16146,"href":"https:\/\/ospoljcane.si\/nova\/wp-json\/wp\/v2\/pages\/16141\/revisions\/16146"}],"wp:attachment":[{"href":"https:\/\/ospoljcane.si\/nova\/wp-json\/wp\/v2\/media?parent=16141"}],"curies":[{"name":"wp","href":"https:\/\/api.w.org\/{rel}","templated":true}]}}