{"id":161,"date":"2020-11-13T16:05:56","date_gmt":"2020-11-13T15:05:56","guid":{"rendered":"http:\/\/ospoljcane.si\/nova\/?page_id=161"},"modified":"2025-10-17T09:06:27","modified_gmt":"2025-10-17T07:06:27","slug":"organi-upravljanja","status":"publish","type":"page","link":"https:\/\/ospoljcane.si\/nova\/o-soli\/splosno\/organi-upravljanja\/","title":{"rendered":"Organi upravljanja"},"content":{"rendered":"\t\t<div data-elementor-type=\"wp-page\" data-elementor-id=\"161\" class=\"elementor elementor-161\" data-elementor-post-type=\"page\">\n\t\t\t\t\t\t<section class=\"elementor-section elementor-top-section elementor-element elementor-element-5aec086b elementor-section-boxed elementor-section-height-default elementor-section-height-default\" data-id=\"5aec086b\" data-element_type=\"section\" data-e-type=\"section\">\n\t\t\t\t\t\t<div class=\"elementor-container elementor-column-gap-default\">\n\t\t\t\t\t<div class=\"elementor-column elementor-col-100 elementor-top-column elementor-element elementor-element-ba8e18d\" data-id=\"ba8e18d\" data-element_type=\"column\" data-e-type=\"column\">\n\t\t\t<div class=\"elementor-widget-wrap elementor-element-populated\">\n\t\t\t\t\t\t<div class=\"elementor-element elementor-element-2a9f92e5 elementor-widget__width-initial elementor-widget elementor-widget-text-editor\" data-id=\"2a9f92e5\" data-element_type=\"widget\" data-e-type=\"widget\" data-widget_type=\"text-editor.default\">\n\t\t\t\t<div class=\"elementor-widget-container\">\n\t\t\t\t\t\t\t\t\t<p><span style=\"color: #993366;\"><strong><em>Svet zavoda<\/em><\/strong><\/span><\/p>\n<p><!-- \/wp:paragraph --><\/p>\n<p><!-- wp:paragraph --><\/p>\n<p>Pristojnost: imenuje ravnatelja, sprejema program razvoja, letni delovni na\u010drt in poro\u010dilo o njegovi uresni\u010ditvi, odlo\u010da o uvedbi nadstandardnih programov, obravnava poro\u010dila o vzgojno-izobra\u017eevalni problematiki, odlo\u010da o prito\u017ebah.<\/p>\n<p><!-- \/wp:paragraph --><\/p>\n<p><!-- wp:paragraph --><\/p>\n<p>Sestava:\u00a0\u00a0\u00a0\u00a0\u00a0\u00a0\u00a0<\/p>\n<p><!-- \/wp:paragraph --><\/p>\n<p><!-- wp:paragraph --><\/p>\n<ul>\n<li>predstavniki ustanovitelja: Eva Jug, Boris Kodri\u010d, Nastja Pavli\u010d (od 4. 3. 2024)<\/li>\n<li>predstavniki \u0161ole: Katarina Kodri\u010d, Valerija Vantur, Kotnik Renata, Mateja Skerbi\u0161, Tina Simoni\u010d (od 4. 3. 2024)<\/li>\n<li>predstavniki star\u0161ev: Alen Magdiss Fontana, Bo\u0161tjan Najvirt, Petra Riegler, (od 4. 3. 2024)\u00a0<\/li>\n<\/ul>\n<p>Predsednica Sveta zavoda je Tina Simoni\u010d (od 4. 3. 2024) namestnik je Valerija Vantur. Mandat \u010dlanov Sveta zavoda je \u0161tiri leta (4. 3. 2024 &#8211; 1. 3. 2028).<\/p>\n<p><span style=\"color: #993366;\"><strong><em>Ravnateljica<\/em><\/strong><\/span><\/p>\n<p><!-- \/wp:paragraph --><\/p>\n<p><!-- wp:paragraph --><!-- \/wp:paragraph --><\/p>\n<p><!-- wp:paragraph --><\/p>\n<p>Pristojnosti:\u00a0pedago\u0161ki vodja in poslovodni organ \u0161ole<em>.<\/em><\/p>\n<p>Ravnateljica Osnovne \u0161ole Kajetana Kovi\u010da Polj\u010dane je mag. Francka MRAVLJE.<\/p>\n<p><!-- \/wp:paragraph --><\/p>\n<p><!-- wp:paragraph --><!-- \/wp:paragraph --><\/p>\n<p><!-- wp:paragraph --><\/p>\n<p>\u00a0<\/p>\n<p><!-- \/wp:paragraph --><\/p>\t\t\t\t\t\t\t\t<\/div>\n\t\t\t\t<\/div>\n\t\t\t\t\t<\/div>\n\t\t<\/div>\n\t\t\t\t\t<\/div>\n\t\t<\/section>\n\t\t\t\t<section class=\"elementor-section elementor-top-section elementor-element elementor-element-204a36d elementor-section-boxed elementor-section-height-default elementor-section-height-default\" data-id=\"204a36d\" data-element_type=\"section\" data-e-type=\"section\">\n\t\t\t\t\t\t<div class=\"elementor-container elementor-column-gap-default\">\n\t\t\t\t\t<div class=\"elementor-column elementor-col-100 elementor-top-column elementor-element elementor-element-79b3b38\" data-id=\"79b3b38\" data-element_type=\"column\" data-e-type=\"column\">\n\t\t\t<div class=\"elementor-widget-wrap elementor-element-populated\">\n\t\t\t\t\t\t<div class=\"elementor-element elementor-element-045d4f4 elementor-widget__width-initial elementor-widget elementor-widget-text-editor\" data-id=\"045d4f4\" data-element_type=\"widget\" data-e-type=\"widget\" data-widget_type=\"text-editor.default\">\n\t\t\t\t<div class=\"elementor-widget-container\">\n\t\t\t\t\t\t\t\t\t<p style=\"text-align: left;\"><span style=\"color: #993366;\"><strong><em>Svet star\u0161ev<\/em><\/strong><\/span><\/p>\n<table width=\"245\">\n<tbody>\n<tr>\n<td width=\"75\">\n<p style=\"text-align: left;\">\u00a0<\/p>\n<\/td>\n<td style=\"text-align: left;\" width=\"170\">\n<p>Ime in priimek<\/p>\n<\/td>\n<\/tr>\n<tr>\n<td width=\"75\">\n<p><strong>1. a<\/strong><\/p>\n<\/td>\n<td width=\"170\">\n<p>Luka Rozman<\/p>\n<\/td>\n<\/tr>\n<tr>\n<td width=\"75\">\n<p><strong>1. b<\/strong><\/p>\n<\/td>\n<td width=\"170\">\n<p>Barbara \u0160pes<\/p>\n<\/td>\n<\/tr>\n<tr>\n<td width=\"75\">\n<p><strong>2. a<\/strong><\/p>\n<\/td>\n<td width=\"170\">\n<p>Sla\u0111ana Stojiljkovi\u0107<\/p>\n<\/td>\n<\/tr>\n<tr>\n<td width=\"75\">\n<p><strong>2. b<\/strong><\/p>\n<\/td>\n<td width=\"170\">\n<p>Sara Kova\u010d<\/p>\n<\/td>\n<\/tr>\n<tr>\n<td width=\"75\">\n<p><strong>3. a<\/strong><\/p>\n<\/td>\n<td width=\"170\">\n<p>Mirjana Jelov\u0161ek<\/p>\n<\/td>\n<\/tr>\n<tr>\n<td width=\"75\">\n<p><strong>3. b<\/strong><\/p>\n<\/td>\n<td width=\"170\">\n<p>Nata\u0161a Mandi\u0107<\/p>\n<\/td>\n<\/tr>\n<tr>\n<td width=\"75\">\n<p><strong>4. a<\/strong><\/p>\n<\/td>\n<td width=\"170\">\n<p>Alen Magdiss Fontana<\/p>\n<\/td>\n<\/tr>\n<tr>\n<td width=\"75\">\n<p><strong>4. b<\/strong><\/p>\n<\/td>\n<td width=\"170\">\n<p>Hecl Rok<\/p>\n<\/td>\n<\/tr>\n<tr>\n<td width=\"75\">\n<p><strong>5. a<\/strong><\/p>\n<\/td>\n<td width=\"170\">\n<p>Luka Regvart<\/p>\n<\/td>\n<\/tr>\n<tr>\n<td width=\"75\">\n<p><strong>5. b<\/strong><\/p>\n<\/td>\n<td width=\"170\">\n<p>Petra Riegler<\/p>\n<\/td>\n<\/tr>\n<tr>\n<td width=\"75\">\n<p><strong>6. a<\/strong><\/p>\n<\/td>\n<td width=\"170\">\n<p>Katarina Mastnak<\/p>\n<\/td>\n<\/tr>\n<tr>\n<td width=\"75\">\n<p><strong>6. b<\/strong><\/p>\n<\/td>\n<td width=\"170\">\n<p>Petra Korenak<\/p>\n<\/td>\n<\/tr>\n<tr>\n<td width=\"75\">\n<p><strong>7. a<\/strong><\/p>\n<\/td>\n<td width=\"170\">\n<p>Petra Brence<\/p>\n<\/td>\n<\/tr>\n<tr>\n<td width=\"75\">\n<p><strong>7. b<\/strong><\/p>\n<\/td>\n<td width=\"170\">\n<p>Bo\u0161tjan Najvirt<\/p>\n<\/td>\n<\/tr>\n<tr>\n<td width=\"75\">\n<p><strong>8. a<\/strong><\/p>\n<\/td>\n<td width=\"170\">\n<p>Melanija A\u010dko<\/p>\n<\/td>\n<\/tr>\n<tr>\n<td width=\"75\">\n<p><strong>8. b<\/strong><\/p>\n<\/td>\n<td width=\"170\">\n<p>Katja Stegne<\/p>\n<\/td>\n<\/tr>\n<tr>\n<td width=\"75\">\n<p><strong>9. a<\/strong><\/p>\n<\/td>\n<td width=\"170\">\n<p>Igor Zver<\/p>\n<\/td>\n<\/tr>\n<tr>\n<td width=\"75\">\n<p><strong>9. b<\/strong><\/p>\n<\/td>\n<td width=\"170\">\n<p>Karmen Gros Hrastnik<\/p>\n<\/td>\n<\/tr>\n<\/tbody>\n<\/table>\t\t\t\t\t\t\t\t<\/div>\n\t\t\t\t<\/div>\n\t\t\t\t\t<\/div>\n\t\t<\/div>\n\t\t\t\t\t<\/div>\n\t\t<\/section>\n\t\t\t\t<section class=\"elementor-section elementor-top-section elementor-element elementor-element-736bb30 elementor-section-boxed elementor-section-height-default elementor-section-height-default\" data-id=\"736bb30\" data-element_type=\"section\" data-e-type=\"section\">\n\t\t\t\t\t\t<div class=\"elementor-container elementor-column-gap-default\">\n\t\t\t\t\t<div class=\"elementor-column elementor-col-100 elementor-top-column elementor-element elementor-element-259bf8e\" data-id=\"259bf8e\" data-element_type=\"column\" data-e-type=\"column\">\n\t\t\t<div class=\"elementor-widget-wrap elementor-element-populated\">\n\t\t\t\t\t\t<div class=\"elementor-element elementor-element-9e6ae67 elementor-widget elementor-widget-text-editor\" data-id=\"9e6ae67\" data-element_type=\"widget\" data-e-type=\"widget\" data-widget_type=\"text-editor.default\">\n\t\t\t\t<div class=\"elementor-widget-container\">\n\t\t\t\t\t\t\t\t\t<p>Pristojnosti:<\/p>\n<ul>\n<li>daje soglasja k predlogu ravnatelja o nadstandardnih programih in jih tudi sam predlaga,<\/li>\n<li>daje mnenja o letnem delovnem na\u010drtu,<\/li>\n<li>razpravlja o poro\u010dilih ravnatelja o vzgojno-izobra\u017eevalni problematiki,<\/li>\n<li>obravnava prito\u017ebe star\u0161ev,<\/li>\n<li>voli predstavnike v Svet zavoda<em>.<\/em><\/li>\n<\/ul>\n<p>Sestava:<\/p>\n<p>vsak oddelek ima enega predstavnika, ki ga izvolijo star\u0161i na prvem roditeljskem sestanku v \u0161olskem letu, ki se pri\u010denja s sodo letnico, in ima \u0161tiriletni mandat. V prvem razredu se voli predstavnik v Svet star\u0161ev vsako leto. \u010clani Sveta star\u0161ev (2024\/25):<\/p>\n<p><!-- \/wp:paragraph --><\/p>\n<p><!-- wp:table --><\/p>\n<figure class=\"wp-block-table\" style=\"padding-left: 360px;\"><\/figure>\n<p><!-- \/wp:table --><\/p>\n<p><!-- wp:paragraph --><\/p>\n<p>Predsednik Sveta star\u0161ev v \u0161ol. letu 2024\/25 je Alen Magdiss Fontana, podpredsednik je Bo\u0161tjan Najvirt .\u00a0<\/p>\n<p>\u00a0<\/p>\n<p><!-- \/wp:paragraph --><\/p>\n<p><!-- wp:heading --><\/p>\n<h2>Strokovni organi<\/h2>\n<p>\u00a0<\/p>\n<p><!-- \/wp:heading --><\/p>\n<p><!-- wp:paragraph --><\/p>\n<p><span style=\"color: #993366;\"><strong>U\u010diteljski zbor<\/strong><\/span>\u00a0sestavljajo strokovni delavci \u0161ole. Obravnava in odlo\u010da o strokovnih vpra\u0161anjih, povezanih z vzgojno-izobra\u017eevalnim delom, daje mnenje o letnem delovnem na\u010drtu, predlaga uvedbo nadstandardnih in drugih programov ter\u00a0 dejavnosti, odlo\u010da\u00a0 o posodobitvah programov vzgoje\u00a0 in\u00a0 izobra\u017eevanja\u00a0 in njihovi izvedbi v skladu s predpisi, daje mnenje o predlogu za imenovanje ravnatelja, daje\u00a0 pobude za napredovanje, odlo\u010da o vzgojnih ukrepih in opravlja druge naloge v skladu z zakonom<em>.<\/em><\/p>\n<p><!-- \/wp:paragraph --><\/p>\n<p><!-- wp:paragraph --><\/p>\n<p><span style=\"color: #993366;\"><strong>Oddel\u010dni u\u010diteljski zbor<\/strong><\/span> sestavljajo strokovni delavci, ki opravljajo vzgojno-izobra\u017eevalno delo v posameznem oddelku. Obravnava vzgojno-izobra\u017eevalno problematiko\u00a0 v oddelku, oblikuje program za delo z nadarjenimi\u00a0 u\u010denci in s tistimi, ki te\u017eje napredujejo, odlo\u010da o vzgojnih ukrepih ter opravlja druge naloge v skladu z zakonom<em>.<\/em><\/p>\n<p><!-- \/wp:paragraph --><\/p>\n<p><!-- wp:paragraph --><\/p>\n<p><span style=\"color: #993366;\"><strong>Razrednik<\/strong><\/span>\u00a0vodi\u00a0 delo\u00a0 oddel\u010dnega u\u010diteljskega zbora, analizira\u00a0 vzgojne\u00a0 in u\u010dne\u00a0 rezultate\u00a0 oddelka, skrbi za re\u0161evanje vzgojnih\u00a0 in u\u010dnih problemov posameznih u\u010dencev,\u00a0 sodeluje s star\u0161i in \u0161olsko svetovalno slu\u017ebo, odlo\u010da o vzgojnih ukrepih ter opravlja druge naloge v skladu z zakonodajo.<\/p>\n<p><!-- \/wp:paragraph --><\/p>\n<p><!-- wp:paragraph --><\/p>\n<p><span style=\"color: #993366;\"><strong>Strokovni aktiv<\/strong><\/span>\u00a0sestavljajo u\u010ditelji istega predmeta oz. predmetnih podro\u010dij. Obravnava problematiko\u00a0 predmeta\u00a0 oziroma predmetnega\u00a0 podro\u010dja,\u00a0 usklajuje\u00a0 merila\u00a0 za\u00a0 ocenjevanje,\u00a0 daje u\u010diteljskemu\u00a0\u00a0\u00a0 zboru\u00a0\u00a0\u00a0 predloge\u00a0\u00a0 za\u00a0\u00a0\u00a0 izbolj\u0161anje\u00a0\u00a0\u00a0 vzgojno-izobra\u017eevalnega\u00a0 oziroma\u00a0 \u0161tudijskega\u00a0 dela,\u00a0 obravnava\u00a0 pripombe star\u0161ev in u\u010dencev ter opravlja druge strokovne naloge, dolo\u010dene z letnim delovnim na\u010drtom<em>.<\/em><\/p>\t\t\t\t\t\t\t\t<\/div>\n\t\t\t\t<\/div>\n\t\t\t\t\t<\/div>\n\t\t<\/div>\n\t\t\t\t\t<\/div>\n\t\t<\/section>\n\t\t\t\t<\/div>\n\t\t","protected":false},"excerpt":{"rendered":"<p>Svet zavoda Pristojnost: imenuje ravnatelja, sprejema program razvoja, letni delovni na\u010drt in poro\u010dilo o njegovi uresni\u010ditvi, odlo\u010da o uvedbi nadstandardnih programov, obravnava poro\u010dila o vzgojno-izobra\u017eevalni &hellip; <\/p>\n","protected":false},"author":1,"featured_media":0,"parent":157,"menu_order":0,"comment_status":"closed","ping_status":"closed","template":"","meta":{"footnotes":""},"class_list":["post-161","page","type-page","status-publish","hentry","image-hover-transition-effect","latest_post"],"yoast_head":"<!-- This site is optimized with the Yoast SEO plugin v27.4 - https:\/\/yoast.com\/product\/yoast-seo-wordpress\/ -->\n<title>Organi upravljanja - Osnovna \u0161ola Kajetana Kovi\u010da Polj\u010dane<\/title>\n<meta name=\"robots\" content=\"index, follow, max-snippet:-1, max-image-preview:large, max-video-preview:-1\" \/>\n<link rel=\"canonical\" href=\"https:\/\/ospoljcane.si\/nova\/o-soli\/splosno\/organi-upravljanja\/\" \/>\n<meta property=\"og:locale\" content=\"sl_SI\" \/>\n<meta property=\"og:type\" content=\"article\" \/>\n<meta property=\"og:title\" content=\"Organi upravljanja - Osnovna \u0161ola Kajetana Kovi\u010da Polj\u010dane\" \/>\n<meta property=\"og:description\" content=\"Svet zavoda Pristojnost: imenuje ravnatelja, sprejema program razvoja, letni delovni na\u010drt in poro\u010dilo o njegovi uresni\u010ditvi, odlo\u010da o uvedbi nadstandardnih programov, obravnava poro\u010dila o vzgojno-izobra\u017eevalni &hellip;\" \/>\n<meta property=\"og:url\" content=\"https:\/\/ospoljcane.si\/nova\/o-soli\/splosno\/organi-upravljanja\/\" \/>\n<meta property=\"og:site_name\" content=\"Osnovna \u0161ola Kajetana Kovi\u010da Polj\u010dane\" \/>\n<meta property=\"article:modified_time\" content=\"2025-10-17T07:06:27+00:00\" \/>\n<meta name=\"twitter:card\" content=\"summary_large_image\" \/>\n<meta name=\"twitter:label1\" content=\"Est. reading time\" \/>\n\t<meta name=\"twitter:data1\" content=\"3 minute\" \/>\n<script type=\"application\/ld+json\" class=\"yoast-schema-graph\">{\"@context\":\"https:\\\/\\\/schema.org\",\"@graph\":[{\"@type\":\"WebPage\",\"@id\":\"https:\\\/\\\/ospoljcane.si\\\/nova\\\/o-soli\\\/splosno\\\/organi-upravljanja\\\/\",\"url\":\"https:\\\/\\\/ospoljcane.si\\\/nova\\\/o-soli\\\/splosno\\\/organi-upravljanja\\\/\",\"name\":\"Organi upravljanja - Osnovna \u0161ola Kajetana Kovi\u010da Polj\u010dane\",\"isPartOf\":{\"@id\":\"https:\\\/\\\/ospoljcane.si\\\/nova\\\/#website\"},\"datePublished\":\"2020-11-13T15:05:56+00:00\",\"dateModified\":\"2025-10-17T07:06:27+00:00\",\"breadcrumb\":{\"@id\":\"https:\\\/\\\/ospoljcane.si\\\/nova\\\/o-soli\\\/splosno\\\/organi-upravljanja\\\/#breadcrumb\"},\"inLanguage\":\"sl-SI\",\"potentialAction\":[{\"@type\":\"ReadAction\",\"target\":[\"https:\\\/\\\/ospoljcane.si\\\/nova\\\/o-soli\\\/splosno\\\/organi-upravljanja\\\/\"]}]},{\"@type\":\"BreadcrumbList\",\"@id\":\"https:\\\/\\\/ospoljcane.si\\\/nova\\\/o-soli\\\/splosno\\\/organi-upravljanja\\\/#breadcrumb\",\"itemListElement\":[{\"@type\":\"ListItem\",\"position\":1,\"name\":\"Domov\",\"item\":\"https:\\\/\\\/ospoljcane.si\\\/nova\\\/\"},{\"@type\":\"ListItem\",\"position\":2,\"name\":\"O \u0161oli\",\"item\":\"https:\\\/\\\/ospoljcane.si\\\/nova\\\/o-soli\\\/\"},{\"@type\":\"ListItem\",\"position\":3,\"name\":\"Splo\u0161no\",\"item\":\"https:\\\/\\\/ospoljcane.si\\\/nova\\\/o-soli\\\/splosno\\\/\"},{\"@type\":\"ListItem\",\"position\":4,\"name\":\"Organi upravljanja\"}]},{\"@type\":\"WebSite\",\"@id\":\"https:\\\/\\\/ospoljcane.si\\\/nova\\\/#website\",\"url\":\"https:\\\/\\\/ospoljcane.si\\\/nova\\\/\",\"name\":\"Osnovna \u0161ola Kajetana Kovi\u010da Polj\u010dane\",\"description\":\"\",\"publisher\":{\"@id\":\"https:\\\/\\\/ospoljcane.si\\\/nova\\\/#organization\"},\"potentialAction\":[{\"@type\":\"SearchAction\",\"target\":{\"@type\":\"EntryPoint\",\"urlTemplate\":\"https:\\\/\\\/ospoljcane.si\\\/nova\\\/?s={search_term_string}\"},\"query-input\":{\"@type\":\"PropertyValueSpecification\",\"valueRequired\":true,\"valueName\":\"search_term_string\"}}],\"inLanguage\":\"sl-SI\"},{\"@type\":\"Organization\",\"@id\":\"https:\\\/\\\/ospoljcane.si\\\/nova\\\/#organization\",\"name\":\"Osnovna \u0161ola Kajetana Kovi\u010da Polj\u010dane\",\"url\":\"https:\\\/\\\/ospoljcane.si\\\/nova\\\/\",\"logo\":{\"@type\":\"ImageObject\",\"inLanguage\":\"sl-SI\",\"@id\":\"https:\\\/\\\/ospoljcane.si\\\/nova\\\/#\\\/schema\\\/logo\\\/image\\\/\",\"url\":\"https:\\\/\\\/ospoljcane.si\\\/nova\\\/wp-content\\\/uploads\\\/2020\\\/12\\\/cropped-cropped-Logotip-sole-2016_3G-1-1.png\",\"contentUrl\":\"https:\\\/\\\/ospoljcane.si\\\/nova\\\/wp-content\\\/uploads\\\/2020\\\/12\\\/cropped-cropped-Logotip-sole-2016_3G-1-1.png\",\"width\":512,\"height\":512,\"caption\":\"Osnovna \u0161ola Kajetana Kovi\u010da Polj\u010dane\"},\"image\":{\"@id\":\"https:\\\/\\\/ospoljcane.si\\\/nova\\\/#\\\/schema\\\/logo\\\/image\\\/\"}}]}<\/script>\n<!-- \/ Yoast SEO plugin. -->","yoast_head_json":{"title":"Organi upravljanja - Osnovna \u0161ola Kajetana Kovi\u010da Polj\u010dane","robots":{"index":"index","follow":"follow","max-snippet":"max-snippet:-1","max-image-preview":"max-image-preview:large","max-video-preview":"max-video-preview:-1"},"canonical":"https:\/\/ospoljcane.si\/nova\/o-soli\/splosno\/organi-upravljanja\/","og_locale":"sl_SI","og_type":"article","og_title":"Organi upravljanja - Osnovna \u0161ola Kajetana Kovi\u010da Polj\u010dane","og_description":"Svet zavoda Pristojnost: imenuje ravnatelja, sprejema program razvoja, letni delovni na\u010drt in poro\u010dilo o njegovi uresni\u010ditvi, odlo\u010da o uvedbi nadstandardnih programov, obravnava poro\u010dila o vzgojno-izobra\u017eevalni &hellip;","og_url":"https:\/\/ospoljcane.si\/nova\/o-soli\/splosno\/organi-upravljanja\/","og_site_name":"Osnovna \u0161ola Kajetana Kovi\u010da Polj\u010dane","article_modified_time":"2025-10-17T07:06:27+00:00","twitter_card":"summary_large_image","twitter_misc":{"Est. reading time":"3 minute"},"schema":{"@context":"https:\/\/schema.org","@graph":[{"@type":"WebPage","@id":"https:\/\/ospoljcane.si\/nova\/o-soli\/splosno\/organi-upravljanja\/","url":"https:\/\/ospoljcane.si\/nova\/o-soli\/splosno\/organi-upravljanja\/","name":"Organi upravljanja - Osnovna \u0161ola Kajetana Kovi\u010da Polj\u010dane","isPartOf":{"@id":"https:\/\/ospoljcane.si\/nova\/#website"},"datePublished":"2020-11-13T15:05:56+00:00","dateModified":"2025-10-17T07:06:27+00:00","breadcrumb":{"@id":"https:\/\/ospoljcane.si\/nova\/o-soli\/splosno\/organi-upravljanja\/#breadcrumb"},"inLanguage":"sl-SI","potentialAction":[{"@type":"ReadAction","target":["https:\/\/ospoljcane.si\/nova\/o-soli\/splosno\/organi-upravljanja\/"]}]},{"@type":"BreadcrumbList","@id":"https:\/\/ospoljcane.si\/nova\/o-soli\/splosno\/organi-upravljanja\/#breadcrumb","itemListElement":[{"@type":"ListItem","position":1,"name":"Domov","item":"https:\/\/ospoljcane.si\/nova\/"},{"@type":"ListItem","position":2,"name":"O \u0161oli","item":"https:\/\/ospoljcane.si\/nova\/o-soli\/"},{"@type":"ListItem","position":3,"name":"Splo\u0161no","item":"https:\/\/ospoljcane.si\/nova\/o-soli\/splosno\/"},{"@type":"ListItem","position":4,"name":"Organi upravljanja"}]},{"@type":"WebSite","@id":"https:\/\/ospoljcane.si\/nova\/#website","url":"https:\/\/ospoljcane.si\/nova\/","name":"Osnovna \u0161ola Kajetana Kovi\u010da Polj\u010dane","description":"","publisher":{"@id":"https:\/\/ospoljcane.si\/nova\/#organization"},"potentialAction":[{"@type":"SearchAction","target":{"@type":"EntryPoint","urlTemplate":"https:\/\/ospoljcane.si\/nova\/?s={search_term_string}"},"query-input":{"@type":"PropertyValueSpecification","valueRequired":true,"valueName":"search_term_string"}}],"inLanguage":"sl-SI"},{"@type":"Organization","@id":"https:\/\/ospoljcane.si\/nova\/#organization","name":"Osnovna \u0161ola Kajetana Kovi\u010da Polj\u010dane","url":"https:\/\/ospoljcane.si\/nova\/","logo":{"@type":"ImageObject","inLanguage":"sl-SI","@id":"https:\/\/ospoljcane.si\/nova\/#\/schema\/logo\/image\/","url":"https:\/\/ospoljcane.si\/nova\/wp-content\/uploads\/2020\/12\/cropped-cropped-Logotip-sole-2016_3G-1-1.png","contentUrl":"https:\/\/ospoljcane.si\/nova\/wp-content\/uploads\/2020\/12\/cropped-cropped-Logotip-sole-2016_3G-1-1.png","width":512,"height":512,"caption":"Osnovna \u0161ola Kajetana Kovi\u010da Polj\u010dane"},"image":{"@id":"https:\/\/ospoljcane.si\/nova\/#\/schema\/logo\/image\/"}}]}},"_links":{"self":[{"href":"https:\/\/ospoljcane.si\/nova\/wp-json\/wp\/v2\/pages\/161","targetHints":{"allow":["GET"]}}],"collection":[{"href":"https:\/\/ospoljcane.si\/nova\/wp-json\/wp\/v2\/pages"}],"about":[{"href":"https:\/\/ospoljcane.si\/nova\/wp-json\/wp\/v2\/types\/page"}],"author":[{"embeddable":true,"href":"https:\/\/ospoljcane.si\/nova\/wp-json\/wp\/v2\/users\/1"}],"replies":[{"embeddable":true,"href":"https:\/\/ospoljcane.si\/nova\/wp-json\/wp\/v2\/comments?post=161"}],"version-history":[{"count":68,"href":"https:\/\/ospoljcane.si\/nova\/wp-json\/wp\/v2\/pages\/161\/revisions"}],"predecessor-version":[{"id":22973,"href":"https:\/\/ospoljcane.si\/nova\/wp-json\/wp\/v2\/pages\/161\/revisions\/22973"}],"up":[{"embeddable":true,"href":"https:\/\/ospoljcane.si\/nova\/wp-json\/wp\/v2\/pages\/157"}],"wp:attachment":[{"href":"https:\/\/ospoljcane.si\/nova\/wp-json\/wp\/v2\/media?parent=161"}],"curies":[{"name":"wp","href":"https:\/\/api.w.org\/{rel}","templated":true}]}}