{"id":16091,"date":"2023-10-01T19:28:15","date_gmt":"2023-10-01T17:28:15","guid":{"rendered":"https:\/\/ospoljcane.si\/nova\/?page_id=16091"},"modified":"2023-11-22T15:27:34","modified_gmt":"2023-11-22T14:27:34","slug":"pomoc-pri-vzgoji","status":"publish","type":"page","link":"https:\/\/ospoljcane.si\/nova\/pomoc-pri-vzgoji\/","title":{"rendered":"Pomo\u010d pri vzgoji"},"content":{"rendered":"\t\t<div data-elementor-type=\"wp-page\" data-elementor-id=\"16091\" class=\"elementor elementor-16091\" data-elementor-post-type=\"page\">\n\t\t\t\t\t\t<section class=\"elementor-section elementor-top-section elementor-element elementor-element-4ae90f2 elementor-section-boxed elementor-section-height-default elementor-section-height-default\" data-id=\"4ae90f2\" data-element_type=\"section\" data-e-type=\"section\">\n\t\t\t\t\t\t<div class=\"elementor-container elementor-column-gap-default\">\n\t\t\t\t\t<div class=\"elementor-column elementor-col-33 elementor-top-column elementor-element elementor-element-9addd4a\" data-id=\"9addd4a\" data-element_type=\"column\" data-e-type=\"column\">\n\t\t\t<div class=\"elementor-widget-wrap elementor-element-populated\">\n\t\t\t\t\t\t<div class=\"elementor-element elementor-element-f352a71 elementor-widget elementor-widget-image\" data-id=\"f352a71\" data-element_type=\"widget\" data-e-type=\"widget\" data-widget_type=\"image.default\">\n\t\t\t\t<div class=\"elementor-widget-container\">\n\t\t\t\t\t\t\t\t\t\t\t\t\t\t\t<img fetchpriority=\"high\" decoding=\"async\" width=\"1020\" height=\"765\" src=\"https:\/\/ospoljcane.si\/nova\/wp-content\/uploads\/2023\/11\/17004637732023bannerzadogodeknovembersharenting1024x768zappt.png\" class=\"attachment-large size-large wp-image-16559\" alt=\"\" srcset=\"https:\/\/ospoljcane.si\/nova\/wp-content\/uploads\/2023\/11\/17004637732023bannerzadogodeknovembersharenting1024x768zappt.png 1024w, https:\/\/ospoljcane.si\/nova\/wp-content\/uploads\/2023\/11\/17004637732023bannerzadogodeknovembersharenting1024x768zappt-300x225.png 300w, https:\/\/ospoljcane.si\/nova\/wp-content\/uploads\/2023\/11\/17004637732023bannerzadogodeknovembersharenting1024x768zappt-768x576.png 768w\" sizes=\"(max-width: 1020px) 100vw, 1020px\" \/>\t\t\t\t\t\t\t\t\t\t\t\t\t\t\t<\/div>\n\t\t\t\t<\/div>\n\t\t\t\t\t<\/div>\n\t\t<\/div>\n\t\t\t\t<div class=\"elementor-column elementor-col-66 elementor-top-column elementor-element elementor-element-b483805\" data-id=\"b483805\" data-element_type=\"column\" data-e-type=\"column\">\n\t\t\t<div class=\"elementor-widget-wrap elementor-element-populated\">\n\t\t\t\t\t\t<div class=\"elementor-element elementor-element-1702c58 elementor-widget elementor-widget-text-editor\" data-id=\"1702c58\" data-element_type=\"widget\" data-e-type=\"widget\" data-widget_type=\"text-editor.default\">\n\t\t\t\t<div class=\"elementor-widget-container\">\n\t\t\t\t\t\t\t\t\t<h5 style=\"text-align: center;\"><span style=\"color: #cc99ff;\">Spletni seminar za star\u0161e o objavljanju informacij o otroku na internetu<\/span><\/h5><p><strong>Na To\u010dki osve\u0161\u010danja o varni rabi interneta Safe.si bomo v sredo, 29. novembra 2023, ob 18. uri pripravili spletni seminar za star\u0161e z naslovom Ali naj objavim? \u2013 Na kaj biti pozoren pri objavljanju o otrocih na internetu.<\/strong><\/p><p>\u0160tevilni star\u0161i in skrbniki radi delijo svoje veselje in ponos povezan z otroki preko dru\u017ebenih omre\u017ejih in preko drugih spletnih storitev z drugimi. Pri tem pa se pogosto ne zavedajo, kje je meja primernega in ne\u0161kodljivega in nehote otroku lahko povzro\u010dijo neprijetnosti.<\/p><p>Z objavljanjem podatkov in posnetkov otrok na dru\u017eabnih omre\u017ejih razgalimo svojega otroka pred vsemi sledilci, ki pa niso vedno ljudje, ki jih poznamo, pa tudi \u010de so, ne poznamo vedno njihovih globljih motivov. Zelo pogosto pa se sploh ne zavedamo, da so lahko objavljene slike javno dostopne, saj \u0161tevilni ne poskrbijo za ustrezne nastavitve zasebnosti.<br aria-hidden=\"true\" \/><br aria-hidden=\"true\" \/><\/p><p>V enournem spletnem seminarju bo\u00a0<strong>dr. Benjamin Lesjak, sodelavec Safe.si, pravnik in predavatelj na Safe.si predavanjih<\/strong>\u00a0za star\u0161e in u\u010ditelje, govoril o problematiki objavljanja fotografij, video posnetkov in drugih informacij o otrocih na internetu, predvsem dru\u017ebenih omre\u017ejih. Problematiko bo predstavil s pravnega vidika, vidika otroka in vidika star\u0161a. Pojasnil bo, kaj je primerno objavljati, kak\u0161ne objave lahko otroku \u0161kodujejo in na kak\u0161en na\u010din ter \u010desa ne smemo objavljati.<br aria-hidden=\"true\" \/><br aria-hidden=\"true\" \/><\/p><p>Vabimo vas, da se prijavite na ogled seminarja, ki ga bo mogo\u010de spremljati preko YouTube. Vpra\u0161anja, povezana s temo, lahko oddate \u017ee pri prijavi in predavatelj jih bo sku\u0161al vklju\u010diti v predavanje. \u010ce pa se vam bo kak\u0161no vpra\u0161anje porodilo med predavanjem, pa ga boste lahko posredovali in predavatelj bo na izbrana vpra\u0161anja odgovoril ob koncu seminarja. Posnetek seminarja bo na voljo prijavljenim takoj po zaklju\u010dku.<\/p><ul><li><p>Datum: 29. 11. 2023<\/p><\/li><li><p>Ura: 18:00 \u2013 19:00<\/p><\/li><\/ul><div>\u00a0<\/div><div><h5 style=\"text-align: center;\"><a href=\"https:\/\/izobrazevanja.safe.si\/sharenting\"><span style=\"color: #cc99ff;\"><img decoding=\"async\" class=\"aligncenter size-full wp-image-16561\" src=\"https:\/\/ospoljcane.si\/nova\/wp-content\/uploads\/2023\/11\/Posnetek-zaslona-2023-11-22-152438.png\" alt=\"\" width=\"323\" height=\"42\" srcset=\"https:\/\/ospoljcane.si\/nova\/wp-content\/uploads\/2023\/11\/Posnetek-zaslona-2023-11-22-152438.png 323w, https:\/\/ospoljcane.si\/nova\/wp-content\/uploads\/2023\/11\/Posnetek-zaslona-2023-11-22-152438-300x39.png 300w\" sizes=\"(max-width: 323px) 100vw, 323px\" \/><\/span><\/a><\/h5><p><span style=\"color: #cc99ff;\">\u00a0<\/span><\/p><\/div><div>\u00a0<\/div>\t\t\t\t\t\t\t\t<\/div>\n\t\t\t\t<\/div>\n\t\t\t\t\t<\/div>\n\t\t<\/div>\n\t\t\t\t\t<\/div>\n\t\t<\/section>\n\t\t\t\t<section class=\"elementor-section elementor-top-section elementor-element elementor-element-78a3aa9 elementor-section-boxed elementor-section-height-default elementor-section-height-default\" data-id=\"78a3aa9\" data-element_type=\"section\" data-e-type=\"section\">\n\t\t\t\t\t\t<div class=\"elementor-container elementor-column-gap-default\">\n\t\t\t\t\t<div class=\"elementor-column elementor-col-100 elementor-top-column elementor-element elementor-element-240b477\" data-id=\"240b477\" data-element_type=\"column\" data-e-type=\"column\">\n\t\t\t<div class=\"elementor-widget-wrap elementor-element-populated\">\n\t\t\t\t\t\t<div class=\"elementor-element elementor-element-3db352d elementor-widget elementor-widget-text-editor\" data-id=\"3db352d\" data-element_type=\"widget\" data-e-type=\"widget\" data-widget_type=\"text-editor.default\">\n\t\t\t\t<div class=\"elementor-widget-container\">\n\t\t\t\t\t\t\t\t\t<hr \/><p style=\"text-align: center;\"><a href=\"https:\/\/365.rtvslo.si\/arhiv\/stevilke\/174999243\"><strong><span style=\"color: #cc99ff;\">Podkast psihologa dr. Aleksandra Zadela vzgoji in pogledu na \u017eivljenje v dana\u0161njem svetu.<\/span><\/strong><\/a><\/p><p style=\"text-align: center;\">\u00a0<\/p>\t\t\t\t\t\t\t\t<\/div>\n\t\t\t\t<\/div>\n\t\t\t\t\t<\/div>\n\t\t<\/div>\n\t\t\t\t\t<\/div>\n\t\t<\/section>\n\t\t\t\t<section class=\"elementor-section elementor-top-section elementor-element elementor-element-189dcdd elementor-section-boxed elementor-section-height-default elementor-section-height-default\" data-id=\"189dcdd\" data-element_type=\"section\" data-e-type=\"section\">\n\t\t\t\t\t\t<div class=\"elementor-container elementor-column-gap-default\">\n\t\t\t\t\t<div class=\"elementor-column elementor-col-100 elementor-top-column elementor-element elementor-element-7431e21\" data-id=\"7431e21\" data-element_type=\"column\" data-e-type=\"column\">\n\t\t\t<div class=\"elementor-widget-wrap elementor-element-populated\">\n\t\t\t\t\t\t<div class=\"elementor-element elementor-element-c6d0421 elementor-widget elementor-widget-text-editor\" data-id=\"c6d0421\" data-element_type=\"widget\" data-e-type=\"widget\" data-widget_type=\"text-editor.default\">\n\t\t\t\t<div class=\"elementor-widget-container\">\n\t\t\t\t\t\t\t\t\t<hr \/><p style=\"text-align: center;\"><span style=\"color: #cc99ff;\">brezpla\u010dni spletni seminar z<\/span><\/p><div style=\"text-align: center;\"><span style=\"color: #cc99ff;\"><strong>integrativno zdravnico dr. Tino Prodnik<\/strong><\/span><\/div><div style=\"text-align: center;\"><span style=\"color: #cc99ff;\"><strong>Kako lahko pomagamo otrokom in sebi do bolj\u0161ega zdravja in po\u010dutja<\/strong>,<\/span><\/div><p style=\"text-align: center;\"><span style=\"color: #cc99ff;\">ki bo v sredo,\u00a0\u00a0<strong>25. oktobra 2023 ob 18. uri<\/strong>.<\/span><\/p><p style=\"text-align: center;\"><a href=\"https:\/\/mailchi.mp\/mkz\/poiljanje-revij-16129929?e=74fb97e2af\"><strong><span style=\"color: #cc99ff;\">PRIJAVA<\/span><\/strong><\/a><\/p><hr \/><p style=\"text-align: center;\">\u00a0<\/p>\t\t\t\t\t\t\t\t<\/div>\n\t\t\t\t<\/div>\n\t\t\t\t\t<\/div>\n\t\t<\/div>\n\t\t\t\t\t<\/div>\n\t\t<\/section>\n\t\t\t\t<section class=\"elementor-section elementor-top-section elementor-element elementor-element-f8ca8e5 elementor-section-boxed elementor-section-height-default elementor-section-height-default\" data-id=\"f8ca8e5\" data-element_type=\"section\" data-e-type=\"section\">\n\t\t\t\t\t\t<div class=\"elementor-container elementor-column-gap-default\">\n\t\t\t\t\t<div class=\"elementor-column elementor-col-100 elementor-top-column elementor-element elementor-element-e7cbdd1\" data-id=\"e7cbdd1\" data-element_type=\"column\" data-e-type=\"column\">\n\t\t\t<div class=\"elementor-widget-wrap elementor-element-populated\">\n\t\t\t\t\t\t<div class=\"elementor-element elementor-element-96ea874 elementor-widget elementor-widget-text-editor\" data-id=\"96ea874\" data-element_type=\"widget\" data-e-type=\"widget\" data-widget_type=\"text-editor.default\">\n\t\t\t\t<div class=\"elementor-widget-container\">\n\t\t\t\t\t\t\t\t\t<ul><li><a href=\"https:\/\/ospoljcane.si\/nova\/wp-content\/uploads\/2023\/10\/zlozenka-sola-za-starse-2022-nov23-PDF.pdf\"><strong><span style=\"color: #cc99ff;\">Zlo\u017eenka \u0160ola za star\u0161e 2023\/2024<\/span><\/strong><\/a><\/li><\/ul><p>\u00a0<\/p><ul><li><a href=\"https:\/\/ospoljcane.si\/nova\/wp-content\/uploads\/2023\/10\/Vabilo_Program_OE-MB_11.10.2023.pdf\"><span style=\"color: #cc99ff;\"><u>spletno strokovno sre\u010danje<\/u>\u00a0z naslovom &#8220;<strong>Skupaj s star\u0161i do du\u0161evnega zdravja otrok in mladostnikov<\/strong>&#8220;<\/span><\/a><\/li><\/ul>\t\t\t\t\t\t\t\t<\/div>\n\t\t\t\t<\/div>\n\t\t\t\t\t<\/div>\n\t\t<\/div>\n\t\t\t\t\t<\/div>\n\t\t<\/section>\n\t\t\t\t<section class=\"elementor-section elementor-top-section elementor-element elementor-element-b163472 elementor-section-boxed elementor-section-height-default elementor-section-height-default\" data-id=\"b163472\" data-element_type=\"section\" data-e-type=\"section\">\n\t\t\t\t\t\t<div class=\"elementor-container elementor-column-gap-default\">\n\t\t\t\t\t<div class=\"elementor-column elementor-col-50 elementor-top-column elementor-element elementor-element-3a3cb49\" data-id=\"3a3cb49\" data-element_type=\"column\" data-e-type=\"column\">\n\t\t\t<div class=\"elementor-widget-wrap elementor-element-populated\">\n\t\t\t\t\t\t<div class=\"elementor-element elementor-element-db3ca62 elementor-widget elementor-widget-image\" data-id=\"db3ca62\" data-element_type=\"widget\" data-e-type=\"widget\" data-widget_type=\"image.default\">\n\t\t\t\t<div class=\"elementor-widget-container\">\n\t\t\t\t\t\t\t\t\t\t\t\t\t\t\t\t<a href=\"https:\/\/www.mojeznanje.si\/Webinarji\/starsi_ne_smejo_biti_sluzabniki_svojih_otrok\/?utm_source=brevo&#038;utm_campaign=New%20editor%20Tedenski%20teaji%20za%20odrasle&#038;utm_medium=email\">\n\t\t\t\t\t\t\t<img decoding=\"async\" width=\"565\" height=\"452\" src=\"https:\/\/ospoljcane.si\/nova\/wp-content\/uploads\/2023\/10\/Screenshot-2023-10-02-105153.png\" class=\"attachment-large size-large wp-image-16115\" alt=\"\" srcset=\"https:\/\/ospoljcane.si\/nova\/wp-content\/uploads\/2023\/10\/Screenshot-2023-10-02-105153.png 565w, https:\/\/ospoljcane.si\/nova\/wp-content\/uploads\/2023\/10\/Screenshot-2023-10-02-105153-300x240.png 300w\" sizes=\"(max-width: 565px) 100vw, 565px\" \/>\t\t\t\t\t\t\t\t<\/a>\n\t\t\t\t\t\t\t\t\t\t\t\t\t\t\t<\/div>\n\t\t\t\t<\/div>\n\t\t\t\t<div class=\"elementor-element elementor-element-d310808 elementor-widget elementor-widget-image\" data-id=\"d310808\" data-element_type=\"widget\" data-e-type=\"widget\" data-widget_type=\"image.default\">\n\t\t\t\t<div class=\"elementor-widget-container\">\n\t\t\t\t\t\t\t\t\t\t\t\t\t\t\t\t<a href=\"https:\/\/www.mojeznanje.si\/Webinarji\/druzina_za_mizo\/?utm_source=brevo&#038;utm_campaign=New%20editor%20Tedenski%20teaji%20za%20odrasle&#038;utm_medium=email\">\n\t\t\t\t\t\t\t<img loading=\"lazy\" decoding=\"async\" width=\"551\" height=\"421\" src=\"https:\/\/ospoljcane.si\/nova\/wp-content\/uploads\/2023\/10\/Screenshot-2023-10-02-105210.png\" class=\"attachment-large size-large wp-image-16114\" alt=\"\" srcset=\"https:\/\/ospoljcane.si\/nova\/wp-content\/uploads\/2023\/10\/Screenshot-2023-10-02-105210.png 551w, https:\/\/ospoljcane.si\/nova\/wp-content\/uploads\/2023\/10\/Screenshot-2023-10-02-105210-300x229.png 300w\" sizes=\"(max-width: 551px) 100vw, 551px\" \/>\t\t\t\t\t\t\t\t<\/a>\n\t\t\t\t\t\t\t\t\t\t\t\t\t\t\t<\/div>\n\t\t\t\t<\/div>\n\t\t\t\t\t<\/div>\n\t\t<\/div>\n\t\t\t\t<div class=\"elementor-column elementor-col-50 elementor-top-column elementor-element elementor-element-c02d61b\" data-id=\"c02d61b\" data-element_type=\"column\" data-e-type=\"column\">\n\t\t\t<div class=\"elementor-widget-wrap elementor-element-populated\">\n\t\t\t\t\t\t<div class=\"elementor-element elementor-element-130d644 elementor-widget elementor-widget-image\" data-id=\"130d644\" data-element_type=\"widget\" data-e-type=\"widget\" data-widget_type=\"image.default\">\n\t\t\t\t<div class=\"elementor-widget-container\">\n\t\t\t\t\t\t\t\t\t\t\t\t\t\t\t\t<a href=\"https:\/\/www.mojeznanje.si\/select_subscription\">\n\t\t\t\t\t\t\t<img loading=\"lazy\" decoding=\"async\" width=\"587\" height=\"623\" src=\"https:\/\/ospoljcane.si\/nova\/wp-content\/uploads\/2023\/10\/Screenshot-2023-10-02-104906.png\" class=\"attachment-medium_large size-medium_large wp-image-16112\" alt=\"\" srcset=\"https:\/\/ospoljcane.si\/nova\/wp-content\/uploads\/2023\/10\/Screenshot-2023-10-02-104906.png 587w, https:\/\/ospoljcane.si\/nova\/wp-content\/uploads\/2023\/10\/Screenshot-2023-10-02-104906-283x300.png 283w\" sizes=\"(max-width: 587px) 100vw, 587px\" \/>\t\t\t\t\t\t\t\t<\/a>\n\t\t\t\t\t\t\t\t\t\t\t\t\t\t\t<\/div>\n\t\t\t\t<\/div>\n\t\t\t\t\t<\/div>\n\t\t<\/div>\n\t\t\t\t\t<\/div>\n\t\t<\/section>\n\t\t\t\t<section class=\"elementor-section elementor-top-section elementor-element elementor-element-3187c08 elementor-section-boxed elementor-section-height-default elementor-section-height-default\" data-id=\"3187c08\" data-element_type=\"section\" data-e-type=\"section\">\n\t\t\t\t\t\t<div class=\"elementor-container elementor-column-gap-default\">\n\t\t\t\t\t<div class=\"elementor-column elementor-col-50 elementor-top-column elementor-element elementor-element-41a2899\" data-id=\"41a2899\" data-element_type=\"column\" data-e-type=\"column\">\n\t\t\t<div class=\"elementor-widget-wrap elementor-element-populated\">\n\t\t\t\t\t\t<div class=\"elementor-element elementor-element-1850189 elementor-widget elementor-widget-image\" data-id=\"1850189\" data-element_type=\"widget\" data-e-type=\"widget\" data-widget_type=\"image.default\">\n\t\t\t\t<div class=\"elementor-widget-container\">\n\t\t\t\t\t\t\t\t\t\t\t\t\t\t\t\t<a href=\"https:\/\/safe.si\/novice\/spletni-seminar-za-starse-o-vplivu-interneta-na-pomanjkanje-spanca-pri-mladostnikih\">\n\t\t\t\t\t\t\t<img loading=\"lazy\" decoding=\"async\" width=\"1020\" height=\"1020\" src=\"https:\/\/ospoljcane.si\/nova\/wp-content\/uploads\/2023\/10\/unnamed.png\" class=\"attachment-large size-large wp-image-16128\" alt=\"\" srcset=\"https:\/\/ospoljcane.si\/nova\/wp-content\/uploads\/2023\/10\/unnamed.png 1024w, https:\/\/ospoljcane.si\/nova\/wp-content\/uploads\/2023\/10\/unnamed-300x300.png 300w, https:\/\/ospoljcane.si\/nova\/wp-content\/uploads\/2023\/10\/unnamed-150x150.png 150w, https:\/\/ospoljcane.si\/nova\/wp-content\/uploads\/2023\/10\/unnamed-768x768.png 768w\" sizes=\"(max-width: 1020px) 100vw, 1020px\" \/>\t\t\t\t\t\t\t\t<\/a>\n\t\t\t\t\t\t\t\t\t\t\t\t\t\t\t<\/div>\n\t\t\t\t<\/div>\n\t\t\t\t\t<\/div>\n\t\t<\/div>\n\t\t\t\t<div class=\"elementor-column elementor-col-50 elementor-top-column elementor-element elementor-element-2efff23\" data-id=\"2efff23\" data-element_type=\"column\" data-e-type=\"column\">\n\t\t\t<div class=\"elementor-widget-wrap\">\n\t\t\t\t\t\t\t<\/div>\n\t\t<\/div>\n\t\t\t\t\t<\/div>\n\t\t<\/section>\n\t\t\t\t<\/div>\n\t\t","protected":false},"excerpt":{"rendered":"<p>Spletni seminar za star\u0161e o objavljanju informacij o otroku na internetu Na To\u010dki osve\u0161\u010danja o varni rabi interneta Safe.si bomo v sredo, 29. novembra 2023, &hellip; <\/p>\n","protected":false},"author":6,"featured_media":0,"parent":0,"menu_order":0,"comment_status":"closed","ping_status":"closed","template":"","meta":{"footnotes":""},"class_list":["post-16091","page","type-page","status-publish","hentry","image-hover-transition-effect","latest_post"],"yoast_head":"<!-- This site is optimized with the Yoast SEO plugin v27.4 - https:\/\/yoast.com\/product\/yoast-seo-wordpress\/ -->\n<title>Pomo\u010d pri vzgoji - Osnovna \u0161ola Kajetana Kovi\u010da Polj\u010dane<\/title>\n<meta name=\"robots\" content=\"index, follow, max-snippet:-1, max-image-preview:large, max-video-preview:-1\" \/>\n<link rel=\"canonical\" href=\"https:\/\/ospoljcane.si\/nova\/pomoc-pri-vzgoji\/\" \/>\n<meta property=\"og:locale\" content=\"sl_SI\" \/>\n<meta property=\"og:type\" content=\"article\" \/>\n<meta property=\"og:title\" content=\"Pomo\u010d pri vzgoji - Osnovna \u0161ola Kajetana Kovi\u010da Polj\u010dane\" \/>\n<meta property=\"og:description\" content=\"Spletni seminar za star\u0161e o objavljanju informacij o otroku na internetu Na To\u010dki osve\u0161\u010danja o varni rabi interneta Safe.si bomo v sredo, 29. novembra 2023, &hellip;\" \/>\n<meta property=\"og:url\" content=\"https:\/\/ospoljcane.si\/nova\/pomoc-pri-vzgoji\/\" \/>\n<meta property=\"og:site_name\" content=\"Osnovna \u0161ola Kajetana Kovi\u010da Polj\u010dane\" \/>\n<meta property=\"article:modified_time\" content=\"2023-11-22T14:27:34+00:00\" \/>\n<meta property=\"og:image\" content=\"https:\/\/ospoljcane.si\/nova\/wp-content\/uploads\/2023\/11\/17004637732023bannerzadogodeknovembersharenting1024x768zappt.png\" \/>\n<meta name=\"twitter:card\" content=\"summary_large_image\" \/>\n<meta name=\"twitter:label1\" content=\"Est. reading time\" \/>\n\t<meta name=\"twitter:data1\" content=\"4 minute\" \/>\n<script type=\"application\/ld+json\" class=\"yoast-schema-graph\">{\"@context\":\"https:\\\/\\\/schema.org\",\"@graph\":[{\"@type\":\"WebPage\",\"@id\":\"https:\\\/\\\/ospoljcane.si\\\/nova\\\/pomoc-pri-vzgoji\\\/\",\"url\":\"https:\\\/\\\/ospoljcane.si\\\/nova\\\/pomoc-pri-vzgoji\\\/\",\"name\":\"Pomo\u010d pri vzgoji - Osnovna \u0161ola Kajetana Kovi\u010da Polj\u010dane\",\"isPartOf\":{\"@id\":\"https:\\\/\\\/ospoljcane.si\\\/nova\\\/#website\"},\"primaryImageOfPage\":{\"@id\":\"https:\\\/\\\/ospoljcane.si\\\/nova\\\/pomoc-pri-vzgoji\\\/#primaryimage\"},\"image\":{\"@id\":\"https:\\\/\\\/ospoljcane.si\\\/nova\\\/pomoc-pri-vzgoji\\\/#primaryimage\"},\"thumbnailUrl\":\"https:\\\/\\\/ospoljcane.si\\\/nova\\\/wp-content\\\/uploads\\\/2023\\\/11\\\/17004637732023bannerzadogodeknovembersharenting1024x768zappt.png\",\"datePublished\":\"2023-10-01T17:28:15+00:00\",\"dateModified\":\"2023-11-22T14:27:34+00:00\",\"breadcrumb\":{\"@id\":\"https:\\\/\\\/ospoljcane.si\\\/nova\\\/pomoc-pri-vzgoji\\\/#breadcrumb\"},\"inLanguage\":\"sl-SI\",\"potentialAction\":[{\"@type\":\"ReadAction\",\"target\":[\"https:\\\/\\\/ospoljcane.si\\\/nova\\\/pomoc-pri-vzgoji\\\/\"]}]},{\"@type\":\"ImageObject\",\"inLanguage\":\"sl-SI\",\"@id\":\"https:\\\/\\\/ospoljcane.si\\\/nova\\\/pomoc-pri-vzgoji\\\/#primaryimage\",\"url\":\"https:\\\/\\\/ospoljcane.si\\\/nova\\\/wp-content\\\/uploads\\\/2023\\\/11\\\/17004637732023bannerzadogodeknovembersharenting1024x768zappt.png\",\"contentUrl\":\"https:\\\/\\\/ospoljcane.si\\\/nova\\\/wp-content\\\/uploads\\\/2023\\\/11\\\/17004637732023bannerzadogodeknovembersharenting1024x768zappt.png\",\"width\":1024,\"height\":768},{\"@type\":\"BreadcrumbList\",\"@id\":\"https:\\\/\\\/ospoljcane.si\\\/nova\\\/pomoc-pri-vzgoji\\\/#breadcrumb\",\"itemListElement\":[{\"@type\":\"ListItem\",\"position\":1,\"name\":\"Domov\",\"item\":\"https:\\\/\\\/ospoljcane.si\\\/nova\\\/\"},{\"@type\":\"ListItem\",\"position\":2,\"name\":\"Pomo\u010d pri vzgoji\"}]},{\"@type\":\"WebSite\",\"@id\":\"https:\\\/\\\/ospoljcane.si\\\/nova\\\/#website\",\"url\":\"https:\\\/\\\/ospoljcane.si\\\/nova\\\/\",\"name\":\"Osnovna \u0161ola Kajetana Kovi\u010da Polj\u010dane\",\"description\":\"\",\"publisher\":{\"@id\":\"https:\\\/\\\/ospoljcane.si\\\/nova\\\/#organization\"},\"potentialAction\":[{\"@type\":\"SearchAction\",\"target\":{\"@type\":\"EntryPoint\",\"urlTemplate\":\"https:\\\/\\\/ospoljcane.si\\\/nova\\\/?s={search_term_string}\"},\"query-input\":{\"@type\":\"PropertyValueSpecification\",\"valueRequired\":true,\"valueName\":\"search_term_string\"}}],\"inLanguage\":\"sl-SI\"},{\"@type\":\"Organization\",\"@id\":\"https:\\\/\\\/ospoljcane.si\\\/nova\\\/#organization\",\"name\":\"Osnovna \u0161ola Kajetana Kovi\u010da Polj\u010dane\",\"url\":\"https:\\\/\\\/ospoljcane.si\\\/nova\\\/\",\"logo\":{\"@type\":\"ImageObject\",\"inLanguage\":\"sl-SI\",\"@id\":\"https:\\\/\\\/ospoljcane.si\\\/nova\\\/#\\\/schema\\\/logo\\\/image\\\/\",\"url\":\"https:\\\/\\\/ospoljcane.si\\\/nova\\\/wp-content\\\/uploads\\\/2020\\\/12\\\/cropped-cropped-Logotip-sole-2016_3G-1-1.png\",\"contentUrl\":\"https:\\\/\\\/ospoljcane.si\\\/nova\\\/wp-content\\\/uploads\\\/2020\\\/12\\\/cropped-cropped-Logotip-sole-2016_3G-1-1.png\",\"width\":512,\"height\":512,\"caption\":\"Osnovna \u0161ola Kajetana Kovi\u010da Polj\u010dane\"},\"image\":{\"@id\":\"https:\\\/\\\/ospoljcane.si\\\/nova\\\/#\\\/schema\\\/logo\\\/image\\\/\"}}]}<\/script>\n<!-- \/ Yoast SEO plugin. -->","yoast_head_json":{"title":"Pomo\u010d pri vzgoji - Osnovna \u0161ola Kajetana Kovi\u010da Polj\u010dane","robots":{"index":"index","follow":"follow","max-snippet":"max-snippet:-1","max-image-preview":"max-image-preview:large","max-video-preview":"max-video-preview:-1"},"canonical":"https:\/\/ospoljcane.si\/nova\/pomoc-pri-vzgoji\/","og_locale":"sl_SI","og_type":"article","og_title":"Pomo\u010d pri vzgoji - Osnovna \u0161ola Kajetana Kovi\u010da Polj\u010dane","og_description":"Spletni seminar za star\u0161e o objavljanju informacij o otroku na internetu Na To\u010dki osve\u0161\u010danja o varni rabi interneta Safe.si bomo v sredo, 29. novembra 2023, &hellip;","og_url":"https:\/\/ospoljcane.si\/nova\/pomoc-pri-vzgoji\/","og_site_name":"Osnovna \u0161ola Kajetana Kovi\u010da Polj\u010dane","article_modified_time":"2023-11-22T14:27:34+00:00","og_image":[{"url":"https:\/\/ospoljcane.si\/nova\/wp-content\/uploads\/2023\/11\/17004637732023bannerzadogodeknovembersharenting1024x768zappt.png","type":"","width":"","height":""}],"twitter_card":"summary_large_image","twitter_misc":{"Est. reading time":"4 minute"},"schema":{"@context":"https:\/\/schema.org","@graph":[{"@type":"WebPage","@id":"https:\/\/ospoljcane.si\/nova\/pomoc-pri-vzgoji\/","url":"https:\/\/ospoljcane.si\/nova\/pomoc-pri-vzgoji\/","name":"Pomo\u010d pri vzgoji - Osnovna \u0161ola Kajetana Kovi\u010da Polj\u010dane","isPartOf":{"@id":"https:\/\/ospoljcane.si\/nova\/#website"},"primaryImageOfPage":{"@id":"https:\/\/ospoljcane.si\/nova\/pomoc-pri-vzgoji\/#primaryimage"},"image":{"@id":"https:\/\/ospoljcane.si\/nova\/pomoc-pri-vzgoji\/#primaryimage"},"thumbnailUrl":"https:\/\/ospoljcane.si\/nova\/wp-content\/uploads\/2023\/11\/17004637732023bannerzadogodeknovembersharenting1024x768zappt.png","datePublished":"2023-10-01T17:28:15+00:00","dateModified":"2023-11-22T14:27:34+00:00","breadcrumb":{"@id":"https:\/\/ospoljcane.si\/nova\/pomoc-pri-vzgoji\/#breadcrumb"},"inLanguage":"sl-SI","potentialAction":[{"@type":"ReadAction","target":["https:\/\/ospoljcane.si\/nova\/pomoc-pri-vzgoji\/"]}]},{"@type":"ImageObject","inLanguage":"sl-SI","@id":"https:\/\/ospoljcane.si\/nova\/pomoc-pri-vzgoji\/#primaryimage","url":"https:\/\/ospoljcane.si\/nova\/wp-content\/uploads\/2023\/11\/17004637732023bannerzadogodeknovembersharenting1024x768zappt.png","contentUrl":"https:\/\/ospoljcane.si\/nova\/wp-content\/uploads\/2023\/11\/17004637732023bannerzadogodeknovembersharenting1024x768zappt.png","width":1024,"height":768},{"@type":"BreadcrumbList","@id":"https:\/\/ospoljcane.si\/nova\/pomoc-pri-vzgoji\/#breadcrumb","itemListElement":[{"@type":"ListItem","position":1,"name":"Domov","item":"https:\/\/ospoljcane.si\/nova\/"},{"@type":"ListItem","position":2,"name":"Pomo\u010d pri vzgoji"}]},{"@type":"WebSite","@id":"https:\/\/ospoljcane.si\/nova\/#website","url":"https:\/\/ospoljcane.si\/nova\/","name":"Osnovna \u0161ola Kajetana Kovi\u010da Polj\u010dane","description":"","publisher":{"@id":"https:\/\/ospoljcane.si\/nova\/#organization"},"potentialAction":[{"@type":"SearchAction","target":{"@type":"EntryPoint","urlTemplate":"https:\/\/ospoljcane.si\/nova\/?s={search_term_string}"},"query-input":{"@type":"PropertyValueSpecification","valueRequired":true,"valueName":"search_term_string"}}],"inLanguage":"sl-SI"},{"@type":"Organization","@id":"https:\/\/ospoljcane.si\/nova\/#organization","name":"Osnovna \u0161ola Kajetana Kovi\u010da Polj\u010dane","url":"https:\/\/ospoljcane.si\/nova\/","logo":{"@type":"ImageObject","inLanguage":"sl-SI","@id":"https:\/\/ospoljcane.si\/nova\/#\/schema\/logo\/image\/","url":"https:\/\/ospoljcane.si\/nova\/wp-content\/uploads\/2020\/12\/cropped-cropped-Logotip-sole-2016_3G-1-1.png","contentUrl":"https:\/\/ospoljcane.si\/nova\/wp-content\/uploads\/2020\/12\/cropped-cropped-Logotip-sole-2016_3G-1-1.png","width":512,"height":512,"caption":"Osnovna \u0161ola Kajetana Kovi\u010da Polj\u010dane"},"image":{"@id":"https:\/\/ospoljcane.si\/nova\/#\/schema\/logo\/image\/"}}]}},"_links":{"self":[{"href":"https:\/\/ospoljcane.si\/nova\/wp-json\/wp\/v2\/pages\/16091","targetHints":{"allow":["GET"]}}],"collection":[{"href":"https:\/\/ospoljcane.si\/nova\/wp-json\/wp\/v2\/pages"}],"about":[{"href":"https:\/\/ospoljcane.si\/nova\/wp-json\/wp\/v2\/types\/page"}],"author":[{"embeddable":true,"href":"https:\/\/ospoljcane.si\/nova\/wp-json\/wp\/v2\/users\/6"}],"replies":[{"embeddable":true,"href":"https:\/\/ospoljcane.si\/nova\/wp-json\/wp\/v2\/comments?post=16091"}],"version-history":[{"count":39,"href":"https:\/\/ospoljcane.si\/nova\/wp-json\/wp\/v2\/pages\/16091\/revisions"}],"predecessor-version":[{"id":16567,"href":"https:\/\/ospoljcane.si\/nova\/wp-json\/wp\/v2\/pages\/16091\/revisions\/16567"}],"wp:attachment":[{"href":"https:\/\/ospoljcane.si\/nova\/wp-json\/wp\/v2\/media?parent=16091"}],"curies":[{"name":"wp","href":"https:\/\/api.w.org\/{rel}","templated":true}]}}