{"id":14495,"date":"2023-05-09T11:11:38","date_gmt":"2023-05-09T09:11:38","guid":{"rendered":"http:\/\/ospoljcane.si\/nova\/?page_id=14495"},"modified":"2023-05-09T12:10:24","modified_gmt":"2023-05-09T10:10:24","slug":"koticek-zive-narave-v-avli-sole","status":"publish","type":"page","link":"https:\/\/ospoljcane.si\/nova\/koticek-zive-narave-v-avli-sole\/","title":{"rendered":"Koti\u010dek \u017eive narave v avli \u0161ole"},"content":{"rendered":"\t\t<div data-elementor-type=\"wp-page\" data-elementor-id=\"14495\" class=\"elementor elementor-14495\" data-elementor-post-type=\"page\">\n\t\t\t\t\t\t<section class=\"elementor-section elementor-top-section elementor-element elementor-element-2fe9f5b elementor-section-boxed elementor-section-height-default elementor-section-height-default\" data-id=\"2fe9f5b\" data-element_type=\"section\" data-e-type=\"section\">\n\t\t\t\t\t\t<div class=\"elementor-container elementor-column-gap-default\">\n\t\t\t\t\t<div class=\"elementor-column elementor-col-100 elementor-top-column elementor-element elementor-element-33af7ff\" data-id=\"33af7ff\" data-element_type=\"column\" data-e-type=\"column\">\n\t\t\t<div class=\"elementor-widget-wrap elementor-element-populated\">\n\t\t\t\t\t\t<div class=\"elementor-element elementor-element-a5837b0 elementor-widget elementor-widget-image\" data-id=\"a5837b0\" data-element_type=\"widget\" data-e-type=\"widget\" data-widget_type=\"image.default\">\n\t\t\t\t<div class=\"elementor-widget-container\">\n\t\t\t\t\t\t\t\t\t\t\t\t\t\t\t<img fetchpriority=\"high\" decoding=\"async\" width=\"768\" height=\"346\" src=\"https:\/\/ospoljcane.si\/nova\/wp-content\/uploads\/2023\/05\/akvarij-768x346.jpg\" class=\"attachment-medium_large size-medium_large wp-image-14467\" alt=\"Akvarij v avli \u0161ole\" srcset=\"https:\/\/ospoljcane.si\/nova\/wp-content\/uploads\/2023\/05\/akvarij-768x346.jpg 768w, https:\/\/ospoljcane.si\/nova\/wp-content\/uploads\/2023\/05\/akvarij-300x135.jpg 300w, https:\/\/ospoljcane.si\/nova\/wp-content\/uploads\/2023\/05\/akvarij-1024x461.jpg 1024w, https:\/\/ospoljcane.si\/nova\/wp-content\/uploads\/2023\/05\/akvarij.jpg 1084w\" sizes=\"(max-width: 768px) 100vw, 768px\" \/>\t\t\t\t\t\t\t\t\t\t\t\t\t\t\t<\/div>\n\t\t\t\t<\/div>\n\t\t\t\t\t<\/div>\n\t\t<\/div>\n\t\t\t\t\t<\/div>\n\t\t<\/section>\n\t\t\t\t<section class=\"elementor-section elementor-top-section elementor-element elementor-element-12d2082 elementor-section-boxed elementor-section-height-default elementor-section-height-default\" data-id=\"12d2082\" data-element_type=\"section\" data-e-type=\"section\">\n\t\t\t\t\t\t<div class=\"elementor-container elementor-column-gap-default\">\n\t\t\t\t\t<div class=\"elementor-column elementor-col-100 elementor-top-column elementor-element elementor-element-c14afda\" data-id=\"c14afda\" data-element_type=\"column\" data-e-type=\"column\">\n\t\t\t<div class=\"elementor-widget-wrap elementor-element-populated\">\n\t\t\t\t\t\t<div class=\"elementor-element elementor-element-89d56e0 elementor-widget elementor-widget-text-editor\" data-id=\"89d56e0\" data-element_type=\"widget\" data-e-type=\"widget\" data-widget_type=\"text-editor.default\">\n\t\t\t\t<div class=\"elementor-widget-container\">\n\t\t\t\t\t\t\t\t\t<p>V avli na\u0161e \u0161ole smo postavili akvarij z \u017eivimi organizmi.<\/p><p><strong>NAMEN:<\/strong><\/p><p>Opazovanje in skrb za \u017eive organizme.<\/p><p><strong>OPIS:<\/strong><\/p><p>Akvarij je steklena posoda, v kateri akvarist goji vodne rastline in \u017eivali.<\/p><p>Akvarij ponazarja del narave, ki je zaprt v posodi z dolo\u010denim volumnom vode.<\/p><p>Poznati moramo osnovne pogoje, ki jih potrebujejo \u017eivali in rastline, zato jim moramo\u00a0zagotoviti pribli\u017eno enake pogoje, kot jih imajo v naravi, od primerne temperature vode,\u00a0velikosti akvarija, do biolo\u0161kega ravnovesja.<\/p><p>Akvarij je lahko sladkovoden ali slanovoden in razli\u010dnih velikosti.<\/p><p>\u017divali v akvariju morajo biti skrbno izbrane, druga\u010de lahko pride med nekaterimi vrstami\u00a0do konflikta.<\/p><p>Akvarijske ribe se razlikujejo po barvah, obna\u0161anju in na\u010dinu \u017eivljenja.<\/p><p>V akvariju gojimo tudi bakterije in mikroorganizme, ki so sestavni del biotopa.<\/p><p>Za akvarij\u00a0 skrbimo z rednim \u010di\u0161\u010denjem filtra, menjavanjem vode in hranjenjem ribic.<\/p><p>Poleg redne menjave vode k rednim opravilom \u010di\u0161\u010denja akvarija spada \u0161e rezanje rastlin, \u010di\u0161\u010denje stekel ter sesanje mulja.<\/p><p>\u00a0<\/p><p style=\"text-align: right;\">Tatjana Zgubi\u010d z u\u010denci in ostalimi zaposlenimi na O\u0160 Kajetana Kovi\u010da Polj\u010dane<\/p>\t\t\t\t\t\t\t\t<\/div>\n\t\t\t\t<\/div>\n\t\t\t\t\t<\/div>\n\t\t<\/div>\n\t\t\t\t\t<\/div>\n\t\t<\/section>\n\t\t\t\t<section class=\"elementor-section elementor-top-section elementor-element elementor-element-ba9502f elementor-section-boxed elementor-section-height-default elementor-section-height-default\" data-id=\"ba9502f\" data-element_type=\"section\" data-e-type=\"section\">\n\t\t\t\t\t\t<div class=\"elementor-container elementor-column-gap-default\">\n\t\t\t\t\t<div class=\"elementor-column elementor-col-100 elementor-top-column elementor-element elementor-element-6ce00e0\" data-id=\"6ce00e0\" data-element_type=\"column\" data-e-type=\"column\">\n\t\t\t<div class=\"elementor-widget-wrap elementor-element-populated\">\n\t\t\t\t\t\t<div class=\"elementor-element elementor-element-75b5d70 elementor-widget elementor-widget-gallery\" data-id=\"75b5d70\" data-element_type=\"widget\" data-e-type=\"widget\" data-settings=\"{&quot;lazyload&quot;:&quot;yes&quot;,&quot;gallery_layout&quot;:&quot;grid&quot;,&quot;columns&quot;:4,&quot;columns_tablet&quot;:2,&quot;columns_mobile&quot;:1,&quot;gap&quot;:{&quot;unit&quot;:&quot;px&quot;,&quot;size&quot;:10,&quot;sizes&quot;:[]},&quot;gap_tablet&quot;:{&quot;unit&quot;:&quot;px&quot;,&quot;size&quot;:10,&quot;sizes&quot;:[]},&quot;gap_mobile&quot;:{&quot;unit&quot;:&quot;px&quot;,&quot;size&quot;:10,&quot;sizes&quot;:[]},&quot;link_to&quot;:&quot;file&quot;,&quot;aspect_ratio&quot;:&quot;3:2&quot;,&quot;overlay_background&quot;:&quot;yes&quot;,&quot;content_hover_animation&quot;:&quot;fade-in&quot;}\" data-widget_type=\"gallery.default\">\n\t\t\t\t<div class=\"elementor-widget-container\">\n\t\t\t\t\t\t\t<div class=\"elementor-gallery__container\">\n\t\t\t\t\t\t\t<a class=\"e-gallery-item elementor-gallery-item elementor-animated-content\" href=\"https:\/\/ospoljcane.si\/nova\/wp-content\/uploads\/2023\/05\/20230508_070716-scaled.jpg\" data-elementor-open-lightbox=\"yes\" data-elementor-lightbox-slideshow=\"75b5d70\" data-e-action-hash=\"#elementor-action%3Aaction%3Dlightbox%26settings%3DeyJpZCI6MTQ0OTgsInVybCI6Imh0dHBzOlwvXC9vc3BvbGpjYW5lLnNpXC9ub3ZhXC93cC1jb250ZW50XC91cGxvYWRzXC8yMDIzXC8wNVwvMjAyMzA1MDhfMDcwNzE2LXNjYWxlZC5qcGciLCJzbGlkZXNob3ciOiI3NWI1ZDcwIn0%3D\">\n\t\t\t\t\t<div class=\"e-gallery-image elementor-gallery-item__image\" data-thumbnail=\"https:\/\/ospoljcane.si\/nova\/wp-content\/uploads\/2023\/05\/20230508_070716-300x135.jpg\" data-width=\"300\" data-height=\"135\" aria-label=\"\" role=\"img\" ><\/div>\n\t\t\t\t\t\t\t\t\t\t\t<div class=\"elementor-gallery-item__overlay\"><\/div>\n\t\t\t\t\t\t\t\t\t\t\t\t\t\t<\/a>\n\t\t\t\t\t\t\t<a class=\"e-gallery-item elementor-gallery-item elementor-animated-content\" href=\"https:\/\/ospoljcane.si\/nova\/wp-content\/uploads\/2023\/05\/20230508_070706-scaled.jpg\" data-elementor-open-lightbox=\"yes\" data-elementor-lightbox-slideshow=\"75b5d70\" data-e-action-hash=\"#elementor-action%3Aaction%3Dlightbox%26settings%3DeyJpZCI6MTQ0OTksInVybCI6Imh0dHBzOlwvXC9vc3BvbGpjYW5lLnNpXC9ub3ZhXC93cC1jb250ZW50XC91cGxvYWRzXC8yMDIzXC8wNVwvMjAyMzA1MDhfMDcwNzA2LXNjYWxlZC5qcGciLCJzbGlkZXNob3ciOiI3NWI1ZDcwIn0%3D\">\n\t\t\t\t\t<div class=\"e-gallery-image elementor-gallery-item__image\" data-thumbnail=\"https:\/\/ospoljcane.si\/nova\/wp-content\/uploads\/2023\/05\/20230508_070706-300x135.jpg\" data-width=\"300\" data-height=\"135\" aria-label=\"\" role=\"img\" ><\/div>\n\t\t\t\t\t\t\t\t\t\t\t<div class=\"elementor-gallery-item__overlay\"><\/div>\n\t\t\t\t\t\t\t\t\t\t\t\t\t\t<\/a>\n\t\t\t\t\t\t\t<a class=\"e-gallery-item elementor-gallery-item elementor-animated-content\" href=\"https:\/\/ospoljcane.si\/nova\/wp-content\/uploads\/2023\/05\/KOTICEK-Z-AKVARIJEM-1600x1200-1.jpg\" data-elementor-open-lightbox=\"yes\" data-elementor-lightbox-slideshow=\"75b5d70\" data-e-action-hash=\"#elementor-action%3Aaction%3Dlightbox%26settings%3DeyJpZCI6MTQ0NzksInVybCI6Imh0dHBzOlwvXC9vc3BvbGpjYW5lLnNpXC9ub3ZhXC93cC1jb250ZW50XC91cGxvYWRzXC8yMDIzXC8wNVwvS09USUNFSy1aLUFLVkFSSUpFTS0xNjAweDEyMDAtMS5qcGciLCJzbGlkZXNob3ciOiI3NWI1ZDcwIn0%3D\">\n\t\t\t\t\t<div class=\"e-gallery-image elementor-gallery-item__image\" data-thumbnail=\"https:\/\/ospoljcane.si\/nova\/wp-content\/uploads\/2023\/05\/KOTICEK-Z-AKVARIJEM-1600x1200-1-300x225.jpg\" data-width=\"300\" data-height=\"225\" aria-label=\"\" role=\"img\" ><\/div>\n\t\t\t\t\t\t\t\t\t\t\t<div class=\"elementor-gallery-item__overlay\"><\/div>\n\t\t\t\t\t\t\t\t\t\t\t\t\t\t<\/a>\n\t\t\t\t\t\t\t<a class=\"e-gallery-item elementor-gallery-item elementor-animated-content\" href=\"https:\/\/ospoljcane.si\/nova\/wp-content\/uploads\/2023\/05\/AKVARIJ-2-1600x1200-1.jpg\" data-elementor-open-lightbox=\"yes\" data-elementor-lightbox-slideshow=\"75b5d70\" data-e-action-hash=\"#elementor-action%3Aaction%3Dlightbox%26settings%3DeyJpZCI6MTQ0NzgsInVybCI6Imh0dHBzOlwvXC9vc3BvbGpjYW5lLnNpXC9ub3ZhXC93cC1jb250ZW50XC91cGxvYWRzXC8yMDIzXC8wNVwvQUtWQVJJSi0yLTE2MDB4MTIwMC0xLmpwZyIsInNsaWRlc2hvdyI6Ijc1YjVkNzAifQ%3D%3D\">\n\t\t\t\t\t<div class=\"e-gallery-image elementor-gallery-item__image\" data-thumbnail=\"https:\/\/ospoljcane.si\/nova\/wp-content\/uploads\/2023\/05\/AKVARIJ-2-1600x1200-1-300x225.jpg\" data-width=\"300\" data-height=\"225\" aria-label=\"\" role=\"img\" ><\/div>\n\t\t\t\t\t\t\t\t\t\t\t<div class=\"elementor-gallery-item__overlay\"><\/div>\n\t\t\t\t\t\t\t\t\t\t\t\t\t\t<\/a>\n\t\t\t\t\t\t\t<a class=\"e-gallery-item elementor-gallery-item elementor-animated-content\" href=\"https:\/\/ospoljcane.si\/nova\/wp-content\/uploads\/2023\/05\/20230421_133351-1600x1200-1.jpg\" data-elementor-open-lightbox=\"yes\" data-elementor-lightbox-slideshow=\"75b5d70\" data-e-action-hash=\"#elementor-action%3Aaction%3Dlightbox%26settings%3DeyJpZCI6MTQ0NzcsInVybCI6Imh0dHBzOlwvXC9vc3BvbGpjYW5lLnNpXC9ub3ZhXC93cC1jb250ZW50XC91cGxvYWRzXC8yMDIzXC8wNVwvMjAyMzA0MjFfMTMzMzUxLTE2MDB4MTIwMC0xLmpwZyIsInNsaWRlc2hvdyI6Ijc1YjVkNzAifQ%3D%3D\">\n\t\t\t\t\t<div class=\"e-gallery-image elementor-gallery-item__image\" data-thumbnail=\"https:\/\/ospoljcane.si\/nova\/wp-content\/uploads\/2023\/05\/20230421_133351-1600x1200-1-300x135.jpg\" data-width=\"300\" data-height=\"135\" aria-label=\"\" role=\"img\" ><\/div>\n\t\t\t\t\t\t\t\t\t\t\t<div class=\"elementor-gallery-item__overlay\"><\/div>\n\t\t\t\t\t\t\t\t\t\t\t\t\t\t<\/a>\n\t\t\t\t\t\t\t<a class=\"e-gallery-item elementor-gallery-item elementor-animated-content\" href=\"https:\/\/ospoljcane.si\/nova\/wp-content\/uploads\/2023\/05\/20230421_133335-1600x1200-1.jpg\" data-elementor-open-lightbox=\"yes\" data-elementor-lightbox-slideshow=\"75b5d70\" data-e-action-hash=\"#elementor-action%3Aaction%3Dlightbox%26settings%3DeyJpZCI6MTQ0NzYsInVybCI6Imh0dHBzOlwvXC9vc3BvbGpjYW5lLnNpXC9ub3ZhXC93cC1jb250ZW50XC91cGxvYWRzXC8yMDIzXC8wNVwvMjAyMzA0MjFfMTMzMzM1LTE2MDB4MTIwMC0xLmpwZyIsInNsaWRlc2hvdyI6Ijc1YjVkNzAifQ%3D%3D\">\n\t\t\t\t\t<div class=\"e-gallery-image elementor-gallery-item__image\" data-thumbnail=\"https:\/\/ospoljcane.si\/nova\/wp-content\/uploads\/2023\/05\/20230421_133335-1600x1200-1-300x135.jpg\" data-width=\"300\" data-height=\"135\" aria-label=\"\" role=\"img\" ><\/div>\n\t\t\t\t\t\t\t\t\t\t\t<div class=\"elementor-gallery-item__overlay\"><\/div>\n\t\t\t\t\t\t\t\t\t\t\t\t\t\t<\/a>\n\t\t\t\t\t\t\t<a class=\"e-gallery-item elementor-gallery-item elementor-animated-content\" href=\"https:\/\/ospoljcane.si\/nova\/wp-content\/uploads\/2023\/05\/20230421_120023-1600x1200-1.jpg\" data-elementor-open-lightbox=\"yes\" data-elementor-lightbox-slideshow=\"75b5d70\" data-e-action-hash=\"#elementor-action%3Aaction%3Dlightbox%26settings%3DeyJpZCI6MTQ0NzUsInVybCI6Imh0dHBzOlwvXC9vc3BvbGpjYW5lLnNpXC9ub3ZhXC93cC1jb250ZW50XC91cGxvYWRzXC8yMDIzXC8wNVwvMjAyMzA0MjFfMTIwMDIzLTE2MDB4MTIwMC0xLmpwZyIsInNsaWRlc2hvdyI6Ijc1YjVkNzAifQ%3D%3D\">\n\t\t\t\t\t<div class=\"e-gallery-image elementor-gallery-item__image\" data-thumbnail=\"https:\/\/ospoljcane.si\/nova\/wp-content\/uploads\/2023\/05\/20230421_120023-1600x1200-1-300x135.jpg\" data-width=\"300\" data-height=\"135\" aria-label=\"\" role=\"img\" ><\/div>\n\t\t\t\t\t\t\t\t\t\t\t<div class=\"elementor-gallery-item__overlay\"><\/div>\n\t\t\t\t\t\t\t\t\t\t\t\t\t\t<\/a>\n\t\t\t\t\t\t\t<a class=\"e-gallery-item elementor-gallery-item elementor-animated-content\" href=\"https:\/\/ospoljcane.si\/nova\/wp-content\/uploads\/2023\/05\/20230421_114922-1600x1200-1.jpg\" data-elementor-open-lightbox=\"yes\" data-elementor-lightbox-slideshow=\"75b5d70\" data-e-action-hash=\"#elementor-action%3Aaction%3Dlightbox%26settings%3DeyJpZCI6MTQ0NzQsInVybCI6Imh0dHBzOlwvXC9vc3BvbGpjYW5lLnNpXC9ub3ZhXC93cC1jb250ZW50XC91cGxvYWRzXC8yMDIzXC8wNVwvMjAyMzA0MjFfMTE0OTIyLTE2MDB4MTIwMC0xLmpwZyIsInNsaWRlc2hvdyI6Ijc1YjVkNzAifQ%3D%3D\">\n\t\t\t\t\t<div class=\"e-gallery-image elementor-gallery-item__image\" data-thumbnail=\"https:\/\/ospoljcane.si\/nova\/wp-content\/uploads\/2023\/05\/20230421_114922-1600x1200-1-300x135.jpg\" data-width=\"300\" data-height=\"135\" aria-label=\"\" role=\"img\" ><\/div>\n\t\t\t\t\t\t\t\t\t\t\t<div class=\"elementor-gallery-item__overlay\"><\/div>\n\t\t\t\t\t\t\t\t\t\t\t\t\t\t<\/a>\n\t\t\t\t\t<\/div>\n\t\t\t\t\t<\/div>\n\t\t\t\t<\/div>\n\t\t\t\t\t<\/div>\n\t\t<\/div>\n\t\t\t\t\t<\/div>\n\t\t<\/section>\n\t\t\t\t<\/div>\n\t\t","protected":false},"excerpt":{"rendered":"<p>V avli na\u0161e \u0161ole smo postavili akvarij z \u017eivimi organizmi. NAMEN: Opazovanje in skrb za \u017eive organizme. OPIS: Akvarij je steklena posoda, v kateri akvarist &hellip; <\/p>\n","protected":false},"author":6,"featured_media":0,"parent":0,"menu_order":0,"comment_status":"closed","ping_status":"closed","template":"","meta":{"footnotes":""},"class_list":["post-14495","page","type-page","status-publish","hentry","image-hover-transition-effect","latest_post"],"yoast_head":"<!-- This site is optimized with the Yoast SEO plugin v27.4 - https:\/\/yoast.com\/product\/yoast-seo-wordpress\/ -->\n<title>Koti\u010dek \u017eive narave v avli \u0161ole - Osnovna \u0161ola Kajetana Kovi\u010da Polj\u010dane<\/title>\n<meta name=\"robots\" content=\"index, follow, max-snippet:-1, max-image-preview:large, max-video-preview:-1\" \/>\n<link rel=\"canonical\" href=\"https:\/\/ospoljcane.si\/nova\/koticek-zive-narave-v-avli-sole\/\" \/>\n<meta property=\"og:locale\" content=\"sl_SI\" \/>\n<meta property=\"og:type\" content=\"article\" \/>\n<meta property=\"og:title\" content=\"Koti\u010dek \u017eive narave v avli \u0161ole - Osnovna \u0161ola Kajetana Kovi\u010da Polj\u010dane\" \/>\n<meta property=\"og:description\" content=\"V avli na\u0161e \u0161ole smo postavili akvarij z \u017eivimi organizmi. NAMEN: Opazovanje in skrb za \u017eive organizme. OPIS: Akvarij je steklena posoda, v kateri akvarist &hellip;\" \/>\n<meta property=\"og:url\" content=\"https:\/\/ospoljcane.si\/nova\/koticek-zive-narave-v-avli-sole\/\" \/>\n<meta property=\"og:site_name\" content=\"Osnovna \u0161ola Kajetana Kovi\u010da Polj\u010dane\" \/>\n<meta property=\"article:modified_time\" content=\"2023-05-09T10:10:24+00:00\" \/>\n<meta property=\"og:image\" content=\"http:\/\/ospoljcane.si\/nova\/wp-content\/uploads\/2023\/05\/akvarij-768x346.jpg\" \/>\n<meta name=\"twitter:card\" content=\"summary_large_image\" \/>\n<meta name=\"twitter:label1\" content=\"Est. reading time\" \/>\n\t<meta name=\"twitter:data1\" content=\"2 minuti\" \/>\n<script type=\"application\/ld+json\" class=\"yoast-schema-graph\">{\"@context\":\"https:\\\/\\\/schema.org\",\"@graph\":[{\"@type\":\"WebPage\",\"@id\":\"https:\\\/\\\/ospoljcane.si\\\/nova\\\/koticek-zive-narave-v-avli-sole\\\/\",\"url\":\"https:\\\/\\\/ospoljcane.si\\\/nova\\\/koticek-zive-narave-v-avli-sole\\\/\",\"name\":\"Koti\u010dek \u017eive narave v avli \u0161ole - Osnovna \u0161ola Kajetana Kovi\u010da Polj\u010dane\",\"isPartOf\":{\"@id\":\"https:\\\/\\\/ospoljcane.si\\\/nova\\\/#website\"},\"primaryImageOfPage\":{\"@id\":\"https:\\\/\\\/ospoljcane.si\\\/nova\\\/koticek-zive-narave-v-avli-sole\\\/#primaryimage\"},\"image\":{\"@id\":\"https:\\\/\\\/ospoljcane.si\\\/nova\\\/koticek-zive-narave-v-avli-sole\\\/#primaryimage\"},\"thumbnailUrl\":\"http:\\\/\\\/ospoljcane.si\\\/nova\\\/wp-content\\\/uploads\\\/2023\\\/05\\\/akvarij-768x346.jpg\",\"datePublished\":\"2023-05-09T09:11:38+00:00\",\"dateModified\":\"2023-05-09T10:10:24+00:00\",\"breadcrumb\":{\"@id\":\"https:\\\/\\\/ospoljcane.si\\\/nova\\\/koticek-zive-narave-v-avli-sole\\\/#breadcrumb\"},\"inLanguage\":\"sl-SI\",\"potentialAction\":[{\"@type\":\"ReadAction\",\"target\":[\"https:\\\/\\\/ospoljcane.si\\\/nova\\\/koticek-zive-narave-v-avli-sole\\\/\"]}]},{\"@type\":\"ImageObject\",\"inLanguage\":\"sl-SI\",\"@id\":\"https:\\\/\\\/ospoljcane.si\\\/nova\\\/koticek-zive-narave-v-avli-sole\\\/#primaryimage\",\"url\":\"https:\\\/\\\/ospoljcane.si\\\/nova\\\/wp-content\\\/uploads\\\/2023\\\/05\\\/akvarij.jpg\",\"contentUrl\":\"https:\\\/\\\/ospoljcane.si\\\/nova\\\/wp-content\\\/uploads\\\/2023\\\/05\\\/akvarij.jpg\",\"width\":1084,\"height\":488,\"caption\":\"Akvarij v avli \u0161ole\"},{\"@type\":\"BreadcrumbList\",\"@id\":\"https:\\\/\\\/ospoljcane.si\\\/nova\\\/koticek-zive-narave-v-avli-sole\\\/#breadcrumb\",\"itemListElement\":[{\"@type\":\"ListItem\",\"position\":1,\"name\":\"Domov\",\"item\":\"https:\\\/\\\/ospoljcane.si\\\/nova\\\/\"},{\"@type\":\"ListItem\",\"position\":2,\"name\":\"Koti\u010dek \u017eive narave v avli \u0161ole\"}]},{\"@type\":\"WebSite\",\"@id\":\"https:\\\/\\\/ospoljcane.si\\\/nova\\\/#website\",\"url\":\"https:\\\/\\\/ospoljcane.si\\\/nova\\\/\",\"name\":\"Osnovna \u0161ola Kajetana Kovi\u010da Polj\u010dane\",\"description\":\"\",\"publisher\":{\"@id\":\"https:\\\/\\\/ospoljcane.si\\\/nova\\\/#organization\"},\"potentialAction\":[{\"@type\":\"SearchAction\",\"target\":{\"@type\":\"EntryPoint\",\"urlTemplate\":\"https:\\\/\\\/ospoljcane.si\\\/nova\\\/?s={search_term_string}\"},\"query-input\":{\"@type\":\"PropertyValueSpecification\",\"valueRequired\":true,\"valueName\":\"search_term_string\"}}],\"inLanguage\":\"sl-SI\"},{\"@type\":\"Organization\",\"@id\":\"https:\\\/\\\/ospoljcane.si\\\/nova\\\/#organization\",\"name\":\"Osnovna \u0161ola Kajetana Kovi\u010da Polj\u010dane\",\"url\":\"https:\\\/\\\/ospoljcane.si\\\/nova\\\/\",\"logo\":{\"@type\":\"ImageObject\",\"inLanguage\":\"sl-SI\",\"@id\":\"https:\\\/\\\/ospoljcane.si\\\/nova\\\/#\\\/schema\\\/logo\\\/image\\\/\",\"url\":\"https:\\\/\\\/ospoljcane.si\\\/nova\\\/wp-content\\\/uploads\\\/2020\\\/12\\\/cropped-cropped-Logotip-sole-2016_3G-1-1.png\",\"contentUrl\":\"https:\\\/\\\/ospoljcane.si\\\/nova\\\/wp-content\\\/uploads\\\/2020\\\/12\\\/cropped-cropped-Logotip-sole-2016_3G-1-1.png\",\"width\":512,\"height\":512,\"caption\":\"Osnovna \u0161ola Kajetana Kovi\u010da Polj\u010dane\"},\"image\":{\"@id\":\"https:\\\/\\\/ospoljcane.si\\\/nova\\\/#\\\/schema\\\/logo\\\/image\\\/\"}}]}<\/script>\n<!-- \/ Yoast SEO plugin. -->","yoast_head_json":{"title":"Koti\u010dek \u017eive narave v avli \u0161ole - Osnovna \u0161ola Kajetana Kovi\u010da Polj\u010dane","robots":{"index":"index","follow":"follow","max-snippet":"max-snippet:-1","max-image-preview":"max-image-preview:large","max-video-preview":"max-video-preview:-1"},"canonical":"https:\/\/ospoljcane.si\/nova\/koticek-zive-narave-v-avli-sole\/","og_locale":"sl_SI","og_type":"article","og_title":"Koti\u010dek \u017eive narave v avli \u0161ole - Osnovna \u0161ola Kajetana Kovi\u010da Polj\u010dane","og_description":"V avli na\u0161e \u0161ole smo postavili akvarij z \u017eivimi organizmi. NAMEN: Opazovanje in skrb za \u017eive organizme. OPIS: Akvarij je steklena posoda, v kateri akvarist &hellip;","og_url":"https:\/\/ospoljcane.si\/nova\/koticek-zive-narave-v-avli-sole\/","og_site_name":"Osnovna \u0161ola Kajetana Kovi\u010da Polj\u010dane","article_modified_time":"2023-05-09T10:10:24+00:00","og_image":[{"url":"http:\/\/ospoljcane.si\/nova\/wp-content\/uploads\/2023\/05\/akvarij-768x346.jpg","type":"","width":"","height":""}],"twitter_card":"summary_large_image","twitter_misc":{"Est. reading time":"2 minuti"},"schema":{"@context":"https:\/\/schema.org","@graph":[{"@type":"WebPage","@id":"https:\/\/ospoljcane.si\/nova\/koticek-zive-narave-v-avli-sole\/","url":"https:\/\/ospoljcane.si\/nova\/koticek-zive-narave-v-avli-sole\/","name":"Koti\u010dek \u017eive narave v avli \u0161ole - Osnovna \u0161ola Kajetana Kovi\u010da Polj\u010dane","isPartOf":{"@id":"https:\/\/ospoljcane.si\/nova\/#website"},"primaryImageOfPage":{"@id":"https:\/\/ospoljcane.si\/nova\/koticek-zive-narave-v-avli-sole\/#primaryimage"},"image":{"@id":"https:\/\/ospoljcane.si\/nova\/koticek-zive-narave-v-avli-sole\/#primaryimage"},"thumbnailUrl":"http:\/\/ospoljcane.si\/nova\/wp-content\/uploads\/2023\/05\/akvarij-768x346.jpg","datePublished":"2023-05-09T09:11:38+00:00","dateModified":"2023-05-09T10:10:24+00:00","breadcrumb":{"@id":"https:\/\/ospoljcane.si\/nova\/koticek-zive-narave-v-avli-sole\/#breadcrumb"},"inLanguage":"sl-SI","potentialAction":[{"@type":"ReadAction","target":["https:\/\/ospoljcane.si\/nova\/koticek-zive-narave-v-avli-sole\/"]}]},{"@type":"ImageObject","inLanguage":"sl-SI","@id":"https:\/\/ospoljcane.si\/nova\/koticek-zive-narave-v-avli-sole\/#primaryimage","url":"https:\/\/ospoljcane.si\/nova\/wp-content\/uploads\/2023\/05\/akvarij.jpg","contentUrl":"https:\/\/ospoljcane.si\/nova\/wp-content\/uploads\/2023\/05\/akvarij.jpg","width":1084,"height":488,"caption":"Akvarij v avli \u0161ole"},{"@type":"BreadcrumbList","@id":"https:\/\/ospoljcane.si\/nova\/koticek-zive-narave-v-avli-sole\/#breadcrumb","itemListElement":[{"@type":"ListItem","position":1,"name":"Domov","item":"https:\/\/ospoljcane.si\/nova\/"},{"@type":"ListItem","position":2,"name":"Koti\u010dek \u017eive narave v avli \u0161ole"}]},{"@type":"WebSite","@id":"https:\/\/ospoljcane.si\/nova\/#website","url":"https:\/\/ospoljcane.si\/nova\/","name":"Osnovna \u0161ola Kajetana Kovi\u010da Polj\u010dane","description":"","publisher":{"@id":"https:\/\/ospoljcane.si\/nova\/#organization"},"potentialAction":[{"@type":"SearchAction","target":{"@type":"EntryPoint","urlTemplate":"https:\/\/ospoljcane.si\/nova\/?s={search_term_string}"},"query-input":{"@type":"PropertyValueSpecification","valueRequired":true,"valueName":"search_term_string"}}],"inLanguage":"sl-SI"},{"@type":"Organization","@id":"https:\/\/ospoljcane.si\/nova\/#organization","name":"Osnovna \u0161ola Kajetana Kovi\u010da Polj\u010dane","url":"https:\/\/ospoljcane.si\/nova\/","logo":{"@type":"ImageObject","inLanguage":"sl-SI","@id":"https:\/\/ospoljcane.si\/nova\/#\/schema\/logo\/image\/","url":"https:\/\/ospoljcane.si\/nova\/wp-content\/uploads\/2020\/12\/cropped-cropped-Logotip-sole-2016_3G-1-1.png","contentUrl":"https:\/\/ospoljcane.si\/nova\/wp-content\/uploads\/2020\/12\/cropped-cropped-Logotip-sole-2016_3G-1-1.png","width":512,"height":512,"caption":"Osnovna \u0161ola Kajetana Kovi\u010da Polj\u010dane"},"image":{"@id":"https:\/\/ospoljcane.si\/nova\/#\/schema\/logo\/image\/"}}]}},"_links":{"self":[{"href":"https:\/\/ospoljcane.si\/nova\/wp-json\/wp\/v2\/pages\/14495","targetHints":{"allow":["GET"]}}],"collection":[{"href":"https:\/\/ospoljcane.si\/nova\/wp-json\/wp\/v2\/pages"}],"about":[{"href":"https:\/\/ospoljcane.si\/nova\/wp-json\/wp\/v2\/types\/page"}],"author":[{"embeddable":true,"href":"https:\/\/ospoljcane.si\/nova\/wp-json\/wp\/v2\/users\/6"}],"replies":[{"embeddable":true,"href":"https:\/\/ospoljcane.si\/nova\/wp-json\/wp\/v2\/comments?post=14495"}],"version-history":[{"count":4,"href":"https:\/\/ospoljcane.si\/nova\/wp-json\/wp\/v2\/pages\/14495\/revisions"}],"predecessor-version":[{"id":14502,"href":"https:\/\/ospoljcane.si\/nova\/wp-json\/wp\/v2\/pages\/14495\/revisions\/14502"}],"wp:attachment":[{"href":"https:\/\/ospoljcane.si\/nova\/wp-json\/wp\/v2\/media?parent=14495"}],"curies":[{"name":"wp","href":"https:\/\/api.w.org\/{rel}","templated":true}]}}