{"id":14370,"date":"2023-04-26T08:45:09","date_gmt":"2023-04-26T06:45:09","guid":{"rendered":"http:\/\/ospoljcane.si\/nova\/?page_id=14370"},"modified":"2023-04-26T08:52:26","modified_gmt":"2023-04-26T06:52:26","slug":"2-srecanje-v-okviru-projekta-medgeneracijsko-branje","status":"publish","type":"page","link":"https:\/\/ospoljcane.si\/nova\/2-srecanje-v-okviru-projekta-medgeneracijsko-branje\/","title":{"rendered":"2. sre\u010danje v okviru projekta Medgeneracijsko branje"},"content":{"rendered":"\t\t<div data-elementor-type=\"wp-page\" data-elementor-id=\"14370\" class=\"elementor elementor-14370\" data-elementor-post-type=\"page\">\n\t\t\t\t\t\t<section class=\"elementor-section elementor-top-section elementor-element elementor-element-12bd28d elementor-section-boxed elementor-section-height-default elementor-section-height-default\" data-id=\"12bd28d\" data-element_type=\"section\" data-e-type=\"section\">\n\t\t\t\t\t\t<div class=\"elementor-container elementor-column-gap-default\">\n\t\t\t\t\t<div class=\"elementor-column elementor-col-100 elementor-top-column elementor-element elementor-element-31bb6a7\" data-id=\"31bb6a7\" data-element_type=\"column\" data-e-type=\"column\">\n\t\t\t<div class=\"elementor-widget-wrap elementor-element-populated\">\n\t\t\t\t\t\t<div class=\"elementor-element elementor-element-450c7e8 elementor-widget elementor-widget-text-editor\" data-id=\"450c7e8\" data-element_type=\"widget\" data-e-type=\"widget\" data-widget_type=\"text-editor.default\">\n\t\t\t\t<div class=\"elementor-widget-container\">\n\t\t\t\t\t\t\t\t\t<p>V torek, 25. 4. 2023, je bilo izvedeno drugo sre\u010danje v okviru zgoraj omenjenega projekta.<br \/>Pogovarjali smo se o knjigi Vinka M\u00f6derndorferja KIT NA PLA\u017dI.<\/p><p>U\u010dencem je bila knjiga v\u0161e\u010d in se jim je zdela izredno dobro izhodi\u0161\u010de za pogovor\u00a0druga\u010dnosti, o (ne)sprejemanju le-te, o te\u017eavah, s katerimi se dru\u017eine in okolica sre\u010dujejo pri\u00a0sprejemanju druga\u010dnosti. Nekateri u\u010denci so povedali, da jim je bilo v\u0161e\u010d, da so si star\u0161i vzeli\u00a0\u010das zanje in so tako med branjem ter pogovorom o prebranem skupaj pre\u017eiveli prosti \u010das.\u00a0<\/p><p>Tudi star\u0161i so povedali, da je knjiga izredno dobro izhodi\u0161\u010de za pogovor o druga\u010dnosti, o\u00a0(ne)sprejemanju le-te, o te\u017eavah, s katerimi se dru\u017eine z otroki s posebnimi potrebami\u00a0sre\u010dujejo. Povedali so tudi, da je knjiga izjemno dobro napisana, saj so ob nekaterih opisih\u00a0dogodkov \u010dutili, kot da so v sami v tisti situaciji. Star\u0161i so izpostavili, da so se ob branju\u00a0za\u010deli zavedati, da si premalokrat vzamejo \u010das za branje in premlevanje o prebranem z otroki.\u00a0Zato si \u017eelijo, da bi se tak\u0161na oblika dru\u017eenja \u0161e kdaj ponovila.<\/p><p>Vsak udele\u017eenec je predstavil svoj pogled na knjigo, na glavne osebe in njihova ravnanja, na\u00a0sporo\u010dilo knjige. Zaklju\u010dili smo z razmi\u0161ljanjem o tem, kaj si \u017eelimo sami in kak\u0161ni bi naj bili\u00a0ljudje drug do drugega. Sre\u010danje je potekalo v zelo spro\u0161\u010denem in prijetnem vzdu\u0161ju.<\/p><p style=\"text-align: right;\">Zapisala Polona Born\u0161ek<\/p>\t\t\t\t\t\t\t\t<\/div>\n\t\t\t\t<\/div>\n\t\t\t\t\t<\/div>\n\t\t<\/div>\n\t\t\t\t\t<\/div>\n\t\t<\/section>\n\t\t\t\t<\/div>\n\t\t","protected":false},"excerpt":{"rendered":"<p>V torek, 25. 4. 2023, je bilo izvedeno drugo sre\u010danje v okviru zgoraj omenjenega projekta.Pogovarjali smo se o knjigi Vinka M\u00f6derndorferja KIT NA PLA\u017dI. U\u010dencem &hellip; <\/p>\n","protected":false},"author":6,"featured_media":0,"parent":0,"menu_order":0,"comment_status":"closed","ping_status":"closed","template":"","meta":{"footnotes":""},"class_list":["post-14370","page","type-page","status-publish","hentry","image-hover-transition-effect","latest_post"],"yoast_head":"<!-- This site is optimized with the Yoast SEO plugin v27.3 - https:\/\/yoast.com\/product\/yoast-seo-wordpress\/ -->\n<title>2. sre\u010danje v okviru projekta Medgeneracijsko branje - Osnovna \u0161ola Kajetana Kovi\u010da Polj\u010dane<\/title>\n<meta name=\"robots\" content=\"index, follow, max-snippet:-1, max-image-preview:large, max-video-preview:-1\" \/>\n<link rel=\"canonical\" href=\"https:\/\/ospoljcane.si\/nova\/2-srecanje-v-okviru-projekta-medgeneracijsko-branje\/\" \/>\n<meta property=\"og:locale\" content=\"sl_SI\" \/>\n<meta property=\"og:type\" content=\"article\" \/>\n<meta property=\"og:title\" content=\"2. sre\u010danje v okviru projekta Medgeneracijsko branje - Osnovna \u0161ola Kajetana Kovi\u010da Polj\u010dane\" \/>\n<meta property=\"og:description\" content=\"V torek, 25. 4. 2023, je bilo izvedeno drugo sre\u010danje v okviru zgoraj omenjenega projekta.Pogovarjali smo se o knjigi Vinka M\u00f6derndorferja KIT NA PLA\u017dI. U\u010dencem &hellip;\" \/>\n<meta property=\"og:url\" content=\"https:\/\/ospoljcane.si\/nova\/2-srecanje-v-okviru-projekta-medgeneracijsko-branje\/\" \/>\n<meta property=\"og:site_name\" content=\"Osnovna \u0161ola Kajetana Kovi\u010da Polj\u010dane\" \/>\n<meta property=\"article:modified_time\" content=\"2023-04-26T06:52:26+00:00\" \/>\n<meta name=\"twitter:card\" content=\"summary_large_image\" \/>\n<meta name=\"twitter:label1\" content=\"Est. reading time\" \/>\n\t<meta name=\"twitter:data1\" content=\"2 minuti\" \/>\n<script type=\"application\/ld+json\" class=\"yoast-schema-graph\">{\"@context\":\"https:\\\/\\\/schema.org\",\"@graph\":[{\"@type\":\"WebPage\",\"@id\":\"https:\\\/\\\/ospoljcane.si\\\/nova\\\/2-srecanje-v-okviru-projekta-medgeneracijsko-branje\\\/\",\"url\":\"https:\\\/\\\/ospoljcane.si\\\/nova\\\/2-srecanje-v-okviru-projekta-medgeneracijsko-branje\\\/\",\"name\":\"2. sre\u010danje v okviru projekta Medgeneracijsko branje - Osnovna \u0161ola Kajetana Kovi\u010da Polj\u010dane\",\"isPartOf\":{\"@id\":\"https:\\\/\\\/ospoljcane.si\\\/nova\\\/#website\"},\"datePublished\":\"2023-04-26T06:45:09+00:00\",\"dateModified\":\"2023-04-26T06:52:26+00:00\",\"breadcrumb\":{\"@id\":\"https:\\\/\\\/ospoljcane.si\\\/nova\\\/2-srecanje-v-okviru-projekta-medgeneracijsko-branje\\\/#breadcrumb\"},\"inLanguage\":\"sl-SI\",\"potentialAction\":[{\"@type\":\"ReadAction\",\"target\":[\"https:\\\/\\\/ospoljcane.si\\\/nova\\\/2-srecanje-v-okviru-projekta-medgeneracijsko-branje\\\/\"]}]},{\"@type\":\"BreadcrumbList\",\"@id\":\"https:\\\/\\\/ospoljcane.si\\\/nova\\\/2-srecanje-v-okviru-projekta-medgeneracijsko-branje\\\/#breadcrumb\",\"itemListElement\":[{\"@type\":\"ListItem\",\"position\":1,\"name\":\"Domov\",\"item\":\"https:\\\/\\\/ospoljcane.si\\\/nova\\\/\"},{\"@type\":\"ListItem\",\"position\":2,\"name\":\"2. sre\u010danje v okviru projekta Medgeneracijsko branje\"}]},{\"@type\":\"WebSite\",\"@id\":\"https:\\\/\\\/ospoljcane.si\\\/nova\\\/#website\",\"url\":\"https:\\\/\\\/ospoljcane.si\\\/nova\\\/\",\"name\":\"Osnovna \u0161ola Kajetana Kovi\u010da Polj\u010dane\",\"description\":\"\",\"publisher\":{\"@id\":\"https:\\\/\\\/ospoljcane.si\\\/nova\\\/#organization\"},\"potentialAction\":[{\"@type\":\"SearchAction\",\"target\":{\"@type\":\"EntryPoint\",\"urlTemplate\":\"https:\\\/\\\/ospoljcane.si\\\/nova\\\/?s={search_term_string}\"},\"query-input\":{\"@type\":\"PropertyValueSpecification\",\"valueRequired\":true,\"valueName\":\"search_term_string\"}}],\"inLanguage\":\"sl-SI\"},{\"@type\":\"Organization\",\"@id\":\"https:\\\/\\\/ospoljcane.si\\\/nova\\\/#organization\",\"name\":\"Osnovna \u0161ola Kajetana Kovi\u010da Polj\u010dane\",\"url\":\"https:\\\/\\\/ospoljcane.si\\\/nova\\\/\",\"logo\":{\"@type\":\"ImageObject\",\"inLanguage\":\"sl-SI\",\"@id\":\"https:\\\/\\\/ospoljcane.si\\\/nova\\\/#\\\/schema\\\/logo\\\/image\\\/\",\"url\":\"https:\\\/\\\/ospoljcane.si\\\/nova\\\/wp-content\\\/uploads\\\/2020\\\/12\\\/cropped-cropped-Logotip-sole-2016_3G-1-1.png\",\"contentUrl\":\"https:\\\/\\\/ospoljcane.si\\\/nova\\\/wp-content\\\/uploads\\\/2020\\\/12\\\/cropped-cropped-Logotip-sole-2016_3G-1-1.png\",\"width\":512,\"height\":512,\"caption\":\"Osnovna \u0161ola Kajetana Kovi\u010da Polj\u010dane\"},\"image\":{\"@id\":\"https:\\\/\\\/ospoljcane.si\\\/nova\\\/#\\\/schema\\\/logo\\\/image\\\/\"}}]}<\/script>\n<!-- \/ Yoast SEO plugin. -->","yoast_head_json":{"title":"2. sre\u010danje v okviru projekta Medgeneracijsko branje - Osnovna \u0161ola Kajetana Kovi\u010da Polj\u010dane","robots":{"index":"index","follow":"follow","max-snippet":"max-snippet:-1","max-image-preview":"max-image-preview:large","max-video-preview":"max-video-preview:-1"},"canonical":"https:\/\/ospoljcane.si\/nova\/2-srecanje-v-okviru-projekta-medgeneracijsko-branje\/","og_locale":"sl_SI","og_type":"article","og_title":"2. sre\u010danje v okviru projekta Medgeneracijsko branje - Osnovna \u0161ola Kajetana Kovi\u010da Polj\u010dane","og_description":"V torek, 25. 4. 2023, je bilo izvedeno drugo sre\u010danje v okviru zgoraj omenjenega projekta.Pogovarjali smo se o knjigi Vinka M\u00f6derndorferja KIT NA PLA\u017dI. U\u010dencem &hellip;","og_url":"https:\/\/ospoljcane.si\/nova\/2-srecanje-v-okviru-projekta-medgeneracijsko-branje\/","og_site_name":"Osnovna \u0161ola Kajetana Kovi\u010da Polj\u010dane","article_modified_time":"2023-04-26T06:52:26+00:00","twitter_card":"summary_large_image","twitter_misc":{"Est. reading time":"2 minuti"},"schema":{"@context":"https:\/\/schema.org","@graph":[{"@type":"WebPage","@id":"https:\/\/ospoljcane.si\/nova\/2-srecanje-v-okviru-projekta-medgeneracijsko-branje\/","url":"https:\/\/ospoljcane.si\/nova\/2-srecanje-v-okviru-projekta-medgeneracijsko-branje\/","name":"2. sre\u010danje v okviru projekta Medgeneracijsko branje - Osnovna \u0161ola Kajetana Kovi\u010da Polj\u010dane","isPartOf":{"@id":"https:\/\/ospoljcane.si\/nova\/#website"},"datePublished":"2023-04-26T06:45:09+00:00","dateModified":"2023-04-26T06:52:26+00:00","breadcrumb":{"@id":"https:\/\/ospoljcane.si\/nova\/2-srecanje-v-okviru-projekta-medgeneracijsko-branje\/#breadcrumb"},"inLanguage":"sl-SI","potentialAction":[{"@type":"ReadAction","target":["https:\/\/ospoljcane.si\/nova\/2-srecanje-v-okviru-projekta-medgeneracijsko-branje\/"]}]},{"@type":"BreadcrumbList","@id":"https:\/\/ospoljcane.si\/nova\/2-srecanje-v-okviru-projekta-medgeneracijsko-branje\/#breadcrumb","itemListElement":[{"@type":"ListItem","position":1,"name":"Domov","item":"https:\/\/ospoljcane.si\/nova\/"},{"@type":"ListItem","position":2,"name":"2. sre\u010danje v okviru projekta Medgeneracijsko branje"}]},{"@type":"WebSite","@id":"https:\/\/ospoljcane.si\/nova\/#website","url":"https:\/\/ospoljcane.si\/nova\/","name":"Osnovna \u0161ola Kajetana Kovi\u010da Polj\u010dane","description":"","publisher":{"@id":"https:\/\/ospoljcane.si\/nova\/#organization"},"potentialAction":[{"@type":"SearchAction","target":{"@type":"EntryPoint","urlTemplate":"https:\/\/ospoljcane.si\/nova\/?s={search_term_string}"},"query-input":{"@type":"PropertyValueSpecification","valueRequired":true,"valueName":"search_term_string"}}],"inLanguage":"sl-SI"},{"@type":"Organization","@id":"https:\/\/ospoljcane.si\/nova\/#organization","name":"Osnovna \u0161ola Kajetana Kovi\u010da Polj\u010dane","url":"https:\/\/ospoljcane.si\/nova\/","logo":{"@type":"ImageObject","inLanguage":"sl-SI","@id":"https:\/\/ospoljcane.si\/nova\/#\/schema\/logo\/image\/","url":"https:\/\/ospoljcane.si\/nova\/wp-content\/uploads\/2020\/12\/cropped-cropped-Logotip-sole-2016_3G-1-1.png","contentUrl":"https:\/\/ospoljcane.si\/nova\/wp-content\/uploads\/2020\/12\/cropped-cropped-Logotip-sole-2016_3G-1-1.png","width":512,"height":512,"caption":"Osnovna \u0161ola Kajetana Kovi\u010da Polj\u010dane"},"image":{"@id":"https:\/\/ospoljcane.si\/nova\/#\/schema\/logo\/image\/"}}]}},"_links":{"self":[{"href":"https:\/\/ospoljcane.si\/nova\/wp-json\/wp\/v2\/pages\/14370","targetHints":{"allow":["GET"]}}],"collection":[{"href":"https:\/\/ospoljcane.si\/nova\/wp-json\/wp\/v2\/pages"}],"about":[{"href":"https:\/\/ospoljcane.si\/nova\/wp-json\/wp\/v2\/types\/page"}],"author":[{"embeddable":true,"href":"https:\/\/ospoljcane.si\/nova\/wp-json\/wp\/v2\/users\/6"}],"replies":[{"embeddable":true,"href":"https:\/\/ospoljcane.si\/nova\/wp-json\/wp\/v2\/comments?post=14370"}],"version-history":[{"count":4,"href":"https:\/\/ospoljcane.si\/nova\/wp-json\/wp\/v2\/pages\/14370\/revisions"}],"predecessor-version":[{"id":14374,"href":"https:\/\/ospoljcane.si\/nova\/wp-json\/wp\/v2\/pages\/14370\/revisions\/14374"}],"wp:attachment":[{"href":"https:\/\/ospoljcane.si\/nova\/wp-json\/wp\/v2\/media?parent=14370"}],"curies":[{"name":"wp","href":"https:\/\/api.w.org\/{rel}","templated":true}]}}