{"id":14355,"date":"2023-04-25T21:34:56","date_gmt":"2023-04-25T19:34:56","guid":{"rendered":"http:\/\/ospoljcane.si\/nova\/?page_id=14355"},"modified":"2023-04-25T21:36:37","modified_gmt":"2023-04-25T19:36:37","slug":"izobrazevalno-informativne-table","status":"publish","type":"page","link":"https:\/\/ospoljcane.si\/nova\/izobrazevalno-informativne-table\/","title":{"rendered":"Izobra\u017eevalno &#8211; informativne table"},"content":{"rendered":"\t\t<div data-elementor-type=\"wp-page\" data-elementor-id=\"14355\" class=\"elementor elementor-14355\" data-elementor-post-type=\"page\">\n\t\t\t\t\t\t<section class=\"elementor-section elementor-top-section elementor-element elementor-element-280802b elementor-section-boxed elementor-section-height-default elementor-section-height-default\" data-id=\"280802b\" data-element_type=\"section\" data-e-type=\"section\">\n\t\t\t\t\t\t<div class=\"elementor-container elementor-column-gap-default\">\n\t\t\t\t\t<div class=\"elementor-column elementor-col-100 elementor-top-column elementor-element elementor-element-4eaf143\" data-id=\"4eaf143\" data-element_type=\"column\" data-e-type=\"column\">\n\t\t\t<div class=\"elementor-widget-wrap elementor-element-populated\">\n\t\t\t\t\t\t<div class=\"elementor-element elementor-element-50dd79f elementor-widget elementor-widget-image\" data-id=\"50dd79f\" data-element_type=\"widget\" data-e-type=\"widget\" data-widget_type=\"image.default\">\n\t\t\t\t<div class=\"elementor-widget-container\">\n\t\t\t\t\t\t\t\t\t\t\t\t\t\t\t<img fetchpriority=\"high\" decoding=\"async\" width=\"768\" height=\"346\" src=\"https:\/\/ospoljcane.si\/nova\/wp-content\/uploads\/2023\/04\/table-768x346.jpg\" class=\"attachment-medium_large size-medium_large wp-image-14308\" alt=\"\" srcset=\"https:\/\/ospoljcane.si\/nova\/wp-content\/uploads\/2023\/04\/table-768x346.jpg 768w, https:\/\/ospoljcane.si\/nova\/wp-content\/uploads\/2023\/04\/table-300x135.jpg 300w, https:\/\/ospoljcane.si\/nova\/wp-content\/uploads\/2023\/04\/table-1024x461.jpg 1024w, https:\/\/ospoljcane.si\/nova\/wp-content\/uploads\/2023\/04\/table.jpg 1360w\" sizes=\"(max-width: 768px) 100vw, 768px\" \/>\t\t\t\t\t\t\t\t\t\t\t\t\t\t\t<\/div>\n\t\t\t\t<\/div>\n\t\t\t\t\t<\/div>\n\t\t<\/div>\n\t\t\t\t\t<\/div>\n\t\t<\/section>\n\t\t\t\t<section class=\"elementor-section elementor-top-section elementor-element elementor-element-99285d4 elementor-section-boxed elementor-section-height-default elementor-section-height-default\" data-id=\"99285d4\" data-element_type=\"section\" data-e-type=\"section\">\n\t\t\t\t\t\t<div class=\"elementor-container elementor-column-gap-default\">\n\t\t\t\t\t<div class=\"elementor-column elementor-col-100 elementor-top-column elementor-element elementor-element-0a47d68\" data-id=\"0a47d68\" data-element_type=\"column\" data-e-type=\"column\">\n\t\t\t<div class=\"elementor-widget-wrap elementor-element-populated\">\n\t\t\t\t\t\t<div class=\"elementor-element elementor-element-7fd2827 elementor-widget elementor-widget-text-editor\" data-id=\"7fd2827\" data-element_type=\"widget\" data-e-type=\"widget\" data-widget_type=\"text-editor.default\">\n\t\t\t\t<div class=\"elementor-widget-container\">\n\t\t\t\t\t\t\t\t\t<p>Na O\u0160 Kajetana Kovi\u010da Polj\u010dane smo \u00a0zaposleni in u\u010denci v okviru projekta Vzgoja in izobra\u017eevanje za trajnostni razvoj (VITR) pripravili razli\u010dna u\u010dna okolja ob \u0161oli: Miyawakijev gozdi\u010dek, tradicionalni slovenski travnik, mini sadovnjak, \u0161olski vrt z nizkimi gredami, visokimi gredami, stopni\u010dastimi gredami, hotel za \u017eu\u017eelke in zbiralnik de\u017eevnice.<\/p><p>V u\u010dno okolje smo vklju\u010dili tudi posebna drevesa, ki rastejo ob \u0161oli;\u00a0 platano in ameri\u0161ki javor.<\/p><p>Opazovanje\u00a0 razvoja rastlin je\u00a0 del izobra\u017eevalnega procesa. Tako bomo \u00a0ozave\u0161\u010dali spoznanja o nujnosti ohranjanja narave.<\/p><p>Dne 20. 4. 2023 smo ob u\u010dna okolja postavili tudi informativno-izobra\u017eevalne table, ki so namenjene u\u010dencem, zaposlenim v \u0161oli, star\u0161em in drugim obiskovalcem.<\/p><p>Na tablah so opisi in fotografije rastlin, ki se nahajajo v posameznih u\u010dnih okoljih.<\/p><p>Pomen izobra\u017eevalnih tabel se nana\u0161a na uporabo tabel za prakti\u010dno in raziskovalno u\u010denje zunaj tradicionalne u\u010dilnice, kar spodbuja u\u010denje in razvijanje razli\u010dnih spretnosti v naravnem okolju.<\/p><p style=\"text-align: right;\">Tatjana Zgubi\u010d z u\u010denci in ostalimi zaposlenimi na O\u0160 Kajetana Kovi\u010da Polj\u010dane<\/p><p><a href=\"https:\/\/photos.app.goo.gl\/bXsWZWDoDcsQibN5A\"><strong>GALERIJA<\/strong><\/a><\/p>\t\t\t\t\t\t\t\t<\/div>\n\t\t\t\t<\/div>\n\t\t\t\t\t<\/div>\n\t\t<\/div>\n\t\t\t\t\t<\/div>\n\t\t<\/section>\n\t\t\t\t<\/div>\n\t\t","protected":false},"excerpt":{"rendered":"<p>Na O\u0160 Kajetana Kovi\u010da Polj\u010dane smo \u00a0zaposleni in u\u010denci v okviru projekta Vzgoja in izobra\u017eevanje za trajnostni razvoj (VITR) pripravili razli\u010dna u\u010dna okolja ob \u0161oli: &hellip; <\/p>\n","protected":false},"author":6,"featured_media":0,"parent":0,"menu_order":0,"comment_status":"closed","ping_status":"closed","template":"","meta":{"footnotes":""},"class_list":["post-14355","page","type-page","status-publish","hentry","image-hover-transition-effect","latest_post"],"yoast_head":"<!-- This site is optimized with the Yoast SEO plugin v27.4 - https:\/\/yoast.com\/product\/yoast-seo-wordpress\/ -->\n<title>Izobra\u017eevalno - informativne table - Osnovna \u0161ola Kajetana Kovi\u010da Polj\u010dane<\/title>\n<meta name=\"robots\" content=\"index, follow, max-snippet:-1, max-image-preview:large, max-video-preview:-1\" \/>\n<link rel=\"canonical\" href=\"https:\/\/ospoljcane.si\/nova\/izobrazevalno-informativne-table\/\" \/>\n<meta property=\"og:locale\" content=\"sl_SI\" \/>\n<meta property=\"og:type\" content=\"article\" \/>\n<meta property=\"og:title\" content=\"Izobra\u017eevalno - informativne table - Osnovna \u0161ola Kajetana Kovi\u010da Polj\u010dane\" \/>\n<meta property=\"og:description\" content=\"Na O\u0160 Kajetana Kovi\u010da Polj\u010dane smo \u00a0zaposleni in u\u010denci v okviru projekta Vzgoja in izobra\u017eevanje za trajnostni razvoj (VITR) pripravili razli\u010dna u\u010dna okolja ob \u0161oli: &hellip;\" \/>\n<meta property=\"og:url\" content=\"https:\/\/ospoljcane.si\/nova\/izobrazevalno-informativne-table\/\" \/>\n<meta property=\"og:site_name\" content=\"Osnovna \u0161ola Kajetana Kovi\u010da Polj\u010dane\" \/>\n<meta property=\"article:modified_time\" content=\"2023-04-25T19:36:37+00:00\" \/>\n<meta property=\"og:image\" content=\"http:\/\/ospoljcane.si\/nova\/wp-content\/uploads\/2023\/04\/table-768x346.jpg\" \/>\n<meta name=\"twitter:card\" content=\"summary_large_image\" \/>\n<meta name=\"twitter:label1\" content=\"Est. reading time\" \/>\n\t<meta name=\"twitter:data1\" content=\"2 minuti\" \/>\n<script type=\"application\/ld+json\" class=\"yoast-schema-graph\">{\"@context\":\"https:\\\/\\\/schema.org\",\"@graph\":[{\"@type\":\"WebPage\",\"@id\":\"https:\\\/\\\/ospoljcane.si\\\/nova\\\/izobrazevalno-informativne-table\\\/\",\"url\":\"https:\\\/\\\/ospoljcane.si\\\/nova\\\/izobrazevalno-informativne-table\\\/\",\"name\":\"Izobra\u017eevalno - informativne table - Osnovna \u0161ola Kajetana Kovi\u010da Polj\u010dane\",\"isPartOf\":{\"@id\":\"https:\\\/\\\/ospoljcane.si\\\/nova\\\/#website\"},\"primaryImageOfPage\":{\"@id\":\"https:\\\/\\\/ospoljcane.si\\\/nova\\\/izobrazevalno-informativne-table\\\/#primaryimage\"},\"image\":{\"@id\":\"https:\\\/\\\/ospoljcane.si\\\/nova\\\/izobrazevalno-informativne-table\\\/#primaryimage\"},\"thumbnailUrl\":\"http:\\\/\\\/ospoljcane.si\\\/nova\\\/wp-content\\\/uploads\\\/2023\\\/04\\\/table-768x346.jpg\",\"datePublished\":\"2023-04-25T19:34:56+00:00\",\"dateModified\":\"2023-04-25T19:36:37+00:00\",\"breadcrumb\":{\"@id\":\"https:\\\/\\\/ospoljcane.si\\\/nova\\\/izobrazevalno-informativne-table\\\/#breadcrumb\"},\"inLanguage\":\"sl-SI\",\"potentialAction\":[{\"@type\":\"ReadAction\",\"target\":[\"https:\\\/\\\/ospoljcane.si\\\/nova\\\/izobrazevalno-informativne-table\\\/\"]}]},{\"@type\":\"ImageObject\",\"inLanguage\":\"sl-SI\",\"@id\":\"https:\\\/\\\/ospoljcane.si\\\/nova\\\/izobrazevalno-informativne-table\\\/#primaryimage\",\"url\":\"https:\\\/\\\/ospoljcane.si\\\/nova\\\/wp-content\\\/uploads\\\/2023\\\/04\\\/table.jpg\",\"contentUrl\":\"https:\\\/\\\/ospoljcane.si\\\/nova\\\/wp-content\\\/uploads\\\/2023\\\/04\\\/table.jpg\",\"width\":1360,\"height\":612},{\"@type\":\"BreadcrumbList\",\"@id\":\"https:\\\/\\\/ospoljcane.si\\\/nova\\\/izobrazevalno-informativne-table\\\/#breadcrumb\",\"itemListElement\":[{\"@type\":\"ListItem\",\"position\":1,\"name\":\"Domov\",\"item\":\"https:\\\/\\\/ospoljcane.si\\\/nova\\\/\"},{\"@type\":\"ListItem\",\"position\":2,\"name\":\"Izobra\u017eevalno &#8211; informativne table\"}]},{\"@type\":\"WebSite\",\"@id\":\"https:\\\/\\\/ospoljcane.si\\\/nova\\\/#website\",\"url\":\"https:\\\/\\\/ospoljcane.si\\\/nova\\\/\",\"name\":\"Osnovna \u0161ola Kajetana Kovi\u010da Polj\u010dane\",\"description\":\"\",\"publisher\":{\"@id\":\"https:\\\/\\\/ospoljcane.si\\\/nova\\\/#organization\"},\"potentialAction\":[{\"@type\":\"SearchAction\",\"target\":{\"@type\":\"EntryPoint\",\"urlTemplate\":\"https:\\\/\\\/ospoljcane.si\\\/nova\\\/?s={search_term_string}\"},\"query-input\":{\"@type\":\"PropertyValueSpecification\",\"valueRequired\":true,\"valueName\":\"search_term_string\"}}],\"inLanguage\":\"sl-SI\"},{\"@type\":\"Organization\",\"@id\":\"https:\\\/\\\/ospoljcane.si\\\/nova\\\/#organization\",\"name\":\"Osnovna \u0161ola Kajetana Kovi\u010da Polj\u010dane\",\"url\":\"https:\\\/\\\/ospoljcane.si\\\/nova\\\/\",\"logo\":{\"@type\":\"ImageObject\",\"inLanguage\":\"sl-SI\",\"@id\":\"https:\\\/\\\/ospoljcane.si\\\/nova\\\/#\\\/schema\\\/logo\\\/image\\\/\",\"url\":\"https:\\\/\\\/ospoljcane.si\\\/nova\\\/wp-content\\\/uploads\\\/2020\\\/12\\\/cropped-cropped-Logotip-sole-2016_3G-1-1.png\",\"contentUrl\":\"https:\\\/\\\/ospoljcane.si\\\/nova\\\/wp-content\\\/uploads\\\/2020\\\/12\\\/cropped-cropped-Logotip-sole-2016_3G-1-1.png\",\"width\":512,\"height\":512,\"caption\":\"Osnovna \u0161ola Kajetana Kovi\u010da Polj\u010dane\"},\"image\":{\"@id\":\"https:\\\/\\\/ospoljcane.si\\\/nova\\\/#\\\/schema\\\/logo\\\/image\\\/\"}}]}<\/script>\n<!-- \/ Yoast SEO plugin. -->","yoast_head_json":{"title":"Izobra\u017eevalno - informativne table - Osnovna \u0161ola Kajetana Kovi\u010da Polj\u010dane","robots":{"index":"index","follow":"follow","max-snippet":"max-snippet:-1","max-image-preview":"max-image-preview:large","max-video-preview":"max-video-preview:-1"},"canonical":"https:\/\/ospoljcane.si\/nova\/izobrazevalno-informativne-table\/","og_locale":"sl_SI","og_type":"article","og_title":"Izobra\u017eevalno - informativne table - Osnovna \u0161ola Kajetana Kovi\u010da Polj\u010dane","og_description":"Na O\u0160 Kajetana Kovi\u010da Polj\u010dane smo \u00a0zaposleni in u\u010denci v okviru projekta Vzgoja in izobra\u017eevanje za trajnostni razvoj (VITR) pripravili razli\u010dna u\u010dna okolja ob \u0161oli: &hellip;","og_url":"https:\/\/ospoljcane.si\/nova\/izobrazevalno-informativne-table\/","og_site_name":"Osnovna \u0161ola Kajetana Kovi\u010da Polj\u010dane","article_modified_time":"2023-04-25T19:36:37+00:00","og_image":[{"url":"http:\/\/ospoljcane.si\/nova\/wp-content\/uploads\/2023\/04\/table-768x346.jpg","type":"","width":"","height":""}],"twitter_card":"summary_large_image","twitter_misc":{"Est. reading time":"2 minuti"},"schema":{"@context":"https:\/\/schema.org","@graph":[{"@type":"WebPage","@id":"https:\/\/ospoljcane.si\/nova\/izobrazevalno-informativne-table\/","url":"https:\/\/ospoljcane.si\/nova\/izobrazevalno-informativne-table\/","name":"Izobra\u017eevalno - informativne table - Osnovna \u0161ola Kajetana Kovi\u010da Polj\u010dane","isPartOf":{"@id":"https:\/\/ospoljcane.si\/nova\/#website"},"primaryImageOfPage":{"@id":"https:\/\/ospoljcane.si\/nova\/izobrazevalno-informativne-table\/#primaryimage"},"image":{"@id":"https:\/\/ospoljcane.si\/nova\/izobrazevalno-informativne-table\/#primaryimage"},"thumbnailUrl":"http:\/\/ospoljcane.si\/nova\/wp-content\/uploads\/2023\/04\/table-768x346.jpg","datePublished":"2023-04-25T19:34:56+00:00","dateModified":"2023-04-25T19:36:37+00:00","breadcrumb":{"@id":"https:\/\/ospoljcane.si\/nova\/izobrazevalno-informativne-table\/#breadcrumb"},"inLanguage":"sl-SI","potentialAction":[{"@type":"ReadAction","target":["https:\/\/ospoljcane.si\/nova\/izobrazevalno-informativne-table\/"]}]},{"@type":"ImageObject","inLanguage":"sl-SI","@id":"https:\/\/ospoljcane.si\/nova\/izobrazevalno-informativne-table\/#primaryimage","url":"https:\/\/ospoljcane.si\/nova\/wp-content\/uploads\/2023\/04\/table.jpg","contentUrl":"https:\/\/ospoljcane.si\/nova\/wp-content\/uploads\/2023\/04\/table.jpg","width":1360,"height":612},{"@type":"BreadcrumbList","@id":"https:\/\/ospoljcane.si\/nova\/izobrazevalno-informativne-table\/#breadcrumb","itemListElement":[{"@type":"ListItem","position":1,"name":"Domov","item":"https:\/\/ospoljcane.si\/nova\/"},{"@type":"ListItem","position":2,"name":"Izobra\u017eevalno &#8211; informativne table"}]},{"@type":"WebSite","@id":"https:\/\/ospoljcane.si\/nova\/#website","url":"https:\/\/ospoljcane.si\/nova\/","name":"Osnovna \u0161ola Kajetana Kovi\u010da Polj\u010dane","description":"","publisher":{"@id":"https:\/\/ospoljcane.si\/nova\/#organization"},"potentialAction":[{"@type":"SearchAction","target":{"@type":"EntryPoint","urlTemplate":"https:\/\/ospoljcane.si\/nova\/?s={search_term_string}"},"query-input":{"@type":"PropertyValueSpecification","valueRequired":true,"valueName":"search_term_string"}}],"inLanguage":"sl-SI"},{"@type":"Organization","@id":"https:\/\/ospoljcane.si\/nova\/#organization","name":"Osnovna \u0161ola Kajetana Kovi\u010da Polj\u010dane","url":"https:\/\/ospoljcane.si\/nova\/","logo":{"@type":"ImageObject","inLanguage":"sl-SI","@id":"https:\/\/ospoljcane.si\/nova\/#\/schema\/logo\/image\/","url":"https:\/\/ospoljcane.si\/nova\/wp-content\/uploads\/2020\/12\/cropped-cropped-Logotip-sole-2016_3G-1-1.png","contentUrl":"https:\/\/ospoljcane.si\/nova\/wp-content\/uploads\/2020\/12\/cropped-cropped-Logotip-sole-2016_3G-1-1.png","width":512,"height":512,"caption":"Osnovna \u0161ola Kajetana Kovi\u010da Polj\u010dane"},"image":{"@id":"https:\/\/ospoljcane.si\/nova\/#\/schema\/logo\/image\/"}}]}},"_links":{"self":[{"href":"https:\/\/ospoljcane.si\/nova\/wp-json\/wp\/v2\/pages\/14355","targetHints":{"allow":["GET"]}}],"collection":[{"href":"https:\/\/ospoljcane.si\/nova\/wp-json\/wp\/v2\/pages"}],"about":[{"href":"https:\/\/ospoljcane.si\/nova\/wp-json\/wp\/v2\/types\/page"}],"author":[{"embeddable":true,"href":"https:\/\/ospoljcane.si\/nova\/wp-json\/wp\/v2\/users\/6"}],"replies":[{"embeddable":true,"href":"https:\/\/ospoljcane.si\/nova\/wp-json\/wp\/v2\/comments?post=14355"}],"version-history":[{"count":3,"href":"https:\/\/ospoljcane.si\/nova\/wp-json\/wp\/v2\/pages\/14355\/revisions"}],"predecessor-version":[{"id":14358,"href":"https:\/\/ospoljcane.si\/nova\/wp-json\/wp\/v2\/pages\/14355\/revisions\/14358"}],"wp:attachment":[{"href":"https:\/\/ospoljcane.si\/nova\/wp-json\/wp\/v2\/media?parent=14355"}],"curies":[{"name":"wp","href":"https:\/\/api.w.org\/{rel}","templated":true}]}}