{"id":1432,"date":"2020-12-30T09:18:50","date_gmt":"2020-12-30T08:18:50","guid":{"rendered":"http:\/\/ospoljcane.si\/nova\/?page_id=1432"},"modified":"2021-02-24T23:21:51","modified_gmt":"2021-02-24T22:21:51","slug":"planinska-skupna-osnovne-sole-kajetana-kovica-poljcane","status":"publish","type":"page","link":"https:\/\/ospoljcane.si\/nova\/planinska-skupna-osnovne-sole-kajetana-kovica-poljcane\/","title":{"rendered":"Planinska skupina Osnovne \u0161ole Kajetana Kovi\u010da Polj\u010dane"},"content":{"rendered":"<div class=\"ospoljcane-post-inner ospoljcane-article\">\n<div class=\"ospoljcane-postcontent\">\n<div class=\"ospoljcane-article\">\n<div align=\"justify\">Marca leta <strong>1962<\/strong> smo predstavniki PD Polj\u010dane ravnatelju Osnovne \u0161ole Polj\u010dane <strong>Andreju Mesari\u010du<\/strong> predstavili idejo, da bi na \u0161oli ustanovili <strong>planinsko skupino<\/strong>. Bil je navdu\u0161en in za\u010deli smo.<\/div>\n<div align=\"justify\"><\/div>\n<div align=\"justify\">Najprej smo izbirali <strong>bli\u017enje cilje<\/strong> v Zasavju in na Pohorju. Namesto nahrbtnikov smo vzeli s seboj vre\u010dke, namesto planinskih \u010devljev smo obuli vsakodnevna obuvala, namesto vetrovk pa navadne suknji\u010de in jopice. \u0160e isto leto smo za\u010deli z <strong>orientacijskimi treningi<\/strong> in z udele\u017ebo na tekmovanjih. V zimskem \u010dasu smo imeli <strong>planinske urice<\/strong>, kjer smo obujali spomine na izlete, si ogledovali redke \u010drno-bele fotografije, obenem pa se u\u010dili o vsem, s \u010demer bi se v planinah lahko sre\u010dali.<\/div>\n<div align=\"justify\"><\/div>\n<div align=\"justify\">Tako smo rasli, se \u0161irili, razvijali in se utrjevali. Bli\u017enje cilje so zamenjale <strong>Alpe<\/strong>, vre\u010dke, navadne \u010devlje in suknji\u010de pa nahrbtniki, planinski \u010devlji in vetrovke. Tudi na\u0161e <strong>prijateljstvo<\/strong> je raslo in se krepilo. Prihajali so novi u\u010denci, <strong>novi planinci<\/strong>, prihajali so novi ravnatelji in novi <strong>planinski sodelavci<\/strong>. Vsi pa so tedaj podpirali delo planincev in ga \u0161e sedaj.<\/div>\n<div align=\"justify\"><\/div>\n<div align=\"justify\">V dru\u0161tvu resni\u010dno <strong>ni medalj,<\/strong> razen tistih skromnih <strong>zna\u010dk<\/strong> za opravljene izlete in pohode v akcijah <strong>Ciciban planinec<\/strong> in <strong>Mladi planinec<\/strong>, za opravljeno planinsko \u0161olo, za opravljene vezne poti. Tu so \u0161e <strong>to\u010dke<\/strong> za pridobitev \u0161portne zna\u010dke in naziva \u0161portnika. Sicer pa ostanejo le <strong>\u017eigi in spominski zapisi<\/strong> v knji\u017eicah. Najpomembneje pa je, da ostanejo <strong>lepi spomini<\/strong> na dru\u017eenje, na vrhove, ki smo jih morali osvojiti v potu svojega obraza, ko smo si kdaj po tihem rekli: \u201cLe kaj je meni tega treba?\u201d Ko pa smo pri\u0161li na vrh ali v ko\u010do, je bil ves napor pozabljen. Poleg vrhov smo videli \u0161tevilne pokrajine, mesta, muzeje, jame &#8230; Tako \u017ee <strong>veliko let<\/strong> brez prekinitve hodimo na planinske izlete in po\u010dnemo vse, kar k temu spada. Smo med najstarej\u0161imi skupinami v Sloveniji.<\/div>\n<div align=\"justify\"><\/div>\n<div align=\"justify\"><img fetchpriority=\"high\" decoding=\"async\" class=\"alignright\" src=\"https:\/\/osgorica-velenje.splet.arnes.si\/wp-content\/blogs.dir\/6455\/files\/planinski-izlet-na-boc\/planinski-izlet-boc-3.jpg\" alt=\"Planinski kro\u017eek na pohodu na Bo\u010d | Osnovna \u0161ola Gorica Velenje\" width=\"367\" height=\"490\" \/><\/div>\n<div align=\"justify\"><\/div>\n<div align=\"justify\">Prispevek bodo najbr\u017e prebrali \u0161tevilni mladi planinci, pa tudi njihovi <strong>star\u0161i in prijatelji<\/strong>. Morda so bili tudi oni kdaj tisti zagnani mladi, morda bodo ponosni, da so to ostali ali pa vsaj zaupajo planinskemu delu in svoje otroke vklju\u010dujejo v planinske vrste, vedo\u010d, da je hoja in premagovanje te\u017eav dobra <strong>\u0161ola za \u017eivljenje<\/strong>.<\/div>\n<div align=\"justify\"><\/div>\n<div align=\"justify\">Naj se ob koncu <strong>zahvalim<\/strong> \u0161tevilnim nekdanjim in sedanjim mentorjem, vodnikom in drugim planinskim sodelavcem, ki so pripomogli k planinski vzgoji mladega rodu, vsem vodstvenim delavcem in prijateljem, ki na\u0161e delo razumejo in ga podpirajo, pa tudi vsem star\u0161em, ki nam zaupajo. Za male in velike, mlaj\u0161e in starej\u0161e pa velja vabilo: pridru\u017eite se nam, <strong>saj je planinstvo \u0161port za vse \u010dase<\/strong> \u2013 od rojstva do pozne starosti. Vedno lahko namre\u010d izpolnimo toliko, kot tisti trenutek zmoremo.<\/div>\n<div align=\"justify\"><\/div>\n<div align=\"justify\">Smo tudi del \u0160\u0160D Bogdana Krajnca Osnovne \u0161ole Kajetana Kovi\u010da Polj\u010dane, na kar smo<strong> planinci<\/strong> zelo ponosni. <strong>Hvala<\/strong> za razumevanje vsem, ki so v dolgih letih skrbeli in skrbijo za razvoj \u0161porta med mladimi na na polj\u010danski osnovni \u0161oli z \u017eeljo, da jim nikoli ne bi zmanjkalo mo\u010di in volje za nadaljevanje tega te\u017ekega, odgovornega, a lepega dela.<\/div>\n<div align=\"right\">Dragica Oni\u010d<\/div>\n<\/div>\n<\/div>\n<div class=\"cleared\"><\/div>\n<\/div>\n<div class=\"cleared\"><\/div>\n","protected":false},"excerpt":{"rendered":"<p>Marca leta 1962 smo predstavniki PD Polj\u010dane ravnatelju Osnovne \u0161ole Polj\u010dane Andreju Mesari\u010du predstavili idejo, da bi na \u0161oli ustanovili planinsko skupino. Bil je navdu\u0161en &hellip; <\/p>\n","protected":false},"author":1,"featured_media":0,"parent":0,"menu_order":0,"comment_status":"closed","ping_status":"closed","template":"","meta":{"footnotes":""},"class_list":["post-1432","page","type-page","status-publish","hentry","image-hover-transition-effect","latest_post"],"yoast_head":"<!-- This site is optimized with the Yoast SEO plugin v27.4 - https:\/\/yoast.com\/product\/yoast-seo-wordpress\/ -->\n<title>Planinska skupina Osnovne \u0161ole Kajetana Kovi\u010da Polj\u010dane - Osnovna \u0161ola Kajetana Kovi\u010da Polj\u010dane<\/title>\n<meta name=\"robots\" content=\"index, follow, max-snippet:-1, max-image-preview:large, max-video-preview:-1\" \/>\n<link rel=\"canonical\" href=\"https:\/\/ospoljcane.si\/nova\/planinska-skupna-osnovne-sole-kajetana-kovica-poljcane\/\" \/>\n<meta property=\"og:locale\" content=\"sl_SI\" \/>\n<meta property=\"og:type\" content=\"article\" \/>\n<meta property=\"og:title\" content=\"Planinska skupina Osnovne \u0161ole Kajetana Kovi\u010da Polj\u010dane - Osnovna \u0161ola Kajetana Kovi\u010da Polj\u010dane\" \/>\n<meta property=\"og:description\" content=\"Marca leta 1962 smo predstavniki PD Polj\u010dane ravnatelju Osnovne \u0161ole Polj\u010dane Andreju Mesari\u010du predstavili idejo, da bi na \u0161oli ustanovili planinsko skupino. Bil je navdu\u0161en &hellip;\" \/>\n<meta property=\"og:url\" content=\"https:\/\/ospoljcane.si\/nova\/planinska-skupna-osnovne-sole-kajetana-kovica-poljcane\/\" \/>\n<meta property=\"og:site_name\" content=\"Osnovna \u0161ola Kajetana Kovi\u010da Polj\u010dane\" \/>\n<meta property=\"article:modified_time\" content=\"2021-02-24T22:21:51+00:00\" \/>\n<meta property=\"og:image\" content=\"https:\/\/osgorica-velenje.splet.arnes.si\/wp-content\/blogs.dir\/6455\/files\/planinski-izlet-na-boc\/planinski-izlet-boc-3.jpg\" \/>\n<meta name=\"twitter:card\" content=\"summary_large_image\" \/>\n<meta name=\"twitter:label1\" content=\"Est. reading time\" \/>\n\t<meta name=\"twitter:data1\" content=\"3 minute\" \/>\n<script type=\"application\/ld+json\" class=\"yoast-schema-graph\">{\"@context\":\"https:\\\/\\\/schema.org\",\"@graph\":[{\"@type\":\"WebPage\",\"@id\":\"https:\\\/\\\/ospoljcane.si\\\/nova\\\/planinska-skupna-osnovne-sole-kajetana-kovica-poljcane\\\/\",\"url\":\"https:\\\/\\\/ospoljcane.si\\\/nova\\\/planinska-skupna-osnovne-sole-kajetana-kovica-poljcane\\\/\",\"name\":\"Planinska skupina Osnovne \u0161ole Kajetana Kovi\u010da Polj\u010dane - Osnovna \u0161ola Kajetana Kovi\u010da Polj\u010dane\",\"isPartOf\":{\"@id\":\"https:\\\/\\\/ospoljcane.si\\\/nova\\\/#website\"},\"primaryImageOfPage\":{\"@id\":\"https:\\\/\\\/ospoljcane.si\\\/nova\\\/planinska-skupna-osnovne-sole-kajetana-kovica-poljcane\\\/#primaryimage\"},\"image\":{\"@id\":\"https:\\\/\\\/ospoljcane.si\\\/nova\\\/planinska-skupna-osnovne-sole-kajetana-kovica-poljcane\\\/#primaryimage\"},\"thumbnailUrl\":\"https:\\\/\\\/osgorica-velenje.splet.arnes.si\\\/wp-content\\\/blogs.dir\\\/6455\\\/files\\\/planinski-izlet-na-boc\\\/planinski-izlet-boc-3.jpg\",\"datePublished\":\"2020-12-30T08:18:50+00:00\",\"dateModified\":\"2021-02-24T22:21:51+00:00\",\"breadcrumb\":{\"@id\":\"https:\\\/\\\/ospoljcane.si\\\/nova\\\/planinska-skupna-osnovne-sole-kajetana-kovica-poljcane\\\/#breadcrumb\"},\"inLanguage\":\"sl-SI\",\"potentialAction\":[{\"@type\":\"ReadAction\",\"target\":[\"https:\\\/\\\/ospoljcane.si\\\/nova\\\/planinska-skupna-osnovne-sole-kajetana-kovica-poljcane\\\/\"]}]},{\"@type\":\"ImageObject\",\"inLanguage\":\"sl-SI\",\"@id\":\"https:\\\/\\\/ospoljcane.si\\\/nova\\\/planinska-skupna-osnovne-sole-kajetana-kovica-poljcane\\\/#primaryimage\",\"url\":\"https:\\\/\\\/osgorica-velenje.splet.arnes.si\\\/wp-content\\\/blogs.dir\\\/6455\\\/files\\\/planinski-izlet-na-boc\\\/planinski-izlet-boc-3.jpg\",\"contentUrl\":\"https:\\\/\\\/osgorica-velenje.splet.arnes.si\\\/wp-content\\\/blogs.dir\\\/6455\\\/files\\\/planinski-izlet-na-boc\\\/planinski-izlet-boc-3.jpg\"},{\"@type\":\"BreadcrumbList\",\"@id\":\"https:\\\/\\\/ospoljcane.si\\\/nova\\\/planinska-skupna-osnovne-sole-kajetana-kovica-poljcane\\\/#breadcrumb\",\"itemListElement\":[{\"@type\":\"ListItem\",\"position\":1,\"name\":\"Domov\",\"item\":\"https:\\\/\\\/ospoljcane.si\\\/nova\\\/\"},{\"@type\":\"ListItem\",\"position\":2,\"name\":\"Planinska skupina Osnovne \u0161ole Kajetana Kovi\u010da Polj\u010dane\"}]},{\"@type\":\"WebSite\",\"@id\":\"https:\\\/\\\/ospoljcane.si\\\/nova\\\/#website\",\"url\":\"https:\\\/\\\/ospoljcane.si\\\/nova\\\/\",\"name\":\"Osnovna \u0161ola Kajetana Kovi\u010da Polj\u010dane\",\"description\":\"\",\"publisher\":{\"@id\":\"https:\\\/\\\/ospoljcane.si\\\/nova\\\/#organization\"},\"potentialAction\":[{\"@type\":\"SearchAction\",\"target\":{\"@type\":\"EntryPoint\",\"urlTemplate\":\"https:\\\/\\\/ospoljcane.si\\\/nova\\\/?s={search_term_string}\"},\"query-input\":{\"@type\":\"PropertyValueSpecification\",\"valueRequired\":true,\"valueName\":\"search_term_string\"}}],\"inLanguage\":\"sl-SI\"},{\"@type\":\"Organization\",\"@id\":\"https:\\\/\\\/ospoljcane.si\\\/nova\\\/#organization\",\"name\":\"Osnovna \u0161ola Kajetana Kovi\u010da Polj\u010dane\",\"url\":\"https:\\\/\\\/ospoljcane.si\\\/nova\\\/\",\"logo\":{\"@type\":\"ImageObject\",\"inLanguage\":\"sl-SI\",\"@id\":\"https:\\\/\\\/ospoljcane.si\\\/nova\\\/#\\\/schema\\\/logo\\\/image\\\/\",\"url\":\"https:\\\/\\\/ospoljcane.si\\\/nova\\\/wp-content\\\/uploads\\\/2020\\\/12\\\/cropped-cropped-Logotip-sole-2016_3G-1-1.png\",\"contentUrl\":\"https:\\\/\\\/ospoljcane.si\\\/nova\\\/wp-content\\\/uploads\\\/2020\\\/12\\\/cropped-cropped-Logotip-sole-2016_3G-1-1.png\",\"width\":512,\"height\":512,\"caption\":\"Osnovna \u0161ola Kajetana Kovi\u010da Polj\u010dane\"},\"image\":{\"@id\":\"https:\\\/\\\/ospoljcane.si\\\/nova\\\/#\\\/schema\\\/logo\\\/image\\\/\"}}]}<\/script>\n<!-- \/ Yoast SEO plugin. -->","yoast_head_json":{"title":"Planinska skupina Osnovne \u0161ole Kajetana Kovi\u010da Polj\u010dane - Osnovna \u0161ola Kajetana Kovi\u010da Polj\u010dane","robots":{"index":"index","follow":"follow","max-snippet":"max-snippet:-1","max-image-preview":"max-image-preview:large","max-video-preview":"max-video-preview:-1"},"canonical":"https:\/\/ospoljcane.si\/nova\/planinska-skupna-osnovne-sole-kajetana-kovica-poljcane\/","og_locale":"sl_SI","og_type":"article","og_title":"Planinska skupina Osnovne \u0161ole Kajetana Kovi\u010da Polj\u010dane - Osnovna \u0161ola Kajetana Kovi\u010da Polj\u010dane","og_description":"Marca leta 1962 smo predstavniki PD Polj\u010dane ravnatelju Osnovne \u0161ole Polj\u010dane Andreju Mesari\u010du predstavili idejo, da bi na \u0161oli ustanovili planinsko skupino. Bil je navdu\u0161en &hellip;","og_url":"https:\/\/ospoljcane.si\/nova\/planinska-skupna-osnovne-sole-kajetana-kovica-poljcane\/","og_site_name":"Osnovna \u0161ola Kajetana Kovi\u010da Polj\u010dane","article_modified_time":"2021-02-24T22:21:51+00:00","og_image":[{"url":"https:\/\/osgorica-velenje.splet.arnes.si\/wp-content\/blogs.dir\/6455\/files\/planinski-izlet-na-boc\/planinski-izlet-boc-3.jpg","type":"","width":"","height":""}],"twitter_card":"summary_large_image","twitter_misc":{"Est. reading time":"3 minute"},"schema":{"@context":"https:\/\/schema.org","@graph":[{"@type":"WebPage","@id":"https:\/\/ospoljcane.si\/nova\/planinska-skupna-osnovne-sole-kajetana-kovica-poljcane\/","url":"https:\/\/ospoljcane.si\/nova\/planinska-skupna-osnovne-sole-kajetana-kovica-poljcane\/","name":"Planinska skupina Osnovne \u0161ole Kajetana Kovi\u010da Polj\u010dane - Osnovna \u0161ola Kajetana Kovi\u010da Polj\u010dane","isPartOf":{"@id":"https:\/\/ospoljcane.si\/nova\/#website"},"primaryImageOfPage":{"@id":"https:\/\/ospoljcane.si\/nova\/planinska-skupna-osnovne-sole-kajetana-kovica-poljcane\/#primaryimage"},"image":{"@id":"https:\/\/ospoljcane.si\/nova\/planinska-skupna-osnovne-sole-kajetana-kovica-poljcane\/#primaryimage"},"thumbnailUrl":"https:\/\/osgorica-velenje.splet.arnes.si\/wp-content\/blogs.dir\/6455\/files\/planinski-izlet-na-boc\/planinski-izlet-boc-3.jpg","datePublished":"2020-12-30T08:18:50+00:00","dateModified":"2021-02-24T22:21:51+00:00","breadcrumb":{"@id":"https:\/\/ospoljcane.si\/nova\/planinska-skupna-osnovne-sole-kajetana-kovica-poljcane\/#breadcrumb"},"inLanguage":"sl-SI","potentialAction":[{"@type":"ReadAction","target":["https:\/\/ospoljcane.si\/nova\/planinska-skupna-osnovne-sole-kajetana-kovica-poljcane\/"]}]},{"@type":"ImageObject","inLanguage":"sl-SI","@id":"https:\/\/ospoljcane.si\/nova\/planinska-skupna-osnovne-sole-kajetana-kovica-poljcane\/#primaryimage","url":"https:\/\/osgorica-velenje.splet.arnes.si\/wp-content\/blogs.dir\/6455\/files\/planinski-izlet-na-boc\/planinski-izlet-boc-3.jpg","contentUrl":"https:\/\/osgorica-velenje.splet.arnes.si\/wp-content\/blogs.dir\/6455\/files\/planinski-izlet-na-boc\/planinski-izlet-boc-3.jpg"},{"@type":"BreadcrumbList","@id":"https:\/\/ospoljcane.si\/nova\/planinska-skupna-osnovne-sole-kajetana-kovica-poljcane\/#breadcrumb","itemListElement":[{"@type":"ListItem","position":1,"name":"Domov","item":"https:\/\/ospoljcane.si\/nova\/"},{"@type":"ListItem","position":2,"name":"Planinska skupina Osnovne \u0161ole Kajetana Kovi\u010da Polj\u010dane"}]},{"@type":"WebSite","@id":"https:\/\/ospoljcane.si\/nova\/#website","url":"https:\/\/ospoljcane.si\/nova\/","name":"Osnovna \u0161ola Kajetana Kovi\u010da Polj\u010dane","description":"","publisher":{"@id":"https:\/\/ospoljcane.si\/nova\/#organization"},"potentialAction":[{"@type":"SearchAction","target":{"@type":"EntryPoint","urlTemplate":"https:\/\/ospoljcane.si\/nova\/?s={search_term_string}"},"query-input":{"@type":"PropertyValueSpecification","valueRequired":true,"valueName":"search_term_string"}}],"inLanguage":"sl-SI"},{"@type":"Organization","@id":"https:\/\/ospoljcane.si\/nova\/#organization","name":"Osnovna \u0161ola Kajetana Kovi\u010da Polj\u010dane","url":"https:\/\/ospoljcane.si\/nova\/","logo":{"@type":"ImageObject","inLanguage":"sl-SI","@id":"https:\/\/ospoljcane.si\/nova\/#\/schema\/logo\/image\/","url":"https:\/\/ospoljcane.si\/nova\/wp-content\/uploads\/2020\/12\/cropped-cropped-Logotip-sole-2016_3G-1-1.png","contentUrl":"https:\/\/ospoljcane.si\/nova\/wp-content\/uploads\/2020\/12\/cropped-cropped-Logotip-sole-2016_3G-1-1.png","width":512,"height":512,"caption":"Osnovna \u0161ola Kajetana Kovi\u010da Polj\u010dane"},"image":{"@id":"https:\/\/ospoljcane.si\/nova\/#\/schema\/logo\/image\/"}}]}},"_links":{"self":[{"href":"https:\/\/ospoljcane.si\/nova\/wp-json\/wp\/v2\/pages\/1432","targetHints":{"allow":["GET"]}}],"collection":[{"href":"https:\/\/ospoljcane.si\/nova\/wp-json\/wp\/v2\/pages"}],"about":[{"href":"https:\/\/ospoljcane.si\/nova\/wp-json\/wp\/v2\/types\/page"}],"author":[{"embeddable":true,"href":"https:\/\/ospoljcane.si\/nova\/wp-json\/wp\/v2\/users\/1"}],"replies":[{"embeddable":true,"href":"https:\/\/ospoljcane.si\/nova\/wp-json\/wp\/v2\/comments?post=1432"}],"version-history":[{"count":6,"href":"https:\/\/ospoljcane.si\/nova\/wp-json\/wp\/v2\/pages\/1432\/revisions"}],"predecessor-version":[{"id":4287,"href":"https:\/\/ospoljcane.si\/nova\/wp-json\/wp\/v2\/pages\/1432\/revisions\/4287"}],"wp:attachment":[{"href":"https:\/\/ospoljcane.si\/nova\/wp-json\/wp\/v2\/media?parent=1432"}],"curies":[{"name":"wp","href":"https:\/\/api.w.org\/{rel}","templated":true}]}}